{"id":2876,"date":"2024-05-21T11:13:25","date_gmt":"2024-05-21T09:13:25","guid":{"rendered":"https:\/\/leaderschool.pl\/wroclaw\/?page_id=2876"},"modified":"2024-06-03T15:08:18","modified_gmt":"2024-06-03T13:08:18","slug":"tlumaczenia","status":"publish","type":"page","link":"https:\/\/leaderschool.pl\/wroclaw\/tlumaczenia\/","title":{"rendered":"T\u0142umaczenia"},"content":{"rendered":"\n<p>Szukasz profesjonalnego biura t\u0142umacze\u0144?<\/p>\n\n\n\n<p>Wchodzisz na rynek zagraniczny i mierzysz si\u0119 z du\u017ca ilo\u015bci\u0105 dokument\u00f3w, kt\u00f3re musisz przet\u0142umaczy\u0107?<\/p>\n\n\n\n<p>A mo\u017ce potrzebujesz przet\u0142umaczy\u0107 dokumenty niezb\u0119dne dla Ciebie?<\/p>\n\n\n\n<p>Jeste\u015bmy w\u0142a\u015bnie po to, aby Ci pom\u00f3c.<\/p>\n\n\n\n<p><\/p>\n\n\n\n<p>Przet\u0142umaczymy dla ciebie:<\/p>\n\n\n\n<ul><li>dokumentacj\u0119 firmow\u0105 \u2013 w\u00a0tym umowy oraz\u00a0korespondencj\u0119 z\u00a0partnerami biznesowymi<\/li><li>strony internetowe, materia\u0142y promocyjne, ulotki itp.<\/li><li>dokumentacj\u0119 medyczn\u0105<\/li><li>dowolny tekst o\u00a0r\u00f3\u017cnej tematyce zgodnie z\u00a0Twoimi potrzebami<\/li><\/ul>\n\n\n\n<figure class=\"wp-block-image size-large\"><img loading=\"lazy\" width=\"1024\" height=\"614\" src=\"data:image\/gif;base64,R0lGODlhAQABAAAAACH5BAEKAAEALAAAAAABAAEAAAICTAEAOw==\" alt=\"\" class=\"wp-image-2887 lazyload\" sizes=\"(max-width: 1024px) 100vw, 1024px\" data-src=\"https:\/\/leaderschool.pl\/wroclaw\/wp-content\/uploads\/sites\/57\/2024\/06\/translate-1-1024x614.jpg\" data-srcset=\"https:\/\/leaderschool.pl\/wroclaw\/wp-content\/uploads\/sites\/57\/2024\/06\/translate-1-1024x614.jpg 1024w, https:\/\/leaderschool.pl\/wroclaw\/wp-content\/uploads\/sites\/57\/2024\/06\/translate-1-300x180.jpg 300w, https:\/\/leaderschool.pl\/wroclaw\/wp-content\/uploads\/sites\/57\/2024\/06\/translate-1-768x461.jpg 768w, https:\/\/leaderschool.pl\/wroclaw\/wp-content\/uploads\/sites\/57\/2024\/06\/translate-1.jpg 1200w\"><\/figure>\n\n\n\n<p>Niezale\u017cnie od&nbsp;tego, jak\u0105 form\u0119 t\u0142umacze\u0144 wybierzesz \u2013 ustn\u0105 czy&nbsp;pisemn\u0105 \u2013 nasze&nbsp;biuro t\u0142umacze\u0144zapewni kompleksow\u0105 obs\u0142ug\u0119 i&nbsp;wierno\u015b\u0107 przek\u0142adu. Do&nbsp;ka\u017cdego zlecenia podchodzimy indywidualnie, stawiamy na&nbsp;profesjonalizm oraz&nbsp;dostosowanie j\u0119zyka do&nbsp;konkretnych wymaga\u0144.<\/p>\n\n\n\n<p>Ka\u017cda us\u0142uga, kt\u00f3rej&nbsp;si\u0119 podejmujemy, zostaje poddana indywidualnej wycenie \u2013 ostateczny koszt jest uzale\u017cniony od&nbsp;kilku sk\u0142adowych:<\/p>\n\n\n\n<ul><li>obj\u0119to\u015bci t\u0142umaczonych tre\u015bci w&nbsp;przypadku przek\u0142ad\u00f3w pisemnych,<\/li><li>j\u0119zyka, w&nbsp;jakim ma&nbsp;si\u0119 odbywa\u0107&nbsp;t\u0142umaczenie \u2013specjalizujemy si\u0119&nbsp; w&nbsp;wielu j\u0119zykach, dlatego z&nbsp;pewno\u015bci\u0105 znajdziesz u&nbsp;nas odpowied\u017a na&nbsp;swoje potrzeby,<\/li><li>zaawansowania s\u0142ownictwa \u2013 koszty us\u0142ugi wzrastaj\u0105 wraz ze stopniem skomplikowania tekstu i s\u0142ownictwa bran\u017cowego.<\/li><\/ul>\n\n\n\n<p>Wycena t\u0142umaczenia jest bezp\u0142atna, zlecaj\u0105c j\u0105 nam nic nie ryzykujesz!<\/p>\n\n\n\n<p>Chcesz dowiedzie\u0107 si\u0119 wi\u0119cej? Zapraszamy do&nbsp;kontaktu!<\/p>\n","protected":false},"excerpt":{"rendered":"<p>Szukasz profesjonalnego biura t\u0142umacze\u0144? Wchodzisz na rynek zagraniczny i mierzysz si\u0119 z du\u017ca ilo\u015bci\u0105 dokument\u00f3w, kt\u00f3re musisz przet\u0142umaczy\u0107? A mo\u017ce potrzebujesz przet\u0142umaczy\u0107 dokumenty niezb\u0119dne dla Ciebie? Jeste\u015bmy w\u0142a\u015bnie po to, aby Ci pom\u00f3c. Przet\u0142umaczymy dla ciebie: dokumentacj\u0119 firmow\u0105 \u2013 w\u00a0tym umowy oraz\u00a0korespondencj\u0119 z\u00a0partnerami biznesowymi strony internetowe, materia\u0142y promocyjne, ulotki itp. dokumentacj\u0119 medyczn\u0105 dowolny tekst o\u00a0r\u00f3\u017cnej [&hellip;]<\/p>\n","protected":false},"author":24,"featured_media":0,"parent":0,"menu_order":0,"comment_status":"closed","ping_status":"closed","template":"","meta":{"ngg_post_thumbnail":0},"acf":[],"yoast_head":"<!-- This site is optimized with the Yoast SEO plugin v18.9 - https:\/\/yoast.com\/wordpress\/plugins\/seo\/ -->\n<title>T\u0142umaczenia we Wroc\u0142awiu - Leader School<\/title>\n<meta name=\"robots\" content=\"index, follow, max-snippet:-1, max-image-preview:large, max-video-preview:-1\" \/>\n<link rel=\"canonical\" href=\"https:\/\/leaderschool.pl\/wroclaw\/tlumaczenia\/\" \/>\n<meta property=\"og:locale\" content=\"pl_PL\" \/>\n<meta property=\"og:type\" content=\"article\" \/>\n<meta property=\"og:title\" content=\"T\u0142umaczenia we Wroc\u0142awiu - Leader School\" \/>\n<meta property=\"og:description\" content=\"Szukasz profesjonalnego biura t\u0142umacze\u0144? Wchodzisz na rynek zagraniczny i mierzysz si\u0119 z du\u017ca ilo\u015bci\u0105 dokument\u00f3w, kt\u00f3re musisz przet\u0142umaczy\u0107? A mo\u017ce potrzebujesz przet\u0142umaczy\u0107 dokumenty niezb\u0119dne dla Ciebie? Jeste\u015bmy w\u0142a\u015bnie po to, aby Ci pom\u00f3c. Przet\u0142umaczymy dla ciebie: dokumentacj\u0119 firmow\u0105 \u2013 w\u00a0tym umowy oraz\u00a0korespondencj\u0119 z\u00a0partnerami biznesowymi strony internetowe, materia\u0142y promocyjne, ulotki itp. dokumentacj\u0119 medyczn\u0105 dowolny tekst o\u00a0r\u00f3\u017cnej [&hellip;]\" \/>\n<meta property=\"og:url\" content=\"https:\/\/leaderschool.pl\/wroclaw\/tlumaczenia\/\" \/>\n<meta property=\"og:site_name\" content=\"we Wroc\u0142awiu - Leader School\" \/>\n<meta property=\"article:publisher\" content=\"https:\/\/www.facebook.com\/LeaderSchoolWroclaw\" \/>\n<meta property=\"article:modified_time\" content=\"2024-06-03T13:08:18+00:00\" \/>\n<meta property=\"og:image\" content=\"https:\/\/leaderschool.pl\/wroclaw\/wp-content\/uploads\/sites\/57\/2024\/06\/translate-1-1024x614.jpg\" \/>\n<meta name=\"twitter:card\" content=\"summary_large_image\" \/>\n<meta name=\"twitter:label1\" content=\"Szacowany czas czytania\" \/>\n\t<meta name=\"twitter:data1\" content=\"2 minuty\" \/>\n<script type=\"application\/ld+json\" class=\"yoast-schema-graph\">{\"@context\":\"https:\/\/schema.org\",\"@graph\":[{\"@type\":\"WebSite\",\"@id\":\"https:\/\/leaderschool.pl\/wroclaw\/#website\",\"url\":\"https:\/\/leaderschool.pl\/wroclaw\/\",\"name\":\"we Wroc\u0142awiu - Leader School\",\"description\":\"\",\"potentialAction\":[{\"@type\":\"SearchAction\",\"target\":{\"@type\":\"EntryPoint\",\"urlTemplate\":\"https:\/\/leaderschool.pl\/wroclaw\/?s={search_term_string}\"},\"query-input\":\"required name=search_term_string\"}],\"inLanguage\":\"pl-PL\"},{\"@type\":\"ImageObject\",\"inLanguage\":\"pl-PL\",\"@id\":\"https:\/\/leaderschool.pl\/wroclaw\/tlumaczenia\/#primaryimage\",\"url\":\"https:\/\/leaderschool.pl\/wroclaw\/wp-content\/uploads\/sites\/57\/2024\/06\/translate-1.jpg\",\"contentUrl\":\"https:\/\/leaderschool.pl\/wroclaw\/wp-content\/uploads\/sites\/57\/2024\/06\/translate-1.jpg\",\"width\":1200,\"height\":720},{\"@type\":\"WebPage\",\"@id\":\"https:\/\/leaderschool.pl\/wroclaw\/tlumaczenia\/#webpage\",\"url\":\"https:\/\/leaderschool.pl\/wroclaw\/tlumaczenia\/\",\"name\":\"T\u0142umaczenia we Wroc\u0142awiu - Leader School\",\"isPartOf\":{\"@id\":\"https:\/\/leaderschool.pl\/wroclaw\/#website\"},\"primaryImageOfPage\":{\"@id\":\"https:\/\/leaderschool.pl\/wroclaw\/tlumaczenia\/#primaryimage\"},\"datePublished\":\"2024-05-21T09:13:25+00:00\",\"dateModified\":\"2024-06-03T13:08:18+00:00\",\"breadcrumb\":{\"@id\":\"https:\/\/leaderschool.pl\/wroclaw\/tlumaczenia\/#breadcrumb\"},\"inLanguage\":\"pl-PL\",\"potentialAction\":[{\"@type\":\"ReadAction\",\"target\":[\"https:\/\/leaderschool.pl\/wroclaw\/tlumaczenia\/\"]}]},{\"@type\":\"BreadcrumbList\",\"@id\":\"https:\/\/leaderschool.pl\/wroclaw\/tlumaczenia\/#breadcrumb\",\"itemListElement\":[{\"@type\":\"ListItem\",\"position\":1,\"name\":\"Home\",\"item\":\"https:\/\/leaderschool.pl\/wroclaw\/\"},{\"@type\":\"ListItem\",\"position\":2,\"name\":\"T\u0142umaczenia\"}]}]}<\/script>\n<!-- \/ Yoast SEO plugin. -->","yoast_head_json":{"title":"T\u0142umaczenia we Wroc\u0142awiu - Leader School","robots":{"index":"index","follow":"follow","max-snippet":"max-snippet:-1","max-image-preview":"max-image-preview:large","max-video-preview":"max-video-preview:-1"},"canonical":"https:\/\/leaderschool.pl\/wroclaw\/tlumaczenia\/","og_locale":"pl_PL","og_type":"article","og_title":"T\u0142umaczenia we Wroc\u0142awiu - Leader School","og_description":"Szukasz profesjonalnego biura t\u0142umacze\u0144? Wchodzisz na rynek zagraniczny i mierzysz si\u0119 z du\u017ca ilo\u015bci\u0105 dokument\u00f3w, kt\u00f3re musisz przet\u0142umaczy\u0107? A mo\u017ce potrzebujesz przet\u0142umaczy\u0107 dokumenty niezb\u0119dne dla Ciebie? Jeste\u015bmy w\u0142a\u015bnie po to, aby Ci pom\u00f3c. Przet\u0142umaczymy dla ciebie: dokumentacj\u0119 firmow\u0105 \u2013 w\u00a0tym umowy oraz\u00a0korespondencj\u0119 z\u00a0partnerami biznesowymi strony internetowe, materia\u0142y promocyjne, ulotki itp. dokumentacj\u0119 medyczn\u0105 dowolny tekst o\u00a0r\u00f3\u017cnej [&hellip;]","og_url":"https:\/\/leaderschool.pl\/wroclaw\/tlumaczenia\/","og_site_name":"we Wroc\u0142awiu - Leader School","article_publisher":"https:\/\/www.facebook.com\/LeaderSchoolWroclaw","article_modified_time":"2024-06-03T13:08:18+00:00","og_image":[{"url":"https:\/\/leaderschool.pl\/wroclaw\/wp-content\/uploads\/sites\/57\/2024\/06\/translate-1-1024x614.jpg"}],"twitter_card":"summary_large_image","twitter_misc":{"Szacowany czas czytania":"2 minuty"},"schema":{"@context":"https:\/\/schema.org","@graph":[{"@type":"WebSite","@id":"https:\/\/leaderschool.pl\/wroclaw\/#website","url":"https:\/\/leaderschool.pl\/wroclaw\/","name":"we Wroc\u0142awiu - Leader School","description":"","potentialAction":[{"@type":"SearchAction","target":{"@type":"EntryPoint","urlTemplate":"https:\/\/leaderschool.pl\/wroclaw\/?s={search_term_string}"},"query-input":"required name=search_term_string"}],"inLanguage":"pl-PL"},{"@type":"ImageObject","inLanguage":"pl-PL","@id":"https:\/\/leaderschool.pl\/wroclaw\/tlumaczenia\/#primaryimage","url":"https:\/\/leaderschool.pl\/wroclaw\/wp-content\/uploads\/sites\/57\/2024\/06\/translate-1.jpg","contentUrl":"https:\/\/leaderschool.pl\/wroclaw\/wp-content\/uploads\/sites\/57\/2024\/06\/translate-1.jpg","width":1200,"height":720},{"@type":"WebPage","@id":"https:\/\/leaderschool.pl\/wroclaw\/tlumaczenia\/#webpage","url":"https:\/\/leaderschool.pl\/wroclaw\/tlumaczenia\/","name":"T\u0142umaczenia we Wroc\u0142awiu - Leader School","isPartOf":{"@id":"https:\/\/leaderschool.pl\/wroclaw\/#website"},"primaryImageOfPage":{"@id":"https:\/\/leaderschool.pl\/wroclaw\/tlumaczenia\/#primaryimage"},"datePublished":"2024-05-21T09:13:25+00:00","dateModified":"2024-06-03T13:08:18+00:00","breadcrumb":{"@id":"https:\/\/leaderschool.pl\/wroclaw\/tlumaczenia\/#breadcrumb"},"inLanguage":"pl-PL","potentialAction":[{"@type":"ReadAction","target":["https:\/\/leaderschool.pl\/wroclaw\/tlumaczenia\/"]}]},{"@type":"BreadcrumbList","@id":"https:\/\/leaderschool.pl\/wroclaw\/tlumaczenia\/#breadcrumb","itemListElement":[{"@type":"ListItem","position":1,"name":"Home","item":"https:\/\/leaderschool.pl\/wroclaw\/"},{"@type":"ListItem","position":2,"name":"T\u0142umaczenia"}]}]}},"_links":{"self":[{"href":"https:\/\/leaderschool.pl\/wroclaw\/wp-json\/wp\/v2\/pages\/2876"}],"collection":[{"href":"https:\/\/leaderschool.pl\/wroclaw\/wp-json\/wp\/v2\/pages"}],"about":[{"href":"https:\/\/leaderschool.pl\/wroclaw\/wp-json\/wp\/v2\/types\/page"}],"author":[{"embeddable":true,"href":"https:\/\/leaderschool.pl\/wroclaw\/wp-json\/wp\/v2\/users\/24"}],"replies":[{"embeddable":true,"href":"https:\/\/leaderschool.pl\/wroclaw\/wp-json\/wp\/v2\/comments?post=2876"}],"version-history":[{"count":8,"href":"https:\/\/leaderschool.pl\/wroclaw\/wp-json\/wp\/v2\/pages\/2876\/revisions"}],"predecessor-version":[{"id":2888,"href":"https:\/\/leaderschool.pl\/wroclaw\/wp-json\/wp\/v2\/pages\/2876\/revisions\/2888"}],"wp:attachment":[{"href":"https:\/\/leaderschool.pl\/wroclaw\/wp-json\/wp\/v2\/media?parent=2876"}],"curies":[{"name":"wp","href":"https:\/\/api.w.org\/{rel}","templated":true}]}}