{"id":2842,"date":"2024-05-17T10:32:04","date_gmt":"2024-05-17T08:32:04","guid":{"rendered":"https:\/\/leaderschool.pl\/wroclaw\/?page_id=2842"},"modified":"2024-05-21T11:11:24","modified_gmt":"2024-05-21T09:11:24","slug":"business-english","status":"publish","type":"page","link":"https:\/\/leaderschool.pl\/wroclaw\/business-english\/","title":{"rendered":"Business English"},"content":{"rendered":"\n<p>Nasze kursy\u00a0<strong>Business English dla firm\u00a0<\/strong>s\u0105 w pe\u0142ni dostosowane do potrzeb Twoich lub Twojego zespo\u0142u, niezale\u017cnie od Waszego poziomu zaawansowania. Do\u015bwiadczeni trenerzy j\u0119zykowi zapewni\u0105 Ci narz\u0119dzia i techniki niezb\u0119dne do skutecznej komunikacji w r\u00f3\u017cnych sytuacjach biznesowych. Z nami w szybkim tempie rozwiniesz s\u0142ownictwo, gramatyk\u0119 i wymow\u0119, jak r\u00f3wnie\u017c umiej\u0119tno\u015b\u0107 pisania tekst\u00f3w biznesowych.<\/p>\n\n\n\n<p>Zapewniamy:<\/p>\n\n\n\n<ul><li><strong>Zaj\u0119cia dostosowane do potrzeb firmy<\/strong><\/li><li>Nauk\u0119 s\u0142ownictwa biznesowego z zakresu m.in. handlu, finans\u00f3w, marketingu czy ekonomii (s\u0142owa, zwroty i wyra\u017cenia kt\u00f3re b\u0119d\u0105 niezb\u0119dne na co dzie\u0144 w pracy)<\/li><\/ul>\n\n\n\n<p><\/p>\n\n\n\n<figure class=\"wp-block-image\"><img loading=\"lazy\" width=\"1024\" height=\"820\" src=\"data:image\/gif;base64,R0lGODlhAQABAAAAACH5BAEKAAEALAAAAAABAAEAAAICTAEAOw==\" alt=\"\" class=\"wp-image-2814 lazyload\" sizes=\"(max-width: 1024px) 100vw, 1024px\" data-src=\"https:\/\/leaderschool.pl\/wroclaw\/wp-content\/uploads\/sites\/57\/2024\/05\/7V7A5734-1024x820.jpg\" data-srcset=\"https:\/\/leaderschool.pl\/wroclaw\/wp-content\/uploads\/sites\/57\/2024\/05\/7V7A5734-1024x820.jpg 1024w, https:\/\/leaderschool.pl\/wroclaw\/wp-content\/uploads\/sites\/57\/2024\/05\/7V7A5734-300x240.jpg 300w, https:\/\/leaderschool.pl\/wroclaw\/wp-content\/uploads\/sites\/57\/2024\/05\/7V7A5734-768x615.jpg 768w, https:\/\/leaderschool.pl\/wroclaw\/wp-content\/uploads\/sites\/57\/2024\/05\/7V7A5734-1536x1230.jpg 1536w, https:\/\/leaderschool.pl\/wroclaw\/wp-content\/uploads\/sites\/57\/2024\/05\/7V7A5734-2048x1640.jpg 2048w\"><\/figure>\n\n\n\n<p><\/p>\n\n\n\n<p><\/p>\n\n\n\n<ul><li><strong>Nabycie i doskonalenie<\/strong>&nbsp;umiej\u0119tno\u015bci potrzebnych do swobodnej komunikacji biznesowej tj. pisania maili, negocjacji, przygotowania prezentacji, prowadzenia rozm\u00f3w telefonicznych, kwalifikacyjnych czy te\u017c w firmie z pracodawc\u0105 i wsp\u00f3\u0142pracownikami.<\/li><li><strong>Zaj\u0119cia prowadzimy na podstawie<\/strong>&nbsp;materia\u0142\u00f3w autentycznych (wywiady, filmiki, artyku\u0142y z prasy itp.), podr\u0119cznik\u00f3w przeznaczonych na kursy Business English lub materia\u0142\u00f3w opracowanych przez lektor\u00f3w.<\/li><\/ul>\n\n\n\n<p><\/p>\n\n\n\n<p><\/p>\n\n\n\n<figure class=\"wp-block-image\"><img loading=\"lazy\" width=\"1024\" height=\"651\" src=\"data:image\/gif;base64,R0lGODlhAQABAAAAACH5BAEKAAEALAAAAAABAAEAAAICTAEAOw==\" alt=\"\" class=\"wp-image-2815 lazyload\" sizes=\"(max-width: 1024px) 100vw, 1024px\" data-src=\"https:\/\/leaderschool.pl\/wroclaw\/wp-content\/uploads\/sites\/57\/2024\/05\/3N4A2051-1024x651.jpg\" data-srcset=\"https:\/\/leaderschool.pl\/wroclaw\/wp-content\/uploads\/sites\/57\/2024\/05\/3N4A2051-1024x651.jpg 1024w, https:\/\/leaderschool.pl\/wroclaw\/wp-content\/uploads\/sites\/57\/2024\/05\/3N4A2051-300x191.jpg 300w, https:\/\/leaderschool.pl\/wroclaw\/wp-content\/uploads\/sites\/57\/2024\/05\/3N4A2051-768x488.jpg 768w, https:\/\/leaderschool.pl\/wroclaw\/wp-content\/uploads\/sites\/57\/2024\/05\/3N4A2051-1536x977.jpg 1536w, https:\/\/leaderschool.pl\/wroclaw\/wp-content\/uploads\/sites\/57\/2024\/05\/3N4A2051-2048x1302.jpg 2048w\"><\/figure>\n\n\n\n<p><\/p>\n\n\n\n<p><\/p>\n\n\n\n<ul><li>Zaj\u0119cia takie, poza standardowymi umi\u0119j\u0119tno\u015bciami i sam\u0105 nauk\u0105 zwrot\u00f3w i s\u0142\u00f3w, kt\u00f3re sa cz\u0119sto przydatne w biznesie, daj\u0105 mo\u017cliwo\u015b\u0107 tak\u017ce praktycznego prze\u0107wiczenia konkretnychsytuacji, jak na przyk\u0142ad prezentacja w firmie czy rozmowa telefoniczna.<\/li><li>Mo\u017cliwo\u015b\u0107 prowadzenia zaj\u0119\u0107 stacjonarnie (r\u00f3wniez w siedzibie firmy) jak i online.<\/li><\/ul>\n\n\n\n<p>Wykorzystujemy r\u00f3\u017cnorodne\u00a0metody nauczania, w tym odgrywanie r\u00f3l, studia przypadk\u00f3w i rzeczywiste symulacje biznesowe, aby zapewni\u0107 Ci do\u015bwiadczenie edukacyjne na najwy\u017cszym poziomie. Nasze kursy s\u0105 prowadzone indywidualnie lub w ma\u0142ych grupach, dzi\u0119ki czemu uwaga lektora skupiona jest na Tobie i Twoim zespole i Waszych potrzebach.<\/p>\n\n\n\n<p><\/p>\n\n\n\n<figure class=\"wp-block-image\" id=\"block-932b6768-4e67-4dc9-9221-85148b2c13a3\"><img src=\"data:image\/gif;base64,R0lGODlhAQABAAAAACH5BAEKAAEALAAAAAABAAEAAAICTAEAOw==\" alt=\"Obrazek posiada pusty atrybut alt; plik o nazwie 7V7A5705-1-1024x702.jpg\" class=\"lazyload\" data-src=\"https:\/\/leaderschool.pl\/wroclaw\/wp-content\/uploads\/sites\/57\/2024\/05\/7V7A5705-1-1024x702.jpg\"><\/figure>\n\n\n\n<p id=\"block-6adb6fc6-1dc0-433e-857f-24f64bc40994\">\ufeff<\/p>\n\n\n\n<p>Cennik:<\/p>\n\n\n\n<figure class=\"wp-block-image size-full\"><img loading=\"lazy\" width=\"891\" height=\"325\" src=\"data:image\/gif;base64,R0lGODlhAQABAAAAACH5BAEKAAEALAAAAAABAAEAAAICTAEAOw==\" alt=\"\" class=\"wp-image-2870 lazyload\" sizes=\"(max-width: 891px) 100vw, 891px\" data-src=\"https:\/\/leaderschool.pl\/wroclaw\/wp-content\/uploads\/sites\/57\/2024\/05\/2-1.png\" data-srcset=\"https:\/\/leaderschool.pl\/wroclaw\/wp-content\/uploads\/sites\/57\/2024\/05\/2-1.png 891w, https:\/\/leaderschool.pl\/wroclaw\/wp-content\/uploads\/sites\/57\/2024\/05\/2-1-300x109.png 300w, https:\/\/leaderschool.pl\/wroclaw\/wp-content\/uploads\/sites\/57\/2024\/05\/2-1-768x280.png 768w\"><\/figure>\n\n\n\n<p class=\"has-text-align-center\">Podana cena dotyczy zaj\u0119\u0107 dla jednej osoby<\/p>\n\n\n\n<p><\/p>\n","protected":false},"excerpt":{"rendered":"<p>Nasze kursy\u00a0Business English dla firm\u00a0s\u0105 w pe\u0142ni dostosowane do potrzeb Twoich lub Twojego zespo\u0142u, niezale\u017cnie od Waszego poziomu zaawansowania. Do\u015bwiadczeni trenerzy j\u0119zykowi zapewni\u0105 Ci narz\u0119dzia i techniki niezb\u0119dne do skutecznej komunikacji w r\u00f3\u017cnych sytuacjach biznesowych. Z nami w szybkim tempie rozwiniesz s\u0142ownictwo, gramatyk\u0119 i wymow\u0119, jak r\u00f3wnie\u017c umiej\u0119tno\u015b\u0107 pisania tekst\u00f3w biznesowych. Zapewniamy: Zaj\u0119cia dostosowane do [&hellip;]<\/p>\n","protected":false},"author":24,"featured_media":0,"parent":0,"menu_order":0,"comment_status":"closed","ping_status":"closed","template":"","meta":{"ngg_post_thumbnail":0},"acf":[],"yoast_head":"<!-- This site is optimized with the Yoast SEO plugin v18.9 - https:\/\/yoast.com\/wordpress\/plugins\/seo\/ -->\n<title>Business English we Wroc\u0142awiu - Leader School<\/title>\n<meta name=\"robots\" content=\"index, follow, max-snippet:-1, max-image-preview:large, max-video-preview:-1\" \/>\n<link rel=\"canonical\" href=\"https:\/\/leaderschool.pl\/wroclaw\/business-english\/\" \/>\n<meta property=\"og:locale\" content=\"pl_PL\" \/>\n<meta property=\"og:type\" content=\"article\" \/>\n<meta property=\"og:title\" content=\"Business English we Wroc\u0142awiu - Leader School\" \/>\n<meta property=\"og:description\" content=\"Nasze kursy\u00a0Business English dla firm\u00a0s\u0105 w pe\u0142ni dostosowane do potrzeb Twoich lub Twojego zespo\u0142u, niezale\u017cnie od Waszego poziomu zaawansowania. Do\u015bwiadczeni trenerzy j\u0119zykowi zapewni\u0105 Ci narz\u0119dzia i techniki niezb\u0119dne do skutecznej komunikacji w r\u00f3\u017cnych sytuacjach biznesowych. Z nami w szybkim tempie rozwiniesz s\u0142ownictwo, gramatyk\u0119 i wymow\u0119, jak r\u00f3wnie\u017c umiej\u0119tno\u015b\u0107 pisania tekst\u00f3w biznesowych. Zapewniamy: Zaj\u0119cia dostosowane do [&hellip;]\" \/>\n<meta property=\"og:url\" content=\"https:\/\/leaderschool.pl\/wroclaw\/business-english\/\" \/>\n<meta property=\"og:site_name\" content=\"we Wroc\u0142awiu - Leader School\" \/>\n<meta property=\"article:publisher\" content=\"https:\/\/www.facebook.com\/LeaderSchoolWroclaw\" \/>\n<meta property=\"article:modified_time\" content=\"2024-05-21T09:11:24+00:00\" \/>\n<meta property=\"og:image\" content=\"https:\/\/leaderschool.pl\/wroclaw\/wp-content\/uploads\/sites\/57\/2024\/05\/7V7A5734-1024x820.jpg\" \/>\n<meta name=\"twitter:card\" content=\"summary_large_image\" \/>\n<meta name=\"twitter:label1\" content=\"Szacowany czas czytania\" \/>\n\t<meta name=\"twitter:data1\" content=\"3 minuty\" \/>\n<script type=\"application\/ld+json\" class=\"yoast-schema-graph\">{\"@context\":\"https:\/\/schema.org\",\"@graph\":[{\"@type\":\"WebSite\",\"@id\":\"https:\/\/leaderschool.pl\/wroclaw\/#website\",\"url\":\"https:\/\/leaderschool.pl\/wroclaw\/\",\"name\":\"we Wroc\u0142awiu - Leader School\",\"description\":\"\",\"potentialAction\":[{\"@type\":\"SearchAction\",\"target\":{\"@type\":\"EntryPoint\",\"urlTemplate\":\"https:\/\/leaderschool.pl\/wroclaw\/?s={search_term_string}\"},\"query-input\":\"required name=search_term_string\"}],\"inLanguage\":\"pl-PL\"},{\"@type\":\"ImageObject\",\"inLanguage\":\"pl-PL\",\"@id\":\"https:\/\/leaderschool.pl\/wroclaw\/business-english\/#primaryimage\",\"url\":\"https:\/\/leaderschool.pl\/wroclaw\/wp-content\/uploads\/sites\/57\/2024\/05\/7V7A5734.jpg\",\"contentUrl\":\"https:\/\/leaderschool.pl\/wroclaw\/wp-content\/uploads\/sites\/57\/2024\/05\/7V7A5734.jpg\",\"width\":2329,\"height\":1865},{\"@type\":\"WebPage\",\"@id\":\"https:\/\/leaderschool.pl\/wroclaw\/business-english\/#webpage\",\"url\":\"https:\/\/leaderschool.pl\/wroclaw\/business-english\/\",\"name\":\"Business English we Wroc\u0142awiu - Leader School\",\"isPartOf\":{\"@id\":\"https:\/\/leaderschool.pl\/wroclaw\/#website\"},\"primaryImageOfPage\":{\"@id\":\"https:\/\/leaderschool.pl\/wroclaw\/business-english\/#primaryimage\"},\"datePublished\":\"2024-05-17T08:32:04+00:00\",\"dateModified\":\"2024-05-21T09:11:24+00:00\",\"breadcrumb\":{\"@id\":\"https:\/\/leaderschool.pl\/wroclaw\/business-english\/#breadcrumb\"},\"inLanguage\":\"pl-PL\",\"potentialAction\":[{\"@type\":\"ReadAction\",\"target\":[\"https:\/\/leaderschool.pl\/wroclaw\/business-english\/\"]}]},{\"@type\":\"BreadcrumbList\",\"@id\":\"https:\/\/leaderschool.pl\/wroclaw\/business-english\/#breadcrumb\",\"itemListElement\":[{\"@type\":\"ListItem\",\"position\":1,\"name\":\"Home\",\"item\":\"https:\/\/leaderschool.pl\/wroclaw\/\"},{\"@type\":\"ListItem\",\"position\":2,\"name\":\"Business English\"}]}]}<\/script>\n<!-- \/ Yoast SEO plugin. -->","yoast_head_json":{"title":"Business English we Wroc\u0142awiu - Leader School","robots":{"index":"index","follow":"follow","max-snippet":"max-snippet:-1","max-image-preview":"max-image-preview:large","max-video-preview":"max-video-preview:-1"},"canonical":"https:\/\/leaderschool.pl\/wroclaw\/business-english\/","og_locale":"pl_PL","og_type":"article","og_title":"Business English we Wroc\u0142awiu - Leader School","og_description":"Nasze kursy\u00a0Business English dla firm\u00a0s\u0105 w pe\u0142ni dostosowane do potrzeb Twoich lub Twojego zespo\u0142u, niezale\u017cnie od Waszego poziomu zaawansowania. Do\u015bwiadczeni trenerzy j\u0119zykowi zapewni\u0105 Ci narz\u0119dzia i techniki niezb\u0119dne do skutecznej komunikacji w r\u00f3\u017cnych sytuacjach biznesowych. Z nami w szybkim tempie rozwiniesz s\u0142ownictwo, gramatyk\u0119 i wymow\u0119, jak r\u00f3wnie\u017c umiej\u0119tno\u015b\u0107 pisania tekst\u00f3w biznesowych. Zapewniamy: Zaj\u0119cia dostosowane do [&hellip;]","og_url":"https:\/\/leaderschool.pl\/wroclaw\/business-english\/","og_site_name":"we Wroc\u0142awiu - Leader School","article_publisher":"https:\/\/www.facebook.com\/LeaderSchoolWroclaw","article_modified_time":"2024-05-21T09:11:24+00:00","og_image":[{"url":"https:\/\/leaderschool.pl\/wroclaw\/wp-content\/uploads\/sites\/57\/2024\/05\/7V7A5734-1024x820.jpg"}],"twitter_card":"summary_large_image","twitter_misc":{"Szacowany czas czytania":"3 minuty"},"schema":{"@context":"https:\/\/schema.org","@graph":[{"@type":"WebSite","@id":"https:\/\/leaderschool.pl\/wroclaw\/#website","url":"https:\/\/leaderschool.pl\/wroclaw\/","name":"we Wroc\u0142awiu - Leader School","description":"","potentialAction":[{"@type":"SearchAction","target":{"@type":"EntryPoint","urlTemplate":"https:\/\/leaderschool.pl\/wroclaw\/?s={search_term_string}"},"query-input":"required name=search_term_string"}],"inLanguage":"pl-PL"},{"@type":"ImageObject","inLanguage":"pl-PL","@id":"https:\/\/leaderschool.pl\/wroclaw\/business-english\/#primaryimage","url":"https:\/\/leaderschool.pl\/wroclaw\/wp-content\/uploads\/sites\/57\/2024\/05\/7V7A5734.jpg","contentUrl":"https:\/\/leaderschool.pl\/wroclaw\/wp-content\/uploads\/sites\/57\/2024\/05\/7V7A5734.jpg","width":2329,"height":1865},{"@type":"WebPage","@id":"https:\/\/leaderschool.pl\/wroclaw\/business-english\/#webpage","url":"https:\/\/leaderschool.pl\/wroclaw\/business-english\/","name":"Business English we Wroc\u0142awiu - Leader School","isPartOf":{"@id":"https:\/\/leaderschool.pl\/wroclaw\/#website"},"primaryImageOfPage":{"@id":"https:\/\/leaderschool.pl\/wroclaw\/business-english\/#primaryimage"},"datePublished":"2024-05-17T08:32:04+00:00","dateModified":"2024-05-21T09:11:24+00:00","breadcrumb":{"@id":"https:\/\/leaderschool.pl\/wroclaw\/business-english\/#breadcrumb"},"inLanguage":"pl-PL","potentialAction":[{"@type":"ReadAction","target":["https:\/\/leaderschool.pl\/wroclaw\/business-english\/"]}]},{"@type":"BreadcrumbList","@id":"https:\/\/leaderschool.pl\/wroclaw\/business-english\/#breadcrumb","itemListElement":[{"@type":"ListItem","position":1,"name":"Home","item":"https:\/\/leaderschool.pl\/wroclaw\/"},{"@type":"ListItem","position":2,"name":"Business English"}]}]}},"_links":{"self":[{"href":"https:\/\/leaderschool.pl\/wroclaw\/wp-json\/wp\/v2\/pages\/2842"}],"collection":[{"href":"https:\/\/leaderschool.pl\/wroclaw\/wp-json\/wp\/v2\/pages"}],"about":[{"href":"https:\/\/leaderschool.pl\/wroclaw\/wp-json\/wp\/v2\/types\/page"}],"author":[{"embeddable":true,"href":"https:\/\/leaderschool.pl\/wroclaw\/wp-json\/wp\/v2\/users\/24"}],"replies":[{"embeddable":true,"href":"https:\/\/leaderschool.pl\/wroclaw\/wp-json\/wp\/v2\/comments?post=2842"}],"version-history":[{"count":8,"href":"https:\/\/leaderschool.pl\/wroclaw\/wp-json\/wp\/v2\/pages\/2842\/revisions"}],"predecessor-version":[{"id":2872,"href":"https:\/\/leaderschool.pl\/wroclaw\/wp-json\/wp\/v2\/pages\/2842\/revisions\/2872"}],"wp:attachment":[{"href":"https:\/\/leaderschool.pl\/wroclaw\/wp-json\/wp\/v2\/media?parent=2842"}],"curies":[{"name":"wp","href":"https:\/\/api.w.org\/{rel}","templated":true}]}}