{"id":2985,"date":"2023-10-02T21:47:16","date_gmt":"2023-10-02T19:47:16","guid":{"rendered":"https:\/\/leaderschool.pl\/wieliczka\/?page_id=2985"},"modified":"2023-10-05T10:11:24","modified_gmt":"2023-10-05T08:11:24","slug":"dla-programistow","status":"publish","type":"page","link":"https:\/\/leaderschool.pl\/wieliczka\/dla-programistow\/","title":{"rendered":"Kurs dla programist\u00f3w"},"content":{"rendered":"\n<p class=\"has-medium-font-size\"><strong><mark style=\"background-color:#ffffff\" class=\"has-inline-color has-vivid-cyan-blue-color\">Opis kursu<\/mark><\/strong><br>Zapraszamy programist\u00f3w na kurs online j\u0119zyka angielskiego stworzony specjalnie dla Waszych potrzeb! <br>Nasza oferta jest skrojona tak, aby pom\u00f3c Wam osi\u0105gn\u0105\u0107 sukces w dziedzinie<br>programowania, rozwijaj\u0105c jednocze\u015bnie Wasze umiej\u0119tno\u015bci j\u0119zykowe.<\/p>\n\n\n\n<figure class=\"wp-block-image size-large is-resized\"><img loading=\"lazy\" src=\"data:image\/gif;base64,R0lGODlhAQABAAAAACH5BAEKAAEALAAAAAABAAEAAAICTAEAOw==\" alt=\"\" class=\"wp-image-2986 lazyload\" width=\"1024\" height=\"523\" sizes=\"(max-width: 1024px) 100vw, 1024px\" data-src=\"https:\/\/leaderschool.pl\/wieliczka\/wp-content\/uploads\/sites\/31\/2023\/10\/programowanie-klawiatura-1024x523.jpg\" data-srcset=\"https:\/\/leaderschool.pl\/wieliczka\/wp-content\/uploads\/sites\/31\/2023\/10\/programowanie-klawiatura-1024x523.jpg 1024w, https:\/\/leaderschool.pl\/wieliczka\/wp-content\/uploads\/sites\/31\/2023\/10\/programowanie-klawiatura-300x153.jpg 300w, https:\/\/leaderschool.pl\/wieliczka\/wp-content\/uploads\/sites\/31\/2023\/10\/programowanie-klawiatura-768x392.jpg 768w, https:\/\/leaderschool.pl\/wieliczka\/wp-content\/uploads\/sites\/31\/2023\/10\/programowanie-klawiatura.jpg 1325w\"><figcaption>Keyboard<\/figcaption><\/figure>\n\n\n\n<p class=\"has-medium-font-size\"><strong><mark style=\"background-color:#ffffff\" class=\"has-inline-color has-vivid-cyan-blue-color\">W naszych kursach online nauczycie si\u0119:<\/mark><\/strong><\/p>\n\n\n\n<ol class=\"has-medium-font-size\"><li><mark style=\"background-color:#ffffff\" class=\"has-inline-color has-vivid-cyan-blue-color\">Komunikacji zespo\u0142owej.<\/mark> Programi\u015bci cz\u0119sto pracuj\u0105 w mi\u0119dzynarodowych Zespo\u0142ach, <br>dlatego wa\u017cne jest, aby umie\u0107 jasno wyrazi\u0107 swoje pomys\u0142y i rozumie\u0107 sugestie innych. <br>Dzi\u0119ki naszemu kursowi poprawicie Wasze umiej\u0119tno\u015bci skutecznej wsp\u00f3\u0142pracy.<\/li><li><mark style=\"background-color:#ffffff\" class=\"has-inline-color has-vivid-cyan-blue-color\">Rozumienia dokumentacji technicznej.<\/mark> Czytanie i zrozumienie dokumentacji programistycznej<br>to kluczowa umiej\u0119tno\u015b\u0107. Nasi instruktorzy pomog\u0105 Wam opanowa\u0107 techniczny j\u0119zyk, <br>kt\u00f3ry pozwoli b\u0142yskawicznie odnale\u017a\u0107 si\u0119 w zawi\u0142ych dokumentach.<\/li><li><mark style=\"background-color:#ffffff\" class=\"has-inline-color has-vivid-cyan-blue-color\">Pos\u0142ugiwania si\u0119 technicznym s\u0142ownictwem.<\/mark> Angielski to lingua franca programistycznego<br>\u015bwiata. Nasze kursy naucz\u0105 Was tworzy\u0107 lepsze komentarze i dokumentacje, co zwi\u0119kszy czytelno\u015b\u0107<br>Waszego oprogramowania.<\/li><li><mark style=\"background-color:#ffffff\" class=\"has-inline-color has-vivid-cyan-blue-color\">Przygotowania do rozm\u00f3w kwalifikacyjnych.<\/mark> Wiedza z zakresu angielskiego jest nieoceniona<br>podczas rozm\u00f3w rekrutacyjnych. Nasi instruktorzy pomog\u0105 Wam zadba\u0107 o pewno\u015b\u0107 siebie<br>i umiej\u0119tno\u015b\u0107 p\u0142ynnego odpowiadania na pytania rekrutacyjne.<\/li><\/ol>\n\n\n\n<p class=\"has-medium-font-size\"><strong><mark style=\"background-color:#ffffff\" class=\"has-inline-color has-vivid-cyan-blue-color\">Cele<\/mark><\/strong><\/p>\n\n\n\n<ol class=\"has-medium-font-size\"><li>Podwy\u017cszy\u0107 og\u00f3lne kompetencje z j\u0119zyka angielskiego, w tym konwersacji.<\/li><li>Uzyska\u0107 niezb\u0119dne s\u0142ownictwo dla poruszania si\u0119 w tematach IT, pos\u0142ugiwanie si\u0119<br>\u015bcis\u0142ymi poj\u0119ciami z zakresu programowania.<\/li><li>Osi\u0105gni\u0119cie kompetencji komunikacji w zespole.<\/li><\/ol>\n\n\n\n<p class=\"has-medium-font-size\"><strong><mark style=\"background-color:#ffffff\" class=\"has-inline-color has-vivid-cyan-blue-color\">Modu\u0142y<\/mark><\/strong><br><mark style=\"background-color:#ffffff\" class=\"has-inline-color has-vivid-cyan-blue-color\">I. Og\u00f3lny\/Wprowadzenie<\/mark><br>W tym module rozpoczniemy nasz\u0105 podr\u00f3\u017c od podstaw i przede wszystkim poznamy si\u0119 nawzajem.<br>Nauczycie si\u0119 podstawowych zwrot\u00f3w i poj\u0119\u0107 zwi\u0105zanych z j\u0119zykiem angielskim oraz specyfik\u0105<br>programistycznego \u015brodowiska. To wprowadzenie umocni Wasz\u0105 pewno\u015b\u0107 siebie w komunikacji <br>i zrozumieniu podstawowych koncepcji zwi\u0105zanych z programowaniem w j\u0119zyku angielskim. <br>W ten spos\u00f3b zdob\u0119dziecie wiedz\u0119, kt\u00f3ra przyda si\u0119 na etapie rozm\u00f3w kwalifikacyjnych i wdra\u017caniu.<br><\/p>\n\n\n\n<p class=\"has-medium-font-size\"><mark style=\"background-color:#ffffff\" class=\"has-inline-color has-vivid-cyan-blue-color\">II. UX\/UI (Design)<\/mark><br>Ten modu\u0142 skoncentruje si\u0119 na zagadnieniach zwi\u0105zanych z projektowaniem interfejsu u\u017cytkownika<br>(UI) oraz do\u015bwiadczeniem u\u017cytkownika (UX). Poznacie terminologi\u0119 zwi\u0105zan\u0105 z projektowaniem<br>graficznym, jak r\u00f3wnie\u017c nauczycie si\u0119 opisywa\u0107 i krytykowa\u0107 projekty interfejs\u00f3w w j\u0119zyku angielskim. <\/p>\n\n\n\n<p class=\"has-medium-font-size\">To umo\u017cliwi Wam aktywnie uczestniczy\u0107 w procesie projektowania i wprowadza\u0107 Wasze<br>sugestie w mi\u0119dzynarodowych zespo\u0142ach.<br><\/p>\n\n\n\n<p class=\"has-medium-font-size\"><mark style=\"background-color:#ffffff\" class=\"has-inline-color has-vivid-cyan-blue-color\">III. Front-end<\/mark><br>W trzecim module skupimy si\u0119 na tworzeniu front-endowej strony aplikacji. <br>Zag\u0142\u0119bimy si\u0119 w tematach zwi\u0105zanych z HTML, CSS. Nauczycie si\u0119, nie tylko rozumie\u0107 kod po angielsku, <br>ale r\u00f3wnie\u017c jak pisa\u0107 komentarze i dokumentacj\u0119, co jest kluczowe dla zrozumienia i utrzymania kodu <br>oraz projekt\u00f3w.<\/p>\n\n\n\n<p class=\"has-medium-font-size\"><br><mark style=\"background-color:#ffffff\" class=\"has-inline-color has-vivid-cyan-blue-color\">IV. Back-end<\/mark><br>W ostatnim module zajmiemy si\u0119 tworzeniem back-endowej cz\u0119\u015bci aplikacji. <br>Nauczycie si\u0119 pos\u0142ugiwania w j\u0119zyku angielskim poj\u0119ciami zwi\u0105zanymi z bazami danych, serwerami, tablicami,<br>iteracjami, etc. Ten modu\u0142 pomo\u017ce Wam zrozumie\u0107 kluczowe koncepcje zwi\u0105zane z back-endem <br>oraz umo\u017cliwi skuteczn\u0105 wsp\u00f3\u0142prac\u0119 z innymi programistami w mi\u0119dzynarodowych zespo\u0142ach.<\/p>\n\n\n\n<p class=\"has-medium-font-size\">Nasze kursy zosta\u0142y zaprojektowane tak, aby \u0142\u0105czy\u0107 nauk\u0119 j\u0119zyka angielskiego z praktycznymi<br>umiej\u0119tno\u015bciami programistycznymi, co pozwoli Wam skutecznie funkcjonowa\u0107 w \u015brodowisku<br>programistycznym na ca\u0142ym \u015bwiecie. Do\u0142\u0105czcie do nas, aby zdoby\u0107 nowe umiej\u0119tno\u015bci i otworzy\u0107<br>drzwi do globalnej kariery w IT!<br><\/p>\n\n\n\n<p class=\"has-medium-font-size\"><strong><mark style=\"background-color:#ffffff\" class=\"has-inline-color has-vivid-cyan-blue-color\">Prowadz\u0105cy zaj\u0119cia<\/mark><\/strong><\/p>\n\n\n\n<p class=\"has-medium-font-size\">Full-stack developer z 5 \u2013 letnim do\u015bwiadczeniem komercyjnym, obecne miejsce zatrudnienia to jedna<br>z najwi\u0119kszych korporacji mi\u0119dzynarodowych, kt\u00f3ra jest liderem w dziedzinie bezpiecze\u0144stwa<br>i dost\u0119p\u00f3w.<\/p>\n\n\n\n<p class=\"has-medium-font-size\"><mark style=\"background-color:#ffffff\" class=\"has-inline-color has-vivid-cyan-blue-color\">Czas trwania kursu:<\/mark> 720 minut. Spotkania 1 x w tygodniu po 60 minut.<\/p>\n\n\n\n<p class=\"has-medium-font-size\"><strong><mark style=\"background-color:#ffffff\" class=\"has-inline-color has-vivid-cyan-blue-color\">Cena kursu:<\/mark><\/strong> 1080 z\u0142<\/p>\n\n\n\n<p class=\"has-medium-font-size\"><mark style=\"background-color:#ffffff\" class=\"has-inline-color has-vivid-red-color\">Minimalny poziom angielskiego to A2, sugerowany B1.<\/mark><\/p>\n\n\n\n<figure class=\"wp-block-image size-large\"><img loading=\"lazy\" width=\"1024\" height=\"682\" src=\"data:image\/gif;base64,R0lGODlhAQABAAAAACH5BAEKAAEALAAAAAABAAEAAAICTAEAOw==\" alt=\"\" class=\"wp-image-2987 lazyload\" sizes=\"(max-width: 1024px) 100vw, 1024px\" data-src=\"https:\/\/leaderschool.pl\/wieliczka\/wp-content\/uploads\/sites\/31\/2023\/10\/programistka-1024x682.jpg\" data-srcset=\"https:\/\/leaderschool.pl\/wieliczka\/wp-content\/uploads\/sites\/31\/2023\/10\/programistka-1024x682.jpg 1024w, https:\/\/leaderschool.pl\/wieliczka\/wp-content\/uploads\/sites\/31\/2023\/10\/programistka-300x200.jpg 300w, https:\/\/leaderschool.pl\/wieliczka\/wp-content\/uploads\/sites\/31\/2023\/10\/programistka-768x512.jpg 768w, https:\/\/leaderschool.pl\/wieliczka\/wp-content\/uploads\/sites\/31\/2023\/10\/programistka.jpg 1160w\"><figcaption>Web designer<\/figcaption><\/figure>\n","protected":false},"excerpt":{"rendered":"<p>Opis kursuZapraszamy programist\u00f3w na kurs online j\u0119zyka angielskiego stworzony specjalnie dla Waszych potrzeb! Nasza oferta jest skrojona tak, aby pom\u00f3c Wam osi\u0105gn\u0105\u0107 sukces w dziedzinieprogramowania, rozwijaj\u0105c jednocze\u015bnie Wasze umiej\u0119tno\u015bci j\u0119zykowe. W naszych kursach online nauczycie si\u0119: Komunikacji zespo\u0142owej. Programi\u015bci cz\u0119sto pracuj\u0105 w mi\u0119dzynarodowych Zespo\u0142ach, dlatego wa\u017cne jest, aby umie\u0107 jasno wyrazi\u0107 swoje pomys\u0142y i rozumie\u0107 [&hellip;]<\/p>\n","protected":false},"author":14,"featured_media":0,"parent":0,"menu_order":0,"comment_status":"closed","ping_status":"closed","template":"","meta":{"ngg_post_thumbnail":0},"acf":[],"yoast_head":"<!-- This site is optimized with the Yoast SEO plugin v18.9 - https:\/\/yoast.com\/wordpress\/plugins\/seo\/ -->\n<title>Kurs dla programist\u00f3w w Wieliczce - Leader School<\/title>\n<meta name=\"robots\" content=\"index, follow, max-snippet:-1, max-image-preview:large, max-video-preview:-1\" \/>\n<link rel=\"canonical\" href=\"https:\/\/leaderschool.pl\/wieliczka\/dla-programistow\/\" \/>\n<meta property=\"og:locale\" content=\"pl_PL\" \/>\n<meta property=\"og:type\" content=\"article\" \/>\n<meta property=\"og:title\" content=\"Kurs dla programist\u00f3w w Wieliczce - Leader School\" \/>\n<meta property=\"og:description\" content=\"Opis kursuZapraszamy programist\u00f3w na kurs online j\u0119zyka angielskiego stworzony specjalnie dla Waszych potrzeb! Nasza oferta jest skrojona tak, aby pom\u00f3c Wam osi\u0105gn\u0105\u0107 sukces w dziedzinieprogramowania, rozwijaj\u0105c jednocze\u015bnie Wasze umiej\u0119tno\u015bci j\u0119zykowe. W naszych kursach online nauczycie si\u0119: Komunikacji zespo\u0142owej. Programi\u015bci cz\u0119sto pracuj\u0105 w mi\u0119dzynarodowych Zespo\u0142ach, dlatego wa\u017cne jest, aby umie\u0107 jasno wyrazi\u0107 swoje pomys\u0142y i rozumie\u0107 [&hellip;]\" \/>\n<meta property=\"og:url\" content=\"https:\/\/leaderschool.pl\/wieliczka\/dla-programistow\/\" \/>\n<meta property=\"og:site_name\" content=\"w Wieliczce - Leader School\" \/>\n<meta property=\"article:modified_time\" content=\"2023-10-05T08:11:24+00:00\" \/>\n<meta property=\"og:image\" content=\"https:\/\/leaderschool.pl\/wieliczka\/wp-content\/uploads\/sites\/31\/2023\/10\/programowanie-klawiatura-1024x523.jpg\" \/>\n<meta name=\"twitter:card\" content=\"summary_large_image\" \/>\n<meta name=\"twitter:label1\" content=\"Szacowany czas czytania\" \/>\n\t<meta name=\"twitter:data1\" content=\"4 minuty\" \/>\n<script type=\"application\/ld+json\" class=\"yoast-schema-graph\">{\"@context\":\"https:\/\/schema.org\",\"@graph\":[{\"@type\":\"WebSite\",\"@id\":\"https:\/\/leaderschool.pl\/wieliczka\/#website\",\"url\":\"https:\/\/leaderschool.pl\/wieliczka\/\",\"name\":\"w Wieliczce - Leader School\",\"description\":\"\",\"potentialAction\":[{\"@type\":\"SearchAction\",\"target\":{\"@type\":\"EntryPoint\",\"urlTemplate\":\"https:\/\/leaderschool.pl\/wieliczka\/?s={search_term_string}\"},\"query-input\":\"required name=search_term_string\"}],\"inLanguage\":\"pl-PL\"},{\"@type\":\"ImageObject\",\"inLanguage\":\"pl-PL\",\"@id\":\"https:\/\/leaderschool.pl\/wieliczka\/dla-programistow\/#primaryimage\",\"url\":\"https:\/\/leaderschool.pl\/wieliczka\/wp-content\/uploads\/sites\/31\/2023\/10\/programowanie-klawiatura.jpg\",\"contentUrl\":\"https:\/\/leaderschool.pl\/wieliczka\/wp-content\/uploads\/sites\/31\/2023\/10\/programowanie-klawiatura.jpg\",\"width\":1325,\"height\":677,\"caption\":\"Digital technology, software development concept. Coding programmer, software engineer working on laptop with circuit board and javascript on virtual screen, internet of things IoT\"},{\"@type\":\"WebPage\",\"@id\":\"https:\/\/leaderschool.pl\/wieliczka\/dla-programistow\/#webpage\",\"url\":\"https:\/\/leaderschool.pl\/wieliczka\/dla-programistow\/\",\"name\":\"Kurs dla programist\u00f3w w Wieliczce - Leader School\",\"isPartOf\":{\"@id\":\"https:\/\/leaderschool.pl\/wieliczka\/#website\"},\"primaryImageOfPage\":{\"@id\":\"https:\/\/leaderschool.pl\/wieliczka\/dla-programistow\/#primaryimage\"},\"datePublished\":\"2023-10-02T19:47:16+00:00\",\"dateModified\":\"2023-10-05T08:11:24+00:00\",\"breadcrumb\":{\"@id\":\"https:\/\/leaderschool.pl\/wieliczka\/dla-programistow\/#breadcrumb\"},\"inLanguage\":\"pl-PL\",\"potentialAction\":[{\"@type\":\"ReadAction\",\"target\":[\"https:\/\/leaderschool.pl\/wieliczka\/dla-programistow\/\"]}]},{\"@type\":\"BreadcrumbList\",\"@id\":\"https:\/\/leaderschool.pl\/wieliczka\/dla-programistow\/#breadcrumb\",\"itemListElement\":[{\"@type\":\"ListItem\",\"position\":1,\"name\":\"Home\",\"item\":\"https:\/\/leaderschool.pl\/wieliczka\/\"},{\"@type\":\"ListItem\",\"position\":2,\"name\":\"Kurs dla programist\u00f3w\"}]}]}<\/script>\n<!-- \/ Yoast SEO plugin. -->","yoast_head_json":{"title":"Kurs dla programist\u00f3w w Wieliczce - Leader School","robots":{"index":"index","follow":"follow","max-snippet":"max-snippet:-1","max-image-preview":"max-image-preview:large","max-video-preview":"max-video-preview:-1"},"canonical":"https:\/\/leaderschool.pl\/wieliczka\/dla-programistow\/","og_locale":"pl_PL","og_type":"article","og_title":"Kurs dla programist\u00f3w w Wieliczce - Leader School","og_description":"Opis kursuZapraszamy programist\u00f3w na kurs online j\u0119zyka angielskiego stworzony specjalnie dla Waszych potrzeb! Nasza oferta jest skrojona tak, aby pom\u00f3c Wam osi\u0105gn\u0105\u0107 sukces w dziedzinieprogramowania, rozwijaj\u0105c jednocze\u015bnie Wasze umiej\u0119tno\u015bci j\u0119zykowe. W naszych kursach online nauczycie si\u0119: Komunikacji zespo\u0142owej. Programi\u015bci cz\u0119sto pracuj\u0105 w mi\u0119dzynarodowych Zespo\u0142ach, dlatego wa\u017cne jest, aby umie\u0107 jasno wyrazi\u0107 swoje pomys\u0142y i rozumie\u0107 [&hellip;]","og_url":"https:\/\/leaderschool.pl\/wieliczka\/dla-programistow\/","og_site_name":"w Wieliczce - Leader School","article_modified_time":"2023-10-05T08:11:24+00:00","og_image":[{"url":"https:\/\/leaderschool.pl\/wieliczka\/wp-content\/uploads\/sites\/31\/2023\/10\/programowanie-klawiatura-1024x523.jpg"}],"twitter_card":"summary_large_image","twitter_misc":{"Szacowany czas czytania":"4 minuty"},"schema":{"@context":"https:\/\/schema.org","@graph":[{"@type":"WebSite","@id":"https:\/\/leaderschool.pl\/wieliczka\/#website","url":"https:\/\/leaderschool.pl\/wieliczka\/","name":"w Wieliczce - Leader School","description":"","potentialAction":[{"@type":"SearchAction","target":{"@type":"EntryPoint","urlTemplate":"https:\/\/leaderschool.pl\/wieliczka\/?s={search_term_string}"},"query-input":"required name=search_term_string"}],"inLanguage":"pl-PL"},{"@type":"ImageObject","inLanguage":"pl-PL","@id":"https:\/\/leaderschool.pl\/wieliczka\/dla-programistow\/#primaryimage","url":"https:\/\/leaderschool.pl\/wieliczka\/wp-content\/uploads\/sites\/31\/2023\/10\/programowanie-klawiatura.jpg","contentUrl":"https:\/\/leaderschool.pl\/wieliczka\/wp-content\/uploads\/sites\/31\/2023\/10\/programowanie-klawiatura.jpg","width":1325,"height":677,"caption":"Digital technology, software development concept. Coding programmer, software engineer working on laptop with circuit board and javascript on virtual screen, internet of things IoT"},{"@type":"WebPage","@id":"https:\/\/leaderschool.pl\/wieliczka\/dla-programistow\/#webpage","url":"https:\/\/leaderschool.pl\/wieliczka\/dla-programistow\/","name":"Kurs dla programist\u00f3w w Wieliczce - Leader School","isPartOf":{"@id":"https:\/\/leaderschool.pl\/wieliczka\/#website"},"primaryImageOfPage":{"@id":"https:\/\/leaderschool.pl\/wieliczka\/dla-programistow\/#primaryimage"},"datePublished":"2023-10-02T19:47:16+00:00","dateModified":"2023-10-05T08:11:24+00:00","breadcrumb":{"@id":"https:\/\/leaderschool.pl\/wieliczka\/dla-programistow\/#breadcrumb"},"inLanguage":"pl-PL","potentialAction":[{"@type":"ReadAction","target":["https:\/\/leaderschool.pl\/wieliczka\/dla-programistow\/"]}]},{"@type":"BreadcrumbList","@id":"https:\/\/leaderschool.pl\/wieliczka\/dla-programistow\/#breadcrumb","itemListElement":[{"@type":"ListItem","position":1,"name":"Home","item":"https:\/\/leaderschool.pl\/wieliczka\/"},{"@type":"ListItem","position":2,"name":"Kurs dla programist\u00f3w"}]}]}},"_links":{"self":[{"href":"https:\/\/leaderschool.pl\/wieliczka\/wp-json\/wp\/v2\/pages\/2985"}],"collection":[{"href":"https:\/\/leaderschool.pl\/wieliczka\/wp-json\/wp\/v2\/pages"}],"about":[{"href":"https:\/\/leaderschool.pl\/wieliczka\/wp-json\/wp\/v2\/types\/page"}],"author":[{"embeddable":true,"href":"https:\/\/leaderschool.pl\/wieliczka\/wp-json\/wp\/v2\/users\/14"}],"replies":[{"embeddable":true,"href":"https:\/\/leaderschool.pl\/wieliczka\/wp-json\/wp\/v2\/comments?post=2985"}],"version-history":[{"count":10,"href":"https:\/\/leaderschool.pl\/wieliczka\/wp-json\/wp\/v2\/pages\/2985\/revisions"}],"predecessor-version":[{"id":3000,"href":"https:\/\/leaderschool.pl\/wieliczka\/wp-json\/wp\/v2\/pages\/2985\/revisions\/3000"}],"wp:attachment":[{"href":"https:\/\/leaderschool.pl\/wieliczka\/wp-json\/wp\/v2\/media?parent=2985"}],"curies":[{"name":"wp","href":"https:\/\/api.w.org\/{rel}","templated":true}]}}