{"id":2611,"date":"2022-07-23T17:07:35","date_gmt":"2022-07-23T15:07:35","guid":{"rendered":"https:\/\/leaderschool.sellision.dev\/wieliczka\/?page_id=2611"},"modified":"2022-07-23T17:07:36","modified_gmt":"2022-07-23T15:07:36","slug":"kursy-online","status":"publish","type":"page","link":"https:\/\/leaderschool.pl\/wieliczka\/kursy-online\/","title":{"rendered":"Kursy online"},"content":{"rendered":"\n<p>Nie masz czasu na doje\u017cd\u017canie do szko\u0142y j\u0119zykowej? Chcesz uczy\u0107 si\u0119 j\u0119zyka obcego, nie wychodz\u0105c z&nbsp;domu? Zoom to tw\u00f3j ulubiony rodzaj sportu? Je\u017celi na wszystkie pytania odpowiadasz twierdz\u0105co, to <strong>zaj\u0119cia j\u0119zykowe online w szkole j\u0119zykowej w Wieliczce<\/strong> b\u0119d\u0105 dla Ciebie najlepszym rozwi\u0105zaniem. Uczymy dzieci, m\u0142odzie\u017c i osoby doros\u0142e.<\/p>\n\n\n\n<h3>Zaj\u0119cia online z angielskiego w czasie rzeczywistym- co to znaczy?<\/h3>\n\n\n\n<p>Od kilku lat wzrasta popularno\u015b\u0107 nauki online. Nauczyciele z <strong>Leader School w Wieliczce<\/strong> prowadz\u0105 zaj\u0119cia online w czasie rzeczywistym. Podczas zaj\u0119\u0107 uczniowie maj\u0105 mo\u017cliwo\u015b\u0107 interakcji z lektorem, tak samo, jak w przypadku zaj\u0119\u0107 stacjonarnych. Widz\u0105 lektora, a nie jego zdj\u0119cie. Zadaj\u0105 pytania i na bie\u017c\u0105co uzyskuj\u0105 odpowiedzi. Nasi nauczyciele maj\u0105 do\u015bwiadczenie w prowadzeniu zaj\u0119\u0107 online.&nbsp;<\/p>\n\n\n\n<h3>Kursy j\u0119zyk\u00f3w obcych online w Leader School w Wieliczce<\/h3>\n\n\n\n<p>W Leader School w Wieliczce mo\u017cesz nauczy\u0107 si\u0119 online:<\/p>\n\n\n\n<ul><li>angielskiego<\/li><li>niemieckiego<\/li><li>hiszpa\u0144skiego&nbsp;<\/li><li>w\u0142oskiego&nbsp;<\/li><li>francuskiego.&nbsp;<\/li><\/ul>\n\n\n\n<p>Na pierwszym spotkaniu ustalimy Tw\u00f3j poziom znajomo\u015bci j\u0119zyka obcego. U\u0142o\u017cymy grafik spotka\u0144 dostosowany do Twoich mo\u017cliwo\u015bci. Mo\u017cesz wybra\u0107 prac\u0119 w grupie lub zaj\u0119cia indywidualne.&nbsp;<\/p>\n\n\n\n<h3>Przygotowanie do matury z angielskiego online- czy to mo\u017cliwe?<\/h3>\n\n\n\n<p>Chcesz, \u017ceby Twoje dziecko przygotowa\u0142o si\u0119 lepiej do matury z j\u0119zyka angielskiego? Nie mo\u017ce uczestniczy\u0107 w zaj\u0119ciach stacjonarnych? Prowadzimy zaj\u0119cia przygotowawcze do <strong>matury z&nbsp;angielskiego na poziomie podstawowym i rozszerzonym w formie zaj\u0119\u0107 online<\/strong>.<\/p>\n\n\n\n<p>Nauczymy Twoje dziecko:<\/p>\n\n\n\n<ul><li>s\u0142ownictwa wymaganego na egzaminie<\/li><li>wszystkich obowi\u0105zkowych form pisemnych<\/li><li>technik u\u0142atwiaj\u0105cych rozumienie tekstu s\u0142uchanego i czytanego.<\/li><\/ul>\n\n\n\n<p>Lekcje angielskiego przeprowadzaj\u0105 <strong>do\u015bwiadczeni nauczyciele. <\/strong>Zaj\u0119cia odbywaj\u0105 si\u0119 w czasie rzeczywistym. Pracujemy zgodnie wed\u0142ug wytycznych Centralnej Komisji Egzaminacyjnej.<\/p>\n\n\n\n<h3>Egzamin \u00f3smoklasisty- lekcje online w Wieliczce<\/h3>\n\n\n\n<p><strong>Zaj\u0119cia dodatkowe z j\u0119zyka angielskiego online<\/strong> pomagaj\u0105 uczniom uporz\u0105dkowa\u0107 wiedz\u0119 i&nbsp;nadrobi\u0107 ewentualne zaleg\u0142o\u015bci. Twoje dziecko szybko opanuje prawid\u0142ow\u0105 wymow\u0119 i wy\u0107wiczy s\u0142uchanie ze zrozumieniem. B\u0119dzie szybko i prawid\u0142owo odpowiada\u0107 na pytania nauczyciela.<\/p>\n\n\n\n<p>W ramach kursu online przygotowuj\u0105cego do <strong>egzaminu \u00f3smoklasisty w Leader School w Wieliczce<\/strong> proponujemy zaj\u0119cia w niewielkich grupach. Niekt\u00f3rzy uczniowie zauwa\u017caj\u0105, \u017ce podczas zaj\u0119\u0107 online \u0142atwiej prze\u0142amuj\u0105 barier\u0119 j\u0119zykow\u0105.<\/p>\n\n\n\n<h3>Lekcje angielskiego online dla firm- Leader School Wieliczka<\/h3>\n\n\n\n<p>Mo\u017cemy przeprowadzi\u0107 ka\u017cdy rodzaj zaj\u0119\u0107 poprzez platform\u0119 Zoom, r\u00f3wnie\u017c <strong>kursy j\u0119zykowe dla przedsi\u0119biorc\u00f3w<\/strong>. <strong>Kursy j\u0119zyka obcego online w Wieliczce<\/strong> s\u0105 coraz cz\u0119\u015bciej wybierane przez w\u0142a\u015bcicieli firm, kt\u00f3rych pracownicy pracuj\u0105 na co dzie\u0144 zdalnie.&nbsp;<\/p>\n\n\n\n<p>Praktycznie ka\u017cda firma ma mo\u017cliwo\u015bci techniczne, aby pracownicy w optymalny spos\u00f3b skorzystali z&nbsp;kursu. Kursy j\u0119zykowe online w Leader School prowadz\u0105 do\u015bwiadczeni lektorzy. Je\u017celi firma zg\u0142asza takie zapotrzebowanie, to zaj\u0119cia mog\u0105 przeprowadzi\u0107 r\u00f3wnie\u017c native speakerzy.<\/p>\n\n\n\n<p>Najlepiej uczysz si\u0119 przy w\u0142asnym biurku? Zapytaj nas o&nbsp;mo\u017cliwo\u015b\u0107 nauki online.<\/p>\n","protected":false},"excerpt":{"rendered":"<p>Nie masz czasu na doje\u017cd\u017canie do szko\u0142y j\u0119zykowej? Chcesz uczy\u0107 si\u0119 j\u0119zyka obcego, nie wychodz\u0105c z&nbsp;domu? Zoom to tw\u00f3j ulubiony rodzaj sportu? Je\u017celi na wszystkie pytania odpowiadasz twierdz\u0105co, to zaj\u0119cia j\u0119zykowe online w szkole j\u0119zykowej w Wieliczce b\u0119d\u0105 dla Ciebie najlepszym rozwi\u0105zaniem. Uczymy dzieci, m\u0142odzie\u017c i osoby doros\u0142e. Zaj\u0119cia online z angielskiego w czasie rzeczywistym- [&hellip;]<\/p>\n","protected":false},"author":3,"featured_media":0,"parent":0,"menu_order":0,"comment_status":"closed","ping_status":"closed","template":"","meta":{"ngg_post_thumbnail":0},"acf":[],"yoast_head":"<!-- This site is optimized with the Yoast SEO plugin v18.9 - https:\/\/yoast.com\/wordpress\/plugins\/seo\/ -->\n<title>Kursy online w Wieliczce - Leader School<\/title>\n<meta name=\"robots\" content=\"index, follow, max-snippet:-1, max-image-preview:large, max-video-preview:-1\" \/>\n<link rel=\"canonical\" href=\"https:\/\/leaderschool.pl\/wieliczka\/kursy-online\/\" \/>\n<meta property=\"og:locale\" content=\"pl_PL\" \/>\n<meta property=\"og:type\" content=\"article\" \/>\n<meta property=\"og:title\" content=\"Kursy online w Wieliczce - Leader School\" \/>\n<meta property=\"og:description\" content=\"Nie masz czasu na doje\u017cd\u017canie do szko\u0142y j\u0119zykowej? Chcesz uczy\u0107 si\u0119 j\u0119zyka obcego, nie wychodz\u0105c z&nbsp;domu? Zoom to tw\u00f3j ulubiony rodzaj sportu? Je\u017celi na wszystkie pytania odpowiadasz twierdz\u0105co, to zaj\u0119cia j\u0119zykowe online w szkole j\u0119zykowej w Wieliczce b\u0119d\u0105 dla Ciebie najlepszym rozwi\u0105zaniem. Uczymy dzieci, m\u0142odzie\u017c i osoby doros\u0142e. Zaj\u0119cia online z angielskiego w czasie rzeczywistym- [&hellip;]\" \/>\n<meta property=\"og:url\" content=\"https:\/\/leaderschool.pl\/wieliczka\/kursy-online\/\" \/>\n<meta property=\"og:site_name\" content=\"w Wieliczce - Leader School\" \/>\n<meta property=\"article:modified_time\" content=\"2022-07-23T15:07:36+00:00\" \/>\n<meta name=\"twitter:card\" content=\"summary_large_image\" \/>\n<meta name=\"twitter:label1\" content=\"Szacowany czas czytania\" \/>\n\t<meta name=\"twitter:data1\" content=\"3 minuty\" \/>\n<script type=\"application\/ld+json\" class=\"yoast-schema-graph\">{\"@context\":\"https:\/\/schema.org\",\"@graph\":[{\"@type\":\"WebSite\",\"@id\":\"https:\/\/leaderschool.pl\/wieliczka\/#website\",\"url\":\"https:\/\/leaderschool.pl\/wieliczka\/\",\"name\":\"w Wieliczce - Leader School\",\"description\":\"\",\"potentialAction\":[{\"@type\":\"SearchAction\",\"target\":{\"@type\":\"EntryPoint\",\"urlTemplate\":\"https:\/\/leaderschool.pl\/wieliczka\/?s={search_term_string}\"},\"query-input\":\"required name=search_term_string\"}],\"inLanguage\":\"pl-PL\"},{\"@type\":\"WebPage\",\"@id\":\"https:\/\/leaderschool.pl\/wieliczka\/kursy-online\/#webpage\",\"url\":\"https:\/\/leaderschool.pl\/wieliczka\/kursy-online\/\",\"name\":\"Kursy online w Wieliczce - Leader School\",\"isPartOf\":{\"@id\":\"https:\/\/leaderschool.pl\/wieliczka\/#website\"},\"datePublished\":\"2022-07-23T15:07:35+00:00\",\"dateModified\":\"2022-07-23T15:07:36+00:00\",\"breadcrumb\":{\"@id\":\"https:\/\/leaderschool.pl\/wieliczka\/kursy-online\/#breadcrumb\"},\"inLanguage\":\"pl-PL\",\"potentialAction\":[{\"@type\":\"ReadAction\",\"target\":[\"https:\/\/leaderschool.pl\/wieliczka\/kursy-online\/\"]}]},{\"@type\":\"BreadcrumbList\",\"@id\":\"https:\/\/leaderschool.pl\/wieliczka\/kursy-online\/#breadcrumb\",\"itemListElement\":[{\"@type\":\"ListItem\",\"position\":1,\"name\":\"Home\",\"item\":\"https:\/\/leaderschool.pl\/wieliczka\/\"},{\"@type\":\"ListItem\",\"position\":2,\"name\":\"Kursy online\"}]}]}<\/script>\n<!-- \/ Yoast SEO plugin. -->","yoast_head_json":{"title":"Kursy online w Wieliczce - Leader School","robots":{"index":"index","follow":"follow","max-snippet":"max-snippet:-1","max-image-preview":"max-image-preview:large","max-video-preview":"max-video-preview:-1"},"canonical":"https:\/\/leaderschool.pl\/wieliczka\/kursy-online\/","og_locale":"pl_PL","og_type":"article","og_title":"Kursy online w Wieliczce - Leader School","og_description":"Nie masz czasu na doje\u017cd\u017canie do szko\u0142y j\u0119zykowej? Chcesz uczy\u0107 si\u0119 j\u0119zyka obcego, nie wychodz\u0105c z&nbsp;domu? Zoom to tw\u00f3j ulubiony rodzaj sportu? Je\u017celi na wszystkie pytania odpowiadasz twierdz\u0105co, to zaj\u0119cia j\u0119zykowe online w szkole j\u0119zykowej w Wieliczce b\u0119d\u0105 dla Ciebie najlepszym rozwi\u0105zaniem. Uczymy dzieci, m\u0142odzie\u017c i osoby doros\u0142e. Zaj\u0119cia online z angielskiego w czasie rzeczywistym- [&hellip;]","og_url":"https:\/\/leaderschool.pl\/wieliczka\/kursy-online\/","og_site_name":"w Wieliczce - Leader School","article_modified_time":"2022-07-23T15:07:36+00:00","twitter_card":"summary_large_image","twitter_misc":{"Szacowany czas czytania":"3 minuty"},"schema":{"@context":"https:\/\/schema.org","@graph":[{"@type":"WebSite","@id":"https:\/\/leaderschool.pl\/wieliczka\/#website","url":"https:\/\/leaderschool.pl\/wieliczka\/","name":"w Wieliczce - Leader School","description":"","potentialAction":[{"@type":"SearchAction","target":{"@type":"EntryPoint","urlTemplate":"https:\/\/leaderschool.pl\/wieliczka\/?s={search_term_string}"},"query-input":"required name=search_term_string"}],"inLanguage":"pl-PL"},{"@type":"WebPage","@id":"https:\/\/leaderschool.pl\/wieliczka\/kursy-online\/#webpage","url":"https:\/\/leaderschool.pl\/wieliczka\/kursy-online\/","name":"Kursy online w Wieliczce - Leader School","isPartOf":{"@id":"https:\/\/leaderschool.pl\/wieliczka\/#website"},"datePublished":"2022-07-23T15:07:35+00:00","dateModified":"2022-07-23T15:07:36+00:00","breadcrumb":{"@id":"https:\/\/leaderschool.pl\/wieliczka\/kursy-online\/#breadcrumb"},"inLanguage":"pl-PL","potentialAction":[{"@type":"ReadAction","target":["https:\/\/leaderschool.pl\/wieliczka\/kursy-online\/"]}]},{"@type":"BreadcrumbList","@id":"https:\/\/leaderschool.pl\/wieliczka\/kursy-online\/#breadcrumb","itemListElement":[{"@type":"ListItem","position":1,"name":"Home","item":"https:\/\/leaderschool.pl\/wieliczka\/"},{"@type":"ListItem","position":2,"name":"Kursy online"}]}]}},"_links":{"self":[{"href":"https:\/\/leaderschool.pl\/wieliczka\/wp-json\/wp\/v2\/pages\/2611"}],"collection":[{"href":"https:\/\/leaderschool.pl\/wieliczka\/wp-json\/wp\/v2\/pages"}],"about":[{"href":"https:\/\/leaderschool.pl\/wieliczka\/wp-json\/wp\/v2\/types\/page"}],"author":[{"embeddable":true,"href":"https:\/\/leaderschool.pl\/wieliczka\/wp-json\/wp\/v2\/users\/3"}],"replies":[{"embeddable":true,"href":"https:\/\/leaderschool.pl\/wieliczka\/wp-json\/wp\/v2\/comments?post=2611"}],"version-history":[{"count":1,"href":"https:\/\/leaderschool.pl\/wieliczka\/wp-json\/wp\/v2\/pages\/2611\/revisions"}],"predecessor-version":[{"id":2612,"href":"https:\/\/leaderschool.pl\/wieliczka\/wp-json\/wp\/v2\/pages\/2611\/revisions\/2612"}],"wp:attachment":[{"href":"https:\/\/leaderschool.pl\/wieliczka\/wp-json\/wp\/v2\/media?parent=2611"}],"curies":[{"name":"wp","href":"https:\/\/api.w.org\/{rel}","templated":true}]}}