{"id":2609,"date":"2022-07-23T17:06:42","date_gmt":"2022-07-23T15:06:42","guid":{"rendered":"https:\/\/leaderschool.sellision.dev\/wieliczka\/?page_id=2609"},"modified":"2022-07-23T17:06:43","modified_gmt":"2022-07-23T15:06:43","slug":"matura-z-jezyka-angielskiego","status":"publish","type":"page","link":"https:\/\/leaderschool.pl\/wieliczka\/matura-z-jezyka-angielskiego\/","title":{"rendered":"Matura z j\u0119zyka angielskiego"},"content":{"rendered":"\n<p>Ju\u017c za rok matura. Chcesz uzyska\u0107 jak najlepsze wyniki i dosta\u0107 si\u0119 na wymarzone studia? Zastanawiasz si\u0119, co b\u0119dziesz robi\u0107 po uko\u0144czeniu szko\u0142y? \u017byjemy w czasach nieograniczonych mo\u017cliwo\u015bci. Je\u017celi zechcesz, mo\u017cesz wyjecha\u0107 do innego kraju w poszukiwaniu pracy. Mo\u017cesz pracowa\u0107 online. Jest to mo\u017cliwe nie tylko z Polski, ale z ka\u017cdego miejsca na \u015bwiecie.<\/p>\n\n\n\n<p>Znajomo\u015b\u0107 j\u0119zyka znacz\u0105co podnosi kwalifikacje zawodowe i ma wp\u0142yw na uzyskiwane zarobki. Dlatego ocena z matury z j\u0119zyka angielskiego jest jedn\u0105 z najwa\u017cniejszych na \u015bwiadectwie.<\/p>\n\n\n\n<h3>Matura z angielskiego? Zaufaj nam i zapisz si\u0119 na kurs przygotowawczy<\/h3>\n\n\n\n<p>Zastanawiasz si\u0119, czy Twoje umiej\u0119tno\u015bci j\u0119zykowe pozwol\u0105 Ci na g\u0142adkie przej\u015bcie przez egzaminy? Zachowaj spok\u00f3j. Wybierz <strong>kursy maturalne w Leader School w Wieliczce<\/strong>. Z nami przygotujesz si\u0119 do egzaminu maturalnego z j\u0119zyka angielskiego na poziomie podstawowym lub rozszerzonym.<\/p>\n\n\n\n<p>Nauczysz si\u0119 j\u0119zyka angielskiego szybko i efektywnie. Wystarczy uczestniczy\u0107 systematycznie w&nbsp;zaj\u0119ciach i wykonywa\u0107 przewidziane kursem zadania. Zobacz, jak mo\u017cemy Ci pom\u00f3c zda\u0107 ten egzamin z pozytywnym rezultatem.<\/p>\n\n\n\n<h3>Jak zda\u0107 matur\u0119 z angielskiego? Zapraszamy na przygotowuj\u0105ce kursy j\u0119zykowe w Wieliczce<\/h3>\n\n\n\n<p>W szkole w Wieliczce \u0142atwo i skutecznie przygotujesz si\u0119 do egzaminu maturalnego. Nasi nauczyciele maj\u0105 do\u015bwiadczenie w przygotowaniu do matury. Program nauczania jest zgodny z wytycznymi Centralnej Komisji Egzaminacyjnej. Uczymy angielskiego w ma\u0142ych grupach. Korzystamy z licznych pomocy multimedialnych. Regularnie informujemy kursant\u00f3w o post\u0119pach w nauce.<\/p>\n\n\n\n<h3>Jak przygotowa\u0107 si\u0119 do matury z j\u0119zyka angielskiego? Zrobisz to w Leader School Wieliczka<\/h3>\n\n\n\n<p>Zapraszamy Ci\u0119 na spotkanie z naszym konsultantem j\u0119zykowym. Sprawdzi on poziom Twojego zaawansowania i zaplanuje strategi\u0119 dzia\u0142ania. Podczas kursu b\u0119dziesz powtarza\u0107 materia\u0142, kt\u00f3ry jest obowi\u0105zkowy na maturze z angielskiego wed\u0142ug podstawy programowej. Wsp\u00f3lnie przejdziemy przez:<\/p>\n\n\n\n<ul><li>s\u0142ownictwo wymagane na egzaminie<\/li><li>wszystkie formy pisemne<\/li><li>techniki, kt\u00f3re u\u0142atwiaj\u0105 rozumienie tekstu s\u0142uchanego i czytanego.<\/li><\/ul>\n\n\n\n<p>Nabierzesz odwagi przed cz\u0119\u015bci\u0105 ustn\u0105 egzaminu. Nauczymy Ci\u0119 prawid\u0142owego reagowania i&nbsp;odpowiadania na pytania.<\/p>\n\n\n\n<p>Prowadzimy r\u00f3wnie\u017c&nbsp;<strong>kursy<\/strong> <strong>przygotowawcze do matury z angielskiego rozszerzonego<\/strong>. Ten poziom egzaminu wymaga szerszej znajomo\u015bci s\u0142ownictwa. Wskazana jest tu r\u00f3wnie\u017c bieg\u0142o\u015b\u0107 w m\u00f3wieniu i&nbsp;pisaniu. Dobierzemy plan dzia\u0142ania w taki spos\u00f3b, kt\u00f3ry pomo\u017ce Ci sobie przezwyci\u0119\u017cy\u0107 trudno\u015bci.<\/p>\n\n\n\n<h3>Korzy\u015bci z kursu przygotowawczego do matury z angielskiego<\/h3>\n\n\n\n<p>Na kursie w Leader School w Wieliczce nauczysz si\u0119:<\/p>\n\n\n\n<ul><li>pisa\u0107 teksty wymagane na egzaminie<\/li><li>rozwi\u0105zywa\u0107 zadania dotycz\u0105ce rozumienia ze s\u0142uchu<\/li><li>pracowa\u0107 z czytanym tekstem<\/li><li>wypowiada\u0107 si\u0119 p\u0142ynnie.<\/li><\/ul>\n\n\n\n<p>Uwierzysz w swoje umiej\u0119tno\u015bci. Zaczniesz swobodnie komunikowa\u0107 si\u0119 w j\u0119zyku angielskim. Odwa\u017cnie podejdziesz do cz\u0119\u015bci ustnej matury. Unikniesz stresu. Im szybciej zaczniesz <strong>przygotowanie do matury z angielskiego<\/strong>, tym swobodniej b\u0119dziesz si\u0119 czu\u0107 na egzaminie.&nbsp;<\/p>\n\n\n\n<p>Najlepszy czas, \u017ceby zacz\u0105\u0107, jest dzi\u015b.&nbsp;<\/p>\n","protected":false},"excerpt":{"rendered":"<p>Ju\u017c za rok matura. Chcesz uzyska\u0107 jak najlepsze wyniki i dosta\u0107 si\u0119 na wymarzone studia? Zastanawiasz si\u0119, co b\u0119dziesz robi\u0107 po uko\u0144czeniu szko\u0142y? \u017byjemy w czasach nieograniczonych mo\u017cliwo\u015bci. Je\u017celi zechcesz, mo\u017cesz wyjecha\u0107 do innego kraju w poszukiwaniu pracy. Mo\u017cesz pracowa\u0107 online. Jest to mo\u017cliwe nie tylko z Polski, ale z ka\u017cdego miejsca na \u015bwiecie. Znajomo\u015b\u0107 [&hellip;]<\/p>\n","protected":false},"author":3,"featured_media":0,"parent":0,"menu_order":0,"comment_status":"closed","ping_status":"closed","template":"","meta":{"ngg_post_thumbnail":0},"acf":[],"yoast_head":"<!-- This site is optimized with the Yoast SEO plugin v18.9 - https:\/\/yoast.com\/wordpress\/plugins\/seo\/ -->\n<title>Matura z j\u0119zyka angielskiego w Wieliczce - Leader School<\/title>\n<meta name=\"robots\" content=\"index, follow, max-snippet:-1, max-image-preview:large, max-video-preview:-1\" \/>\n<link rel=\"canonical\" href=\"https:\/\/leaderschool.pl\/wieliczka\/matura-z-jezyka-angielskiego\/\" \/>\n<meta property=\"og:locale\" content=\"pl_PL\" \/>\n<meta property=\"og:type\" content=\"article\" \/>\n<meta property=\"og:title\" content=\"Matura z j\u0119zyka angielskiego w Wieliczce - Leader School\" \/>\n<meta property=\"og:description\" content=\"Ju\u017c za rok matura. Chcesz uzyska\u0107 jak najlepsze wyniki i dosta\u0107 si\u0119 na wymarzone studia? Zastanawiasz si\u0119, co b\u0119dziesz robi\u0107 po uko\u0144czeniu szko\u0142y? \u017byjemy w czasach nieograniczonych mo\u017cliwo\u015bci. Je\u017celi zechcesz, mo\u017cesz wyjecha\u0107 do innego kraju w poszukiwaniu pracy. Mo\u017cesz pracowa\u0107 online. Jest to mo\u017cliwe nie tylko z Polski, ale z ka\u017cdego miejsca na \u015bwiecie. Znajomo\u015b\u0107 [&hellip;]\" \/>\n<meta property=\"og:url\" content=\"https:\/\/leaderschool.pl\/wieliczka\/matura-z-jezyka-angielskiego\/\" \/>\n<meta property=\"og:site_name\" content=\"w Wieliczce - Leader School\" \/>\n<meta property=\"article:modified_time\" content=\"2022-07-23T15:06:43+00:00\" \/>\n<meta name=\"twitter:card\" content=\"summary_large_image\" \/>\n<meta name=\"twitter:label1\" content=\"Szacowany czas czytania\" \/>\n\t<meta name=\"twitter:data1\" content=\"3 minuty\" \/>\n<script type=\"application\/ld+json\" class=\"yoast-schema-graph\">{\"@context\":\"https:\/\/schema.org\",\"@graph\":[{\"@type\":\"WebSite\",\"@id\":\"https:\/\/leaderschool.pl\/wieliczka\/#website\",\"url\":\"https:\/\/leaderschool.pl\/wieliczka\/\",\"name\":\"w Wieliczce - Leader School\",\"description\":\"\",\"potentialAction\":[{\"@type\":\"SearchAction\",\"target\":{\"@type\":\"EntryPoint\",\"urlTemplate\":\"https:\/\/leaderschool.pl\/wieliczka\/?s={search_term_string}\"},\"query-input\":\"required name=search_term_string\"}],\"inLanguage\":\"pl-PL\"},{\"@type\":\"WebPage\",\"@id\":\"https:\/\/leaderschool.pl\/wieliczka\/matura-z-jezyka-angielskiego\/#webpage\",\"url\":\"https:\/\/leaderschool.pl\/wieliczka\/matura-z-jezyka-angielskiego\/\",\"name\":\"Matura z j\u0119zyka angielskiego w Wieliczce - Leader School\",\"isPartOf\":{\"@id\":\"https:\/\/leaderschool.pl\/wieliczka\/#website\"},\"datePublished\":\"2022-07-23T15:06:42+00:00\",\"dateModified\":\"2022-07-23T15:06:43+00:00\",\"breadcrumb\":{\"@id\":\"https:\/\/leaderschool.pl\/wieliczka\/matura-z-jezyka-angielskiego\/#breadcrumb\"},\"inLanguage\":\"pl-PL\",\"potentialAction\":[{\"@type\":\"ReadAction\",\"target\":[\"https:\/\/leaderschool.pl\/wieliczka\/matura-z-jezyka-angielskiego\/\"]}]},{\"@type\":\"BreadcrumbList\",\"@id\":\"https:\/\/leaderschool.pl\/wieliczka\/matura-z-jezyka-angielskiego\/#breadcrumb\",\"itemListElement\":[{\"@type\":\"ListItem\",\"position\":1,\"name\":\"Home\",\"item\":\"https:\/\/leaderschool.pl\/wieliczka\/\"},{\"@type\":\"ListItem\",\"position\":2,\"name\":\"Matura z&nbsp;j\u0119zyka angielskiego\"}]}]}<\/script>\n<!-- \/ Yoast SEO plugin. -->","yoast_head_json":{"title":"Matura z j\u0119zyka angielskiego w Wieliczce - Leader School","robots":{"index":"index","follow":"follow","max-snippet":"max-snippet:-1","max-image-preview":"max-image-preview:large","max-video-preview":"max-video-preview:-1"},"canonical":"https:\/\/leaderschool.pl\/wieliczka\/matura-z-jezyka-angielskiego\/","og_locale":"pl_PL","og_type":"article","og_title":"Matura z j\u0119zyka angielskiego w Wieliczce - Leader School","og_description":"Ju\u017c za rok matura. Chcesz uzyska\u0107 jak najlepsze wyniki i dosta\u0107 si\u0119 na wymarzone studia? Zastanawiasz si\u0119, co b\u0119dziesz robi\u0107 po uko\u0144czeniu szko\u0142y? \u017byjemy w czasach nieograniczonych mo\u017cliwo\u015bci. Je\u017celi zechcesz, mo\u017cesz wyjecha\u0107 do innego kraju w poszukiwaniu pracy. Mo\u017cesz pracowa\u0107 online. Jest to mo\u017cliwe nie tylko z Polski, ale z ka\u017cdego miejsca na \u015bwiecie. Znajomo\u015b\u0107 [&hellip;]","og_url":"https:\/\/leaderschool.pl\/wieliczka\/matura-z-jezyka-angielskiego\/","og_site_name":"w Wieliczce - Leader School","article_modified_time":"2022-07-23T15:06:43+00:00","twitter_card":"summary_large_image","twitter_misc":{"Szacowany czas czytania":"3 minuty"},"schema":{"@context":"https:\/\/schema.org","@graph":[{"@type":"WebSite","@id":"https:\/\/leaderschool.pl\/wieliczka\/#website","url":"https:\/\/leaderschool.pl\/wieliczka\/","name":"w Wieliczce - Leader School","description":"","potentialAction":[{"@type":"SearchAction","target":{"@type":"EntryPoint","urlTemplate":"https:\/\/leaderschool.pl\/wieliczka\/?s={search_term_string}"},"query-input":"required name=search_term_string"}],"inLanguage":"pl-PL"},{"@type":"WebPage","@id":"https:\/\/leaderschool.pl\/wieliczka\/matura-z-jezyka-angielskiego\/#webpage","url":"https:\/\/leaderschool.pl\/wieliczka\/matura-z-jezyka-angielskiego\/","name":"Matura z j\u0119zyka angielskiego w Wieliczce - Leader School","isPartOf":{"@id":"https:\/\/leaderschool.pl\/wieliczka\/#website"},"datePublished":"2022-07-23T15:06:42+00:00","dateModified":"2022-07-23T15:06:43+00:00","breadcrumb":{"@id":"https:\/\/leaderschool.pl\/wieliczka\/matura-z-jezyka-angielskiego\/#breadcrumb"},"inLanguage":"pl-PL","potentialAction":[{"@type":"ReadAction","target":["https:\/\/leaderschool.pl\/wieliczka\/matura-z-jezyka-angielskiego\/"]}]},{"@type":"BreadcrumbList","@id":"https:\/\/leaderschool.pl\/wieliczka\/matura-z-jezyka-angielskiego\/#breadcrumb","itemListElement":[{"@type":"ListItem","position":1,"name":"Home","item":"https:\/\/leaderschool.pl\/wieliczka\/"},{"@type":"ListItem","position":2,"name":"Matura z&nbsp;j\u0119zyka angielskiego"}]}]}},"_links":{"self":[{"href":"https:\/\/leaderschool.pl\/wieliczka\/wp-json\/wp\/v2\/pages\/2609"}],"collection":[{"href":"https:\/\/leaderschool.pl\/wieliczka\/wp-json\/wp\/v2\/pages"}],"about":[{"href":"https:\/\/leaderschool.pl\/wieliczka\/wp-json\/wp\/v2\/types\/page"}],"author":[{"embeddable":true,"href":"https:\/\/leaderschool.pl\/wieliczka\/wp-json\/wp\/v2\/users\/3"}],"replies":[{"embeddable":true,"href":"https:\/\/leaderschool.pl\/wieliczka\/wp-json\/wp\/v2\/comments?post=2609"}],"version-history":[{"count":1,"href":"https:\/\/leaderschool.pl\/wieliczka\/wp-json\/wp\/v2\/pages\/2609\/revisions"}],"predecessor-version":[{"id":2610,"href":"https:\/\/leaderschool.pl\/wieliczka\/wp-json\/wp\/v2\/pages\/2609\/revisions\/2610"}],"wp:attachment":[{"href":"https:\/\/leaderschool.pl\/wieliczka\/wp-json\/wp\/v2\/media?parent=2609"}],"curies":[{"name":"wp","href":"https:\/\/api.w.org\/{rel}","templated":true}]}}