{"id":2607,"date":"2022-07-23T17:05:37","date_gmt":"2022-07-23T15:05:37","guid":{"rendered":"https:\/\/leaderschool.sellision.dev\/wieliczka\/?page_id=2607"},"modified":"2022-07-23T17:05:38","modified_gmt":"2022-07-23T15:05:38","slug":"jezyki-swiata","status":"publish","type":"page","link":"https:\/\/leaderschool.pl\/wieliczka\/jezyki-swiata\/","title":{"rendered":"J\u0119zyki \u015bwiata"},"content":{"rendered":"\n<p>M\u00f3wisz po angielsku? Marzysz o tym, aby nauczy\u0107 si\u0119 kolejnego j\u0119zyka obcego? W <strong>szkole j\u0119zykowej w&nbsp;Wieliczce,<\/strong> opr\u00f3cz zaj\u0119\u0107 z angielskiego, prowadzimy <strong>kursy j\u0119zyka niemieckiego, hiszpa\u0144skiego, w\u0142oskiego i francuskiego dla dzieci, m\u0142odzie\u017cy i doros\u0142ych<\/strong>. Wyb\u00f3r j\u0119zyka nale\u017cy do Ciebie.&nbsp;<\/p>\n\n\n\n<h3>Nauka j\u0119zyk\u00f3w obcych- kiedy si\u0119 przydaje?<\/h3>\n\n\n\n<p>Wybierasz kierunki wakacyjne na podstawie promocyjnych cen bilet\u00f3w lotniczych? Podejmujesz decyzj\u0119 o rozpocz\u0119ciu wakacyjnej pracy za granic\u0105? Chcesz zosta\u0107 cyfrowym nomad\u0105? Masz znajomych we Frakcji czy Hiszpanii? Do wi\u0119kszo\u015bci kraj\u00f3w europejskich mo\u017cesz pojecha\u0107 bez specjalnych przygotowa\u0144. W Europie zazwyczaj bez problemu mo\u017cesz <strong>komunikowa\u0107 si\u0119 w j\u0119zyku angielskim<\/strong>.&nbsp;<\/p>\n\n\n\n<p>Czasem jednak pracodawca wymaga znajomo\u015bci j\u0119zyka kraju, w kt\u00f3rym przebywasz. Zdarzaj\u0105 si\u0119 te\u017c znacz\u0105ce r\u00f3\u017cnice w wynagradzaniu pracownik\u00f3w w zale\u017cno\u015bci od stopnia znajomo\u015bci j\u0119zyka obcego. Mo\u017cesz te\u017c spotka\u0107 kogo\u015b, kto zna tylko <strong>j\u0119zyk hiszpa\u0144ski czy w\u0142oski<\/strong>. Wybierz dla siebie <strong>kurs j\u0119zykowy<\/strong>.<\/p>\n\n\n\n<h3>Hiszpa\u0144ski, niemiecki, w\u0142oski i francuski dla doros\u0142ych i m\u0142odzie\u017cy w Wieliczce<\/h3>\n\n\n\n<p>Niewa\u017cne, z jakiego poziomu startujesz. Na pocz\u0105tku naszej wsp\u00f3\u0142pracy sprawdzimy Twoje umiej\u0119tno\u015bci i wsp\u00f3lnie ustalimy \u015bcie\u017ck\u0119 dalszej nauki. Mo\u017cesz wybra\u0107 zaj\u0119cia w grupie lub indywidualne. Dopasujemy <strong>elastyczny grafik<\/strong> do Twoich mo\u017cliwo\u015bci. Je\u017celi brakuje Ci czasu, zapraszamy na <strong>kursy j\u0119zykowe online<\/strong>. Mo\u017cemy przeprowadzi\u0107 r\u00f3wnie\u017c <strong>kurs j\u0119zykowy dla firm<\/strong>.<\/p>\n\n\n\n<h3>J\u0119zyk hiszpa\u0144ski, niemiecki, w\u0142oski i francuski- dlaczego warto uczy\u0107 si\u0119 w Wieliczce<\/h3>\n\n\n\n<p>Leader School to nowoczesna <strong>szko\u0142a j\u0119zykowa w centrum Wieliczki<\/strong>. R\u00f3\u017cnorodne metody dydaktyczne <strong>do\u015bwiadczeni lektorzy<\/strong> i dobrze wyposa\u017cone sale lekcyjne, to podstawowe warunki dla skutecznej nauki j\u0119zyk\u00f3w obcych.<\/p>\n\n\n\n<p>Z nami nauczysz si\u0119 swobodnej konwersacji w obcym j\u0119zyku, przypomnisz sobie zasady gramatyki i&nbsp;wzbogacisz swoje s\u0142ownictwo. Stosujemy metody, kt\u00f3re rozwijaj\u0105 wszystkie zdolno\u015bci j\u0119zykowe:<\/p>\n\n\n\n<ul><li>pisanie<\/li><li>czytanie<\/li><li>m\u00f3wienie<\/li><li>rozumienie ze s\u0142uchu.<\/li><\/ul>\n\n\n\n<h3>Angielski, niemiecki, hiszpa\u0144ski, w\u0142oski i francuski dla dzieci\u2013 uczymy tych j\u0119zyk\u00f3w w Leader School w Wieliczce.<\/h3>\n\n\n\n<p>Twoje dziecko ma internetowych koleg\u00f3w za granic\u0105? Marzy o to, \u017ceby p\u00f3j\u015b\u0107 na <strong>kurs j\u0119zyka w\u0142oskiego, francuskiego czy niemieckiego<\/strong>? Zapraszamy na kursy j\u0119zykowe dzieci ju\u017c od 7 roku \u017cycia.&nbsp;<\/p>\n\n\n\n<p>Dopasowujemy program nauczania pod indywidualne potrzeby ucznia. Prowadzimy zaj\u0119cia grupowe lub indywidualne. Jednak dzieci ucz\u0105 si\u0119 najszybciej przez zabaw\u0119 i interakcj\u0119 z&nbsp;r\u00f3wie\u015bnikami. Dlatego dla najm\u0142odszych zdecydowanie polecamy prac\u0119 w grupie z <strong>do\u015bwiadczonym lektorem<\/strong>.<\/p>\n\n\n\n<p>Podstaw\u0105 metody pracy z dzie\u0107mi jest nauka praktycznego wykorzystanie j\u0119zyka. Dziecko poznaje podstawowe zwroty, szybko zaczyna rozumie\u0107 s\u0142owo m\u00f3wione i odpowiada na zadane pytania.<\/p>\n\n\n\n<p>Lektor m\u00f3wi wy\u0142\u0105cznie w j\u0119zyku obcym. Pozwala to na <strong>pokonanie bariery j\u0119zykowej<\/strong>. Poniewa\u017c dziecko uczy si\u0119 przez na\u015bladowanie doros\u0142ych, automatycznie zaczyna powtarza\u0107 s\u0142owa i zwroty z&nbsp;odpowiednim akcentem.<\/p>\n\n\n\n<p>Kt\u00f3ry z j\u0119zyk\u00f3w \u015bwiata wybierasz? Pomo\u017cemy Ci wybra\u0107 najlepsz\u0105 metod\u0119 nauki.<\/p>\n","protected":false},"excerpt":{"rendered":"<p>M\u00f3wisz po angielsku? Marzysz o tym, aby nauczy\u0107 si\u0119 kolejnego j\u0119zyka obcego? W szkole j\u0119zykowej w&nbsp;Wieliczce, opr\u00f3cz zaj\u0119\u0107 z angielskiego, prowadzimy kursy j\u0119zyka niemieckiego, hiszpa\u0144skiego, w\u0142oskiego i francuskiego dla dzieci, m\u0142odzie\u017cy i doros\u0142ych. Wyb\u00f3r j\u0119zyka nale\u017cy do Ciebie.&nbsp; Nauka j\u0119zyk\u00f3w obcych- kiedy si\u0119 przydaje? Wybierasz kierunki wakacyjne na podstawie promocyjnych cen bilet\u00f3w lotniczych? Podejmujesz decyzj\u0119 [&hellip;]<\/p>\n","protected":false},"author":3,"featured_media":0,"parent":0,"menu_order":0,"comment_status":"closed","ping_status":"closed","template":"","meta":{"ngg_post_thumbnail":0},"acf":[],"yoast_head":"<!-- This site is optimized with the Yoast SEO plugin v18.9 - https:\/\/yoast.com\/wordpress\/plugins\/seo\/ -->\n<title>J\u0119zyki \u015bwiata w Wieliczce - Leader School<\/title>\n<meta name=\"robots\" content=\"index, follow, max-snippet:-1, max-image-preview:large, max-video-preview:-1\" \/>\n<link rel=\"canonical\" href=\"https:\/\/leaderschool.pl\/wieliczka\/jezyki-swiata\/\" \/>\n<meta property=\"og:locale\" content=\"pl_PL\" \/>\n<meta property=\"og:type\" content=\"article\" \/>\n<meta property=\"og:title\" content=\"J\u0119zyki \u015bwiata w Wieliczce - Leader School\" \/>\n<meta property=\"og:description\" content=\"M\u00f3wisz po angielsku? Marzysz o tym, aby nauczy\u0107 si\u0119 kolejnego j\u0119zyka obcego? W szkole j\u0119zykowej w&nbsp;Wieliczce, opr\u00f3cz zaj\u0119\u0107 z angielskiego, prowadzimy kursy j\u0119zyka niemieckiego, hiszpa\u0144skiego, w\u0142oskiego i francuskiego dla dzieci, m\u0142odzie\u017cy i doros\u0142ych. Wyb\u00f3r j\u0119zyka nale\u017cy do Ciebie.&nbsp; Nauka j\u0119zyk\u00f3w obcych- kiedy si\u0119 przydaje? Wybierasz kierunki wakacyjne na podstawie promocyjnych cen bilet\u00f3w lotniczych? Podejmujesz decyzj\u0119 [&hellip;]\" \/>\n<meta property=\"og:url\" content=\"https:\/\/leaderschool.pl\/wieliczka\/jezyki-swiata\/\" \/>\n<meta property=\"og:site_name\" content=\"w Wieliczce - Leader School\" \/>\n<meta property=\"article:modified_time\" content=\"2022-07-23T15:05:38+00:00\" \/>\n<meta name=\"twitter:card\" content=\"summary_large_image\" \/>\n<meta name=\"twitter:label1\" content=\"Szacowany czas czytania\" \/>\n\t<meta name=\"twitter:data1\" content=\"3 minuty\" \/>\n<script type=\"application\/ld+json\" class=\"yoast-schema-graph\">{\"@context\":\"https:\/\/schema.org\",\"@graph\":[{\"@type\":\"WebSite\",\"@id\":\"https:\/\/leaderschool.pl\/wieliczka\/#website\",\"url\":\"https:\/\/leaderschool.pl\/wieliczka\/\",\"name\":\"w Wieliczce - Leader School\",\"description\":\"\",\"potentialAction\":[{\"@type\":\"SearchAction\",\"target\":{\"@type\":\"EntryPoint\",\"urlTemplate\":\"https:\/\/leaderschool.pl\/wieliczka\/?s={search_term_string}\"},\"query-input\":\"required name=search_term_string\"}],\"inLanguage\":\"pl-PL\"},{\"@type\":\"WebPage\",\"@id\":\"https:\/\/leaderschool.pl\/wieliczka\/jezyki-swiata\/#webpage\",\"url\":\"https:\/\/leaderschool.pl\/wieliczka\/jezyki-swiata\/\",\"name\":\"J\u0119zyki \u015bwiata w Wieliczce - Leader School\",\"isPartOf\":{\"@id\":\"https:\/\/leaderschool.pl\/wieliczka\/#website\"},\"datePublished\":\"2022-07-23T15:05:37+00:00\",\"dateModified\":\"2022-07-23T15:05:38+00:00\",\"breadcrumb\":{\"@id\":\"https:\/\/leaderschool.pl\/wieliczka\/jezyki-swiata\/#breadcrumb\"},\"inLanguage\":\"pl-PL\",\"potentialAction\":[{\"@type\":\"ReadAction\",\"target\":[\"https:\/\/leaderschool.pl\/wieliczka\/jezyki-swiata\/\"]}]},{\"@type\":\"BreadcrumbList\",\"@id\":\"https:\/\/leaderschool.pl\/wieliczka\/jezyki-swiata\/#breadcrumb\",\"itemListElement\":[{\"@type\":\"ListItem\",\"position\":1,\"name\":\"Home\",\"item\":\"https:\/\/leaderschool.pl\/wieliczka\/\"},{\"@type\":\"ListItem\",\"position\":2,\"name\":\"J\u0119zyki \u015bwiata\"}]}]}<\/script>\n<!-- \/ Yoast SEO plugin. -->","yoast_head_json":{"title":"J\u0119zyki \u015bwiata w Wieliczce - Leader School","robots":{"index":"index","follow":"follow","max-snippet":"max-snippet:-1","max-image-preview":"max-image-preview:large","max-video-preview":"max-video-preview:-1"},"canonical":"https:\/\/leaderschool.pl\/wieliczka\/jezyki-swiata\/","og_locale":"pl_PL","og_type":"article","og_title":"J\u0119zyki \u015bwiata w Wieliczce - Leader School","og_description":"M\u00f3wisz po angielsku? Marzysz o tym, aby nauczy\u0107 si\u0119 kolejnego j\u0119zyka obcego? W szkole j\u0119zykowej w&nbsp;Wieliczce, opr\u00f3cz zaj\u0119\u0107 z angielskiego, prowadzimy kursy j\u0119zyka niemieckiego, hiszpa\u0144skiego, w\u0142oskiego i francuskiego dla dzieci, m\u0142odzie\u017cy i doros\u0142ych. Wyb\u00f3r j\u0119zyka nale\u017cy do Ciebie.&nbsp; Nauka j\u0119zyk\u00f3w obcych- kiedy si\u0119 przydaje? Wybierasz kierunki wakacyjne na podstawie promocyjnych cen bilet\u00f3w lotniczych? Podejmujesz decyzj\u0119 [&hellip;]","og_url":"https:\/\/leaderschool.pl\/wieliczka\/jezyki-swiata\/","og_site_name":"w Wieliczce - Leader School","article_modified_time":"2022-07-23T15:05:38+00:00","twitter_card":"summary_large_image","twitter_misc":{"Szacowany czas czytania":"3 minuty"},"schema":{"@context":"https:\/\/schema.org","@graph":[{"@type":"WebSite","@id":"https:\/\/leaderschool.pl\/wieliczka\/#website","url":"https:\/\/leaderschool.pl\/wieliczka\/","name":"w Wieliczce - Leader School","description":"","potentialAction":[{"@type":"SearchAction","target":{"@type":"EntryPoint","urlTemplate":"https:\/\/leaderschool.pl\/wieliczka\/?s={search_term_string}"},"query-input":"required name=search_term_string"}],"inLanguage":"pl-PL"},{"@type":"WebPage","@id":"https:\/\/leaderschool.pl\/wieliczka\/jezyki-swiata\/#webpage","url":"https:\/\/leaderschool.pl\/wieliczka\/jezyki-swiata\/","name":"J\u0119zyki \u015bwiata w Wieliczce - Leader School","isPartOf":{"@id":"https:\/\/leaderschool.pl\/wieliczka\/#website"},"datePublished":"2022-07-23T15:05:37+00:00","dateModified":"2022-07-23T15:05:38+00:00","breadcrumb":{"@id":"https:\/\/leaderschool.pl\/wieliczka\/jezyki-swiata\/#breadcrumb"},"inLanguage":"pl-PL","potentialAction":[{"@type":"ReadAction","target":["https:\/\/leaderschool.pl\/wieliczka\/jezyki-swiata\/"]}]},{"@type":"BreadcrumbList","@id":"https:\/\/leaderschool.pl\/wieliczka\/jezyki-swiata\/#breadcrumb","itemListElement":[{"@type":"ListItem","position":1,"name":"Home","item":"https:\/\/leaderschool.pl\/wieliczka\/"},{"@type":"ListItem","position":2,"name":"J\u0119zyki \u015bwiata"}]}]}},"_links":{"self":[{"href":"https:\/\/leaderschool.pl\/wieliczka\/wp-json\/wp\/v2\/pages\/2607"}],"collection":[{"href":"https:\/\/leaderschool.pl\/wieliczka\/wp-json\/wp\/v2\/pages"}],"about":[{"href":"https:\/\/leaderschool.pl\/wieliczka\/wp-json\/wp\/v2\/types\/page"}],"author":[{"embeddable":true,"href":"https:\/\/leaderschool.pl\/wieliczka\/wp-json\/wp\/v2\/users\/3"}],"replies":[{"embeddable":true,"href":"https:\/\/leaderschool.pl\/wieliczka\/wp-json\/wp\/v2\/comments?post=2607"}],"version-history":[{"count":1,"href":"https:\/\/leaderschool.pl\/wieliczka\/wp-json\/wp\/v2\/pages\/2607\/revisions"}],"predecessor-version":[{"id":2608,"href":"https:\/\/leaderschool.pl\/wieliczka\/wp-json\/wp\/v2\/pages\/2607\/revisions\/2608"}],"wp:attachment":[{"href":"https:\/\/leaderschool.pl\/wieliczka\/wp-json\/wp\/v2\/media?parent=2607"}],"curies":[{"name":"wp","href":"https:\/\/api.w.org\/{rel}","templated":true}]}}