{"id":2605,"date":"2022-07-23T17:04:28","date_gmt":"2022-07-23T15:04:28","guid":{"rendered":"https:\/\/leaderschool.sellision.dev\/wieliczka\/?page_id=2605"},"modified":"2022-07-23T17:04:29","modified_gmt":"2022-07-23T15:04:29","slug":"przygotowanie-do-egzaminu-osmoklasisty","status":"publish","type":"page","link":"https:\/\/leaderschool.pl\/wieliczka\/przygotowanie-do-egzaminu-osmoklasisty\/","title":{"rendered":"Przygotowanie do egzaminu \u00f3smoklasisty"},"content":{"rendered":"\n<p>Ko\u0144czysz szko\u0142\u0119 podstawow\u0105? Chcesz zda\u0107 egzamin z j\u0119zyka angielskiego z jak najlepszym wynikiem? Teraz mo\u017cesz<strong> przygotowa\u0107 si\u0119 do egzaminu \u00f3smoklasisty z angielskiego<\/strong>&nbsp;w Leader School w Wieliczce.<\/p>\n\n\n\n<p>Lekcje j\u0119zyka obcego w szkole cz\u0119sto nie wystarcz\u0105, aby umo\u017cliwi\u0107 jego opanowanie na takim poziomie, jak chcia\u0142by tego ucze\u0144. <strong>Zaj\u0119cia dodatkowe z j\u0119zyka angielskiego<\/strong> pozwalaj\u0105 na rozszerzenie og\u00f3lnej wiedzy oraz nadrobienie ewentualnych zaleg\u0142o\u015bci.<\/p>\n\n\n\n<p>Pracujemy metod\u0105 komunikacyjn\u0105. Z nami opanujesz prawid\u0142ow\u0105 wymow\u0119 i poprawisz umiej\u0119tno\u015bci konwersacji. Szybciej zrozumiesz kierowane do Ciebie wypowiedzi w j\u0119zyku angielskim i&nbsp;zaczniesz sprawnie odpowiada\u0107 na pytania.<\/p>\n\n\n\n<h3>Przygotowanie do egzaminu \u00f3smoklasisty- jakich umiej\u0119tno\u015bci potrzebujesz?<\/h3>\n\n\n\n<p>Egzamin \u00f3smoklasisty sk\u0142ada si\u0119 z cz\u0119\u015bci pisemnej i ustnej. Ka\u017cda cz\u0119\u015b\u0107 sprawdza inne umiej\u0119tno\u015bci. Co dok\u0142adnie b\u0119d\u0105 sprawdza\u0107 egzaminatorzy? Ocenie podlegaj\u0105 nast\u0119puj\u0105ce elementy:<\/p>\n\n\n\n<ul><li>umiej\u0119tno\u015b\u0107 rozumienia ze s\u0142uchu<\/li><li>czytanie ze zrozumieniem<\/li><li>przygotowanie wypowiedzi pisemnej<\/li><li>przeprowadzenie konwersacji z egzaminatorem na zadany temat.<\/li><\/ul>\n\n\n\n<p>Czujesz, \u017ce kt\u00f3ry\u015b z tych aspekt\u00f3w budzi Tw\u00f3j niepok\u00f3j? Zaufaj nam. Wszystkie umiej\u0119tno\u015bci potrzebne na egzaminie \u00f3smoklasisty, mo\u017cesz prze\u0107wiczy\u0107 i utrwali\u0107 <strong>w szkole j\u0119zykowej w Wieliczce<\/strong>.<\/p>\n\n\n\n<p>Uczniowie potwierdzaj\u0105, \u017ce nauka w naszej szkole jest nie tylko przyjemna, ale i efektywna. Wida\u0107 to najlepiej po wynikach egzamin\u00f3w i po tym, \u017ce po roku czy dw\u00f3ch latach przychodzi do nas m\u0142odsze rodze\u0144stwo kursant\u00f3w.<\/p>\n\n\n\n<h3>Egzamin \u00f3smoklasisty w Wieliczce- jak uczymy?<\/h3>\n\n\n\n<p>W ramach <strong>kursu przygotowuj\u0105cego do egzaminu \u00f3smoklasisty w Leader School w Wieliczce<\/strong> proponujemy zaj\u0119cia w niewielkich grupach. Specyfika grupy pozwala uczniom na efektywne przyswajanie wiedzy. Je\u017celi jednak uwa\u017casz, \u017ce lepsza jest dla Ciebie praca samodzielna, dobierzemy dla Ciebie zaj\u0119cia indywidualne.&nbsp;<\/p>\n\n\n\n<p>Pracujemy zgodnie z wytycznymi Centralnej Komisji Egzaminacyjnej przewidzianymi na dany rok. Wed\u0142ug tego klucza uczymy naszych kursant\u00f3w. Lekcje przeprowadzaj\u0105 <strong>do\u015bwiadczeni nauczyciele<\/strong>, kt\u00f3rzy s\u0105 egzaminatorami. Program jest dostosowany do stopnia zaawansowania ucznia.&nbsp;<\/p>\n\n\n\n<p>Pracujemy w ma\u0142ych grupach. Mamy <strong>elastyczny grafik<\/strong> zaj\u0119\u0107. Mo\u017cemy dostosowa\u0107 go do mo\u017cliwo\u015bci ucznia. Podczas trwania kursu uczniowie korzystaj\u0105 z bogatych <strong>materia\u0142\u00f3w dydaktycznych<\/strong>. Kurs trwa rok lub 2 lata. D\u0142ugo\u015b\u0107 kursu zale\u017cy od tego, w kt\u00f3rej klasie go rozpoczniesz.<\/p>\n\n\n\n<h3>Egzamin \u00f3smoklasisty-co zyskasz na zaj\u0119ciach dodatkowych z angielskiego?<\/h3>\n\n\n\n<p>Przede wszystkim uporz\u0105dkujesz swoj\u0105 wiedz\u0119 i prze\u0107wiczysz to, co sprawia Ci trudno\u015b\u0107. Dodatkowo:<\/p>\n\n\n\n<ul><li>prze\u0142amiesz barier\u0119 j\u0119zykow\u0105 i zaczniesz swobodnie m\u00f3wi\u0107<\/li><li>poszerzysz sw\u00f3j zas\u00f3b s\u0142\u00f3w i zwrot\u00f3w<\/li><li>os\u0142uchasz si\u0119 z j\u0119zykiem angielskim<\/li><li>nauczysz si\u0119 uczy\u0107- poznasz nasze sposoby na skuteczn\u0105 nauk\u0119<\/li><li>umiej\u0119tno\u015bci j\u0119zykowe wykorzystasz r\u00f3wnie\u017c na wakacjach czy podczas dalszej edukacji.<\/li><\/ul>\n\n\n\n<p>Wci\u0105\u017c nie masz pewno\u015bci, czy poradzisz sobie na egzaminie? Chcesz mie\u0107 gwarancj\u0119 \u015bwietnego przygotowania, zanim przyst\u0105pisz do testu? Zapraszamy do Leader School w Wieliczce.<\/p>\n","protected":false},"excerpt":{"rendered":"<p>Ko\u0144czysz szko\u0142\u0119 podstawow\u0105? Chcesz zda\u0107 egzamin z j\u0119zyka angielskiego z jak najlepszym wynikiem? Teraz mo\u017cesz przygotowa\u0107 si\u0119 do egzaminu \u00f3smoklasisty z angielskiego&nbsp;w Leader School w Wieliczce. Lekcje j\u0119zyka obcego w szkole cz\u0119sto nie wystarcz\u0105, aby umo\u017cliwi\u0107 jego opanowanie na takim poziomie, jak chcia\u0142by tego ucze\u0144. Zaj\u0119cia dodatkowe z j\u0119zyka angielskiego pozwalaj\u0105 na rozszerzenie og\u00f3lnej wiedzy [&hellip;]<\/p>\n","protected":false},"author":3,"featured_media":0,"parent":0,"menu_order":0,"comment_status":"closed","ping_status":"closed","template":"","meta":{"ngg_post_thumbnail":0},"acf":[],"yoast_head":"<!-- This site is optimized with the Yoast SEO plugin v18.9 - https:\/\/yoast.com\/wordpress\/plugins\/seo\/ -->\n<title>Przygotowanie do egzaminu \u00f3smoklasisty w Wieliczce - Leader School<\/title>\n<meta name=\"robots\" content=\"index, follow, max-snippet:-1, max-image-preview:large, max-video-preview:-1\" \/>\n<link rel=\"canonical\" href=\"https:\/\/leaderschool.pl\/wieliczka\/przygotowanie-do-egzaminu-osmoklasisty\/\" \/>\n<meta property=\"og:locale\" content=\"pl_PL\" \/>\n<meta property=\"og:type\" content=\"article\" \/>\n<meta property=\"og:title\" content=\"Przygotowanie do egzaminu \u00f3smoklasisty w Wieliczce - Leader School\" \/>\n<meta property=\"og:description\" content=\"Ko\u0144czysz szko\u0142\u0119 podstawow\u0105? Chcesz zda\u0107 egzamin z j\u0119zyka angielskiego z jak najlepszym wynikiem? Teraz mo\u017cesz przygotowa\u0107 si\u0119 do egzaminu \u00f3smoklasisty z angielskiego&nbsp;w Leader School w Wieliczce. Lekcje j\u0119zyka obcego w szkole cz\u0119sto nie wystarcz\u0105, aby umo\u017cliwi\u0107 jego opanowanie na takim poziomie, jak chcia\u0142by tego ucze\u0144. Zaj\u0119cia dodatkowe z j\u0119zyka angielskiego pozwalaj\u0105 na rozszerzenie og\u00f3lnej wiedzy [&hellip;]\" \/>\n<meta property=\"og:url\" content=\"https:\/\/leaderschool.pl\/wieliczka\/przygotowanie-do-egzaminu-osmoklasisty\/\" \/>\n<meta property=\"og:site_name\" content=\"w Wieliczce - Leader School\" \/>\n<meta property=\"article:modified_time\" content=\"2022-07-23T15:04:29+00:00\" \/>\n<meta name=\"twitter:card\" content=\"summary_large_image\" \/>\n<meta name=\"twitter:label1\" content=\"Szacowany czas czytania\" \/>\n\t<meta name=\"twitter:data1\" content=\"3 minuty\" \/>\n<script type=\"application\/ld+json\" class=\"yoast-schema-graph\">{\"@context\":\"https:\/\/schema.org\",\"@graph\":[{\"@type\":\"WebSite\",\"@id\":\"https:\/\/leaderschool.pl\/wieliczka\/#website\",\"url\":\"https:\/\/leaderschool.pl\/wieliczka\/\",\"name\":\"w Wieliczce - Leader School\",\"description\":\"\",\"potentialAction\":[{\"@type\":\"SearchAction\",\"target\":{\"@type\":\"EntryPoint\",\"urlTemplate\":\"https:\/\/leaderschool.pl\/wieliczka\/?s={search_term_string}\"},\"query-input\":\"required name=search_term_string\"}],\"inLanguage\":\"pl-PL\"},{\"@type\":\"WebPage\",\"@id\":\"https:\/\/leaderschool.pl\/wieliczka\/przygotowanie-do-egzaminu-osmoklasisty\/#webpage\",\"url\":\"https:\/\/leaderschool.pl\/wieliczka\/przygotowanie-do-egzaminu-osmoklasisty\/\",\"name\":\"Przygotowanie do egzaminu \u00f3smoklasisty w Wieliczce - Leader School\",\"isPartOf\":{\"@id\":\"https:\/\/leaderschool.pl\/wieliczka\/#website\"},\"datePublished\":\"2022-07-23T15:04:28+00:00\",\"dateModified\":\"2022-07-23T15:04:29+00:00\",\"breadcrumb\":{\"@id\":\"https:\/\/leaderschool.pl\/wieliczka\/przygotowanie-do-egzaminu-osmoklasisty\/#breadcrumb\"},\"inLanguage\":\"pl-PL\",\"potentialAction\":[{\"@type\":\"ReadAction\",\"target\":[\"https:\/\/leaderschool.pl\/wieliczka\/przygotowanie-do-egzaminu-osmoklasisty\/\"]}]},{\"@type\":\"BreadcrumbList\",\"@id\":\"https:\/\/leaderschool.pl\/wieliczka\/przygotowanie-do-egzaminu-osmoklasisty\/#breadcrumb\",\"itemListElement\":[{\"@type\":\"ListItem\",\"position\":1,\"name\":\"Home\",\"item\":\"https:\/\/leaderschool.pl\/wieliczka\/\"},{\"@type\":\"ListItem\",\"position\":2,\"name\":\"Przygotowanie do&nbsp;egzaminu \u00f3smoklasisty\"}]}]}<\/script>\n<!-- \/ Yoast SEO plugin. -->","yoast_head_json":{"title":"Przygotowanie do egzaminu \u00f3smoklasisty w Wieliczce - Leader School","robots":{"index":"index","follow":"follow","max-snippet":"max-snippet:-1","max-image-preview":"max-image-preview:large","max-video-preview":"max-video-preview:-1"},"canonical":"https:\/\/leaderschool.pl\/wieliczka\/przygotowanie-do-egzaminu-osmoklasisty\/","og_locale":"pl_PL","og_type":"article","og_title":"Przygotowanie do egzaminu \u00f3smoklasisty w Wieliczce - Leader School","og_description":"Ko\u0144czysz szko\u0142\u0119 podstawow\u0105? Chcesz zda\u0107 egzamin z j\u0119zyka angielskiego z jak najlepszym wynikiem? Teraz mo\u017cesz przygotowa\u0107 si\u0119 do egzaminu \u00f3smoklasisty z angielskiego&nbsp;w Leader School w Wieliczce. Lekcje j\u0119zyka obcego w szkole cz\u0119sto nie wystarcz\u0105, aby umo\u017cliwi\u0107 jego opanowanie na takim poziomie, jak chcia\u0142by tego ucze\u0144. Zaj\u0119cia dodatkowe z j\u0119zyka angielskiego pozwalaj\u0105 na rozszerzenie og\u00f3lnej wiedzy [&hellip;]","og_url":"https:\/\/leaderschool.pl\/wieliczka\/przygotowanie-do-egzaminu-osmoklasisty\/","og_site_name":"w Wieliczce - Leader School","article_modified_time":"2022-07-23T15:04:29+00:00","twitter_card":"summary_large_image","twitter_misc":{"Szacowany czas czytania":"3 minuty"},"schema":{"@context":"https:\/\/schema.org","@graph":[{"@type":"WebSite","@id":"https:\/\/leaderschool.pl\/wieliczka\/#website","url":"https:\/\/leaderschool.pl\/wieliczka\/","name":"w Wieliczce - Leader School","description":"","potentialAction":[{"@type":"SearchAction","target":{"@type":"EntryPoint","urlTemplate":"https:\/\/leaderschool.pl\/wieliczka\/?s={search_term_string}"},"query-input":"required name=search_term_string"}],"inLanguage":"pl-PL"},{"@type":"WebPage","@id":"https:\/\/leaderschool.pl\/wieliczka\/przygotowanie-do-egzaminu-osmoklasisty\/#webpage","url":"https:\/\/leaderschool.pl\/wieliczka\/przygotowanie-do-egzaminu-osmoklasisty\/","name":"Przygotowanie do egzaminu \u00f3smoklasisty w Wieliczce - Leader School","isPartOf":{"@id":"https:\/\/leaderschool.pl\/wieliczka\/#website"},"datePublished":"2022-07-23T15:04:28+00:00","dateModified":"2022-07-23T15:04:29+00:00","breadcrumb":{"@id":"https:\/\/leaderschool.pl\/wieliczka\/przygotowanie-do-egzaminu-osmoklasisty\/#breadcrumb"},"inLanguage":"pl-PL","potentialAction":[{"@type":"ReadAction","target":["https:\/\/leaderschool.pl\/wieliczka\/przygotowanie-do-egzaminu-osmoklasisty\/"]}]},{"@type":"BreadcrumbList","@id":"https:\/\/leaderschool.pl\/wieliczka\/przygotowanie-do-egzaminu-osmoklasisty\/#breadcrumb","itemListElement":[{"@type":"ListItem","position":1,"name":"Home","item":"https:\/\/leaderschool.pl\/wieliczka\/"},{"@type":"ListItem","position":2,"name":"Przygotowanie do&nbsp;egzaminu \u00f3smoklasisty"}]}]}},"_links":{"self":[{"href":"https:\/\/leaderschool.pl\/wieliczka\/wp-json\/wp\/v2\/pages\/2605"}],"collection":[{"href":"https:\/\/leaderschool.pl\/wieliczka\/wp-json\/wp\/v2\/pages"}],"about":[{"href":"https:\/\/leaderschool.pl\/wieliczka\/wp-json\/wp\/v2\/types\/page"}],"author":[{"embeddable":true,"href":"https:\/\/leaderschool.pl\/wieliczka\/wp-json\/wp\/v2\/users\/3"}],"replies":[{"embeddable":true,"href":"https:\/\/leaderschool.pl\/wieliczka\/wp-json\/wp\/v2\/comments?post=2605"}],"version-history":[{"count":1,"href":"https:\/\/leaderschool.pl\/wieliczka\/wp-json\/wp\/v2\/pages\/2605\/revisions"}],"predecessor-version":[{"id":2606,"href":"https:\/\/leaderschool.pl\/wieliczka\/wp-json\/wp\/v2\/pages\/2605\/revisions\/2606"}],"wp:attachment":[{"href":"https:\/\/leaderschool.pl\/wieliczka\/wp-json\/wp\/v2\/media?parent=2605"}],"curies":[{"name":"wp","href":"https:\/\/api.w.org\/{rel}","templated":true}]}}