{"id":2603,"date":"2022-07-23T17:03:29","date_gmt":"2022-07-23T15:03:29","guid":{"rendered":"https:\/\/leaderschool.sellision.dev\/wieliczka\/?page_id=2603"},"modified":"2022-07-23T17:03:30","modified_gmt":"2022-07-23T15:03:30","slug":"kursy-jezyka-hiszpanskiego","status":"publish","type":"page","link":"https:\/\/leaderschool.pl\/wieliczka\/kursy-jezyka-hiszpanskiego\/","title":{"rendered":"Kursy j\u0119zyka hiszpa\u0144skiego"},"content":{"rendered":"\n<p>Twoje dziecko uwielbia podr\u00f3\u017ce i poznawanie r\u00f3\u017cnych kultur? Koniecznie pozw\u00f3l mu uczy\u0107 si\u0119 j\u0119zyka hiszpa\u0144skiego. Dlaczego proponujemy akurat hiszpa\u0144ski? Poniewa\u017c w tym j\u0119zyku porozumiewaj\u0105 si\u0119 nie tylko Hiszpanie, ale i mieszka\u0144cy Ameryki \u015arodkowej i Po\u0142udniowej. Umiej\u0119tno\u015b\u0107 porozumiewania si\u0119 w&nbsp;j\u0119zyku hiszpa\u0144skim pozwoli Twojemu dziecku na swobodne poznawanie Europy i reszty \u015bwiata.<\/p>\n\n\n\n<h3>Kursy j\u0119zyka hiszpa\u0144skiego w Wieliczce<\/h3>\n\n\n\n<p><strong>Kursy j\u0119zyka hiszpa\u0144skiego w Leader School w Wieliczce<\/strong> s\u0105 przeznaczone dla dzieci w wieku przedszkolnym i dla uczni\u00f3w na poziomie szko\u0142y podstawowej. Dziecko mo\u017ce rozpocz\u0105\u0107 nauk\u0119 hiszpa\u0144skiego ju\u017c w wieku 6 lat. Nauka jest prowadzona w grupach, co jest szczeg\u00f3lnie wa\u017cne dla najm\u0142odszych. Starszym dzieciom proponujemy zaj\u0119cia grupowe lub indywidualne.<\/p>\n\n\n\n<h3>J\u0119zyk hiszpa\u0144ski w Leader School Wieliczka- jak uczymy?<\/h3>\n\n\n\n<p>Dzieci najefektywniej ucz\u0105 si\u0119 poprzez zabaw\u0119. Metoda, kt\u00f3r\u0105 uczymy <strong>j\u0119zyka hiszpa\u0144skiego w Leader School w Wieliczce<\/strong> to nauka, kt\u00f3ra sprawia dziecku rado\u015b\u0107. Ka\u017cda lekcja bardziej przypomina przygod\u0119 ni\u017c pobyt w szkole. Do nauki wykorzystujemy gry, zabawy i piosenki. Uczniowie zapami\u0119tuj\u0105 nowe zwroty i s\u0142\u00f3wka szybko i efektywnie.<\/p>\n\n\n\n<p>Nauczyciele m\u00f3wi\u0105 wy\u0142\u0105cznie po hiszpa\u0144sku. Nie jest to jednak przeszkod\u0105 w komunikacji. Dziecko jest dos\u0142ownie \u201ezanurzone\u201d w j\u0119zyku obcym. Uczy si\u0119 go tak, jak j\u0119zyka ojczystego w domu rodzinnym. Dzi\u0119ki temu nie ma problemu z barier\u0105 j\u0119zykow\u0105. Poniewa\u017c dziecko jest doskona\u0142ym obserwatorem i&nbsp;uczy si\u0119 poprzez na\u015bladowanie, szybko opanowuje poprawn\u0105 wymow\u0119 i akcent.<\/p>\n\n\n\n<p>\u0106wiczenia s\u0105 r\u00f3\u017cnorodne. Wykorzystuj\u0105 dominuj\u0105cy rodzaj inteligencji u ka\u017cdego dziecka. Co to oznacza? Niekt\u00f3re zaj\u0119cia wymagaj\u0105 ruchu. Podczas nich dzieci podskakuj\u0105, biegaj\u0105 i ta\u0144cz\u0105. Na innych lekcjach uczymy poprzez m\u00f3wienie. Uczniowie recytuj\u0105, \u015bpiewaj\u0105 i licz\u0105.<\/p>\n\n\n\n<p>Zapami\u0119tywanie s\u0142\u00f3w i&nbsp;zwrot\u00f3w \u0107wiczymy poprzez zaj\u0119cia teatralne. Dziecko ma za zadanie nauczy\u0107 si\u0119 roli i j\u0105 odegra\u0107. Uczymy r\u00f3wnie\u017c poprzez zaj\u0119cia przyrodnicze i humanistyczne. Rodzice uczni\u00f3w obserwuj\u0105, \u017ce metoda wydobywa i rozwija r\u00f3wnie\u017c inne zdolno\u015bci ich dzieci.&nbsp;<\/p>\n\n\n\n<h3>Zalety metody nauki j\u0119zyka hiszpa\u0144skiego w szkole j\u0119zykowej w Wieliczce:<\/h3>\n\n\n\n<ul><li>stosujemy skuteczn\u0105 metod\u0119 powtarzania i zapami\u0119tywania<\/li><li>uczymy dzieci budowania prawid\u0142owych zda\u0144 metod\u0105 powt\u00f3rze\u0144<\/li><li>k\u0142adziemy nacisk na naturaln\u0105 komunikacj\u0119<\/li><li>\u0107wiczymy prowadzenia dialog\u00f3w z zastosowaniem nowych s\u0142\u00f3w<\/li><li>kojarzymy s\u0142owa z ruchem lub z muzyk\u0105, co u\u0142atwia zapami\u0119tywanie s\u0142\u00f3w i zda\u0144<\/li><li>dopasowujemy zaj\u0119cia do wieku i umiej\u0119tno\u015bci dziecka<\/li><li>doceniamy ka\u017cdy, nawet najmniejszy post\u0119p w nauce, co zwi\u0119ksza motywacj\u0119<\/li><li>tematy zaj\u0119\u0107 s\u0105 nie tylko przydatne, ale te\u017c sprawiaj\u0105 dziecku rado\u015b\u0107.<\/li><\/ul>\n\n\n\n<h3>Korzy\u015bci z kursu j\u0119zyka hiszpa\u0144skiego<\/h3>\n\n\n\n<p>Dziecko zaczyna komunikowa\u0107 si\u0119 w obcym j\u0119zyku w spos\u00f3b naturalny. Nie ma problemu z barier\u0105 j\u0119zykow\u0105. Skuteczno\u015b\u0107 metody potwierdz\u0105 Twoje dzieci na Waszym najbli\u017cszym wsp\u00f3lnym wyje\u017adzie do Hiszpanii.&nbsp;<\/p>\n\n\n\n<p>Chcesz, \u017ceby Twoje dziecko zacz\u0119\u0142o realizowa\u0107 swoje marzenia? Zapraszamy do Leader School w&nbsp;Wieliczce.<\/p>\n","protected":false},"excerpt":{"rendered":"<p>Twoje dziecko uwielbia podr\u00f3\u017ce i poznawanie r\u00f3\u017cnych kultur? Koniecznie pozw\u00f3l mu uczy\u0107 si\u0119 j\u0119zyka hiszpa\u0144skiego. Dlaczego proponujemy akurat hiszpa\u0144ski? Poniewa\u017c w tym j\u0119zyku porozumiewaj\u0105 si\u0119 nie tylko Hiszpanie, ale i mieszka\u0144cy Ameryki \u015arodkowej i Po\u0142udniowej. Umiej\u0119tno\u015b\u0107 porozumiewania si\u0119 w&nbsp;j\u0119zyku hiszpa\u0144skim pozwoli Twojemu dziecku na swobodne poznawanie Europy i reszty \u015bwiata. Kursy j\u0119zyka hiszpa\u0144skiego w Wieliczce [&hellip;]<\/p>\n","protected":false},"author":3,"featured_media":0,"parent":0,"menu_order":0,"comment_status":"closed","ping_status":"closed","template":"","meta":{"ngg_post_thumbnail":0},"acf":[],"yoast_head":"<!-- This site is optimized with the Yoast SEO plugin v18.9 - https:\/\/yoast.com\/wordpress\/plugins\/seo\/ -->\n<title>Kursy j\u0119zyka hiszpa\u0144skiego w Wieliczce - Leader School<\/title>\n<meta name=\"robots\" content=\"index, follow, max-snippet:-1, max-image-preview:large, max-video-preview:-1\" \/>\n<link rel=\"canonical\" href=\"https:\/\/leaderschool.pl\/wieliczka\/kursy-jezyka-hiszpanskiego\/\" \/>\n<meta property=\"og:locale\" content=\"pl_PL\" \/>\n<meta property=\"og:type\" content=\"article\" \/>\n<meta property=\"og:title\" content=\"Kursy j\u0119zyka hiszpa\u0144skiego w Wieliczce - Leader School\" \/>\n<meta property=\"og:description\" content=\"Twoje dziecko uwielbia podr\u00f3\u017ce i poznawanie r\u00f3\u017cnych kultur? Koniecznie pozw\u00f3l mu uczy\u0107 si\u0119 j\u0119zyka hiszpa\u0144skiego. Dlaczego proponujemy akurat hiszpa\u0144ski? Poniewa\u017c w tym j\u0119zyku porozumiewaj\u0105 si\u0119 nie tylko Hiszpanie, ale i mieszka\u0144cy Ameryki \u015arodkowej i Po\u0142udniowej. Umiej\u0119tno\u015b\u0107 porozumiewania si\u0119 w&nbsp;j\u0119zyku hiszpa\u0144skim pozwoli Twojemu dziecku na swobodne poznawanie Europy i reszty \u015bwiata. Kursy j\u0119zyka hiszpa\u0144skiego w Wieliczce [&hellip;]\" \/>\n<meta property=\"og:url\" content=\"https:\/\/leaderschool.pl\/wieliczka\/kursy-jezyka-hiszpanskiego\/\" \/>\n<meta property=\"og:site_name\" content=\"w Wieliczce - Leader School\" \/>\n<meta property=\"article:modified_time\" content=\"2022-07-23T15:03:30+00:00\" \/>\n<meta name=\"twitter:card\" content=\"summary_large_image\" \/>\n<meta name=\"twitter:label1\" content=\"Szacowany czas czytania\" \/>\n\t<meta name=\"twitter:data1\" content=\"3 minuty\" \/>\n<script type=\"application\/ld+json\" class=\"yoast-schema-graph\">{\"@context\":\"https:\/\/schema.org\",\"@graph\":[{\"@type\":\"WebSite\",\"@id\":\"https:\/\/leaderschool.pl\/wieliczka\/#website\",\"url\":\"https:\/\/leaderschool.pl\/wieliczka\/\",\"name\":\"w Wieliczce - Leader School\",\"description\":\"\",\"potentialAction\":[{\"@type\":\"SearchAction\",\"target\":{\"@type\":\"EntryPoint\",\"urlTemplate\":\"https:\/\/leaderschool.pl\/wieliczka\/?s={search_term_string}\"},\"query-input\":\"required name=search_term_string\"}],\"inLanguage\":\"pl-PL\"},{\"@type\":\"WebPage\",\"@id\":\"https:\/\/leaderschool.pl\/wieliczka\/kursy-jezyka-hiszpanskiego\/#webpage\",\"url\":\"https:\/\/leaderschool.pl\/wieliczka\/kursy-jezyka-hiszpanskiego\/\",\"name\":\"Kursy j\u0119zyka hiszpa\u0144skiego w Wieliczce - Leader School\",\"isPartOf\":{\"@id\":\"https:\/\/leaderschool.pl\/wieliczka\/#website\"},\"datePublished\":\"2022-07-23T15:03:29+00:00\",\"dateModified\":\"2022-07-23T15:03:30+00:00\",\"breadcrumb\":{\"@id\":\"https:\/\/leaderschool.pl\/wieliczka\/kursy-jezyka-hiszpanskiego\/#breadcrumb\"},\"inLanguage\":\"pl-PL\",\"potentialAction\":[{\"@type\":\"ReadAction\",\"target\":[\"https:\/\/leaderschool.pl\/wieliczka\/kursy-jezyka-hiszpanskiego\/\"]}]},{\"@type\":\"BreadcrumbList\",\"@id\":\"https:\/\/leaderschool.pl\/wieliczka\/kursy-jezyka-hiszpanskiego\/#breadcrumb\",\"itemListElement\":[{\"@type\":\"ListItem\",\"position\":1,\"name\":\"Home\",\"item\":\"https:\/\/leaderschool.pl\/wieliczka\/\"},{\"@type\":\"ListItem\",\"position\":2,\"name\":\"Kursy j\u0119zyka hiszpa\u0144skiego\"}]}]}<\/script>\n<!-- \/ Yoast SEO plugin. -->","yoast_head_json":{"title":"Kursy j\u0119zyka hiszpa\u0144skiego w Wieliczce - Leader School","robots":{"index":"index","follow":"follow","max-snippet":"max-snippet:-1","max-image-preview":"max-image-preview:large","max-video-preview":"max-video-preview:-1"},"canonical":"https:\/\/leaderschool.pl\/wieliczka\/kursy-jezyka-hiszpanskiego\/","og_locale":"pl_PL","og_type":"article","og_title":"Kursy j\u0119zyka hiszpa\u0144skiego w Wieliczce - Leader School","og_description":"Twoje dziecko uwielbia podr\u00f3\u017ce i poznawanie r\u00f3\u017cnych kultur? Koniecznie pozw\u00f3l mu uczy\u0107 si\u0119 j\u0119zyka hiszpa\u0144skiego. Dlaczego proponujemy akurat hiszpa\u0144ski? Poniewa\u017c w tym j\u0119zyku porozumiewaj\u0105 si\u0119 nie tylko Hiszpanie, ale i mieszka\u0144cy Ameryki \u015arodkowej i Po\u0142udniowej. Umiej\u0119tno\u015b\u0107 porozumiewania si\u0119 w&nbsp;j\u0119zyku hiszpa\u0144skim pozwoli Twojemu dziecku na swobodne poznawanie Europy i reszty \u015bwiata. Kursy j\u0119zyka hiszpa\u0144skiego w Wieliczce [&hellip;]","og_url":"https:\/\/leaderschool.pl\/wieliczka\/kursy-jezyka-hiszpanskiego\/","og_site_name":"w Wieliczce - Leader School","article_modified_time":"2022-07-23T15:03:30+00:00","twitter_card":"summary_large_image","twitter_misc":{"Szacowany czas czytania":"3 minuty"},"schema":{"@context":"https:\/\/schema.org","@graph":[{"@type":"WebSite","@id":"https:\/\/leaderschool.pl\/wieliczka\/#website","url":"https:\/\/leaderschool.pl\/wieliczka\/","name":"w Wieliczce - Leader School","description":"","potentialAction":[{"@type":"SearchAction","target":{"@type":"EntryPoint","urlTemplate":"https:\/\/leaderschool.pl\/wieliczka\/?s={search_term_string}"},"query-input":"required name=search_term_string"}],"inLanguage":"pl-PL"},{"@type":"WebPage","@id":"https:\/\/leaderschool.pl\/wieliczka\/kursy-jezyka-hiszpanskiego\/#webpage","url":"https:\/\/leaderschool.pl\/wieliczka\/kursy-jezyka-hiszpanskiego\/","name":"Kursy j\u0119zyka hiszpa\u0144skiego w Wieliczce - Leader School","isPartOf":{"@id":"https:\/\/leaderschool.pl\/wieliczka\/#website"},"datePublished":"2022-07-23T15:03:29+00:00","dateModified":"2022-07-23T15:03:30+00:00","breadcrumb":{"@id":"https:\/\/leaderschool.pl\/wieliczka\/kursy-jezyka-hiszpanskiego\/#breadcrumb"},"inLanguage":"pl-PL","potentialAction":[{"@type":"ReadAction","target":["https:\/\/leaderschool.pl\/wieliczka\/kursy-jezyka-hiszpanskiego\/"]}]},{"@type":"BreadcrumbList","@id":"https:\/\/leaderschool.pl\/wieliczka\/kursy-jezyka-hiszpanskiego\/#breadcrumb","itemListElement":[{"@type":"ListItem","position":1,"name":"Home","item":"https:\/\/leaderschool.pl\/wieliczka\/"},{"@type":"ListItem","position":2,"name":"Kursy j\u0119zyka hiszpa\u0144skiego"}]}]}},"_links":{"self":[{"href":"https:\/\/leaderschool.pl\/wieliczka\/wp-json\/wp\/v2\/pages\/2603"}],"collection":[{"href":"https:\/\/leaderschool.pl\/wieliczka\/wp-json\/wp\/v2\/pages"}],"about":[{"href":"https:\/\/leaderschool.pl\/wieliczka\/wp-json\/wp\/v2\/types\/page"}],"author":[{"embeddable":true,"href":"https:\/\/leaderschool.pl\/wieliczka\/wp-json\/wp\/v2\/users\/3"}],"replies":[{"embeddable":true,"href":"https:\/\/leaderschool.pl\/wieliczka\/wp-json\/wp\/v2\/comments?post=2603"}],"version-history":[{"count":1,"href":"https:\/\/leaderschool.pl\/wieliczka\/wp-json\/wp\/v2\/pages\/2603\/revisions"}],"predecessor-version":[{"id":2604,"href":"https:\/\/leaderschool.pl\/wieliczka\/wp-json\/wp\/v2\/pages\/2603\/revisions\/2604"}],"wp:attachment":[{"href":"https:\/\/leaderschool.pl\/wieliczka\/wp-json\/wp\/v2\/media?parent=2603"}],"curies":[{"name":"wp","href":"https:\/\/api.w.org\/{rel}","templated":true}]}}