{"id":2595,"date":"2022-07-23T16:55:32","date_gmt":"2022-07-23T14:55:32","guid":{"rendered":"https:\/\/leaderschool.sellision.dev\/wieliczka\/?page_id=2595"},"modified":"2023-03-14T11:04:08","modified_gmt":"2023-03-14T10:04:08","slug":"szkolenia-jezykowe-z-dofinansowaniem","status":"publish","type":"page","link":"https:\/\/leaderschool.pl\/wieliczka\/szkolenia-jezykowe-z-dofinansowaniem\/","title":{"rendered":"Szkolenia j\u0119zykowe z dofinansowaniem"},"content":{"rendered":"\n<p><br><\/p>\n\n\n\n<h2>Szkolenia j\u0119zykowe \u2013\u00a0<strong>\u201eKierunek Kariera\u201d<\/strong>.<\/h2>\n\n\n\n<p>Chcesz nauczy\u0107 si\u0119 j\u0119zyka? A mo\u017ce potrzebujesz doszlifowa\u0107 swoje umiej\u0119tno\u015bci? Je\u015bli tak, to w Leader School Wieliczka mamy dla Ciebie propozycj\u0119. Wojew\u00f3dzki Urz\u0105d Pracy w&nbsp;Krakowie realizuje projekt <strong>\u201eKierunek Kariera&#8221;.<\/strong> <br>Dzi\u0119ki niemu uczestnik kursu j\u0119zykowego ma op\u0142acone do 85% jego koszt\u00f3w, sam p\u0142ac\u0105c niewielk\u0105 cz\u0119\u015b\u0107.<br><br><strong>Jakie warunki trzeba spe\u0142ni\u0107, by otrzyma\u0107 dofinansowanie?<\/strong><br><\/p>\n\n\n\n<ul><li>Musisz mie\u0107 uko\u0144czone 25 lat (nie ma g\u00f3rnej granicy wieku) i pracowa\u0107,<\/li><li>Musisz te\u017c by\u0107 zwi\u0105zany z Ma\u0142opolsk\u0105 (przez miejsce zamieszkania, pracy lub nauki),<\/li><li>Je\u015bli jeste\u015b osob\u0105 niepe\u0142nosprawn\u0105 w wieku od 25 do 65 roku \u017cycia, to mo\u017cesz uczestniczy\u0107 w Projekcie Kierunek Kariera niezale\u017cnie od statusu na rynku pracy i wykszta\u0142cenia.<br><\/li><\/ul>\n\n\n\n<p>Pami\u0119taj, \u017ce w rekrutacji do projektu mog\u0105 wzi\u0105\u0107 udzia\u0142 tylko te osoby, kt\u00f3re dot\u0105d nie by\u0142y uczestnikami <strong>\u201eKierunku Kariera&#8221;<\/strong>. <br>Nie ma mo\u017cliwo\u015bci skorzystania z us\u0142ug projektu po raz drugi.<\/p>\n\n\n\n<p>Wi\u0119cej informacji o projekcie <strong>\u201eKierunek Kariera\u201d <\/strong> znajdziesz pod adresem: <br><a href=\"https:\/\/bit.ly\/3LjFqc6\" target=\"_blank\" rel=\"noreferrer noopener\">https:\/\/bit.ly\/3LjFqc6<\/a><br><br>Szko\u0142a J\u0119zyk\u00f3w Obcych Leader School w Wieliczce zaprasza na kursy dofinansowane dla firm w ramach projektu realizowanego przez Ma\u0142opolsk\u0105 Agencj\u0119 Rozwoju Regionalnego (MARR): \u201eMa\u0142opolskie Bony Rozwojowe MBON\u201d.<br>Angielski z dofinansowaniem czyli szybko, na jasnych zasadach i bez skomplikowanych formalno\u015bci \u2013 takie cele i zadania stawia sobie Ma\u0142opolskiej Agencji Rozwoju Regionalnego S.A. przy realizacji projektu \u201eMa\u0142opolskie Bony Rozwojowe\u201d. To du\u017ca szansa dla przedsi\u0119biorc\u00f3w z wojew\u00f3dztwa ma\u0142opolskiego na podniesienie kompetencji swoich pracownik\u00f3w. Dzi\u0119ki projektowi mikro (w tym jednoosobowa dzia\u0142alno\u015b\u0107), ma\u0142e i \u015brednie przedsi\u0119biorstwa b\u0119d\u0105 mog\u0142y zdoby\u0107 dofinansowanie i zrealizowa\u0107 szkolenia.<br><br><\/p>\n\n\n\n<h2>Szkolenia j\u0119zykowe &#8211; \u00a0<strong>\u201eMa\u0142opolskie Bony Rozwojowe MBON\u201d.<\/strong><br><\/h2>\n\n\n\n<h2>Kto mo\u017ce skorzysta\u0107?<\/h2>\n\n\n\n<ul><li>pracownicy mikro, ma\u0142ych i \u015brednich przedsi\u0119biorstw (M\u015aP) z dowoln\u0105 umow\u0105<\/li><li>osoby prowadz\u0105ce dzia\u0142alno\u015b\u0107 zatrudniaj\u0105ce pracownik\u00f3w<\/li><\/ul>\n\n\n\n<p>Organizujemy szkolenia j\u0119zyka angielskiego, niemieckiego oraz hiszpa\u0144skiego dla os\u00f3b i firm, kt\u00f3re pozyska\u0142y \u015brodki na ten cel.\\<\/p>\n\n\n\n<p>Aktualna oferta naszych szkole\u0144 znajduje si\u0119 na stronie Bazy Us\u0142ug Rozwojowych<\/p>\n\n\n\n<p>Je\u015bli nie znajd\u0105 Pa\u0144stwo kursu odpowiadaj\u0105cego Pa\u0144stwa potrzebom prosimy o kontakt z nami.<br>Opublikujemy szkolenie zgodne z Pa\u0144stwa oczekiwaniami.<\/p>\n","protected":false},"excerpt":{"rendered":"<p>Szkolenia j\u0119zykowe \u2013\u00a0\u201eKierunek Kariera\u201d. Chcesz nauczy\u0107 si\u0119 j\u0119zyka? A mo\u017ce potrzebujesz doszlifowa\u0107 swoje umiej\u0119tno\u015bci? Je\u015bli tak, to w Leader School Wieliczka mamy dla Ciebie propozycj\u0119. Wojew\u00f3dzki Urz\u0105d Pracy w&nbsp;Krakowie realizuje projekt \u201eKierunek Kariera&#8221;. Dzi\u0119ki niemu uczestnik kursu j\u0119zykowego ma op\u0142acone do 85% jego koszt\u00f3w, sam p\u0142ac\u0105c niewielk\u0105 cz\u0119\u015b\u0107. Jakie warunki trzeba spe\u0142ni\u0107, by otrzyma\u0107 dofinansowanie? [&hellip;]<\/p>\n","protected":false},"author":3,"featured_media":0,"parent":0,"menu_order":0,"comment_status":"closed","ping_status":"closed","template":"","meta":{"ngg_post_thumbnail":0},"acf":[],"yoast_head":"<!-- This site is optimized with the Yoast SEO plugin v18.9 - https:\/\/yoast.com\/wordpress\/plugins\/seo\/ -->\n<title>Szkolenia j\u0119zykowe z dofinansowaniem w Wieliczce - Leader School<\/title>\n<meta name=\"robots\" content=\"index, follow, max-snippet:-1, max-image-preview:large, max-video-preview:-1\" \/>\n<link rel=\"canonical\" href=\"https:\/\/leaderschool.pl\/wieliczka\/szkolenia-jezykowe-z-dofinansowaniem\/\" \/>\n<meta property=\"og:locale\" content=\"pl_PL\" \/>\n<meta property=\"og:type\" content=\"article\" \/>\n<meta property=\"og:title\" content=\"Szkolenia j\u0119zykowe z dofinansowaniem w Wieliczce - Leader School\" \/>\n<meta property=\"og:description\" content=\"Szkolenia j\u0119zykowe \u2013\u00a0\u201eKierunek Kariera\u201d. Chcesz nauczy\u0107 si\u0119 j\u0119zyka? A mo\u017ce potrzebujesz doszlifowa\u0107 swoje umiej\u0119tno\u015bci? Je\u015bli tak, to w Leader School Wieliczka mamy dla Ciebie propozycj\u0119. Wojew\u00f3dzki Urz\u0105d Pracy w&nbsp;Krakowie realizuje projekt \u201eKierunek Kariera&#8221;. Dzi\u0119ki niemu uczestnik kursu j\u0119zykowego ma op\u0142acone do 85% jego koszt\u00f3w, sam p\u0142ac\u0105c niewielk\u0105 cz\u0119\u015b\u0107. Jakie warunki trzeba spe\u0142ni\u0107, by otrzyma\u0107 dofinansowanie? [&hellip;]\" \/>\n<meta property=\"og:url\" content=\"https:\/\/leaderschool.pl\/wieliczka\/szkolenia-jezykowe-z-dofinansowaniem\/\" \/>\n<meta property=\"og:site_name\" content=\"w Wieliczce - Leader School\" \/>\n<meta property=\"article:modified_time\" content=\"2023-03-14T10:04:08+00:00\" \/>\n<meta name=\"twitter:card\" content=\"summary_large_image\" \/>\n<meta name=\"twitter:label1\" content=\"Szacowany czas czytania\" \/>\n\t<meta name=\"twitter:data1\" content=\"2 minuty\" \/>\n<script type=\"application\/ld+json\" class=\"yoast-schema-graph\">{\"@context\":\"https:\/\/schema.org\",\"@graph\":[{\"@type\":\"WebSite\",\"@id\":\"https:\/\/leaderschool.pl\/wieliczka\/#website\",\"url\":\"https:\/\/leaderschool.pl\/wieliczka\/\",\"name\":\"w Wieliczce - Leader School\",\"description\":\"\",\"potentialAction\":[{\"@type\":\"SearchAction\",\"target\":{\"@type\":\"EntryPoint\",\"urlTemplate\":\"https:\/\/leaderschool.pl\/wieliczka\/?s={search_term_string}\"},\"query-input\":\"required name=search_term_string\"}],\"inLanguage\":\"pl-PL\"},{\"@type\":\"WebPage\",\"@id\":\"https:\/\/leaderschool.pl\/wieliczka\/szkolenia-jezykowe-z-dofinansowaniem\/#webpage\",\"url\":\"https:\/\/leaderschool.pl\/wieliczka\/szkolenia-jezykowe-z-dofinansowaniem\/\",\"name\":\"Szkolenia j\u0119zykowe z dofinansowaniem w Wieliczce - Leader School\",\"isPartOf\":{\"@id\":\"https:\/\/leaderschool.pl\/wieliczka\/#website\"},\"datePublished\":\"2022-07-23T14:55:32+00:00\",\"dateModified\":\"2023-03-14T10:04:08+00:00\",\"breadcrumb\":{\"@id\":\"https:\/\/leaderschool.pl\/wieliczka\/szkolenia-jezykowe-z-dofinansowaniem\/#breadcrumb\"},\"inLanguage\":\"pl-PL\",\"potentialAction\":[{\"@type\":\"ReadAction\",\"target\":[\"https:\/\/leaderschool.pl\/wieliczka\/szkolenia-jezykowe-z-dofinansowaniem\/\"]}]},{\"@type\":\"BreadcrumbList\",\"@id\":\"https:\/\/leaderschool.pl\/wieliczka\/szkolenia-jezykowe-z-dofinansowaniem\/#breadcrumb\",\"itemListElement\":[{\"@type\":\"ListItem\",\"position\":1,\"name\":\"Home\",\"item\":\"https:\/\/leaderschool.pl\/wieliczka\/\"},{\"@type\":\"ListItem\",\"position\":2,\"name\":\"Szkolenia j\u0119zykowe z dofinansowaniem\"}]}]}<\/script>\n<!-- \/ Yoast SEO plugin. -->","yoast_head_json":{"title":"Szkolenia j\u0119zykowe z dofinansowaniem w Wieliczce - Leader School","robots":{"index":"index","follow":"follow","max-snippet":"max-snippet:-1","max-image-preview":"max-image-preview:large","max-video-preview":"max-video-preview:-1"},"canonical":"https:\/\/leaderschool.pl\/wieliczka\/szkolenia-jezykowe-z-dofinansowaniem\/","og_locale":"pl_PL","og_type":"article","og_title":"Szkolenia j\u0119zykowe z dofinansowaniem w Wieliczce - Leader School","og_description":"Szkolenia j\u0119zykowe \u2013\u00a0\u201eKierunek Kariera\u201d. Chcesz nauczy\u0107 si\u0119 j\u0119zyka? A mo\u017ce potrzebujesz doszlifowa\u0107 swoje umiej\u0119tno\u015bci? Je\u015bli tak, to w Leader School Wieliczka mamy dla Ciebie propozycj\u0119. Wojew\u00f3dzki Urz\u0105d Pracy w&nbsp;Krakowie realizuje projekt \u201eKierunek Kariera&#8221;. Dzi\u0119ki niemu uczestnik kursu j\u0119zykowego ma op\u0142acone do 85% jego koszt\u00f3w, sam p\u0142ac\u0105c niewielk\u0105 cz\u0119\u015b\u0107. Jakie warunki trzeba spe\u0142ni\u0107, by otrzyma\u0107 dofinansowanie? [&hellip;]","og_url":"https:\/\/leaderschool.pl\/wieliczka\/szkolenia-jezykowe-z-dofinansowaniem\/","og_site_name":"w Wieliczce - Leader School","article_modified_time":"2023-03-14T10:04:08+00:00","twitter_card":"summary_large_image","twitter_misc":{"Szacowany czas czytania":"2 minuty"},"schema":{"@context":"https:\/\/schema.org","@graph":[{"@type":"WebSite","@id":"https:\/\/leaderschool.pl\/wieliczka\/#website","url":"https:\/\/leaderschool.pl\/wieliczka\/","name":"w Wieliczce - Leader School","description":"","potentialAction":[{"@type":"SearchAction","target":{"@type":"EntryPoint","urlTemplate":"https:\/\/leaderschool.pl\/wieliczka\/?s={search_term_string}"},"query-input":"required name=search_term_string"}],"inLanguage":"pl-PL"},{"@type":"WebPage","@id":"https:\/\/leaderschool.pl\/wieliczka\/szkolenia-jezykowe-z-dofinansowaniem\/#webpage","url":"https:\/\/leaderschool.pl\/wieliczka\/szkolenia-jezykowe-z-dofinansowaniem\/","name":"Szkolenia j\u0119zykowe z dofinansowaniem w Wieliczce - Leader School","isPartOf":{"@id":"https:\/\/leaderschool.pl\/wieliczka\/#website"},"datePublished":"2022-07-23T14:55:32+00:00","dateModified":"2023-03-14T10:04:08+00:00","breadcrumb":{"@id":"https:\/\/leaderschool.pl\/wieliczka\/szkolenia-jezykowe-z-dofinansowaniem\/#breadcrumb"},"inLanguage":"pl-PL","potentialAction":[{"@type":"ReadAction","target":["https:\/\/leaderschool.pl\/wieliczka\/szkolenia-jezykowe-z-dofinansowaniem\/"]}]},{"@type":"BreadcrumbList","@id":"https:\/\/leaderschool.pl\/wieliczka\/szkolenia-jezykowe-z-dofinansowaniem\/#breadcrumb","itemListElement":[{"@type":"ListItem","position":1,"name":"Home","item":"https:\/\/leaderschool.pl\/wieliczka\/"},{"@type":"ListItem","position":2,"name":"Szkolenia j\u0119zykowe z dofinansowaniem"}]}]}},"_links":{"self":[{"href":"https:\/\/leaderschool.pl\/wieliczka\/wp-json\/wp\/v2\/pages\/2595"}],"collection":[{"href":"https:\/\/leaderschool.pl\/wieliczka\/wp-json\/wp\/v2\/pages"}],"about":[{"href":"https:\/\/leaderschool.pl\/wieliczka\/wp-json\/wp\/v2\/types\/page"}],"author":[{"embeddable":true,"href":"https:\/\/leaderschool.pl\/wieliczka\/wp-json\/wp\/v2\/users\/3"}],"replies":[{"embeddable":true,"href":"https:\/\/leaderschool.pl\/wieliczka\/wp-json\/wp\/v2\/comments?post=2595"}],"version-history":[{"count":5,"href":"https:\/\/leaderschool.pl\/wieliczka\/wp-json\/wp\/v2\/pages\/2595\/revisions"}],"predecessor-version":[{"id":2870,"href":"https:\/\/leaderschool.pl\/wieliczka\/wp-json\/wp\/v2\/pages\/2595\/revisions\/2870"}],"wp:attachment":[{"href":"https:\/\/leaderschool.pl\/wieliczka\/wp-json\/wp\/v2\/media?parent=2595"}],"curies":[{"name":"wp","href":"https:\/\/api.w.org\/{rel}","templated":true}]}}