{"id":2593,"date":"2022-07-23T16:53:52","date_gmt":"2022-07-23T14:53:52","guid":{"rendered":"https:\/\/leaderschool.sellision.dev\/wieliczka\/?page_id=2593"},"modified":"2022-07-23T16:53:53","modified_gmt":"2022-07-23T14:53:53","slug":"business-english","status":"publish","type":"page","link":"https:\/\/leaderschool.pl\/wieliczka\/business-english\/","title":{"rendered":"Business English"},"content":{"rendered":"\n<h2>G\u0142\u00f3wne za\u0142o\u017cenia:<\/h2>\n\n\n\n<p>\u2022 2 poziomy zaawansowania: A2 oraz B2;<br>\u2022 Rozw\u00f3j kompetencji j\u0119zykowych w zakresie m\u00f3wienia, czytania i pisania, w\u0142\u0105czaj\u0105c korespondencj\u0119 biznesow\u0105 czy tworzenie prezentacji<br>\u2022 Po\u0142\u0105czenie kursu j\u0119zykowego z tematyk\u0105 biznesow\u0105 i rozwojem umiej\u0119tno\u015bci mi\u0119kkich (organizacja czasu, zarz\u0105dzanie i priorytetyzacja zada\u0144, przygotowanie prezentacji; zarz\u0105dzanie projektem; rozwijanie i zarz\u0105dzanie relacjami z klientem; wiedza na temat wsp\u00f3\u0142czesnej organizacji itp)<br>\u2022 Zaj\u0119cia skierowany do m\u0142odej kadry menad\u017cerskiej oraz os\u00f3b planuj\u0105cych rozw\u00f3j w kierunku zarz\u0105dzania lud\u017ami i \/ lub projektami we wsp\u00f3\u0142czesnej organizacji, a tak\u017ce wszystkich pragn\u0105cych udoskonali\u0107 swoje umiej\u0119tno\u015bci j\u0119zykowe w zakresie komunikacji i wiedzy biznesowej<\/p>\n\n\n\n<h2>Struktura zaj\u0119\u0107:<\/h2>\n\n\n\n<p>\u2022 Zaj\u0119cia b\u0119d\u0105 odbywa\u0142y si\u0119 w ka\u017cdy pi\u0105tek w 3-godzinnych modu\u0142ach (50 min zaj\u0119\u0107 \/ 10 min przerwy)<br>\u2022 Ka\u017cdy modu\u0142 stanowi odr\u0119bn\u0105 jednostk\u0119 tematyczn\u0105 \u2013 mo\u017cna uczestniczy\u0107 w ca\u0142ym kursie lub tylko w wybranych przez siebie zaj\u0119ciach;<br>\u2022 Wszystkie tematy b\u0119d\u0105 prowadzone na dw\u00f3ch poziomach j\u0119zykowych \u2013 A2 oraz B2 \/ C1;<br>\u2022 Zaj\u0119cia s\u0105 prowadzone w formie interaktywnych szkole\u0144 i maj\u0105 na celu aktywizacj\u0119 j\u0119zykow\u0105 s\u0142uchaczy w trakcie zaj\u0119\u0107 przy jednoczesnym poszerzaniu wiedzy w obr\u0119bie poruszanych temat\u00f3w.<\/p>\n\n\n\n<h2>Planowana tematyka<\/h2>\n\n\n\n<p>\u2022 R\u00f3\u017cnice kulturowe w biznesie<br>\u2022 Budowanie i rozw\u00f3j relacji w \u015brodowisku wirtualnym<br>\u2022 Motywacja<br>\u2022 Zasoby ludzkie w biznesie<br>\u2022 Struktury organizacji<br>\u2022 Spotkania biznesowe<br>\u2022 Wsp\u00f3\u0142czesny \u0142a\u0144cuch dostaw<br>\u2022 Koncepcja Kaizen<br>\u2022 Marketing<br>\u2022 Rozw\u00f3j i zarz\u0105dzanie relacjami z klientem<br>\u2022 Podstawy j\u0119zyka finansowego<br>\u2022 Analiza SWOT<br>\u2022 Negocjacje i sprzeda\u017c<br>\u2022 Zarz\u0105dzanie czasem i priorytetyzacja zada\u0144<br>\u2022 Analiza STEEP<br>\u2022 J\u0119zyk Dzia\u0142u Kadr \u2013 p\u0142ace i benefity<br>\u2022 Przysz\u0142o\u015b\u0107 pracownika<br>\u2022 Strategia kreatywno\u015bci<br>\u2022 Problemy w organizacji<br>\u2022 \u015awiadomo\u015b\u0107 kulturowa w dzisiejszym \u015bwiecie<br>\u2022 Ustalanie cel\u00f3w (SMART)<br>\u2022 Podstawy zarz\u0105dzania projektem<br>\u2022 Skuteczna prezentacja \u2013 stacjonarna i on-line<br>\u2022 J\u0119zyk finans\u00f3w \u2013 bilans<br>\u2022 CSR i jej rola w dzisiejszej organizacji<br>\u2022 Planowanie strategii<\/p>\n\n\n\n<ul><li><\/li><\/ul>\n","protected":false},"excerpt":{"rendered":"<p>G\u0142\u00f3wne za\u0142o\u017cenia: \u2022 2 poziomy zaawansowania: A2 oraz B2;\u2022 Rozw\u00f3j kompetencji j\u0119zykowych w zakresie m\u00f3wienia, czytania i pisania, w\u0142\u0105czaj\u0105c korespondencj\u0119 biznesow\u0105 czy tworzenie prezentacji\u2022 Po\u0142\u0105czenie kursu j\u0119zykowego z tematyk\u0105 biznesow\u0105 i rozwojem umiej\u0119tno\u015bci mi\u0119kkich (organizacja czasu, zarz\u0105dzanie i priorytetyzacja zada\u0144, przygotowanie prezentacji; zarz\u0105dzanie projektem; rozwijanie i zarz\u0105dzanie relacjami z klientem; wiedza na temat wsp\u00f3\u0142czesnej organizacji [&hellip;]<\/p>\n","protected":false},"author":3,"featured_media":0,"parent":0,"menu_order":0,"comment_status":"closed","ping_status":"closed","template":"","meta":{"ngg_post_thumbnail":0},"acf":[],"yoast_head":"<!-- This site is optimized with the Yoast SEO plugin v18.9 - https:\/\/yoast.com\/wordpress\/plugins\/seo\/ -->\n<title>Business English w Wieliczce - Leader School<\/title>\n<meta name=\"robots\" content=\"index, follow, max-snippet:-1, max-image-preview:large, max-video-preview:-1\" \/>\n<link rel=\"canonical\" href=\"https:\/\/leaderschool.pl\/wieliczka\/business-english\/\" \/>\n<meta property=\"og:locale\" content=\"pl_PL\" \/>\n<meta property=\"og:type\" content=\"article\" \/>\n<meta property=\"og:title\" content=\"Business English w Wieliczce - Leader School\" \/>\n<meta property=\"og:description\" content=\"G\u0142\u00f3wne za\u0142o\u017cenia: \u2022 2 poziomy zaawansowania: A2 oraz B2;\u2022 Rozw\u00f3j kompetencji j\u0119zykowych w zakresie m\u00f3wienia, czytania i pisania, w\u0142\u0105czaj\u0105c korespondencj\u0119 biznesow\u0105 czy tworzenie prezentacji\u2022 Po\u0142\u0105czenie kursu j\u0119zykowego z tematyk\u0105 biznesow\u0105 i rozwojem umiej\u0119tno\u015bci mi\u0119kkich (organizacja czasu, zarz\u0105dzanie i priorytetyzacja zada\u0144, przygotowanie prezentacji; zarz\u0105dzanie projektem; rozwijanie i zarz\u0105dzanie relacjami z klientem; wiedza na temat wsp\u00f3\u0142czesnej organizacji [&hellip;]\" \/>\n<meta property=\"og:url\" content=\"https:\/\/leaderschool.pl\/wieliczka\/business-english\/\" \/>\n<meta property=\"og:site_name\" content=\"w Wieliczce - Leader School\" \/>\n<meta property=\"article:modified_time\" content=\"2022-07-23T14:53:53+00:00\" \/>\n<meta name=\"twitter:card\" content=\"summary_large_image\" \/>\n<meta name=\"twitter:label1\" content=\"Szacowany czas czytania\" \/>\n\t<meta name=\"twitter:data1\" content=\"2 minuty\" \/>\n<script type=\"application\/ld+json\" class=\"yoast-schema-graph\">{\"@context\":\"https:\/\/schema.org\",\"@graph\":[{\"@type\":\"WebSite\",\"@id\":\"https:\/\/leaderschool.pl\/wieliczka\/#website\",\"url\":\"https:\/\/leaderschool.pl\/wieliczka\/\",\"name\":\"w Wieliczce - Leader School\",\"description\":\"\",\"potentialAction\":[{\"@type\":\"SearchAction\",\"target\":{\"@type\":\"EntryPoint\",\"urlTemplate\":\"https:\/\/leaderschool.pl\/wieliczka\/?s={search_term_string}\"},\"query-input\":\"required name=search_term_string\"}],\"inLanguage\":\"pl-PL\"},{\"@type\":\"WebPage\",\"@id\":\"https:\/\/leaderschool.pl\/wieliczka\/business-english\/#webpage\",\"url\":\"https:\/\/leaderschool.pl\/wieliczka\/business-english\/\",\"name\":\"Business English w Wieliczce - Leader School\",\"isPartOf\":{\"@id\":\"https:\/\/leaderschool.pl\/wieliczka\/#website\"},\"datePublished\":\"2022-07-23T14:53:52+00:00\",\"dateModified\":\"2022-07-23T14:53:53+00:00\",\"breadcrumb\":{\"@id\":\"https:\/\/leaderschool.pl\/wieliczka\/business-english\/#breadcrumb\"},\"inLanguage\":\"pl-PL\",\"potentialAction\":[{\"@type\":\"ReadAction\",\"target\":[\"https:\/\/leaderschool.pl\/wieliczka\/business-english\/\"]}]},{\"@type\":\"BreadcrumbList\",\"@id\":\"https:\/\/leaderschool.pl\/wieliczka\/business-english\/#breadcrumb\",\"itemListElement\":[{\"@type\":\"ListItem\",\"position\":1,\"name\":\"Home\",\"item\":\"https:\/\/leaderschool.pl\/wieliczka\/\"},{\"@type\":\"ListItem\",\"position\":2,\"name\":\"Business English\"}]}]}<\/script>\n<!-- \/ Yoast SEO plugin. -->","yoast_head_json":{"title":"Business English w Wieliczce - Leader School","robots":{"index":"index","follow":"follow","max-snippet":"max-snippet:-1","max-image-preview":"max-image-preview:large","max-video-preview":"max-video-preview:-1"},"canonical":"https:\/\/leaderschool.pl\/wieliczka\/business-english\/","og_locale":"pl_PL","og_type":"article","og_title":"Business English w Wieliczce - Leader School","og_description":"G\u0142\u00f3wne za\u0142o\u017cenia: \u2022 2 poziomy zaawansowania: A2 oraz B2;\u2022 Rozw\u00f3j kompetencji j\u0119zykowych w zakresie m\u00f3wienia, czytania i pisania, w\u0142\u0105czaj\u0105c korespondencj\u0119 biznesow\u0105 czy tworzenie prezentacji\u2022 Po\u0142\u0105czenie kursu j\u0119zykowego z tematyk\u0105 biznesow\u0105 i rozwojem umiej\u0119tno\u015bci mi\u0119kkich (organizacja czasu, zarz\u0105dzanie i priorytetyzacja zada\u0144, przygotowanie prezentacji; zarz\u0105dzanie projektem; rozwijanie i zarz\u0105dzanie relacjami z klientem; wiedza na temat wsp\u00f3\u0142czesnej organizacji [&hellip;]","og_url":"https:\/\/leaderschool.pl\/wieliczka\/business-english\/","og_site_name":"w Wieliczce - Leader School","article_modified_time":"2022-07-23T14:53:53+00:00","twitter_card":"summary_large_image","twitter_misc":{"Szacowany czas czytania":"2 minuty"},"schema":{"@context":"https:\/\/schema.org","@graph":[{"@type":"WebSite","@id":"https:\/\/leaderschool.pl\/wieliczka\/#website","url":"https:\/\/leaderschool.pl\/wieliczka\/","name":"w Wieliczce - Leader School","description":"","potentialAction":[{"@type":"SearchAction","target":{"@type":"EntryPoint","urlTemplate":"https:\/\/leaderschool.pl\/wieliczka\/?s={search_term_string}"},"query-input":"required name=search_term_string"}],"inLanguage":"pl-PL"},{"@type":"WebPage","@id":"https:\/\/leaderschool.pl\/wieliczka\/business-english\/#webpage","url":"https:\/\/leaderschool.pl\/wieliczka\/business-english\/","name":"Business English w Wieliczce - Leader School","isPartOf":{"@id":"https:\/\/leaderschool.pl\/wieliczka\/#website"},"datePublished":"2022-07-23T14:53:52+00:00","dateModified":"2022-07-23T14:53:53+00:00","breadcrumb":{"@id":"https:\/\/leaderschool.pl\/wieliczka\/business-english\/#breadcrumb"},"inLanguage":"pl-PL","potentialAction":[{"@type":"ReadAction","target":["https:\/\/leaderschool.pl\/wieliczka\/business-english\/"]}]},{"@type":"BreadcrumbList","@id":"https:\/\/leaderschool.pl\/wieliczka\/business-english\/#breadcrumb","itemListElement":[{"@type":"ListItem","position":1,"name":"Home","item":"https:\/\/leaderschool.pl\/wieliczka\/"},{"@type":"ListItem","position":2,"name":"Business English"}]}]}},"_links":{"self":[{"href":"https:\/\/leaderschool.pl\/wieliczka\/wp-json\/wp\/v2\/pages\/2593"}],"collection":[{"href":"https:\/\/leaderschool.pl\/wieliczka\/wp-json\/wp\/v2\/pages"}],"about":[{"href":"https:\/\/leaderschool.pl\/wieliczka\/wp-json\/wp\/v2\/types\/page"}],"author":[{"embeddable":true,"href":"https:\/\/leaderschool.pl\/wieliczka\/wp-json\/wp\/v2\/users\/3"}],"replies":[{"embeddable":true,"href":"https:\/\/leaderschool.pl\/wieliczka\/wp-json\/wp\/v2\/comments?post=2593"}],"version-history":[{"count":1,"href":"https:\/\/leaderschool.pl\/wieliczka\/wp-json\/wp\/v2\/pages\/2593\/revisions"}],"predecessor-version":[{"id":2594,"href":"https:\/\/leaderschool.pl\/wieliczka\/wp-json\/wp\/v2\/pages\/2593\/revisions\/2594"}],"wp:attachment":[{"href":"https:\/\/leaderschool.pl\/wieliczka\/wp-json\/wp\/v2\/media?parent=2593"}],"curies":[{"name":"wp","href":"https:\/\/api.w.org\/{rel}","templated":true}]}}