{"id":2591,"date":"2022-07-23T16:52:43","date_gmt":"2022-07-23T14:52:43","guid":{"rendered":"https:\/\/leaderschool.sellision.dev\/wieliczka\/?page_id=2591"},"modified":"2023-04-02T10:57:50","modified_gmt":"2023-04-02T08:57:50","slug":"bezplatny-dyzur-lektorski","status":"publish","type":"page","link":"https:\/\/leaderschool.pl\/wieliczka\/bezplatny-dyzur-lektorski\/","title":{"rendered":"Bezp\u0142atny dy\u017cur lektorski"},"content":{"rendered":"\n<p>Specjalna oferta dla student\u00f3w Leader School!<\/p>\n\n\n\n<p>Byli\u015bcie nieobecni na zaj\u0119ciach? Macie problem z trudnym zagadnieniem?<br>Nasi lektorzy ch\u0119tnie pomog\u0105 \ud83d\ude42<\/p>\n\n\n\n<h2>Zapraszamy na bezp\u0142atny dy\u017cur lektorski:<\/h2>\n\n\n\n<p>Poniedzia\u0142ek 17;00-17:30<\/p>\n\n\n\n<p>Wtorek 18:10-18:30<\/p>\n\n\n\n<p>\u015aroda 17:00 -17:30<\/p>\n\n\n\n<p>Czwartek 17:50-18:10<\/p>\n\n\n\n<p>Oraz dy\u017cur z lektorem online<\/p>\n\n\n\n<p>\u015aroda 17:00-18:00<\/p>\n\n\n\n<p>ZAPISZ SI\u0118 NA DY\u017bUR :<br>&#8211; W SEKRETARIACIE SZKO\u0141Y<br>&#8211; TELEFONICZNIE<br>&#8211; E-MAILOWO<\/p>\n\n\n\n<p>Zapraszamy!<\/p>\n","protected":false},"excerpt":{"rendered":"<p>Specjalna oferta dla student\u00f3w Leader School! Byli\u015bcie nieobecni na zaj\u0119ciach? Macie problem z trudnym zagadnieniem?Nasi lektorzy ch\u0119tnie pomog\u0105 \ud83d\ude42 Zapraszamy na bezp\u0142atny dy\u017cur lektorski: Poniedzia\u0142ek 17;00-17:30 Wtorek 18:10-18:30 \u015aroda 17:00 -17:30 Czwartek 17:50-18:10 Oraz dy\u017cur z lektorem online \u015aroda 17:00-18:00 ZAPISZ SI\u0118 NA DY\u017bUR :&#8211; W SEKRETARIACIE SZKO\u0141Y&#8211; TELEFONICZNIE&#8211; E-MAILOWO Zapraszamy!<\/p>\n","protected":false},"author":3,"featured_media":0,"parent":0,"menu_order":0,"comment_status":"closed","ping_status":"closed","template":"","meta":{"ngg_post_thumbnail":0},"acf":[],"yoast_head":"<!-- This site is optimized with the Yoast SEO plugin v18.9 - https:\/\/yoast.com\/wordpress\/plugins\/seo\/ -->\n<title>Bezp\u0142atny dy\u017cur lektorski w Wieliczce - Leader School<\/title>\n<meta name=\"robots\" content=\"index, follow, max-snippet:-1, max-image-preview:large, max-video-preview:-1\" \/>\n<link rel=\"canonical\" href=\"https:\/\/leaderschool.pl\/wieliczka\/bezplatny-dyzur-lektorski\/\" \/>\n<meta property=\"og:locale\" content=\"pl_PL\" \/>\n<meta property=\"og:type\" content=\"article\" \/>\n<meta property=\"og:title\" content=\"Bezp\u0142atny dy\u017cur lektorski w Wieliczce - Leader School\" \/>\n<meta property=\"og:description\" content=\"Specjalna oferta dla student\u00f3w Leader School! Byli\u015bcie nieobecni na zaj\u0119ciach? Macie problem z trudnym zagadnieniem?Nasi lektorzy ch\u0119tnie pomog\u0105 \ud83d\ude42 Zapraszamy na bezp\u0142atny dy\u017cur lektorski: Poniedzia\u0142ek 17;00-17:30 Wtorek 18:10-18:30 \u015aroda 17:00 -17:30 Czwartek 17:50-18:10 Oraz dy\u017cur z lektorem online \u015aroda 17:00-18:00 ZAPISZ SI\u0118 NA DY\u017bUR :&#8211; W SEKRETARIACIE SZKO\u0141Y&#8211; TELEFONICZNIE&#8211; E-MAILOWO Zapraszamy!\" \/>\n<meta property=\"og:url\" content=\"https:\/\/leaderschool.pl\/wieliczka\/bezplatny-dyzur-lektorski\/\" \/>\n<meta property=\"og:site_name\" content=\"w Wieliczce - Leader School\" \/>\n<meta property=\"article:modified_time\" content=\"2023-04-02T08:57:50+00:00\" \/>\n<meta name=\"twitter:card\" content=\"summary_large_image\" \/>\n<meta name=\"twitter:label1\" content=\"Szacowany czas czytania\" \/>\n\t<meta name=\"twitter:data1\" content=\"1 minuta\" \/>\n<script type=\"application\/ld+json\" class=\"yoast-schema-graph\">{\"@context\":\"https:\/\/schema.org\",\"@graph\":[{\"@type\":\"WebSite\",\"@id\":\"https:\/\/leaderschool.pl\/wieliczka\/#website\",\"url\":\"https:\/\/leaderschool.pl\/wieliczka\/\",\"name\":\"w Wieliczce - Leader School\",\"description\":\"\",\"potentialAction\":[{\"@type\":\"SearchAction\",\"target\":{\"@type\":\"EntryPoint\",\"urlTemplate\":\"https:\/\/leaderschool.pl\/wieliczka\/?s={search_term_string}\"},\"query-input\":\"required name=search_term_string\"}],\"inLanguage\":\"pl-PL\"},{\"@type\":\"WebPage\",\"@id\":\"https:\/\/leaderschool.pl\/wieliczka\/bezplatny-dyzur-lektorski\/#webpage\",\"url\":\"https:\/\/leaderschool.pl\/wieliczka\/bezplatny-dyzur-lektorski\/\",\"name\":\"Bezp\u0142atny dy\u017cur lektorski w Wieliczce - Leader School\",\"isPartOf\":{\"@id\":\"https:\/\/leaderschool.pl\/wieliczka\/#website\"},\"datePublished\":\"2022-07-23T14:52:43+00:00\",\"dateModified\":\"2023-04-02T08:57:50+00:00\",\"breadcrumb\":{\"@id\":\"https:\/\/leaderschool.pl\/wieliczka\/bezplatny-dyzur-lektorski\/#breadcrumb\"},\"inLanguage\":\"pl-PL\",\"potentialAction\":[{\"@type\":\"ReadAction\",\"target\":[\"https:\/\/leaderschool.pl\/wieliczka\/bezplatny-dyzur-lektorski\/\"]}]},{\"@type\":\"BreadcrumbList\",\"@id\":\"https:\/\/leaderschool.pl\/wieliczka\/bezplatny-dyzur-lektorski\/#breadcrumb\",\"itemListElement\":[{\"@type\":\"ListItem\",\"position\":1,\"name\":\"Home\",\"item\":\"https:\/\/leaderschool.pl\/wieliczka\/\"},{\"@type\":\"ListItem\",\"position\":2,\"name\":\"Bezp\u0142atny dy\u017cur lektorski\"}]}]}<\/script>\n<!-- \/ Yoast SEO plugin. -->","yoast_head_json":{"title":"Bezp\u0142atny dy\u017cur lektorski w Wieliczce - Leader School","robots":{"index":"index","follow":"follow","max-snippet":"max-snippet:-1","max-image-preview":"max-image-preview:large","max-video-preview":"max-video-preview:-1"},"canonical":"https:\/\/leaderschool.pl\/wieliczka\/bezplatny-dyzur-lektorski\/","og_locale":"pl_PL","og_type":"article","og_title":"Bezp\u0142atny dy\u017cur lektorski w Wieliczce - Leader School","og_description":"Specjalna oferta dla student\u00f3w Leader School! Byli\u015bcie nieobecni na zaj\u0119ciach? Macie problem z trudnym zagadnieniem?Nasi lektorzy ch\u0119tnie pomog\u0105 \ud83d\ude42 Zapraszamy na bezp\u0142atny dy\u017cur lektorski: Poniedzia\u0142ek 17;00-17:30 Wtorek 18:10-18:30 \u015aroda 17:00 -17:30 Czwartek 17:50-18:10 Oraz dy\u017cur z lektorem online \u015aroda 17:00-18:00 ZAPISZ SI\u0118 NA DY\u017bUR :&#8211; W SEKRETARIACIE SZKO\u0141Y&#8211; TELEFONICZNIE&#8211; E-MAILOWO Zapraszamy!","og_url":"https:\/\/leaderschool.pl\/wieliczka\/bezplatny-dyzur-lektorski\/","og_site_name":"w Wieliczce - Leader School","article_modified_time":"2023-04-02T08:57:50+00:00","twitter_card":"summary_large_image","twitter_misc":{"Szacowany czas czytania":"1 minuta"},"schema":{"@context":"https:\/\/schema.org","@graph":[{"@type":"WebSite","@id":"https:\/\/leaderschool.pl\/wieliczka\/#website","url":"https:\/\/leaderschool.pl\/wieliczka\/","name":"w Wieliczce - Leader School","description":"","potentialAction":[{"@type":"SearchAction","target":{"@type":"EntryPoint","urlTemplate":"https:\/\/leaderschool.pl\/wieliczka\/?s={search_term_string}"},"query-input":"required name=search_term_string"}],"inLanguage":"pl-PL"},{"@type":"WebPage","@id":"https:\/\/leaderschool.pl\/wieliczka\/bezplatny-dyzur-lektorski\/#webpage","url":"https:\/\/leaderschool.pl\/wieliczka\/bezplatny-dyzur-lektorski\/","name":"Bezp\u0142atny dy\u017cur lektorski w Wieliczce - Leader School","isPartOf":{"@id":"https:\/\/leaderschool.pl\/wieliczka\/#website"},"datePublished":"2022-07-23T14:52:43+00:00","dateModified":"2023-04-02T08:57:50+00:00","breadcrumb":{"@id":"https:\/\/leaderschool.pl\/wieliczka\/bezplatny-dyzur-lektorski\/#breadcrumb"},"inLanguage":"pl-PL","potentialAction":[{"@type":"ReadAction","target":["https:\/\/leaderschool.pl\/wieliczka\/bezplatny-dyzur-lektorski\/"]}]},{"@type":"BreadcrumbList","@id":"https:\/\/leaderschool.pl\/wieliczka\/bezplatny-dyzur-lektorski\/#breadcrumb","itemListElement":[{"@type":"ListItem","position":1,"name":"Home","item":"https:\/\/leaderschool.pl\/wieliczka\/"},{"@type":"ListItem","position":2,"name":"Bezp\u0142atny dy\u017cur lektorski"}]}]}},"_links":{"self":[{"href":"https:\/\/leaderschool.pl\/wieliczka\/wp-json\/wp\/v2\/pages\/2591"}],"collection":[{"href":"https:\/\/leaderschool.pl\/wieliczka\/wp-json\/wp\/v2\/pages"}],"about":[{"href":"https:\/\/leaderschool.pl\/wieliczka\/wp-json\/wp\/v2\/types\/page"}],"author":[{"embeddable":true,"href":"https:\/\/leaderschool.pl\/wieliczka\/wp-json\/wp\/v2\/users\/3"}],"replies":[{"embeddable":true,"href":"https:\/\/leaderschool.pl\/wieliczka\/wp-json\/wp\/v2\/comments?post=2591"}],"version-history":[{"count":2,"href":"https:\/\/leaderschool.pl\/wieliczka\/wp-json\/wp\/v2\/pages\/2591\/revisions"}],"predecessor-version":[{"id":2908,"href":"https:\/\/leaderschool.pl\/wieliczka\/wp-json\/wp\/v2\/pages\/2591\/revisions\/2908"}],"wp:attachment":[{"href":"https:\/\/leaderschool.pl\/wieliczka\/wp-json\/wp\/v2\/media?parent=2591"}],"curies":[{"name":"wp","href":"https:\/\/api.w.org\/{rel}","templated":true}]}}