{"id":2585,"date":"2022-07-23T16:47:56","date_gmt":"2022-07-23T14:47:56","guid":{"rendered":"https:\/\/leaderschool.sellision.dev\/wieliczka\/?page_id=2585"},"modified":"2022-07-27T14:36:04","modified_gmt":"2022-07-27T12:36:04","slug":"osrodek-egzaminacyjnym-tgls","status":"publish","type":"page","link":"https:\/\/leaderschool.pl\/wieliczka\/osrodek-egzaminacyjnym-tgls\/","title":{"rendered":"O\u015brodek egzaminacyjnym TGLS"},"content":{"rendered":"\n<h2>Nasza szko\u0142a jest o\u015brodkiem egzaminacyjnym TGLS.<\/h2>\n\n\n\n<p>Prowadzone przez nas kursy egzaminacyjne zapewniaj\u0105 gruntowne przygotowanie do mi\u0119dzynarodowych egzamin\u00f3w j\u0119zykowych. S\u0105 nastawione na dalsze rozwijanie umiej\u0119tno\u015bci j\u0119zykowych z jednoczesnym \u0107wiczeniem technik egzaminacyjnych, rozwi\u0105zywaniem test\u00f3w i systematyzowaniem wiedzy. Podczas kursu \u0107wiczone jest m\u00f3wienie, pisanie, rozumienie ze s\u0142uchu, rozumienie tekstu czytanego oraz umiej\u0119tno\u015b\u0107 zastosowania j\u0119zyka w praktyce.<\/p>\n\n\n\n<p>Dlaczego TGLS?<\/p>\n\n\n\n<h2>Zalety:<\/h2>\n\n\n\n<p>\u2022 zaj\u0119cia z native speakerem<\/p>\n\n\n\n<p>Certyfikat TGLS \u2013 korzy\u015bci dla kandydata:<\/p>\n\n\n\n<p>\u2022 egzamin j\u0119zykowy zako\u0144czony uzyskaniem certyfikatu przeprowadzany jest w dowolnym momencie w O\u015brodkach Egzaminacyjnych TGLS w ca\u0142ej Polsce;<br>\u2022 certyfikat nie przedawnia si\u0119;<br>mo\u017ce by\u0107 wykorzystany do potwierdzenia umiej\u0119tno\u015bci j\u0119zykowych posiadacza zar\u00f3wno do pracy zawodowej jak i nauki;<br>\u2022 daje kandydatowi, jego pracodawcy, lub uczelni do kt\u00f3rej aplikuje szczeg\u00f3\u0142ow\u0105 informacj\u0119 o poziomie znajomo\u015bci j\u0119zyka obcego kandydata wraz z interpretacj\u0105 graficzn\u0105 o wszystkich poszczeg\u00f3lnych umiej\u0119tno\u015bciach j\u0119zykowych;<br>\u2022 wynik okre\u015blany jest w postaci aktualnego poziomu wiedzy w skali CEFR;<br>\u2022 egzamin mo\u017cna zdawa\u0107 wielokrotnie aby w miar\u0119 nauki i podnoszenia poziomu znajomo\u015bci j\u0119zyka poprawia\u0107 wynik uzyskiwany na te\u015bcie.<br>\u2022 egzamin skupia si\u0119 na efektywnym wykorzystaniu umiej\u0119tno\u015bci j\u0119zykowych do komunikacji;<br>\u2022 ze wzgl\u0119du na przyjazn\u0105 kandydatom formu\u0142\u0119 i typy \u0107wicze\u0144, test nie wymaga wcze\u015bniejszych szkole\u0144 ukierunkowanych na przygotowanie do egzaminu<\/p>\n\n\n\n<h2>Uznawalno\u015b\u0107<\/h2>\n\n\n\n<p>Certyfikaty TGLS:<\/p>\n\n\n\n<p>\u2022 s\u0105 uznawane w krajach nale\u017c\u0105cych do Unii Europejskiej;<br>\u2022 zaliczone na okre\u015blon\u0105 liczb\u0119 punkt\u00f3w s\u0105 traktowane r\u00f3wnowa\u017cnie z zaliczeniem egzaminu z lektoratu przez niekt\u00f3re polskie i zagraniczne uczelnie.<br>\u2022 s\u0105 honorowane przez mi\u0119dzynarodowe korporacje jako skuteczne narz\u0119dzie do weryfikacji znajomo\u015bci j\u0119zyka obcego pracownik\u00f3w.<\/p>\n\n\n\n<figure class=\"wp-block-image\"><img src=\"data:image\/gif;base64,R0lGODlhAQABAAAAACH5BAEKAAEALAAAAAABAAEAAAICTAEAOw==\" alt=\"\" class=\"lazyload\" data-src=\"https:\/\/wieliczka.leaderschool.pl\/wp-content\/uploads\/sites\/33\/2021\/10\/TGLS-baner.jpg\"><\/figure>\n","protected":false},"excerpt":{"rendered":"<p>Nasza szko\u0142a jest o\u015brodkiem egzaminacyjnym TGLS. Prowadzone przez nas kursy egzaminacyjne zapewniaj\u0105 gruntowne przygotowanie do mi\u0119dzynarodowych egzamin\u00f3w j\u0119zykowych. S\u0105 nastawione na dalsze rozwijanie umiej\u0119tno\u015bci j\u0119zykowych z jednoczesnym \u0107wiczeniem technik egzaminacyjnych, rozwi\u0105zywaniem test\u00f3w i systematyzowaniem wiedzy. Podczas kursu \u0107wiczone jest m\u00f3wienie, pisanie, rozumienie ze s\u0142uchu, rozumienie tekstu czytanego oraz umiej\u0119tno\u015b\u0107 zastosowania j\u0119zyka w praktyce. Dlaczego TGLS? [&hellip;]<\/p>\n","protected":false},"author":3,"featured_media":0,"parent":0,"menu_order":0,"comment_status":"closed","ping_status":"closed","template":"","meta":{"ngg_post_thumbnail":0},"acf":[],"yoast_head":"<!-- This site is optimized with the Yoast SEO plugin v18.9 - https:\/\/yoast.com\/wordpress\/plugins\/seo\/ -->\n<title>O\u015brodek egzaminacyjnym TGLS w Wieliczce - Leader School<\/title>\n<meta name=\"robots\" content=\"index, follow, max-snippet:-1, max-image-preview:large, max-video-preview:-1\" \/>\n<link rel=\"canonical\" href=\"https:\/\/leaderschool.pl\/wieliczka\/osrodek-egzaminacyjnym-tgls\/\" \/>\n<meta property=\"og:locale\" content=\"pl_PL\" \/>\n<meta property=\"og:type\" content=\"article\" \/>\n<meta property=\"og:title\" content=\"O\u015brodek egzaminacyjnym TGLS w Wieliczce - Leader School\" \/>\n<meta property=\"og:description\" content=\"Nasza szko\u0142a jest o\u015brodkiem egzaminacyjnym TGLS. Prowadzone przez nas kursy egzaminacyjne zapewniaj\u0105 gruntowne przygotowanie do mi\u0119dzynarodowych egzamin\u00f3w j\u0119zykowych. S\u0105 nastawione na dalsze rozwijanie umiej\u0119tno\u015bci j\u0119zykowych z jednoczesnym \u0107wiczeniem technik egzaminacyjnych, rozwi\u0105zywaniem test\u00f3w i systematyzowaniem wiedzy. Podczas kursu \u0107wiczone jest m\u00f3wienie, pisanie, rozumienie ze s\u0142uchu, rozumienie tekstu czytanego oraz umiej\u0119tno\u015b\u0107 zastosowania j\u0119zyka w praktyce. Dlaczego TGLS? [&hellip;]\" \/>\n<meta property=\"og:url\" content=\"https:\/\/leaderschool.pl\/wieliczka\/osrodek-egzaminacyjnym-tgls\/\" \/>\n<meta property=\"og:site_name\" content=\"w Wieliczce - Leader School\" \/>\n<meta property=\"article:modified_time\" content=\"2022-07-27T12:36:04+00:00\" \/>\n<meta property=\"og:image\" content=\"https:\/\/wieliczka.leaderschool.pl\/wp-content\/uploads\/sites\/33\/2021\/10\/TGLS-baner.jpg\" \/>\n<meta name=\"twitter:card\" content=\"summary_large_image\" \/>\n<meta name=\"twitter:label1\" content=\"Szacowany czas czytania\" \/>\n\t<meta name=\"twitter:data1\" content=\"2 minuty\" \/>\n<script type=\"application\/ld+json\" class=\"yoast-schema-graph\">{\"@context\":\"https:\/\/schema.org\",\"@graph\":[{\"@type\":\"WebSite\",\"@id\":\"https:\/\/leaderschool.pl\/wieliczka\/#website\",\"url\":\"https:\/\/leaderschool.pl\/wieliczka\/\",\"name\":\"w Wieliczce - Leader School\",\"description\":\"\",\"potentialAction\":[{\"@type\":\"SearchAction\",\"target\":{\"@type\":\"EntryPoint\",\"urlTemplate\":\"https:\/\/leaderschool.pl\/wieliczka\/?s={search_term_string}\"},\"query-input\":\"required name=search_term_string\"}],\"inLanguage\":\"pl-PL\"},{\"@type\":\"ImageObject\",\"inLanguage\":\"pl-PL\",\"@id\":\"https:\/\/leaderschool.pl\/wieliczka\/osrodek-egzaminacyjnym-tgls\/#primaryimage\",\"url\":\"https:\/\/wieliczka.leaderschool.pl\/wp-content\/uploads\/sites\/33\/2021\/10\/TGLS-baner.jpg\",\"contentUrl\":\"https:\/\/wieliczka.leaderschool.pl\/wp-content\/uploads\/sites\/33\/2021\/10\/TGLS-baner.jpg\"},{\"@type\":\"WebPage\",\"@id\":\"https:\/\/leaderschool.pl\/wieliczka\/osrodek-egzaminacyjnym-tgls\/#webpage\",\"url\":\"https:\/\/leaderschool.pl\/wieliczka\/osrodek-egzaminacyjnym-tgls\/\",\"name\":\"O\u015brodek egzaminacyjnym TGLS w Wieliczce - Leader School\",\"isPartOf\":{\"@id\":\"https:\/\/leaderschool.pl\/wieliczka\/#website\"},\"primaryImageOfPage\":{\"@id\":\"https:\/\/leaderschool.pl\/wieliczka\/osrodek-egzaminacyjnym-tgls\/#primaryimage\"},\"datePublished\":\"2022-07-23T14:47:56+00:00\",\"dateModified\":\"2022-07-27T12:36:04+00:00\",\"breadcrumb\":{\"@id\":\"https:\/\/leaderschool.pl\/wieliczka\/osrodek-egzaminacyjnym-tgls\/#breadcrumb\"},\"inLanguage\":\"pl-PL\",\"potentialAction\":[{\"@type\":\"ReadAction\",\"target\":[\"https:\/\/leaderschool.pl\/wieliczka\/osrodek-egzaminacyjnym-tgls\/\"]}]},{\"@type\":\"BreadcrumbList\",\"@id\":\"https:\/\/leaderschool.pl\/wieliczka\/osrodek-egzaminacyjnym-tgls\/#breadcrumb\",\"itemListElement\":[{\"@type\":\"ListItem\",\"position\":1,\"name\":\"Home\",\"item\":\"https:\/\/leaderschool.pl\/wieliczka\/\"},{\"@type\":\"ListItem\",\"position\":2,\"name\":\"O\u015brodek egzaminacyjnym TGLS\"}]}]}<\/script>\n<!-- \/ Yoast SEO plugin. -->","yoast_head_json":{"title":"O\u015brodek egzaminacyjnym TGLS w Wieliczce - Leader School","robots":{"index":"index","follow":"follow","max-snippet":"max-snippet:-1","max-image-preview":"max-image-preview:large","max-video-preview":"max-video-preview:-1"},"canonical":"https:\/\/leaderschool.pl\/wieliczka\/osrodek-egzaminacyjnym-tgls\/","og_locale":"pl_PL","og_type":"article","og_title":"O\u015brodek egzaminacyjnym TGLS w Wieliczce - Leader School","og_description":"Nasza szko\u0142a jest o\u015brodkiem egzaminacyjnym TGLS. Prowadzone przez nas kursy egzaminacyjne zapewniaj\u0105 gruntowne przygotowanie do mi\u0119dzynarodowych egzamin\u00f3w j\u0119zykowych. S\u0105 nastawione na dalsze rozwijanie umiej\u0119tno\u015bci j\u0119zykowych z jednoczesnym \u0107wiczeniem technik egzaminacyjnych, rozwi\u0105zywaniem test\u00f3w i systematyzowaniem wiedzy. Podczas kursu \u0107wiczone jest m\u00f3wienie, pisanie, rozumienie ze s\u0142uchu, rozumienie tekstu czytanego oraz umiej\u0119tno\u015b\u0107 zastosowania j\u0119zyka w praktyce. Dlaczego TGLS? [&hellip;]","og_url":"https:\/\/leaderschool.pl\/wieliczka\/osrodek-egzaminacyjnym-tgls\/","og_site_name":"w Wieliczce - Leader School","article_modified_time":"2022-07-27T12:36:04+00:00","og_image":[{"url":"https:\/\/wieliczka.leaderschool.pl\/wp-content\/uploads\/sites\/33\/2021\/10\/TGLS-baner.jpg"}],"twitter_card":"summary_large_image","twitter_misc":{"Szacowany czas czytania":"2 minuty"},"schema":{"@context":"https:\/\/schema.org","@graph":[{"@type":"WebSite","@id":"https:\/\/leaderschool.pl\/wieliczka\/#website","url":"https:\/\/leaderschool.pl\/wieliczka\/","name":"w Wieliczce - Leader School","description":"","potentialAction":[{"@type":"SearchAction","target":{"@type":"EntryPoint","urlTemplate":"https:\/\/leaderschool.pl\/wieliczka\/?s={search_term_string}"},"query-input":"required name=search_term_string"}],"inLanguage":"pl-PL"},{"@type":"ImageObject","inLanguage":"pl-PL","@id":"https:\/\/leaderschool.pl\/wieliczka\/osrodek-egzaminacyjnym-tgls\/#primaryimage","url":"https:\/\/wieliczka.leaderschool.pl\/wp-content\/uploads\/sites\/33\/2021\/10\/TGLS-baner.jpg","contentUrl":"https:\/\/wieliczka.leaderschool.pl\/wp-content\/uploads\/sites\/33\/2021\/10\/TGLS-baner.jpg"},{"@type":"WebPage","@id":"https:\/\/leaderschool.pl\/wieliczka\/osrodek-egzaminacyjnym-tgls\/#webpage","url":"https:\/\/leaderschool.pl\/wieliczka\/osrodek-egzaminacyjnym-tgls\/","name":"O\u015brodek egzaminacyjnym TGLS w Wieliczce - Leader School","isPartOf":{"@id":"https:\/\/leaderschool.pl\/wieliczka\/#website"},"primaryImageOfPage":{"@id":"https:\/\/leaderschool.pl\/wieliczka\/osrodek-egzaminacyjnym-tgls\/#primaryimage"},"datePublished":"2022-07-23T14:47:56+00:00","dateModified":"2022-07-27T12:36:04+00:00","breadcrumb":{"@id":"https:\/\/leaderschool.pl\/wieliczka\/osrodek-egzaminacyjnym-tgls\/#breadcrumb"},"inLanguage":"pl-PL","potentialAction":[{"@type":"ReadAction","target":["https:\/\/leaderschool.pl\/wieliczka\/osrodek-egzaminacyjnym-tgls\/"]}]},{"@type":"BreadcrumbList","@id":"https:\/\/leaderschool.pl\/wieliczka\/osrodek-egzaminacyjnym-tgls\/#breadcrumb","itemListElement":[{"@type":"ListItem","position":1,"name":"Home","item":"https:\/\/leaderschool.pl\/wieliczka\/"},{"@type":"ListItem","position":2,"name":"O\u015brodek egzaminacyjnym TGLS"}]}]}},"_links":{"self":[{"href":"https:\/\/leaderschool.pl\/wieliczka\/wp-json\/wp\/v2\/pages\/2585"}],"collection":[{"href":"https:\/\/leaderschool.pl\/wieliczka\/wp-json\/wp\/v2\/pages"}],"about":[{"href":"https:\/\/leaderschool.pl\/wieliczka\/wp-json\/wp\/v2\/types\/page"}],"author":[{"embeddable":true,"href":"https:\/\/leaderschool.pl\/wieliczka\/wp-json\/wp\/v2\/users\/3"}],"replies":[{"embeddable":true,"href":"https:\/\/leaderschool.pl\/wieliczka\/wp-json\/wp\/v2\/comments?post=2585"}],"version-history":[{"count":2,"href":"https:\/\/leaderschool.pl\/wieliczka\/wp-json\/wp\/v2\/pages\/2585\/revisions"}],"predecessor-version":[{"id":2631,"href":"https:\/\/leaderschool.pl\/wieliczka\/wp-json\/wp\/v2\/pages\/2585\/revisions\/2631"}],"wp:attachment":[{"href":"https:\/\/leaderschool.pl\/wieliczka\/wp-json\/wp\/v2\/media?parent=2585"}],"curies":[{"name":"wp","href":"https:\/\/api.w.org\/{rel}","templated":true}]}}