{"id":2598,"date":"2022-07-24T17:56:02","date_gmt":"2022-07-24T15:56:02","guid":{"rendered":"https:\/\/leaderschool.sellision.dev\/swarzedz\/?page_id=2598"},"modified":"2022-08-01T09:14:13","modified_gmt":"2022-08-01T07:14:13","slug":"egzamin-osmoklasisty","status":"publish","type":"page","link":"https:\/\/leaderschool.pl\/swarzedz\/egzamin-osmoklasisty\/","title":{"rendered":"Egzamin \u00d3smoklasisty"},"content":{"rendered":"\n<p>Egzamin \u00f3smoklasisty oraz maturalny przek\u0142adaj\u0105 si\u0119 na dalsz\u0105 edukacj\u0119. Dobry wynik u\u0142atwia dostanie si\u0119 do wymarzonego liceum lub na studia. Tymczasem zaj\u0119cia realizowane w publicznych plac\u00f3wkach o\u015bwiatowych cz\u0119sto okazuj\u0105 si\u0119 niewystarczaj\u0105ce. Aby poszerzy\u0107 swoj\u0105 wiedz\u0119 i czu\u0107 si\u0119 pewnie w trakcie test\u00f3w j\u0119zykowych, warto zdecydowa\u0107 si\u0119 na dodatkow\u0105 pomoc.<\/p>\n\n\n\n<h2>Jak wygl\u0105da przygotowanie do egzaminu maturalnego i \u00f3smoklasisty w Swarz\u0119dzu Zalasewie?<\/h2>\n\n\n\n<p>W trakcie nauki wykorzystujemy metod\u0119 BLS Communication, w kt\u00f3rej k\u0142adzie si\u0119 nacisk na komunikacj\u0119 z lektorem i rozwi\u0105zania e-learningowe. Prowadz\u0105cy pos\u0142uguje si\u0119 wy\u0142\u0105cznie j\u0119zykiem angielskim lub niemieckim, co u\u0142atwia prze\u0142amanie bariery j\u0119zykowej. Do dyspozycji kursant\u00f3w s\u0105 r\u00f3\u017cnorodne pomoce dydaktyczne, w tym fiszki, prezentacje multimedialne, zestawy FLIPCARDS. Uczniowie otrzymuj\u0105 r\u00f3wnie\u017c dost\u0119p do audiobook\u00f3w z nagraniami native speaker\u00f3w z Wielkiej Brytanii, Stan\u00f3w Zjednoczonych oraz Kanady. W ten spos\u00f3b szybko oswajaj\u0105 si\u0119 z akcentem, a z czasem zaczynaj\u0105 si\u0119 swobodnie porozumiewa\u0107.&nbsp;<\/p>\n\n\n\n<h2>W Swarz\u0119dzu Zalasewie przygotujemy Ci\u0119 do egzaminu \u00f3smoklasisty lub maturalnego!<\/h2>\n\n\n\n<p>Z naszych kilkunastoletnich do\u015bwiadcze\u0144 zwi\u0105zanych z nauk\u0105 BLS wynika, \u017ce ju\u017c po 4-5 miesi\u0105cach absolwenci opanowuj\u0105 materia\u0142 w stopniu umo\u017cliwiaj\u0105cym uzyskanie pozytywnego wyniku z egzaminu. Aby jednak czu\u0107 si\u0119 pewniej i zyska\u0107 wysok\u0105 ocen\u0119 z testu, warto zacz\u0105\u0107 uczy\u0107 si\u0119 wcze\u015bniej. Metoda stosowana w naszej szkole j\u0119zykowej pozwala na:<\/p>\n\n\n\n<ul><li>Osi\u0105gni\u0119cie p\u0142ynno\u015bci w m\u00f3wieniu,&nbsp;<\/li><li>Rozszerzenie zasobu leksykalnego,<\/li><li>Czytanie ze zrozumieniem,<\/li><li>Poprawne i intuicyjne pos\u0142ugiwanie si\u0119 formami gramatycznymi.<\/li><\/ul>\n\n\n\n<p>Po uko\u0144czeniu zaj\u0119\u0107 kursanci swobodnie rozmawiaj\u0105 w obcym j\u0119zyku. Rozumiej\u0105 wypowiedzi po angielsku i niemiecku. Znaj\u0105 materia\u0142 na tyle, \u017ce czuj\u0105 si\u0119 pewnie w trakcie test\u00f3w. To zmniejsza poziom ich stresu i u\u0142atwia konwersacj\u0119.<\/p>\n\n\n\n<h2>Przygotowanie do egzamin\u00f3w Swarz\u0119dzu Zalasewie na poziomie podstawowym i rozszerzonym!<\/h2>\n\n\n\n<p>Nasi lektorzy znaj\u0105 wymagania Centralnej Komisji Egzaminacyjnej i dostosowuj\u0105 zakres materia\u0142\u00f3w do wytycznych CKE. Wiedz\u0105 r\u00f3wnie\u017c, z jakich element\u00f3w sk\u0142adaj\u0105 si\u0119 testy j\u0119zykowe po podstaw\u00f3wce i po szkole \u015bredniej.&nbsp; Dzi\u0119ki temu kursanci doskonale radz\u0105 sobie z cz\u0119\u015bci\u0105 ustn\u0105 oraz pisemn\u0105. Wszystkie osoby, kt\u00f3re przygotowujemy do egzamin\u00f3w, otrzymuj\u0105 pozytywny wynik. Nasi absolwenci nie tylko dostaj\u0105 si\u0119 do upragnionych szk\u00f3\u0142, ale r\u00f3wnie\u017c doskonale radz\u0105 sobie w mi\u0119dzynarodowym \u015brodowisku i znajduj\u0105 prace wymagaj\u0105ce znajomo\u015bci j\u0119zyk\u00f3w obcych.<\/p>\n\n\n\n<h2>Chcesz dobrze zda\u0107 egzamin maturalny lub po \u00f3smej klasie? Zapisz si\u0119 na nasze zaj\u0119cia!&nbsp;<\/h2>\n\n\n\n<p>Poprawne pos\u0142ugiwanie si\u0119 angielskim lub niemieckim stanowi przepustk\u0119 do dobrej przysz\u0142o\u015bci. Nasze zaj\u0119cia odbywaj\u0105 si\u0119 w niewielkich grupach, a lektorzy dopasowuj\u0105 materia\u0142y dydaktyczne do poziomu znajomo\u015bci j\u0119zyka oraz mo\u017cliwo\u015bci czasowych. W kursach uczestnicz\u0105 zar\u00f3wno uczniowie chc\u0105cy podszlifowa\u0107 swoje umiej\u0119tno\u015bci leksykalne, jak i osoby wymagaj\u0105ce kompleksowego wsparcia. Zach\u0119camy do zapis\u00f3w.<\/p>\n","protected":false},"excerpt":{"rendered":"<p>Egzamin \u00f3smoklasisty oraz maturalny przek\u0142adaj\u0105 si\u0119 na dalsz\u0105 edukacj\u0119. Dobry wynik u\u0142atwia dostanie si\u0119 do wymarzonego liceum lub na studia. Tymczasem zaj\u0119cia realizowane w publicznych plac\u00f3wkach o\u015bwiatowych cz\u0119sto okazuj\u0105 si\u0119 niewystarczaj\u0105ce. Aby poszerzy\u0107 swoj\u0105 wiedz\u0119 i czu\u0107 si\u0119 pewnie w trakcie test\u00f3w j\u0119zykowych, warto zdecydowa\u0107 si\u0119 na dodatkow\u0105 pomoc. Jak wygl\u0105da przygotowanie do egzaminu maturalnego [&hellip;]<\/p>\n","protected":false},"author":3,"featured_media":0,"parent":0,"menu_order":0,"comment_status":"closed","ping_status":"closed","template":"","meta":{"ngg_post_thumbnail":0},"acf":[],"yoast_head":"<!-- This site is optimized with the Yoast SEO plugin v18.9 - https:\/\/yoast.com\/wordpress\/plugins\/seo\/ -->\n<title>Egzamin \u00d3smoklasisty w Swarz\u0119dzu - Leader School<\/title>\n<meta name=\"robots\" content=\"index, follow, max-snippet:-1, max-image-preview:large, max-video-preview:-1\" \/>\n<link rel=\"canonical\" href=\"https:\/\/leaderschool.pl\/swarzedz\/egzamin-osmoklasisty\/\" \/>\n<meta property=\"og:locale\" content=\"pl_PL\" \/>\n<meta property=\"og:type\" content=\"article\" \/>\n<meta property=\"og:title\" content=\"Egzamin \u00d3smoklasisty w Swarz\u0119dzu - Leader School\" \/>\n<meta property=\"og:description\" content=\"Egzamin \u00f3smoklasisty oraz maturalny przek\u0142adaj\u0105 si\u0119 na dalsz\u0105 edukacj\u0119. Dobry wynik u\u0142atwia dostanie si\u0119 do wymarzonego liceum lub na studia. Tymczasem zaj\u0119cia realizowane w publicznych plac\u00f3wkach o\u015bwiatowych cz\u0119sto okazuj\u0105 si\u0119 niewystarczaj\u0105ce. Aby poszerzy\u0107 swoj\u0105 wiedz\u0119 i czu\u0107 si\u0119 pewnie w trakcie test\u00f3w j\u0119zykowych, warto zdecydowa\u0107 si\u0119 na dodatkow\u0105 pomoc. Jak wygl\u0105da przygotowanie do egzaminu maturalnego [&hellip;]\" \/>\n<meta property=\"og:url\" content=\"https:\/\/leaderschool.pl\/swarzedz\/egzamin-osmoklasisty\/\" \/>\n<meta property=\"og:site_name\" content=\"w Swarz\u0119dzu - Leader School\" \/>\n<meta property=\"article:modified_time\" content=\"2022-08-01T07:14:13+00:00\" \/>\n<meta name=\"twitter:card\" content=\"summary_large_image\" \/>\n<meta name=\"twitter:label1\" content=\"Szacowany czas czytania\" \/>\n\t<meta name=\"twitter:data1\" content=\"3 minuty\" \/>\n<script type=\"application\/ld+json\" class=\"yoast-schema-graph\">{\"@context\":\"https:\/\/schema.org\",\"@graph\":[{\"@type\":\"WebSite\",\"@id\":\"https:\/\/leaderschool.pl\/swarzedz\/#website\",\"url\":\"https:\/\/leaderschool.pl\/swarzedz\/\",\"name\":\"w Swarz\u0119dzu - Leader School\",\"description\":\"\",\"potentialAction\":[{\"@type\":\"SearchAction\",\"target\":{\"@type\":\"EntryPoint\",\"urlTemplate\":\"https:\/\/leaderschool.pl\/swarzedz\/?s={search_term_string}\"},\"query-input\":\"required name=search_term_string\"}],\"inLanguage\":\"pl-PL\"},{\"@type\":\"WebPage\",\"@id\":\"https:\/\/leaderschool.pl\/swarzedz\/egzamin-osmoklasisty\/#webpage\",\"url\":\"https:\/\/leaderschool.pl\/swarzedz\/egzamin-osmoklasisty\/\",\"name\":\"Egzamin \u00d3smoklasisty w Swarz\u0119dzu - Leader School\",\"isPartOf\":{\"@id\":\"https:\/\/leaderschool.pl\/swarzedz\/#website\"},\"datePublished\":\"2022-07-24T15:56:02+00:00\",\"dateModified\":\"2022-08-01T07:14:13+00:00\",\"breadcrumb\":{\"@id\":\"https:\/\/leaderschool.pl\/swarzedz\/egzamin-osmoklasisty\/#breadcrumb\"},\"inLanguage\":\"pl-PL\",\"potentialAction\":[{\"@type\":\"ReadAction\",\"target\":[\"https:\/\/leaderschool.pl\/swarzedz\/egzamin-osmoklasisty\/\"]}]},{\"@type\":\"BreadcrumbList\",\"@id\":\"https:\/\/leaderschool.pl\/swarzedz\/egzamin-osmoklasisty\/#breadcrumb\",\"itemListElement\":[{\"@type\":\"ListItem\",\"position\":1,\"name\":\"Home\",\"item\":\"https:\/\/leaderschool.pl\/swarzedz\/\"},{\"@type\":\"ListItem\",\"position\":2,\"name\":\"Egzamin \u00d3smoklasisty\"}]}]}<\/script>\n<!-- \/ Yoast SEO plugin. -->","yoast_head_json":{"title":"Egzamin \u00d3smoklasisty w Swarz\u0119dzu - Leader School","robots":{"index":"index","follow":"follow","max-snippet":"max-snippet:-1","max-image-preview":"max-image-preview:large","max-video-preview":"max-video-preview:-1"},"canonical":"https:\/\/leaderschool.pl\/swarzedz\/egzamin-osmoklasisty\/","og_locale":"pl_PL","og_type":"article","og_title":"Egzamin \u00d3smoklasisty w Swarz\u0119dzu - Leader School","og_description":"Egzamin \u00f3smoklasisty oraz maturalny przek\u0142adaj\u0105 si\u0119 na dalsz\u0105 edukacj\u0119. Dobry wynik u\u0142atwia dostanie si\u0119 do wymarzonego liceum lub na studia. Tymczasem zaj\u0119cia realizowane w publicznych plac\u00f3wkach o\u015bwiatowych cz\u0119sto okazuj\u0105 si\u0119 niewystarczaj\u0105ce. Aby poszerzy\u0107 swoj\u0105 wiedz\u0119 i czu\u0107 si\u0119 pewnie w trakcie test\u00f3w j\u0119zykowych, warto zdecydowa\u0107 si\u0119 na dodatkow\u0105 pomoc. Jak wygl\u0105da przygotowanie do egzaminu maturalnego [&hellip;]","og_url":"https:\/\/leaderschool.pl\/swarzedz\/egzamin-osmoklasisty\/","og_site_name":"w Swarz\u0119dzu - Leader School","article_modified_time":"2022-08-01T07:14:13+00:00","twitter_card":"summary_large_image","twitter_misc":{"Szacowany czas czytania":"3 minuty"},"schema":{"@context":"https:\/\/schema.org","@graph":[{"@type":"WebSite","@id":"https:\/\/leaderschool.pl\/swarzedz\/#website","url":"https:\/\/leaderschool.pl\/swarzedz\/","name":"w Swarz\u0119dzu - Leader School","description":"","potentialAction":[{"@type":"SearchAction","target":{"@type":"EntryPoint","urlTemplate":"https:\/\/leaderschool.pl\/swarzedz\/?s={search_term_string}"},"query-input":"required name=search_term_string"}],"inLanguage":"pl-PL"},{"@type":"WebPage","@id":"https:\/\/leaderschool.pl\/swarzedz\/egzamin-osmoklasisty\/#webpage","url":"https:\/\/leaderschool.pl\/swarzedz\/egzamin-osmoklasisty\/","name":"Egzamin \u00d3smoklasisty w Swarz\u0119dzu - Leader School","isPartOf":{"@id":"https:\/\/leaderschool.pl\/swarzedz\/#website"},"datePublished":"2022-07-24T15:56:02+00:00","dateModified":"2022-08-01T07:14:13+00:00","breadcrumb":{"@id":"https:\/\/leaderschool.pl\/swarzedz\/egzamin-osmoklasisty\/#breadcrumb"},"inLanguage":"pl-PL","potentialAction":[{"@type":"ReadAction","target":["https:\/\/leaderschool.pl\/swarzedz\/egzamin-osmoklasisty\/"]}]},{"@type":"BreadcrumbList","@id":"https:\/\/leaderschool.pl\/swarzedz\/egzamin-osmoklasisty\/#breadcrumb","itemListElement":[{"@type":"ListItem","position":1,"name":"Home","item":"https:\/\/leaderschool.pl\/swarzedz\/"},{"@type":"ListItem","position":2,"name":"Egzamin \u00d3smoklasisty"}]}]}},"_links":{"self":[{"href":"https:\/\/leaderschool.pl\/swarzedz\/wp-json\/wp\/v2\/pages\/2598"}],"collection":[{"href":"https:\/\/leaderschool.pl\/swarzedz\/wp-json\/wp\/v2\/pages"}],"about":[{"href":"https:\/\/leaderschool.pl\/swarzedz\/wp-json\/wp\/v2\/types\/page"}],"author":[{"embeddable":true,"href":"https:\/\/leaderschool.pl\/swarzedz\/wp-json\/wp\/v2\/users\/3"}],"replies":[{"embeddable":true,"href":"https:\/\/leaderschool.pl\/swarzedz\/wp-json\/wp\/v2\/comments?post=2598"}],"version-history":[{"count":3,"href":"https:\/\/leaderschool.pl\/swarzedz\/wp-json\/wp\/v2\/pages\/2598\/revisions"}],"predecessor-version":[{"id":2617,"href":"https:\/\/leaderschool.pl\/swarzedz\/wp-json\/wp\/v2\/pages\/2598\/revisions\/2617"}],"wp:attachment":[{"href":"https:\/\/leaderschool.pl\/swarzedz\/wp-json\/wp\/v2\/media?parent=2598"}],"curies":[{"name":"wp","href":"https:\/\/api.w.org\/{rel}","templated":true}]}}