{"id":2596,"date":"2022-07-24T17:55:37","date_gmt":"2022-07-24T15:55:37","guid":{"rendered":"https:\/\/leaderschool.sellision.dev\/swarzedz\/?page_id=2596"},"modified":"2022-08-01T09:18:22","modified_gmt":"2022-08-01T07:18:22","slug":"business-english","status":"publish","type":"page","link":"https:\/\/leaderschool.pl\/swarzedz\/business-english\/","title":{"rendered":"Business English"},"content":{"rendered":"\n<h1>Business English w Swarz\u0119dz Zalasewo<\/h1>\n\n\n\n<p>Znajomo\u015b\u0107 angielskiego stanowi przepustk\u0119 do lepszej przysz\u0142o\u015bci. Pomaga w znalezieniu wymarzonej i dobrze p\u0142atnej pracy. Je\u015bli nie chcesz, by ogranicza\u0142a Ci\u0119 bariera j\u0119zykowa, zapisz si\u0119 na kurs Business English w Swarz\u0119dzu Zalasewie.<\/p>\n\n\n\n<h2>Dlaczego warto uczy\u0107 si\u0119 j\u0119zyka angielskiego?<\/h2>\n\n\n\n<p>Z raportu serwisu wynagrodzenia.pl wynika, \u017ce im lepsza znajomo\u015b\u0107 j\u0119zyka obcego, tym wy\u017csze zarobki. Umiej\u0119tno\u015b\u0107 porozumiewania si\u0119 po angielsku jest po\u017c\u0105dana zw\u0142aszcza w mi\u0119dzynarodowych organizacjach. Nasi absolwenci doskonale radz\u0105 sobie na rynku pracy. Pozytywnie przechodz\u0105 testy j\u0119zykowe w trakcie rozm\u00f3w kwalifikacyjnych. Swobodnie komunikuj\u0105 si\u0119 z prze\u0142o\u017conymi i partnerami biznesowymi. Kursy Business English skierowane s\u0105 do os\u00f3b chc\u0105cych:<\/p>\n\n\n\n<ul><li>Nauczy\u0107 si\u0119 angielskiego od podstaw,<\/li><li>Pozna\u0107 s\u0142ownictwo bran\u017cowe,<\/li><li>Swobodnie rozmawia\u0107 w j\u0119zyku angielskim w miejscu pracy,<\/li><li>Podnie\u015b\u0107 swoje kompetencje zawodowe.&nbsp;<\/li><\/ul>\n\n\n\n<h2>Business English Swarz\u0119dz Zalasewo metod\u0105 BLS. Jak to dzia\u0142a?<\/h2>\n\n\n\n<p>Prowadzimy zaj\u0119cia metod\u0105 BLS stanowi\u0105c\u0105 po\u0142\u0105czenie tradycyjnych form nauczania z e-learningiem. W trakcie kursu nasi lektorzy m\u00f3wi\u0105 wy\u0142\u0105cznie po angielsku, co pozwala na \u201ezanurzenie si\u0119\u201d w j\u0119zyku i os\u0142uchanie ze s\u0142ownictwem, wymow\u0105 oraz akcentem. Z czasem nasi podopieczni coraz lepiej odnajduj\u0105 si\u0119 w angloj\u0119zycznym \u015brodowisku, a rozumienie wypowiedzi w obcym j\u0119zyku przychodzi im z du\u017c\u0105 \u0142atwo\u015bci\u0105. Stopniowo sami zaczynaj\u0105 konstruowa\u0107 wypowiedzi.<\/p>\n\n\n\n<p>Do zalet naszego rozwi\u0105zania nale\u017cy r\u00f3\u017cnorodno\u015b\u0107 materia\u0142\u00f3w. U\u017cywamy fiszek, interaktywnych podr\u0119cznik\u00f3w, prezentacji multimedialnych oraz zestaw\u00f3w FLIPCARDS. Do dyspozycji naszych kursant\u00f3w oddajemy r\u00f3wnie\u017c pliki audio zawieraj\u0105ce nagrania w wykonaniu native speaker\u00f3w pochodz\u0105cych z Wielkiej Brytanii, Kanady czy Stan\u00f3w Zjednoczonych. Pliki d\u017awi\u0119kowe mo\u017cna ods\u0142uchiwa\u0107 w dowolnym momencie, np. podczas jazdy samochodem, wycieczki lub trening\u00f3w w plenerze. To u\u0142atwia utrwalenie poznanych tre\u015bci.<\/p>\n\n\n\n<h2>Elastyczno\u015b\u0107 podej\u015bcie, wysoka skuteczno\u015b\u0107 \u2013 poznaj zalety nauki Business English&nbsp;<\/h2>\n\n\n\n<p>Zalet\u0105 kursu Business English w Zalesewie jest wysoka skuteczno\u015b\u0107 wynikaj\u0105ca z:<\/p>\n\n\n\n<ul><li>Zastosowania materia\u0142\u00f3w dydaktycznych uwzgl\u0119dniaj\u0105cych potrzeby s\u0142uchowc\u00f3w, wzrokowc\u00f3w oraz kinestetyk\u00f3w,<\/li><li>Dost\u0119pu do platformy e-learningowej umo\u017cliwiaj\u0105cej lepsze zapami\u0119tanie przerabianych tre\u015bci,<\/li><li>Pomocy do\u015bwiadczonych lektor\u00f3w prowadz\u0105cych kursy w kameralnych grupach.<\/li><\/ul>\n\n\n\n<p>Nasze zaj\u0119cia charakteryzuj\u0105 si\u0119 elastyczno\u015bci\u0105. Zakres materia\u0142\u00f3w, a tak\u017ce harmonogram dopasowujemy do indywidualnych mo\u017cliwo\u015bci. Jeste\u015bmy otwarci na prowadzenie lekcji w siedzibie Twojej firmy, dzi\u0119ki czemu zyskujesz wi\u0119cej czasu. Realizujemy r\u00f3wnie\u017c programy w ramach dofinansowania z Bazy Us\u0142ug Rozwojowych (BUR).<\/p>\n\n\n\n<h2>Skorzystaj z kursu Business English w Swarz\u0119dzu Zalasewie!<\/h2>\n\n\n\n<p>Zach\u0119camy do nauki angielskiego w Zalasewie. Oferujemy zaj\u0119cia na r\u00f3\u017cnych poziomach trudno\u015bci (od A1 do C1). Nasza metoda umo\u017cliwia opanowanie podstaw j\u0119zyka w stosunkowo kr\u00f3tkim czasie (\u015brednio od 6 do 9 miesi\u0119cy). Dzi\u0119ki wykorzystaniu wielu materia\u0142\u00f3w dydaktycznych dostosowanych do Twojego sposobu uczenia si\u0119 zapewniamy efektywn\u0105 i przyjemn\u0105 nauk\u0119.<\/p>\n\n\n\n<p>\u0179r\u00f3d\u0142o:<\/p>\n\n\n\n<ol><li>Raport Og\u00f3lnopolskie Badanie Wynagrodze\u0144 Sedlak&amp;Sedlak, 2020, https:\/\/wynagrodzenia.pl\/artykul\/wynagrodzenia-osob-z-rozna-znajomoscia-jezykow-obcych-w-2020-roku<\/li><\/ol>\n","protected":false},"excerpt":{"rendered":"<p>Business English w Swarz\u0119dz Zalasewo Znajomo\u015b\u0107 angielskiego stanowi przepustk\u0119 do lepszej przysz\u0142o\u015bci. Pomaga w znalezieniu wymarzonej i dobrze p\u0142atnej pracy. Je\u015bli nie chcesz, by ogranicza\u0142a Ci\u0119 bariera j\u0119zykowa, zapisz si\u0119 na kurs Business English w Swarz\u0119dzu Zalasewie. Dlaczego warto uczy\u0107 si\u0119 j\u0119zyka angielskiego? Z raportu serwisu wynagrodzenia.pl wynika, \u017ce im lepsza znajomo\u015b\u0107 j\u0119zyka obcego, tym [&hellip;]<\/p>\n","protected":false},"author":3,"featured_media":0,"parent":0,"menu_order":0,"comment_status":"closed","ping_status":"closed","template":"","meta":{"ngg_post_thumbnail":0},"acf":[],"yoast_head":"<!-- This site is optimized with the Yoast SEO plugin v18.9 - https:\/\/yoast.com\/wordpress\/plugins\/seo\/ -->\n<title>Business English w Swarz\u0119dzu - Leader School<\/title>\n<meta name=\"robots\" content=\"index, follow, max-snippet:-1, max-image-preview:large, max-video-preview:-1\" \/>\n<link rel=\"canonical\" href=\"https:\/\/leaderschool.pl\/swarzedz\/business-english\/\" \/>\n<meta property=\"og:locale\" content=\"pl_PL\" \/>\n<meta property=\"og:type\" content=\"article\" \/>\n<meta property=\"og:title\" content=\"Business English w Swarz\u0119dzu - Leader School\" \/>\n<meta property=\"og:description\" content=\"Business English w Swarz\u0119dz Zalasewo Znajomo\u015b\u0107 angielskiego stanowi przepustk\u0119 do lepszej przysz\u0142o\u015bci. Pomaga w znalezieniu wymarzonej i dobrze p\u0142atnej pracy. Je\u015bli nie chcesz, by ogranicza\u0142a Ci\u0119 bariera j\u0119zykowa, zapisz si\u0119 na kurs Business English w Swarz\u0119dzu Zalasewie. Dlaczego warto uczy\u0107 si\u0119 j\u0119zyka angielskiego? Z raportu serwisu wynagrodzenia.pl wynika, \u017ce im lepsza znajomo\u015b\u0107 j\u0119zyka obcego, tym [&hellip;]\" \/>\n<meta property=\"og:url\" content=\"https:\/\/leaderschool.pl\/swarzedz\/business-english\/\" \/>\n<meta property=\"og:site_name\" content=\"w Swarz\u0119dzu - Leader School\" \/>\n<meta property=\"article:modified_time\" content=\"2022-08-01T07:18:22+00:00\" \/>\n<meta name=\"twitter:card\" content=\"summary_large_image\" \/>\n<meta name=\"twitter:label1\" content=\"Szacowany czas czytania\" \/>\n\t<meta name=\"twitter:data1\" content=\"3 minuty\" \/>\n<script type=\"application\/ld+json\" class=\"yoast-schema-graph\">{\"@context\":\"https:\/\/schema.org\",\"@graph\":[{\"@type\":\"WebSite\",\"@id\":\"https:\/\/leaderschool.pl\/swarzedz\/#website\",\"url\":\"https:\/\/leaderschool.pl\/swarzedz\/\",\"name\":\"w Swarz\u0119dzu - Leader School\",\"description\":\"\",\"potentialAction\":[{\"@type\":\"SearchAction\",\"target\":{\"@type\":\"EntryPoint\",\"urlTemplate\":\"https:\/\/leaderschool.pl\/swarzedz\/?s={search_term_string}\"},\"query-input\":\"required name=search_term_string\"}],\"inLanguage\":\"pl-PL\"},{\"@type\":\"WebPage\",\"@id\":\"https:\/\/leaderschool.pl\/swarzedz\/business-english\/#webpage\",\"url\":\"https:\/\/leaderschool.pl\/swarzedz\/business-english\/\",\"name\":\"Business English w Swarz\u0119dzu - Leader School\",\"isPartOf\":{\"@id\":\"https:\/\/leaderschool.pl\/swarzedz\/#website\"},\"datePublished\":\"2022-07-24T15:55:37+00:00\",\"dateModified\":\"2022-08-01T07:18:22+00:00\",\"breadcrumb\":{\"@id\":\"https:\/\/leaderschool.pl\/swarzedz\/business-english\/#breadcrumb\"},\"inLanguage\":\"pl-PL\",\"potentialAction\":[{\"@type\":\"ReadAction\",\"target\":[\"https:\/\/leaderschool.pl\/swarzedz\/business-english\/\"]}]},{\"@type\":\"BreadcrumbList\",\"@id\":\"https:\/\/leaderschool.pl\/swarzedz\/business-english\/#breadcrumb\",\"itemListElement\":[{\"@type\":\"ListItem\",\"position\":1,\"name\":\"Home\",\"item\":\"https:\/\/leaderschool.pl\/swarzedz\/\"},{\"@type\":\"ListItem\",\"position\":2,\"name\":\"Business English\"}]}]}<\/script>\n<!-- \/ Yoast SEO plugin. -->","yoast_head_json":{"title":"Business English w Swarz\u0119dzu - Leader School","robots":{"index":"index","follow":"follow","max-snippet":"max-snippet:-1","max-image-preview":"max-image-preview:large","max-video-preview":"max-video-preview:-1"},"canonical":"https:\/\/leaderschool.pl\/swarzedz\/business-english\/","og_locale":"pl_PL","og_type":"article","og_title":"Business English w Swarz\u0119dzu - Leader School","og_description":"Business English w Swarz\u0119dz Zalasewo Znajomo\u015b\u0107 angielskiego stanowi przepustk\u0119 do lepszej przysz\u0142o\u015bci. Pomaga w znalezieniu wymarzonej i dobrze p\u0142atnej pracy. Je\u015bli nie chcesz, by ogranicza\u0142a Ci\u0119 bariera j\u0119zykowa, zapisz si\u0119 na kurs Business English w Swarz\u0119dzu Zalasewie. Dlaczego warto uczy\u0107 si\u0119 j\u0119zyka angielskiego? Z raportu serwisu wynagrodzenia.pl wynika, \u017ce im lepsza znajomo\u015b\u0107 j\u0119zyka obcego, tym [&hellip;]","og_url":"https:\/\/leaderschool.pl\/swarzedz\/business-english\/","og_site_name":"w Swarz\u0119dzu - Leader School","article_modified_time":"2022-08-01T07:18:22+00:00","twitter_card":"summary_large_image","twitter_misc":{"Szacowany czas czytania":"3 minuty"},"schema":{"@context":"https:\/\/schema.org","@graph":[{"@type":"WebSite","@id":"https:\/\/leaderschool.pl\/swarzedz\/#website","url":"https:\/\/leaderschool.pl\/swarzedz\/","name":"w Swarz\u0119dzu - Leader School","description":"","potentialAction":[{"@type":"SearchAction","target":{"@type":"EntryPoint","urlTemplate":"https:\/\/leaderschool.pl\/swarzedz\/?s={search_term_string}"},"query-input":"required name=search_term_string"}],"inLanguage":"pl-PL"},{"@type":"WebPage","@id":"https:\/\/leaderschool.pl\/swarzedz\/business-english\/#webpage","url":"https:\/\/leaderschool.pl\/swarzedz\/business-english\/","name":"Business English w Swarz\u0119dzu - Leader School","isPartOf":{"@id":"https:\/\/leaderschool.pl\/swarzedz\/#website"},"datePublished":"2022-07-24T15:55:37+00:00","dateModified":"2022-08-01T07:18:22+00:00","breadcrumb":{"@id":"https:\/\/leaderschool.pl\/swarzedz\/business-english\/#breadcrumb"},"inLanguage":"pl-PL","potentialAction":[{"@type":"ReadAction","target":["https:\/\/leaderschool.pl\/swarzedz\/business-english\/"]}]},{"@type":"BreadcrumbList","@id":"https:\/\/leaderschool.pl\/swarzedz\/business-english\/#breadcrumb","itemListElement":[{"@type":"ListItem","position":1,"name":"Home","item":"https:\/\/leaderschool.pl\/swarzedz\/"},{"@type":"ListItem","position":2,"name":"Business English"}]}]}},"_links":{"self":[{"href":"https:\/\/leaderschool.pl\/swarzedz\/wp-json\/wp\/v2\/pages\/2596"}],"collection":[{"href":"https:\/\/leaderschool.pl\/swarzedz\/wp-json\/wp\/v2\/pages"}],"about":[{"href":"https:\/\/leaderschool.pl\/swarzedz\/wp-json\/wp\/v2\/types\/page"}],"author":[{"embeddable":true,"href":"https:\/\/leaderschool.pl\/swarzedz\/wp-json\/wp\/v2\/users\/3"}],"replies":[{"embeddable":true,"href":"https:\/\/leaderschool.pl\/swarzedz\/wp-json\/wp\/v2\/comments?post=2596"}],"version-history":[{"count":2,"href":"https:\/\/leaderschool.pl\/swarzedz\/wp-json\/wp\/v2\/pages\/2596\/revisions"}],"predecessor-version":[{"id":2622,"href":"https:\/\/leaderschool.pl\/swarzedz\/wp-json\/wp\/v2\/pages\/2596\/revisions\/2622"}],"wp:attachment":[{"href":"https:\/\/leaderschool.pl\/swarzedz\/wp-json\/wp\/v2\/media?parent=2596"}],"curies":[{"name":"wp","href":"https:\/\/api.w.org\/{rel}","templated":true}]}}