{"id":2832,"date":"2025-06-04T13:00:14","date_gmt":"2025-06-04T11:00:14","guid":{"rendered":"https:\/\/leaderschool.pl\/stalowa-wola\/?page_id=2832"},"modified":"2025-06-04T13:15:22","modified_gmt":"2025-06-04T11:15:22","slug":"egzamin-telc","status":"publish","type":"page","link":"https:\/\/leaderschool.pl\/stalowa-wola\/egzamin-telc\/","title":{"rendered":"Egzamin TELC dla obcokrajowc\u00f3w"},"content":{"rendered":"\n<p>Zdob\u0105d\u017a certyfikat dla karty rezydenta w 6 tygodni! Egzamin TELC to \u0142atwiejsza i szybsza alternatywa dla pa\u0144stwowego egzaminu certyfikatowego. Trwaj\u0105cy kr\u00f3cej egzamin TELC jest doskona\u0142ym rozwi\u0105zaniem dla tych, kt\u00f3rzy musz\u0105 szybko uzyska\u0107 certyfikat j\u0119zykowy do z\u0142o\u017cenia na kart\u0119 rezydenta, potwierdzenia umiej\u0119tno\u015bci j\u0119zykowych w pracy czy na uczelni. Nie czekaj, zdaj egzamin TELC z nami i szybko osi\u0105gnij swoje cele j\u0119zykowe!<br>Przygotowanie do egzaminu TELC z j\u0119zyka polskiego jako obcego wymaga skutecznej strategii. Mo\u017cesz spr\u00f3bowa\u0107 samodzielnej nauki, jednak do\u0142\u0105czenie do naszego kursu znacznie zwi\u0119kszy Twoje szanse na sukces. Znaj\u0105c proces egzaminacyjny od \u015brodka, jeste\u015bmy w stanie odpowiednio przygotowa\u0107 student\u00f3w, kt\u00f3rzy planuj\u0105 zwi\u0105za\u0107 swoje \u017cycie z Polsk\u0105.<br>Egzamin TELC jest dualny \u2013 to znaczy, \u017ce w ramach jednego egzaminu mo\u017cesz otrzyma\u0107 certyfikat na poziomie B1 lub B2. Zapisz si\u0119 na jeden egzamin i uzyskaj certyfikat odpowiadaj\u0105cy Twoim rzeczywistym umiej\u0119tno\u015bciom j\u0119zykowym. Jest to idealne rozwi\u0105zanie dla tych, kt\u00f3rzy chc\u0105 elastycznie potwierdzi\u0107 swoj\u0105 znajomo\u015b\u0107 j\u0119zyka polskiego!<\/p>\n","protected":false},"excerpt":{"rendered":"<p>Zdob\u0105d\u017a certyfikat dla karty rezydenta w 6 tygodni! Egzamin TELC to \u0142atwiejsza i szybsza alternatywa dla pa\u0144stwowego egzaminu certyfikatowego. Trwaj\u0105cy kr\u00f3cej egzamin TELC jest doskona\u0142ym rozwi\u0105zaniem dla tych, kt\u00f3rzy musz\u0105 szybko uzyska\u0107 certyfikat j\u0119zykowy do z\u0142o\u017cenia na kart\u0119 rezydenta, potwierdzenia umiej\u0119tno\u015bci j\u0119zykowych w pracy czy na uczelni. Nie czekaj, zdaj egzamin TELC z nami i [&hellip;]<\/p>\n","protected":false},"author":3,"featured_media":0,"parent":0,"menu_order":0,"comment_status":"closed","ping_status":"closed","template":"","meta":{"ngg_post_thumbnail":0},"acf":[],"yoast_head":"<!-- This site is optimized with the Yoast SEO plugin v18.9 - https:\/\/yoast.com\/wordpress\/plugins\/seo\/ -->\n<title>Egzamin TELC dla obcokrajowc\u00f3w w Stalowej Woli - Leader School<\/title>\n<meta name=\"robots\" content=\"index, follow, max-snippet:-1, max-image-preview:large, max-video-preview:-1\" \/>\n<link rel=\"canonical\" href=\"https:\/\/leaderschool.pl\/stalowa-wola\/egzamin-telc\/\" \/>\n<meta property=\"og:locale\" content=\"pl_PL\" \/>\n<meta property=\"og:type\" content=\"article\" \/>\n<meta property=\"og:title\" content=\"Egzamin TELC dla obcokrajowc\u00f3w w Stalowej Woli - Leader School\" \/>\n<meta property=\"og:description\" content=\"Zdob\u0105d\u017a certyfikat dla karty rezydenta w 6 tygodni! Egzamin TELC to \u0142atwiejsza i szybsza alternatywa dla pa\u0144stwowego egzaminu certyfikatowego. Trwaj\u0105cy kr\u00f3cej egzamin TELC jest doskona\u0142ym rozwi\u0105zaniem dla tych, kt\u00f3rzy musz\u0105 szybko uzyska\u0107 certyfikat j\u0119zykowy do z\u0142o\u017cenia na kart\u0119 rezydenta, potwierdzenia umiej\u0119tno\u015bci j\u0119zykowych w pracy czy na uczelni. Nie czekaj, zdaj egzamin TELC z nami i [&hellip;]\" \/>\n<meta property=\"og:url\" content=\"https:\/\/leaderschool.pl\/stalowa-wola\/egzamin-telc\/\" \/>\n<meta property=\"og:site_name\" content=\"w Stalowej Woli - Leader School\" \/>\n<meta property=\"article:modified_time\" content=\"2025-06-04T11:15:22+00:00\" \/>\n<meta name=\"twitter:card\" content=\"summary_large_image\" \/>\n<meta name=\"twitter:label1\" content=\"Szacowany czas czytania\" \/>\n\t<meta name=\"twitter:data1\" content=\"1 minuta\" \/>\n<script type=\"application\/ld+json\" class=\"yoast-schema-graph\">{\"@context\":\"https:\/\/schema.org\",\"@graph\":[{\"@type\":\"WebSite\",\"@id\":\"https:\/\/leaderschool.pl\/stalowa-wola\/#website\",\"url\":\"https:\/\/leaderschool.pl\/stalowa-wola\/\",\"name\":\"w Stalowej Woli - Leader School\",\"description\":\"\",\"potentialAction\":[{\"@type\":\"SearchAction\",\"target\":{\"@type\":\"EntryPoint\",\"urlTemplate\":\"https:\/\/leaderschool.pl\/stalowa-wola\/?s={search_term_string}\"},\"query-input\":\"required name=search_term_string\"}],\"inLanguage\":\"pl-PL\"},{\"@type\":\"WebPage\",\"@id\":\"https:\/\/leaderschool.pl\/stalowa-wola\/egzamin-telc\/#webpage\",\"url\":\"https:\/\/leaderschool.pl\/stalowa-wola\/egzamin-telc\/\",\"name\":\"Egzamin TELC dla obcokrajowc\u00f3w w Stalowej Woli - Leader School\",\"isPartOf\":{\"@id\":\"https:\/\/leaderschool.pl\/stalowa-wola\/#website\"},\"datePublished\":\"2025-06-04T11:00:14+00:00\",\"dateModified\":\"2025-06-04T11:15:22+00:00\",\"breadcrumb\":{\"@id\":\"https:\/\/leaderschool.pl\/stalowa-wola\/egzamin-telc\/#breadcrumb\"},\"inLanguage\":\"pl-PL\",\"potentialAction\":[{\"@type\":\"ReadAction\",\"target\":[\"https:\/\/leaderschool.pl\/stalowa-wola\/egzamin-telc\/\"]}]},{\"@type\":\"BreadcrumbList\",\"@id\":\"https:\/\/leaderschool.pl\/stalowa-wola\/egzamin-telc\/#breadcrumb\",\"itemListElement\":[{\"@type\":\"ListItem\",\"position\":1,\"name\":\"Home\",\"item\":\"https:\/\/leaderschool.pl\/stalowa-wola\/\"},{\"@type\":\"ListItem\",\"position\":2,\"name\":\"Egzamin TELC dla obcokrajowc\u00f3w\"}]}]}<\/script>\n<!-- \/ Yoast SEO plugin. -->","yoast_head_json":{"title":"Egzamin TELC dla obcokrajowc\u00f3w w Stalowej Woli - Leader School","robots":{"index":"index","follow":"follow","max-snippet":"max-snippet:-1","max-image-preview":"max-image-preview:large","max-video-preview":"max-video-preview:-1"},"canonical":"https:\/\/leaderschool.pl\/stalowa-wola\/egzamin-telc\/","og_locale":"pl_PL","og_type":"article","og_title":"Egzamin TELC dla obcokrajowc\u00f3w w Stalowej Woli - Leader School","og_description":"Zdob\u0105d\u017a certyfikat dla karty rezydenta w 6 tygodni! Egzamin TELC to \u0142atwiejsza i szybsza alternatywa dla pa\u0144stwowego egzaminu certyfikatowego. Trwaj\u0105cy kr\u00f3cej egzamin TELC jest doskona\u0142ym rozwi\u0105zaniem dla tych, kt\u00f3rzy musz\u0105 szybko uzyska\u0107 certyfikat j\u0119zykowy do z\u0142o\u017cenia na kart\u0119 rezydenta, potwierdzenia umiej\u0119tno\u015bci j\u0119zykowych w pracy czy na uczelni. Nie czekaj, zdaj egzamin TELC z nami i [&hellip;]","og_url":"https:\/\/leaderschool.pl\/stalowa-wola\/egzamin-telc\/","og_site_name":"w Stalowej Woli - Leader School","article_modified_time":"2025-06-04T11:15:22+00:00","twitter_card":"summary_large_image","twitter_misc":{"Szacowany czas czytania":"1 minuta"},"schema":{"@context":"https:\/\/schema.org","@graph":[{"@type":"WebSite","@id":"https:\/\/leaderschool.pl\/stalowa-wola\/#website","url":"https:\/\/leaderschool.pl\/stalowa-wola\/","name":"w Stalowej Woli - Leader School","description":"","potentialAction":[{"@type":"SearchAction","target":{"@type":"EntryPoint","urlTemplate":"https:\/\/leaderschool.pl\/stalowa-wola\/?s={search_term_string}"},"query-input":"required name=search_term_string"}],"inLanguage":"pl-PL"},{"@type":"WebPage","@id":"https:\/\/leaderschool.pl\/stalowa-wola\/egzamin-telc\/#webpage","url":"https:\/\/leaderschool.pl\/stalowa-wola\/egzamin-telc\/","name":"Egzamin TELC dla obcokrajowc\u00f3w w Stalowej Woli - Leader School","isPartOf":{"@id":"https:\/\/leaderschool.pl\/stalowa-wola\/#website"},"datePublished":"2025-06-04T11:00:14+00:00","dateModified":"2025-06-04T11:15:22+00:00","breadcrumb":{"@id":"https:\/\/leaderschool.pl\/stalowa-wola\/egzamin-telc\/#breadcrumb"},"inLanguage":"pl-PL","potentialAction":[{"@type":"ReadAction","target":["https:\/\/leaderschool.pl\/stalowa-wola\/egzamin-telc\/"]}]},{"@type":"BreadcrumbList","@id":"https:\/\/leaderschool.pl\/stalowa-wola\/egzamin-telc\/#breadcrumb","itemListElement":[{"@type":"ListItem","position":1,"name":"Home","item":"https:\/\/leaderschool.pl\/stalowa-wola\/"},{"@type":"ListItem","position":2,"name":"Egzamin TELC dla obcokrajowc\u00f3w"}]}]}},"_links":{"self":[{"href":"https:\/\/leaderschool.pl\/stalowa-wola\/wp-json\/wp\/v2\/pages\/2832"}],"collection":[{"href":"https:\/\/leaderschool.pl\/stalowa-wola\/wp-json\/wp\/v2\/pages"}],"about":[{"href":"https:\/\/leaderschool.pl\/stalowa-wola\/wp-json\/wp\/v2\/types\/page"}],"author":[{"embeddable":true,"href":"https:\/\/leaderschool.pl\/stalowa-wola\/wp-json\/wp\/v2\/users\/3"}],"replies":[{"embeddable":true,"href":"https:\/\/leaderschool.pl\/stalowa-wola\/wp-json\/wp\/v2\/comments?post=2832"}],"version-history":[{"count":2,"href":"https:\/\/leaderschool.pl\/stalowa-wola\/wp-json\/wp\/v2\/pages\/2832\/revisions"}],"predecessor-version":[{"id":2836,"href":"https:\/\/leaderschool.pl\/stalowa-wola\/wp-json\/wp\/v2\/pages\/2832\/revisions\/2836"}],"wp:attachment":[{"href":"https:\/\/leaderschool.pl\/stalowa-wola\/wp-json\/wp\/v2\/media?parent=2832"}],"curies":[{"name":"wp","href":"https:\/\/api.w.org\/{rel}","templated":true}]}}