{"id":2819,"date":"2025-03-14T10:15:58","date_gmt":"2025-03-14T09:15:58","guid":{"rendered":"https:\/\/leaderschool.pl\/stalowa-wola\/?page_id=2819"},"modified":"2025-03-14T10:16:00","modified_gmt":"2025-03-14T09:16:00","slug":"szkolenia-jezykowe-z-dofinansowaniem","status":"publish","type":"page","link":"https:\/\/leaderschool.pl\/stalowa-wola\/szkolenia-jezykowe-z-dofinansowaniem\/","title":{"rendered":"Szkolenia\u00a0j\u0119zykowe z dofinansowaniem."},"content":{"rendered":"\n<p>Chcesz&nbsp;nauczy\u0107 si\u0119 j\u0119zyka? A&nbsp; mo\u017ce potrzebujesz doszlifowa\u0107 swoje umiej\u0119tno\u015bci?&nbsp;Je\u015bli tak, to&nbsp;w&nbsp;Leader School&nbsp;Stalowa Wola&nbsp;mamy dla Ciebie&nbsp;propozycj\u0119. Wojew\u00f3dzki Urz\u0105d Pracy w&nbsp;Rzeszowie realizuje&nbsp;projekt&nbsp;Krajowy Fundusz Szkoleniowy.<br>Dzi\u0119ki niemu uczestnik&nbsp;kursu j\u0119zykowego ma&nbsp;op\u0142acone do&nbsp;85% jego koszt\u00f3w, sam p\u0142ac\u0105c niewielk\u0105&nbsp;cz\u0119\u015b\u0107.<br>Wi\u0119cej informacji&nbsp;o&nbsp;projekcie&nbsp;&nbsp;znajdziesz&nbsp;pod&nbsp;adresem:<\/p>\n\n\n\n<p><a href=\"https:\/\/wuprzeszow.praca.gov.pl\/dla-pracodawcow-i-przedsiebiorcow\/podnoszenie-kompetencji-i-kwalifikacji-pracownikow-i-kandydatow-do-pracy\/krajowy-fundusz-szkoleniowy\">Krajowy Fundusz Szkoleniowy &#8211; Wojew\u00f3dzki Urz\u0105d Pracy w Rzeszowie &#8211; Administracja<\/a><br><br>Szko\u0142a J\u0119zyk\u00f3w Obcych Leader School w&nbsp;Stalowej&nbsp;Woli&nbsp;zaprasza na&nbsp;kursy dofinansowane dla firm w&nbsp;ramach projektu&nbsp;realizowanego przez&nbsp;Mieleck\u0105 Agencj\u0119 Rozwoju Regionalnego (MARR):&nbsp;<br>Angielski z&nbsp;dofinansowaniem czyli szybko, na&nbsp;jasnych zasadach&nbsp;i&nbsp;bez&nbsp;skomplikowanych formalno\u015bci \u2013 takie cele i&nbsp;zadania stawia&nbsp;sobie Mielecka Agencji Rozwoju Regionalnego S.A. To&nbsp;du\u017ca szansa dla&nbsp;przedsi\u0119biorc\u00f3w z&nbsp;wojew\u00f3dztwa&nbsp;podkarpackiego na&nbsp;podniesienie&nbsp;kompetencji swoich pracownik\u00f3w. Dzi\u0119ki projektowi mikro (w&nbsp;tym jednoosobowa&nbsp;dzia\u0142alno\u015b\u0107), ma\u0142e i&nbsp;\u015brednie przedsi\u0119biorstwa b\u0119d\u0105 mog\u0142y zdoby\u0107&nbsp;dofinansowanie i&nbsp;zrealizowa\u0107 szkolenia.<br><a href=\"https:\/\/marr.com.pl\/projekt\/nowoczesne-kompetencje-w-subregionie-tarnobrzeskim-2\/\">Nowoczesne kompetencje w subregionie Tarnobrzeskim &#8211; Marr<\/a><\/p>\n\n\n\n<p>Organizujemy&nbsp;szkolenia j\u0119zyka angielskiego, niemieckiego oraz&nbsp;w\u0142oskiego dla os\u00f3b&nbsp;i&nbsp;firm, kt\u00f3re pozyska\u0142y \u015brodki na&nbsp;ten cel.<\/p>\n\n\n\n<p>Aktualna&nbsp;oferta naszych szkole\u0144 znajduje si\u0119 na&nbsp;stronie Bazy Us\u0142ug Rozwojowych<\/p>\n\n\n\n<p>Je\u015bli&nbsp;nie&nbsp;znajd\u0105 Pa\u0144stwo kursu odpowiadaj\u0105cego Pa\u0144stwa potrzebom prosimy&nbsp;o&nbsp;kontakt z&nbsp;nami.<br>Opublikujemy szkolenie zgodne z&nbsp;Pa\u0144stwa&nbsp;oczekiwaniami.<\/p>\n","protected":false},"excerpt":{"rendered":"<p>Chcesz&nbsp;nauczy\u0107 si\u0119 j\u0119zyka? A&nbsp; mo\u017ce potrzebujesz doszlifowa\u0107 swoje umiej\u0119tno\u015bci?&nbsp;Je\u015bli tak, to&nbsp;w&nbsp;Leader School&nbsp;Stalowa Wola&nbsp;mamy dla Ciebie&nbsp;propozycj\u0119. Wojew\u00f3dzki Urz\u0105d Pracy w&nbsp;Rzeszowie realizuje&nbsp;projekt&nbsp;Krajowy Fundusz Szkoleniowy.Dzi\u0119ki niemu uczestnik&nbsp;kursu j\u0119zykowego ma&nbsp;op\u0142acone do&nbsp;85% jego koszt\u00f3w, sam p\u0142ac\u0105c niewielk\u0105&nbsp;cz\u0119\u015b\u0107.Wi\u0119cej informacji&nbsp;o&nbsp;projekcie&nbsp;&nbsp;znajdziesz&nbsp;pod&nbsp;adresem: Krajowy Fundusz Szkoleniowy &#8211; Wojew\u00f3dzki Urz\u0105d Pracy w Rzeszowie &#8211; Administracja Szko\u0142a J\u0119zyk\u00f3w Obcych Leader School w&nbsp;Stalowej&nbsp;Woli&nbsp;zaprasza na&nbsp;kursy dofinansowane dla firm w&nbsp;ramach [&hellip;]<\/p>\n","protected":false},"author":3,"featured_media":0,"parent":0,"menu_order":0,"comment_status":"closed","ping_status":"closed","template":"","meta":{"ngg_post_thumbnail":0},"acf":[],"yoast_head":"<!-- This site is optimized with the Yoast SEO plugin v18.9 - https:\/\/yoast.com\/wordpress\/plugins\/seo\/ -->\n<title>Szkolenia\u00a0j\u0119zykowe z dofinansowaniem. w Stalowej Woli - Leader School<\/title>\n<meta name=\"robots\" content=\"index, follow, max-snippet:-1, max-image-preview:large, max-video-preview:-1\" \/>\n<link rel=\"canonical\" href=\"https:\/\/leaderschool.pl\/stalowa-wola\/szkolenia-jezykowe-z-dofinansowaniem\/\" \/>\n<meta property=\"og:locale\" content=\"pl_PL\" \/>\n<meta property=\"og:type\" content=\"article\" \/>\n<meta property=\"og:title\" content=\"Szkolenia\u00a0j\u0119zykowe z dofinansowaniem. w Stalowej Woli - Leader School\" \/>\n<meta property=\"og:description\" content=\"Chcesz&nbsp;nauczy\u0107 si\u0119 j\u0119zyka? A&nbsp; mo\u017ce potrzebujesz doszlifowa\u0107 swoje umiej\u0119tno\u015bci?&nbsp;Je\u015bli tak, to&nbsp;w&nbsp;Leader School&nbsp;Stalowa Wola&nbsp;mamy dla Ciebie&nbsp;propozycj\u0119. Wojew\u00f3dzki Urz\u0105d Pracy w&nbsp;Rzeszowie realizuje&nbsp;projekt&nbsp;Krajowy Fundusz Szkoleniowy.Dzi\u0119ki niemu uczestnik&nbsp;kursu j\u0119zykowego ma&nbsp;op\u0142acone do&nbsp;85% jego koszt\u00f3w, sam p\u0142ac\u0105c niewielk\u0105&nbsp;cz\u0119\u015b\u0107.Wi\u0119cej informacji&nbsp;o&nbsp;projekcie&nbsp;&nbsp;znajdziesz&nbsp;pod&nbsp;adresem: Krajowy Fundusz Szkoleniowy &#8211; Wojew\u00f3dzki Urz\u0105d Pracy w Rzeszowie &#8211; Administracja Szko\u0142a J\u0119zyk\u00f3w Obcych Leader School w&nbsp;Stalowej&nbsp;Woli&nbsp;zaprasza na&nbsp;kursy dofinansowane dla firm w&nbsp;ramach [&hellip;]\" \/>\n<meta property=\"og:url\" content=\"https:\/\/leaderschool.pl\/stalowa-wola\/szkolenia-jezykowe-z-dofinansowaniem\/\" \/>\n<meta property=\"og:site_name\" content=\"w Stalowej Woli - Leader School\" \/>\n<meta property=\"article:modified_time\" content=\"2025-03-14T09:16:00+00:00\" \/>\n<meta name=\"twitter:card\" content=\"summary_large_image\" \/>\n<meta name=\"twitter:label1\" content=\"Szacowany czas czytania\" \/>\n\t<meta name=\"twitter:data1\" content=\"1 minuta\" \/>\n<script type=\"application\/ld+json\" class=\"yoast-schema-graph\">{\"@context\":\"https:\/\/schema.org\",\"@graph\":[{\"@type\":\"WebSite\",\"@id\":\"https:\/\/leaderschool.pl\/stalowa-wola\/#website\",\"url\":\"https:\/\/leaderschool.pl\/stalowa-wola\/\",\"name\":\"w Stalowej Woli - Leader School\",\"description\":\"\",\"potentialAction\":[{\"@type\":\"SearchAction\",\"target\":{\"@type\":\"EntryPoint\",\"urlTemplate\":\"https:\/\/leaderschool.pl\/stalowa-wola\/?s={search_term_string}\"},\"query-input\":\"required name=search_term_string\"}],\"inLanguage\":\"pl-PL\"},{\"@type\":\"WebPage\",\"@id\":\"https:\/\/leaderschool.pl\/stalowa-wola\/szkolenia-jezykowe-z-dofinansowaniem\/#webpage\",\"url\":\"https:\/\/leaderschool.pl\/stalowa-wola\/szkolenia-jezykowe-z-dofinansowaniem\/\",\"name\":\"Szkolenia\u00a0j\u0119zykowe z dofinansowaniem. w Stalowej Woli - Leader School\",\"isPartOf\":{\"@id\":\"https:\/\/leaderschool.pl\/stalowa-wola\/#website\"},\"datePublished\":\"2025-03-14T09:15:58+00:00\",\"dateModified\":\"2025-03-14T09:16:00+00:00\",\"breadcrumb\":{\"@id\":\"https:\/\/leaderschool.pl\/stalowa-wola\/szkolenia-jezykowe-z-dofinansowaniem\/#breadcrumb\"},\"inLanguage\":\"pl-PL\",\"potentialAction\":[{\"@type\":\"ReadAction\",\"target\":[\"https:\/\/leaderschool.pl\/stalowa-wola\/szkolenia-jezykowe-z-dofinansowaniem\/\"]}]},{\"@type\":\"BreadcrumbList\",\"@id\":\"https:\/\/leaderschool.pl\/stalowa-wola\/szkolenia-jezykowe-z-dofinansowaniem\/#breadcrumb\",\"itemListElement\":[{\"@type\":\"ListItem\",\"position\":1,\"name\":\"Home\",\"item\":\"https:\/\/leaderschool.pl\/stalowa-wola\/\"},{\"@type\":\"ListItem\",\"position\":2,\"name\":\"Szkolenia\u00a0j\u0119zykowe z dofinansowaniem.\"}]}]}<\/script>\n<!-- \/ Yoast SEO plugin. -->","yoast_head_json":{"title":"Szkolenia\u00a0j\u0119zykowe z dofinansowaniem. w Stalowej Woli - Leader School","robots":{"index":"index","follow":"follow","max-snippet":"max-snippet:-1","max-image-preview":"max-image-preview:large","max-video-preview":"max-video-preview:-1"},"canonical":"https:\/\/leaderschool.pl\/stalowa-wola\/szkolenia-jezykowe-z-dofinansowaniem\/","og_locale":"pl_PL","og_type":"article","og_title":"Szkolenia\u00a0j\u0119zykowe z dofinansowaniem. w Stalowej Woli - Leader School","og_description":"Chcesz&nbsp;nauczy\u0107 si\u0119 j\u0119zyka? A&nbsp; mo\u017ce potrzebujesz doszlifowa\u0107 swoje umiej\u0119tno\u015bci?&nbsp;Je\u015bli tak, to&nbsp;w&nbsp;Leader School&nbsp;Stalowa Wola&nbsp;mamy dla Ciebie&nbsp;propozycj\u0119. Wojew\u00f3dzki Urz\u0105d Pracy w&nbsp;Rzeszowie realizuje&nbsp;projekt&nbsp;Krajowy Fundusz Szkoleniowy.Dzi\u0119ki niemu uczestnik&nbsp;kursu j\u0119zykowego ma&nbsp;op\u0142acone do&nbsp;85% jego koszt\u00f3w, sam p\u0142ac\u0105c niewielk\u0105&nbsp;cz\u0119\u015b\u0107.Wi\u0119cej informacji&nbsp;o&nbsp;projekcie&nbsp;&nbsp;znajdziesz&nbsp;pod&nbsp;adresem: Krajowy Fundusz Szkoleniowy &#8211; Wojew\u00f3dzki Urz\u0105d Pracy w Rzeszowie &#8211; Administracja Szko\u0142a J\u0119zyk\u00f3w Obcych Leader School w&nbsp;Stalowej&nbsp;Woli&nbsp;zaprasza na&nbsp;kursy dofinansowane dla firm w&nbsp;ramach [&hellip;]","og_url":"https:\/\/leaderschool.pl\/stalowa-wola\/szkolenia-jezykowe-z-dofinansowaniem\/","og_site_name":"w Stalowej Woli - Leader School","article_modified_time":"2025-03-14T09:16:00+00:00","twitter_card":"summary_large_image","twitter_misc":{"Szacowany czas czytania":"1 minuta"},"schema":{"@context":"https:\/\/schema.org","@graph":[{"@type":"WebSite","@id":"https:\/\/leaderschool.pl\/stalowa-wola\/#website","url":"https:\/\/leaderschool.pl\/stalowa-wola\/","name":"w Stalowej Woli - Leader School","description":"","potentialAction":[{"@type":"SearchAction","target":{"@type":"EntryPoint","urlTemplate":"https:\/\/leaderschool.pl\/stalowa-wola\/?s={search_term_string}"},"query-input":"required name=search_term_string"}],"inLanguage":"pl-PL"},{"@type":"WebPage","@id":"https:\/\/leaderschool.pl\/stalowa-wola\/szkolenia-jezykowe-z-dofinansowaniem\/#webpage","url":"https:\/\/leaderschool.pl\/stalowa-wola\/szkolenia-jezykowe-z-dofinansowaniem\/","name":"Szkolenia\u00a0j\u0119zykowe z dofinansowaniem. w Stalowej Woli - Leader School","isPartOf":{"@id":"https:\/\/leaderschool.pl\/stalowa-wola\/#website"},"datePublished":"2025-03-14T09:15:58+00:00","dateModified":"2025-03-14T09:16:00+00:00","breadcrumb":{"@id":"https:\/\/leaderschool.pl\/stalowa-wola\/szkolenia-jezykowe-z-dofinansowaniem\/#breadcrumb"},"inLanguage":"pl-PL","potentialAction":[{"@type":"ReadAction","target":["https:\/\/leaderschool.pl\/stalowa-wola\/szkolenia-jezykowe-z-dofinansowaniem\/"]}]},{"@type":"BreadcrumbList","@id":"https:\/\/leaderschool.pl\/stalowa-wola\/szkolenia-jezykowe-z-dofinansowaniem\/#breadcrumb","itemListElement":[{"@type":"ListItem","position":1,"name":"Home","item":"https:\/\/leaderschool.pl\/stalowa-wola\/"},{"@type":"ListItem","position":2,"name":"Szkolenia\u00a0j\u0119zykowe z dofinansowaniem."}]}]}},"_links":{"self":[{"href":"https:\/\/leaderschool.pl\/stalowa-wola\/wp-json\/wp\/v2\/pages\/2819"}],"collection":[{"href":"https:\/\/leaderschool.pl\/stalowa-wola\/wp-json\/wp\/v2\/pages"}],"about":[{"href":"https:\/\/leaderschool.pl\/stalowa-wola\/wp-json\/wp\/v2\/types\/page"}],"author":[{"embeddable":true,"href":"https:\/\/leaderschool.pl\/stalowa-wola\/wp-json\/wp\/v2\/users\/3"}],"replies":[{"embeddable":true,"href":"https:\/\/leaderschool.pl\/stalowa-wola\/wp-json\/wp\/v2\/comments?post=2819"}],"version-history":[{"count":1,"href":"https:\/\/leaderschool.pl\/stalowa-wola\/wp-json\/wp\/v2\/pages\/2819\/revisions"}],"predecessor-version":[{"id":2820,"href":"https:\/\/leaderschool.pl\/stalowa-wola\/wp-json\/wp\/v2\/pages\/2819\/revisions\/2820"}],"wp:attachment":[{"href":"https:\/\/leaderschool.pl\/stalowa-wola\/wp-json\/wp\/v2\/media?parent=2819"}],"curies":[{"name":"wp","href":"https:\/\/api.w.org\/{rel}","templated":true}]}}