{"id":2802,"date":"2025-01-30T11:18:02","date_gmt":"2025-01-30T10:18:02","guid":{"rendered":"https:\/\/leaderschool.pl\/stalowa-wola\/?page_id=2802"},"modified":"2025-01-30T11:18:03","modified_gmt":"2025-01-30T10:18:03","slug":"business-english","status":"publish","type":"page","link":"https:\/\/leaderschool.pl\/stalowa-wola\/business-english\/","title":{"rendered":"Business English"},"content":{"rendered":"\n<h2>G\u0142\u00f3wne za\u0142o\u017cenia:<\/h2>\n\n\n\n<p>\u2022 2 poziomy zaawansowania: A2 oraz&nbsp;B2;<br>\u2022 Rozw\u00f3j kompetencji j\u0119zykowych w&nbsp;zakresie m\u00f3wienia, czytania i&nbsp;pisania, w\u0142\u0105czaj\u0105c korespondencj\u0119 biznesow\u0105 czy&nbsp;tworzenie prezentacji<br>\u2022 Po\u0142\u0105czenie kursu j\u0119zykowego z&nbsp;tematyk\u0105 biznesow\u0105 i&nbsp;rozwojem umiej\u0119tno\u015bci mi\u0119kkich (organizacja czasu, zarz\u0105dzanie i&nbsp;priorytetyzacja zada\u0144, przygotowanie prezentacji; zarz\u0105dzanie projektem; rozwijanie i&nbsp;zarz\u0105dzanie relacjami z&nbsp;klientem; wiedza na&nbsp;temat wsp\u00f3\u0142czesnej organizacji itp)<br>\u2022 Zaj\u0119cia skierowany do&nbsp;m\u0142odej kadry menad\u017cerskiej oraz&nbsp;os\u00f3b planuj\u0105cych rozw\u00f3j w&nbsp;kierunku zarz\u0105dzania lud\u017ami i&nbsp;\/ lub projektami we&nbsp;wsp\u00f3\u0142czesnej organizacji, a&nbsp;tak\u017ce wszystkich pragn\u0105cych udoskonali\u0107 swoje umiej\u0119tno\u015bci j\u0119zykowe w&nbsp;zakresie komunikacji i&nbsp;wiedzy biznesowej<\/p>\n\n\n\n<h2>Struktura zaj\u0119\u0107:<\/h2>\n\n\n\n<p>\u2022 Zaj\u0119cia b\u0119d\u0105 odbywa\u0142y si\u0119 w&nbsp;ka\u017cdy pi\u0105tek w&nbsp;3-godzinnych modu\u0142ach (50 min&nbsp;zaj\u0119\u0107 \/ 10 min&nbsp;przerwy)<br>\u2022 Ka\u017cdy modu\u0142 stanowi odr\u0119bn\u0105 jednostk\u0119 tematyczn\u0105 \u2013 mo\u017cna uczestniczy\u0107 w&nbsp;ca\u0142ym kursie lub tylko&nbsp;w&nbsp;wybranych przez&nbsp;siebie zaj\u0119ciach;<br>\u2022 Wszystkie tematy b\u0119d\u0105 prowadzone na&nbsp;dw\u00f3ch poziomach j\u0119zykowych \u2013 A2 oraz&nbsp;B2 \/ C1;<br>\u2022 Zaj\u0119cia s\u0105&nbsp;prowadzone w&nbsp;formie interaktywnych szkole\u0144 i&nbsp;maj\u0105 na&nbsp;celu aktywizacj\u0119 j\u0119zykow\u0105 s\u0142uchaczy w&nbsp;trakcie zaj\u0119\u0107 przy jednoczesnym poszerzaniu wiedzy w&nbsp;obr\u0119bie poruszanych temat\u00f3w.<\/p>\n\n\n\n<h2>Planowana tematyka<\/h2>\n\n\n\n<p>\u2022 R\u00f3\u017cnice kulturowe w&nbsp;biznesie<br>\u2022 Budowanie i&nbsp;rozw\u00f3j relacji w&nbsp;\u015brodowisku wirtualnym<br>\u2022 Motywacja<br>\u2022 Zasoby ludzkie w&nbsp;biznesie<br>\u2022 Struktury organizacji<br>\u2022 Spotkania biznesowe<br>\u2022 Wsp\u00f3\u0142czesny \u0142a\u0144cuch dostaw<br>\u2022 Koncepcja Kaizen<br>\u2022 Marketing<br>\u2022 Rozw\u00f3j i&nbsp;zarz\u0105dzanie relacjami z&nbsp;klientem<br>\u2022 Podstawy j\u0119zyka finansowego<br>\u2022 Analiza SWOT<br>\u2022 Negocjacje i&nbsp;sprzeda\u017c<br>\u2022 Zarz\u0105dzanie czasem i&nbsp;priorytetyzacja zada\u0144<br>\u2022 Analiza STEEP<br>\u2022 J\u0119zyk Dzia\u0142u Kadr \u2013 p\u0142ace i&nbsp;benefity<br>\u2022 Przysz\u0142o\u015b\u0107 pracownika<br>\u2022 Strategia kreatywno\u015bci<br>\u2022 Problemy w&nbsp;organizacji<br>\u2022 \u015awiadomo\u015b\u0107 kulturowa w&nbsp;dzisiejszym \u015bwiecie<br>\u2022 Ustalanie cel\u00f3w (SMART)<br>\u2022 Podstawy zarz\u0105dzania projektem<br>\u2022 Skuteczna prezentacja \u2013 stacjonarna i&nbsp;on-line<br>\u2022 J\u0119zyk finans\u00f3w \u2013 bilans<br>\u2022 CSR i&nbsp;jej rola w&nbsp;dzisiejszej organizacji<br>\u2022 Planowanie strategii<\/p>\n","protected":false},"excerpt":{"rendered":"<p>G\u0142\u00f3wne za\u0142o\u017cenia: \u2022 2 poziomy zaawansowania: A2 oraz&nbsp;B2;\u2022 Rozw\u00f3j kompetencji j\u0119zykowych w&nbsp;zakresie m\u00f3wienia, czytania i&nbsp;pisania, w\u0142\u0105czaj\u0105c korespondencj\u0119 biznesow\u0105 czy&nbsp;tworzenie prezentacji\u2022 Po\u0142\u0105czenie kursu j\u0119zykowego z&nbsp;tematyk\u0105 biznesow\u0105 i&nbsp;rozwojem umiej\u0119tno\u015bci mi\u0119kkich (organizacja czasu, zarz\u0105dzanie i&nbsp;priorytetyzacja zada\u0144, przygotowanie prezentacji; zarz\u0105dzanie projektem; rozwijanie i&nbsp;zarz\u0105dzanie relacjami z&nbsp;klientem; wiedza na&nbsp;temat wsp\u00f3\u0142czesnej organizacji itp)\u2022 Zaj\u0119cia skierowany do&nbsp;m\u0142odej kadry menad\u017cerskiej oraz&nbsp;os\u00f3b planuj\u0105cych rozw\u00f3j w&nbsp;kierunku [&hellip;]<\/p>\n","protected":false},"author":3,"featured_media":0,"parent":0,"menu_order":0,"comment_status":"closed","ping_status":"closed","template":"","meta":{"ngg_post_thumbnail":0},"acf":[],"yoast_head":"<!-- This site is optimized with the Yoast SEO plugin v18.9 - https:\/\/yoast.com\/wordpress\/plugins\/seo\/ -->\n<title>Business English w Stalowej Woli - Leader School<\/title>\n<meta name=\"robots\" content=\"index, follow, max-snippet:-1, max-image-preview:large, max-video-preview:-1\" \/>\n<link rel=\"canonical\" href=\"https:\/\/leaderschool.pl\/stalowa-wola\/business-english\/\" \/>\n<meta property=\"og:locale\" content=\"pl_PL\" \/>\n<meta property=\"og:type\" content=\"article\" \/>\n<meta property=\"og:title\" content=\"Business English w Stalowej Woli - Leader School\" \/>\n<meta property=\"og:description\" content=\"G\u0142\u00f3wne za\u0142o\u017cenia: \u2022 2 poziomy zaawansowania: A2 oraz&nbsp;B2;\u2022 Rozw\u00f3j kompetencji j\u0119zykowych w&nbsp;zakresie m\u00f3wienia, czytania i&nbsp;pisania, w\u0142\u0105czaj\u0105c korespondencj\u0119 biznesow\u0105 czy&nbsp;tworzenie prezentacji\u2022 Po\u0142\u0105czenie kursu j\u0119zykowego z&nbsp;tematyk\u0105 biznesow\u0105 i&nbsp;rozwojem umiej\u0119tno\u015bci mi\u0119kkich (organizacja czasu, zarz\u0105dzanie i&nbsp;priorytetyzacja zada\u0144, przygotowanie prezentacji; zarz\u0105dzanie projektem; rozwijanie i&nbsp;zarz\u0105dzanie relacjami z&nbsp;klientem; wiedza na&nbsp;temat wsp\u00f3\u0142czesnej organizacji itp)\u2022 Zaj\u0119cia skierowany do&nbsp;m\u0142odej kadry menad\u017cerskiej oraz&nbsp;os\u00f3b planuj\u0105cych rozw\u00f3j w&nbsp;kierunku [&hellip;]\" \/>\n<meta property=\"og:url\" content=\"https:\/\/leaderschool.pl\/stalowa-wola\/business-english\/\" \/>\n<meta property=\"og:site_name\" content=\"w Stalowej Woli - Leader School\" \/>\n<meta property=\"article:modified_time\" content=\"2025-01-30T10:18:03+00:00\" \/>\n<meta name=\"twitter:card\" content=\"summary_large_image\" \/>\n<meta name=\"twitter:label1\" content=\"Szacowany czas czytania\" \/>\n\t<meta name=\"twitter:data1\" content=\"2 minuty\" \/>\n<script type=\"application\/ld+json\" class=\"yoast-schema-graph\">{\"@context\":\"https:\/\/schema.org\",\"@graph\":[{\"@type\":\"WebSite\",\"@id\":\"https:\/\/leaderschool.pl\/stalowa-wola\/#website\",\"url\":\"https:\/\/leaderschool.pl\/stalowa-wola\/\",\"name\":\"w Stalowej Woli - Leader School\",\"description\":\"\",\"potentialAction\":[{\"@type\":\"SearchAction\",\"target\":{\"@type\":\"EntryPoint\",\"urlTemplate\":\"https:\/\/leaderschool.pl\/stalowa-wola\/?s={search_term_string}\"},\"query-input\":\"required name=search_term_string\"}],\"inLanguage\":\"pl-PL\"},{\"@type\":\"WebPage\",\"@id\":\"https:\/\/leaderschool.pl\/stalowa-wola\/business-english\/#webpage\",\"url\":\"https:\/\/leaderschool.pl\/stalowa-wola\/business-english\/\",\"name\":\"Business English w Stalowej Woli - Leader School\",\"isPartOf\":{\"@id\":\"https:\/\/leaderschool.pl\/stalowa-wola\/#website\"},\"datePublished\":\"2025-01-30T10:18:02+00:00\",\"dateModified\":\"2025-01-30T10:18:03+00:00\",\"breadcrumb\":{\"@id\":\"https:\/\/leaderschool.pl\/stalowa-wola\/business-english\/#breadcrumb\"},\"inLanguage\":\"pl-PL\",\"potentialAction\":[{\"@type\":\"ReadAction\",\"target\":[\"https:\/\/leaderschool.pl\/stalowa-wola\/business-english\/\"]}]},{\"@type\":\"BreadcrumbList\",\"@id\":\"https:\/\/leaderschool.pl\/stalowa-wola\/business-english\/#breadcrumb\",\"itemListElement\":[{\"@type\":\"ListItem\",\"position\":1,\"name\":\"Home\",\"item\":\"https:\/\/leaderschool.pl\/stalowa-wola\/\"},{\"@type\":\"ListItem\",\"position\":2,\"name\":\"Business English\"}]}]}<\/script>\n<!-- \/ Yoast SEO plugin. -->","yoast_head_json":{"title":"Business English w Stalowej Woli - Leader School","robots":{"index":"index","follow":"follow","max-snippet":"max-snippet:-1","max-image-preview":"max-image-preview:large","max-video-preview":"max-video-preview:-1"},"canonical":"https:\/\/leaderschool.pl\/stalowa-wola\/business-english\/","og_locale":"pl_PL","og_type":"article","og_title":"Business English w Stalowej Woli - Leader School","og_description":"G\u0142\u00f3wne za\u0142o\u017cenia: \u2022 2 poziomy zaawansowania: A2 oraz&nbsp;B2;\u2022 Rozw\u00f3j kompetencji j\u0119zykowych w&nbsp;zakresie m\u00f3wienia, czytania i&nbsp;pisania, w\u0142\u0105czaj\u0105c korespondencj\u0119 biznesow\u0105 czy&nbsp;tworzenie prezentacji\u2022 Po\u0142\u0105czenie kursu j\u0119zykowego z&nbsp;tematyk\u0105 biznesow\u0105 i&nbsp;rozwojem umiej\u0119tno\u015bci mi\u0119kkich (organizacja czasu, zarz\u0105dzanie i&nbsp;priorytetyzacja zada\u0144, przygotowanie prezentacji; zarz\u0105dzanie projektem; rozwijanie i&nbsp;zarz\u0105dzanie relacjami z&nbsp;klientem; wiedza na&nbsp;temat wsp\u00f3\u0142czesnej organizacji itp)\u2022 Zaj\u0119cia skierowany do&nbsp;m\u0142odej kadry menad\u017cerskiej oraz&nbsp;os\u00f3b planuj\u0105cych rozw\u00f3j w&nbsp;kierunku [&hellip;]","og_url":"https:\/\/leaderschool.pl\/stalowa-wola\/business-english\/","og_site_name":"w Stalowej Woli - Leader School","article_modified_time":"2025-01-30T10:18:03+00:00","twitter_card":"summary_large_image","twitter_misc":{"Szacowany czas czytania":"2 minuty"},"schema":{"@context":"https:\/\/schema.org","@graph":[{"@type":"WebSite","@id":"https:\/\/leaderschool.pl\/stalowa-wola\/#website","url":"https:\/\/leaderschool.pl\/stalowa-wola\/","name":"w Stalowej Woli - Leader School","description":"","potentialAction":[{"@type":"SearchAction","target":{"@type":"EntryPoint","urlTemplate":"https:\/\/leaderschool.pl\/stalowa-wola\/?s={search_term_string}"},"query-input":"required name=search_term_string"}],"inLanguage":"pl-PL"},{"@type":"WebPage","@id":"https:\/\/leaderschool.pl\/stalowa-wola\/business-english\/#webpage","url":"https:\/\/leaderschool.pl\/stalowa-wola\/business-english\/","name":"Business English w Stalowej Woli - Leader School","isPartOf":{"@id":"https:\/\/leaderschool.pl\/stalowa-wola\/#website"},"datePublished":"2025-01-30T10:18:02+00:00","dateModified":"2025-01-30T10:18:03+00:00","breadcrumb":{"@id":"https:\/\/leaderschool.pl\/stalowa-wola\/business-english\/#breadcrumb"},"inLanguage":"pl-PL","potentialAction":[{"@type":"ReadAction","target":["https:\/\/leaderschool.pl\/stalowa-wola\/business-english\/"]}]},{"@type":"BreadcrumbList","@id":"https:\/\/leaderschool.pl\/stalowa-wola\/business-english\/#breadcrumb","itemListElement":[{"@type":"ListItem","position":1,"name":"Home","item":"https:\/\/leaderschool.pl\/stalowa-wola\/"},{"@type":"ListItem","position":2,"name":"Business English"}]}]}},"_links":{"self":[{"href":"https:\/\/leaderschool.pl\/stalowa-wola\/wp-json\/wp\/v2\/pages\/2802"}],"collection":[{"href":"https:\/\/leaderschool.pl\/stalowa-wola\/wp-json\/wp\/v2\/pages"}],"about":[{"href":"https:\/\/leaderschool.pl\/stalowa-wola\/wp-json\/wp\/v2\/types\/page"}],"author":[{"embeddable":true,"href":"https:\/\/leaderschool.pl\/stalowa-wola\/wp-json\/wp\/v2\/users\/3"}],"replies":[{"embeddable":true,"href":"https:\/\/leaderschool.pl\/stalowa-wola\/wp-json\/wp\/v2\/comments?post=2802"}],"version-history":[{"count":1,"href":"https:\/\/leaderschool.pl\/stalowa-wola\/wp-json\/wp\/v2\/pages\/2802\/revisions"}],"predecessor-version":[{"id":2803,"href":"https:\/\/leaderschool.pl\/stalowa-wola\/wp-json\/wp\/v2\/pages\/2802\/revisions\/2803"}],"wp:attachment":[{"href":"https:\/\/leaderschool.pl\/stalowa-wola\/wp-json\/wp\/v2\/media?parent=2802"}],"curies":[{"name":"wp","href":"https:\/\/api.w.org\/{rel}","templated":true}]}}