{"id":2785,"date":"2025-01-27T19:14:44","date_gmt":"2025-01-27T18:14:44","guid":{"rendered":"https:\/\/leaderschool.pl\/stalowa-wola\/?page_id=2785"},"modified":"2025-01-27T19:14:45","modified_gmt":"2025-01-27T18:14:45","slug":"dla-przedszkoli","status":"publish","type":"page","link":"https:\/\/leaderschool.pl\/stalowa-wola\/dla-przedszkoli\/","title":{"rendered":"Dla przedszkoli"},"content":{"rendered":"\n<p>We\u017a najlepsze sk\u0142adniki, zaanga\u017cuj znakomite osoby, ca\u0142\u0105 wiedz\u0119, serce, pasj\u0119 i&nbsp;do\u015bwiadczenie, by&nbsp;przygotowa\u0107 co\u015b wy\u0142\u0105cznie dla dzieci!<br>Dla nas one s\u0105&nbsp;najwa\u017cniejsze, dlatego poprosili\u015bmy uznanych ekspert\u00f3w o&nbsp;stworzenie metody nauki dedykowanej jedynie dzieciom. W&nbsp;ten spos\u00f3b powsta\u0142y wyj\u0105tkowe propozycje\u2026<\/p>\n\n\n\n<p><strong>Leonardo School\u2122&nbsp;<\/strong>to&nbsp;przedsi\u0119wzi\u0119cie edukacyjne stworzone specjalnie dla dzieci. Wychodz\u0105c naprzeciw oczekiwaniom Rodzic\u00f3w, Przedszkola a&nbsp;zw\u0142aszcza samych zainteresowanych czyli Naszych Pociech, proponujemy Pa\u0144stwu wsp\u00f3\u0142prac\u0119 polegaj\u0105c\u0105 na:<\/p>\n\n\n\n<ul><li>przeprowadzeniu bezp\u0142atnych lekcji pokazowych&nbsp;<\/li><li>prowadzeniu trening\u00f3w j\u0119zykowych&nbsp;<\/li><li>oferowaniu atrakcyjnych warsztat\u00f3w dla Rodzic\u00f3w ma\u0142ych dzieci, pedagog\u00f3w i&nbsp;nauczycieli dzieci w&nbsp;wieku przedszkolnym&nbsp;<\/li><li>wykwalifikowan\u0105 kadr\u0119 lektorsk\u0105 \u2013 wszyscy nasi lektorzy posiadaj\u0105 wymagane przez&nbsp;MEN kwalifikacje do&nbsp;nauczania j\u0119zyka angielskiego oraz&nbsp;do&nbsp;nauczania w&nbsp;plac\u00f3wkach przedszkolnych, a&nbsp;tak\u017ce do\u015bwiadczenie w&nbsp;pracy z&nbsp;dzie\u0107mi w&nbsp;wieku przedszkolnym. Zaj\u0119cia s\u0105&nbsp;regularnie hospitowane,&nbsp;<\/li><li>dbamy tak\u017ce o&nbsp;sta\u0142y rozw\u00f3j umiej\u0119tno\u015bci nauczania naszej kadry&nbsp;<\/li><li>pomoc w&nbsp;organizowaniu uroczysto\u015bci przedszkolnych z&nbsp;udzia\u0142em dzieci, przygotowaniu przedszkolak\u00f3w do&nbsp;wyst\u0119p\u00f3w i&nbsp;konkurs\u00f3w<br>dostarczaniu materia\u0142\u00f3w do&nbsp;zabaw edukacyjnych&nbsp;<\/li><li>raporty dotycz\u0105ce post\u0119p\u00f3w grupy, zakresu przerobionego materia\u0142u<\/li><\/ul>\n","protected":false},"excerpt":{"rendered":"<p>We\u017a najlepsze sk\u0142adniki, zaanga\u017cuj znakomite osoby, ca\u0142\u0105 wiedz\u0119, serce, pasj\u0119 i&nbsp;do\u015bwiadczenie, by&nbsp;przygotowa\u0107 co\u015b wy\u0142\u0105cznie dla dzieci!Dla nas one s\u0105&nbsp;najwa\u017cniejsze, dlatego poprosili\u015bmy uznanych ekspert\u00f3w o&nbsp;stworzenie metody nauki dedykowanej jedynie dzieciom. W&nbsp;ten spos\u00f3b powsta\u0142y wyj\u0105tkowe propozycje\u2026 Leonardo School\u2122&nbsp;to&nbsp;przedsi\u0119wzi\u0119cie edukacyjne stworzone specjalnie dla dzieci. Wychodz\u0105c naprzeciw oczekiwaniom Rodzic\u00f3w, Przedszkola a&nbsp;zw\u0142aszcza samych zainteresowanych czyli Naszych Pociech, proponujemy Pa\u0144stwu wsp\u00f3\u0142prac\u0119 [&hellip;]<\/p>\n","protected":false},"author":3,"featured_media":0,"parent":0,"menu_order":0,"comment_status":"closed","ping_status":"closed","template":"","meta":{"ngg_post_thumbnail":0},"acf":[],"yoast_head":"<!-- This site is optimized with the Yoast SEO plugin v18.9 - https:\/\/yoast.com\/wordpress\/plugins\/seo\/ -->\n<title>Dla przedszkoli w Stalowej Woli - Leader School<\/title>\n<meta name=\"robots\" content=\"index, follow, max-snippet:-1, max-image-preview:large, max-video-preview:-1\" \/>\n<link rel=\"canonical\" href=\"https:\/\/leaderschool.pl\/stalowa-wola\/dla-przedszkoli\/\" \/>\n<meta property=\"og:locale\" content=\"pl_PL\" \/>\n<meta property=\"og:type\" content=\"article\" \/>\n<meta property=\"og:title\" content=\"Dla przedszkoli w Stalowej Woli - Leader School\" \/>\n<meta property=\"og:description\" content=\"We\u017a najlepsze sk\u0142adniki, zaanga\u017cuj znakomite osoby, ca\u0142\u0105 wiedz\u0119, serce, pasj\u0119 i&nbsp;do\u015bwiadczenie, by&nbsp;przygotowa\u0107 co\u015b wy\u0142\u0105cznie dla dzieci!Dla nas one s\u0105&nbsp;najwa\u017cniejsze, dlatego poprosili\u015bmy uznanych ekspert\u00f3w o&nbsp;stworzenie metody nauki dedykowanej jedynie dzieciom. W&nbsp;ten spos\u00f3b powsta\u0142y wyj\u0105tkowe propozycje\u2026 Leonardo School\u2122&nbsp;to&nbsp;przedsi\u0119wzi\u0119cie edukacyjne stworzone specjalnie dla dzieci. Wychodz\u0105c naprzeciw oczekiwaniom Rodzic\u00f3w, Przedszkola a&nbsp;zw\u0142aszcza samych zainteresowanych czyli Naszych Pociech, proponujemy Pa\u0144stwu wsp\u00f3\u0142prac\u0119 [&hellip;]\" \/>\n<meta property=\"og:url\" content=\"https:\/\/leaderschool.pl\/stalowa-wola\/dla-przedszkoli\/\" \/>\n<meta property=\"og:site_name\" content=\"w Stalowej Woli - Leader School\" \/>\n<meta property=\"article:modified_time\" content=\"2025-01-27T18:14:45+00:00\" \/>\n<meta name=\"twitter:card\" content=\"summary_large_image\" \/>\n<meta name=\"twitter:label1\" content=\"Szacowany czas czytania\" \/>\n\t<meta name=\"twitter:data1\" content=\"1 minuta\" \/>\n<script type=\"application\/ld+json\" class=\"yoast-schema-graph\">{\"@context\":\"https:\/\/schema.org\",\"@graph\":[{\"@type\":\"WebSite\",\"@id\":\"https:\/\/leaderschool.pl\/stalowa-wola\/#website\",\"url\":\"https:\/\/leaderschool.pl\/stalowa-wola\/\",\"name\":\"w Stalowej Woli - Leader School\",\"description\":\"\",\"potentialAction\":[{\"@type\":\"SearchAction\",\"target\":{\"@type\":\"EntryPoint\",\"urlTemplate\":\"https:\/\/leaderschool.pl\/stalowa-wola\/?s={search_term_string}\"},\"query-input\":\"required name=search_term_string\"}],\"inLanguage\":\"pl-PL\"},{\"@type\":\"WebPage\",\"@id\":\"https:\/\/leaderschool.pl\/stalowa-wola\/dla-przedszkoli\/#webpage\",\"url\":\"https:\/\/leaderschool.pl\/stalowa-wola\/dla-przedszkoli\/\",\"name\":\"Dla przedszkoli w Stalowej Woli - Leader School\",\"isPartOf\":{\"@id\":\"https:\/\/leaderschool.pl\/stalowa-wola\/#website\"},\"datePublished\":\"2025-01-27T18:14:44+00:00\",\"dateModified\":\"2025-01-27T18:14:45+00:00\",\"breadcrumb\":{\"@id\":\"https:\/\/leaderschool.pl\/stalowa-wola\/dla-przedszkoli\/#breadcrumb\"},\"inLanguage\":\"pl-PL\",\"potentialAction\":[{\"@type\":\"ReadAction\",\"target\":[\"https:\/\/leaderschool.pl\/stalowa-wola\/dla-przedszkoli\/\"]}]},{\"@type\":\"BreadcrumbList\",\"@id\":\"https:\/\/leaderschool.pl\/stalowa-wola\/dla-przedszkoli\/#breadcrumb\",\"itemListElement\":[{\"@type\":\"ListItem\",\"position\":1,\"name\":\"Home\",\"item\":\"https:\/\/leaderschool.pl\/stalowa-wola\/\"},{\"@type\":\"ListItem\",\"position\":2,\"name\":\"Dla przedszkoli\"}]}]}<\/script>\n<!-- \/ Yoast SEO plugin. -->","yoast_head_json":{"title":"Dla przedszkoli w Stalowej Woli - Leader School","robots":{"index":"index","follow":"follow","max-snippet":"max-snippet:-1","max-image-preview":"max-image-preview:large","max-video-preview":"max-video-preview:-1"},"canonical":"https:\/\/leaderschool.pl\/stalowa-wola\/dla-przedszkoli\/","og_locale":"pl_PL","og_type":"article","og_title":"Dla przedszkoli w Stalowej Woli - Leader School","og_description":"We\u017a najlepsze sk\u0142adniki, zaanga\u017cuj znakomite osoby, ca\u0142\u0105 wiedz\u0119, serce, pasj\u0119 i&nbsp;do\u015bwiadczenie, by&nbsp;przygotowa\u0107 co\u015b wy\u0142\u0105cznie dla dzieci!Dla nas one s\u0105&nbsp;najwa\u017cniejsze, dlatego poprosili\u015bmy uznanych ekspert\u00f3w o&nbsp;stworzenie metody nauki dedykowanej jedynie dzieciom. W&nbsp;ten spos\u00f3b powsta\u0142y wyj\u0105tkowe propozycje\u2026 Leonardo School\u2122&nbsp;to&nbsp;przedsi\u0119wzi\u0119cie edukacyjne stworzone specjalnie dla dzieci. Wychodz\u0105c naprzeciw oczekiwaniom Rodzic\u00f3w, Przedszkola a&nbsp;zw\u0142aszcza samych zainteresowanych czyli Naszych Pociech, proponujemy Pa\u0144stwu wsp\u00f3\u0142prac\u0119 [&hellip;]","og_url":"https:\/\/leaderschool.pl\/stalowa-wola\/dla-przedszkoli\/","og_site_name":"w Stalowej Woli - Leader School","article_modified_time":"2025-01-27T18:14:45+00:00","twitter_card":"summary_large_image","twitter_misc":{"Szacowany czas czytania":"1 minuta"},"schema":{"@context":"https:\/\/schema.org","@graph":[{"@type":"WebSite","@id":"https:\/\/leaderschool.pl\/stalowa-wola\/#website","url":"https:\/\/leaderschool.pl\/stalowa-wola\/","name":"w Stalowej Woli - Leader School","description":"","potentialAction":[{"@type":"SearchAction","target":{"@type":"EntryPoint","urlTemplate":"https:\/\/leaderschool.pl\/stalowa-wola\/?s={search_term_string}"},"query-input":"required name=search_term_string"}],"inLanguage":"pl-PL"},{"@type":"WebPage","@id":"https:\/\/leaderschool.pl\/stalowa-wola\/dla-przedszkoli\/#webpage","url":"https:\/\/leaderschool.pl\/stalowa-wola\/dla-przedszkoli\/","name":"Dla przedszkoli w Stalowej Woli - Leader School","isPartOf":{"@id":"https:\/\/leaderschool.pl\/stalowa-wola\/#website"},"datePublished":"2025-01-27T18:14:44+00:00","dateModified":"2025-01-27T18:14:45+00:00","breadcrumb":{"@id":"https:\/\/leaderschool.pl\/stalowa-wola\/dla-przedszkoli\/#breadcrumb"},"inLanguage":"pl-PL","potentialAction":[{"@type":"ReadAction","target":["https:\/\/leaderschool.pl\/stalowa-wola\/dla-przedszkoli\/"]}]},{"@type":"BreadcrumbList","@id":"https:\/\/leaderschool.pl\/stalowa-wola\/dla-przedszkoli\/#breadcrumb","itemListElement":[{"@type":"ListItem","position":1,"name":"Home","item":"https:\/\/leaderschool.pl\/stalowa-wola\/"},{"@type":"ListItem","position":2,"name":"Dla przedszkoli"}]}]}},"_links":{"self":[{"href":"https:\/\/leaderschool.pl\/stalowa-wola\/wp-json\/wp\/v2\/pages\/2785"}],"collection":[{"href":"https:\/\/leaderschool.pl\/stalowa-wola\/wp-json\/wp\/v2\/pages"}],"about":[{"href":"https:\/\/leaderschool.pl\/stalowa-wola\/wp-json\/wp\/v2\/types\/page"}],"author":[{"embeddable":true,"href":"https:\/\/leaderschool.pl\/stalowa-wola\/wp-json\/wp\/v2\/users\/3"}],"replies":[{"embeddable":true,"href":"https:\/\/leaderschool.pl\/stalowa-wola\/wp-json\/wp\/v2\/comments?post=2785"}],"version-history":[{"count":1,"href":"https:\/\/leaderschool.pl\/stalowa-wola\/wp-json\/wp\/v2\/pages\/2785\/revisions"}],"predecessor-version":[{"id":2786,"href":"https:\/\/leaderschool.pl\/stalowa-wola\/wp-json\/wp\/v2\/pages\/2785\/revisions\/2786"}],"wp:attachment":[{"href":"https:\/\/leaderschool.pl\/stalowa-wola\/wp-json\/wp\/v2\/media?parent=2785"}],"curies":[{"name":"wp","href":"https:\/\/api.w.org\/{rel}","templated":true}]}}