{"id":2782,"date":"2025-01-27T19:13:31","date_gmt":"2025-01-27T18:13:31","guid":{"rendered":"https:\/\/leaderschool.pl\/stalowa-wola\/?page_id=2782"},"modified":"2025-01-27T19:13:32","modified_gmt":"2025-01-27T18:13:32","slug":"wakacje-ferie","status":"publish","type":"page","link":"https:\/\/leaderschool.pl\/stalowa-wola\/wakacje-ferie\/","title":{"rendered":"Wakacje &#8211; ferie"},"content":{"rendered":"\n<p>Wakacje to d\u0142ugo wyczekiwany i ulubiony przez dzieci okres. Jednak my, Rodzice niejednokrotnie zastanawiamy si\u0119, jak zagospodarowa\u0107 dziecku dzie\u0144, kiedy sami musimy i\u015b\u0107 do pracy. W tym roku przygotowali\u015bmy trzy turnusy warsztat\u00f3w j\u0119zykowych i dla dzieci w wieku 6 \u2013 11 lat. Mo\u017cesz by\u0107 pewien, \u017ce Twoja pociecha sp\u0119dzi aktywnie czas, nawi\u0105\u017ce nowe znajomo\u015bci, odwiedzi ciekawe miejsca, a mo\u017ce nawet odkryje swoje pasje.<\/p>\n\n\n\n<p>Dwutygodniowe ferie zimowe i dwa miesi\u0105ce wakacji to czas kiedy dzieci mog\u0105 odpocz\u0105\u0107 od obowi\u0105zk\u00f3w szkolnych i nauki. Czas wolny od szko\u0142y to okazja do aktywnego i kreatywnego wypoczynku nie tylko dla dzieci, ale i ca\u0142ej rodziny. Jednak po\u0142\u0105czenie przerwy szkolnej i urlopu bywa niestety problematyczne oraz stanowi du\u017ce wyzwanie dla rodzic\u00f3w. Nie chc\u0105 by dziecko sp\u0119dzi\u0142o ca\u0142e ferie w domu, dlatego tak wielu poszukuje zorganizowanych i rozwojowych form wypoczynku dla swoich pociech, w czasie gdy sami musz\u0105 pracowa\u0107.<\/p>\n\n\n\n<p>Wed\u0142ug badania z 2022 przeprowadzonego przez IBRIS wynika, \u017ce rodzice zapisuj\u0105cy dzieci na zaj\u0119cia dodatkowe (w tym p\u00f3\u0142kolonie, warsztaty j\u0119zykowe) chc\u0105, by pociechy mog\u0142y uzupe\u0142ni\u0107 braki w edukacji szkolnej, naby\u0107 wiedz\u0119 i nowe umiej\u0119tno\u015bci oraz rozwija\u0107 swoje pasje.<\/p>\n","protected":false},"excerpt":{"rendered":"<p>Wakacje to d\u0142ugo wyczekiwany i ulubiony przez dzieci okres. Jednak my, Rodzice niejednokrotnie zastanawiamy si\u0119, jak zagospodarowa\u0107 dziecku dzie\u0144, kiedy sami musimy i\u015b\u0107 do pracy. W tym roku przygotowali\u015bmy trzy turnusy warsztat\u00f3w j\u0119zykowych i dla dzieci w wieku 6 \u2013 11 lat. Mo\u017cesz by\u0107 pewien, \u017ce Twoja pociecha sp\u0119dzi aktywnie czas, nawi\u0105\u017ce nowe znajomo\u015bci, odwiedzi [&hellip;]<\/p>\n","protected":false},"author":3,"featured_media":0,"parent":0,"menu_order":0,"comment_status":"closed","ping_status":"closed","template":"","meta":{"ngg_post_thumbnail":0},"acf":[],"yoast_head":"<!-- This site is optimized with the Yoast SEO plugin v18.9 - https:\/\/yoast.com\/wordpress\/plugins\/seo\/ -->\n<title>Wakacje - ferie w Stalowej Woli - Leader School<\/title>\n<meta name=\"robots\" content=\"index, follow, max-snippet:-1, max-image-preview:large, max-video-preview:-1\" \/>\n<link rel=\"canonical\" href=\"https:\/\/leaderschool.pl\/stalowa-wola\/wakacje-ferie\/\" \/>\n<meta property=\"og:locale\" content=\"pl_PL\" \/>\n<meta property=\"og:type\" content=\"article\" \/>\n<meta property=\"og:title\" content=\"Wakacje - ferie w Stalowej Woli - Leader School\" \/>\n<meta property=\"og:description\" content=\"Wakacje to d\u0142ugo wyczekiwany i ulubiony przez dzieci okres. Jednak my, Rodzice niejednokrotnie zastanawiamy si\u0119, jak zagospodarowa\u0107 dziecku dzie\u0144, kiedy sami musimy i\u015b\u0107 do pracy. W tym roku przygotowali\u015bmy trzy turnusy warsztat\u00f3w j\u0119zykowych i dla dzieci w wieku 6 \u2013 11 lat. Mo\u017cesz by\u0107 pewien, \u017ce Twoja pociecha sp\u0119dzi aktywnie czas, nawi\u0105\u017ce nowe znajomo\u015bci, odwiedzi [&hellip;]\" \/>\n<meta property=\"og:url\" content=\"https:\/\/leaderschool.pl\/stalowa-wola\/wakacje-ferie\/\" \/>\n<meta property=\"og:site_name\" content=\"w Stalowej Woli - Leader School\" \/>\n<meta property=\"article:modified_time\" content=\"2025-01-27T18:13:32+00:00\" \/>\n<meta name=\"twitter:card\" content=\"summary_large_image\" \/>\n<meta name=\"twitter:label1\" content=\"Szacowany czas czytania\" \/>\n\t<meta name=\"twitter:data1\" content=\"2 minuty\" \/>\n<script type=\"application\/ld+json\" class=\"yoast-schema-graph\">{\"@context\":\"https:\/\/schema.org\",\"@graph\":[{\"@type\":\"WebSite\",\"@id\":\"https:\/\/leaderschool.pl\/stalowa-wola\/#website\",\"url\":\"https:\/\/leaderschool.pl\/stalowa-wola\/\",\"name\":\"w Stalowej Woli - Leader School\",\"description\":\"\",\"potentialAction\":[{\"@type\":\"SearchAction\",\"target\":{\"@type\":\"EntryPoint\",\"urlTemplate\":\"https:\/\/leaderschool.pl\/stalowa-wola\/?s={search_term_string}\"},\"query-input\":\"required name=search_term_string\"}],\"inLanguage\":\"pl-PL\"},{\"@type\":\"WebPage\",\"@id\":\"https:\/\/leaderschool.pl\/stalowa-wola\/wakacje-ferie\/#webpage\",\"url\":\"https:\/\/leaderschool.pl\/stalowa-wola\/wakacje-ferie\/\",\"name\":\"Wakacje - ferie w Stalowej Woli - Leader School\",\"isPartOf\":{\"@id\":\"https:\/\/leaderschool.pl\/stalowa-wola\/#website\"},\"datePublished\":\"2025-01-27T18:13:31+00:00\",\"dateModified\":\"2025-01-27T18:13:32+00:00\",\"breadcrumb\":{\"@id\":\"https:\/\/leaderschool.pl\/stalowa-wola\/wakacje-ferie\/#breadcrumb\"},\"inLanguage\":\"pl-PL\",\"potentialAction\":[{\"@type\":\"ReadAction\",\"target\":[\"https:\/\/leaderschool.pl\/stalowa-wola\/wakacje-ferie\/\"]}]},{\"@type\":\"BreadcrumbList\",\"@id\":\"https:\/\/leaderschool.pl\/stalowa-wola\/wakacje-ferie\/#breadcrumb\",\"itemListElement\":[{\"@type\":\"ListItem\",\"position\":1,\"name\":\"Home\",\"item\":\"https:\/\/leaderschool.pl\/stalowa-wola\/\"},{\"@type\":\"ListItem\",\"position\":2,\"name\":\"Wakacje &#8211; ferie\"}]}]}<\/script>\n<!-- \/ Yoast SEO plugin. -->","yoast_head_json":{"title":"Wakacje - ferie w Stalowej Woli - Leader School","robots":{"index":"index","follow":"follow","max-snippet":"max-snippet:-1","max-image-preview":"max-image-preview:large","max-video-preview":"max-video-preview:-1"},"canonical":"https:\/\/leaderschool.pl\/stalowa-wola\/wakacje-ferie\/","og_locale":"pl_PL","og_type":"article","og_title":"Wakacje - ferie w Stalowej Woli - Leader School","og_description":"Wakacje to d\u0142ugo wyczekiwany i ulubiony przez dzieci okres. Jednak my, Rodzice niejednokrotnie zastanawiamy si\u0119, jak zagospodarowa\u0107 dziecku dzie\u0144, kiedy sami musimy i\u015b\u0107 do pracy. W tym roku przygotowali\u015bmy trzy turnusy warsztat\u00f3w j\u0119zykowych i dla dzieci w wieku 6 \u2013 11 lat. Mo\u017cesz by\u0107 pewien, \u017ce Twoja pociecha sp\u0119dzi aktywnie czas, nawi\u0105\u017ce nowe znajomo\u015bci, odwiedzi [&hellip;]","og_url":"https:\/\/leaderschool.pl\/stalowa-wola\/wakacje-ferie\/","og_site_name":"w Stalowej Woli - Leader School","article_modified_time":"2025-01-27T18:13:32+00:00","twitter_card":"summary_large_image","twitter_misc":{"Szacowany czas czytania":"2 minuty"},"schema":{"@context":"https:\/\/schema.org","@graph":[{"@type":"WebSite","@id":"https:\/\/leaderschool.pl\/stalowa-wola\/#website","url":"https:\/\/leaderschool.pl\/stalowa-wola\/","name":"w Stalowej Woli - Leader School","description":"","potentialAction":[{"@type":"SearchAction","target":{"@type":"EntryPoint","urlTemplate":"https:\/\/leaderschool.pl\/stalowa-wola\/?s={search_term_string}"},"query-input":"required name=search_term_string"}],"inLanguage":"pl-PL"},{"@type":"WebPage","@id":"https:\/\/leaderschool.pl\/stalowa-wola\/wakacje-ferie\/#webpage","url":"https:\/\/leaderschool.pl\/stalowa-wola\/wakacje-ferie\/","name":"Wakacje - ferie w Stalowej Woli - Leader School","isPartOf":{"@id":"https:\/\/leaderschool.pl\/stalowa-wola\/#website"},"datePublished":"2025-01-27T18:13:31+00:00","dateModified":"2025-01-27T18:13:32+00:00","breadcrumb":{"@id":"https:\/\/leaderschool.pl\/stalowa-wola\/wakacje-ferie\/#breadcrumb"},"inLanguage":"pl-PL","potentialAction":[{"@type":"ReadAction","target":["https:\/\/leaderschool.pl\/stalowa-wola\/wakacje-ferie\/"]}]},{"@type":"BreadcrumbList","@id":"https:\/\/leaderschool.pl\/stalowa-wola\/wakacje-ferie\/#breadcrumb","itemListElement":[{"@type":"ListItem","position":1,"name":"Home","item":"https:\/\/leaderschool.pl\/stalowa-wola\/"},{"@type":"ListItem","position":2,"name":"Wakacje &#8211; ferie"}]}]}},"_links":{"self":[{"href":"https:\/\/leaderschool.pl\/stalowa-wola\/wp-json\/wp\/v2\/pages\/2782"}],"collection":[{"href":"https:\/\/leaderschool.pl\/stalowa-wola\/wp-json\/wp\/v2\/pages"}],"about":[{"href":"https:\/\/leaderschool.pl\/stalowa-wola\/wp-json\/wp\/v2\/types\/page"}],"author":[{"embeddable":true,"href":"https:\/\/leaderschool.pl\/stalowa-wola\/wp-json\/wp\/v2\/users\/3"}],"replies":[{"embeddable":true,"href":"https:\/\/leaderschool.pl\/stalowa-wola\/wp-json\/wp\/v2\/comments?post=2782"}],"version-history":[{"count":1,"href":"https:\/\/leaderschool.pl\/stalowa-wola\/wp-json\/wp\/v2\/pages\/2782\/revisions"}],"predecessor-version":[{"id":2783,"href":"https:\/\/leaderschool.pl\/stalowa-wola\/wp-json\/wp\/v2\/pages\/2782\/revisions\/2783"}],"wp:attachment":[{"href":"https:\/\/leaderschool.pl\/stalowa-wola\/wp-json\/wp\/v2\/media?parent=2782"}],"curies":[{"name":"wp","href":"https:\/\/api.w.org\/{rel}","templated":true}]}}