{"id":2777,"date":"2025-01-27T19:11:13","date_gmt":"2025-01-27T18:11:13","guid":{"rendered":"https:\/\/leaderschool.pl\/stalowa-wola\/?page_id=2777"},"modified":"2025-01-27T19:25:35","modified_gmt":"2025-01-27T18:25:35","slug":"kursy-jezykowe-dla-firm","status":"publish","type":"page","link":"https:\/\/leaderschool.pl\/stalowa-wola\/kursy-jezykowe-dla-firm\/","title":{"rendered":"Kursy j\u0119zykowe dla firm"},"content":{"rendered":"\n<p class=\"has-text-align-center\">Z my\u015bl\u0105 o Pa\u0144stwa Firmie i jej Pracownikach przygotowali\u015bmy wyj\u0105tkow\u0105 ofert\u0119 szkoleniow\u0105.<\/p>\n\n\n\n<p class=\"has-text-align-center\">Metoda BLS Communication to unikalne po\u0142\u0105czenie zaj\u0119\u0107 prowadzonych przez lektora z potencja\u0142em rozwi\u0105za\u0144 multimedialnych, kt\u00f3re sprawia, \u017ce nauka j\u0119zyka angielskiego\/niemieckiego jest wreszcie przyjemna, a przede wszystkim skuteczna.<\/p>\n\n\n\n<p class=\"has-text-align-center\">Dzi\u0119ki starannie wyselekcjonowanym materia\u0142om oraz technikom nauczania, wszyscy uczestnicy kurs\u00f3w BLS:<\/p>\n\n\n\n<p class=\"has-text-align-center\">*Niezwykle szybko pozyskuj\u0105 umiej\u0119tno\u015b\u0107 swobodnej komunikacji w j\u0119zyku angielskim (zar\u00f3wno w mowie jak i w pi\u015bmie),<\/p>\n\n\n\n<p class=\"has-text-align-center\">*buduj\u0105 solidne podstawy j\u0119zykowe zapewniaj\u0105ce pe\u0142n\u0105 poprawno\u015b\u0107 gramatyczn\u0105 konstruowanych wypowiedzi,<\/p>\n\n\n\n<p class=\"has-text-align-center\">*ucz\u0105 si\u0119 tylko przydatnych zwrot\u00f3w oraz s\u0142ownictwa, zwi\u0105zanego z codziennym \u017cyciem,<\/p>\n\n\n\n<p class=\"has-text-align-center\">otrzymuj\u0105 dost\u0119p do niezwyk\u0142ego Podr\u0119cznika Multimedialnego pozwalaj\u0105cego na samodzielne powtarzanie i utrwalanie nowego materia\u0142u,<\/p>\n\n\n\n<p class=\"has-text-align-center\">*otrzymuj\u0105 mo\u017cliwo\u015b\u0107 uzyskania mi\u0119dzynarodowego certyfikatu j\u0119zykowego TELC.<\/p>\n\n\n\n<p class=\"has-text-align-center\">Wszystkie kursy j\u0119zykowe mog\u0105 odbywa\u0107 si\u0119 w naszej plac\u00f3wce jak i w siedzibie Pa\u0144stwa Firmy w dowolnie wybranym czasie.<\/p>\n\n\n\n<p class=\"has-text-align-center\">Ponadto, przed rozpocz\u0119ciem kursu:<\/p>\n\n\n\n<p class=\"has-text-align-center\">\u2013 przeprowadzona zostanie analiza potrzeb Pa\u0144stwa Firmy,<\/p>\n\n\n\n<p class=\"has-text-align-center\">\u2013 pracownicy uczestnicz\u0105cy w kursie zostan\u0105 poddani testom kwalifikacyjnym,<\/p>\n\n\n\n<p class=\"has-text-align-center\">\u2013 wszystkie osoby zostan\u0105 wyposa\u017cone w niezb\u0119dne podr\u0119czniki oraz materia\u0142y multimedialne uzupe\u0142niaj\u0105ce kurs.<\/p>\n\n\n\n<p class=\"has-text-align-center\">W trakcie szkolenia:<\/p>\n\n\n\n<p class=\"has-text-align-center\">\u2013 optymalnie wykorzystana zostanie ka\u017cda minuta zaj\u0119\u0107 z lektorem,<\/p>\n\n\n\n<p class=\"has-text-align-center\">\u2013 uczestnicy kursu otrzymaj\u0105 potrzebn\u0105 im wiedz\u0119 oraz wykszta\u0142c\u0105 przydatne umiej\u0119tno\u015bci,<\/p>\n\n\n\n<p class=\"has-text-align-center\">\u2013 Pa\u0144stwa Firma b\u0119dzie otrzymywa\u0107 raporty z aktywno\u015bci i post\u0119p\u00f3w pracownik\u00f3w,<\/p>\n\n\n\n<p class=\"has-text-align-center\">\u2013 po ka\u017cdej nowej partii materia\u0142u przeprowadzone zostan\u0105 testy sprawdzaj\u0105ce pozyskan\u0105 wiedz\u0119<\/p>\n\n\n\n<p class=\"has-text-align-center\">Po szkoleniu:<\/p>\n\n\n\n<p class=\"has-text-align-center\">\u2013 przygotowany zostanie indywidualny raport post\u0119p\u00f3w ka\u017cdego ucznia,<\/p>\n\n\n\n<p class=\"has-text-align-center\">\u2013 Pa\u0144stwa pracownicy otrzymaj\u0105 certyfikaty potwierdzaj\u0105ce uko\u0144czenie szkolenia,<\/p>\n\n\n\n<p class=\"has-text-align-center\">\u2013 ka\u017cda osoba uczestnicz\u0105ca w kursie j\u0119zykowym b\u0119dzie mog\u0142a zdoby\u0107 mi\u0119dzynarodowy certyfikat j\u0119zykowy.<\/p>\n","protected":false},"excerpt":{"rendered":"<p>Z my\u015bl\u0105 o Pa\u0144stwa Firmie i jej Pracownikach przygotowali\u015bmy wyj\u0105tkow\u0105 ofert\u0119 szkoleniow\u0105. Metoda BLS Communication to unikalne po\u0142\u0105czenie zaj\u0119\u0107 prowadzonych przez lektora z potencja\u0142em rozwi\u0105za\u0144 multimedialnych, kt\u00f3re sprawia, \u017ce nauka j\u0119zyka angielskiego\/niemieckiego jest wreszcie przyjemna, a przede wszystkim skuteczna. Dzi\u0119ki starannie wyselekcjonowanym materia\u0142om oraz technikom nauczania, wszyscy uczestnicy kurs\u00f3w BLS: *Niezwykle szybko pozyskuj\u0105 umiej\u0119tno\u015b\u0107 swobodnej [&hellip;]<\/p>\n","protected":false},"author":3,"featured_media":0,"parent":0,"menu_order":0,"comment_status":"closed","ping_status":"closed","template":"","meta":{"ngg_post_thumbnail":0},"acf":[],"yoast_head":"<!-- This site is optimized with the Yoast SEO plugin v18.9 - https:\/\/yoast.com\/wordpress\/plugins\/seo\/ -->\n<title>Kursy j\u0119zykowe dla firm w Stalowej Woli - Leader School<\/title>\n<meta name=\"robots\" content=\"index, follow, max-snippet:-1, max-image-preview:large, max-video-preview:-1\" \/>\n<link rel=\"canonical\" href=\"https:\/\/leaderschool.pl\/stalowa-wola\/kursy-jezykowe-dla-firm\/\" \/>\n<meta property=\"og:locale\" content=\"pl_PL\" \/>\n<meta property=\"og:type\" content=\"article\" \/>\n<meta property=\"og:title\" content=\"Kursy j\u0119zykowe dla firm w Stalowej Woli - Leader School\" \/>\n<meta property=\"og:description\" content=\"Z my\u015bl\u0105 o Pa\u0144stwa Firmie i jej Pracownikach przygotowali\u015bmy wyj\u0105tkow\u0105 ofert\u0119 szkoleniow\u0105. Metoda BLS Communication to unikalne po\u0142\u0105czenie zaj\u0119\u0107 prowadzonych przez lektora z potencja\u0142em rozwi\u0105za\u0144 multimedialnych, kt\u00f3re sprawia, \u017ce nauka j\u0119zyka angielskiego\/niemieckiego jest wreszcie przyjemna, a przede wszystkim skuteczna. Dzi\u0119ki starannie wyselekcjonowanym materia\u0142om oraz technikom nauczania, wszyscy uczestnicy kurs\u00f3w BLS: *Niezwykle szybko pozyskuj\u0105 umiej\u0119tno\u015b\u0107 swobodnej [&hellip;]\" \/>\n<meta property=\"og:url\" content=\"https:\/\/leaderschool.pl\/stalowa-wola\/kursy-jezykowe-dla-firm\/\" \/>\n<meta property=\"og:site_name\" content=\"w Stalowej Woli - Leader School\" \/>\n<meta property=\"article:modified_time\" content=\"2025-01-27T18:25:35+00:00\" \/>\n<meta name=\"twitter:card\" content=\"summary_large_image\" \/>\n<meta name=\"twitter:label1\" content=\"Szacowany czas czytania\" \/>\n\t<meta name=\"twitter:data1\" content=\"2 minuty\" \/>\n<script type=\"application\/ld+json\" class=\"yoast-schema-graph\">{\"@context\":\"https:\/\/schema.org\",\"@graph\":[{\"@type\":\"WebSite\",\"@id\":\"https:\/\/leaderschool.pl\/stalowa-wola\/#website\",\"url\":\"https:\/\/leaderschool.pl\/stalowa-wola\/\",\"name\":\"w Stalowej Woli - Leader School\",\"description\":\"\",\"potentialAction\":[{\"@type\":\"SearchAction\",\"target\":{\"@type\":\"EntryPoint\",\"urlTemplate\":\"https:\/\/leaderschool.pl\/stalowa-wola\/?s={search_term_string}\"},\"query-input\":\"required name=search_term_string\"}],\"inLanguage\":\"pl-PL\"},{\"@type\":\"WebPage\",\"@id\":\"https:\/\/leaderschool.pl\/stalowa-wola\/kursy-jezykowe-dla-firm\/#webpage\",\"url\":\"https:\/\/leaderschool.pl\/stalowa-wola\/kursy-jezykowe-dla-firm\/\",\"name\":\"Kursy j\u0119zykowe dla firm w Stalowej Woli - Leader School\",\"isPartOf\":{\"@id\":\"https:\/\/leaderschool.pl\/stalowa-wola\/#website\"},\"datePublished\":\"2025-01-27T18:11:13+00:00\",\"dateModified\":\"2025-01-27T18:25:35+00:00\",\"breadcrumb\":{\"@id\":\"https:\/\/leaderschool.pl\/stalowa-wola\/kursy-jezykowe-dla-firm\/#breadcrumb\"},\"inLanguage\":\"pl-PL\",\"potentialAction\":[{\"@type\":\"ReadAction\",\"target\":[\"https:\/\/leaderschool.pl\/stalowa-wola\/kursy-jezykowe-dla-firm\/\"]}]},{\"@type\":\"BreadcrumbList\",\"@id\":\"https:\/\/leaderschool.pl\/stalowa-wola\/kursy-jezykowe-dla-firm\/#breadcrumb\",\"itemListElement\":[{\"@type\":\"ListItem\",\"position\":1,\"name\":\"Home\",\"item\":\"https:\/\/leaderschool.pl\/stalowa-wola\/\"},{\"@type\":\"ListItem\",\"position\":2,\"name\":\"Kursy j\u0119zykowe dla firm\"}]}]}<\/script>\n<!-- \/ Yoast SEO plugin. -->","yoast_head_json":{"title":"Kursy j\u0119zykowe dla firm w Stalowej Woli - Leader School","robots":{"index":"index","follow":"follow","max-snippet":"max-snippet:-1","max-image-preview":"max-image-preview:large","max-video-preview":"max-video-preview:-1"},"canonical":"https:\/\/leaderschool.pl\/stalowa-wola\/kursy-jezykowe-dla-firm\/","og_locale":"pl_PL","og_type":"article","og_title":"Kursy j\u0119zykowe dla firm w Stalowej Woli - Leader School","og_description":"Z my\u015bl\u0105 o Pa\u0144stwa Firmie i jej Pracownikach przygotowali\u015bmy wyj\u0105tkow\u0105 ofert\u0119 szkoleniow\u0105. Metoda BLS Communication to unikalne po\u0142\u0105czenie zaj\u0119\u0107 prowadzonych przez lektora z potencja\u0142em rozwi\u0105za\u0144 multimedialnych, kt\u00f3re sprawia, \u017ce nauka j\u0119zyka angielskiego\/niemieckiego jest wreszcie przyjemna, a przede wszystkim skuteczna. Dzi\u0119ki starannie wyselekcjonowanym materia\u0142om oraz technikom nauczania, wszyscy uczestnicy kurs\u00f3w BLS: *Niezwykle szybko pozyskuj\u0105 umiej\u0119tno\u015b\u0107 swobodnej [&hellip;]","og_url":"https:\/\/leaderschool.pl\/stalowa-wola\/kursy-jezykowe-dla-firm\/","og_site_name":"w Stalowej Woli - Leader School","article_modified_time":"2025-01-27T18:25:35+00:00","twitter_card":"summary_large_image","twitter_misc":{"Szacowany czas czytania":"2 minuty"},"schema":{"@context":"https:\/\/schema.org","@graph":[{"@type":"WebSite","@id":"https:\/\/leaderschool.pl\/stalowa-wola\/#website","url":"https:\/\/leaderschool.pl\/stalowa-wola\/","name":"w Stalowej Woli - Leader School","description":"","potentialAction":[{"@type":"SearchAction","target":{"@type":"EntryPoint","urlTemplate":"https:\/\/leaderschool.pl\/stalowa-wola\/?s={search_term_string}"},"query-input":"required name=search_term_string"}],"inLanguage":"pl-PL"},{"@type":"WebPage","@id":"https:\/\/leaderschool.pl\/stalowa-wola\/kursy-jezykowe-dla-firm\/#webpage","url":"https:\/\/leaderschool.pl\/stalowa-wola\/kursy-jezykowe-dla-firm\/","name":"Kursy j\u0119zykowe dla firm w Stalowej Woli - Leader School","isPartOf":{"@id":"https:\/\/leaderschool.pl\/stalowa-wola\/#website"},"datePublished":"2025-01-27T18:11:13+00:00","dateModified":"2025-01-27T18:25:35+00:00","breadcrumb":{"@id":"https:\/\/leaderschool.pl\/stalowa-wola\/kursy-jezykowe-dla-firm\/#breadcrumb"},"inLanguage":"pl-PL","potentialAction":[{"@type":"ReadAction","target":["https:\/\/leaderschool.pl\/stalowa-wola\/kursy-jezykowe-dla-firm\/"]}]},{"@type":"BreadcrumbList","@id":"https:\/\/leaderschool.pl\/stalowa-wola\/kursy-jezykowe-dla-firm\/#breadcrumb","itemListElement":[{"@type":"ListItem","position":1,"name":"Home","item":"https:\/\/leaderschool.pl\/stalowa-wola\/"},{"@type":"ListItem","position":2,"name":"Kursy j\u0119zykowe dla firm"}]}]}},"_links":{"self":[{"href":"https:\/\/leaderschool.pl\/stalowa-wola\/wp-json\/wp\/v2\/pages\/2777"}],"collection":[{"href":"https:\/\/leaderschool.pl\/stalowa-wola\/wp-json\/wp\/v2\/pages"}],"about":[{"href":"https:\/\/leaderschool.pl\/stalowa-wola\/wp-json\/wp\/v2\/types\/page"}],"author":[{"embeddable":true,"href":"https:\/\/leaderschool.pl\/stalowa-wola\/wp-json\/wp\/v2\/users\/3"}],"replies":[{"embeddable":true,"href":"https:\/\/leaderschool.pl\/stalowa-wola\/wp-json\/wp\/v2\/comments?post=2777"}],"version-history":[{"count":2,"href":"https:\/\/leaderschool.pl\/stalowa-wola\/wp-json\/wp\/v2\/pages\/2777\/revisions"}],"predecessor-version":[{"id":2799,"href":"https:\/\/leaderschool.pl\/stalowa-wola\/wp-json\/wp\/v2\/pages\/2777\/revisions\/2799"}],"wp:attachment":[{"href":"https:\/\/leaderschool.pl\/stalowa-wola\/wp-json\/wp\/v2\/media?parent=2777"}],"curies":[{"name":"wp","href":"https:\/\/api.w.org\/{rel}","templated":true}]}}