{"id":2704,"date":"2023-02-22T11:17:39","date_gmt":"2023-02-22T10:17:39","guid":{"rendered":"https:\/\/leaderschool.pl\/srem\/?page_id=2704"},"modified":"2023-02-22T11:18:16","modified_gmt":"2023-02-22T10:18:16","slug":"biuro-tlumaczen","status":"publish","type":"page","link":"https:\/\/leaderschool.pl\/srem\/biuro-tlumaczen\/","title":{"rendered":"Biuro t\u0142umacze\u0144 \u015arem"},"content":{"rendered":"\n<p>W dobie rozwijaj\u0105cych si\u0119 biznes\u00f3w i wychodzenia wielu us\u0142ug na rynki mi\u0119dzynarodowe oraz otwierania si\u0119 na wsp\u00f3\u0142prac\u0119 z przedstawicielami innych kraj\u00f3w coraz wi\u0119ksz\u0105 popularno\u015bci\u0105 ciesz\u0105 si\u0119 us\u0142ugi translatorskie. W zwi\u0105zku z tym poszerzyli\u015bmy swoj\u0105 ofert\u0119 o <strong>t\u0142umaczenia w \u015aremie<\/strong> \u2013 sprawd\u017a ich zakres i przekonaj si\u0119, \u017ce warto nam zaufa\u0107!<\/p>\n\n\n\n<h2><strong>T\u0142umacz \u015arem \u2013 co t\u0142umaczymy w Leader School?<\/strong><\/h2>\n\n\n\n<p>W naszej ofercie znajdziesz t\u0142umaczenie tekst\u00f3w o r\u00f3\u017cnym przeznaczeniu \u2013 to zar\u00f3wno tre\u015bci prywatne, jak i biznesowe, w tym korespondencja z kontrahentami, materia\u0142y szkoleniowe czy umowy. Z ch\u0119ci\u0105 bierzemy te\u017c udzia\u0142 w przek\u0142adach ustnych niezb\u0119dnych podczas rozm\u00f3w bezpo\u015brednich, konferencji czy wyk\u0142ad\u00f3w, podejmujemy si\u0119 te\u017c t\u0142umacze\u0144 przysi\u0119g\u0142ych. Doskonale radzimy sobie ze wszystkimi j\u0119zykami, dlatego z pewno\u015bci\u0105 uda nam si\u0119 odpowiedzie\u0107 na Twoje potrzeby \u2013 zg\u0142o\u015b si\u0119 do nas w celu om\u00f3wienia szczeg\u00f3\u0142\u00f3w. Nasi specjali\u015bci podejmuj\u0105 si\u0119 t\u0142umacze\u0144 instrukcji, materia\u0142\u00f3w naukowych, dokument\u00f3w, stron internetowych w dowolnym j\u0119zyku, cho\u0107 nie da si\u0119 ukry\u0107, \u017ce najwi\u0119ksz\u0105 popularno\u015bci\u0105 ciesz\u0105 si\u0119 <strong>t\u0142umaczenia na angielski w \u015aremie<\/strong>.<\/p>\n\n\n\n<h3><strong>T\u0142umaczenie tekst\u00f3w \u015arem \u2013 oto, na co mo\u017cesz liczy\u0107 w Leader School<\/strong><\/h3>\n\n\n\n<p>Niezale\u017cnie od rodzaju tekstu przeznaczonego do t\u0142umaczenia, zawsze stawiamy na:<\/p>\n\n\n\n<ul><li>poprawno\u015b\u0107 j\u0119zykow\u0105 \u2013 wsp\u00f3\u0142pracuj\u0105 z nami profesjonalni lingwi\u015bci doskonale radz\u0105cy sobie w przek\u0142adach na r\u00f3\u017cne j\u0119zyki \u015bwiata,<\/li><li>wierno\u015b\u0107 t\u0142umaczenia z orygina\u0142em \u2013 wiemy, jak prze\u0142o\u017cy\u0107 najbardziej skomplikowane tre\u015bci w przyst\u0119pny i merytoryczny spos\u00f3b,<\/li><li>znajomo\u015b\u0107 bran\u017cowego, specjalistycznego s\u0142ownictwa \u2013 ma ona znaczenie szczeg\u00f3lnie w przypadku t\u0142umacze\u0144 tekst\u00f3w biznesowych i naukowych oraz w trakcie konferencji,<\/li><li>indywidualn\u0105 wycen\u0119 \u2013 jest ona bezp\u0142atna, dlatego wiesz, ile zap\u0142acisz za us\u0142ug\u0119. Na koszt sk\u0142ada si\u0119 wiele kwestii, mi\u0119dzy innymi stopie\u0144 skomplikowania t\u0142umaczonych tre\u015bci, wymagania dotycz\u0105ce s\u0142ownictwa, obj\u0119to\u015b\u0107 w przypadku tekst\u00f3w. Wszystkie szczeg\u00f3\u0142y poznasz, kontaktuj\u0105c si\u0119 z nami.<\/li><\/ul>\n\n\n\n<h2><strong>Us\u0142ugi t\u0142umacza \u015arem \u2013 dlaczego warto wybra\u0107 Leader School?<\/strong><\/h2>\n\n\n\n<p>Chc\u0105c mie\u0107 pewno\u015b\u0107, \u017ce wybierasz profesjonalne <strong>t\u0142umaczenia w \u015aremie<\/strong>, postaw na us\u0142ugi translatorskie w Leader School \u2013 nasi eksperci z pewno\u015bci\u0105 poradz\u0105 sobie z ka\u017cdym wyzwaniem, oddaj\u0105c w Twoje r\u0119ce starannie prze\u0142o\u017cone tre\u015bci w wybranym przez Ciebie j\u0119zyku. Korzystaj\u0105c z naszej pomocy, masz gwarancj\u0119 wierno\u015bci przek\u0142adu, zachowania sensu i jako\u015bci merytorycznej oraz poprawno\u015bci lingwistycznej. Cen\u0119 i dost\u0119pne terminy uzyskasz, dzwoni\u0105c do nas lub pisz\u0105c wiadomo\u015b\u0107.<\/p>\n\n\n\n<h3><strong>Do kogo kierowane s\u0105 nasze us\u0142ugi?<\/strong><\/h3>\n\n\n\n<p>T\u0142umaczenia na angielski lub inny, dowolny j\u0119zyk realizujemy zar\u00f3wno dla klient\u00f3w indywidualnych, jak i przedsi\u0119biorc\u00f3w, kt\u00f3rzy potrzebuj\u0105 us\u0142ug translatorskich w kontaktach biznesowych lub przy tworzeniu dokumentacji czy prowadzeniu korespondencji. Oferujemy jednorazowe wsparcie i zapraszamy do sta\u0142ej wsp\u00f3\u0142pracy \u2013 wszystko zale\u017cy od Twoich potrzeb. Zg\u0142o\u015b si\u0119 do nas bez wzgl\u0119du na bran\u017c\u0119, jak\u0105 reprezentujesz \u2013 \u015bwiadczymy kompleksowe wsparcie dla przedstawicieli r\u00f3\u017cnych dziedzin, w tym r\u00f3wnie\u017c naukowej, medycznej, ekonomicznej i prawnej.&nbsp;<\/p>\n\n\n\n<h3><strong>Biuro t\u0142umacze\u0144 w \u015aremie zaprasza \u2013 Leader School jest do Twojej dyspozycji!<\/strong><\/h3>\n\n\n\n<p>Zach\u0119camy do kontaktu wszystkie osoby zainteresowane t\u0142umaczeniami ustnymi lub pisemnymi, a tak\u017ce przysi\u0119g\u0142ymi we wszystkich j\u0119zykach. Zapewniamy indywidualne podej\u015bcie, bezp\u0142atn\u0105 wycen\u0119 i kompleksow\u0105 obs\u0142ug\u0119, kt\u00f3rej efektem s\u0105 merytoryczne i poprawne j\u0119zykowo przek\u0142ady. Poznaj dost\u0119pne terminy i skorzystaj z pomocy do\u015bwiadczonych t\u0142umaczy, kt\u00f3rych znajdziesz w naszej szkole.<\/p>\n","protected":false},"excerpt":{"rendered":"<p>W dobie rozwijaj\u0105cych si\u0119 biznes\u00f3w i wychodzenia wielu us\u0142ug na rynki mi\u0119dzynarodowe oraz otwierania si\u0119 na wsp\u00f3\u0142prac\u0119 z przedstawicielami innych kraj\u00f3w coraz wi\u0119ksz\u0105 popularno\u015bci\u0105 ciesz\u0105 si\u0119 us\u0142ugi translatorskie. W zwi\u0105zku z tym poszerzyli\u015bmy swoj\u0105 ofert\u0119 o t\u0142umaczenia w \u015aremie \u2013 sprawd\u017a ich zakres i przekonaj si\u0119, \u017ce warto nam zaufa\u0107! T\u0142umacz \u015arem \u2013 co t\u0142umaczymy [&hellip;]<\/p>\n","protected":false},"author":3,"featured_media":0,"parent":0,"menu_order":0,"comment_status":"closed","ping_status":"closed","template":"","meta":{"ngg_post_thumbnail":0},"acf":[],"yoast_head":"<!-- This site is optimized with the Yoast SEO plugin v18.9 - https:\/\/yoast.com\/wordpress\/plugins\/seo\/ -->\n<title>Biuro t\u0142umacze\u0144 Szko\u0142a j\u0119zykowa w \u015aremie - Leader School<\/title>\n<meta name=\"description\" content=\"T\u0142umaczenia zwyk\u0142e oraz przysi\u0119g\u0142e w \u015aremie. T\u0142umaczenia dla os\u00f3b prywatnych i firm we wszystkich j\u0119zykach.\" \/>\n<meta name=\"robots\" content=\"index, follow, max-snippet:-1, max-image-preview:large, max-video-preview:-1\" \/>\n<link rel=\"canonical\" href=\"https:\/\/leaderschool.pl\/srem\/biuro-tlumaczen\/\" \/>\n<meta property=\"og:locale\" content=\"pl_PL\" \/>\n<meta property=\"og:type\" content=\"article\" \/>\n<meta property=\"og:title\" content=\"Biuro t\u0142umacze\u0144 Szko\u0142a j\u0119zykowa w \u015aremie - Leader School\" \/>\n<meta property=\"og:description\" content=\"T\u0142umaczenia zwyk\u0142e oraz przysi\u0119g\u0142e w \u015aremie. T\u0142umaczenia dla os\u00f3b prywatnych i firm we wszystkich j\u0119zykach.\" \/>\n<meta property=\"og:url\" content=\"https:\/\/leaderschool.pl\/srem\/biuro-tlumaczen\/\" \/>\n<meta property=\"og:site_name\" content=\"Szko\u0142a j\u0119zykowa w \u015aremie - Leader School\" \/>\n<meta property=\"article:modified_time\" content=\"2023-02-22T10:18:16+00:00\" \/>\n<meta name=\"twitter:card\" content=\"summary_large_image\" \/>\n<meta name=\"twitter:label1\" content=\"Szacowany czas czytania\" \/>\n\t<meta name=\"twitter:data1\" content=\"3 minuty\" \/>\n<script type=\"application\/ld+json\" class=\"yoast-schema-graph\">{\"@context\":\"https:\/\/schema.org\",\"@graph\":[{\"@type\":\"WebSite\",\"@id\":\"https:\/\/leaderschool.pl\/srem\/#website\",\"url\":\"https:\/\/leaderschool.pl\/srem\/\",\"name\":\"Szko\u0142a j\u0119zykowa w \u015aremie - Leader School\",\"description\":\"\",\"potentialAction\":[{\"@type\":\"SearchAction\",\"target\":{\"@type\":\"EntryPoint\",\"urlTemplate\":\"https:\/\/leaderschool.pl\/srem\/?s={search_term_string}\"},\"query-input\":\"required name=search_term_string\"}],\"inLanguage\":\"pl-PL\"},{\"@type\":\"WebPage\",\"@id\":\"https:\/\/leaderschool.pl\/srem\/biuro-tlumaczen\/#webpage\",\"url\":\"https:\/\/leaderschool.pl\/srem\/biuro-tlumaczen\/\",\"name\":\"Biuro t\u0142umacze\u0144 Szko\u0142a j\u0119zykowa w \u015aremie - Leader School\",\"isPartOf\":{\"@id\":\"https:\/\/leaderschool.pl\/srem\/#website\"},\"datePublished\":\"2023-02-22T10:17:39+00:00\",\"dateModified\":\"2023-02-22T10:18:16+00:00\",\"description\":\"T\u0142umaczenia zwyk\u0142e oraz przysi\u0119g\u0142e w \u015aremie. T\u0142umaczenia dla os\u00f3b prywatnych i firm we wszystkich j\u0119zykach.\",\"breadcrumb\":{\"@id\":\"https:\/\/leaderschool.pl\/srem\/biuro-tlumaczen\/#breadcrumb\"},\"inLanguage\":\"pl-PL\",\"potentialAction\":[{\"@type\":\"ReadAction\",\"target\":[\"https:\/\/leaderschool.pl\/srem\/biuro-tlumaczen\/\"]}]},{\"@type\":\"BreadcrumbList\",\"@id\":\"https:\/\/leaderschool.pl\/srem\/biuro-tlumaczen\/#breadcrumb\",\"itemListElement\":[{\"@type\":\"ListItem\",\"position\":1,\"name\":\"Home\",\"item\":\"https:\/\/leaderschool.pl\/srem\/\"},{\"@type\":\"ListItem\",\"position\":2,\"name\":\"Biuro t\u0142umacze\u0144 \u015arem\"}]}]}<\/script>\n<!-- \/ Yoast SEO plugin. -->","yoast_head_json":{"title":"Biuro t\u0142umacze\u0144 Szko\u0142a j\u0119zykowa w \u015aremie - Leader School","description":"T\u0142umaczenia zwyk\u0142e oraz przysi\u0119g\u0142e w \u015aremie. T\u0142umaczenia dla os\u00f3b prywatnych i firm we wszystkich j\u0119zykach.","robots":{"index":"index","follow":"follow","max-snippet":"max-snippet:-1","max-image-preview":"max-image-preview:large","max-video-preview":"max-video-preview:-1"},"canonical":"https:\/\/leaderschool.pl\/srem\/biuro-tlumaczen\/","og_locale":"pl_PL","og_type":"article","og_title":"Biuro t\u0142umacze\u0144 Szko\u0142a j\u0119zykowa w \u015aremie - Leader School","og_description":"T\u0142umaczenia zwyk\u0142e oraz przysi\u0119g\u0142e w \u015aremie. T\u0142umaczenia dla os\u00f3b prywatnych i firm we wszystkich j\u0119zykach.","og_url":"https:\/\/leaderschool.pl\/srem\/biuro-tlumaczen\/","og_site_name":"Szko\u0142a j\u0119zykowa w \u015aremie - Leader School","article_modified_time":"2023-02-22T10:18:16+00:00","twitter_card":"summary_large_image","twitter_misc":{"Szacowany czas czytania":"3 minuty"},"schema":{"@context":"https:\/\/schema.org","@graph":[{"@type":"WebSite","@id":"https:\/\/leaderschool.pl\/srem\/#website","url":"https:\/\/leaderschool.pl\/srem\/","name":"Szko\u0142a j\u0119zykowa w \u015aremie - Leader School","description":"","potentialAction":[{"@type":"SearchAction","target":{"@type":"EntryPoint","urlTemplate":"https:\/\/leaderschool.pl\/srem\/?s={search_term_string}"},"query-input":"required name=search_term_string"}],"inLanguage":"pl-PL"},{"@type":"WebPage","@id":"https:\/\/leaderschool.pl\/srem\/biuro-tlumaczen\/#webpage","url":"https:\/\/leaderschool.pl\/srem\/biuro-tlumaczen\/","name":"Biuro t\u0142umacze\u0144 Szko\u0142a j\u0119zykowa w \u015aremie - Leader School","isPartOf":{"@id":"https:\/\/leaderschool.pl\/srem\/#website"},"datePublished":"2023-02-22T10:17:39+00:00","dateModified":"2023-02-22T10:18:16+00:00","description":"T\u0142umaczenia zwyk\u0142e oraz przysi\u0119g\u0142e w \u015aremie. T\u0142umaczenia dla os\u00f3b prywatnych i firm we wszystkich j\u0119zykach.","breadcrumb":{"@id":"https:\/\/leaderschool.pl\/srem\/biuro-tlumaczen\/#breadcrumb"},"inLanguage":"pl-PL","potentialAction":[{"@type":"ReadAction","target":["https:\/\/leaderschool.pl\/srem\/biuro-tlumaczen\/"]}]},{"@type":"BreadcrumbList","@id":"https:\/\/leaderschool.pl\/srem\/biuro-tlumaczen\/#breadcrumb","itemListElement":[{"@type":"ListItem","position":1,"name":"Home","item":"https:\/\/leaderschool.pl\/srem\/"},{"@type":"ListItem","position":2,"name":"Biuro t\u0142umacze\u0144 \u015arem"}]}]}},"_links":{"self":[{"href":"https:\/\/leaderschool.pl\/srem\/wp-json\/wp\/v2\/pages\/2704"}],"collection":[{"href":"https:\/\/leaderschool.pl\/srem\/wp-json\/wp\/v2\/pages"}],"about":[{"href":"https:\/\/leaderschool.pl\/srem\/wp-json\/wp\/v2\/types\/page"}],"author":[{"embeddable":true,"href":"https:\/\/leaderschool.pl\/srem\/wp-json\/wp\/v2\/users\/3"}],"replies":[{"embeddable":true,"href":"https:\/\/leaderschool.pl\/srem\/wp-json\/wp\/v2\/comments?post=2704"}],"version-history":[{"count":2,"href":"https:\/\/leaderschool.pl\/srem\/wp-json\/wp\/v2\/pages\/2704\/revisions"}],"predecessor-version":[{"id":2707,"href":"https:\/\/leaderschool.pl\/srem\/wp-json\/wp\/v2\/pages\/2704\/revisions\/2707"}],"wp:attachment":[{"href":"https:\/\/leaderschool.pl\/srem\/wp-json\/wp\/v2\/media?parent=2704"}],"curies":[{"name":"wp","href":"https:\/\/api.w.org\/{rel}","templated":true}]}}