{"id":2594,"date":"2022-07-24T13:29:48","date_gmt":"2022-07-24T11:29:48","guid":{"rendered":"https:\/\/leaderschool.sellision.dev\/srem\/?page_id=2594"},"modified":"2023-10-05T13:24:28","modified_gmt":"2023-10-05T11:24:28","slug":"zajecia-z-angielskiego-z-dofinansowaniem","status":"publish","type":"page","link":"https:\/\/leaderschool.pl\/srem\/zajecia-z-angielskiego-z-dofinansowaniem\/","title":{"rendered":"Zaj\u0119cia j\u0119zykowe z dofinansowaniem w \u015aremie"},"content":{"rendered":"\n<p>Jeste\u015b przedsi\u0119biorc\u0105? W naszej szkole Ty lub Twoi pracownicy mo\u017cecie skorzysta\u0107 z kursu j\u0119zykowego z dofinansowaniem nawet do 80%. Dofinansowanie do kursu angielskiego lub dowolnego innego j\u0119zyka mo\u017cna uzyska\u0107 zar\u00f3wno na kursy grupowe, jak i na zaj\u0119cia indywidualne na dowolnym poziomie.&nbsp;<\/p>\n\n\n\n<figure class=\"wp-block-image size-large\"><img loading=\"lazy\" width=\"1024\" height=\"683\" src=\"data:image\/gif;base64,R0lGODlhAQABAAAAACH5BAEKAAEALAAAAAABAAEAAAICTAEAOw==\" alt=\"\" class=\"wp-image-2595 lazyload\" sizes=\"(max-width: 1024px) 100vw, 1024px\" data-src=\"https:\/\/leaderschool.sellision.dev\/srem\/wp-content\/uploads\/sites\/42\/2022\/07\/LS_Srem_044-1024x683.jpg\" data-srcset=\"https:\/\/leaderschool.pl\/srem\/wp-content\/uploads\/sites\/42\/2022\/07\/LS_Srem_044-1024x683.jpg 1024w, https:\/\/leaderschool.pl\/srem\/wp-content\/uploads\/sites\/42\/2022\/07\/LS_Srem_044-300x200.jpg 300w, https:\/\/leaderschool.pl\/srem\/wp-content\/uploads\/sites\/42\/2022\/07\/LS_Srem_044-768x512.jpg 768w, https:\/\/leaderschool.pl\/srem\/wp-content\/uploads\/sites\/42\/2022\/07\/LS_Srem_044-1536x1024.jpg 1536w, https:\/\/leaderschool.pl\/srem\/wp-content\/uploads\/sites\/42\/2022\/07\/LS_Srem_044.jpg 1920w\"><\/figure>\n\n\n\n<h2>Dofinansowanie z Bazy Us\u0142ug Rozwojowych<strong><\/strong><\/h2>\n\n\n\n<p>Szukasz dofinansowywanych zaj\u0119\u0107 z angielskiego lub innego j\u0119zyka? W Leader School w \u015aremie mo\u017cesz skorzysta\u0107 z dofinansowania z Bazy Us\u0142ug Rozwojowych (BUR). To jeden z najpopularniejszych sposob\u00f3w na pozyskanie dofinansowania w Polsce. Nabory w ramach dofinansowa\u0144 z BUR s\u0105 ci\u0105g\u0142e, a \u015brodki pozyskiwane s\u0105 z Unii Europejskiej. Z dofinansowania do kursu j\u0119zykowego w \u015aremie w ramach BUR mog\u0105 skorzysta\u0107 \u015brednie, ma\u0142e oraz mikroprzedsi\u0119biorstwa z 14 polskich wojew\u00f3dztw, w tym wielkopolskiego. O dofinansowanie mo\u017cesz stara\u0107 si\u0119 r\u00f3wnie\u017c, je\u015bli prowadzisz jednoosobow\u0105 dzia\u0142alno\u015b\u0107 gospodarcz\u0105.<\/p>\n\n\n\n<h2>Zaj\u0119cia j\u0119zykowe z dofinansowaniem w \u015aremie \u2013 ile mo\u017cesz zaoszcz\u0119dzi\u0107?<\/h2>\n\n\n\n<p>Ile b\u0119dzie kosztowa\u0142 Ci\u0119 kurs j\u0119zykowy z dofinansowania? Refundacja, jak\u0105 uzyskasz, mo\u017ce si\u0119ga\u0107 nawet 80% warto\u015bci kursu. Na poziom dofinansowania mo\u017ce mie\u0107 wp\u0142yw wielko\u015b\u0107 przedsi\u0119biorstwa oraz spe\u0142nienie kilku dodatkowych kryteri\u00f3w (np. obj\u0119cie wsparciem pracownik\u00f3w w wieku 50 lat i wi\u0119cej lub pracownik\u00f3w o niskich kwalifikacjach albo dzia\u0142alno\u015b\u0107 w bran\u017cy o najwi\u0119kszym potencjale rozwojowym dla regionu). Warto r\u00f3wnie\u017c wiedzie\u0107, \u017ce ka\u017cdy Operator zajmuj\u0105cy si\u0119 dofinansowaniami w danym regionie mo\u017ce mie\u0107 inn\u0105 polityk\u0119 co do maksymalnego limitu kwoty, jak\u0105 mo\u017cesz otrzyma\u0107, ale zazwyczaj jest to suma od 3000 do 6000 z\u0142 na jednego uczestnika. Wszystkich dodatkowych informacji szukaj na stronie <a href=\"https:\/\/uslugirozwojowe.parp.gov.pl\/\">Bazy Us\u0142ug Rozwojowych<\/a>.<\/p>\n\n\n\n<h2>Jakie j\u0119zyki obejmuj\u0105 dofinansowane kursy j\u0119zykowe?<strong><\/strong><\/h2>\n\n\n\n<p>Dofinansowane kursy j\u0119zykowe w \u015aremie dotycz\u0105 wszystkich j\u0119zyk\u00f3w, kt\u00f3rych mo\u017cesz uczy\u0107 si\u0119 w naszej szkole. Je\u015bli jeste\u015b przedsi\u0119biorc\u0105, mo\u017cesz zatem stara\u0107 si\u0119 o dofinansowanie na kursy z j\u0119zyka:<\/p>\n\n\n\n<ul><li>angielskiego,<\/li><li>niemieckiego,<\/li><li>francuskiego,<\/li><li>hiszpa\u0144skiego,<\/li><li>rosyjskiego,<\/li><li>polskiego.<\/li><\/ul>\n\n\n\n<h2>Jak uzyska\u0107 dofinansowanie do kursu j\u0119zykowego?<\/h2>\n\n\n\n<p>Chcesz uzyska\u0107 dofinansowanie do kursu j\u0119zyka angielskiego lub dowolnego innego j\u0119zyka? Zobacz, co powiniene\u015b zrobi\u0107 krok po kroku.&nbsp;<\/p>\n\n\n\n<ol type=\"1\"><li>Wyszukaj interesuj\u0105ce Ci\u0119 szkolenie w <a href=\"https:\/\/uslugirozwojowe.parp.gov.pl\/\">Bazie Us\u0142ug Rozwojowych<\/a>. Je\u015bli nie jeste\u015b pewien, z jakiego kursu chcia\u0142by\u015b skorzysta\u0107, skontaktuj si\u0119 z nami \u2013 ch\u0119tnie pomo\u017cemy dobra\u0107 Ci szkolenie najlepiej odpowiadaj\u0105ce Twoim oczekiwaniom.<\/li><li>Wype\u0142nij formularz zg\u0142oszeniowy i z\u0142\u00f3\u017c go u regionalnego Operatora (Operatora wybierz, kieruj\u0105c si\u0119 miejscem rejestracji firmy).<\/li><li>Podpisz z Operatorem umow\u0119 na dofinansowanie do kursu j\u0119zyka angielskiego lub dowolnego innego szkolenia.&nbsp;<\/li><li>Zarejestruj si\u0119 w Bazie Us\u0142ug Rozwojowych i za po\u015brednictwem platformy zapisz si\u0119 na kurs.<\/li><li>Op\u0142a\u0107 us\u0142ug\u0119 ze swoich \u015brodk\u00f3w i skorzystaj z kursu.<\/li><li>Oce\u0144 kurs poprzez platform\u0119 BUR i z\u0142\u00f3\u017c formularz rozliczeniowy u Operatora.<\/li><li>Operator dope\u0142ni wszystkich formalno\u015bci, dzi\u0119ki kt\u00f3rym otrzymasz refundacj\u0119 poniesionych koszt\u00f3w w ustalonej wcze\u015bniej kwocie.&nbsp;<\/li><\/ol>\n","protected":false},"excerpt":{"rendered":"<p>Jeste\u015b przedsi\u0119biorc\u0105? W naszej szkole Ty lub Twoi pracownicy mo\u017cecie skorzysta\u0107 z kursu j\u0119zykowego z dofinansowaniem nawet do 80%. Dofinansowanie do kursu angielskiego lub dowolnego innego j\u0119zyka mo\u017cna uzyska\u0107 zar\u00f3wno na kursy grupowe, jak i na zaj\u0119cia indywidualne na dowolnym poziomie.&nbsp; Dofinansowanie z Bazy Us\u0142ug Rozwojowych Szukasz dofinansowywanych zaj\u0119\u0107 z angielskiego lub innego j\u0119zyka? W [&hellip;]<\/p>\n","protected":false},"author":3,"featured_media":0,"parent":0,"menu_order":0,"comment_status":"closed","ping_status":"closed","template":"","meta":{"ngg_post_thumbnail":0},"acf":[],"yoast_head":"<!-- This site is optimized with the Yoast SEO plugin v18.9 - https:\/\/yoast.com\/wordpress\/plugins\/seo\/ -->\n<title>Zaj\u0119cia j\u0119zykowe z dofinansowaniem w \u015aremie Szko\u0142a j\u0119zykowa w \u015aremie - Leader School<\/title>\n<meta name=\"description\" content=\"Szukasz zaj\u0119\u0107 j\u0119zykowych z dofinansowaniem w szkole j\u0119zykowej Leader School \u015arem? Wejd\u017a i sprawd\u017a nasz\u0105 ofert\u0119.\" \/>\n<meta name=\"robots\" content=\"index, follow, max-snippet:-1, max-image-preview:large, max-video-preview:-1\" \/>\n<link rel=\"canonical\" href=\"https:\/\/leaderschool.pl\/srem\/zajecia-z-angielskiego-z-dofinansowaniem\/\" \/>\n<meta property=\"og:locale\" content=\"pl_PL\" \/>\n<meta property=\"og:type\" content=\"article\" \/>\n<meta property=\"og:title\" content=\"Zaj\u0119cia j\u0119zykowe z dofinansowaniem w \u015aremie Szko\u0142a j\u0119zykowa w \u015aremie - Leader School\" \/>\n<meta property=\"og:description\" content=\"Szukasz zaj\u0119\u0107 j\u0119zykowych z dofinansowaniem w szkole j\u0119zykowej Leader School \u015arem? Wejd\u017a i sprawd\u017a nasz\u0105 ofert\u0119.\" \/>\n<meta property=\"og:url\" content=\"https:\/\/leaderschool.pl\/srem\/zajecia-z-angielskiego-z-dofinansowaniem\/\" \/>\n<meta property=\"og:site_name\" content=\"Szko\u0142a j\u0119zykowa w \u015aremie - Leader School\" \/>\n<meta property=\"article:modified_time\" content=\"2023-10-05T11:24:28+00:00\" \/>\n<meta property=\"og:image\" content=\"https:\/\/leaderschool.sellision.dev\/srem\/wp-content\/uploads\/sites\/42\/2022\/07\/LS_Srem_044-1024x683.jpg\" \/>\n<meta name=\"twitter:card\" content=\"summary_large_image\" \/>\n<meta name=\"twitter:label1\" content=\"Szacowany czas czytania\" \/>\n\t<meta name=\"twitter:data1\" content=\"3 minuty\" \/>\n<script type=\"application\/ld+json\" class=\"yoast-schema-graph\">{\"@context\":\"https:\/\/schema.org\",\"@graph\":[{\"@type\":\"WebSite\",\"@id\":\"https:\/\/leaderschool.pl\/srem\/#website\",\"url\":\"https:\/\/leaderschool.pl\/srem\/\",\"name\":\"Szko\u0142a j\u0119zykowa w \u015aremie - Leader School\",\"description\":\"\",\"potentialAction\":[{\"@type\":\"SearchAction\",\"target\":{\"@type\":\"EntryPoint\",\"urlTemplate\":\"https:\/\/leaderschool.pl\/srem\/?s={search_term_string}\"},\"query-input\":\"required name=search_term_string\"}],\"inLanguage\":\"pl-PL\"},{\"@type\":\"ImageObject\",\"inLanguage\":\"pl-PL\",\"@id\":\"https:\/\/leaderschool.pl\/srem\/zajecia-z-angielskiego-z-dofinansowaniem\/#primaryimage\",\"url\":\"https:\/\/leaderschool.sellision.dev\/srem\/wp-content\/uploads\/sites\/42\/2022\/07\/LS_Srem_044-1024x683.jpg\",\"contentUrl\":\"https:\/\/leaderschool.sellision.dev\/srem\/wp-content\/uploads\/sites\/42\/2022\/07\/LS_Srem_044-1024x683.jpg\"},{\"@type\":\"WebPage\",\"@id\":\"https:\/\/leaderschool.pl\/srem\/zajecia-z-angielskiego-z-dofinansowaniem\/#webpage\",\"url\":\"https:\/\/leaderschool.pl\/srem\/zajecia-z-angielskiego-z-dofinansowaniem\/\",\"name\":\"Zaj\u0119cia j\u0119zykowe z dofinansowaniem w \u015aremie Szko\u0142a j\u0119zykowa w \u015aremie - Leader School\",\"isPartOf\":{\"@id\":\"https:\/\/leaderschool.pl\/srem\/#website\"},\"primaryImageOfPage\":{\"@id\":\"https:\/\/leaderschool.pl\/srem\/zajecia-z-angielskiego-z-dofinansowaniem\/#primaryimage\"},\"datePublished\":\"2022-07-24T11:29:48+00:00\",\"dateModified\":\"2023-10-05T11:24:28+00:00\",\"description\":\"Szukasz zaj\u0119\u0107 j\u0119zykowych z dofinansowaniem w szkole j\u0119zykowej Leader School \u015arem? Wejd\u017a i sprawd\u017a nasz\u0105 ofert\u0119.\",\"breadcrumb\":{\"@id\":\"https:\/\/leaderschool.pl\/srem\/zajecia-z-angielskiego-z-dofinansowaniem\/#breadcrumb\"},\"inLanguage\":\"pl-PL\",\"potentialAction\":[{\"@type\":\"ReadAction\",\"target\":[\"https:\/\/leaderschool.pl\/srem\/zajecia-z-angielskiego-z-dofinansowaniem\/\"]}]},{\"@type\":\"BreadcrumbList\",\"@id\":\"https:\/\/leaderschool.pl\/srem\/zajecia-z-angielskiego-z-dofinansowaniem\/#breadcrumb\",\"itemListElement\":[{\"@type\":\"ListItem\",\"position\":1,\"name\":\"Home\",\"item\":\"https:\/\/leaderschool.pl\/srem\/\"},{\"@type\":\"ListItem\",\"position\":2,\"name\":\"Zaj\u0119cia j\u0119zykowe z dofinansowaniem w \u015aremie\"}]}]}<\/script>\n<!-- \/ Yoast SEO plugin. -->","yoast_head_json":{"title":"Zaj\u0119cia j\u0119zykowe z dofinansowaniem w \u015aremie Szko\u0142a j\u0119zykowa w \u015aremie - Leader School","description":"Szukasz zaj\u0119\u0107 j\u0119zykowych z dofinansowaniem w szkole j\u0119zykowej Leader School \u015arem? Wejd\u017a i sprawd\u017a nasz\u0105 ofert\u0119.","robots":{"index":"index","follow":"follow","max-snippet":"max-snippet:-1","max-image-preview":"max-image-preview:large","max-video-preview":"max-video-preview:-1"},"canonical":"https:\/\/leaderschool.pl\/srem\/zajecia-z-angielskiego-z-dofinansowaniem\/","og_locale":"pl_PL","og_type":"article","og_title":"Zaj\u0119cia j\u0119zykowe z dofinansowaniem w \u015aremie Szko\u0142a j\u0119zykowa w \u015aremie - Leader School","og_description":"Szukasz zaj\u0119\u0107 j\u0119zykowych z dofinansowaniem w szkole j\u0119zykowej Leader School \u015arem? Wejd\u017a i sprawd\u017a nasz\u0105 ofert\u0119.","og_url":"https:\/\/leaderschool.pl\/srem\/zajecia-z-angielskiego-z-dofinansowaniem\/","og_site_name":"Szko\u0142a j\u0119zykowa w \u015aremie - Leader School","article_modified_time":"2023-10-05T11:24:28+00:00","og_image":[{"url":"https:\/\/leaderschool.sellision.dev\/srem\/wp-content\/uploads\/sites\/42\/2022\/07\/LS_Srem_044-1024x683.jpg"}],"twitter_card":"summary_large_image","twitter_misc":{"Szacowany czas czytania":"3 minuty"},"schema":{"@context":"https:\/\/schema.org","@graph":[{"@type":"WebSite","@id":"https:\/\/leaderschool.pl\/srem\/#website","url":"https:\/\/leaderschool.pl\/srem\/","name":"Szko\u0142a j\u0119zykowa w \u015aremie - Leader School","description":"","potentialAction":[{"@type":"SearchAction","target":{"@type":"EntryPoint","urlTemplate":"https:\/\/leaderschool.pl\/srem\/?s={search_term_string}"},"query-input":"required name=search_term_string"}],"inLanguage":"pl-PL"},{"@type":"ImageObject","inLanguage":"pl-PL","@id":"https:\/\/leaderschool.pl\/srem\/zajecia-z-angielskiego-z-dofinansowaniem\/#primaryimage","url":"https:\/\/leaderschool.sellision.dev\/srem\/wp-content\/uploads\/sites\/42\/2022\/07\/LS_Srem_044-1024x683.jpg","contentUrl":"https:\/\/leaderschool.sellision.dev\/srem\/wp-content\/uploads\/sites\/42\/2022\/07\/LS_Srem_044-1024x683.jpg"},{"@type":"WebPage","@id":"https:\/\/leaderschool.pl\/srem\/zajecia-z-angielskiego-z-dofinansowaniem\/#webpage","url":"https:\/\/leaderschool.pl\/srem\/zajecia-z-angielskiego-z-dofinansowaniem\/","name":"Zaj\u0119cia j\u0119zykowe z dofinansowaniem w \u015aremie Szko\u0142a j\u0119zykowa w \u015aremie - Leader School","isPartOf":{"@id":"https:\/\/leaderschool.pl\/srem\/#website"},"primaryImageOfPage":{"@id":"https:\/\/leaderschool.pl\/srem\/zajecia-z-angielskiego-z-dofinansowaniem\/#primaryimage"},"datePublished":"2022-07-24T11:29:48+00:00","dateModified":"2023-10-05T11:24:28+00:00","description":"Szukasz zaj\u0119\u0107 j\u0119zykowych z dofinansowaniem w szkole j\u0119zykowej Leader School \u015arem? Wejd\u017a i sprawd\u017a nasz\u0105 ofert\u0119.","breadcrumb":{"@id":"https:\/\/leaderschool.pl\/srem\/zajecia-z-angielskiego-z-dofinansowaniem\/#breadcrumb"},"inLanguage":"pl-PL","potentialAction":[{"@type":"ReadAction","target":["https:\/\/leaderschool.pl\/srem\/zajecia-z-angielskiego-z-dofinansowaniem\/"]}]},{"@type":"BreadcrumbList","@id":"https:\/\/leaderschool.pl\/srem\/zajecia-z-angielskiego-z-dofinansowaniem\/#breadcrumb","itemListElement":[{"@type":"ListItem","position":1,"name":"Home","item":"https:\/\/leaderschool.pl\/srem\/"},{"@type":"ListItem","position":2,"name":"Zaj\u0119cia j\u0119zykowe z dofinansowaniem w \u015aremie"}]}]}},"_links":{"self":[{"href":"https:\/\/leaderschool.pl\/srem\/wp-json\/wp\/v2\/pages\/2594"}],"collection":[{"href":"https:\/\/leaderschool.pl\/srem\/wp-json\/wp\/v2\/pages"}],"about":[{"href":"https:\/\/leaderschool.pl\/srem\/wp-json\/wp\/v2\/types\/page"}],"author":[{"embeddable":true,"href":"https:\/\/leaderschool.pl\/srem\/wp-json\/wp\/v2\/users\/3"}],"replies":[{"embeddable":true,"href":"https:\/\/leaderschool.pl\/srem\/wp-json\/wp\/v2\/comments?post=2594"}],"version-history":[{"count":5,"href":"https:\/\/leaderschool.pl\/srem\/wp-json\/wp\/v2\/pages\/2594\/revisions"}],"predecessor-version":[{"id":2749,"href":"https:\/\/leaderschool.pl\/srem\/wp-json\/wp\/v2\/pages\/2594\/revisions\/2749"}],"wp:attachment":[{"href":"https:\/\/leaderschool.pl\/srem\/wp-json\/wp\/v2\/media?parent=2594"}],"curies":[{"name":"wp","href":"https:\/\/api.w.org\/{rel}","templated":true}]}}