{"id":1112,"date":"2022-06-17T15:21:09","date_gmt":"2022-06-17T13:21:09","guid":{"rendered":"http:\/\/leader-school.lan\/oddzial\/?page_id=1112"},"modified":"2024-07-04T11:23:01","modified_gmt":"2024-07-04T09:23:01","slug":"zapisy","status":"publish","type":"page","link":"https:\/\/leaderschool.pl\/srem\/zapisy\/","title":{"rendered":"Zapisy na zaj\u0119cia dla nowych klient\u00f3w"},"content":{"rendered":"","protected":false},"excerpt":{"rendered":"","protected":false},"author":1,"featured_media":0,"parent":0,"menu_order":0,"comment_status":"closed","ping_status":"closed","template":"page-templates\/join-class.php","meta":{"ngg_post_thumbnail":0},"acf":[],"yoast_head":"<!-- This site is optimized with the Yoast SEO plugin v18.9 - https:\/\/yoast.com\/wordpress\/plugins\/seo\/ -->\n<title>Zapisy na zaj\u0119cia dla nowych klient\u00f3w Szko\u0142a j\u0119zykowa w \u015aremie - Leader School<\/title>\n<meta name=\"description\" content=\"Chcesz zapisa\u0107 si\u0119 na zaj\u0119cia w naszej szkole j\u0119zykowej? Wejd\u017a i sprawd\u017a opcje zapis\u00f3w do Leader School \u015arem. Zapraszamy!\" \/>\n<meta name=\"robots\" content=\"noindex, follow\" \/>\n<meta property=\"og:locale\" content=\"pl_PL\" \/>\n<meta property=\"og:type\" content=\"article\" \/>\n<meta property=\"og:title\" content=\"Zapisy na zaj\u0119cia dla nowych klient\u00f3w Szko\u0142a j\u0119zykowa w \u015aremie - Leader School\" \/>\n<meta property=\"og:description\" content=\"Chcesz zapisa\u0107 si\u0119 na zaj\u0119cia w naszej szkole j\u0119zykowej? Wejd\u017a i sprawd\u017a opcje zapis\u00f3w do Leader School \u015arem. Zapraszamy!\" \/>\n<meta property=\"og:url\" content=\"https:\/\/leaderschool.pl\/srem\/zapisy\/\" \/>\n<meta property=\"og:site_name\" content=\"Szko\u0142a j\u0119zykowa w \u015aremie - Leader School\" \/>\n<meta property=\"article:modified_time\" content=\"2024-07-04T09:23:01+00:00\" \/>\n<meta name=\"twitter:card\" content=\"summary_large_image\" \/>\n<script type=\"application\/ld+json\" class=\"yoast-schema-graph\">{\"@context\":\"https:\/\/schema.org\",\"@graph\":[{\"@type\":\"WebSite\",\"@id\":\"https:\/\/leaderschool.pl\/srem\/#website\",\"url\":\"https:\/\/leaderschool.pl\/srem\/\",\"name\":\"Szko\u0142a j\u0119zykowa w \u015aremie - Leader School\",\"description\":\"\",\"potentialAction\":[{\"@type\":\"SearchAction\",\"target\":{\"@type\":\"EntryPoint\",\"urlTemplate\":\"https:\/\/leaderschool.pl\/srem\/?s={search_term_string}\"},\"query-input\":\"required name=search_term_string\"}],\"inLanguage\":\"pl-PL\"},{\"@type\":\"WebPage\",\"@id\":\"https:\/\/leaderschool.pl\/srem\/zapisy\/#webpage\",\"url\":\"https:\/\/leaderschool.pl\/srem\/zapisy\/\",\"name\":\"Zapisy na zaj\u0119cia dla nowych klient\u00f3w Szko\u0142a j\u0119zykowa w \u015aremie - Leader School\",\"isPartOf\":{\"@id\":\"https:\/\/leaderschool.pl\/srem\/#website\"},\"datePublished\":\"2022-06-17T13:21:09+00:00\",\"dateModified\":\"2024-07-04T09:23:01+00:00\",\"description\":\"Chcesz zapisa\u0107 si\u0119 na zaj\u0119cia w naszej szkole j\u0119zykowej? Wejd\u017a i sprawd\u017a opcje zapis\u00f3w do Leader School \u015arem. Zapraszamy!\",\"breadcrumb\":{\"@id\":\"https:\/\/leaderschool.pl\/srem\/zapisy\/#breadcrumb\"},\"inLanguage\":\"pl-PL\",\"potentialAction\":[{\"@type\":\"ReadAction\",\"target\":[\"https:\/\/leaderschool.pl\/srem\/zapisy\/\"]}]},{\"@type\":\"BreadcrumbList\",\"@id\":\"https:\/\/leaderschool.pl\/srem\/zapisy\/#breadcrumb\",\"itemListElement\":[{\"@type\":\"ListItem\",\"position\":1,\"name\":\"Home\",\"item\":\"https:\/\/leaderschool.pl\/srem\/\"},{\"@type\":\"ListItem\",\"position\":2,\"name\":\"Zapisy na zaj\u0119cia dla nowych klient\u00f3w\"}]}]}<\/script>\n<!-- \/ Yoast SEO plugin. -->","yoast_head_json":{"title":"Zapisy na zaj\u0119cia dla nowych klient\u00f3w Szko\u0142a j\u0119zykowa w \u015aremie - Leader School","description":"Chcesz zapisa\u0107 si\u0119 na zaj\u0119cia w naszej szkole j\u0119zykowej? Wejd\u017a i sprawd\u017a opcje zapis\u00f3w do Leader School \u015arem. Zapraszamy!","robots":{"index":"noindex","follow":"follow"},"og_locale":"pl_PL","og_type":"article","og_title":"Zapisy na zaj\u0119cia dla nowych klient\u00f3w Szko\u0142a j\u0119zykowa w \u015aremie - Leader School","og_description":"Chcesz zapisa\u0107 si\u0119 na zaj\u0119cia w naszej szkole j\u0119zykowej? Wejd\u017a i sprawd\u017a opcje zapis\u00f3w do Leader School \u015arem. Zapraszamy!","og_url":"https:\/\/leaderschool.pl\/srem\/zapisy\/","og_site_name":"Szko\u0142a j\u0119zykowa w \u015aremie - Leader School","article_modified_time":"2024-07-04T09:23:01+00:00","twitter_card":"summary_large_image","schema":{"@context":"https:\/\/schema.org","@graph":[{"@type":"WebSite","@id":"https:\/\/leaderschool.pl\/srem\/#website","url":"https:\/\/leaderschool.pl\/srem\/","name":"Szko\u0142a j\u0119zykowa w \u015aremie - Leader School","description":"","potentialAction":[{"@type":"SearchAction","target":{"@type":"EntryPoint","urlTemplate":"https:\/\/leaderschool.pl\/srem\/?s={search_term_string}"},"query-input":"required name=search_term_string"}],"inLanguage":"pl-PL"},{"@type":"WebPage","@id":"https:\/\/leaderschool.pl\/srem\/zapisy\/#webpage","url":"https:\/\/leaderschool.pl\/srem\/zapisy\/","name":"Zapisy na zaj\u0119cia dla nowych klient\u00f3w Szko\u0142a j\u0119zykowa w \u015aremie - Leader School","isPartOf":{"@id":"https:\/\/leaderschool.pl\/srem\/#website"},"datePublished":"2022-06-17T13:21:09+00:00","dateModified":"2024-07-04T09:23:01+00:00","description":"Chcesz zapisa\u0107 si\u0119 na zaj\u0119cia w naszej szkole j\u0119zykowej? Wejd\u017a i sprawd\u017a opcje zapis\u00f3w do Leader School \u015arem. Zapraszamy!","breadcrumb":{"@id":"https:\/\/leaderschool.pl\/srem\/zapisy\/#breadcrumb"},"inLanguage":"pl-PL","potentialAction":[{"@type":"ReadAction","target":["https:\/\/leaderschool.pl\/srem\/zapisy\/"]}]},{"@type":"BreadcrumbList","@id":"https:\/\/leaderschool.pl\/srem\/zapisy\/#breadcrumb","itemListElement":[{"@type":"ListItem","position":1,"name":"Home","item":"https:\/\/leaderschool.pl\/srem\/"},{"@type":"ListItem","position":2,"name":"Zapisy na zaj\u0119cia dla nowych klient\u00f3w"}]}]}},"_links":{"self":[{"href":"https:\/\/leaderschool.pl\/srem\/wp-json\/wp\/v2\/pages\/1112"}],"collection":[{"href":"https:\/\/leaderschool.pl\/srem\/wp-json\/wp\/v2\/pages"}],"about":[{"href":"https:\/\/leaderschool.pl\/srem\/wp-json\/wp\/v2\/types\/page"}],"author":[{"embeddable":true,"href":"https:\/\/leaderschool.pl\/srem\/wp-json\/wp\/v2\/users\/1"}],"replies":[{"embeddable":true,"href":"https:\/\/leaderschool.pl\/srem\/wp-json\/wp\/v2\/comments?post=1112"}],"version-history":[{"count":1,"href":"https:\/\/leaderschool.pl\/srem\/wp-json\/wp\/v2\/pages\/1112\/revisions"}],"predecessor-version":[{"id":1113,"href":"https:\/\/leaderschool.pl\/srem\/wp-json\/wp\/v2\/pages\/1112\/revisions\/1113"}],"wp:attachment":[{"href":"https:\/\/leaderschool.pl\/srem\/wp-json\/wp\/v2\/media?parent=1112"}],"curies":[{"name":"wp","href":"https:\/\/api.w.org\/{rel}","templated":true}]}}