{"id":610,"date":"2022-05-26T10:38:36","date_gmt":"2022-05-26T08:38:36","guid":{"rendered":"http:\/\/leader-school.lan\/oddzial\/?page_id=610"},"modified":"2022-07-24T18:35:11","modified_gmt":"2022-07-24T16:35:11","slug":"polityka-prywatnosci","status":"publish","type":"page","link":"https:\/\/leaderschool.pl\/slomniki\/polityka-prywatnosci\/","title":{"rendered":"Polityka prywatno\u015bci"},"content":{"rendered":"\n<p>Zgodnie z\u00a0obowi\u0105zuj\u0105cymi przepisami o\u00a0ochronie danych osobowych informujemy, i\u017c\u00a0administratorem danych osobowych jest 3K S\u0142awomir Sikora, Iwanowice W\u0142o\u015bcia\u0144skie 34, 32-095 Iwanowice W\u0142o\u015bcia\u0144skie REGON: 364730268, NIP: 9451114928. Celem przetwarzania danych osobowych jest zawarcie i\u00a0realizacja um\u00f3w zwi\u0105zanych z\u00a0dzia\u0142alno\u015bci\u0105 administratora oraz\u00a0\u2013 pod\u00a0warunkiem wyra\u017cenia odpowiednich zg\u00f3d \u2013 cel marketingowy lub informacyjny.<\/p>\n\n\n\n<p>Administrator Danych Osobowych przewiduje mo\u017cliwo\u015b\u0107 powierzenia przetwarzania danych osobowych uzyskanych w&nbsp;zwi\u0105zku z&nbsp;zawart\u0105 z&nbsp;administratorem umow\u0105 i&nbsp;w&nbsp;celu jej realizacji innym podmiotom realizuj\u0105cym na&nbsp;rzecz administratora us\u0142ugi zwi\u0105zane z&nbsp;nauk\u0105 j\u0119zyka (lektorzy) i\/lub rozliczeniami finansowymi (ksi\u0119gowo\u015b\u0107).<\/p>\n\n\n\n<p>Informujemy nadto, \u017ce&nbsp;wyra\u017cone zgody mog\u0105 zosta\u0107 cofni\u0119te w&nbsp;dowolnym momencie poprzez z\u0142o\u017cenie stosownego o\u015bwiadczenia w&nbsp;siedzibie administratora. Informujemy r\u00f3wnie\u017c, \u017ce&nbsp;Administrator podczas przetwarzania danych nie&nbsp;stosuje proces\u00f3w profilowania danych. Pa\u0144stwa dane nie&nbsp;b\u0119d\u0105 przekazywane poza EOG ani udost\u0119pniane organizacjom mi\u0119dzynarodowym. Na&nbsp;ka\u017cdym etapie przetwarzania Pa\u0144stwa danych przys\u0142uguje Pa\u0144stwu prawo do&nbsp;wgl\u0105du, modyfikacji oraz&nbsp;usuni\u0119cia Pa\u0144stwa danych a&nbsp;nadto prawo z\u0142o\u017cenia sprzeciwu organowi nadzorczemu.<\/p>\n","protected":false},"excerpt":{"rendered":"<p>Zgodnie z\u00a0obowi\u0105zuj\u0105cymi przepisami o\u00a0ochronie danych osobowych informujemy, i\u017c\u00a0administratorem danych osobowych jest 3K S\u0142awomir Sikora, Iwanowice W\u0142o\u015bcia\u0144skie 34, 32-095 Iwanowice W\u0142o\u015bcia\u0144skie REGON: 364730268, NIP: 9451114928. Celem przetwarzania danych osobowych jest zawarcie i\u00a0realizacja um\u00f3w zwi\u0105zanych z\u00a0dzia\u0142alno\u015bci\u0105 administratora oraz\u00a0\u2013 pod\u00a0warunkiem wyra\u017cenia odpowiednich zg\u00f3d \u2013 cel marketingowy lub informacyjny. Administrator Danych Osobowych przewiduje mo\u017cliwo\u015b\u0107 powierzenia przetwarzania danych osobowych uzyskanych [&hellip;]<\/p>\n","protected":false},"author":1,"featured_media":0,"parent":0,"menu_order":0,"comment_status":"closed","ping_status":"closed","template":"","meta":{"ngg_post_thumbnail":0},"acf":[],"yoast_head":"<!-- This site is optimized with the Yoast SEO plugin v18.9 - https:\/\/yoast.com\/wordpress\/plugins\/seo\/ -->\n<title>Polityka prywatno\u015bci w S\u0142omnikach, Zielonkach, Luborzycy i Iwanowicach W\u0142o\u015bcia\u0144skich - Leader School<\/title>\n<meta name=\"robots\" content=\"index, follow, max-snippet:-1, max-image-preview:large, max-video-preview:-1\" \/>\n<link rel=\"canonical\" href=\"https:\/\/leaderschool.pl\/slomniki\/polityka-prywatnosci\/\" \/>\n<meta property=\"og:locale\" content=\"pl_PL\" \/>\n<meta property=\"og:type\" content=\"article\" \/>\n<meta property=\"og:title\" content=\"Polityka prywatno\u015bci w S\u0142omnikach, Zielonkach, Luborzycy i Iwanowicach W\u0142o\u015bcia\u0144skich - Leader School\" \/>\n<meta property=\"og:description\" content=\"Zgodnie z\u00a0obowi\u0105zuj\u0105cymi przepisami o\u00a0ochronie danych osobowych informujemy, i\u017c\u00a0administratorem danych osobowych jest 3K S\u0142awomir Sikora, Iwanowice W\u0142o\u015bcia\u0144skie 34, 32-095 Iwanowice W\u0142o\u015bcia\u0144skie REGON: 364730268, NIP: 9451114928. Celem przetwarzania danych osobowych jest zawarcie i\u00a0realizacja um\u00f3w zwi\u0105zanych z\u00a0dzia\u0142alno\u015bci\u0105 administratora oraz\u00a0\u2013 pod\u00a0warunkiem wyra\u017cenia odpowiednich zg\u00f3d \u2013 cel marketingowy lub informacyjny. Administrator Danych Osobowych przewiduje mo\u017cliwo\u015b\u0107 powierzenia przetwarzania danych osobowych uzyskanych [&hellip;]\" \/>\n<meta property=\"og:url\" content=\"https:\/\/leaderschool.pl\/slomniki\/polityka-prywatnosci\/\" \/>\n<meta property=\"og:site_name\" content=\"w S\u0142omnikach, Zielonkach, Luborzycy i Iwanowicach W\u0142o\u015bcia\u0144skich - Leader School\" \/>\n<meta property=\"article:modified_time\" content=\"2022-07-24T16:35:11+00:00\" \/>\n<meta name=\"twitter:card\" content=\"summary_large_image\" \/>\n<meta name=\"twitter:label1\" content=\"Szacowany czas czytania\" \/>\n\t<meta name=\"twitter:data1\" content=\"1 minuta\" \/>\n<script type=\"application\/ld+json\" class=\"yoast-schema-graph\">{\"@context\":\"https:\/\/schema.org\",\"@graph\":[{\"@type\":\"WebSite\",\"@id\":\"https:\/\/leaderschool.pl\/slomniki\/#website\",\"url\":\"https:\/\/leaderschool.pl\/slomniki\/\",\"name\":\"w S\u0142omnikach, Zielonkach, Luborzycy i Iwanowicach W\u0142o\u015bcia\u0144skich - Leader School\",\"description\":\"\",\"potentialAction\":[{\"@type\":\"SearchAction\",\"target\":{\"@type\":\"EntryPoint\",\"urlTemplate\":\"https:\/\/leaderschool.pl\/slomniki\/?s={search_term_string}\"},\"query-input\":\"required name=search_term_string\"}],\"inLanguage\":\"pl-PL\"},{\"@type\":\"WebPage\",\"@id\":\"https:\/\/leaderschool.pl\/slomniki\/polityka-prywatnosci\/#webpage\",\"url\":\"https:\/\/leaderschool.pl\/slomniki\/polityka-prywatnosci\/\",\"name\":\"Polityka prywatno\u015bci w S\u0142omnikach, Zielonkach, Luborzycy i Iwanowicach W\u0142o\u015bcia\u0144skich - Leader School\",\"isPartOf\":{\"@id\":\"https:\/\/leaderschool.pl\/slomniki\/#website\"},\"datePublished\":\"2022-05-26T08:38:36+00:00\",\"dateModified\":\"2022-07-24T16:35:11+00:00\",\"breadcrumb\":{\"@id\":\"https:\/\/leaderschool.pl\/slomniki\/polityka-prywatnosci\/#breadcrumb\"},\"inLanguage\":\"pl-PL\",\"potentialAction\":[{\"@type\":\"ReadAction\",\"target\":[\"https:\/\/leaderschool.pl\/slomniki\/polityka-prywatnosci\/\"]}]},{\"@type\":\"BreadcrumbList\",\"@id\":\"https:\/\/leaderschool.pl\/slomniki\/polityka-prywatnosci\/#breadcrumb\",\"itemListElement\":[{\"@type\":\"ListItem\",\"position\":1,\"name\":\"Home\",\"item\":\"https:\/\/leaderschool.pl\/slomniki\/\"},{\"@type\":\"ListItem\",\"position\":2,\"name\":\"Polityka prywatno\u015bci\"}]}]}<\/script>\n<!-- \/ Yoast SEO plugin. -->","yoast_head_json":{"title":"Polityka prywatno\u015bci w S\u0142omnikach, Zielonkach, Luborzycy i Iwanowicach W\u0142o\u015bcia\u0144skich - Leader School","robots":{"index":"index","follow":"follow","max-snippet":"max-snippet:-1","max-image-preview":"max-image-preview:large","max-video-preview":"max-video-preview:-1"},"canonical":"https:\/\/leaderschool.pl\/slomniki\/polityka-prywatnosci\/","og_locale":"pl_PL","og_type":"article","og_title":"Polityka prywatno\u015bci w S\u0142omnikach, Zielonkach, Luborzycy i Iwanowicach W\u0142o\u015bcia\u0144skich - Leader School","og_description":"Zgodnie z\u00a0obowi\u0105zuj\u0105cymi przepisami o\u00a0ochronie danych osobowych informujemy, i\u017c\u00a0administratorem danych osobowych jest 3K S\u0142awomir Sikora, Iwanowice W\u0142o\u015bcia\u0144skie 34, 32-095 Iwanowice W\u0142o\u015bcia\u0144skie REGON: 364730268, NIP: 9451114928. Celem przetwarzania danych osobowych jest zawarcie i\u00a0realizacja um\u00f3w zwi\u0105zanych z\u00a0dzia\u0142alno\u015bci\u0105 administratora oraz\u00a0\u2013 pod\u00a0warunkiem wyra\u017cenia odpowiednich zg\u00f3d \u2013 cel marketingowy lub informacyjny. Administrator Danych Osobowych przewiduje mo\u017cliwo\u015b\u0107 powierzenia przetwarzania danych osobowych uzyskanych [&hellip;]","og_url":"https:\/\/leaderschool.pl\/slomniki\/polityka-prywatnosci\/","og_site_name":"w S\u0142omnikach, Zielonkach, Luborzycy i Iwanowicach W\u0142o\u015bcia\u0144skich - Leader School","article_modified_time":"2022-07-24T16:35:11+00:00","twitter_card":"summary_large_image","twitter_misc":{"Szacowany czas czytania":"1 minuta"},"schema":{"@context":"https:\/\/schema.org","@graph":[{"@type":"WebSite","@id":"https:\/\/leaderschool.pl\/slomniki\/#website","url":"https:\/\/leaderschool.pl\/slomniki\/","name":"w S\u0142omnikach, Zielonkach, Luborzycy i Iwanowicach W\u0142o\u015bcia\u0144skich - Leader School","description":"","potentialAction":[{"@type":"SearchAction","target":{"@type":"EntryPoint","urlTemplate":"https:\/\/leaderschool.pl\/slomniki\/?s={search_term_string}"},"query-input":"required name=search_term_string"}],"inLanguage":"pl-PL"},{"@type":"WebPage","@id":"https:\/\/leaderschool.pl\/slomniki\/polityka-prywatnosci\/#webpage","url":"https:\/\/leaderschool.pl\/slomniki\/polityka-prywatnosci\/","name":"Polityka prywatno\u015bci w S\u0142omnikach, Zielonkach, Luborzycy i Iwanowicach W\u0142o\u015bcia\u0144skich - Leader School","isPartOf":{"@id":"https:\/\/leaderschool.pl\/slomniki\/#website"},"datePublished":"2022-05-26T08:38:36+00:00","dateModified":"2022-07-24T16:35:11+00:00","breadcrumb":{"@id":"https:\/\/leaderschool.pl\/slomniki\/polityka-prywatnosci\/#breadcrumb"},"inLanguage":"pl-PL","potentialAction":[{"@type":"ReadAction","target":["https:\/\/leaderschool.pl\/slomniki\/polityka-prywatnosci\/"]}]},{"@type":"BreadcrumbList","@id":"https:\/\/leaderschool.pl\/slomniki\/polityka-prywatnosci\/#breadcrumb","itemListElement":[{"@type":"ListItem","position":1,"name":"Home","item":"https:\/\/leaderschool.pl\/slomniki\/"},{"@type":"ListItem","position":2,"name":"Polityka prywatno\u015bci"}]}]}},"_links":{"self":[{"href":"https:\/\/leaderschool.pl\/slomniki\/wp-json\/wp\/v2\/pages\/610"}],"collection":[{"href":"https:\/\/leaderschool.pl\/slomniki\/wp-json\/wp\/v2\/pages"}],"about":[{"href":"https:\/\/leaderschool.pl\/slomniki\/wp-json\/wp\/v2\/types\/page"}],"author":[{"embeddable":true,"href":"https:\/\/leaderschool.pl\/slomniki\/wp-json\/wp\/v2\/users\/1"}],"replies":[{"embeddable":true,"href":"https:\/\/leaderschool.pl\/slomniki\/wp-json\/wp\/v2\/comments?post=610"}],"version-history":[{"count":5,"href":"https:\/\/leaderschool.pl\/slomniki\/wp-json\/wp\/v2\/pages\/610\/revisions"}],"predecessor-version":[{"id":2588,"href":"https:\/\/leaderschool.pl\/slomniki\/wp-json\/wp\/v2\/pages\/610\/revisions\/2588"}],"wp:attachment":[{"href":"https:\/\/leaderschool.pl\/slomniki\/wp-json\/wp\/v2\/media?parent=610"}],"curies":[{"name":"wp","href":"https:\/\/api.w.org\/{rel}","templated":true}]}}