{"id":2613,"date":"2022-07-24T19:02:23","date_gmt":"2022-07-24T17:02:23","guid":{"rendered":"https:\/\/leaderschool.sellision.dev\/slomniki\/?page_id=2613"},"modified":"2022-08-01T13:01:12","modified_gmt":"2022-08-01T11:01:12","slug":"business-english","status":"publish","type":"page","link":"https:\/\/leaderschool.pl\/slomniki\/business-english\/","title":{"rendered":"Business English S\u0142omniki"},"content":{"rendered":"\n<p>Angielski jest podstawowym j\u0119zykiem \u015bwiatowego biznesu. Jego znajomo\u015b\u0107 potrafi przyda\u0107 si\u0119 w wielu sytuacjach \u2013 zw\u0142aszcza je\u015bli pracujemy w mi\u0119dzynarodowej firmie. Cz\u0119sto znajomo\u015b\u0107 angielskiego jest sprawdzana ju\u017c podczas rozm\u00f3w kwalifikacyjnych. Przydaje si\u0119 tak\u017ce podczas r\u00f3\u017cnego rodzaju spotka\u0144 oraz rozm\u00f3w z klientami z r\u00f3\u017cnych kraj\u00f3w \u015bwiata. Niezale\u017cnie od tego, czy pracujesz jako doradca klienta, sekretarka, marketingowiec, czy dyrektor sprzeda\u017cy \u2013 angielski na pewno Ci si\u0119 przyda.\u00a0<\/p>\n\n\n\n<h2>Nauka Business English w S\u0142omnikach<\/h2>\n\n\n\n<p>J\u0119zyk angielski u\u017cywany w biznesie nieco r\u00f3\u017cni si\u0119 od tego stosowanego potocznie. Pe\u0142no w nim fachowych termin\u00f3w i specyficznych zwrot\u00f3w, kt\u00f3rych rzadko u\u017cywa si\u0119 poza konferencjami i s\u0142u\u017cbowymi rozmowami. Tych s\u0142\u00f3w i zwrot\u00f3w nie nauczysz si\u0119 w trakcie nauki szkolnej, ale mo\u017cesz je pozna\u0107 w Leader School. Je\u015bli chcesz od\u015bwie\u017cy\u0107 i podnie\u015b\u0107 swoje umiej\u0119tno\u015bci, pomo\u017cemy Ci stan\u0105\u0107 na wysoko\u015bci zadania.<\/p>\n\n\n\n<h3>Dla kogo b\u0119dzie odpowiednia nauka Business English?<\/h3>\n\n\n\n<p>Business English w Leader School S\u0142omniki to praktyczny kurs j\u0119zykowy, kt\u00f3ry u\u0142atwi Ci prowadzenie interes\u00f3w z zagranicznymi kontrahentami. Dzi\u0119ki niemu nie tylko przypomnisz sobie jak prawid\u0142owo m\u00f3wi\u0107 i pisa\u0107 po angielsku, ale te\u017c u\u0142atwisz sobie wej\u015bcie do \u015bwiata mi\u0119dzynarodowego biznesu. Na kursie Business English S\u0142omnikinauczysz si\u0119 m.in. znaczenia angloj\u0119zycznych wyra\u017ce\u0144 u\u017cywanych przez wsp\u00f3\u0142czesne firmy, dowiesz si\u0119 co oznaczaj\u0105 nazwy stanowisk i dzia\u0142\u00f3w, a tak\u017ce poznasz terminologi\u0119 zwi\u0105zan\u0105 z produkcj\u0105, kontrol\u0105 jako\u015bci i bezpiecze\u0144stwem pracy. To wszystko, i znacznie wi\u0119cej, u\u0142atwi Ci wsp\u00f3\u0142prac\u0119 zar\u00f3wno z zagranicznymi, jak i polskimi korporacjami. Przypomnimy Ci tak\u017ce zasady poprawnego pisania e-maili, raport\u00f3w, list\u00f3w motywacyjnych i innych dokument\u00f3w zwi\u0105zanych z biznesem.<\/p>\n\n\n\n<h3>Praktyczny angielski biznesowy w S\u0142omnikach<\/h3>\n\n\n\n<p>Business English to profesjonalna komunikacja w j\u0119zyku angielskim \u2013 zar\u00f3wno m\u00f3wionym, jak i pisanym. Je\u015bli chcesz by\u0107 postrzegany jako profesjonalista i swobodnie pos\u0142ugiwa\u0107 si\u0119 j\u0119zykiem obcym, pomo\u017cemy Ci! Dzi\u0119ki naszemu kursowi zyskasz bezcenn\u0105 w biznesie pewno\u015b\u0107 siebie i poprawisz jako\u015b\u0107 swojej komunikacji z klientami i zleceniodawcami z ca\u0142ego \u015bwiata. Przy okazji przypomnisz sobie i utrwalisz zasady gramatyki, dzi\u0119ki czemu unikniesz nieporozumie\u0144 podczas rozm\u00f3w i korespondencji.<\/p>\n\n\n\n<h3>Odpowiednie metody nauczania Business English<\/h3>\n\n\n\n<p>Kurs Business English w S\u0142omnikach jest przeznaczony zar\u00f3wno dla os\u00f3b, kt\u00f3re biegle znaj\u0105 angielski, jak i tych, kt\u00f3re znaj\u0105 zaledwie podstawy. Pomo\u017cemy Ci wybra\u0107 poziom zaj\u0119\u0107 dostosowany do Twoich umiej\u0119tno\u015bci. Nasze metody nauczania pozwol\u0105 Ci bardzo szybko wykorzysta\u0107 now\u0105 wiedz\u0119 w praktyce. Dzi\u0119ki intensywnej nauce w towarzystwie do\u015bwiadczonego lektora prze\u0142amiesz swoj\u0105 nie\u015bmia\u0142o\u015b\u0107, poprawisz swoj\u0105 wymow\u0119 i nauczysz si\u0119 wszystkiego, co powiniene\u015b wiedzie\u0107 o j\u0119zyku wsp\u00f3\u0142czesnego biznesu.<\/p>\n\n\n\n<p>Dzi\u0119ki kursowi j\u0119zyka angielskiego dla biznesu szybko przeniesiesz swoj\u0105 karier\u0119 na nowy poziom lub zdob\u0119dziesz lepiej p\u0142atne stanowisko. Kurs Business English w szkole j\u0119zyk\u00f3w obcych Leader School S\u0142omniki to nie tylko inwestycja w lepsz\u0105 przysz\u0142o\u015b\u0107, ale te\u017c ogromna satysfakcja dla tych os\u00f3b, kt\u00f3re ceni\u0105 sobie rozw\u00f3j osobisty. Zapisz si\u0119 na bezp\u0142atne zaj\u0119cia pokazowe, aby pozna\u0107 nasze metody i program zaj\u0119\u0107.<\/p>\n","protected":false},"excerpt":{"rendered":"<p>Angielski jest podstawowym j\u0119zykiem \u015bwiatowego biznesu. Jego znajomo\u015b\u0107 potrafi przyda\u0107 si\u0119 w wielu sytuacjach \u2013 zw\u0142aszcza je\u015bli pracujemy w mi\u0119dzynarodowej firmie. Cz\u0119sto znajomo\u015b\u0107 angielskiego jest sprawdzana ju\u017c podczas rozm\u00f3w kwalifikacyjnych. Przydaje si\u0119 tak\u017ce podczas r\u00f3\u017cnego rodzaju spotka\u0144 oraz rozm\u00f3w z klientami z r\u00f3\u017cnych kraj\u00f3w \u015bwiata. Niezale\u017cnie od tego, czy pracujesz jako doradca klienta, sekretarka, marketingowiec, [&hellip;]<\/p>\n","protected":false},"author":3,"featured_media":0,"parent":0,"menu_order":0,"comment_status":"closed","ping_status":"closed","template":"","meta":{"ngg_post_thumbnail":0},"acf":[],"yoast_head":"<!-- This site is optimized with the Yoast SEO plugin v18.9 - https:\/\/yoast.com\/wordpress\/plugins\/seo\/ -->\n<title>Business English S\u0142omniki w S\u0142omnikach, Zielonkach, Luborzycy i Iwanowicach W\u0142o\u015bcia\u0144skich - Leader School<\/title>\n<meta name=\"robots\" content=\"index, follow, max-snippet:-1, max-image-preview:large, max-video-preview:-1\" \/>\n<link rel=\"canonical\" href=\"https:\/\/leaderschool.pl\/slomniki\/business-english\/\" \/>\n<meta property=\"og:locale\" content=\"pl_PL\" \/>\n<meta property=\"og:type\" content=\"article\" \/>\n<meta property=\"og:title\" content=\"Business English S\u0142omniki w S\u0142omnikach, Zielonkach, Luborzycy i Iwanowicach W\u0142o\u015bcia\u0144skich - Leader School\" \/>\n<meta property=\"og:description\" content=\"Angielski jest podstawowym j\u0119zykiem \u015bwiatowego biznesu. Jego znajomo\u015b\u0107 potrafi przyda\u0107 si\u0119 w wielu sytuacjach \u2013 zw\u0142aszcza je\u015bli pracujemy w mi\u0119dzynarodowej firmie. Cz\u0119sto znajomo\u015b\u0107 angielskiego jest sprawdzana ju\u017c podczas rozm\u00f3w kwalifikacyjnych. Przydaje si\u0119 tak\u017ce podczas r\u00f3\u017cnego rodzaju spotka\u0144 oraz rozm\u00f3w z klientami z r\u00f3\u017cnych kraj\u00f3w \u015bwiata. Niezale\u017cnie od tego, czy pracujesz jako doradca klienta, sekretarka, marketingowiec, [&hellip;]\" \/>\n<meta property=\"og:url\" content=\"https:\/\/leaderschool.pl\/slomniki\/business-english\/\" \/>\n<meta property=\"og:site_name\" content=\"w S\u0142omnikach, Zielonkach, Luborzycy i Iwanowicach W\u0142o\u015bcia\u0144skich - Leader School\" \/>\n<meta property=\"article:modified_time\" content=\"2022-08-01T11:01:12+00:00\" \/>\n<meta name=\"twitter:card\" content=\"summary_large_image\" \/>\n<meta name=\"twitter:label1\" content=\"Szacowany czas czytania\" \/>\n\t<meta name=\"twitter:data1\" content=\"3 minuty\" \/>\n<script type=\"application\/ld+json\" class=\"yoast-schema-graph\">{\"@context\":\"https:\/\/schema.org\",\"@graph\":[{\"@type\":\"WebSite\",\"@id\":\"https:\/\/leaderschool.pl\/slomniki\/#website\",\"url\":\"https:\/\/leaderschool.pl\/slomniki\/\",\"name\":\"w S\u0142omnikach, Zielonkach, Luborzycy i Iwanowicach W\u0142o\u015bcia\u0144skich - Leader School\",\"description\":\"\",\"potentialAction\":[{\"@type\":\"SearchAction\",\"target\":{\"@type\":\"EntryPoint\",\"urlTemplate\":\"https:\/\/leaderschool.pl\/slomniki\/?s={search_term_string}\"},\"query-input\":\"required name=search_term_string\"}],\"inLanguage\":\"pl-PL\"},{\"@type\":\"WebPage\",\"@id\":\"https:\/\/leaderschool.pl\/slomniki\/business-english\/#webpage\",\"url\":\"https:\/\/leaderschool.pl\/slomniki\/business-english\/\",\"name\":\"Business English S\u0142omniki w S\u0142omnikach, Zielonkach, Luborzycy i Iwanowicach W\u0142o\u015bcia\u0144skich - Leader School\",\"isPartOf\":{\"@id\":\"https:\/\/leaderschool.pl\/slomniki\/#website\"},\"datePublished\":\"2022-07-24T17:02:23+00:00\",\"dateModified\":\"2022-08-01T11:01:12+00:00\",\"breadcrumb\":{\"@id\":\"https:\/\/leaderschool.pl\/slomniki\/business-english\/#breadcrumb\"},\"inLanguage\":\"pl-PL\",\"potentialAction\":[{\"@type\":\"ReadAction\",\"target\":[\"https:\/\/leaderschool.pl\/slomniki\/business-english\/\"]}]},{\"@type\":\"BreadcrumbList\",\"@id\":\"https:\/\/leaderschool.pl\/slomniki\/business-english\/#breadcrumb\",\"itemListElement\":[{\"@type\":\"ListItem\",\"position\":1,\"name\":\"Home\",\"item\":\"https:\/\/leaderschool.pl\/slomniki\/\"},{\"@type\":\"ListItem\",\"position\":2,\"name\":\"Business English S\u0142omniki\"}]}]}<\/script>\n<!-- \/ Yoast SEO plugin. -->","yoast_head_json":{"title":"Business English S\u0142omniki w S\u0142omnikach, Zielonkach, Luborzycy i Iwanowicach W\u0142o\u015bcia\u0144skich - Leader School","robots":{"index":"index","follow":"follow","max-snippet":"max-snippet:-1","max-image-preview":"max-image-preview:large","max-video-preview":"max-video-preview:-1"},"canonical":"https:\/\/leaderschool.pl\/slomniki\/business-english\/","og_locale":"pl_PL","og_type":"article","og_title":"Business English S\u0142omniki w S\u0142omnikach, Zielonkach, Luborzycy i Iwanowicach W\u0142o\u015bcia\u0144skich - Leader School","og_description":"Angielski jest podstawowym j\u0119zykiem \u015bwiatowego biznesu. Jego znajomo\u015b\u0107 potrafi przyda\u0107 si\u0119 w wielu sytuacjach \u2013 zw\u0142aszcza je\u015bli pracujemy w mi\u0119dzynarodowej firmie. Cz\u0119sto znajomo\u015b\u0107 angielskiego jest sprawdzana ju\u017c podczas rozm\u00f3w kwalifikacyjnych. Przydaje si\u0119 tak\u017ce podczas r\u00f3\u017cnego rodzaju spotka\u0144 oraz rozm\u00f3w z klientami z r\u00f3\u017cnych kraj\u00f3w \u015bwiata. Niezale\u017cnie od tego, czy pracujesz jako doradca klienta, sekretarka, marketingowiec, [&hellip;]","og_url":"https:\/\/leaderschool.pl\/slomniki\/business-english\/","og_site_name":"w S\u0142omnikach, Zielonkach, Luborzycy i Iwanowicach W\u0142o\u015bcia\u0144skich - Leader School","article_modified_time":"2022-08-01T11:01:12+00:00","twitter_card":"summary_large_image","twitter_misc":{"Szacowany czas czytania":"3 minuty"},"schema":{"@context":"https:\/\/schema.org","@graph":[{"@type":"WebSite","@id":"https:\/\/leaderschool.pl\/slomniki\/#website","url":"https:\/\/leaderschool.pl\/slomniki\/","name":"w S\u0142omnikach, Zielonkach, Luborzycy i Iwanowicach W\u0142o\u015bcia\u0144skich - Leader School","description":"","potentialAction":[{"@type":"SearchAction","target":{"@type":"EntryPoint","urlTemplate":"https:\/\/leaderschool.pl\/slomniki\/?s={search_term_string}"},"query-input":"required name=search_term_string"}],"inLanguage":"pl-PL"},{"@type":"WebPage","@id":"https:\/\/leaderschool.pl\/slomniki\/business-english\/#webpage","url":"https:\/\/leaderschool.pl\/slomniki\/business-english\/","name":"Business English S\u0142omniki w S\u0142omnikach, Zielonkach, Luborzycy i Iwanowicach W\u0142o\u015bcia\u0144skich - Leader School","isPartOf":{"@id":"https:\/\/leaderschool.pl\/slomniki\/#website"},"datePublished":"2022-07-24T17:02:23+00:00","dateModified":"2022-08-01T11:01:12+00:00","breadcrumb":{"@id":"https:\/\/leaderschool.pl\/slomniki\/business-english\/#breadcrumb"},"inLanguage":"pl-PL","potentialAction":[{"@type":"ReadAction","target":["https:\/\/leaderschool.pl\/slomniki\/business-english\/"]}]},{"@type":"BreadcrumbList","@id":"https:\/\/leaderschool.pl\/slomniki\/business-english\/#breadcrumb","itemListElement":[{"@type":"ListItem","position":1,"name":"Home","item":"https:\/\/leaderschool.pl\/slomniki\/"},{"@type":"ListItem","position":2,"name":"Business English S\u0142omniki"}]}]}},"_links":{"self":[{"href":"https:\/\/leaderschool.pl\/slomniki\/wp-json\/wp\/v2\/pages\/2613"}],"collection":[{"href":"https:\/\/leaderschool.pl\/slomniki\/wp-json\/wp\/v2\/pages"}],"about":[{"href":"https:\/\/leaderschool.pl\/slomniki\/wp-json\/wp\/v2\/types\/page"}],"author":[{"embeddable":true,"href":"https:\/\/leaderschool.pl\/slomniki\/wp-json\/wp\/v2\/users\/3"}],"replies":[{"embeddable":true,"href":"https:\/\/leaderschool.pl\/slomniki\/wp-json\/wp\/v2\/comments?post=2613"}],"version-history":[{"count":3,"href":"https:\/\/leaderschool.pl\/slomniki\/wp-json\/wp\/v2\/pages\/2613\/revisions"}],"predecessor-version":[{"id":2656,"href":"https:\/\/leaderschool.pl\/slomniki\/wp-json\/wp\/v2\/pages\/2613\/revisions\/2656"}],"wp:attachment":[{"href":"https:\/\/leaderschool.pl\/slomniki\/wp-json\/wp\/v2\/media?parent=2613"}],"curies":[{"name":"wp","href":"https:\/\/api.w.org\/{rel}","templated":true}]}}