{"id":2611,"date":"2022-07-24T19:01:42","date_gmt":"2022-07-24T17:01:42","guid":{"rendered":"https:\/\/leaderschool.sellision.dev\/slomniki\/?page_id=2611"},"modified":"2022-08-01T13:06:36","modified_gmt":"2022-08-01T11:06:36","slug":"kursy-jezykowe-online","status":"publish","type":"page","link":"https:\/\/leaderschool.pl\/slomniki\/kursy-jezykowe-online\/","title":{"rendered":"Kursy j\u0119zykowe online w S\u0142omnikach"},"content":{"rendered":"\n<p>W codziennym \u017cyciu doros\u0142ych ludzi cz\u0119sto brakuje czasu na rozwijanie swoich pasji i zdobywanie nowych umiej\u0119tno\u015bci. Wiele os\u00f3b \u017cyje w po\u015bpiechu i nie mo\u017ce sobie pozwoli\u0107 na nauk\u0119 j\u0119zyk\u00f3w obcych, kt\u00f3re s\u0105 przecie\u017c bardzo potrzebne zar\u00f3wno w pracy, jak i w \u017cyciu. Czasem brak znajomo\u015bci j\u0119zyka jest ogromn\u0105 przeszkod\u0105 w znalezieniu lepiej p\u0142atnej pracy lub po prostu w codziennym funkcjonowaniu.\u00a0<\/p>\n\n\n\n<h2>Optymalne metody nauki j\u0119zyk\u00f3w online<\/h2>\n\n\n\n<p>Je\u015bli chcesz nauczy\u0107 si\u0119 j\u0119zyka obcego, ale nie mo\u017cesz po\u015bwi\u0119ci\u0107 na to zbyt du\u017co czasu, proponujemy Ci komfortow\u0105 nauk\u0119 zdaln\u0105. G\u0142\u00f3wn\u0105 cz\u0119\u015b\u0107 kurs\u00f3w j\u0119zykowych online stanowi\u0105 wideokonferencje z naszymi lektorami. Podczas kursu mo\u017cesz przygotowa\u0107 si\u0119 do egzaminu, nauczy\u0107 si\u0119 j\u0119zyka od podstaw lub podnie\u015b\u0107 swoje umiej\u0119tno\u015bci. W zale\u017cno\u015bci od Twoich potrzeb zaj\u0119cia mog\u0105 skupia\u0107 si\u0119 na j\u0119zyku m\u00f3wionym lub pisanym. Niezale\u017cnie od Twoich priorytet\u00f3w dostarczymy Ci niezb\u0119dne materia\u0142y dydaktyczne, w tym dost\u0119p do naszej platformy e-learningowej.\u00a0<\/p>\n\n\n\n<h3>Jak przebiegaj\u0105 zaj\u0119cia w S\u0142omnikach?<\/h3>\n\n\n\n<p>Zaj\u0119cia online organizowane s\u0105 indywidualnie lub w niewielkich grupach. Wszelkie materia\u0142y potrzebne do nauki podczas zaj\u0119\u0107 i poza nimi zostan\u0105 Ci udost\u0119pnione przez lektora. Aby skutecznie nauczy\u0107 si\u0119 j\u0119zyka obcego, trzeba nie tylko s\u0142ucha\u0107, ale r\u00f3wnie\u017c \u0107wiczy\u0107 i rozmawia\u0107. Obustronna komunikacja pomi\u0119dzy lektorem a kursantami jest konieczna, aby kursanci mogli bra\u0107 czynny udzia\u0142 w zaj\u0119ciach i ju\u017c od pierwszej lekcji trenowali pos\u0142ugiwanie si\u0119 j\u0119zykiem obcym. Lektor b\u0119dzie dobrze s\u0142yszalny i widzialny \u2013 to bardzo wa\u017cne, poniewa\u017c zaj\u0119cia odbywaj\u0105 si\u0119 w ca\u0142o\u015bci w nauczanym j\u0119zyku. Specjalnie opracowany system gestykulacji lektora sprawi, \u017ce nie b\u0119dziesz mie\u0107 problem\u00f3w ze zrozumieniem tre\u015bci oraz polece\u0144. Dzi\u0119ki temu w kr\u00f3tkim czasie os\u0142uchasz si\u0119 z nowym j\u0119zykiem i \u0142atwiej b\u0119dzie Ci rozumie\u0107 go w sytuacjach \u017cycia codziennego.&nbsp;<\/p>\n\n\n\n<p>Jednocze\u015bnie zadbamy o to, by ka\u017cde zaj\u0119cia by\u0142y interesuj\u0105ce tematycznie oraz dobrze zaplanowane. Panuj\u0105ca na nich atmosfera jest zawsze przyjemna i zach\u0119caj\u0105ca do wsp\u00f3\u0142pracy. Nauka nie musi i nie powinna by\u0107 stresuj\u0105ca! Dzi\u0119ki swobodnej i interesuj\u0105cej formule zaj\u0119\u0107 szybciej prze\u0142amiesz barier\u0119 j\u0119zykow\u0105 i nauczysz si\u0119 komunikowa\u0107 w j\u0119zyku obcym.<\/p>\n\n\n\n<h3>Rodzaje lekcji j\u0119zyka obcego online<\/h3>\n\n\n\n<p>Poziom zaj\u0119\u0107 oraz ich intensywno\u015b\u0107 s\u0105 dopasowane do umiej\u0119tno\u015bci i mo\u017cliwo\u015bci czasowych kursant\u00f3w. Dzi\u0119ki nauce za po\u015brednictwem internetu oszcz\u0119dzasz czas potrzebny na dojazdy i mo\u017cesz uczestniczy\u0107 w kursie z dowolnego miejsca na \u015bwiecie. Wystarczy Ci komputer z dost\u0119pem do internetu i kamer\u0105.&nbsp;<\/p>\n\n\n\n<p>Przed przyst\u0105pieniem do kursu online pomo\u017cemy Ci skonfigurowa\u0107 Tw\u00f3j komputer, kamer\u0119, mikrofon i s\u0142uchawki oraz zaprezentujemy dzia\u0142anie naszej platformy do zaj\u0119\u0107 online. Dzi\u0119ki temu unikniesz problem\u00f3w technicznych i b\u0119dziesz w stanie skupi\u0107 si\u0119 na bezproblemowej nauce.&nbsp;<\/p>\n\n\n\n<p>Nasz kurs online, podobnie jak kursy stacjonarne, ko\u0144czy si\u0119 otrzymaniem certyfikatu Leader School S\u0142ominki. To niezwykle skuteczny i pe\u0142nowarto\u015bciowy spos\u00f3b nauki bez konieczno\u015bci wychodzenia z domu. Minimalnym nak\u0142adem czasu zdob\u0119dziesz wyj\u0105tkowo cenne umiej\u0119tno\u015bci, kt\u00f3re przydadz\u0105 si\u0119 w pracy, podczas wyjazd\u00f3w wakacyjnych i w codziennym \u017cyciu.<\/p>\n","protected":false},"excerpt":{"rendered":"<p>W codziennym \u017cyciu doros\u0142ych ludzi cz\u0119sto brakuje czasu na rozwijanie swoich pasji i zdobywanie nowych umiej\u0119tno\u015bci. Wiele os\u00f3b \u017cyje w po\u015bpiechu i nie mo\u017ce sobie pozwoli\u0107 na nauk\u0119 j\u0119zyk\u00f3w obcych, kt\u00f3re s\u0105 przecie\u017c bardzo potrzebne zar\u00f3wno w pracy, jak i w \u017cyciu. Czasem brak znajomo\u015bci j\u0119zyka jest ogromn\u0105 przeszkod\u0105 w znalezieniu lepiej p\u0142atnej pracy lub [&hellip;]<\/p>\n","protected":false},"author":3,"featured_media":0,"parent":0,"menu_order":0,"comment_status":"closed","ping_status":"closed","template":"","meta":{"ngg_post_thumbnail":0},"acf":[],"yoast_head":"<!-- This site is optimized with the Yoast SEO plugin v18.9 - https:\/\/yoast.com\/wordpress\/plugins\/seo\/ -->\n<title>Kursy j\u0119zykowe online w S\u0142omnikach w S\u0142omnikach, Zielonkach, Luborzycy i Iwanowicach W\u0142o\u015bcia\u0144skich - Leader School<\/title>\n<meta name=\"robots\" content=\"index, follow, max-snippet:-1, max-image-preview:large, max-video-preview:-1\" \/>\n<link rel=\"canonical\" href=\"https:\/\/leaderschool.pl\/slomniki\/kursy-jezykowe-online\/\" \/>\n<meta property=\"og:locale\" content=\"pl_PL\" \/>\n<meta property=\"og:type\" content=\"article\" \/>\n<meta property=\"og:title\" content=\"Kursy j\u0119zykowe online w S\u0142omnikach w S\u0142omnikach, Zielonkach, Luborzycy i Iwanowicach W\u0142o\u015bcia\u0144skich - Leader School\" \/>\n<meta property=\"og:description\" content=\"W codziennym \u017cyciu doros\u0142ych ludzi cz\u0119sto brakuje czasu na rozwijanie swoich pasji i zdobywanie nowych umiej\u0119tno\u015bci. Wiele os\u00f3b \u017cyje w po\u015bpiechu i nie mo\u017ce sobie pozwoli\u0107 na nauk\u0119 j\u0119zyk\u00f3w obcych, kt\u00f3re s\u0105 przecie\u017c bardzo potrzebne zar\u00f3wno w pracy, jak i w \u017cyciu. Czasem brak znajomo\u015bci j\u0119zyka jest ogromn\u0105 przeszkod\u0105 w znalezieniu lepiej p\u0142atnej pracy lub [&hellip;]\" \/>\n<meta property=\"og:url\" content=\"https:\/\/leaderschool.pl\/slomniki\/kursy-jezykowe-online\/\" \/>\n<meta property=\"og:site_name\" content=\"w S\u0142omnikach, Zielonkach, Luborzycy i Iwanowicach W\u0142o\u015bcia\u0144skich - Leader School\" \/>\n<meta property=\"article:modified_time\" content=\"2022-08-01T11:06:36+00:00\" \/>\n<meta name=\"twitter:card\" content=\"summary_large_image\" \/>\n<meta name=\"twitter:label1\" content=\"Szacowany czas czytania\" \/>\n\t<meta name=\"twitter:data1\" content=\"3 minuty\" \/>\n<script type=\"application\/ld+json\" class=\"yoast-schema-graph\">{\"@context\":\"https:\/\/schema.org\",\"@graph\":[{\"@type\":\"WebSite\",\"@id\":\"https:\/\/leaderschool.pl\/slomniki\/#website\",\"url\":\"https:\/\/leaderschool.pl\/slomniki\/\",\"name\":\"w S\u0142omnikach, Zielonkach, Luborzycy i Iwanowicach W\u0142o\u015bcia\u0144skich - Leader School\",\"description\":\"\",\"potentialAction\":[{\"@type\":\"SearchAction\",\"target\":{\"@type\":\"EntryPoint\",\"urlTemplate\":\"https:\/\/leaderschool.pl\/slomniki\/?s={search_term_string}\"},\"query-input\":\"required name=search_term_string\"}],\"inLanguage\":\"pl-PL\"},{\"@type\":\"WebPage\",\"@id\":\"https:\/\/leaderschool.pl\/slomniki\/kursy-jezykowe-online\/#webpage\",\"url\":\"https:\/\/leaderschool.pl\/slomniki\/kursy-jezykowe-online\/\",\"name\":\"Kursy j\u0119zykowe online w S\u0142omnikach w S\u0142omnikach, Zielonkach, Luborzycy i Iwanowicach W\u0142o\u015bcia\u0144skich - Leader School\",\"isPartOf\":{\"@id\":\"https:\/\/leaderschool.pl\/slomniki\/#website\"},\"datePublished\":\"2022-07-24T17:01:42+00:00\",\"dateModified\":\"2022-08-01T11:06:36+00:00\",\"breadcrumb\":{\"@id\":\"https:\/\/leaderschool.pl\/slomniki\/kursy-jezykowe-online\/#breadcrumb\"},\"inLanguage\":\"pl-PL\",\"potentialAction\":[{\"@type\":\"ReadAction\",\"target\":[\"https:\/\/leaderschool.pl\/slomniki\/kursy-jezykowe-online\/\"]}]},{\"@type\":\"BreadcrumbList\",\"@id\":\"https:\/\/leaderschool.pl\/slomniki\/kursy-jezykowe-online\/#breadcrumb\",\"itemListElement\":[{\"@type\":\"ListItem\",\"position\":1,\"name\":\"Home\",\"item\":\"https:\/\/leaderschool.pl\/slomniki\/\"},{\"@type\":\"ListItem\",\"position\":2,\"name\":\"Kursy j\u0119zykowe online w&nbsp;S\u0142omnikach\"}]}]}<\/script>\n<!-- \/ Yoast SEO plugin. -->","yoast_head_json":{"title":"Kursy j\u0119zykowe online w S\u0142omnikach w S\u0142omnikach, Zielonkach, Luborzycy i Iwanowicach W\u0142o\u015bcia\u0144skich - Leader School","robots":{"index":"index","follow":"follow","max-snippet":"max-snippet:-1","max-image-preview":"max-image-preview:large","max-video-preview":"max-video-preview:-1"},"canonical":"https:\/\/leaderschool.pl\/slomniki\/kursy-jezykowe-online\/","og_locale":"pl_PL","og_type":"article","og_title":"Kursy j\u0119zykowe online w S\u0142omnikach w S\u0142omnikach, Zielonkach, Luborzycy i Iwanowicach W\u0142o\u015bcia\u0144skich - Leader School","og_description":"W codziennym \u017cyciu doros\u0142ych ludzi cz\u0119sto brakuje czasu na rozwijanie swoich pasji i zdobywanie nowych umiej\u0119tno\u015bci. Wiele os\u00f3b \u017cyje w po\u015bpiechu i nie mo\u017ce sobie pozwoli\u0107 na nauk\u0119 j\u0119zyk\u00f3w obcych, kt\u00f3re s\u0105 przecie\u017c bardzo potrzebne zar\u00f3wno w pracy, jak i w \u017cyciu. Czasem brak znajomo\u015bci j\u0119zyka jest ogromn\u0105 przeszkod\u0105 w znalezieniu lepiej p\u0142atnej pracy lub [&hellip;]","og_url":"https:\/\/leaderschool.pl\/slomniki\/kursy-jezykowe-online\/","og_site_name":"w S\u0142omnikach, Zielonkach, Luborzycy i Iwanowicach W\u0142o\u015bcia\u0144skich - Leader School","article_modified_time":"2022-08-01T11:06:36+00:00","twitter_card":"summary_large_image","twitter_misc":{"Szacowany czas czytania":"3 minuty"},"schema":{"@context":"https:\/\/schema.org","@graph":[{"@type":"WebSite","@id":"https:\/\/leaderschool.pl\/slomniki\/#website","url":"https:\/\/leaderschool.pl\/slomniki\/","name":"w S\u0142omnikach, Zielonkach, Luborzycy i Iwanowicach W\u0142o\u015bcia\u0144skich - Leader School","description":"","potentialAction":[{"@type":"SearchAction","target":{"@type":"EntryPoint","urlTemplate":"https:\/\/leaderschool.pl\/slomniki\/?s={search_term_string}"},"query-input":"required name=search_term_string"}],"inLanguage":"pl-PL"},{"@type":"WebPage","@id":"https:\/\/leaderschool.pl\/slomniki\/kursy-jezykowe-online\/#webpage","url":"https:\/\/leaderschool.pl\/slomniki\/kursy-jezykowe-online\/","name":"Kursy j\u0119zykowe online w S\u0142omnikach w S\u0142omnikach, Zielonkach, Luborzycy i Iwanowicach W\u0142o\u015bcia\u0144skich - Leader School","isPartOf":{"@id":"https:\/\/leaderschool.pl\/slomniki\/#website"},"datePublished":"2022-07-24T17:01:42+00:00","dateModified":"2022-08-01T11:06:36+00:00","breadcrumb":{"@id":"https:\/\/leaderschool.pl\/slomniki\/kursy-jezykowe-online\/#breadcrumb"},"inLanguage":"pl-PL","potentialAction":[{"@type":"ReadAction","target":["https:\/\/leaderschool.pl\/slomniki\/kursy-jezykowe-online\/"]}]},{"@type":"BreadcrumbList","@id":"https:\/\/leaderschool.pl\/slomniki\/kursy-jezykowe-online\/#breadcrumb","itemListElement":[{"@type":"ListItem","position":1,"name":"Home","item":"https:\/\/leaderschool.pl\/slomniki\/"},{"@type":"ListItem","position":2,"name":"Kursy j\u0119zykowe online w&nbsp;S\u0142omnikach"}]}]}},"_links":{"self":[{"href":"https:\/\/leaderschool.pl\/slomniki\/wp-json\/wp\/v2\/pages\/2611"}],"collection":[{"href":"https:\/\/leaderschool.pl\/slomniki\/wp-json\/wp\/v2\/pages"}],"about":[{"href":"https:\/\/leaderschool.pl\/slomniki\/wp-json\/wp\/v2\/types\/page"}],"author":[{"embeddable":true,"href":"https:\/\/leaderschool.pl\/slomniki\/wp-json\/wp\/v2\/users\/3"}],"replies":[{"embeddable":true,"href":"https:\/\/leaderschool.pl\/slomniki\/wp-json\/wp\/v2\/comments?post=2611"}],"version-history":[{"count":3,"href":"https:\/\/leaderschool.pl\/slomniki\/wp-json\/wp\/v2\/pages\/2611\/revisions"}],"predecessor-version":[{"id":2658,"href":"https:\/\/leaderschool.pl\/slomniki\/wp-json\/wp\/v2\/pages\/2611\/revisions\/2658"}],"wp:attachment":[{"href":"https:\/\/leaderschool.pl\/slomniki\/wp-json\/wp\/v2\/media?parent=2611"}],"curies":[{"name":"wp","href":"https:\/\/api.w.org\/{rel}","templated":true}]}}