{"id":2609,"date":"2022-07-24T19:01:01","date_gmt":"2022-07-24T17:01:01","guid":{"rendered":"https:\/\/leaderschool.sellision.dev\/slomniki\/?page_id=2609"},"modified":"2024-03-22T00:48:54","modified_gmt":"2024-03-21T23:48:54","slug":"kursy-jezykowe-z-dofinansowaniem","status":"publish","type":"page","link":"https:\/\/leaderschool.pl\/slomniki\/kursy-jezykowe-z-dofinansowaniem\/","title":{"rendered":"Zaj\u0119cia z angielskiego z dofinansowaniem 90% dla os\u00f3b pracuj\u0105cych!"},"content":{"rendered":"\n<figure class=\"wp-block-image size-large\"><img loading=\"lazy\" width=\"1024\" height=\"347\" src=\"data:image\/gif;base64,R0lGODlhAQABAAAAACH5BAEKAAEALAAAAAABAAEAAAICTAEAOw==\" alt=\"\" class=\"wp-image-2861 lazyload\" sizes=\"(max-width: 1024px) 100vw, 1024px\" data-src=\"https:\/\/leaderschool.pl\/slomniki\/wp-content\/uploads\/sites\/45\/2024\/03\/strona-3-1024x347.png\" data-srcset=\"https:\/\/leaderschool.pl\/slomniki\/wp-content\/uploads\/sites\/45\/2024\/03\/strona-3-1024x347.png 1024w, https:\/\/leaderschool.pl\/slomniki\/wp-content\/uploads\/sites\/45\/2024\/03\/strona-3-300x102.png 300w, https:\/\/leaderschool.pl\/slomniki\/wp-content\/uploads\/sites\/45\/2024\/03\/strona-3-768x260.png 768w, https:\/\/leaderschool.pl\/slomniki\/wp-content\/uploads\/sites\/45\/2024\/03\/strona-3.png 1300w\"><\/figure>\n\n\n\n<h2><strong>Wojew\u00f3dzki Urz\u0105d Pracy w Krakowie uruchamia dofinansowanie do szkole\u0144! Chcesz nauczy\u0107 si\u0119 j\u0119zyka? Je\u015bli tak, zach\u0119camy do sprawdzenia poni\u017cszych szczeg\u00f3\u0142\u00f3w, dotycz\u0105cych uzyskania dofinansowania.<\/strong><\/h2>\n\n\n\n<p>Informacje pochodz\u0105 ze strony: <a href=\"https:\/\/www.pociagdokariery.pl\/\">pociagdokariery.pl<\/a> na temat tegorocznych dofinansowa\u0144.<\/p>\n\n\n\n<h3><strong><strong><strong><strong><strong>Krok pierwszy:<\/strong><\/strong><\/strong><\/strong><\/strong><\/h3>\n\n\n\n<p>Rekrutacja&nbsp;\u2013 ankieta na <a href=\"https:\/\/pociagdokariery.pl\/aktualnosci\/1630-malopolski-pociag-do-kariery-sezon-i\">stronie internetowej<\/a> oraz przed\u0142o\u017cenie za\u015bwiadczenie potwierdzaj\u0105cego zatrudnienie lub czynn\u0105 s\u0142u\u017cb\u0119 w OSP lub Terytorialnej S\u0142u\u017cbie Wojskowej lub za\u015bwiadczenie z KRUS lub orzeczenie o niepe\u0142nosprawno\u015bci aktualne na dzie\u0144 rekrutacji.<\/p>\n\n\n\n<h3><strong><strong><strong><strong>Krok drugi:<\/strong><\/strong><\/strong><\/strong><\/h3>\n\n\n\n<p>Bilans Kariery Online&nbsp;\u2013 us\u0142uga doradcza oparta o narz\u0119dzie elektroniczne i wsparcie doradcy zawodowego.<\/p>\n\n\n\n<h3><strong><strong><strong>Krok trzeci:<\/strong><\/strong><\/strong><\/h3>\n\n\n\n<p>Dofinansowanie na szkolenia&nbsp;\u2013 czyli mo\u017cliwo\u015b\u0107 realizacji bon\u00f3w szkoleniowych.<\/p>\n\n\n\n<p>Uczestnik otrzyma 335 bon\u00f3w, ka\u017cdy o warto\u015bci 15 PLN, \u0142\u0105czna warto\u015b\u0107 bon\u00f3w szkoleniowych (dofinansowanie + wk\u0142ad w\u0142asny) wynosi 5025 PLN, przy czym wk\u0142ad w\u0142asny wynosi 10% warto\u015bci bon\u00f3w szkoleniowych.<\/p>\n\n\n\n<h3><strong><strong>Kto b\u0119dzie m\u00f3g\u0142 otrzyma\u0107 dofinansowanie &#8211; osoby doros\u0142e spe\u0142niaj\u0105ce \u0142\u0105cznie poni\u017csze 3 wymogi:<\/strong><\/strong><\/h3>\n\n\n\n<ol><li>osoby pe\u0142noletnie<\/li><li>osoby zwi\u0105zane z Ma\u0142opolsk\u0105,&nbsp;czyli takie, kt\u00f3re wyka\u017c\u0105 w procesie rekrutacji, \u017ce mieszkaj\u0105 w tym regionie (warunek ten b\u0119dzie potwierdzony o\u015bwiadczeniem) lub pracuj\u0105 w Ma\u0142opolsce (na podstawie za\u015bwiadczenia)<\/li><li>osoby pracuj\u0105ce, czyli osoby, kt\u00f3re:<\/li><\/ol>\n\n\n\n<ul><li>s\u0105 zatrudnione na podstawie stosunku pracy unormowanego w Kodeksie Pracy lub umowy spe\u0142niaj\u0105cej przes\u0142anki umowy zlecenia lub umowy o dzie\u0142o<\/li><\/ul>\n\n\n\n<p>lub<\/p>\n\n\n\n<ul><li>posiadaj\u0105 obowi\u0105zuj\u0105ce powo\u0142anie do Terytorialnej S\u0142u\u017cby Wojskowej,<\/li><li>s\u0105 aktywnymi cz\u0142onkami Ochotniczej Stra\u017cy Po\u017carnej,<\/li><li>s\u0105 rolnikami ubezpieczonymi w KRUS,<\/li><\/ul>\n\n\n\n<p>Warunek ten potwierdzany b\u0119dzie stosownym za\u015bwiadczeniem.<\/p>\n\n\n\n<p>Wyj\u0105tkiem s\u0105 osoby z niepe\u0142nosprawno\u015bciami, kt\u00f3re b\u0119d\u0105 mog\u0142y przyst\u0105pi\u0107 do projektu r\u00f3wnie\u017c jako osoby niepracuj\u0105ce.<\/p>\n\n\n\n<p><strong>Rekrutacja b\u0119dzie realizowana do limit\u00f3w miejsc w poszczeg\u00f3lnych grupach:<\/strong><\/p>\n\n\n\n<ol><li>osoby w wieku 18 \u2013 24 lata spe\u0142niaj\u0105ce powy\u017csze kryteria \u2013 maksymalnie 2526 miejsc,<\/li><li>osoby w wieku 25 \u2013 89 lat spe\u0142niaj\u0105ce powy\u017csze kryteria \u2013 maksymalnie 10104 miejsc.<\/li><\/ol>\n\n\n\n<p><strong>R\u00f3wnocze\u015bnie, przy uwzgl\u0119dnieniu powy\u017cszych limit\u00f3w, w projekcie zagwarantowano minimaln\u0105 liczb\u0119 miejsc dla:<\/strong><\/p>\n\n\n\n<ol><li>kobiet w wieku 18 \u2013 89 lat z wykszta\u0142ceniem maksymalnie policealnym \u2013 co najmniej 3500 miejsc,<\/li><li>os\u00f3b z niepe\u0142nosprawno\u015bciami, kt\u00f3re nie musz\u0105 by\u0107 osobami pracuj\u0105cymi w rozumieniu powy\u017cszej definicji \u2013 co najmniej 500 miejsc.<\/li><li>os\u00f3b po 50 roku \u017cycia \u2013 co najmniej 1000 miejsc.<\/li><\/ol>\n\n\n\n<p><strong>Uwaga!<\/strong>&nbsp;Rekrutacja do projektu rozpocznie si\u0119&nbsp;<strong>nie wcze\u015bniej<\/strong>&nbsp;ni\u017c w kwietniu 2024, prosz\u0119 \u015bledzi\u0107 informacje w tej sprawie na stronie&nbsp;<a href=\"https:\/\/www.pociagdokariery.pl\/\">pociagdokariery.pl<\/a>.<\/p>\n\n\n\n<p>Osoby zainteresowane nauk\u0105 angielskiego w naszej szkole j\u0119zykowej z dofinansowaniem od Wojew\u00f3dzkiego Urz\u0119du Pracy zach\u0119camy do kontaktu z nami. Pomo\u017cemy w niezb\u0119dnych formalno\u015bciach i odpowiemy na wszelkie w\u0105tpliwo\u015bci.<\/p>\n\n\n\n<h3>Kontakt<\/h3>\n\n\n\n<p>Telefon: +48 <a href=\"https:\/\/www.google.com\/search?q=leader+school+zielonki&amp;sca_esv=57c1abd91ece7b5a&amp;sxsrf=ACQVn0-ZLg8PWf8ChLYHw2OA4DoPDN9qsg%3A1710868198807&amp;ei=5sb5ZdjfMO-Rxc8P05SE-AE&amp;udm=&amp;oq=leader+school+zielo&amp;gs_lp=Egxnd3Mtd2l6LXNlcnAiE2xlYWRlciBzY2hvb2wgemllbG8qAggAMgYQABgWGB4yAhAmSOYQUP0BWLAHcAF4AZABAJgBgAGgAcYFqgEDMC42uAEDyAEA-AEBmAIHoALcBcICEBAuGMcBGK8BGLADGI4FGCfCAgcQIxiwAxgnwgIKEAAYRxjWBBiwA8ICDRAAGIAEGIoFGEMYsAPCAhkQLhiABBiKBRhDGMcBGK8BGMgDGLAD2AEBwgIcEC4YgAQYigUYQxjHARivARjIAxiwAxiOBdgBAcICExAuGK8BGMcBGIAEGIoFGI4FGCfCAgQQIxgnwgILEC4YgAQYxwEYrwHCAgUQABiABMICExAuGIAEGIoFGEMYxwEYrwEYjgXCAgoQABiABBiKBRhDwgIgEC4YrwEYxwEYgAQYigUYjgUYlwUY3AQY3gQY4ATYAQLCAhoQLhiABBjHARivARiXBRjcBBjeBBjgBNgBApgDAIgGAZAGE7oGBggBEAEYCLoGBggCEAEYFJIHAzEuNqAH1SU&amp;sclient=gws-wiz-serp#\">609 146 594<br><\/a>Adres e-mail: slomniki@leaderschool.pl<\/p>\n\n\n\n<p>Do projektu zapraszamy osoby na ka\u017cdym poziomie zaawansowania w j\u0119zyku angielskim, spe\u0142niaj\u0105ce warunki uzyskania dofinansowania od WUP.<\/p>\n\n\n\n<p>Serdecznie zapraszamy!<\/p>\n","protected":false},"excerpt":{"rendered":"<p>Wojew\u00f3dzki Urz\u0105d Pracy w Krakowie uruchamia dofinansowanie do szkole\u0144! Chcesz nauczy\u0107 si\u0119 j\u0119zyka? Je\u015bli tak, zach\u0119camy do sprawdzenia poni\u017cszych szczeg\u00f3\u0142\u00f3w, dotycz\u0105cych uzyskania dofinansowania. Informacje pochodz\u0105 ze strony: pociagdokariery.pl na temat tegorocznych dofinansowa\u0144. Krok pierwszy: Rekrutacja&nbsp;\u2013 ankieta na stronie internetowej oraz przed\u0142o\u017cenie za\u015bwiadczenie potwierdzaj\u0105cego zatrudnienie lub czynn\u0105 s\u0142u\u017cb\u0119 w OSP lub Terytorialnej S\u0142u\u017cbie Wojskowej lub za\u015bwiadczenie [&hellip;]<\/p>\n","protected":false},"author":3,"featured_media":0,"parent":0,"menu_order":0,"comment_status":"closed","ping_status":"closed","template":"","meta":{"ngg_post_thumbnail":0},"acf":[],"yoast_head":"<!-- This site is optimized with the Yoast SEO plugin v18.9 - https:\/\/yoast.com\/wordpress\/plugins\/seo\/ -->\n<title>Zaj\u0119cia z angielskiego z dofinansowaniem 90% dla os\u00f3b pracuj\u0105cych! w S\u0142omnikach, Zielonkach, Luborzycy i Iwanowicach W\u0142o\u015bcia\u0144skich - Leader School<\/title>\n<meta name=\"robots\" content=\"index, follow, max-snippet:-1, max-image-preview:large, max-video-preview:-1\" \/>\n<link rel=\"canonical\" href=\"https:\/\/leaderschool.pl\/slomniki\/kursy-jezykowe-z-dofinansowaniem\/\" \/>\n<meta property=\"og:locale\" content=\"pl_PL\" \/>\n<meta property=\"og:type\" content=\"article\" \/>\n<meta property=\"og:title\" content=\"Zaj\u0119cia z angielskiego z dofinansowaniem 90% dla os\u00f3b pracuj\u0105cych! w S\u0142omnikach, Zielonkach, Luborzycy i Iwanowicach W\u0142o\u015bcia\u0144skich - Leader School\" \/>\n<meta property=\"og:description\" content=\"Wojew\u00f3dzki Urz\u0105d Pracy w Krakowie uruchamia dofinansowanie do szkole\u0144! Chcesz nauczy\u0107 si\u0119 j\u0119zyka? Je\u015bli tak, zach\u0119camy do sprawdzenia poni\u017cszych szczeg\u00f3\u0142\u00f3w, dotycz\u0105cych uzyskania dofinansowania. Informacje pochodz\u0105 ze strony: pociagdokariery.pl na temat tegorocznych dofinansowa\u0144. Krok pierwszy: Rekrutacja&nbsp;\u2013 ankieta na stronie internetowej oraz przed\u0142o\u017cenie za\u015bwiadczenie potwierdzaj\u0105cego zatrudnienie lub czynn\u0105 s\u0142u\u017cb\u0119 w OSP lub Terytorialnej S\u0142u\u017cbie Wojskowej lub za\u015bwiadczenie [&hellip;]\" \/>\n<meta property=\"og:url\" content=\"https:\/\/leaderschool.pl\/slomniki\/kursy-jezykowe-z-dofinansowaniem\/\" \/>\n<meta property=\"og:site_name\" content=\"w S\u0142omnikach, Zielonkach, Luborzycy i Iwanowicach W\u0142o\u015bcia\u0144skich - Leader School\" \/>\n<meta property=\"article:modified_time\" content=\"2024-03-21T23:48:54+00:00\" \/>\n<meta property=\"og:image\" content=\"https:\/\/leaderschool.pl\/slomniki\/wp-content\/uploads\/sites\/45\/2024\/03\/strona-3-1024x347.png\" \/>\n<meta name=\"twitter:card\" content=\"summary_large_image\" \/>\n<meta name=\"twitter:label1\" content=\"Szacowany czas czytania\" \/>\n\t<meta name=\"twitter:data1\" content=\"3 minuty\" \/>\n<script type=\"application\/ld+json\" class=\"yoast-schema-graph\">{\"@context\":\"https:\/\/schema.org\",\"@graph\":[{\"@type\":\"WebSite\",\"@id\":\"https:\/\/leaderschool.pl\/slomniki\/#website\",\"url\":\"https:\/\/leaderschool.pl\/slomniki\/\",\"name\":\"w S\u0142omnikach, Zielonkach, Luborzycy i Iwanowicach W\u0142o\u015bcia\u0144skich - Leader School\",\"description\":\"\",\"potentialAction\":[{\"@type\":\"SearchAction\",\"target\":{\"@type\":\"EntryPoint\",\"urlTemplate\":\"https:\/\/leaderschool.pl\/slomniki\/?s={search_term_string}\"},\"query-input\":\"required name=search_term_string\"}],\"inLanguage\":\"pl-PL\"},{\"@type\":\"ImageObject\",\"inLanguage\":\"pl-PL\",\"@id\":\"https:\/\/leaderschool.pl\/slomniki\/kursy-jezykowe-z-dofinansowaniem\/#primaryimage\",\"url\":\"https:\/\/leaderschool.pl\/slomniki\/wp-content\/uploads\/sites\/45\/2024\/03\/strona-3.png\",\"contentUrl\":\"https:\/\/leaderschool.pl\/slomniki\/wp-content\/uploads\/sites\/45\/2024\/03\/strona-3.png\",\"width\":1300,\"height\":440},{\"@type\":\"WebPage\",\"@id\":\"https:\/\/leaderschool.pl\/slomniki\/kursy-jezykowe-z-dofinansowaniem\/#webpage\",\"url\":\"https:\/\/leaderschool.pl\/slomniki\/kursy-jezykowe-z-dofinansowaniem\/\",\"name\":\"Zaj\u0119cia z angielskiego z dofinansowaniem 90% dla os\u00f3b pracuj\u0105cych! w S\u0142omnikach, Zielonkach, Luborzycy i Iwanowicach W\u0142o\u015bcia\u0144skich - Leader School\",\"isPartOf\":{\"@id\":\"https:\/\/leaderschool.pl\/slomniki\/#website\"},\"primaryImageOfPage\":{\"@id\":\"https:\/\/leaderschool.pl\/slomniki\/kursy-jezykowe-z-dofinansowaniem\/#primaryimage\"},\"datePublished\":\"2022-07-24T17:01:01+00:00\",\"dateModified\":\"2024-03-21T23:48:54+00:00\",\"breadcrumb\":{\"@id\":\"https:\/\/leaderschool.pl\/slomniki\/kursy-jezykowe-z-dofinansowaniem\/#breadcrumb\"},\"inLanguage\":\"pl-PL\",\"potentialAction\":[{\"@type\":\"ReadAction\",\"target\":[\"https:\/\/leaderschool.pl\/slomniki\/kursy-jezykowe-z-dofinansowaniem\/\"]}]},{\"@type\":\"BreadcrumbList\",\"@id\":\"https:\/\/leaderschool.pl\/slomniki\/kursy-jezykowe-z-dofinansowaniem\/#breadcrumb\",\"itemListElement\":[{\"@type\":\"ListItem\",\"position\":1,\"name\":\"Home\",\"item\":\"https:\/\/leaderschool.pl\/slomniki\/\"},{\"@type\":\"ListItem\",\"position\":2,\"name\":\"Zaj\u0119cia z angielskiego z dofinansowaniem 90% dla os\u00f3b pracuj\u0105cych!\"}]}]}<\/script>\n<!-- \/ Yoast SEO plugin. -->","yoast_head_json":{"title":"Zaj\u0119cia z angielskiego z dofinansowaniem 90% dla os\u00f3b pracuj\u0105cych! w S\u0142omnikach, Zielonkach, Luborzycy i Iwanowicach W\u0142o\u015bcia\u0144skich - Leader School","robots":{"index":"index","follow":"follow","max-snippet":"max-snippet:-1","max-image-preview":"max-image-preview:large","max-video-preview":"max-video-preview:-1"},"canonical":"https:\/\/leaderschool.pl\/slomniki\/kursy-jezykowe-z-dofinansowaniem\/","og_locale":"pl_PL","og_type":"article","og_title":"Zaj\u0119cia z angielskiego z dofinansowaniem 90% dla os\u00f3b pracuj\u0105cych! w S\u0142omnikach, Zielonkach, Luborzycy i Iwanowicach W\u0142o\u015bcia\u0144skich - Leader School","og_description":"Wojew\u00f3dzki Urz\u0105d Pracy w Krakowie uruchamia dofinansowanie do szkole\u0144! Chcesz nauczy\u0107 si\u0119 j\u0119zyka? Je\u015bli tak, zach\u0119camy do sprawdzenia poni\u017cszych szczeg\u00f3\u0142\u00f3w, dotycz\u0105cych uzyskania dofinansowania. Informacje pochodz\u0105 ze strony: pociagdokariery.pl na temat tegorocznych dofinansowa\u0144. Krok pierwszy: Rekrutacja&nbsp;\u2013 ankieta na stronie internetowej oraz przed\u0142o\u017cenie za\u015bwiadczenie potwierdzaj\u0105cego zatrudnienie lub czynn\u0105 s\u0142u\u017cb\u0119 w OSP lub Terytorialnej S\u0142u\u017cbie Wojskowej lub za\u015bwiadczenie [&hellip;]","og_url":"https:\/\/leaderschool.pl\/slomniki\/kursy-jezykowe-z-dofinansowaniem\/","og_site_name":"w S\u0142omnikach, Zielonkach, Luborzycy i Iwanowicach W\u0142o\u015bcia\u0144skich - Leader School","article_modified_time":"2024-03-21T23:48:54+00:00","og_image":[{"url":"https:\/\/leaderschool.pl\/slomniki\/wp-content\/uploads\/sites\/45\/2024\/03\/strona-3-1024x347.png"}],"twitter_card":"summary_large_image","twitter_misc":{"Szacowany czas czytania":"3 minuty"},"schema":{"@context":"https:\/\/schema.org","@graph":[{"@type":"WebSite","@id":"https:\/\/leaderschool.pl\/slomniki\/#website","url":"https:\/\/leaderschool.pl\/slomniki\/","name":"w S\u0142omnikach, Zielonkach, Luborzycy i Iwanowicach W\u0142o\u015bcia\u0144skich - Leader School","description":"","potentialAction":[{"@type":"SearchAction","target":{"@type":"EntryPoint","urlTemplate":"https:\/\/leaderschool.pl\/slomniki\/?s={search_term_string}"},"query-input":"required name=search_term_string"}],"inLanguage":"pl-PL"},{"@type":"ImageObject","inLanguage":"pl-PL","@id":"https:\/\/leaderschool.pl\/slomniki\/kursy-jezykowe-z-dofinansowaniem\/#primaryimage","url":"https:\/\/leaderschool.pl\/slomniki\/wp-content\/uploads\/sites\/45\/2024\/03\/strona-3.png","contentUrl":"https:\/\/leaderschool.pl\/slomniki\/wp-content\/uploads\/sites\/45\/2024\/03\/strona-3.png","width":1300,"height":440},{"@type":"WebPage","@id":"https:\/\/leaderschool.pl\/slomniki\/kursy-jezykowe-z-dofinansowaniem\/#webpage","url":"https:\/\/leaderschool.pl\/slomniki\/kursy-jezykowe-z-dofinansowaniem\/","name":"Zaj\u0119cia z angielskiego z dofinansowaniem 90% dla os\u00f3b pracuj\u0105cych! w S\u0142omnikach, Zielonkach, Luborzycy i Iwanowicach W\u0142o\u015bcia\u0144skich - Leader School","isPartOf":{"@id":"https:\/\/leaderschool.pl\/slomniki\/#website"},"primaryImageOfPage":{"@id":"https:\/\/leaderschool.pl\/slomniki\/kursy-jezykowe-z-dofinansowaniem\/#primaryimage"},"datePublished":"2022-07-24T17:01:01+00:00","dateModified":"2024-03-21T23:48:54+00:00","breadcrumb":{"@id":"https:\/\/leaderschool.pl\/slomniki\/kursy-jezykowe-z-dofinansowaniem\/#breadcrumb"},"inLanguage":"pl-PL","potentialAction":[{"@type":"ReadAction","target":["https:\/\/leaderschool.pl\/slomniki\/kursy-jezykowe-z-dofinansowaniem\/"]}]},{"@type":"BreadcrumbList","@id":"https:\/\/leaderschool.pl\/slomniki\/kursy-jezykowe-z-dofinansowaniem\/#breadcrumb","itemListElement":[{"@type":"ListItem","position":1,"name":"Home","item":"https:\/\/leaderschool.pl\/slomniki\/"},{"@type":"ListItem","position":2,"name":"Zaj\u0119cia z angielskiego z dofinansowaniem 90% dla os\u00f3b pracuj\u0105cych!"}]}]}},"_links":{"self":[{"href":"https:\/\/leaderschool.pl\/slomniki\/wp-json\/wp\/v2\/pages\/2609"}],"collection":[{"href":"https:\/\/leaderschool.pl\/slomniki\/wp-json\/wp\/v2\/pages"}],"about":[{"href":"https:\/\/leaderschool.pl\/slomniki\/wp-json\/wp\/v2\/types\/page"}],"author":[{"embeddable":true,"href":"https:\/\/leaderschool.pl\/slomniki\/wp-json\/wp\/v2\/users\/3"}],"replies":[{"embeddable":true,"href":"https:\/\/leaderschool.pl\/slomniki\/wp-json\/wp\/v2\/comments?post=2609"}],"version-history":[{"count":6,"href":"https:\/\/leaderschool.pl\/slomniki\/wp-json\/wp\/v2\/pages\/2609\/revisions"}],"predecessor-version":[{"id":2879,"href":"https:\/\/leaderschool.pl\/slomniki\/wp-json\/wp\/v2\/pages\/2609\/revisions\/2879"}],"wp:attachment":[{"href":"https:\/\/leaderschool.pl\/slomniki\/wp-json\/wp\/v2\/media?parent=2609"}],"curies":[{"name":"wp","href":"https:\/\/api.w.org\/{rel}","templated":true}]}}