{"id":2606,"date":"2022-07-24T18:59:45","date_gmt":"2022-07-24T16:59:45","guid":{"rendered":"https:\/\/leaderschool.sellision.dev\/slomniki\/?page_id=2606"},"modified":"2022-08-01T12:54:02","modified_gmt":"2022-08-01T10:54:02","slug":"dla-mlodziezy","status":"publish","type":"page","link":"https:\/\/leaderschool.pl\/slomniki\/dla-mlodziezy\/","title":{"rendered":"Angielski dla m\u0142odzie\u017cy w S\u0142omnikach"},"content":{"rendered":"\n<p>Leader School S\u0142omniki wychodzi naprzeciw potrzebom wsp\u00f3\u0142czesnej m\u0142odzie\u017cy. Wspieramy m\u0142odych ludzi w pokonywaniu wyzwa\u0144, jakie stawiaj\u0105 im szko\u0142y oraz przygotowujemy do pewniejszego wej\u015bcia na rynek pracy w przysz\u0142o\u015bci. Nasze kursy pomagaj\u0105 nastolatkom przygotowa\u0107 si\u0119 do egzaminu ko\u0144cz\u0105cego szko\u0142\u0119 podstawow\u0105, egzaminu maturalnego lub egzamin\u00f3w certyfikacyjnych. Dobierzemy odpowiedni poziom kszta\u0142cenia do posiadanej przez ucznia wiedzy i do\u0142o\u017cymy wszelkich stara\u0144, by poradzi\u0142 sobie z ka\u017cdym wyzwaniem na dalszej \u015bcie\u017cce edukacji.<\/p>\n\n\n\n<h2><strong>Kurs angielskiego dla szko\u0142y podstawowej<\/strong> w S\u0142omnikach<\/h2>\n\n\n\n<p>Egzamin \u00f3smoklasisty zdaje ka\u017cdy ucze\u0144 ko\u0144cz\u0105cy szko\u0142\u0119 podstawow\u0105. Cho\u0107 nie da si\u0119 go nie zda\u0107, ma on ogromny wp\u0142yw na najbli\u017csz\u0105 przysz\u0142o\u015b\u0107 zdaj\u0105cego \u2013 od wyniku egzaminu b\u0119dzie zale\u017ca\u0142o to, czy dostanie si\u0119 do wymarzonej szko\u0142y.&nbsp;<\/p>\n\n\n\n<p>Niestety jako\u015b\u0107 nauczania j\u0119zyk\u00f3w obcych w szko\u0142ach podstawowych nie zawsze stoi na wystarczaj\u0105cym poziomie. Nauczycielom zwyczajnie nie wystarcza czasu, aby rozwi\u0105za\u0107 indywidualne problemy ka\u017cdego ucznia i dok\u0142adnie t\u0142umaczy\u0107 wszystkie zagadnienia zawarte w programie nauczania. Leader School S\u0142omniki mo\u017ce pozwoli\u0107 sobie na nieco wi\u0119cej. Dzi\u0119ki naszej do\u015bwiadczonej kadrze, sprawdzonym metodom nauczania oraz przyjemnej atmosferze na zaj\u0119ciach szybko nadrobisz zaleg\u0142o\u015bci i przygotujesz si\u0119 do egzaminu.<\/p>\n\n\n\n<p>Leader School oferuje kursy przygotowuj\u0105ce do egzaminu \u00f3smoklasisty w dw\u00f3ch formu\u0142ach: grupowe oraz indywidualne. Dzi\u0119ki temu ka\u017cdy ucze\u0144 zostanie otrzyma tak\u0105 pomoc, jakiej potrzebuje i jak\u0105 preferuje.&nbsp;<\/p>\n\n\n\n<h3>Przygotowanie do matury z j\u0119zyka angielskiego<\/h3>\n\n\n\n<p>Obowi\u0105zkowy egzamin maturalny z j\u0119zyka obcego jest znacznie trudniejszym i bardziej stresuj\u0105cym wyzwaniem, ni\u017c test \u00f3smoklasisty. Od uzyskanego wyniku zale\u017cy bowiem nie tylko rekrutacja na studia wy\u017csze, ale te\u017c to, czy w og\u00f3le zdamy matur\u0119. Przygotowanie do matury nie musi by\u0107 jednak stresuj\u0105cym do\u015bwiadczeniem.\u00a0<\/p>\n\n\n\n<p>Dbamy o to, by nasz program nauczania by\u0142 dopasowany do najnowszych wymog\u00f3w Centralnej Komisji Egzaminacyjnej. Nasza do\u015bwiadczona kadra co roku przygotowuje uczni\u00f3w do matury ze 100% skuteczno\u015bci\u0105 \u2013 ka\u017cdy z naszych kursant\u00f3w zdaje matur\u0119 z j\u0119zyka obcego z zadowalaj\u0105cym wynikiem. Je\u015bli b\u0119dzie to konieczne, otrzymasz dodatkow\u0105, indywidualn\u0105 pomoc, dzi\u0119ki kt\u00f3rej opanujesz problematyczne zagadnienia i odniesiesz sukces.&nbsp;<\/p>\n\n\n\n<h3><strong>Certyfikaty j\u0119zykowe<\/strong> z j\u0119zyka angielskiego w S\u0142omnikach<\/h3>\n\n\n\n<p>W Leader School S\u0142omniki mo\u017cna tak\u017ce przygotowa\u0107 si\u0119 do egzamin\u00f3w certyfikacyjnych The European Language Certificate (TELC) na poziomie B1 lub B2. Kurs przygotowawczy daje stuprocentow\u0105 gwarancj\u0119 zdawalno\u015bci.\u00a0<\/p>\n\n\n\n<p>Razem z nami mo\u017cesz r\u00f3wnie\u017c zdoby\u0107 certyfikaty wydawane przez Uniwersytet Cambridge, czyli First Certificate in English (FCE) oraz Certificate in Advanced English (CAE). Zapisuj\u0105c si\u0119 na odpowiednie zaj\u0119cia odb\u0119dziesz kurs przygotowawczy, zako\u0144czony egzaminem \u2013 wszystko odbywa si\u0119 w naszej szkole w S\u0142omnikach.<\/p>\n\n\n\n<p>W Leader School mo\u017cna r\u00f3wnie\u017c przygotowa\u0107 si\u0119 do egzaminu TELC (The European Language Certificates) na wybranym przez siebie poziomie. To \u015bwietny spos\u00f3b na potwierdzenie swoich kwalifikacji j\u0119zykowych. Pomo\u017cemy Pa\u0144stwu wybra\u0107 odpowiedni poziom i przygotowa\u0107 si\u0119 do egzaminu ze 100% skuteczno\u015bci\u0105. Certyfikaty TELC s\u0105 wa\u017cne bezterminowo i honorowane w ca\u0142ej Europie.<\/p>\n\n\n\n<p>Uwaga! Na wielu uczelniach wy\u017cszych certyfikaty TELC, FCE oraz CAE s\u0105 podstaw\u0105 do zwolnienia z egzamin\u00f3w ko\u0144cowych lub nawet z uczestnictwa w zaj\u0119ciach z j\u0119zyk\u00f3w obcych. Przedstawienie takiego certyfikatu przed zapisaniem na lektoraty pozwala na przepisanie oceny z certyfikatu do indeksu studenta jako ocen\u0119 uzyskan\u0105 na egzaminie. Dzi\u0119ki temu studenci mog\u0105 zaoszcz\u0119dzi\u0107 sporo czasu, kt\u00f3ry po\u015bwi\u0119ciliby na dalsz\u0105 i cz\u0119sto ju\u017c niepotrzebn\u0105 nauk\u0119 j\u0119zyka angielskiego. Certyfikat po\u015bwiadcza, \u017ce student posiada ju\u017c wiedz\u0119 i umiej\u0119tno\u015bci potrzebne na okre\u015blonym poziomie nauczania.<\/p>\n","protected":false},"excerpt":{"rendered":"<p>Leader School S\u0142omniki wychodzi naprzeciw potrzebom wsp\u00f3\u0142czesnej m\u0142odzie\u017cy. Wspieramy m\u0142odych ludzi w pokonywaniu wyzwa\u0144, jakie stawiaj\u0105 im szko\u0142y oraz przygotowujemy do pewniejszego wej\u015bcia na rynek pracy w przysz\u0142o\u015bci. Nasze kursy pomagaj\u0105 nastolatkom przygotowa\u0107 si\u0119 do egzaminu ko\u0144cz\u0105cego szko\u0142\u0119 podstawow\u0105, egzaminu maturalnego lub egzamin\u00f3w certyfikacyjnych. Dobierzemy odpowiedni poziom kszta\u0142cenia do posiadanej przez ucznia wiedzy i do\u0142o\u017cymy [&hellip;]<\/p>\n","protected":false},"author":3,"featured_media":0,"parent":0,"menu_order":0,"comment_status":"closed","ping_status":"closed","template":"","meta":{"ngg_post_thumbnail":0},"acf":[],"yoast_head":"<!-- This site is optimized with the Yoast SEO plugin v18.9 - https:\/\/yoast.com\/wordpress\/plugins\/seo\/ -->\n<title>Angielski dla m\u0142odzie\u017cy w S\u0142omnikach w S\u0142omnikach, Zielonkach, Luborzycy i Iwanowicach W\u0142o\u015bcia\u0144skich - Leader School<\/title>\n<meta name=\"robots\" content=\"index, follow, max-snippet:-1, max-image-preview:large, max-video-preview:-1\" \/>\n<link rel=\"canonical\" href=\"https:\/\/leaderschool.pl\/slomniki\/dla-mlodziezy\/\" \/>\n<meta property=\"og:locale\" content=\"pl_PL\" \/>\n<meta property=\"og:type\" content=\"article\" \/>\n<meta property=\"og:title\" content=\"Angielski dla m\u0142odzie\u017cy w S\u0142omnikach w S\u0142omnikach, Zielonkach, Luborzycy i Iwanowicach W\u0142o\u015bcia\u0144skich - Leader School\" \/>\n<meta property=\"og:description\" content=\"Leader School S\u0142omniki wychodzi naprzeciw potrzebom wsp\u00f3\u0142czesnej m\u0142odzie\u017cy. Wspieramy m\u0142odych ludzi w pokonywaniu wyzwa\u0144, jakie stawiaj\u0105 im szko\u0142y oraz przygotowujemy do pewniejszego wej\u015bcia na rynek pracy w przysz\u0142o\u015bci. Nasze kursy pomagaj\u0105 nastolatkom przygotowa\u0107 si\u0119 do egzaminu ko\u0144cz\u0105cego szko\u0142\u0119 podstawow\u0105, egzaminu maturalnego lub egzamin\u00f3w certyfikacyjnych. Dobierzemy odpowiedni poziom kszta\u0142cenia do posiadanej przez ucznia wiedzy i do\u0142o\u017cymy [&hellip;]\" \/>\n<meta property=\"og:url\" content=\"https:\/\/leaderschool.pl\/slomniki\/dla-mlodziezy\/\" \/>\n<meta property=\"og:site_name\" content=\"w S\u0142omnikach, Zielonkach, Luborzycy i Iwanowicach W\u0142o\u015bcia\u0144skich - Leader School\" \/>\n<meta property=\"article:modified_time\" content=\"2022-08-01T10:54:02+00:00\" \/>\n<meta name=\"twitter:card\" content=\"summary_large_image\" \/>\n<meta name=\"twitter:label1\" content=\"Szacowany czas czytania\" \/>\n\t<meta name=\"twitter:data1\" content=\"4 minuty\" \/>\n<script type=\"application\/ld+json\" class=\"yoast-schema-graph\">{\"@context\":\"https:\/\/schema.org\",\"@graph\":[{\"@type\":\"WebSite\",\"@id\":\"https:\/\/leaderschool.pl\/slomniki\/#website\",\"url\":\"https:\/\/leaderschool.pl\/slomniki\/\",\"name\":\"w S\u0142omnikach, Zielonkach, Luborzycy i Iwanowicach W\u0142o\u015bcia\u0144skich - Leader School\",\"description\":\"\",\"potentialAction\":[{\"@type\":\"SearchAction\",\"target\":{\"@type\":\"EntryPoint\",\"urlTemplate\":\"https:\/\/leaderschool.pl\/slomniki\/?s={search_term_string}\"},\"query-input\":\"required name=search_term_string\"}],\"inLanguage\":\"pl-PL\"},{\"@type\":\"WebPage\",\"@id\":\"https:\/\/leaderschool.pl\/slomniki\/dla-mlodziezy\/#webpage\",\"url\":\"https:\/\/leaderschool.pl\/slomniki\/dla-mlodziezy\/\",\"name\":\"Angielski dla m\u0142odzie\u017cy w S\u0142omnikach w S\u0142omnikach, Zielonkach, Luborzycy i Iwanowicach W\u0142o\u015bcia\u0144skich - Leader School\",\"isPartOf\":{\"@id\":\"https:\/\/leaderschool.pl\/slomniki\/#website\"},\"datePublished\":\"2022-07-24T16:59:45+00:00\",\"dateModified\":\"2022-08-01T10:54:02+00:00\",\"breadcrumb\":{\"@id\":\"https:\/\/leaderschool.pl\/slomniki\/dla-mlodziezy\/#breadcrumb\"},\"inLanguage\":\"pl-PL\",\"potentialAction\":[{\"@type\":\"ReadAction\",\"target\":[\"https:\/\/leaderschool.pl\/slomniki\/dla-mlodziezy\/\"]}]},{\"@type\":\"BreadcrumbList\",\"@id\":\"https:\/\/leaderschool.pl\/slomniki\/dla-mlodziezy\/#breadcrumb\",\"itemListElement\":[{\"@type\":\"ListItem\",\"position\":1,\"name\":\"Home\",\"item\":\"https:\/\/leaderschool.pl\/slomniki\/\"},{\"@type\":\"ListItem\",\"position\":2,\"name\":\"Angielski dla m\u0142odzie\u017cy w&nbsp;S\u0142omnikach\"}]}]}<\/script>\n<!-- \/ Yoast SEO plugin. -->","yoast_head_json":{"title":"Angielski dla m\u0142odzie\u017cy w S\u0142omnikach w S\u0142omnikach, Zielonkach, Luborzycy i Iwanowicach W\u0142o\u015bcia\u0144skich - Leader School","robots":{"index":"index","follow":"follow","max-snippet":"max-snippet:-1","max-image-preview":"max-image-preview:large","max-video-preview":"max-video-preview:-1"},"canonical":"https:\/\/leaderschool.pl\/slomniki\/dla-mlodziezy\/","og_locale":"pl_PL","og_type":"article","og_title":"Angielski dla m\u0142odzie\u017cy w S\u0142omnikach w S\u0142omnikach, Zielonkach, Luborzycy i Iwanowicach W\u0142o\u015bcia\u0144skich - Leader School","og_description":"Leader School S\u0142omniki wychodzi naprzeciw potrzebom wsp\u00f3\u0142czesnej m\u0142odzie\u017cy. Wspieramy m\u0142odych ludzi w pokonywaniu wyzwa\u0144, jakie stawiaj\u0105 im szko\u0142y oraz przygotowujemy do pewniejszego wej\u015bcia na rynek pracy w przysz\u0142o\u015bci. Nasze kursy pomagaj\u0105 nastolatkom przygotowa\u0107 si\u0119 do egzaminu ko\u0144cz\u0105cego szko\u0142\u0119 podstawow\u0105, egzaminu maturalnego lub egzamin\u00f3w certyfikacyjnych. Dobierzemy odpowiedni poziom kszta\u0142cenia do posiadanej przez ucznia wiedzy i do\u0142o\u017cymy [&hellip;]","og_url":"https:\/\/leaderschool.pl\/slomniki\/dla-mlodziezy\/","og_site_name":"w S\u0142omnikach, Zielonkach, Luborzycy i Iwanowicach W\u0142o\u015bcia\u0144skich - Leader School","article_modified_time":"2022-08-01T10:54:02+00:00","twitter_card":"summary_large_image","twitter_misc":{"Szacowany czas czytania":"4 minuty"},"schema":{"@context":"https:\/\/schema.org","@graph":[{"@type":"WebSite","@id":"https:\/\/leaderschool.pl\/slomniki\/#website","url":"https:\/\/leaderschool.pl\/slomniki\/","name":"w S\u0142omnikach, Zielonkach, Luborzycy i Iwanowicach W\u0142o\u015bcia\u0144skich - Leader School","description":"","potentialAction":[{"@type":"SearchAction","target":{"@type":"EntryPoint","urlTemplate":"https:\/\/leaderschool.pl\/slomniki\/?s={search_term_string}"},"query-input":"required name=search_term_string"}],"inLanguage":"pl-PL"},{"@type":"WebPage","@id":"https:\/\/leaderschool.pl\/slomniki\/dla-mlodziezy\/#webpage","url":"https:\/\/leaderschool.pl\/slomniki\/dla-mlodziezy\/","name":"Angielski dla m\u0142odzie\u017cy w S\u0142omnikach w S\u0142omnikach, Zielonkach, Luborzycy i Iwanowicach W\u0142o\u015bcia\u0144skich - Leader School","isPartOf":{"@id":"https:\/\/leaderschool.pl\/slomniki\/#website"},"datePublished":"2022-07-24T16:59:45+00:00","dateModified":"2022-08-01T10:54:02+00:00","breadcrumb":{"@id":"https:\/\/leaderschool.pl\/slomniki\/dla-mlodziezy\/#breadcrumb"},"inLanguage":"pl-PL","potentialAction":[{"@type":"ReadAction","target":["https:\/\/leaderschool.pl\/slomniki\/dla-mlodziezy\/"]}]},{"@type":"BreadcrumbList","@id":"https:\/\/leaderschool.pl\/slomniki\/dla-mlodziezy\/#breadcrumb","itemListElement":[{"@type":"ListItem","position":1,"name":"Home","item":"https:\/\/leaderschool.pl\/slomniki\/"},{"@type":"ListItem","position":2,"name":"Angielski dla m\u0142odzie\u017cy w&nbsp;S\u0142omnikach"}]}]}},"_links":{"self":[{"href":"https:\/\/leaderschool.pl\/slomniki\/wp-json\/wp\/v2\/pages\/2606"}],"collection":[{"href":"https:\/\/leaderschool.pl\/slomniki\/wp-json\/wp\/v2\/pages"}],"about":[{"href":"https:\/\/leaderschool.pl\/slomniki\/wp-json\/wp\/v2\/types\/page"}],"author":[{"embeddable":true,"href":"https:\/\/leaderschool.pl\/slomniki\/wp-json\/wp\/v2\/users\/3"}],"replies":[{"embeddable":true,"href":"https:\/\/leaderschool.pl\/slomniki\/wp-json\/wp\/v2\/comments?post=2606"}],"version-history":[{"count":3,"href":"https:\/\/leaderschool.pl\/slomniki\/wp-json\/wp\/v2\/pages\/2606\/revisions"}],"predecessor-version":[{"id":2652,"href":"https:\/\/leaderschool.pl\/slomniki\/wp-json\/wp\/v2\/pages\/2606\/revisions\/2652"}],"wp:attachment":[{"href":"https:\/\/leaderschool.pl\/slomniki\/wp-json\/wp\/v2\/media?parent=2606"}],"curies":[{"name":"wp","href":"https:\/\/api.w.org\/{rel}","templated":true}]}}