{"id":2604,"date":"2022-07-24T18:58:31","date_gmt":"2022-07-24T16:58:31","guid":{"rendered":"https:\/\/leaderschool.sellision.dev\/slomniki\/?page_id=2604"},"modified":"2022-08-01T12:51:36","modified_gmt":"2022-08-01T10:51:36","slug":"hiszpanski-dla-dzieci","status":"publish","type":"page","link":"https:\/\/leaderschool.pl\/slomniki\/hiszpanski-dla-dzieci\/","title":{"rendered":"Hiszpa\u0144ski dla dzieci w S\u0142omnikach"},"content":{"rendered":"\n<p>J\u0119zyk hiszpa\u0144ski to drugi najpopularniejszy j\u0119zyk na \u015bwiecie \u2013 m\u00f3wi w nim ponad 600 milion\u00f3w ludzi na siedmiu kontynentach. Znajomo\u015b\u0107 hiszpa\u0144skiego mo\u017ce si\u0119 przyda\u0107 w podr\u00f3\u017cy do ponad 20 kraj\u00f3w, ale nie tylko mali tury\u015bci doceni\u0105 nasz kurs. Nauka j\u0119zyk\u00f3w jest doskona\u0142ym sposobem na rozwini\u0119cie wrodzonych umiej\u0119tno\u015bci dziecka oraz zainteresowanie go \u015bwiatem. W naszej szkole pracuj\u0105 przede wszystkim pasjonaci, kt\u00f3rzy wprost kochaj\u0105 hiszpa\u0144skoj\u0119zyczn\u0105 kultur\u0119, jak i sam j\u0119zyk. W\u0142a\u015bnie tacy ludzie s\u0105 w stanie w najciekawszy spos\u00f3b przekaza\u0107 swoj\u0105 wiedz\u0119 m\u0142odszym pokoleniom. Po\u0142\u0105czenie pasji ze sprawdzonymi metodami nauczania gwarantuje, \u017ce dzieci uczestnicz\u0105ce w kursie b\u0119d\u0105 robi\u0107 szybkie post\u0119py i szybko opanuj\u0105 podstawy j\u0119zyka hiszpa\u0144skiego \u2013 zar\u00f3wno m\u00f3wionego, jak i pisanego.<\/p>\n\n\n\n<h2>Nauka hiszpa\u0144skiego w Leader School S\u0142omniki<\/h2>\n\n\n\n<p>Kurs j\u0119zyka hiszpa\u0144skiego mo\u017ce by\u0107 doskona\u0142\u0105 inwestycj\u0105 w przysz\u0142o\u015b\u0107 najm\u0142odszych. Na polskim rynku pracy osoby m\u00f3wi\u0105ce po hiszpa\u0144sku s\u0105 bardzo cz\u0119sto poszukiwane i doceniane przez pracodawc\u00f3w. Ucz\u0105c si\u0119 hiszpa\u0144skiego dziecko mo\u017ce odkry\u0107 swoje zami\u0142owanie do nauki j\u0119zyk\u00f3w w og\u00f3le i kontynuowa\u0107 t\u0119 pasj\u0119 w przysz\u0142o\u015bci. Nauka hiszpa\u0144skiego mo\u017ce w przysz\u0142o\u015bci zaowocowa\u0107 rozwini\u0119ciem fascynacji wspania\u0142\u0105 kultur\u0105 Hiszpanii oraz kraj\u00f3w Ameryki Po\u0142udniowej. Znajomo\u015b\u0107 hiszpa\u0144skiego potrafi naprawd\u0119 odmieni\u0107 \u017cycie m\u0142odego cz\u0142owieka.\u00a0<\/p>\n\n\n\n<h3>Zaj\u0119cia dla dzieci z hiszpa\u0144skiego &#8211; formy zaj\u0119\u0107<\/h3>\n\n\n\n<p>Nauka hiszpa\u0144skiego dla dzieci w S\u0142omnikach odbywa si\u0119 w formie zaj\u0119\u0107 stacjonarnych. Wystarcz\u0105 2 lekcje tygodniowo, aby dzieci szybko pozna\u0142y podstawy porozumiewania si\u0119 w tym pi\u0119knym j\u0119zyku. Nasze zaj\u0119cia to fantastyczny spos\u00f3b na przyjemne i produktywne sp\u0119dzenie wolnego czasu. Zapewniamy, \u017ce nauka w Leader School S\u0142omniki nie b\u0119dzie dla dziecka przykrym obowi\u0105zkiem. Z ka\u017cdego spotkania z lektorem wyniesie szereg nowych s\u0142\u00f3w i zwrot\u00f3w, kt\u00f3re z czasem przerodz\u0105 si\u0119 w komunikatywn\u0105 znajomo\u015b\u0107 j\u0119zyka. Lekcje s\u0105 prowadzone w spos\u00f3b ciekawy i dynamiczny, dzi\u0119ki czemu dzieci nigdy si\u0119 nie nudz\u0105. Nie chcemy, aby m\u0142odzi ludzie kojarzyli nauk\u0119 j\u0119zyk\u00f3w i zaj\u0119cia pozalekcyjne z czym\u015b m\u0119cz\u0105cym i nieciekawym. Zamiast tego oferujemy fascynuj\u0105c\u0105 i warto\u015bciow\u0105 przygod\u0119 \u2013 bo w m\u0142odym wieku nauka przez zabaw\u0119 jest najbardziej skuteczna.<\/p>\n\n\n\n<h3>Praktyczna i przyjemna nauka j\u0119zyka<\/h3>\n\n\n\n<p>Mali kursanci uczestnicz\u0105 w licznych grach i zabawach, ucz\u0105 si\u0119 j\u0119zyka poprzez \u015bpiew i muzyk\u0119, a do tego zdobywaj\u0105 mn\u00f3stwo po\u017cytecznej wiedzy, kt\u00f3ra pomo\u017ce im odkry\u0107 w sobie nowe zainteresowania i talenty. W atmosferze rado\u015bci i zabawy zdobywanie wiedzy jest wielk\u0105 przyjemno\u015bci\u0105! W kr\u00f3tkim czasie dziecko zyska wi\u0119cej pewno\u015bci siebie i b\u0119dzie mog\u0142o skutecznie komunikowa\u0107 si\u0119 w j\u0119zyku hiszpa\u0144skim. Ostrzegamy: Bardzo mo\u017cliwe, \u017ce m\u0142odzi kursanci zaczn\u0105 marzy\u0107 o podr\u00f3\u017cy do Madrytu, poniewa\u017c podczas kursu dowiedz\u0105 si\u0119 bardzo du\u017co o niezwyk\u0142ej kulturze Hiszpanii. Dobra zabawa jest jej nieod\u0142\u0105cznym elementem.<\/p>\n\n\n\n<p>Je\u015bli chcesz zobaczy\u0107 jak wygl\u0105da nauka j\u0119zyka hiszpa\u0144skiego w Leader School S\u0142omniki, zapisz siebie i swoje dziecko na lekcj\u0119 pokazow\u0105. Organizujemy je cyklicznie i ca\u0142kowicie bezp\u0142atnie. Podczas lekcji poznacie nie tylko nasze metody, ale te\u017c lektora, kt\u00f3ry b\u0119dzie prowadzi\u0142 zaj\u0119cia.&nbsp;<\/p>\n","protected":false},"excerpt":{"rendered":"<p>J\u0119zyk hiszpa\u0144ski to drugi najpopularniejszy j\u0119zyk na \u015bwiecie \u2013 m\u00f3wi w nim ponad 600 milion\u00f3w ludzi na siedmiu kontynentach. Znajomo\u015b\u0107 hiszpa\u0144skiego mo\u017ce si\u0119 przyda\u0107 w podr\u00f3\u017cy do ponad 20 kraj\u00f3w, ale nie tylko mali tury\u015bci doceni\u0105 nasz kurs. Nauka j\u0119zyk\u00f3w jest doskona\u0142ym sposobem na rozwini\u0119cie wrodzonych umiej\u0119tno\u015bci dziecka oraz zainteresowanie go \u015bwiatem. W naszej szkole [&hellip;]<\/p>\n","protected":false},"author":3,"featured_media":0,"parent":0,"menu_order":0,"comment_status":"closed","ping_status":"closed","template":"","meta":{"ngg_post_thumbnail":0},"acf":[],"yoast_head":"<!-- This site is optimized with the Yoast SEO plugin v18.9 - https:\/\/yoast.com\/wordpress\/plugins\/seo\/ -->\n<title>Hiszpa\u0144ski dla dzieci w S\u0142omnikach w S\u0142omnikach, Zielonkach, Luborzycy i Iwanowicach W\u0142o\u015bcia\u0144skich - Leader School<\/title>\n<meta name=\"robots\" content=\"index, follow, max-snippet:-1, max-image-preview:large, max-video-preview:-1\" \/>\n<link rel=\"canonical\" href=\"https:\/\/leaderschool.pl\/slomniki\/hiszpanski-dla-dzieci\/\" \/>\n<meta property=\"og:locale\" content=\"pl_PL\" \/>\n<meta property=\"og:type\" content=\"article\" \/>\n<meta property=\"og:title\" content=\"Hiszpa\u0144ski dla dzieci w S\u0142omnikach w S\u0142omnikach, Zielonkach, Luborzycy i Iwanowicach W\u0142o\u015bcia\u0144skich - Leader School\" \/>\n<meta property=\"og:description\" content=\"J\u0119zyk hiszpa\u0144ski to drugi najpopularniejszy j\u0119zyk na \u015bwiecie \u2013 m\u00f3wi w nim ponad 600 milion\u00f3w ludzi na siedmiu kontynentach. Znajomo\u015b\u0107 hiszpa\u0144skiego mo\u017ce si\u0119 przyda\u0107 w podr\u00f3\u017cy do ponad 20 kraj\u00f3w, ale nie tylko mali tury\u015bci doceni\u0105 nasz kurs. Nauka j\u0119zyk\u00f3w jest doskona\u0142ym sposobem na rozwini\u0119cie wrodzonych umiej\u0119tno\u015bci dziecka oraz zainteresowanie go \u015bwiatem. W naszej szkole [&hellip;]\" \/>\n<meta property=\"og:url\" content=\"https:\/\/leaderschool.pl\/slomniki\/hiszpanski-dla-dzieci\/\" \/>\n<meta property=\"og:site_name\" content=\"w S\u0142omnikach, Zielonkach, Luborzycy i Iwanowicach W\u0142o\u015bcia\u0144skich - Leader School\" \/>\n<meta property=\"article:modified_time\" content=\"2022-08-01T10:51:36+00:00\" \/>\n<meta name=\"twitter:card\" content=\"summary_large_image\" \/>\n<meta name=\"twitter:label1\" content=\"Szacowany czas czytania\" \/>\n\t<meta name=\"twitter:data1\" content=\"3 minuty\" \/>\n<script type=\"application\/ld+json\" class=\"yoast-schema-graph\">{\"@context\":\"https:\/\/schema.org\",\"@graph\":[{\"@type\":\"WebSite\",\"@id\":\"https:\/\/leaderschool.pl\/slomniki\/#website\",\"url\":\"https:\/\/leaderschool.pl\/slomniki\/\",\"name\":\"w S\u0142omnikach, Zielonkach, Luborzycy i Iwanowicach W\u0142o\u015bcia\u0144skich - Leader School\",\"description\":\"\",\"potentialAction\":[{\"@type\":\"SearchAction\",\"target\":{\"@type\":\"EntryPoint\",\"urlTemplate\":\"https:\/\/leaderschool.pl\/slomniki\/?s={search_term_string}\"},\"query-input\":\"required name=search_term_string\"}],\"inLanguage\":\"pl-PL\"},{\"@type\":\"WebPage\",\"@id\":\"https:\/\/leaderschool.pl\/slomniki\/hiszpanski-dla-dzieci\/#webpage\",\"url\":\"https:\/\/leaderschool.pl\/slomniki\/hiszpanski-dla-dzieci\/\",\"name\":\"Hiszpa\u0144ski dla dzieci w S\u0142omnikach w S\u0142omnikach, Zielonkach, Luborzycy i Iwanowicach W\u0142o\u015bcia\u0144skich - Leader School\",\"isPartOf\":{\"@id\":\"https:\/\/leaderschool.pl\/slomniki\/#website\"},\"datePublished\":\"2022-07-24T16:58:31+00:00\",\"dateModified\":\"2022-08-01T10:51:36+00:00\",\"breadcrumb\":{\"@id\":\"https:\/\/leaderschool.pl\/slomniki\/hiszpanski-dla-dzieci\/#breadcrumb\"},\"inLanguage\":\"pl-PL\",\"potentialAction\":[{\"@type\":\"ReadAction\",\"target\":[\"https:\/\/leaderschool.pl\/slomniki\/hiszpanski-dla-dzieci\/\"]}]},{\"@type\":\"BreadcrumbList\",\"@id\":\"https:\/\/leaderschool.pl\/slomniki\/hiszpanski-dla-dzieci\/#breadcrumb\",\"itemListElement\":[{\"@type\":\"ListItem\",\"position\":1,\"name\":\"Home\",\"item\":\"https:\/\/leaderschool.pl\/slomniki\/\"},{\"@type\":\"ListItem\",\"position\":2,\"name\":\"Hiszpa\u0144ski dla dzieci w&nbsp;S\u0142omnikach\"}]}]}<\/script>\n<!-- \/ Yoast SEO plugin. -->","yoast_head_json":{"title":"Hiszpa\u0144ski dla dzieci w S\u0142omnikach w S\u0142omnikach, Zielonkach, Luborzycy i Iwanowicach W\u0142o\u015bcia\u0144skich - Leader School","robots":{"index":"index","follow":"follow","max-snippet":"max-snippet:-1","max-image-preview":"max-image-preview:large","max-video-preview":"max-video-preview:-1"},"canonical":"https:\/\/leaderschool.pl\/slomniki\/hiszpanski-dla-dzieci\/","og_locale":"pl_PL","og_type":"article","og_title":"Hiszpa\u0144ski dla dzieci w S\u0142omnikach w S\u0142omnikach, Zielonkach, Luborzycy i Iwanowicach W\u0142o\u015bcia\u0144skich - Leader School","og_description":"J\u0119zyk hiszpa\u0144ski to drugi najpopularniejszy j\u0119zyk na \u015bwiecie \u2013 m\u00f3wi w nim ponad 600 milion\u00f3w ludzi na siedmiu kontynentach. Znajomo\u015b\u0107 hiszpa\u0144skiego mo\u017ce si\u0119 przyda\u0107 w podr\u00f3\u017cy do ponad 20 kraj\u00f3w, ale nie tylko mali tury\u015bci doceni\u0105 nasz kurs. Nauka j\u0119zyk\u00f3w jest doskona\u0142ym sposobem na rozwini\u0119cie wrodzonych umiej\u0119tno\u015bci dziecka oraz zainteresowanie go \u015bwiatem. W naszej szkole [&hellip;]","og_url":"https:\/\/leaderschool.pl\/slomniki\/hiszpanski-dla-dzieci\/","og_site_name":"w S\u0142omnikach, Zielonkach, Luborzycy i Iwanowicach W\u0142o\u015bcia\u0144skich - Leader School","article_modified_time":"2022-08-01T10:51:36+00:00","twitter_card":"summary_large_image","twitter_misc":{"Szacowany czas czytania":"3 minuty"},"schema":{"@context":"https:\/\/schema.org","@graph":[{"@type":"WebSite","@id":"https:\/\/leaderschool.pl\/slomniki\/#website","url":"https:\/\/leaderschool.pl\/slomniki\/","name":"w S\u0142omnikach, Zielonkach, Luborzycy i Iwanowicach W\u0142o\u015bcia\u0144skich - Leader School","description":"","potentialAction":[{"@type":"SearchAction","target":{"@type":"EntryPoint","urlTemplate":"https:\/\/leaderschool.pl\/slomniki\/?s={search_term_string}"},"query-input":"required name=search_term_string"}],"inLanguage":"pl-PL"},{"@type":"WebPage","@id":"https:\/\/leaderschool.pl\/slomniki\/hiszpanski-dla-dzieci\/#webpage","url":"https:\/\/leaderschool.pl\/slomniki\/hiszpanski-dla-dzieci\/","name":"Hiszpa\u0144ski dla dzieci w S\u0142omnikach w S\u0142omnikach, Zielonkach, Luborzycy i Iwanowicach W\u0142o\u015bcia\u0144skich - Leader School","isPartOf":{"@id":"https:\/\/leaderschool.pl\/slomniki\/#website"},"datePublished":"2022-07-24T16:58:31+00:00","dateModified":"2022-08-01T10:51:36+00:00","breadcrumb":{"@id":"https:\/\/leaderschool.pl\/slomniki\/hiszpanski-dla-dzieci\/#breadcrumb"},"inLanguage":"pl-PL","potentialAction":[{"@type":"ReadAction","target":["https:\/\/leaderschool.pl\/slomniki\/hiszpanski-dla-dzieci\/"]}]},{"@type":"BreadcrumbList","@id":"https:\/\/leaderschool.pl\/slomniki\/hiszpanski-dla-dzieci\/#breadcrumb","itemListElement":[{"@type":"ListItem","position":1,"name":"Home","item":"https:\/\/leaderschool.pl\/slomniki\/"},{"@type":"ListItem","position":2,"name":"Hiszpa\u0144ski dla dzieci w&nbsp;S\u0142omnikach"}]}]}},"_links":{"self":[{"href":"https:\/\/leaderschool.pl\/slomniki\/wp-json\/wp\/v2\/pages\/2604"}],"collection":[{"href":"https:\/\/leaderschool.pl\/slomniki\/wp-json\/wp\/v2\/pages"}],"about":[{"href":"https:\/\/leaderschool.pl\/slomniki\/wp-json\/wp\/v2\/types\/page"}],"author":[{"embeddable":true,"href":"https:\/\/leaderschool.pl\/slomniki\/wp-json\/wp\/v2\/users\/3"}],"replies":[{"embeddable":true,"href":"https:\/\/leaderschool.pl\/slomniki\/wp-json\/wp\/v2\/comments?post=2604"}],"version-history":[{"count":4,"href":"https:\/\/leaderschool.pl\/slomniki\/wp-json\/wp\/v2\/pages\/2604\/revisions"}],"predecessor-version":[{"id":2650,"href":"https:\/\/leaderschool.pl\/slomniki\/wp-json\/wp\/v2\/pages\/2604\/revisions\/2650"}],"wp:attachment":[{"href":"https:\/\/leaderschool.pl\/slomniki\/wp-json\/wp\/v2\/media?parent=2604"}],"curies":[{"name":"wp","href":"https:\/\/api.w.org\/{rel}","templated":true}]}}