{"id":2594,"date":"2022-07-24T18:54:36","date_gmt":"2022-07-24T16:54:36","guid":{"rendered":"https:\/\/leaderschool.sellision.dev\/slomniki\/?page_id=2594"},"modified":"2022-07-24T18:54:36","modified_gmt":"2022-07-24T16:54:36","slug":"dla-szkol-podstawowych","status":"publish","type":"page","link":"https:\/\/leaderschool.pl\/slomniki\/dla-szkol-podstawowych\/","title":{"rendered":"Dla szk\u00f3\u0142 podstawowych"},"content":{"rendered":"\n<h2>Drodzy Rodzice!<\/h2>\n\n\n\n<p>Staramy si\u0119 wychodzi\u0107 naprzeciw Pa\u0144stwa oczekiwaniom i oferowa\u0107 dodatkowe zaj\u0119cia z j\u0119zyka angielskiego oraz kursy efektywnej nauki na miejscu, w szko\u0142ach podstawowych do kt\u00f3rych ucz\u0119szczaj\u0105 Pa\u0144stwa Dzieci. Wiemy, \u017ce czasami nie macie Pa\u0144stwo mo\u017cliwo\u015bci dowo\u017cenia Dzieci na zaj\u0119cia dodatkowe do naszej szko\u0142y.<\/p>\n\n\n\n<p>Obserwuj\u0105c od wielu lat te trudno\u015bci, poszerzyli\u015bmy nasz\u0105 ofert\u0119 o kursy odbywaj\u0105ce si\u0119 na terenie szk\u00f3\u0142 podstawowych, do kt\u00f3rych ucz\u0119szczaj\u0105 Dzieci. Dzi\u0119ki takiemu rozwi\u0105zaniu Pa\u0144stwa pociechy ucz\u0105 si\u0119 j\u0119zyka obcego bezpo\u015brednio po swoich zaj\u0119ciach lekcyjnych, na terenie swojej szko\u0142y, w gronie r\u00f3wie\u015bnik\u00f3w .<\/p>\n\n\n\n<p>Zaj\u0119cia organizowane s\u0105 (je\u015bli tylko to mo\u017cliwe) bezpo\u015brednio przed\/po lekcjach szkolnych. Na \u017cyczenie dzieci s\u0105 odbierane i odprowadzane po zaj\u0119ciach do \u015bwietlicy szkolnej.<\/p>\n\n\n\n<p>Metoda Leo English pozwala dzieciom zanurzy\u0107 si\u0119 w j\u0119zyku angielskim w jego naturalnym otoczeniu.<br>Dzieci uczestnicz\u0105ce w zaj\u0119ciach ch\u0142on\u0105 angielski wszystkimi zmys\u0142ami, bawi\u0105 si\u0119 i ucz\u0105 jednocze\u015bnie!<\/p>\n","protected":false},"excerpt":{"rendered":"<p>Drodzy Rodzice! Staramy si\u0119 wychodzi\u0107 naprzeciw Pa\u0144stwa oczekiwaniom i oferowa\u0107 dodatkowe zaj\u0119cia z j\u0119zyka angielskiego oraz kursy efektywnej nauki na miejscu, w szko\u0142ach podstawowych do kt\u00f3rych ucz\u0119szczaj\u0105 Pa\u0144stwa Dzieci. Wiemy, \u017ce czasami nie macie Pa\u0144stwo mo\u017cliwo\u015bci dowo\u017cenia Dzieci na zaj\u0119cia dodatkowe do naszej szko\u0142y. Obserwuj\u0105c od wielu lat te trudno\u015bci, poszerzyli\u015bmy nasz\u0105 ofert\u0119 o kursy [&hellip;]<\/p>\n","protected":false},"author":3,"featured_media":0,"parent":0,"menu_order":0,"comment_status":"closed","ping_status":"closed","template":"","meta":{"ngg_post_thumbnail":0},"acf":[],"yoast_head":"<!-- This site is optimized with the Yoast SEO plugin v18.9 - https:\/\/yoast.com\/wordpress\/plugins\/seo\/ -->\n<title>Dla szk\u00f3\u0142 podstawowych w S\u0142omnikach, Zielonkach, Luborzycy i Iwanowicach W\u0142o\u015bcia\u0144skich - Leader School<\/title>\n<meta name=\"robots\" content=\"index, follow, max-snippet:-1, max-image-preview:large, max-video-preview:-1\" \/>\n<link rel=\"canonical\" href=\"https:\/\/leaderschool.pl\/slomniki\/dla-szkol-podstawowych\/\" \/>\n<meta property=\"og:locale\" content=\"pl_PL\" \/>\n<meta property=\"og:type\" content=\"article\" \/>\n<meta property=\"og:title\" content=\"Dla szk\u00f3\u0142 podstawowych w S\u0142omnikach, Zielonkach, Luborzycy i Iwanowicach W\u0142o\u015bcia\u0144skich - Leader School\" \/>\n<meta property=\"og:description\" content=\"Drodzy Rodzice! Staramy si\u0119 wychodzi\u0107 naprzeciw Pa\u0144stwa oczekiwaniom i oferowa\u0107 dodatkowe zaj\u0119cia z j\u0119zyka angielskiego oraz kursy efektywnej nauki na miejscu, w szko\u0142ach podstawowych do kt\u00f3rych ucz\u0119szczaj\u0105 Pa\u0144stwa Dzieci. Wiemy, \u017ce czasami nie macie Pa\u0144stwo mo\u017cliwo\u015bci dowo\u017cenia Dzieci na zaj\u0119cia dodatkowe do naszej szko\u0142y. Obserwuj\u0105c od wielu lat te trudno\u015bci, poszerzyli\u015bmy nasz\u0105 ofert\u0119 o kursy [&hellip;]\" \/>\n<meta property=\"og:url\" content=\"https:\/\/leaderschool.pl\/slomniki\/dla-szkol-podstawowych\/\" \/>\n<meta property=\"og:site_name\" content=\"w S\u0142omnikach, Zielonkach, Luborzycy i Iwanowicach W\u0142o\u015bcia\u0144skich - Leader School\" \/>\n<meta name=\"twitter:card\" content=\"summary_large_image\" \/>\n<meta name=\"twitter:label1\" content=\"Szacowany czas czytania\" \/>\n\t<meta name=\"twitter:data1\" content=\"1 minuta\" \/>\n<script type=\"application\/ld+json\" class=\"yoast-schema-graph\">{\"@context\":\"https:\/\/schema.org\",\"@graph\":[{\"@type\":\"WebSite\",\"@id\":\"https:\/\/leaderschool.pl\/slomniki\/#website\",\"url\":\"https:\/\/leaderschool.pl\/slomniki\/\",\"name\":\"w S\u0142omnikach, Zielonkach, Luborzycy i Iwanowicach W\u0142o\u015bcia\u0144skich - Leader School\",\"description\":\"\",\"potentialAction\":[{\"@type\":\"SearchAction\",\"target\":{\"@type\":\"EntryPoint\",\"urlTemplate\":\"https:\/\/leaderschool.pl\/slomniki\/?s={search_term_string}\"},\"query-input\":\"required name=search_term_string\"}],\"inLanguage\":\"pl-PL\"},{\"@type\":\"WebPage\",\"@id\":\"https:\/\/leaderschool.pl\/slomniki\/dla-szkol-podstawowych\/#webpage\",\"url\":\"https:\/\/leaderschool.pl\/slomniki\/dla-szkol-podstawowych\/\",\"name\":\"Dla szk\u00f3\u0142 podstawowych w S\u0142omnikach, Zielonkach, Luborzycy i Iwanowicach W\u0142o\u015bcia\u0144skich - Leader School\",\"isPartOf\":{\"@id\":\"https:\/\/leaderschool.pl\/slomniki\/#website\"},\"datePublished\":\"2022-07-24T16:54:36+00:00\",\"dateModified\":\"2022-07-24T16:54:36+00:00\",\"breadcrumb\":{\"@id\":\"https:\/\/leaderschool.pl\/slomniki\/dla-szkol-podstawowych\/#breadcrumb\"},\"inLanguage\":\"pl-PL\",\"potentialAction\":[{\"@type\":\"ReadAction\",\"target\":[\"https:\/\/leaderschool.pl\/slomniki\/dla-szkol-podstawowych\/\"]}]},{\"@type\":\"BreadcrumbList\",\"@id\":\"https:\/\/leaderschool.pl\/slomniki\/dla-szkol-podstawowych\/#breadcrumb\",\"itemListElement\":[{\"@type\":\"ListItem\",\"position\":1,\"name\":\"Home\",\"item\":\"https:\/\/leaderschool.pl\/slomniki\/\"},{\"@type\":\"ListItem\",\"position\":2,\"name\":\"Dla szk\u00f3\u0142 podstawowych\"}]}]}<\/script>\n<!-- \/ Yoast SEO plugin. -->","yoast_head_json":{"title":"Dla szk\u00f3\u0142 podstawowych w S\u0142omnikach, Zielonkach, Luborzycy i Iwanowicach W\u0142o\u015bcia\u0144skich - Leader School","robots":{"index":"index","follow":"follow","max-snippet":"max-snippet:-1","max-image-preview":"max-image-preview:large","max-video-preview":"max-video-preview:-1"},"canonical":"https:\/\/leaderschool.pl\/slomniki\/dla-szkol-podstawowych\/","og_locale":"pl_PL","og_type":"article","og_title":"Dla szk\u00f3\u0142 podstawowych w S\u0142omnikach, Zielonkach, Luborzycy i Iwanowicach W\u0142o\u015bcia\u0144skich - Leader School","og_description":"Drodzy Rodzice! Staramy si\u0119 wychodzi\u0107 naprzeciw Pa\u0144stwa oczekiwaniom i oferowa\u0107 dodatkowe zaj\u0119cia z j\u0119zyka angielskiego oraz kursy efektywnej nauki na miejscu, w szko\u0142ach podstawowych do kt\u00f3rych ucz\u0119szczaj\u0105 Pa\u0144stwa Dzieci. Wiemy, \u017ce czasami nie macie Pa\u0144stwo mo\u017cliwo\u015bci dowo\u017cenia Dzieci na zaj\u0119cia dodatkowe do naszej szko\u0142y. Obserwuj\u0105c od wielu lat te trudno\u015bci, poszerzyli\u015bmy nasz\u0105 ofert\u0119 o kursy [&hellip;]","og_url":"https:\/\/leaderschool.pl\/slomniki\/dla-szkol-podstawowych\/","og_site_name":"w S\u0142omnikach, Zielonkach, Luborzycy i Iwanowicach W\u0142o\u015bcia\u0144skich - Leader School","twitter_card":"summary_large_image","twitter_misc":{"Szacowany czas czytania":"1 minuta"},"schema":{"@context":"https:\/\/schema.org","@graph":[{"@type":"WebSite","@id":"https:\/\/leaderschool.pl\/slomniki\/#website","url":"https:\/\/leaderschool.pl\/slomniki\/","name":"w S\u0142omnikach, Zielonkach, Luborzycy i Iwanowicach W\u0142o\u015bcia\u0144skich - Leader School","description":"","potentialAction":[{"@type":"SearchAction","target":{"@type":"EntryPoint","urlTemplate":"https:\/\/leaderschool.pl\/slomniki\/?s={search_term_string}"},"query-input":"required name=search_term_string"}],"inLanguage":"pl-PL"},{"@type":"WebPage","@id":"https:\/\/leaderschool.pl\/slomniki\/dla-szkol-podstawowych\/#webpage","url":"https:\/\/leaderschool.pl\/slomniki\/dla-szkol-podstawowych\/","name":"Dla szk\u00f3\u0142 podstawowych w S\u0142omnikach, Zielonkach, Luborzycy i Iwanowicach W\u0142o\u015bcia\u0144skich - Leader School","isPartOf":{"@id":"https:\/\/leaderschool.pl\/slomniki\/#website"},"datePublished":"2022-07-24T16:54:36+00:00","dateModified":"2022-07-24T16:54:36+00:00","breadcrumb":{"@id":"https:\/\/leaderschool.pl\/slomniki\/dla-szkol-podstawowych\/#breadcrumb"},"inLanguage":"pl-PL","potentialAction":[{"@type":"ReadAction","target":["https:\/\/leaderschool.pl\/slomniki\/dla-szkol-podstawowych\/"]}]},{"@type":"BreadcrumbList","@id":"https:\/\/leaderschool.pl\/slomniki\/dla-szkol-podstawowych\/#breadcrumb","itemListElement":[{"@type":"ListItem","position":1,"name":"Home","item":"https:\/\/leaderschool.pl\/slomniki\/"},{"@type":"ListItem","position":2,"name":"Dla szk\u00f3\u0142 podstawowych"}]}]}},"_links":{"self":[{"href":"https:\/\/leaderschool.pl\/slomniki\/wp-json\/wp\/v2\/pages\/2594"}],"collection":[{"href":"https:\/\/leaderschool.pl\/slomniki\/wp-json\/wp\/v2\/pages"}],"about":[{"href":"https:\/\/leaderschool.pl\/slomniki\/wp-json\/wp\/v2\/types\/page"}],"author":[{"embeddable":true,"href":"https:\/\/leaderschool.pl\/slomniki\/wp-json\/wp\/v2\/users\/3"}],"replies":[{"embeddable":true,"href":"https:\/\/leaderschool.pl\/slomniki\/wp-json\/wp\/v2\/comments?post=2594"}],"version-history":[{"count":1,"href":"https:\/\/leaderschool.pl\/slomniki\/wp-json\/wp\/v2\/pages\/2594\/revisions"}],"predecessor-version":[{"id":2595,"href":"https:\/\/leaderschool.pl\/slomniki\/wp-json\/wp\/v2\/pages\/2594\/revisions\/2595"}],"wp:attachment":[{"href":"https:\/\/leaderschool.pl\/slomniki\/wp-json\/wp\/v2\/media?parent=2594"}],"curies":[{"name":"wp","href":"https:\/\/api.w.org\/{rel}","templated":true}]}}