{"id":2580,"date":"2022-07-23T14:44:01","date_gmt":"2022-07-23T12:44:01","guid":{"rendered":"https:\/\/leaderschool.sellision.dev\/skawina\/?page_id=2580"},"modified":"2022-07-23T14:44:02","modified_gmt":"2022-07-23T12:44:02","slug":"direct-metod-for-english","status":"publish","type":"page","link":"https:\/\/leaderschool.pl\/skawina\/direct-metod-for-english\/","title":{"rendered":"Direct Metod for English"},"content":{"rendered":"\n<figure class=\"wp-block-image\"><img src=\"data:image\/gif;base64,R0lGODlhAQABAAAAACH5BAEKAAEALAAAAAABAAEAAAICTAEAOw==\" alt=\"\" class=\"lazyload\" data-src=\"https:\/\/skawina.leaderschool.pl\/wp-content\/uploads\/sites\/35\/2017\/07\/direct.jpg\"><\/figure>\n\n\n\n<ul><li>Jest to metoda bezpo\u015brednia, kt\u00f3rej g\u0142\u00f3wnym celem jest nauczanie umiej\u0119tno\u015bci komunikacji w j\u0119zyku angielskim, poprzez minimalizowanie j\u0119zyka ojczystego w czasie zaj\u0119\u0107 i wykszta\u0142cenie pewnych odruch\u00f3w j\u0119zykowych a to z kolei prowadzi do my\u015blenia w j\u0119zyku angielskim, kt\u00f3rego chcemy si\u0119 nauczy\u0107 i z \u0142atwo\u015bci\u0105 pos\u0142ugiwa\u0107 si\u0119 nim w praktyce.<\/li><\/ul>\n\n\n\n<ul><li>Metoda ta k\u0142adzie du\u017cy nacisk na praktyk\u0119, m\u00f3wienie i s\u0142uchanie.<br>oko\u0142o 80% zaj\u0119\u0107 to ustna praca z lektorem, polegaj\u0105ca na kontrolowanym dialogu, w kt\u00f3rym lektor zadaje pytanie w oparciu o wprowadzone wcze\u015bniej s\u0142ownictwo oraz zagadnienia gramatyczne.<br>W ten spos\u00f3b nowy materia\u0142 jest \u0107wiczony w praktyce.<\/li><\/ul>\n\n\n\n<ul><li>Aby rozwin\u0105\u0107 odpowiednie odruchy j\u0119zykowe nale\u017cy m\u00f3wi\u0107 szybko i bez zastanawiania si\u0119. Dzi\u0119ki temu wykorzenia si\u0119 nawyk my\u015blenia po polsku i t\u0142umaczenia na j\u0119zyk obcy, kt\u00f3ry bardzo utrudnia rozumienie ze s\u0142uchu i m\u00f3wienie w naturalnym tempie.<br>Tajemnic\u0105 sukcesu w uczeniu si\u0119 j\u0119zyka obcego s\u0105 powt\u00f3rki materia\u0142u.<br>Nauka j\u0119zyka polega g\u0142\u00f3wnie na kszta\u0142ceniu szybkich odruch\u00f3w, a takie odruchy mo\u017cna wykszta\u0142ci\u0107 jedynie przez cz\u0119ste powt\u00f3rki.<\/li><\/ul>\n\n\n\n<ul><li>Zaj\u0119cia odbywaj\u0105 si\u0119 1 raz w tygodniu w wymiarze 90 minut.<\/li><\/ul>\n","protected":false},"excerpt":{"rendered":"<p>Jest to metoda bezpo\u015brednia, kt\u00f3rej g\u0142\u00f3wnym celem jest nauczanie umiej\u0119tno\u015bci komunikacji w j\u0119zyku angielskim, poprzez minimalizowanie j\u0119zyka ojczystego w czasie zaj\u0119\u0107 i wykszta\u0142cenie pewnych odruch\u00f3w j\u0119zykowych a to z kolei prowadzi do my\u015blenia w j\u0119zyku angielskim, kt\u00f3rego chcemy si\u0119 nauczy\u0107 i z \u0142atwo\u015bci\u0105 pos\u0142ugiwa\u0107 si\u0119 nim w praktyce. Metoda ta k\u0142adzie du\u017cy nacisk na praktyk\u0119, [&hellip;]<\/p>\n","protected":false},"author":3,"featured_media":0,"parent":0,"menu_order":0,"comment_status":"closed","ping_status":"closed","template":"","meta":{"ngg_post_thumbnail":0},"acf":[],"yoast_head":"<!-- This site is optimized with the Yoast SEO plugin v18.9 - https:\/\/yoast.com\/wordpress\/plugins\/seo\/ -->\n<title>Direct Metod for English w Skawinie - Leader School<\/title>\n<meta name=\"robots\" content=\"index, follow, max-snippet:-1, max-image-preview:large, max-video-preview:-1\" \/>\n<link rel=\"canonical\" href=\"https:\/\/leaderschool.pl\/skawina\/direct-metod-for-english\/\" \/>\n<meta property=\"og:locale\" content=\"pl_PL\" \/>\n<meta property=\"og:type\" content=\"article\" \/>\n<meta property=\"og:title\" content=\"Direct Metod for English w Skawinie - Leader School\" \/>\n<meta property=\"og:description\" content=\"Jest to metoda bezpo\u015brednia, kt\u00f3rej g\u0142\u00f3wnym celem jest nauczanie umiej\u0119tno\u015bci komunikacji w j\u0119zyku angielskim, poprzez minimalizowanie j\u0119zyka ojczystego w czasie zaj\u0119\u0107 i wykszta\u0142cenie pewnych odruch\u00f3w j\u0119zykowych a to z kolei prowadzi do my\u015blenia w j\u0119zyku angielskim, kt\u00f3rego chcemy si\u0119 nauczy\u0107 i z \u0142atwo\u015bci\u0105 pos\u0142ugiwa\u0107 si\u0119 nim w praktyce. Metoda ta k\u0142adzie du\u017cy nacisk na praktyk\u0119, [&hellip;]\" \/>\n<meta property=\"og:url\" content=\"https:\/\/leaderschool.pl\/skawina\/direct-metod-for-english\/\" \/>\n<meta property=\"og:site_name\" content=\"w Skawinie - Leader School\" \/>\n<meta property=\"article:modified_time\" content=\"2022-07-23T12:44:02+00:00\" \/>\n<meta property=\"og:image\" content=\"https:\/\/skawina.leaderschool.pl\/wp-content\/uploads\/sites\/35\/2017\/07\/direct.jpg\" \/>\n<meta name=\"twitter:card\" content=\"summary_large_image\" \/>\n<meta name=\"twitter:label1\" content=\"Szacowany czas czytania\" \/>\n\t<meta name=\"twitter:data1\" content=\"2 minuty\" \/>\n<script type=\"application\/ld+json\" class=\"yoast-schema-graph\">{\"@context\":\"https:\/\/schema.org\",\"@graph\":[{\"@type\":\"WebSite\",\"@id\":\"https:\/\/leaderschool.pl\/skawina\/#website\",\"url\":\"https:\/\/leaderschool.pl\/skawina\/\",\"name\":\"w Skawinie - Leader School\",\"description\":\"\",\"potentialAction\":[{\"@type\":\"SearchAction\",\"target\":{\"@type\":\"EntryPoint\",\"urlTemplate\":\"https:\/\/leaderschool.pl\/skawina\/?s={search_term_string}\"},\"query-input\":\"required name=search_term_string\"}],\"inLanguage\":\"pl-PL\"},{\"@type\":\"ImageObject\",\"inLanguage\":\"pl-PL\",\"@id\":\"https:\/\/leaderschool.pl\/skawina\/direct-metod-for-english\/#primaryimage\",\"url\":\"https:\/\/skawina.leaderschool.pl\/wp-content\/uploads\/sites\/35\/2017\/07\/direct.jpg\",\"contentUrl\":\"https:\/\/skawina.leaderschool.pl\/wp-content\/uploads\/sites\/35\/2017\/07\/direct.jpg\"},{\"@type\":\"WebPage\",\"@id\":\"https:\/\/leaderschool.pl\/skawina\/direct-metod-for-english\/#webpage\",\"url\":\"https:\/\/leaderschool.pl\/skawina\/direct-metod-for-english\/\",\"name\":\"Direct Metod for English w Skawinie - Leader School\",\"isPartOf\":{\"@id\":\"https:\/\/leaderschool.pl\/skawina\/#website\"},\"primaryImageOfPage\":{\"@id\":\"https:\/\/leaderschool.pl\/skawina\/direct-metod-for-english\/#primaryimage\"},\"datePublished\":\"2022-07-23T12:44:01+00:00\",\"dateModified\":\"2022-07-23T12:44:02+00:00\",\"breadcrumb\":{\"@id\":\"https:\/\/leaderschool.pl\/skawina\/direct-metod-for-english\/#breadcrumb\"},\"inLanguage\":\"pl-PL\",\"potentialAction\":[{\"@type\":\"ReadAction\",\"target\":[\"https:\/\/leaderschool.pl\/skawina\/direct-metod-for-english\/\"]}]},{\"@type\":\"BreadcrumbList\",\"@id\":\"https:\/\/leaderschool.pl\/skawina\/direct-metod-for-english\/#breadcrumb\",\"itemListElement\":[{\"@type\":\"ListItem\",\"position\":1,\"name\":\"Home\",\"item\":\"https:\/\/leaderschool.pl\/skawina\/\"},{\"@type\":\"ListItem\",\"position\":2,\"name\":\"Direct Metod for English\"}]}]}<\/script>\n<!-- \/ Yoast SEO plugin. -->","yoast_head_json":{"title":"Direct Metod for English w Skawinie - Leader School","robots":{"index":"index","follow":"follow","max-snippet":"max-snippet:-1","max-image-preview":"max-image-preview:large","max-video-preview":"max-video-preview:-1"},"canonical":"https:\/\/leaderschool.pl\/skawina\/direct-metod-for-english\/","og_locale":"pl_PL","og_type":"article","og_title":"Direct Metod for English w Skawinie - Leader School","og_description":"Jest to metoda bezpo\u015brednia, kt\u00f3rej g\u0142\u00f3wnym celem jest nauczanie umiej\u0119tno\u015bci komunikacji w j\u0119zyku angielskim, poprzez minimalizowanie j\u0119zyka ojczystego w czasie zaj\u0119\u0107 i wykszta\u0142cenie pewnych odruch\u00f3w j\u0119zykowych a to z kolei prowadzi do my\u015blenia w j\u0119zyku angielskim, kt\u00f3rego chcemy si\u0119 nauczy\u0107 i z \u0142atwo\u015bci\u0105 pos\u0142ugiwa\u0107 si\u0119 nim w praktyce. Metoda ta k\u0142adzie du\u017cy nacisk na praktyk\u0119, [&hellip;]","og_url":"https:\/\/leaderschool.pl\/skawina\/direct-metod-for-english\/","og_site_name":"w Skawinie - Leader School","article_modified_time":"2022-07-23T12:44:02+00:00","og_image":[{"url":"https:\/\/skawina.leaderschool.pl\/wp-content\/uploads\/sites\/35\/2017\/07\/direct.jpg"}],"twitter_card":"summary_large_image","twitter_misc":{"Szacowany czas czytania":"2 minuty"},"schema":{"@context":"https:\/\/schema.org","@graph":[{"@type":"WebSite","@id":"https:\/\/leaderschool.pl\/skawina\/#website","url":"https:\/\/leaderschool.pl\/skawina\/","name":"w Skawinie - Leader School","description":"","potentialAction":[{"@type":"SearchAction","target":{"@type":"EntryPoint","urlTemplate":"https:\/\/leaderschool.pl\/skawina\/?s={search_term_string}"},"query-input":"required name=search_term_string"}],"inLanguage":"pl-PL"},{"@type":"ImageObject","inLanguage":"pl-PL","@id":"https:\/\/leaderschool.pl\/skawina\/direct-metod-for-english\/#primaryimage","url":"https:\/\/skawina.leaderschool.pl\/wp-content\/uploads\/sites\/35\/2017\/07\/direct.jpg","contentUrl":"https:\/\/skawina.leaderschool.pl\/wp-content\/uploads\/sites\/35\/2017\/07\/direct.jpg"},{"@type":"WebPage","@id":"https:\/\/leaderschool.pl\/skawina\/direct-metod-for-english\/#webpage","url":"https:\/\/leaderschool.pl\/skawina\/direct-metod-for-english\/","name":"Direct Metod for English w Skawinie - Leader School","isPartOf":{"@id":"https:\/\/leaderschool.pl\/skawina\/#website"},"primaryImageOfPage":{"@id":"https:\/\/leaderschool.pl\/skawina\/direct-metod-for-english\/#primaryimage"},"datePublished":"2022-07-23T12:44:01+00:00","dateModified":"2022-07-23T12:44:02+00:00","breadcrumb":{"@id":"https:\/\/leaderschool.pl\/skawina\/direct-metod-for-english\/#breadcrumb"},"inLanguage":"pl-PL","potentialAction":[{"@type":"ReadAction","target":["https:\/\/leaderschool.pl\/skawina\/direct-metod-for-english\/"]}]},{"@type":"BreadcrumbList","@id":"https:\/\/leaderschool.pl\/skawina\/direct-metod-for-english\/#breadcrumb","itemListElement":[{"@type":"ListItem","position":1,"name":"Home","item":"https:\/\/leaderschool.pl\/skawina\/"},{"@type":"ListItem","position":2,"name":"Direct Metod for English"}]}]}},"_links":{"self":[{"href":"https:\/\/leaderschool.pl\/skawina\/wp-json\/wp\/v2\/pages\/2580"}],"collection":[{"href":"https:\/\/leaderschool.pl\/skawina\/wp-json\/wp\/v2\/pages"}],"about":[{"href":"https:\/\/leaderschool.pl\/skawina\/wp-json\/wp\/v2\/types\/page"}],"author":[{"embeddable":true,"href":"https:\/\/leaderschool.pl\/skawina\/wp-json\/wp\/v2\/users\/3"}],"replies":[{"embeddable":true,"href":"https:\/\/leaderschool.pl\/skawina\/wp-json\/wp\/v2\/comments?post=2580"}],"version-history":[{"count":1,"href":"https:\/\/leaderschool.pl\/skawina\/wp-json\/wp\/v2\/pages\/2580\/revisions"}],"predecessor-version":[{"id":2581,"href":"https:\/\/leaderschool.pl\/skawina\/wp-json\/wp\/v2\/pages\/2580\/revisions\/2581"}],"wp:attachment":[{"href":"https:\/\/leaderschool.pl\/skawina\/wp-json\/wp\/v2\/media?parent=2580"}],"curies":[{"name":"wp","href":"https:\/\/api.w.org\/{rel}","templated":true}]}}