{"id":2696,"date":"2022-09-28T11:24:32","date_gmt":"2022-09-28T09:24:32","guid":{"rendered":"https:\/\/leaderschool.pl\/poznan-winogrady\/?page_id=2696"},"modified":"2022-09-28T11:24:32","modified_gmt":"2022-09-28T09:24:32","slug":"dla-przedszkoli-i-szkol-podstawowych","status":"publish","type":"page","link":"https:\/\/leaderschool.pl\/poznan-winogrady\/dla-przedszkoli-i-szkol-podstawowych\/","title":{"rendered":"Dla przedszkoli i szk\u00f3\u0142 podstawowych"},"content":{"rendered":"\n<p>We\u017a najlepsze sk\u0142adniki, zaanga\u017cuj znakomite osoby, ca\u0142\u0105 wiedz\u0119, serce, pasj\u0119 i\u00a0do\u015bwiadczenie, by\u00a0przygotowa\u0107 co\u015b wy\u0142\u0105cznie dla dzieci! Dla nas one s\u0105\u00a0najwa\u017cniejsze, dlatego poprosili\u015bmy uznanych ekspert\u00f3w o\u00a0stworzenie metody nauki dedykowanej jedynie dzieciom. W\u00a0ten spos\u00f3b powsta\u0142y wyj\u0105tkowe propozycje.<\/p>\n\n\n\n<p>Wychodz\u0105c naprzeciw oczekiwaniom Rodzic\u00f3w, Przedszkola a\u00a0zw\u0142aszcza samych zainteresowanych czyli Naszych Pociech, proponujemy Pa\u0144stwu wsp\u00f3\u0142prac\u0119 polegaj\u0105c\u0105 na:<\/p>\n\n\n\n<ul><li>prowadzeniu zaj\u0119\u0107 j\u0119zykowych na terenie Pa\u0144stwa szko\u0142y, prowadzonych autorsk\u0105 metod\u0105 LEO ENGLISH,<\/li><li>wykwalifikowan\u0105 kadr\u0119 lektorsk\u0105 \u2013 wszyscy nasi lektorzy posiadaj\u0105 wymagane przez\u00a0MEN kwalifikacje do\u00a0nauczania j\u0119zyka angielskiego oraz\u00a0do\u00a0nauczania w\u00a0plac\u00f3wkach przedszkolnych, a\u00a0tak\u017ce do\u015bwiadczenie w\u00a0pracy z\u00a0dzie\u0107mi w\u00a0wieku przedszkolnym. Zaj\u0119cia s\u0105\u00a0regularnie hospitowane,<\/li><li>dbamy tak\u017ce o\u00a0sta\u0142y rozw\u00f3j umiej\u0119tno\u015bci nauczania naszej kadry,<\/li><li>pomoc w\u00a0organizowaniu uroczysto\u015bci przedszkolnych z\u00a0udzia\u0142em dzieci, przygotowaniu przedszkolak\u00f3w do\u00a0wyst\u0119p\u00f3w i\u00a0konkurs\u00f3w dostarczaniu materia\u0142\u00f3w do\u00a0zabaw edukacyjnych,<\/li><li>raporty dotycz\u0105ce post\u0119p\u00f3w grupy, zakresu przerobionego materia\u0142u.<\/li><\/ul>\n","protected":false},"excerpt":{"rendered":"<p>We\u017a najlepsze sk\u0142adniki, zaanga\u017cuj znakomite osoby, ca\u0142\u0105 wiedz\u0119, serce, pasj\u0119 i\u00a0do\u015bwiadczenie, by\u00a0przygotowa\u0107 co\u015b wy\u0142\u0105cznie dla dzieci! Dla nas one s\u0105\u00a0najwa\u017cniejsze, dlatego poprosili\u015bmy uznanych ekspert\u00f3w o\u00a0stworzenie metody nauki dedykowanej jedynie dzieciom. W\u00a0ten spos\u00f3b powsta\u0142y wyj\u0105tkowe propozycje. Wychodz\u0105c naprzeciw oczekiwaniom Rodzic\u00f3w, Przedszkola a\u00a0zw\u0142aszcza samych zainteresowanych czyli Naszych Pociech, proponujemy Pa\u0144stwu wsp\u00f3\u0142prac\u0119 polegaj\u0105c\u0105 na: prowadzeniu zaj\u0119\u0107 j\u0119zykowych na [&hellip;]<\/p>\n","protected":false},"author":3,"featured_media":0,"parent":0,"menu_order":0,"comment_status":"closed","ping_status":"closed","template":"","meta":{"ngg_post_thumbnail":0},"acf":[],"yoast_head":"<!-- This site is optimized with the Yoast SEO plugin v18.9 - https:\/\/yoast.com\/wordpress\/plugins\/seo\/ -->\n<title>Dla przedszkoli i szk\u00f3\u0142 podstawowych Leader School Pozna\u0144-Winogrady<\/title>\n<meta name=\"robots\" content=\"index, follow, max-snippet:-1, max-image-preview:large, max-video-preview:-1\" \/>\n<link rel=\"canonical\" href=\"https:\/\/leaderschool.pl\/poznan-winogrady\/dla-przedszkoli-i-szkol-podstawowych\/\" \/>\n<meta property=\"og:locale\" content=\"pl_PL\" \/>\n<meta property=\"og:type\" content=\"article\" \/>\n<meta property=\"og:title\" content=\"Dla przedszkoli i szk\u00f3\u0142 podstawowych Leader School Pozna\u0144-Winogrady\" \/>\n<meta property=\"og:description\" content=\"We\u017a najlepsze sk\u0142adniki, zaanga\u017cuj znakomite osoby, ca\u0142\u0105 wiedz\u0119, serce, pasj\u0119 i\u00a0do\u015bwiadczenie, by\u00a0przygotowa\u0107 co\u015b wy\u0142\u0105cznie dla dzieci! Dla nas one s\u0105\u00a0najwa\u017cniejsze, dlatego poprosili\u015bmy uznanych ekspert\u00f3w o\u00a0stworzenie metody nauki dedykowanej jedynie dzieciom. W\u00a0ten spos\u00f3b powsta\u0142y wyj\u0105tkowe propozycje. Wychodz\u0105c naprzeciw oczekiwaniom Rodzic\u00f3w, Przedszkola a\u00a0zw\u0142aszcza samych zainteresowanych czyli Naszych Pociech, proponujemy Pa\u0144stwu wsp\u00f3\u0142prac\u0119 polegaj\u0105c\u0105 na: prowadzeniu zaj\u0119\u0107 j\u0119zykowych na [&hellip;]\" \/>\n<meta property=\"og:url\" content=\"https:\/\/leaderschool.pl\/poznan-winogrady\/dla-przedszkoli-i-szkol-podstawowych\/\" \/>\n<meta property=\"og:site_name\" content=\"Leader School Pozna\u0144-Winogrady\" \/>\n<meta name=\"twitter:card\" content=\"summary_large_image\" \/>\n<meta name=\"twitter:label1\" content=\"Szacowany czas czytania\" \/>\n\t<meta name=\"twitter:data1\" content=\"1 minuta\" \/>\n<script type=\"application\/ld+json\" class=\"yoast-schema-graph\">{\"@context\":\"https:\/\/schema.org\",\"@graph\":[{\"@type\":\"WebSite\",\"@id\":\"https:\/\/leaderschool.pl\/poznan-winogrady\/#website\",\"url\":\"https:\/\/leaderschool.pl\/poznan-winogrady\/\",\"name\":\"Leader School Pozna\u0144-Winogrady\",\"description\":\"\",\"potentialAction\":[{\"@type\":\"SearchAction\",\"target\":{\"@type\":\"EntryPoint\",\"urlTemplate\":\"https:\/\/leaderschool.pl\/poznan-winogrady\/?s={search_term_string}\"},\"query-input\":\"required name=search_term_string\"}],\"inLanguage\":\"pl-PL\"},{\"@type\":\"WebPage\",\"@id\":\"https:\/\/leaderschool.pl\/poznan-winogrady\/dla-przedszkoli-i-szkol-podstawowych\/#webpage\",\"url\":\"https:\/\/leaderschool.pl\/poznan-winogrady\/dla-przedszkoli-i-szkol-podstawowych\/\",\"name\":\"Dla przedszkoli i szk\u00f3\u0142 podstawowych Leader School Pozna\u0144-Winogrady\",\"isPartOf\":{\"@id\":\"https:\/\/leaderschool.pl\/poznan-winogrady\/#website\"},\"datePublished\":\"2022-09-28T09:24:32+00:00\",\"dateModified\":\"2022-09-28T09:24:32+00:00\",\"breadcrumb\":{\"@id\":\"https:\/\/leaderschool.pl\/poznan-winogrady\/dla-przedszkoli-i-szkol-podstawowych\/#breadcrumb\"},\"inLanguage\":\"pl-PL\",\"potentialAction\":[{\"@type\":\"ReadAction\",\"target\":[\"https:\/\/leaderschool.pl\/poznan-winogrady\/dla-przedszkoli-i-szkol-podstawowych\/\"]}]},{\"@type\":\"BreadcrumbList\",\"@id\":\"https:\/\/leaderschool.pl\/poznan-winogrady\/dla-przedszkoli-i-szkol-podstawowych\/#breadcrumb\",\"itemListElement\":[{\"@type\":\"ListItem\",\"position\":1,\"name\":\"Home\",\"item\":\"https:\/\/leaderschool.pl\/poznan-winogrady\/\"},{\"@type\":\"ListItem\",\"position\":2,\"name\":\"Dla przedszkoli i szk\u00f3\u0142 podstawowych\"}]}]}<\/script>\n<!-- \/ Yoast SEO plugin. -->","yoast_head_json":{"title":"Dla przedszkoli i szk\u00f3\u0142 podstawowych Leader School Pozna\u0144-Winogrady","robots":{"index":"index","follow":"follow","max-snippet":"max-snippet:-1","max-image-preview":"max-image-preview:large","max-video-preview":"max-video-preview:-1"},"canonical":"https:\/\/leaderschool.pl\/poznan-winogrady\/dla-przedszkoli-i-szkol-podstawowych\/","og_locale":"pl_PL","og_type":"article","og_title":"Dla przedszkoli i szk\u00f3\u0142 podstawowych Leader School Pozna\u0144-Winogrady","og_description":"We\u017a najlepsze sk\u0142adniki, zaanga\u017cuj znakomite osoby, ca\u0142\u0105 wiedz\u0119, serce, pasj\u0119 i\u00a0do\u015bwiadczenie, by\u00a0przygotowa\u0107 co\u015b wy\u0142\u0105cznie dla dzieci! Dla nas one s\u0105\u00a0najwa\u017cniejsze, dlatego poprosili\u015bmy uznanych ekspert\u00f3w o\u00a0stworzenie metody nauki dedykowanej jedynie dzieciom. W\u00a0ten spos\u00f3b powsta\u0142y wyj\u0105tkowe propozycje. Wychodz\u0105c naprzeciw oczekiwaniom Rodzic\u00f3w, Przedszkola a\u00a0zw\u0142aszcza samych zainteresowanych czyli Naszych Pociech, proponujemy Pa\u0144stwu wsp\u00f3\u0142prac\u0119 polegaj\u0105c\u0105 na: prowadzeniu zaj\u0119\u0107 j\u0119zykowych na [&hellip;]","og_url":"https:\/\/leaderschool.pl\/poznan-winogrady\/dla-przedszkoli-i-szkol-podstawowych\/","og_site_name":"Leader School Pozna\u0144-Winogrady","twitter_card":"summary_large_image","twitter_misc":{"Szacowany czas czytania":"1 minuta"},"schema":{"@context":"https:\/\/schema.org","@graph":[{"@type":"WebSite","@id":"https:\/\/leaderschool.pl\/poznan-winogrady\/#website","url":"https:\/\/leaderschool.pl\/poznan-winogrady\/","name":"Leader School Pozna\u0144-Winogrady","description":"","potentialAction":[{"@type":"SearchAction","target":{"@type":"EntryPoint","urlTemplate":"https:\/\/leaderschool.pl\/poznan-winogrady\/?s={search_term_string}"},"query-input":"required name=search_term_string"}],"inLanguage":"pl-PL"},{"@type":"WebPage","@id":"https:\/\/leaderschool.pl\/poznan-winogrady\/dla-przedszkoli-i-szkol-podstawowych\/#webpage","url":"https:\/\/leaderschool.pl\/poznan-winogrady\/dla-przedszkoli-i-szkol-podstawowych\/","name":"Dla przedszkoli i szk\u00f3\u0142 podstawowych Leader School Pozna\u0144-Winogrady","isPartOf":{"@id":"https:\/\/leaderschool.pl\/poznan-winogrady\/#website"},"datePublished":"2022-09-28T09:24:32+00:00","dateModified":"2022-09-28T09:24:32+00:00","breadcrumb":{"@id":"https:\/\/leaderschool.pl\/poznan-winogrady\/dla-przedszkoli-i-szkol-podstawowych\/#breadcrumb"},"inLanguage":"pl-PL","potentialAction":[{"@type":"ReadAction","target":["https:\/\/leaderschool.pl\/poznan-winogrady\/dla-przedszkoli-i-szkol-podstawowych\/"]}]},{"@type":"BreadcrumbList","@id":"https:\/\/leaderschool.pl\/poznan-winogrady\/dla-przedszkoli-i-szkol-podstawowych\/#breadcrumb","itemListElement":[{"@type":"ListItem","position":1,"name":"Home","item":"https:\/\/leaderschool.pl\/poznan-winogrady\/"},{"@type":"ListItem","position":2,"name":"Dla przedszkoli i szk\u00f3\u0142 podstawowych"}]}]}},"_links":{"self":[{"href":"https:\/\/leaderschool.pl\/poznan-winogrady\/wp-json\/wp\/v2\/pages\/2696"}],"collection":[{"href":"https:\/\/leaderschool.pl\/poznan-winogrady\/wp-json\/wp\/v2\/pages"}],"about":[{"href":"https:\/\/leaderschool.pl\/poznan-winogrady\/wp-json\/wp\/v2\/types\/page"}],"author":[{"embeddable":true,"href":"https:\/\/leaderschool.pl\/poznan-winogrady\/wp-json\/wp\/v2\/users\/3"}],"replies":[{"embeddable":true,"href":"https:\/\/leaderschool.pl\/poznan-winogrady\/wp-json\/wp\/v2\/comments?post=2696"}],"version-history":[{"count":1,"href":"https:\/\/leaderschool.pl\/poznan-winogrady\/wp-json\/wp\/v2\/pages\/2696\/revisions"}],"predecessor-version":[{"id":2699,"href":"https:\/\/leaderschool.pl\/poznan-winogrady\/wp-json\/wp\/v2\/pages\/2696\/revisions\/2699"}],"wp:attachment":[{"href":"https:\/\/leaderschool.pl\/poznan-winogrady\/wp-json\/wp\/v2\/media?parent=2696"}],"curies":[{"name":"wp","href":"https:\/\/api.w.org\/{rel}","templated":true}]}}