{"id":2695,"date":"2022-09-28T11:26:48","date_gmt":"2022-09-28T09:26:48","guid":{"rendered":"https:\/\/leaderschool.pl\/poznan-winogrady\/?page_id=2695"},"modified":"2022-09-28T11:26:51","modified_gmt":"2022-09-28T09:26:51","slug":"kursy-online","status":"publish","type":"page","link":"https:\/\/leaderschool.pl\/poznan-winogrady\/kursy-online\/","title":{"rendered":"Kursy online"},"content":{"rendered":"\n<p><strong>Zaj\u0119cia online z\u00a0angielskiego w\u00a0czasie rzeczywistym- co\u00a0to\u00a0znaczy?<br><\/strong><\/p>\n\n\n\n<p>Od\u00a0kilku lat wzrasta popularno\u015b\u0107 nauki online. Lektorzy z\u00a0<strong>Leader School w Poznaniu na Winogradach <\/strong>prowadz\u0105 zaj\u0119cia online w\u00a0czasie rzeczywistym. Podczas zaj\u0119\u0107 uczniowie maj\u0105 mo\u017cliwo\u015b\u0107 interakcji z\u00a0lektorem, tak\u00a0samo, jak w\u00a0przypadku zaj\u0119\u0107 stacjonarnych. Widz\u0105 lektora, a\u00a0nie\u00a0jego zdj\u0119cie. Zadaj\u0105 pytania i\u00a0na\u00a0bie\u017c\u0105co uzyskuj\u0105 odpowiedzi. Nasi nauczyciele maj\u0105 do\u015bwiadczenie w\u00a0prowadzeniu zaj\u0119\u0107 online.\u00a0 <\/p>\n\n\n\n<p><\/p>\n\n\n\n<p class=\"has-medium-font-size\"><strong>Kursy j\u0119zyk\u00f3w obcych online w Leader School w\u00a0Poznaniu na Winogradach<br><\/strong>W Leader School w\u00a0Poznaniu na Winogradach mo\u017cesz nauczy\u0107 si\u0119 online:<\/p>\n\n\n\n<ul><li>angielskiego<\/li><li>niemieckiego<\/li><li>hiszpa\u0144skiego\u00a0<\/li><li>w\u0142oskiego\u00a0<\/li><li>francuskiego<\/li><li>norweskiego<\/li><\/ul>\n\n\n\n<p>Na\u00a0pierwszym spotkaniu ustalimy\u00a0poziom znajomo\u015bci j\u0119zyka obcego. U\u0142o\u017cymy grafik spotka\u0144 dostosowany do\u00a0mo\u017cliwo\u015bci. Mo\u017cesz wybra\u0107 prac\u0119 w\u00a0grupie lub zaj\u0119cia indywidualne.<\/p>\n","protected":false},"excerpt":{"rendered":"<p>Zaj\u0119cia online z\u00a0angielskiego w\u00a0czasie rzeczywistym- co\u00a0to\u00a0znaczy? Od\u00a0kilku lat wzrasta popularno\u015b\u0107 nauki online. Lektorzy z\u00a0Leader School w Poznaniu na Winogradach prowadz\u0105 zaj\u0119cia online w\u00a0czasie rzeczywistym. Podczas zaj\u0119\u0107 uczniowie maj\u0105 mo\u017cliwo\u015b\u0107 interakcji z\u00a0lektorem, tak\u00a0samo, jak w\u00a0przypadku zaj\u0119\u0107 stacjonarnych. Widz\u0105 lektora, a\u00a0nie\u00a0jego zdj\u0119cie. Zadaj\u0105 pytania i\u00a0na\u00a0bie\u017c\u0105co uzyskuj\u0105 odpowiedzi. Nasi nauczyciele maj\u0105 do\u015bwiadczenie w\u00a0prowadzeniu zaj\u0119\u0107 online.\u00a0 Kursy j\u0119zyk\u00f3w obcych [&hellip;]<\/p>\n","protected":false},"author":3,"featured_media":0,"parent":0,"menu_order":0,"comment_status":"closed","ping_status":"closed","template":"","meta":{"ngg_post_thumbnail":0},"acf":[],"yoast_head":"<!-- This site is optimized with the Yoast SEO plugin v18.9 - https:\/\/yoast.com\/wordpress\/plugins\/seo\/ -->\n<title>Kursy online Leader School Pozna\u0144-Winogrady<\/title>\n<meta name=\"robots\" content=\"index, follow, max-snippet:-1, max-image-preview:large, max-video-preview:-1\" \/>\n<link rel=\"canonical\" href=\"https:\/\/leaderschool.pl\/poznan-winogrady\/kursy-online\/\" \/>\n<meta property=\"og:locale\" content=\"pl_PL\" \/>\n<meta property=\"og:type\" content=\"article\" \/>\n<meta property=\"og:title\" content=\"Kursy online Leader School Pozna\u0144-Winogrady\" \/>\n<meta property=\"og:description\" content=\"Zaj\u0119cia online z\u00a0angielskiego w\u00a0czasie rzeczywistym- co\u00a0to\u00a0znaczy? Od\u00a0kilku lat wzrasta popularno\u015b\u0107 nauki online. Lektorzy z\u00a0Leader School w Poznaniu na Winogradach prowadz\u0105 zaj\u0119cia online w\u00a0czasie rzeczywistym. Podczas zaj\u0119\u0107 uczniowie maj\u0105 mo\u017cliwo\u015b\u0107 interakcji z\u00a0lektorem, tak\u00a0samo, jak w\u00a0przypadku zaj\u0119\u0107 stacjonarnych. Widz\u0105 lektora, a\u00a0nie\u00a0jego zdj\u0119cie. Zadaj\u0105 pytania i\u00a0na\u00a0bie\u017c\u0105co uzyskuj\u0105 odpowiedzi. Nasi nauczyciele maj\u0105 do\u015bwiadczenie w\u00a0prowadzeniu zaj\u0119\u0107 online.\u00a0 Kursy j\u0119zyk\u00f3w obcych [&hellip;]\" \/>\n<meta property=\"og:url\" content=\"https:\/\/leaderschool.pl\/poznan-winogrady\/kursy-online\/\" \/>\n<meta property=\"og:site_name\" content=\"Leader School Pozna\u0144-Winogrady\" \/>\n<meta property=\"article:modified_time\" content=\"2022-09-28T09:26:51+00:00\" \/>\n<meta name=\"twitter:card\" content=\"summary_large_image\" \/>\n<meta name=\"twitter:label1\" content=\"Szacowany czas czytania\" \/>\n\t<meta name=\"twitter:data1\" content=\"1 minuta\" \/>\n<script type=\"application\/ld+json\" class=\"yoast-schema-graph\">{\"@context\":\"https:\/\/schema.org\",\"@graph\":[{\"@type\":\"WebSite\",\"@id\":\"https:\/\/leaderschool.pl\/poznan-winogrady\/#website\",\"url\":\"https:\/\/leaderschool.pl\/poznan-winogrady\/\",\"name\":\"Leader School Pozna\u0144-Winogrady\",\"description\":\"\",\"potentialAction\":[{\"@type\":\"SearchAction\",\"target\":{\"@type\":\"EntryPoint\",\"urlTemplate\":\"https:\/\/leaderschool.pl\/poznan-winogrady\/?s={search_term_string}\"},\"query-input\":\"required name=search_term_string\"}],\"inLanguage\":\"pl-PL\"},{\"@type\":\"WebPage\",\"@id\":\"https:\/\/leaderschool.pl\/poznan-winogrady\/kursy-online\/#webpage\",\"url\":\"https:\/\/leaderschool.pl\/poznan-winogrady\/kursy-online\/\",\"name\":\"Kursy online Leader School Pozna\u0144-Winogrady\",\"isPartOf\":{\"@id\":\"https:\/\/leaderschool.pl\/poznan-winogrady\/#website\"},\"datePublished\":\"2022-09-28T09:26:48+00:00\",\"dateModified\":\"2022-09-28T09:26:51+00:00\",\"breadcrumb\":{\"@id\":\"https:\/\/leaderschool.pl\/poznan-winogrady\/kursy-online\/#breadcrumb\"},\"inLanguage\":\"pl-PL\",\"potentialAction\":[{\"@type\":\"ReadAction\",\"target\":[\"https:\/\/leaderschool.pl\/poznan-winogrady\/kursy-online\/\"]}]},{\"@type\":\"BreadcrumbList\",\"@id\":\"https:\/\/leaderschool.pl\/poznan-winogrady\/kursy-online\/#breadcrumb\",\"itemListElement\":[{\"@type\":\"ListItem\",\"position\":1,\"name\":\"Home\",\"item\":\"https:\/\/leaderschool.pl\/poznan-winogrady\/\"},{\"@type\":\"ListItem\",\"position\":2,\"name\":\"Kursy online\"}]}]}<\/script>\n<!-- \/ Yoast SEO plugin. -->","yoast_head_json":{"title":"Kursy online Leader School Pozna\u0144-Winogrady","robots":{"index":"index","follow":"follow","max-snippet":"max-snippet:-1","max-image-preview":"max-image-preview:large","max-video-preview":"max-video-preview:-1"},"canonical":"https:\/\/leaderschool.pl\/poznan-winogrady\/kursy-online\/","og_locale":"pl_PL","og_type":"article","og_title":"Kursy online Leader School Pozna\u0144-Winogrady","og_description":"Zaj\u0119cia online z\u00a0angielskiego w\u00a0czasie rzeczywistym- co\u00a0to\u00a0znaczy? Od\u00a0kilku lat wzrasta popularno\u015b\u0107 nauki online. Lektorzy z\u00a0Leader School w Poznaniu na Winogradach prowadz\u0105 zaj\u0119cia online w\u00a0czasie rzeczywistym. Podczas zaj\u0119\u0107 uczniowie maj\u0105 mo\u017cliwo\u015b\u0107 interakcji z\u00a0lektorem, tak\u00a0samo, jak w\u00a0przypadku zaj\u0119\u0107 stacjonarnych. Widz\u0105 lektora, a\u00a0nie\u00a0jego zdj\u0119cie. Zadaj\u0105 pytania i\u00a0na\u00a0bie\u017c\u0105co uzyskuj\u0105 odpowiedzi. Nasi nauczyciele maj\u0105 do\u015bwiadczenie w\u00a0prowadzeniu zaj\u0119\u0107 online.\u00a0 Kursy j\u0119zyk\u00f3w obcych [&hellip;]","og_url":"https:\/\/leaderschool.pl\/poznan-winogrady\/kursy-online\/","og_site_name":"Leader School Pozna\u0144-Winogrady","article_modified_time":"2022-09-28T09:26:51+00:00","twitter_card":"summary_large_image","twitter_misc":{"Szacowany czas czytania":"1 minuta"},"schema":{"@context":"https:\/\/schema.org","@graph":[{"@type":"WebSite","@id":"https:\/\/leaderschool.pl\/poznan-winogrady\/#website","url":"https:\/\/leaderschool.pl\/poznan-winogrady\/","name":"Leader School Pozna\u0144-Winogrady","description":"","potentialAction":[{"@type":"SearchAction","target":{"@type":"EntryPoint","urlTemplate":"https:\/\/leaderschool.pl\/poznan-winogrady\/?s={search_term_string}"},"query-input":"required name=search_term_string"}],"inLanguage":"pl-PL"},{"@type":"WebPage","@id":"https:\/\/leaderschool.pl\/poznan-winogrady\/kursy-online\/#webpage","url":"https:\/\/leaderschool.pl\/poznan-winogrady\/kursy-online\/","name":"Kursy online Leader School Pozna\u0144-Winogrady","isPartOf":{"@id":"https:\/\/leaderschool.pl\/poznan-winogrady\/#website"},"datePublished":"2022-09-28T09:26:48+00:00","dateModified":"2022-09-28T09:26:51+00:00","breadcrumb":{"@id":"https:\/\/leaderschool.pl\/poznan-winogrady\/kursy-online\/#breadcrumb"},"inLanguage":"pl-PL","potentialAction":[{"@type":"ReadAction","target":["https:\/\/leaderschool.pl\/poznan-winogrady\/kursy-online\/"]}]},{"@type":"BreadcrumbList","@id":"https:\/\/leaderschool.pl\/poznan-winogrady\/kursy-online\/#breadcrumb","itemListElement":[{"@type":"ListItem","position":1,"name":"Home","item":"https:\/\/leaderschool.pl\/poznan-winogrady\/"},{"@type":"ListItem","position":2,"name":"Kursy online"}]}]}},"_links":{"self":[{"href":"https:\/\/leaderschool.pl\/poznan-winogrady\/wp-json\/wp\/v2\/pages\/2695"}],"collection":[{"href":"https:\/\/leaderschool.pl\/poznan-winogrady\/wp-json\/wp\/v2\/pages"}],"about":[{"href":"https:\/\/leaderschool.pl\/poznan-winogrady\/wp-json\/wp\/v2\/types\/page"}],"author":[{"embeddable":true,"href":"https:\/\/leaderschool.pl\/poznan-winogrady\/wp-json\/wp\/v2\/users\/3"}],"replies":[{"embeddable":true,"href":"https:\/\/leaderschool.pl\/poznan-winogrady\/wp-json\/wp\/v2\/comments?post=2695"}],"version-history":[{"count":1,"href":"https:\/\/leaderschool.pl\/poznan-winogrady\/wp-json\/wp\/v2\/pages\/2695\/revisions"}],"predecessor-version":[{"id":2700,"href":"https:\/\/leaderschool.pl\/poznan-winogrady\/wp-json\/wp\/v2\/pages\/2695\/revisions\/2700"}],"wp:attachment":[{"href":"https:\/\/leaderschool.pl\/poznan-winogrady\/wp-json\/wp\/v2\/media?parent=2695"}],"curies":[{"name":"wp","href":"https:\/\/api.w.org\/{rel}","templated":true}]}}