{"id":2691,"date":"2022-09-28T12:04:31","date_gmt":"2022-09-28T10:04:31","guid":{"rendered":"https:\/\/leaderschool.pl\/poznan-winogrady\/?page_id=2691"},"modified":"2026-03-11T20:38:12","modified_gmt":"2026-03-11T19:38:12","slug":"dofinansowanie-dla-osob-prywatnych","status":"publish","type":"page","link":"https:\/\/leaderschool.pl\/poznan-winogrady\/szkolenia-jezykowe-z-dofinansowaniem\/dofinansowanie-dla-osob-prywatnych\/","title":{"rendered":"Dofinansowanie dla os\u00f3b prywatnych"},"content":{"rendered":"\n<p>Ju\u017c dzi\u015b mo\u017cesz skorzysta\u0107 z refundacji koszt\u00f3w swojej nauki. Leader School Pozna\u0144 Winogrady jest szko\u0142\u0105 j\u0119zyk\u00f3w obcych wpisan\u0105 do&nbsp;<strong>Bazy Us\u0142ug Rozwojowych<\/strong>&nbsp;i&nbsp;posiada uprawnienia do&nbsp;prowadzenia kurs\u00f3w j\u0119zykowych dofinansowanych ze&nbsp;\u015brodk\u00f3w unijnych. Od&nbsp;2019 roku zrealizowali\u015bmy ju\u017c ponad&nbsp;<strong>800<\/strong>&nbsp;kurs\u00f3w refundowanych, a&nbsp;nasze us\u0142ugi pozytywnie oceni\u0142o prawie 2 000 uczestnik\u00f3w.<\/p>\n\n\n\n<ul><li>Mo\u017cesz uczy\u0107 si\u0119 dowolnie wybranego j\u0119zyka.<\/li><li>Zaj\u0119cia w ramach kurs\u00f3w refundowanych maj\u0105 charakter indywidualny, zatem<br>lektor po\u015bwi\u0119ca Ci 100% swojego czasu.<\/li><li>Sam wybierasz cz\u0119stotliwo\u015b\u0107 zaj\u0119\u0107.<\/li><li>Mo\u017cesz uczy\u0107 si\u0119 stacjonarnie lub online \u2013 jak wolisz.<\/li><li>Niezale\u017cnie od wybranego projektu pomagamy kursantowi w wype\u0142nianiu<br>formalno\u015bci. Ka\u017cd\u0105 p\u0142atno\u015b\u0107 rozk\u0142adamy zazwyczaj na comiesi\u0119czne raty.<\/li><\/ul>\n\n\n\n<p>Ucz si\u0119 i otrzymaj zwrot na koniec kursu. Brzmi interesuj\u0105co? Skontaktuj si\u0119 z nami, a przedstawimy mo\u017cliwo\u015bci! Osobom z innych miejscowo\u015bci pomagamy r\u00f3wnie\u017c znale\u017a\u0107 projekt dla odpowiadaj\u0105cego mu wojew\u00f3dztwa.&nbsp;<\/p>\n\n\n\n<p>Aktualna oferta naszych szkole\u0144 znajduje si\u0119 na&nbsp;stronie Bazy Us\u0142ug Rozwojowych. Je\u015bli nie&nbsp;znajd\u0105 Pa\u0144stwo kursu odpowiadaj\u0105cego indywidualnym potrzebom, prosimy o&nbsp;kontakt z&nbsp;nami. Opublikujemy szkolenie zgodne z oczekiwaniami.<\/p>\n","protected":false},"excerpt":{"rendered":"<p>Ju\u017c dzi\u015b mo\u017cesz skorzysta\u0107 z refundacji koszt\u00f3w swojej nauki. Leader School Pozna\u0144 Winogrady jest szko\u0142\u0105 j\u0119zyk\u00f3w obcych wpisan\u0105 do&nbsp;Bazy Us\u0142ug Rozwojowych&nbsp;i&nbsp;posiada uprawnienia do&nbsp;prowadzenia kurs\u00f3w j\u0119zykowych dofinansowanych ze&nbsp;\u015brodk\u00f3w unijnych. Od&nbsp;2019 roku zrealizowali\u015bmy ju\u017c ponad&nbsp;800&nbsp;kurs\u00f3w refundowanych, a&nbsp;nasze us\u0142ugi pozytywnie oceni\u0142o prawie 2 000 uczestnik\u00f3w. Mo\u017cesz uczy\u0107 si\u0119 dowolnie wybranego j\u0119zyka. Zaj\u0119cia w ramach kurs\u00f3w refundowanych maj\u0105 charakter [&hellip;]<\/p>\n","protected":false},"author":3,"featured_media":0,"parent":3642,"menu_order":0,"comment_status":"closed","ping_status":"closed","template":"","meta":{"ngg_post_thumbnail":0},"acf":[],"yoast_head":"<!-- This site is optimized with the Yoast SEO plugin v18.9 - https:\/\/yoast.com\/wordpress\/plugins\/seo\/ -->\n<title>Dofinansowanie dla os\u00f3b prywatnych Leader School Pozna\u0144-Winogrady<\/title>\n<meta name=\"robots\" content=\"index, follow, max-snippet:-1, max-image-preview:large, max-video-preview:-1\" \/>\n<link rel=\"canonical\" href=\"https:\/\/leaderschool.pl\/poznan-winogrady\/szkolenia-jezykowe-z-dofinansowaniem\/dofinansowanie-dla-osob-prywatnych\/\" \/>\n<meta property=\"og:locale\" content=\"pl_PL\" \/>\n<meta property=\"og:type\" content=\"article\" \/>\n<meta property=\"og:title\" content=\"Dofinansowanie dla os\u00f3b prywatnych Leader School Pozna\u0144-Winogrady\" \/>\n<meta property=\"og:description\" content=\"Ju\u017c dzi\u015b mo\u017cesz skorzysta\u0107 z refundacji koszt\u00f3w swojej nauki. Leader School Pozna\u0144 Winogrady jest szko\u0142\u0105 j\u0119zyk\u00f3w obcych wpisan\u0105 do&nbsp;Bazy Us\u0142ug Rozwojowych&nbsp;i&nbsp;posiada uprawnienia do&nbsp;prowadzenia kurs\u00f3w j\u0119zykowych dofinansowanych ze&nbsp;\u015brodk\u00f3w unijnych. Od&nbsp;2019 roku zrealizowali\u015bmy ju\u017c ponad&nbsp;800&nbsp;kurs\u00f3w refundowanych, a&nbsp;nasze us\u0142ugi pozytywnie oceni\u0142o prawie 2 000 uczestnik\u00f3w. Mo\u017cesz uczy\u0107 si\u0119 dowolnie wybranego j\u0119zyka. Zaj\u0119cia w ramach kurs\u00f3w refundowanych maj\u0105 charakter [&hellip;]\" \/>\n<meta property=\"og:url\" content=\"https:\/\/leaderschool.pl\/poznan-winogrady\/szkolenia-jezykowe-z-dofinansowaniem\/dofinansowanie-dla-osob-prywatnych\/\" \/>\n<meta property=\"og:site_name\" content=\"Leader School Pozna\u0144-Winogrady\" \/>\n<meta property=\"article:modified_time\" content=\"2026-03-11T19:38:12+00:00\" \/>\n<meta name=\"twitter:card\" content=\"summary_large_image\" \/>\n<meta name=\"twitter:label1\" content=\"Szacowany czas czytania\" \/>\n\t<meta name=\"twitter:data1\" content=\"1 minuta\" \/>\n<script type=\"application\/ld+json\" class=\"yoast-schema-graph\">{\"@context\":\"https:\/\/schema.org\",\"@graph\":[{\"@type\":\"WebSite\",\"@id\":\"https:\/\/leaderschool.pl\/poznan-winogrady\/#website\",\"url\":\"https:\/\/leaderschool.pl\/poznan-winogrady\/\",\"name\":\"Leader School Pozna\u0144-Winogrady\",\"description\":\"\",\"potentialAction\":[{\"@type\":\"SearchAction\",\"target\":{\"@type\":\"EntryPoint\",\"urlTemplate\":\"https:\/\/leaderschool.pl\/poznan-winogrady\/?s={search_term_string}\"},\"query-input\":\"required name=search_term_string\"}],\"inLanguage\":\"pl-PL\"},{\"@type\":\"WebPage\",\"@id\":\"https:\/\/leaderschool.pl\/poznan-winogrady\/szkolenia-jezykowe-z-dofinansowaniem\/dofinansowanie-dla-osob-prywatnych\/#webpage\",\"url\":\"https:\/\/leaderschool.pl\/poznan-winogrady\/szkolenia-jezykowe-z-dofinansowaniem\/dofinansowanie-dla-osob-prywatnych\/\",\"name\":\"Dofinansowanie dla os\u00f3b prywatnych Leader School Pozna\u0144-Winogrady\",\"isPartOf\":{\"@id\":\"https:\/\/leaderschool.pl\/poznan-winogrady\/#website\"},\"datePublished\":\"2022-09-28T10:04:31+00:00\",\"dateModified\":\"2026-03-11T19:38:12+00:00\",\"breadcrumb\":{\"@id\":\"https:\/\/leaderschool.pl\/poznan-winogrady\/szkolenia-jezykowe-z-dofinansowaniem\/dofinansowanie-dla-osob-prywatnych\/#breadcrumb\"},\"inLanguage\":\"pl-PL\",\"potentialAction\":[{\"@type\":\"ReadAction\",\"target\":[\"https:\/\/leaderschool.pl\/poznan-winogrady\/szkolenia-jezykowe-z-dofinansowaniem\/dofinansowanie-dla-osob-prywatnych\/\"]}]},{\"@type\":\"BreadcrumbList\",\"@id\":\"https:\/\/leaderschool.pl\/poznan-winogrady\/szkolenia-jezykowe-z-dofinansowaniem\/dofinansowanie-dla-osob-prywatnych\/#breadcrumb\",\"itemListElement\":[{\"@type\":\"ListItem\",\"position\":1,\"name\":\"Home\",\"item\":\"https:\/\/leaderschool.pl\/poznan-winogrady\/\"},{\"@type\":\"ListItem\",\"position\":2,\"name\":\"Szkolenia j\u0119zykowe z dofinansowaniem\",\"item\":\"https:\/\/leaderschool.pl\/poznan-winogrady\/szkolenia-jezykowe-z-dofinansowaniem\/\"},{\"@type\":\"ListItem\",\"position\":3,\"name\":\"Dofinansowanie dla os\u00f3b prywatnych\"}]}]}<\/script>\n<!-- \/ Yoast SEO plugin. -->","yoast_head_json":{"title":"Dofinansowanie dla os\u00f3b prywatnych Leader School Pozna\u0144-Winogrady","robots":{"index":"index","follow":"follow","max-snippet":"max-snippet:-1","max-image-preview":"max-image-preview:large","max-video-preview":"max-video-preview:-1"},"canonical":"https:\/\/leaderschool.pl\/poznan-winogrady\/szkolenia-jezykowe-z-dofinansowaniem\/dofinansowanie-dla-osob-prywatnych\/","og_locale":"pl_PL","og_type":"article","og_title":"Dofinansowanie dla os\u00f3b prywatnych Leader School Pozna\u0144-Winogrady","og_description":"Ju\u017c dzi\u015b mo\u017cesz skorzysta\u0107 z refundacji koszt\u00f3w swojej nauki. Leader School Pozna\u0144 Winogrady jest szko\u0142\u0105 j\u0119zyk\u00f3w obcych wpisan\u0105 do&nbsp;Bazy Us\u0142ug Rozwojowych&nbsp;i&nbsp;posiada uprawnienia do&nbsp;prowadzenia kurs\u00f3w j\u0119zykowych dofinansowanych ze&nbsp;\u015brodk\u00f3w unijnych. Od&nbsp;2019 roku zrealizowali\u015bmy ju\u017c ponad&nbsp;800&nbsp;kurs\u00f3w refundowanych, a&nbsp;nasze us\u0142ugi pozytywnie oceni\u0142o prawie 2 000 uczestnik\u00f3w. Mo\u017cesz uczy\u0107 si\u0119 dowolnie wybranego j\u0119zyka. Zaj\u0119cia w ramach kurs\u00f3w refundowanych maj\u0105 charakter [&hellip;]","og_url":"https:\/\/leaderschool.pl\/poznan-winogrady\/szkolenia-jezykowe-z-dofinansowaniem\/dofinansowanie-dla-osob-prywatnych\/","og_site_name":"Leader School Pozna\u0144-Winogrady","article_modified_time":"2026-03-11T19:38:12+00:00","twitter_card":"summary_large_image","twitter_misc":{"Szacowany czas czytania":"1 minuta"},"schema":{"@context":"https:\/\/schema.org","@graph":[{"@type":"WebSite","@id":"https:\/\/leaderschool.pl\/poznan-winogrady\/#website","url":"https:\/\/leaderschool.pl\/poznan-winogrady\/","name":"Leader School Pozna\u0144-Winogrady","description":"","potentialAction":[{"@type":"SearchAction","target":{"@type":"EntryPoint","urlTemplate":"https:\/\/leaderschool.pl\/poznan-winogrady\/?s={search_term_string}"},"query-input":"required name=search_term_string"}],"inLanguage":"pl-PL"},{"@type":"WebPage","@id":"https:\/\/leaderschool.pl\/poznan-winogrady\/szkolenia-jezykowe-z-dofinansowaniem\/dofinansowanie-dla-osob-prywatnych\/#webpage","url":"https:\/\/leaderschool.pl\/poznan-winogrady\/szkolenia-jezykowe-z-dofinansowaniem\/dofinansowanie-dla-osob-prywatnych\/","name":"Dofinansowanie dla os\u00f3b prywatnych Leader School Pozna\u0144-Winogrady","isPartOf":{"@id":"https:\/\/leaderschool.pl\/poznan-winogrady\/#website"},"datePublished":"2022-09-28T10:04:31+00:00","dateModified":"2026-03-11T19:38:12+00:00","breadcrumb":{"@id":"https:\/\/leaderschool.pl\/poznan-winogrady\/szkolenia-jezykowe-z-dofinansowaniem\/dofinansowanie-dla-osob-prywatnych\/#breadcrumb"},"inLanguage":"pl-PL","potentialAction":[{"@type":"ReadAction","target":["https:\/\/leaderschool.pl\/poznan-winogrady\/szkolenia-jezykowe-z-dofinansowaniem\/dofinansowanie-dla-osob-prywatnych\/"]}]},{"@type":"BreadcrumbList","@id":"https:\/\/leaderschool.pl\/poznan-winogrady\/szkolenia-jezykowe-z-dofinansowaniem\/dofinansowanie-dla-osob-prywatnych\/#breadcrumb","itemListElement":[{"@type":"ListItem","position":1,"name":"Home","item":"https:\/\/leaderschool.pl\/poznan-winogrady\/"},{"@type":"ListItem","position":2,"name":"Szkolenia j\u0119zykowe z dofinansowaniem","item":"https:\/\/leaderschool.pl\/poznan-winogrady\/szkolenia-jezykowe-z-dofinansowaniem\/"},{"@type":"ListItem","position":3,"name":"Dofinansowanie dla os\u00f3b prywatnych"}]}]}},"_links":{"self":[{"href":"https:\/\/leaderschool.pl\/poznan-winogrady\/wp-json\/wp\/v2\/pages\/2691"}],"collection":[{"href":"https:\/\/leaderschool.pl\/poznan-winogrady\/wp-json\/wp\/v2\/pages"}],"about":[{"href":"https:\/\/leaderschool.pl\/poznan-winogrady\/wp-json\/wp\/v2\/types\/page"}],"author":[{"embeddable":true,"href":"https:\/\/leaderschool.pl\/poznan-winogrady\/wp-json\/wp\/v2\/users\/3"}],"replies":[{"embeddable":true,"href":"https:\/\/leaderschool.pl\/poznan-winogrady\/wp-json\/wp\/v2\/comments?post=2691"}],"version-history":[{"count":4,"href":"https:\/\/leaderschool.pl\/poznan-winogrady\/wp-json\/wp\/v2\/pages\/2691\/revisions"}],"predecessor-version":[{"id":3695,"href":"https:\/\/leaderschool.pl\/poznan-winogrady\/wp-json\/wp\/v2\/pages\/2691\/revisions\/3695"}],"up":[{"embeddable":true,"href":"https:\/\/leaderschool.pl\/poznan-winogrady\/wp-json\/wp\/v2\/pages\/3642"}],"wp:attachment":[{"href":"https:\/\/leaderschool.pl\/poznan-winogrady\/wp-json\/wp\/v2\/media?parent=2691"}],"curies":[{"name":"wp","href":"https:\/\/api.w.org\/{rel}","templated":true}]}}