{"id":2686,"date":"2022-09-28T11:20:44","date_gmt":"2022-09-28T09:20:44","guid":{"rendered":"https:\/\/leaderschool.pl\/poznan-winogrady\/?page_id=2686"},"modified":"2022-09-28T11:20:45","modified_gmt":"2022-09-28T09:20:45","slug":"jezyki-swiata","status":"publish","type":"page","link":"https:\/\/leaderschool.pl\/poznan-winogrady\/jezyki-swiata\/","title":{"rendered":"J\u0119zyki \u015bwiata"},"content":{"rendered":"\n<p>M\u00f3wisz po\u00a0angielsku? Marzysz o\u00a0tym, aby nauczy\u0107 si\u0119 kolejnego j\u0119zyka obcego?<br>W\u00a0<strong>Leader School Pozna\u0144 Winogrady <\/strong>opr\u00f3cz zaj\u0119\u0107 z\u00a0angielskiego, prowadzimy\u00a0<strong>kursy j\u0119zyka niemieckiego, hiszpa\u0144skiego, w\u0142oskiego, francuskiego i norweskiego dla dzieci, m\u0142odzie\u017cy i\u00a0doros\u0142ych. <\/strong> Wyb\u00f3r j\u0119zyka nale\u017cy do\u00a0Ciebie.\u00a0<\/p>\n\n\n\n<p>Twoje\u00a0dziecko ma\u00a0internetowych koleg\u00f3w za\u00a0granic\u0105? Marzy o\u00a0tym, \u017ceby\u00a0p\u00f3j\u015b\u0107 na\u00a0kurs<strong> j\u0119zyka hiszpa\u0144skiego, francuskiego czy\u00a0niemieckiego<\/strong>? <\/p>\n\n\n\n<p>Zapraszamy na\u00a0kursy j\u0119zykowe dla ka\u017cdej grupy wiekowej!\u00a0Dopasowujemy program nauczania pod\u00a0indywidualne potrzeby ucznia. Prowadzimy zaj\u0119cia grupowe lub indywidualne. Podstaw\u0105 metody pracy z\u00a0dzie\u0107mi jest nauka praktycznego wykorzystanie j\u0119zyka. Dziecko poznaje podstawowe zwroty, szybko zaczyna rozumie\u0107 s\u0142owo m\u00f3wione i\u00a0odpowiada na\u00a0zadane pytania.<\/p>\n\n\n\n<p>Niewa\u017cne, z\u00a0jakiego poziomu startujesz. Na\u00a0pocz\u0105tku naszej wsp\u00f3\u0142pracy sprawdzimy Twoje\u00a0umiej\u0119tno\u015bci i\u00a0wsp\u00f3lnie ustalimy \u015bcie\u017ck\u0119 dalszej nauki.<br>Dopasujemy\u00a0<strong>elastyczny grafik<\/strong>\u00a0do\u00a0Twoich\u00a0mo\u017cliwo\u015bci. Je\u017celi brakuje Ci\u00a0czasu, zapraszamy na\u00a0<strong>kursy j\u0119zykowe online<\/strong>. Mo\u017cemy przeprowadzi\u0107 r\u00f3wnie\u017c\u00a0<strong>kurs j\u0119zykowy dla firm<\/strong>.<\/p>\n","protected":false},"excerpt":{"rendered":"<p>M\u00f3wisz po\u00a0angielsku? Marzysz o\u00a0tym, aby nauczy\u0107 si\u0119 kolejnego j\u0119zyka obcego?W\u00a0Leader School Pozna\u0144 Winogrady opr\u00f3cz zaj\u0119\u0107 z\u00a0angielskiego, prowadzimy\u00a0kursy j\u0119zyka niemieckiego, hiszpa\u0144skiego, w\u0142oskiego, francuskiego i norweskiego dla dzieci, m\u0142odzie\u017cy i\u00a0doros\u0142ych. Wyb\u00f3r j\u0119zyka nale\u017cy do\u00a0Ciebie.\u00a0 Twoje\u00a0dziecko ma\u00a0internetowych koleg\u00f3w za\u00a0granic\u0105? Marzy o\u00a0tym, \u017ceby\u00a0p\u00f3j\u015b\u0107 na\u00a0kurs j\u0119zyka hiszpa\u0144skiego, francuskiego czy\u00a0niemieckiego? Zapraszamy na\u00a0kursy j\u0119zykowe dla ka\u017cdej grupy wiekowej!\u00a0Dopasowujemy program nauczania pod\u00a0indywidualne potrzeby [&hellip;]<\/p>\n","protected":false},"author":3,"featured_media":0,"parent":0,"menu_order":0,"comment_status":"closed","ping_status":"closed","template":"","meta":{"ngg_post_thumbnail":0},"acf":[],"yoast_head":"<!-- This site is optimized with the Yoast SEO plugin v18.9 - https:\/\/yoast.com\/wordpress\/plugins\/seo\/ -->\n<title>J\u0119zyki \u015bwiata Leader School Pozna\u0144-Winogrady<\/title>\n<meta name=\"robots\" content=\"index, follow, max-snippet:-1, max-image-preview:large, max-video-preview:-1\" \/>\n<link rel=\"canonical\" href=\"https:\/\/leaderschool.pl\/poznan-winogrady\/jezyki-swiata\/\" \/>\n<meta property=\"og:locale\" content=\"pl_PL\" \/>\n<meta property=\"og:type\" content=\"article\" \/>\n<meta property=\"og:title\" content=\"J\u0119zyki \u015bwiata Leader School Pozna\u0144-Winogrady\" \/>\n<meta property=\"og:description\" content=\"M\u00f3wisz po\u00a0angielsku? Marzysz o\u00a0tym, aby nauczy\u0107 si\u0119 kolejnego j\u0119zyka obcego?W\u00a0Leader School Pozna\u0144 Winogrady opr\u00f3cz zaj\u0119\u0107 z\u00a0angielskiego, prowadzimy\u00a0kursy j\u0119zyka niemieckiego, hiszpa\u0144skiego, w\u0142oskiego, francuskiego i norweskiego dla dzieci, m\u0142odzie\u017cy i\u00a0doros\u0142ych. Wyb\u00f3r j\u0119zyka nale\u017cy do\u00a0Ciebie.\u00a0 Twoje\u00a0dziecko ma\u00a0internetowych koleg\u00f3w za\u00a0granic\u0105? Marzy o\u00a0tym, \u017ceby\u00a0p\u00f3j\u015b\u0107 na\u00a0kurs j\u0119zyka hiszpa\u0144skiego, francuskiego czy\u00a0niemieckiego? Zapraszamy na\u00a0kursy j\u0119zykowe dla ka\u017cdej grupy wiekowej!\u00a0Dopasowujemy program nauczania pod\u00a0indywidualne potrzeby [&hellip;]\" \/>\n<meta property=\"og:url\" content=\"https:\/\/leaderschool.pl\/poznan-winogrady\/jezyki-swiata\/\" \/>\n<meta property=\"og:site_name\" content=\"Leader School Pozna\u0144-Winogrady\" \/>\n<meta property=\"article:modified_time\" content=\"2022-09-28T09:20:45+00:00\" \/>\n<meta name=\"twitter:card\" content=\"summary_large_image\" \/>\n<meta name=\"twitter:label1\" content=\"Szacowany czas czytania\" \/>\n\t<meta name=\"twitter:data1\" content=\"1 minuta\" \/>\n<script type=\"application\/ld+json\" class=\"yoast-schema-graph\">{\"@context\":\"https:\/\/schema.org\",\"@graph\":[{\"@type\":\"WebSite\",\"@id\":\"https:\/\/leaderschool.pl\/poznan-winogrady\/#website\",\"url\":\"https:\/\/leaderschool.pl\/poznan-winogrady\/\",\"name\":\"Leader School Pozna\u0144-Winogrady\",\"description\":\"\",\"potentialAction\":[{\"@type\":\"SearchAction\",\"target\":{\"@type\":\"EntryPoint\",\"urlTemplate\":\"https:\/\/leaderschool.pl\/poznan-winogrady\/?s={search_term_string}\"},\"query-input\":\"required name=search_term_string\"}],\"inLanguage\":\"pl-PL\"},{\"@type\":\"WebPage\",\"@id\":\"https:\/\/leaderschool.pl\/poznan-winogrady\/jezyki-swiata\/#webpage\",\"url\":\"https:\/\/leaderschool.pl\/poznan-winogrady\/jezyki-swiata\/\",\"name\":\"J\u0119zyki \u015bwiata Leader School Pozna\u0144-Winogrady\",\"isPartOf\":{\"@id\":\"https:\/\/leaderschool.pl\/poznan-winogrady\/#website\"},\"datePublished\":\"2022-09-28T09:20:44+00:00\",\"dateModified\":\"2022-09-28T09:20:45+00:00\",\"breadcrumb\":{\"@id\":\"https:\/\/leaderschool.pl\/poznan-winogrady\/jezyki-swiata\/#breadcrumb\"},\"inLanguage\":\"pl-PL\",\"potentialAction\":[{\"@type\":\"ReadAction\",\"target\":[\"https:\/\/leaderschool.pl\/poznan-winogrady\/jezyki-swiata\/\"]}]},{\"@type\":\"BreadcrumbList\",\"@id\":\"https:\/\/leaderschool.pl\/poznan-winogrady\/jezyki-swiata\/#breadcrumb\",\"itemListElement\":[{\"@type\":\"ListItem\",\"position\":1,\"name\":\"Home\",\"item\":\"https:\/\/leaderschool.pl\/poznan-winogrady\/\"},{\"@type\":\"ListItem\",\"position\":2,\"name\":\"J\u0119zyki \u015bwiata\"}]}]}<\/script>\n<!-- \/ Yoast SEO plugin. -->","yoast_head_json":{"title":"J\u0119zyki \u015bwiata Leader School Pozna\u0144-Winogrady","robots":{"index":"index","follow":"follow","max-snippet":"max-snippet:-1","max-image-preview":"max-image-preview:large","max-video-preview":"max-video-preview:-1"},"canonical":"https:\/\/leaderschool.pl\/poznan-winogrady\/jezyki-swiata\/","og_locale":"pl_PL","og_type":"article","og_title":"J\u0119zyki \u015bwiata Leader School Pozna\u0144-Winogrady","og_description":"M\u00f3wisz po\u00a0angielsku? Marzysz o\u00a0tym, aby nauczy\u0107 si\u0119 kolejnego j\u0119zyka obcego?W\u00a0Leader School Pozna\u0144 Winogrady opr\u00f3cz zaj\u0119\u0107 z\u00a0angielskiego, prowadzimy\u00a0kursy j\u0119zyka niemieckiego, hiszpa\u0144skiego, w\u0142oskiego, francuskiego i norweskiego dla dzieci, m\u0142odzie\u017cy i\u00a0doros\u0142ych. Wyb\u00f3r j\u0119zyka nale\u017cy do\u00a0Ciebie.\u00a0 Twoje\u00a0dziecko ma\u00a0internetowych koleg\u00f3w za\u00a0granic\u0105? Marzy o\u00a0tym, \u017ceby\u00a0p\u00f3j\u015b\u0107 na\u00a0kurs j\u0119zyka hiszpa\u0144skiego, francuskiego czy\u00a0niemieckiego? Zapraszamy na\u00a0kursy j\u0119zykowe dla ka\u017cdej grupy wiekowej!\u00a0Dopasowujemy program nauczania pod\u00a0indywidualne potrzeby [&hellip;]","og_url":"https:\/\/leaderschool.pl\/poznan-winogrady\/jezyki-swiata\/","og_site_name":"Leader School Pozna\u0144-Winogrady","article_modified_time":"2022-09-28T09:20:45+00:00","twitter_card":"summary_large_image","twitter_misc":{"Szacowany czas czytania":"1 minuta"},"schema":{"@context":"https:\/\/schema.org","@graph":[{"@type":"WebSite","@id":"https:\/\/leaderschool.pl\/poznan-winogrady\/#website","url":"https:\/\/leaderschool.pl\/poznan-winogrady\/","name":"Leader School Pozna\u0144-Winogrady","description":"","potentialAction":[{"@type":"SearchAction","target":{"@type":"EntryPoint","urlTemplate":"https:\/\/leaderschool.pl\/poznan-winogrady\/?s={search_term_string}"},"query-input":"required name=search_term_string"}],"inLanguage":"pl-PL"},{"@type":"WebPage","@id":"https:\/\/leaderschool.pl\/poznan-winogrady\/jezyki-swiata\/#webpage","url":"https:\/\/leaderschool.pl\/poznan-winogrady\/jezyki-swiata\/","name":"J\u0119zyki \u015bwiata Leader School Pozna\u0144-Winogrady","isPartOf":{"@id":"https:\/\/leaderschool.pl\/poznan-winogrady\/#website"},"datePublished":"2022-09-28T09:20:44+00:00","dateModified":"2022-09-28T09:20:45+00:00","breadcrumb":{"@id":"https:\/\/leaderschool.pl\/poznan-winogrady\/jezyki-swiata\/#breadcrumb"},"inLanguage":"pl-PL","potentialAction":[{"@type":"ReadAction","target":["https:\/\/leaderschool.pl\/poznan-winogrady\/jezyki-swiata\/"]}]},{"@type":"BreadcrumbList","@id":"https:\/\/leaderschool.pl\/poznan-winogrady\/jezyki-swiata\/#breadcrumb","itemListElement":[{"@type":"ListItem","position":1,"name":"Home","item":"https:\/\/leaderschool.pl\/poznan-winogrady\/"},{"@type":"ListItem","position":2,"name":"J\u0119zyki \u015bwiata"}]}]}},"_links":{"self":[{"href":"https:\/\/leaderschool.pl\/poznan-winogrady\/wp-json\/wp\/v2\/pages\/2686"}],"collection":[{"href":"https:\/\/leaderschool.pl\/poznan-winogrady\/wp-json\/wp\/v2\/pages"}],"about":[{"href":"https:\/\/leaderschool.pl\/poznan-winogrady\/wp-json\/wp\/v2\/types\/page"}],"author":[{"embeddable":true,"href":"https:\/\/leaderschool.pl\/poznan-winogrady\/wp-json\/wp\/v2\/users\/3"}],"replies":[{"embeddable":true,"href":"https:\/\/leaderschool.pl\/poznan-winogrady\/wp-json\/wp\/v2\/comments?post=2686"}],"version-history":[{"count":1,"href":"https:\/\/leaderschool.pl\/poznan-winogrady\/wp-json\/wp\/v2\/pages\/2686\/revisions"}],"predecessor-version":[{"id":2697,"href":"https:\/\/leaderschool.pl\/poznan-winogrady\/wp-json\/wp\/v2\/pages\/2686\/revisions\/2697"}],"wp:attachment":[{"href":"https:\/\/leaderschool.pl\/poznan-winogrady\/wp-json\/wp\/v2\/media?parent=2686"}],"curies":[{"name":"wp","href":"https:\/\/api.w.org\/{rel}","templated":true}]}}