{"id":2590,"date":"2022-07-24T17:13:18","date_gmt":"2022-07-24T15:13:18","guid":{"rendered":"https:\/\/leaderschool.sellision.dev\/winogrady\/?page_id=2590"},"modified":"2026-03-11T20:31:35","modified_gmt":"2026-03-11T19:31:35","slug":"szkolenia-jezykowe-dofinansowane","status":"publish","type":"page","link":"https:\/\/leaderschool.pl\/poznan-winogrady\/szkolenia-jezykowe-z-dofinansowaniem\/szkolenia-jezykowe-dofinansowane\/","title":{"rendered":"Dofinansowanie dla przedsi\u0119biorc\u00f3w"},"content":{"rendered":"\n<p>Prowadzisz mikro, ma\u0142e lub \u015brednie przedsi\u0119biorstwo?<\/p>\n\n\n\n<p>A mo\u017ce jeste\u015b pracownikiem takiej firmy i chcesz podszkoli\u0107 j\u0119zyk obcy?<\/p>\n\n\n\n<p>Leader School Pozna\u0144 Winogrady jest szko\u0142\u0105 j\u0119zyk\u00f3w obcych wpisan\u0105 do <strong>Bazy Us\u0142ug Rozwojowych<\/strong> i posiada uprawnienia do prowadzenia kurs\u00f3w j\u0119zykowych dofinansowanych ze \u015brodk\u00f3w unijnych. Od 2019 roku zrealizowali\u015bmy ju\u017c ponad <strong>800<\/strong>  kurs\u00f3w refundowanych, a nasze us\u0142ugi pozytywnie oceni\u0142o prawie 2 000 uczestnik\u00f3w. <\/p>\n\n\n\n<div class=\"wp-block-image\"><figure class=\"aligncenter size-large\"><img loading=\"lazy\" width=\"1024\" height=\"683\" src=\"data:image\/gif;base64,R0lGODlhAQABAAAAACH5BAEKAAEALAAAAAABAAEAAAICTAEAOw==\" alt=\"\" class=\"wp-image-2598 lazyload\" sizes=\"(max-width: 1024px) 100vw, 1024px\" data-src=\"https:\/\/leaderschool.sellision.dev\/winogrady\/wp-content\/uploads\/sites\/49\/2022\/07\/Leader-School-mlodziez\u0307-Leader-School-Poznan\u0301-Winogrady-1024x683.jpg\" data-srcset=\"https:\/\/leaderschool.pl\/poznan-winogrady\/wp-content\/uploads\/sites\/49\/2022\/07\/Leader-School-mlodziez\u0307-Leader-School-Poznan\u0301-Winogrady-1024x683.jpg 1024w, https:\/\/leaderschool.pl\/poznan-winogrady\/wp-content\/uploads\/sites\/49\/2022\/07\/Leader-School-mlodziez\u0307-Leader-School-Poznan\u0301-Winogrady-300x200.jpg 300w, https:\/\/leaderschool.pl\/poznan-winogrady\/wp-content\/uploads\/sites\/49\/2022\/07\/Leader-School-mlodziez\u0307-Leader-School-Poznan\u0301-Winogrady-768x512.jpg 768w, https:\/\/leaderschool.pl\/poznan-winogrady\/wp-content\/uploads\/sites\/49\/2022\/07\/Leader-School-mlodziez\u0307-Leader-School-Poznan\u0301-Winogrady-1536x1024.jpg 1536w, https:\/\/leaderschool.pl\/poznan-winogrady\/wp-content\/uploads\/sites\/49\/2022\/07\/Leader-School-mlodziez\u0307-Leader-School-Poznan\u0301-Winogrady-2048x1365.jpg 2048w\"><\/figure><\/div>\n\n\n\n<p>Oferta skierowana jest do mikro, ma\u0142ych i \u015brednich przedsi\u0119biorstw oraz ich pracownik\u00f3w.<\/p>\n\n\n\n<p><strong>Czy Twoja firma jest zarejestrowana na terenie Poznania lub posiada w nim swoj\u0105 siedzib\u0119?<\/strong><\/p>\n\n\n\n<p>Mo\u017cesz skorzysta\u0107 z projektu Wielkopolskiej Agencji Rozwoju Przedsi\u0119biorczo\u015bci WARP!<\/p>\n\n\n\n<p>Limit refundacji na jedn\u0105 osob\u0119 wynosi 4000 z\u0142.<\/p>\n\n\n\n<h2>Firma z okolic Poznania lub spoza Wielkopolski?<\/h2>\n\n\n\n<p><strong>Czy Twoja firma jest zarejestrowana na terenie podregionu pozna\u0144skiego lub posiada w nim swoj\u0105 siedzib\u0119?<\/strong><\/p>\n\n\n\n<p>Mo\u017cesz skorzysta\u0107 z projektu Wielkopolskiej Oferty Rozwoju Kwalifikacji i Kompetencji WORKK!<\/p>\n\n\n\n<p>Limit refundacji na jedn\u0105 osob\u0119 wynosi 5000 z\u0142.<\/p>\n\n\n\n<p>Je\u015bli prowadzisz dzia\u0142alno\u015b\u0107 w innym wojew\u00f3dztwie dowiedz si\u0119 w Urz\u0119dzie Miasta jakie projekty realizowane s\u0105 w Twoim regionie. <\/p>\n\n\n\n<h3>Rodzaje kurs\u00f3w dofinansowanych<\/h3>\n\n\n\n<p>Kurs ma charakter indywidualny, a zaj\u0119cia mog\u0105 odbywa\u0107 si\u0119 zar\u00f3wno stacjonarnie jak i online. Udzia\u0142 w kursie jest niezale\u017cny od poziomu znajomo\u015bci j\u0119zyka! Mo\u017cesz dopiero rozpocz\u0105\u0107 swoj\u0105 przygod\u0119 z j\u0119zykiem obcym lub kontynuowa\u0107 nauk\u0119 na odpowiednio dostosowanym poziomie. Kurs mo\u017ce trwa\u0107 maksymalnie 8 miesi\u0119cy, a rozpoczyna si\u0119 dopiero 30 dni od daty z\u0142o\u017cenia wniosku. Leader School Pozna\u0144 Winogrady dzi\u0119ki swojemu do\u015bwiadczeniu oferuje r\u00f3wnie\u017c pomoc w dokonywaniu formalno\u015bci.<\/p>\n\n\n\n<p>Poziom refundacji jest zale\u017cny od wielko\u015bci firmy i zostaje okre\u015blony po dokonaniu indywidualnej oceny wniosku &#8211; mo\u017ce waha\u0107 si\u0119 od 65% do 70%. <\/p>\n\n\n\n<p>Warto doda\u0107, \u017ce Leader School Pozna\u0144 Winogrady jest O\u015brodkiem Egzaminacyjnym TGLS i posiada uprawnienia do przeprowadzania egzamin\u00f3w w swojej siedzibie! Znajomo\u015b\u0107 j\u0119zyk\u00f3w obcych to kapita\u0142 na przysz\u0142o\u015b\u0107. Je\u017celi chcesz po zako\u0144czeniu kursu dodatkowo otrzyma\u0107 \u015bwiadectwo osi\u0105gni\u0119tego poziomu, masz tak\u0105 mo\u017cliwo\u015b\u0107!<\/p>\n\n\n\n<p>EGZAMIN NIE JEST ELEMENTEM OBOWI\u0104ZKOWYM KURSU<\/p>\n","protected":false},"excerpt":{"rendered":"<p>Prowadzisz mikro, ma\u0142e lub \u015brednie przedsi\u0119biorstwo? A mo\u017ce jeste\u015b pracownikiem takiej firmy i chcesz podszkoli\u0107 j\u0119zyk obcy? Leader School Pozna\u0144 Winogrady jest szko\u0142\u0105 j\u0119zyk\u00f3w obcych wpisan\u0105 do Bazy Us\u0142ug Rozwojowych i posiada uprawnienia do prowadzenia kurs\u00f3w j\u0119zykowych dofinansowanych ze \u015brodk\u00f3w unijnych. Od 2019 roku zrealizowali\u015bmy ju\u017c ponad 800 kurs\u00f3w refundowanych, a nasze us\u0142ugi pozytywnie oceni\u0142o [&hellip;]<\/p>\n","protected":false},"author":3,"featured_media":0,"parent":3642,"menu_order":0,"comment_status":"closed","ping_status":"closed","template":"","meta":{"ngg_post_thumbnail":0},"acf":[],"yoast_head":"<!-- This site is optimized with the Yoast SEO plugin v18.9 - https:\/\/yoast.com\/wordpress\/plugins\/seo\/ -->\n<title>Dofinansowanie dla przedsi\u0119biorc\u00f3w Leader School Pozna\u0144-Winogrady<\/title>\n<meta name=\"robots\" content=\"index, follow, max-snippet:-1, max-image-preview:large, max-video-preview:-1\" \/>\n<link rel=\"canonical\" href=\"https:\/\/leaderschool.pl\/poznan-winogrady\/szkolenia-jezykowe-z-dofinansowaniem\/szkolenia-jezykowe-dofinansowane\/\" \/>\n<meta property=\"og:locale\" content=\"pl_PL\" \/>\n<meta property=\"og:type\" content=\"article\" \/>\n<meta property=\"og:title\" content=\"Dofinansowanie dla przedsi\u0119biorc\u00f3w Leader School Pozna\u0144-Winogrady\" \/>\n<meta property=\"og:description\" content=\"Prowadzisz mikro, ma\u0142e lub \u015brednie przedsi\u0119biorstwo? A mo\u017ce jeste\u015b pracownikiem takiej firmy i chcesz podszkoli\u0107 j\u0119zyk obcy? Leader School Pozna\u0144 Winogrady jest szko\u0142\u0105 j\u0119zyk\u00f3w obcych wpisan\u0105 do Bazy Us\u0142ug Rozwojowych i posiada uprawnienia do prowadzenia kurs\u00f3w j\u0119zykowych dofinansowanych ze \u015brodk\u00f3w unijnych. Od 2019 roku zrealizowali\u015bmy ju\u017c ponad 800 kurs\u00f3w refundowanych, a nasze us\u0142ugi pozytywnie oceni\u0142o [&hellip;]\" \/>\n<meta property=\"og:url\" content=\"https:\/\/leaderschool.pl\/poznan-winogrady\/szkolenia-jezykowe-z-dofinansowaniem\/szkolenia-jezykowe-dofinansowane\/\" \/>\n<meta property=\"og:site_name\" content=\"Leader School Pozna\u0144-Winogrady\" \/>\n<meta property=\"article:modified_time\" content=\"2026-03-11T19:31:35+00:00\" \/>\n<meta name=\"twitter:card\" content=\"summary_large_image\" \/>\n<meta name=\"twitter:label1\" content=\"Szacowany czas czytania\" \/>\n\t<meta name=\"twitter:data1\" content=\"3 minuty\" \/>\n<script type=\"application\/ld+json\" class=\"yoast-schema-graph\">{\"@context\":\"https:\/\/schema.org\",\"@graph\":[{\"@type\":\"WebSite\",\"@id\":\"https:\/\/leaderschool.pl\/poznan-winogrady\/#website\",\"url\":\"https:\/\/leaderschool.pl\/poznan-winogrady\/\",\"name\":\"Leader School Pozna\u0144-Winogrady\",\"description\":\"\",\"potentialAction\":[{\"@type\":\"SearchAction\",\"target\":{\"@type\":\"EntryPoint\",\"urlTemplate\":\"https:\/\/leaderschool.pl\/poznan-winogrady\/?s={search_term_string}\"},\"query-input\":\"required name=search_term_string\"}],\"inLanguage\":\"pl-PL\"},{\"@type\":\"WebPage\",\"@id\":\"https:\/\/leaderschool.pl\/poznan-winogrady\/szkolenia-jezykowe-z-dofinansowaniem\/szkolenia-jezykowe-dofinansowane\/#webpage\",\"url\":\"https:\/\/leaderschool.pl\/poznan-winogrady\/szkolenia-jezykowe-z-dofinansowaniem\/szkolenia-jezykowe-dofinansowane\/\",\"name\":\"Dofinansowanie dla przedsi\u0119biorc\u00f3w Leader School Pozna\u0144-Winogrady\",\"isPartOf\":{\"@id\":\"https:\/\/leaderschool.pl\/poznan-winogrady\/#website\"},\"datePublished\":\"2022-07-24T15:13:18+00:00\",\"dateModified\":\"2026-03-11T19:31:35+00:00\",\"breadcrumb\":{\"@id\":\"https:\/\/leaderschool.pl\/poznan-winogrady\/szkolenia-jezykowe-z-dofinansowaniem\/szkolenia-jezykowe-dofinansowane\/#breadcrumb\"},\"inLanguage\":\"pl-PL\",\"potentialAction\":[{\"@type\":\"ReadAction\",\"target\":[\"https:\/\/leaderschool.pl\/poznan-winogrady\/szkolenia-jezykowe-z-dofinansowaniem\/szkolenia-jezykowe-dofinansowane\/\"]}]},{\"@type\":\"BreadcrumbList\",\"@id\":\"https:\/\/leaderschool.pl\/poznan-winogrady\/szkolenia-jezykowe-z-dofinansowaniem\/szkolenia-jezykowe-dofinansowane\/#breadcrumb\",\"itemListElement\":[{\"@type\":\"ListItem\",\"position\":1,\"name\":\"Home\",\"item\":\"https:\/\/leaderschool.pl\/poznan-winogrady\/\"},{\"@type\":\"ListItem\",\"position\":2,\"name\":\"Szkolenia j\u0119zykowe z dofinansowaniem\",\"item\":\"https:\/\/leaderschool.pl\/poznan-winogrady\/szkolenia-jezykowe-z-dofinansowaniem\/\"},{\"@type\":\"ListItem\",\"position\":3,\"name\":\"Dofinansowanie dla przedsi\u0119biorc\u00f3w\"}]}]}<\/script>\n<!-- \/ Yoast SEO plugin. -->","yoast_head_json":{"title":"Dofinansowanie dla przedsi\u0119biorc\u00f3w Leader School Pozna\u0144-Winogrady","robots":{"index":"index","follow":"follow","max-snippet":"max-snippet:-1","max-image-preview":"max-image-preview:large","max-video-preview":"max-video-preview:-1"},"canonical":"https:\/\/leaderschool.pl\/poznan-winogrady\/szkolenia-jezykowe-z-dofinansowaniem\/szkolenia-jezykowe-dofinansowane\/","og_locale":"pl_PL","og_type":"article","og_title":"Dofinansowanie dla przedsi\u0119biorc\u00f3w Leader School Pozna\u0144-Winogrady","og_description":"Prowadzisz mikro, ma\u0142e lub \u015brednie przedsi\u0119biorstwo? A mo\u017ce jeste\u015b pracownikiem takiej firmy i chcesz podszkoli\u0107 j\u0119zyk obcy? Leader School Pozna\u0144 Winogrady jest szko\u0142\u0105 j\u0119zyk\u00f3w obcych wpisan\u0105 do Bazy Us\u0142ug Rozwojowych i posiada uprawnienia do prowadzenia kurs\u00f3w j\u0119zykowych dofinansowanych ze \u015brodk\u00f3w unijnych. Od 2019 roku zrealizowali\u015bmy ju\u017c ponad 800 kurs\u00f3w refundowanych, a nasze us\u0142ugi pozytywnie oceni\u0142o [&hellip;]","og_url":"https:\/\/leaderschool.pl\/poznan-winogrady\/szkolenia-jezykowe-z-dofinansowaniem\/szkolenia-jezykowe-dofinansowane\/","og_site_name":"Leader School Pozna\u0144-Winogrady","article_modified_time":"2026-03-11T19:31:35+00:00","twitter_card":"summary_large_image","twitter_misc":{"Szacowany czas czytania":"3 minuty"},"schema":{"@context":"https:\/\/schema.org","@graph":[{"@type":"WebSite","@id":"https:\/\/leaderschool.pl\/poznan-winogrady\/#website","url":"https:\/\/leaderschool.pl\/poznan-winogrady\/","name":"Leader School Pozna\u0144-Winogrady","description":"","potentialAction":[{"@type":"SearchAction","target":{"@type":"EntryPoint","urlTemplate":"https:\/\/leaderschool.pl\/poznan-winogrady\/?s={search_term_string}"},"query-input":"required name=search_term_string"}],"inLanguage":"pl-PL"},{"@type":"WebPage","@id":"https:\/\/leaderschool.pl\/poznan-winogrady\/szkolenia-jezykowe-z-dofinansowaniem\/szkolenia-jezykowe-dofinansowane\/#webpage","url":"https:\/\/leaderschool.pl\/poznan-winogrady\/szkolenia-jezykowe-z-dofinansowaniem\/szkolenia-jezykowe-dofinansowane\/","name":"Dofinansowanie dla przedsi\u0119biorc\u00f3w Leader School Pozna\u0144-Winogrady","isPartOf":{"@id":"https:\/\/leaderschool.pl\/poznan-winogrady\/#website"},"datePublished":"2022-07-24T15:13:18+00:00","dateModified":"2026-03-11T19:31:35+00:00","breadcrumb":{"@id":"https:\/\/leaderschool.pl\/poznan-winogrady\/szkolenia-jezykowe-z-dofinansowaniem\/szkolenia-jezykowe-dofinansowane\/#breadcrumb"},"inLanguage":"pl-PL","potentialAction":[{"@type":"ReadAction","target":["https:\/\/leaderschool.pl\/poznan-winogrady\/szkolenia-jezykowe-z-dofinansowaniem\/szkolenia-jezykowe-dofinansowane\/"]}]},{"@type":"BreadcrumbList","@id":"https:\/\/leaderschool.pl\/poznan-winogrady\/szkolenia-jezykowe-z-dofinansowaniem\/szkolenia-jezykowe-dofinansowane\/#breadcrumb","itemListElement":[{"@type":"ListItem","position":1,"name":"Home","item":"https:\/\/leaderschool.pl\/poznan-winogrady\/"},{"@type":"ListItem","position":2,"name":"Szkolenia j\u0119zykowe z dofinansowaniem","item":"https:\/\/leaderschool.pl\/poznan-winogrady\/szkolenia-jezykowe-z-dofinansowaniem\/"},{"@type":"ListItem","position":3,"name":"Dofinansowanie dla przedsi\u0119biorc\u00f3w"}]}]}},"_links":{"self":[{"href":"https:\/\/leaderschool.pl\/poznan-winogrady\/wp-json\/wp\/v2\/pages\/2590"}],"collection":[{"href":"https:\/\/leaderschool.pl\/poznan-winogrady\/wp-json\/wp\/v2\/pages"}],"about":[{"href":"https:\/\/leaderschool.pl\/poznan-winogrady\/wp-json\/wp\/v2\/types\/page"}],"author":[{"embeddable":true,"href":"https:\/\/leaderschool.pl\/poznan-winogrady\/wp-json\/wp\/v2\/users\/3"}],"replies":[{"embeddable":true,"href":"https:\/\/leaderschool.pl\/poznan-winogrady\/wp-json\/wp\/v2\/comments?post=2590"}],"version-history":[{"count":5,"href":"https:\/\/leaderschool.pl\/poznan-winogrady\/wp-json\/wp\/v2\/pages\/2590\/revisions"}],"predecessor-version":[{"id":3540,"href":"https:\/\/leaderschool.pl\/poznan-winogrady\/wp-json\/wp\/v2\/pages\/2590\/revisions\/3540"}],"up":[{"embeddable":true,"href":"https:\/\/leaderschool.pl\/poznan-winogrady\/wp-json\/wp\/v2\/pages\/3642"}],"wp:attachment":[{"href":"https:\/\/leaderschool.pl\/poznan-winogrady\/wp-json\/wp\/v2\/media?parent=2590"}],"curies":[{"name":"wp","href":"https:\/\/api.w.org\/{rel}","templated":true}]}}