{"id":2663,"date":"2023-02-22T11:23:14","date_gmt":"2023-02-22T10:23:14","guid":{"rendered":"https:\/\/leaderschool.pl\/poznan-rataje\/?page_id=2663"},"modified":"2024-06-25T10:25:12","modified_gmt":"2024-06-25T08:25:12","slug":"biuro-tlumaczen","status":"publish","type":"page","link":"https:\/\/leaderschool.pl\/poznan-rataje\/biuro-tlumaczen\/","title":{"rendered":"Biuro t\u0142umacze\u0144 Pozna\u0144 Rataje"},"content":{"rendered":"\n<p>Szukasz profesjonalnego t\u0142umacza, kt\u00f3ry prze\u0142o\u017cy dla Ciebie tekst lub we\u017amie udzia\u0142 w konferencji, szkoleniu czy rozmowie w obcym j\u0119zyku? Doskonale trafi\u0142e\u015b! W\u0142a\u015bnie takie us\u0142ugi \u015bwiadczymy w Leader School <strong>w Poznaniu \u2013 biuro t\u0142umacze\u0144<\/strong> oferuje kompleksow\u0105 obs\u0142ug\u0119 translatorsk\u0105 dla klient\u00f3w indywidualnych oraz przedsi\u0119biorc\u00f3w. Sprawd\u017a, co mo\u017cemy dla Ciebie zrobi\u0107!<\/p>\n\n\n\n<h2><strong>T\u0142umaczenia Pozna\u0144 Rataje \u2013 zobacz, co t\u0142umaczymy w Leader School<\/strong><\/h2>\n\n\n\n<p>T\u0142umaczenia stanowi\u0105 odpowied\u017a na rosn\u0105ce wymagania wynikaj\u0105ce z otwierania si\u0119 na komunikacj\u0119 mi\u0119dzynarodow\u0105, wychodzenie na rynki zagraniczne oraz nawi\u0105zywanie wsp\u00f3\u0142pracy z przedstawicielami innych kraj\u00f3w. Dzi\u0119ki takim us\u0142ugom nie musisz biegle w\u0142ada\u0107 j\u0119zykiem obcym \u2013 nasi eksperci pomog\u0105 Ci w kontaktach z partnerami biznesowymi, u\u0142atwi\u0105 prowadzenie korespondencji i wezm\u0105 udzia\u0142 w spotkaniach, podczas kt\u00f3rych u\u017cywany jest nieznany Ci j\u0119zyk.<\/p>\n\n\n\n<p>Us\u0142ugi translatorskie to niezwykle obszerna grupa obejmuj\u0105ca <strong>t\u0142umaczenie dokument\u00f3w w Poznaniu Rataje<\/strong>, jak i przek\u0142ady ustne wykonywane podczas rozm\u00f3w, konferencji i szkole\u0144. Nasi eksperci doskonale radz\u0105 sobie z wieloma j\u0119zykami i bran\u017cami, swobodnie pos\u0142uguj\u0105 si\u0119 s\u0142ownictwem bran\u017cowym i specjalistycznym, zachowuj\u0105c poprawno\u015b\u0107 merytoryczn\u0105 oraz sens i jednocze\u015bnie dbaj\u0105c o jasno\u015b\u0107 wypowiedzi. Nasze <strong>biuro t\u0142umacze\u0144 w Poznaniu Rataje<\/strong> zajmuje si\u0119 przek\u0142adami:<\/p>\n\n\n\n<ul><li>dokumentacji firmowej \u2013 w tym um\u00f3w oraz korespondencji z partnerami biznesowymi,<\/li><li>dokumentacji medycznej \u2013 wypis\u00f3w ze szpitala, zalece\u0144 lekarskich, historii choroby i innych zwi\u0105zanych z bran\u017c\u0105 medyczn\u0105,<\/li><li>stron internetowych,<\/li><li>materia\u0142\u00f3w naukowych,<\/li><li>instrukcji obs\u0142ugi oraz monta\u017cu,<\/li><li>ulotek reklamowych i materia\u0142\u00f3w promocyjnych,<\/li><li>pism formalnych,<\/li><li>dowolnych tekst\u00f3w o r\u00f3\u017cnej tematyce zgodnie z indywidualnymi potrzebami klienta.<\/li><\/ul>\n\n\n\n<p>Z ch\u0119ci\u0105 realizujemy jednorazowe zlecenia, zapraszamy te\u017c do nawi\u0105zania d\u0142ugotrwa\u0142ej wsp\u00f3\u0142pracy.<\/p>\n\n\n\n<h3><strong>T\u0142umaczenia w Poznaniu Rataje \u2013 oto co zapewnia Leader School!<\/strong><\/h3>\n\n\n\n<p>Wybieraj\u0105c <strong>biuro t\u0142umacze\u0144, w Poznaniu Rataje<\/strong> natkniesz si\u0119 na wiele propozycji \u2013 w tak du\u017cym mie\u015bcie podobnych us\u0142ug jest mn\u00f3stwo, sk\u0105d zatem pewno\u015b\u0107, \u017ce w\u0142a\u015bnie nas warto wybra\u0107? Doskonale wiemy, co sk\u0142ada si\u0119 na wysokojako\u015bciowe us\u0142ugi translatorskie \u2013 wszystko to znajdziesz w Leader School:<\/p>\n\n\n\n<ul><li>bezp\u0142atna wycena \u2013 wykonamy j\u0105 dla Ciebie, \u017ceby\u015b wiedzia\u0142, ile zap\u0142acisz za swoje t\u0142umaczenie i mia\u0142 pewno\u015b\u0107, \u017ce ustalony koszt si\u0119 nie zmieni,<\/li><li>indywidualne podej\u015bcie do ka\u017cdego zlecenia \u2013 dokonuj\u0105c przek\u0142ad\u00f3w, uwzgl\u0119dniamy tematyk\u0119 tre\u015bci, bran\u017c\u0119, jakiej dotycz\u0105 oraz ich przeznaczenie (innej formy wymagaj\u0105 bowiem teksty na u\u017cytek prywatny, innej z kolei tre\u015bci biznesowe i formalne),<\/li><li>poprawno\u015b\u0107 j\u0119zykowa i merytoryczna \u2013 nasi eksperci radz\u0105 sobie nawet ze skomplikowanymi tre\u015bciami, u\u017cywaj\u0105 specjalistycznego s\u0142ownictwa i dbaj\u0105 o wierne odzwierciedlenie orygina\u0142u, weryfikuj\u0105c swoje teksty nie tylko pod wzgl\u0119dem lingwistycznym, lecz tak\u017ce merytorycznym.<\/li><\/ul>\n\n\n\n<h3><strong>Od czego zale\u017cy koszt t\u0142umaczenia?<\/strong><\/h3>\n\n\n\n<p>T\u0142umaczenia to us\u0142ugi, kt\u00f3rych nie spos\u00f3b zamkn\u0105\u0107 w \u015bci\u015ble ustalonych ramach cenowych. Na ostateczny koszt wp\u0142ywa kilka sk\u0142adowych \u2013 w\u015br\u00f3d nich nale\u017cy wymieni\u0107 przede wszystkim stopie\u0144 skomplikowania t\u0142umaczonych tre\u015bci i zawarte w nich s\u0142ownictwo. Znaczenie ma tak\u017ce d\u0142ugo\u015b\u0107 tekstu przeznaczonego do prze\u0142o\u017cenia i j\u0119zyk \u2013 realizujemy <strong>t\u0142umaczenia po angielsku w Poznaniu<\/strong>, jak r\u00f3wnie\u017c w j\u0119zyku niemieckim i innych, mniej popularnych. Chc\u0105c pozna\u0107 koszt swojego zlecenia, skontaktuj si\u0119 z nami, a my dokonamy wyceny i poinformujemy Ci\u0119 o dost\u0119pnych terminach.<\/p>\n\n\n\n<h2><strong>Biuro t\u0142umacze\u0144 w Poznaniu Rataje \u2013 do kogo skierowane s\u0105 nasze us\u0142ugi?<\/strong><\/h2>\n\n\n\n<p>W\u015br\u00f3d naszych zleceniodawc\u00f3w s\u0105 zar\u00f3wno osoby prywatne, jak i przedstawiciele firm, przedsi\u0119biorcy i podmioty instytucjonalne. Z uwagi na szeroki zakres \u015bwiadczonych us\u0142ug, znajomo\u015b\u0107 wielu j\u0119zyk\u00f3w i podejmowanie zlece\u0144 z przer\u00f3\u017cnych dziedzin obs\u0142ugujemy osoby, kt\u00f3re potrzebuj\u0105 jednorazowego przek\u0142adu oraz kompleksowo wspieramy naszych partner\u00f3w w ramach d\u0142ugofalowej wsp\u00f3\u0142pracy. Z ch\u0119ci\u0105 t\u0142umaczymy proste teksty, jednak nie obawiamy si\u0119 r\u00f3wnie\u017c tematyk niszowych i wymagaj\u0105cych specjalistycznej wiedzy oraz znajomo\u015bci zaawansowanego, bran\u017cowego s\u0142ownictwa. Ka\u017cdy mo\u017ce skorzysta\u0107 z naszej oferty \u2013 zach\u0119camy do kontaktu!<\/p>\n\n\n\n<h3><strong>Dlaczego my?<\/strong><\/h3>\n\n\n\n<p>W Leader School w Poznaniu Rataje znajdziesz t\u0142umaczenia:<\/p>\n\n\n\n<ul><li>w pe\u0142ni poprawne j\u0119zykowo,<\/li><li>ustne i pisemne \u2013 w zale\u017cno\u015bci od potrzeb,<\/li><li>indywidualnie wycenione,<\/li><li>dotycz\u0105ce niemal ka\u017cdej bran\u017cy dost\u0119pnej na rynku,<\/li><li>merytoryczne i uwzgl\u0119dniaj\u0105ce specjalistyczne s\u0142ownictwo,<\/li><li>realizowane przez do\u015bwiadczonych ekspert\u00f3w, kt\u00f3rzy sprawnie pos\u0142uguj\u0105 si\u0119 wybranym j\u0119zykiem i maj\u0105 wiedz\u0119 z zakresu t\u0142umaczonych tre\u015bci,<\/li><li>poddawane wieloetapowej weryfikacji, aby w Twoje r\u0119ce trafi\u0142y wysokiej jako\u015bci, sprawdzone tre\u015bci gotowe do u\u017cytku.<\/li><\/ul>\n\n\n\n<h3><strong>Potrzebny t\u0142umacz niemiecki w Poznaniu Rataje? A mo\u017ce interesuje Ci\u0119 inny j\u0119zyk? W Leader School znajdziesz to, czego szukasz!<\/strong><\/h3>\n\n\n\n<p>Us\u0142ugi translatorskie oferujemy klientom indywidualnym, biznesowym, instytucjonalnym oraz wszystkim osobom, kt\u00f3re potrzebuj\u0105 t\u0142umacze\u0144 ustnych i pisemnych. Zg\u0142o\u015b si\u0119 do nas, aby pozna\u0107 szczeg\u00f3\u0142y, dokona\u0107 wyceny Twojego zlecenia i pozna\u0107 terminy. Nasi t\u0142umacze biegle w\u0142adaj\u0105 wieloma j\u0119zykami zar\u00f3wno w mowie, jak i pi\u015bmie, dlatego \u2013 wybieraj\u0105c <strong>biuro t\u0142umacze\u0144 w Poznaniu Rataje<\/strong> \u2013 masz pewno\u015b\u0107 profesjonalnej obs\u0142ugi i wysokiej jako\u015bci us\u0142ug.<\/p>\n","protected":false},"excerpt":{"rendered":"<p>Szukasz profesjonalnego t\u0142umacza, kt\u00f3ry prze\u0142o\u017cy dla Ciebie tekst lub we\u017amie udzia\u0142 w konferencji, szkoleniu czy rozmowie w obcym j\u0119zyku? Doskonale trafi\u0142e\u015b! W\u0142a\u015bnie takie us\u0142ugi \u015bwiadczymy w Leader School w Poznaniu \u2013 biuro t\u0142umacze\u0144 oferuje kompleksow\u0105 obs\u0142ug\u0119 translatorsk\u0105 dla klient\u00f3w indywidualnych oraz przedsi\u0119biorc\u00f3w. Sprawd\u017a, co mo\u017cemy dla Ciebie zrobi\u0107! T\u0142umaczenia Pozna\u0144 Rataje \u2013 zobacz, co t\u0142umaczymy [&hellip;]<\/p>\n","protected":false},"author":3,"featured_media":0,"parent":0,"menu_order":0,"comment_status":"closed","ping_status":"closed","template":"","meta":{"ngg_post_thumbnail":0},"acf":[],"yoast_head":"<!-- This site is optimized with the Yoast SEO plugin v18.9 - https:\/\/yoast.com\/wordpress\/plugins\/seo\/ -->\n<title>Biuro t\u0142umacze\u0144 Szko\u0142a j\u0119zykowa Pozna\u0144 Rataje - Leader School<\/title>\n<meta name=\"description\" content=\"Sprawd\u017a nasze biuro t\u0142umacze\u0144 Pozna\u0144 Rataje. T\u0142umaczenia przysi\u0119g\u0142e, medyczne, j\u0119zykowe oraz biznesowe na najwy\u017cszym poziomie.\" \/>\n<meta name=\"robots\" content=\"index, follow, max-snippet:-1, max-image-preview:large, max-video-preview:-1\" \/>\n<link rel=\"canonical\" href=\"https:\/\/leaderschool.pl\/poznan-rataje\/biuro-tlumaczen\/\" \/>\n<meta property=\"og:locale\" content=\"pl_PL\" \/>\n<meta property=\"og:type\" content=\"article\" \/>\n<meta property=\"og:title\" content=\"Biuro t\u0142umacze\u0144 Szko\u0142a j\u0119zykowa Pozna\u0144 Rataje - Leader School\" \/>\n<meta property=\"og:description\" content=\"Sprawd\u017a nasze biuro t\u0142umacze\u0144 Pozna\u0144 Rataje. T\u0142umaczenia przysi\u0119g\u0142e, medyczne, j\u0119zykowe oraz biznesowe na najwy\u017cszym poziomie.\" \/>\n<meta property=\"og:url\" content=\"https:\/\/leaderschool.pl\/poznan-rataje\/biuro-tlumaczen\/\" \/>\n<meta property=\"og:site_name\" content=\"Szko\u0142a j\u0119zykowa Pozna\u0144 Rataje - Leader School\" \/>\n<meta property=\"article:modified_time\" content=\"2024-06-25T08:25:12+00:00\" \/>\n<meta name=\"twitter:card\" content=\"summary_large_image\" \/>\n<meta name=\"twitter:label1\" content=\"Szacowany czas czytania\" \/>\n\t<meta name=\"twitter:data1\" content=\"5 minut\" \/>\n<script type=\"application\/ld+json\" class=\"yoast-schema-graph\">{\"@context\":\"https:\/\/schema.org\",\"@graph\":[{\"@type\":\"WebSite\",\"@id\":\"https:\/\/leaderschool.pl\/poznan-rataje\/#website\",\"url\":\"https:\/\/leaderschool.pl\/poznan-rataje\/\",\"name\":\"Szko\u0142a j\u0119zykowa Pozna\u0144 Rataje - Leader School\",\"description\":\"\",\"potentialAction\":[{\"@type\":\"SearchAction\",\"target\":{\"@type\":\"EntryPoint\",\"urlTemplate\":\"https:\/\/leaderschool.pl\/poznan-rataje\/?s={search_term_string}\"},\"query-input\":\"required name=search_term_string\"}],\"inLanguage\":\"pl-PL\"},{\"@type\":\"WebPage\",\"@id\":\"https:\/\/leaderschool.pl\/poznan-rataje\/biuro-tlumaczen\/#webpage\",\"url\":\"https:\/\/leaderschool.pl\/poznan-rataje\/biuro-tlumaczen\/\",\"name\":\"Biuro t\u0142umacze\u0144 Szko\u0142a j\u0119zykowa Pozna\u0144 Rataje - Leader School\",\"isPartOf\":{\"@id\":\"https:\/\/leaderschool.pl\/poznan-rataje\/#website\"},\"datePublished\":\"2023-02-22T10:23:14+00:00\",\"dateModified\":\"2024-06-25T08:25:12+00:00\",\"description\":\"Sprawd\u017a nasze biuro t\u0142umacze\u0144 Pozna\u0144 Rataje. T\u0142umaczenia przysi\u0119g\u0142e, medyczne, j\u0119zykowe oraz biznesowe na najwy\u017cszym poziomie.\",\"breadcrumb\":{\"@id\":\"https:\/\/leaderschool.pl\/poznan-rataje\/biuro-tlumaczen\/#breadcrumb\"},\"inLanguage\":\"pl-PL\",\"potentialAction\":[{\"@type\":\"ReadAction\",\"target\":[\"https:\/\/leaderschool.pl\/poznan-rataje\/biuro-tlumaczen\/\"]}]},{\"@type\":\"BreadcrumbList\",\"@id\":\"https:\/\/leaderschool.pl\/poznan-rataje\/biuro-tlumaczen\/#breadcrumb\",\"itemListElement\":[{\"@type\":\"ListItem\",\"position\":1,\"name\":\"Home\",\"item\":\"https:\/\/leaderschool.pl\/poznan-rataje\/\"},{\"@type\":\"ListItem\",\"position\":2,\"name\":\"Biuro t\u0142umacze\u0144 Pozna\u0144 Rataje\"}]}]}<\/script>\n<!-- \/ Yoast SEO plugin. -->","yoast_head_json":{"title":"Biuro t\u0142umacze\u0144 Szko\u0142a j\u0119zykowa Pozna\u0144 Rataje - Leader School","description":"Sprawd\u017a nasze biuro t\u0142umacze\u0144 Pozna\u0144 Rataje. T\u0142umaczenia przysi\u0119g\u0142e, medyczne, j\u0119zykowe oraz biznesowe na najwy\u017cszym poziomie.","robots":{"index":"index","follow":"follow","max-snippet":"max-snippet:-1","max-image-preview":"max-image-preview:large","max-video-preview":"max-video-preview:-1"},"canonical":"https:\/\/leaderschool.pl\/poznan-rataje\/biuro-tlumaczen\/","og_locale":"pl_PL","og_type":"article","og_title":"Biuro t\u0142umacze\u0144 Szko\u0142a j\u0119zykowa Pozna\u0144 Rataje - Leader School","og_description":"Sprawd\u017a nasze biuro t\u0142umacze\u0144 Pozna\u0144 Rataje. T\u0142umaczenia przysi\u0119g\u0142e, medyczne, j\u0119zykowe oraz biznesowe na najwy\u017cszym poziomie.","og_url":"https:\/\/leaderschool.pl\/poznan-rataje\/biuro-tlumaczen\/","og_site_name":"Szko\u0142a j\u0119zykowa Pozna\u0144 Rataje - Leader School","article_modified_time":"2024-06-25T08:25:12+00:00","twitter_card":"summary_large_image","twitter_misc":{"Szacowany czas czytania":"5 minut"},"schema":{"@context":"https:\/\/schema.org","@graph":[{"@type":"WebSite","@id":"https:\/\/leaderschool.pl\/poznan-rataje\/#website","url":"https:\/\/leaderschool.pl\/poznan-rataje\/","name":"Szko\u0142a j\u0119zykowa Pozna\u0144 Rataje - Leader School","description":"","potentialAction":[{"@type":"SearchAction","target":{"@type":"EntryPoint","urlTemplate":"https:\/\/leaderschool.pl\/poznan-rataje\/?s={search_term_string}"},"query-input":"required name=search_term_string"}],"inLanguage":"pl-PL"},{"@type":"WebPage","@id":"https:\/\/leaderschool.pl\/poznan-rataje\/biuro-tlumaczen\/#webpage","url":"https:\/\/leaderschool.pl\/poznan-rataje\/biuro-tlumaczen\/","name":"Biuro t\u0142umacze\u0144 Szko\u0142a j\u0119zykowa Pozna\u0144 Rataje - Leader School","isPartOf":{"@id":"https:\/\/leaderschool.pl\/poznan-rataje\/#website"},"datePublished":"2023-02-22T10:23:14+00:00","dateModified":"2024-06-25T08:25:12+00:00","description":"Sprawd\u017a nasze biuro t\u0142umacze\u0144 Pozna\u0144 Rataje. T\u0142umaczenia przysi\u0119g\u0142e, medyczne, j\u0119zykowe oraz biznesowe na najwy\u017cszym poziomie.","breadcrumb":{"@id":"https:\/\/leaderschool.pl\/poznan-rataje\/biuro-tlumaczen\/#breadcrumb"},"inLanguage":"pl-PL","potentialAction":[{"@type":"ReadAction","target":["https:\/\/leaderschool.pl\/poznan-rataje\/biuro-tlumaczen\/"]}]},{"@type":"BreadcrumbList","@id":"https:\/\/leaderschool.pl\/poznan-rataje\/biuro-tlumaczen\/#breadcrumb","itemListElement":[{"@type":"ListItem","position":1,"name":"Home","item":"https:\/\/leaderschool.pl\/poznan-rataje\/"},{"@type":"ListItem","position":2,"name":"Biuro t\u0142umacze\u0144 Pozna\u0144 Rataje"}]}]}},"_links":{"self":[{"href":"https:\/\/leaderschool.pl\/poznan-rataje\/wp-json\/wp\/v2\/pages\/2663"}],"collection":[{"href":"https:\/\/leaderschool.pl\/poznan-rataje\/wp-json\/wp\/v2\/pages"}],"about":[{"href":"https:\/\/leaderschool.pl\/poznan-rataje\/wp-json\/wp\/v2\/types\/page"}],"author":[{"embeddable":true,"href":"https:\/\/leaderschool.pl\/poznan-rataje\/wp-json\/wp\/v2\/users\/3"}],"replies":[{"embeddable":true,"href":"https:\/\/leaderschool.pl\/poznan-rataje\/wp-json\/wp\/v2\/comments?post=2663"}],"version-history":[{"count":4,"href":"https:\/\/leaderschool.pl\/poznan-rataje\/wp-json\/wp\/v2\/pages\/2663\/revisions"}],"predecessor-version":[{"id":2725,"href":"https:\/\/leaderschool.pl\/poznan-rataje\/wp-json\/wp\/v2\/pages\/2663\/revisions\/2725"}],"wp:attachment":[{"href":"https:\/\/leaderschool.pl\/poznan-rataje\/wp-json\/wp\/v2\/media?parent=2663"}],"curies":[{"name":"wp","href":"https:\/\/api.w.org\/{rel}","templated":true}]}}