{"id":2889,"date":"2024-08-01T14:21:06","date_gmt":"2024-08-01T12:21:06","guid":{"rendered":"https:\/\/leaderschool.pl\/pila\/?page_id=2889"},"modified":"2024-08-01T14:21:06","modified_gmt":"2024-08-01T12:21:06","slug":"polski_dl","status":"publish","type":"page","link":"https:\/\/leaderschool.pl\/pila\/kursy\/polski_dl\/","title":{"rendered":"Kurs j\u0119zyka polskiego dla obcokrajowc\u00f3w. Polish for foreigners. Polnisch f\u00fcr Ausl\u00e4nder. \u041f\u043e\u043b\u044c\u0441\u043a\u0438\u0439 \u044f\u0437\u044b\u043a \u0434\u043b\u044f \u0438\u043d\u043e\u0441\u0442\u0440\u0430\u043d\u0446\u0435\u0432."},"content":{"rendered":"\n<p>Kurs j\u0119zyka polskiego dla obcokrajowc\u00f3w. Polish for foreigners. Polnisch f\u00fcr Ausl\u00e4nder. \u041f\u043e\u043b\u044c\u0441\u043a\u0438\u0439 \u044f\u0437\u044b\u043a \u0434\u043b\u044f \u0438\u043d\u043e\u0441\u0442\u0440\u0430\u043d\u0446\u0435\u0432.<\/p>\n\n\n\n<p style=\"font-style:italic;font-weight:400\"><\/p>\n","protected":false},"excerpt":{"rendered":"<p>Kurs j\u0119zyka polskiego dla obcokrajowc\u00f3w. Polish for foreigners. Polnisch f\u00fcr Ausl\u00e4nder. \u041f\u043e\u043b\u044c\u0441\u043a\u0438\u0439 \u044f\u0437\u044b\u043a \u0434\u043b\u044f \u0438\u043d\u043e\u0441\u0442\u0440\u0430\u043d\u0446\u0435\u0432.<\/p>\n","protected":false},"author":17,"featured_media":0,"parent":1176,"menu_order":0,"comment_status":"closed","ping_status":"closed","template":"","meta":{"ngg_post_thumbnail":0},"acf":[],"yoast_head":"<!-- This site is optimized with the Yoast SEO plugin v18.9 - https:\/\/yoast.com\/wordpress\/plugins\/seo\/ -->\n<title>Polski dla obcokrajowc\u00f3w Polish for foreigners<\/title>\n<meta name=\"description\" content=\"Kurs j\u0119zyka polskiego dla obcokrajowc\u00f3w. Polish for foreigners. Polnisch f\u00fcr Ausl\u00e4nder. \u041f\u043e\u043b\u044c\u0441\u043a\u0438\u0439 \u044f\u0437\u044b\u043a \u0434\u043b\u044f \u0438\u043d\u043e\u0441\u0442\u0440\u0430\u043d\u0446\u0435\u0432.\" \/>\n<meta name=\"robots\" content=\"index, follow, max-snippet:-1, max-image-preview:large, max-video-preview:-1\" \/>\n<link rel=\"canonical\" href=\"https:\/\/leaderschool.pl\/pila\/kursy\/polski_dl\/\" \/>\n<meta property=\"og:locale\" content=\"pl_PL\" \/>\n<meta property=\"og:type\" content=\"article\" \/>\n<meta property=\"og:title\" content=\"Polski dla obcokrajowc\u00f3w Polish for foreigners\" \/>\n<meta property=\"og:description\" content=\"Kurs j\u0119zyka polskiego dla obcokrajowc\u00f3w. Polish for foreigners. Polnisch f\u00fcr Ausl\u00e4nder. \u041f\u043e\u043b\u044c\u0441\u043a\u0438\u0439 \u044f\u0437\u044b\u043a \u0434\u043b\u044f \u0438\u043d\u043e\u0441\u0442\u0440\u0430\u043d\u0446\u0435\u0432.\" \/>\n<meta property=\"og:url\" content=\"https:\/\/leaderschool.pl\/pila\/kursy\/polski_dl\/\" \/>\n<meta property=\"og:site_name\" content=\"w Pile - Leader School\" \/>\n<meta name=\"twitter:card\" content=\"summary_large_image\" \/>\n<meta name=\"twitter:label1\" content=\"Szacowany czas czytania\" \/>\n\t<meta name=\"twitter:data1\" content=\"1 minuta\" \/>\n<script type=\"application\/ld+json\" class=\"yoast-schema-graph\">{\"@context\":\"https:\/\/schema.org\",\"@graph\":[{\"@type\":\"WebSite\",\"@id\":\"https:\/\/leaderschool.pl\/pila\/#website\",\"url\":\"https:\/\/leaderschool.pl\/pila\/\",\"name\":\"w Pile - Leader School\",\"description\":\"\",\"potentialAction\":[{\"@type\":\"SearchAction\",\"target\":{\"@type\":\"EntryPoint\",\"urlTemplate\":\"https:\/\/leaderschool.pl\/pila\/?s={search_term_string}\"},\"query-input\":\"required name=search_term_string\"}],\"inLanguage\":\"pl-PL\"},{\"@type\":\"WebPage\",\"@id\":\"https:\/\/leaderschool.pl\/pila\/kursy\/polski_dl\/#webpage\",\"url\":\"https:\/\/leaderschool.pl\/pila\/kursy\/polski_dl\/\",\"name\":\"Polski dla obcokrajowc\u00f3w Polish for foreigners\",\"isPartOf\":{\"@id\":\"https:\/\/leaderschool.pl\/pila\/#website\"},\"datePublished\":\"2024-08-01T12:21:06+00:00\",\"dateModified\":\"2024-08-01T12:21:06+00:00\",\"description\":\"Kurs j\u0119zyka polskiego dla obcokrajowc\u00f3w. Polish for foreigners. Polnisch f\u00fcr Ausl\u00e4nder. \u041f\u043e\u043b\u044c\u0441\u043a\u0438\u0439 \u044f\u0437\u044b\u043a \u0434\u043b\u044f \u0438\u043d\u043e\u0441\u0442\u0440\u0430\u043d\u0446\u0435\u0432.\",\"breadcrumb\":{\"@id\":\"https:\/\/leaderschool.pl\/pila\/kursy\/polski_dl\/#breadcrumb\"},\"inLanguage\":\"pl-PL\",\"potentialAction\":[{\"@type\":\"ReadAction\",\"target\":[\"https:\/\/leaderschool.pl\/pila\/kursy\/polski_dl\/\"]}]},{\"@type\":\"BreadcrumbList\",\"@id\":\"https:\/\/leaderschool.pl\/pila\/kursy\/polski_dl\/#breadcrumb\",\"itemListElement\":[{\"@type\":\"ListItem\",\"position\":1,\"name\":\"Home\",\"item\":\"https:\/\/leaderschool.pl\/pila\/\"},{\"@type\":\"ListItem\",\"position\":2,\"name\":\"Kursy\",\"item\":\"https:\/\/leaderschool.pl\/pila\/kursy\/\"},{\"@type\":\"ListItem\",\"position\":3,\"name\":\"Kurs j\u0119zyka polskiego dla obcokrajowc\u00f3w. Polish for foreigners. Polnisch f\u00fcr Ausl\u00e4nder. \u041f\u043e\u043b\u044c\u0441\u043a\u0438\u0439 \u044f\u0437\u044b\u043a \u0434\u043b\u044f \u0438\u043d\u043e\u0441\u0442\u0440\u0430\u043d\u0446\u0435\u0432.\"}]},{\"@type\":\"Person\",\"@id\":\"https:\/\/leaderschool.pl\/pila\/#\/schema\/person\/dad2739eb77bc99bc85e4d6fb66c05d7\",\"name\":\"oddzialpila\",\"image\":{\"@type\":\"ImageObject\",\"inLanguage\":\"pl-PL\",\"@id\":\"https:\/\/leaderschool.pl\/pila\/#\/schema\/person\/image\/\",\"url\":\"https:\/\/secure.gravatar.com\/avatar\/6e09fbb2a176fcc6572d958e88c23718?s=96&d=mm&r=g\",\"contentUrl\":\"https:\/\/secure.gravatar.com\/avatar\/6e09fbb2a176fcc6572d958e88c23718?s=96&d=mm&r=g\",\"caption\":\"oddzialpila\"}}]}<\/script>\n<!-- \/ Yoast SEO plugin. -->","yoast_head_json":{"title":"Polski dla obcokrajowc\u00f3w Polish for foreigners","description":"Kurs j\u0119zyka polskiego dla obcokrajowc\u00f3w. Polish for foreigners. Polnisch f\u00fcr Ausl\u00e4nder. \u041f\u043e\u043b\u044c\u0441\u043a\u0438\u0439 \u044f\u0437\u044b\u043a \u0434\u043b\u044f \u0438\u043d\u043e\u0441\u0442\u0440\u0430\u043d\u0446\u0435\u0432.","robots":{"index":"index","follow":"follow","max-snippet":"max-snippet:-1","max-image-preview":"max-image-preview:large","max-video-preview":"max-video-preview:-1"},"canonical":"https:\/\/leaderschool.pl\/pila\/kursy\/polski_dl\/","og_locale":"pl_PL","og_type":"article","og_title":"Polski dla obcokrajowc\u00f3w Polish for foreigners","og_description":"Kurs j\u0119zyka polskiego dla obcokrajowc\u00f3w. Polish for foreigners. Polnisch f\u00fcr Ausl\u00e4nder. \u041f\u043e\u043b\u044c\u0441\u043a\u0438\u0439 \u044f\u0437\u044b\u043a \u0434\u043b\u044f \u0438\u043d\u043e\u0441\u0442\u0440\u0430\u043d\u0446\u0435\u0432.","og_url":"https:\/\/leaderschool.pl\/pila\/kursy\/polski_dl\/","og_site_name":"w Pile - Leader School","twitter_card":"summary_large_image","twitter_misc":{"Szacowany czas czytania":"1 minuta"},"schema":{"@context":"https:\/\/schema.org","@graph":[{"@type":"WebSite","@id":"https:\/\/leaderschool.pl\/pila\/#website","url":"https:\/\/leaderschool.pl\/pila\/","name":"w Pile - Leader School","description":"","potentialAction":[{"@type":"SearchAction","target":{"@type":"EntryPoint","urlTemplate":"https:\/\/leaderschool.pl\/pila\/?s={search_term_string}"},"query-input":"required name=search_term_string"}],"inLanguage":"pl-PL"},{"@type":"WebPage","@id":"https:\/\/leaderschool.pl\/pila\/kursy\/polski_dl\/#webpage","url":"https:\/\/leaderschool.pl\/pila\/kursy\/polski_dl\/","name":"Polski dla obcokrajowc\u00f3w Polish for foreigners","isPartOf":{"@id":"https:\/\/leaderschool.pl\/pila\/#website"},"datePublished":"2024-08-01T12:21:06+00:00","dateModified":"2024-08-01T12:21:06+00:00","description":"Kurs j\u0119zyka polskiego dla obcokrajowc\u00f3w. Polish for foreigners. Polnisch f\u00fcr Ausl\u00e4nder. \u041f\u043e\u043b\u044c\u0441\u043a\u0438\u0439 \u044f\u0437\u044b\u043a \u0434\u043b\u044f \u0438\u043d\u043e\u0441\u0442\u0440\u0430\u043d\u0446\u0435\u0432.","breadcrumb":{"@id":"https:\/\/leaderschool.pl\/pila\/kursy\/polski_dl\/#breadcrumb"},"inLanguage":"pl-PL","potentialAction":[{"@type":"ReadAction","target":["https:\/\/leaderschool.pl\/pila\/kursy\/polski_dl\/"]}]},{"@type":"BreadcrumbList","@id":"https:\/\/leaderschool.pl\/pila\/kursy\/polski_dl\/#breadcrumb","itemListElement":[{"@type":"ListItem","position":1,"name":"Home","item":"https:\/\/leaderschool.pl\/pila\/"},{"@type":"ListItem","position":2,"name":"Kursy","item":"https:\/\/leaderschool.pl\/pila\/kursy\/"},{"@type":"ListItem","position":3,"name":"Kurs j\u0119zyka polskiego dla obcokrajowc\u00f3w. Polish for foreigners. Polnisch f\u00fcr Ausl\u00e4nder. \u041f\u043e\u043b\u044c\u0441\u043a\u0438\u0439 \u044f\u0437\u044b\u043a \u0434\u043b\u044f \u0438\u043d\u043e\u0441\u0442\u0440\u0430\u043d\u0446\u0435\u0432."}]},{"@type":"Person","@id":"https:\/\/leaderschool.pl\/pila\/#\/schema\/person\/dad2739eb77bc99bc85e4d6fb66c05d7","name":"oddzialpila","image":{"@type":"ImageObject","inLanguage":"pl-PL","@id":"https:\/\/leaderschool.pl\/pila\/#\/schema\/person\/image\/","url":"https:\/\/secure.gravatar.com\/avatar\/6e09fbb2a176fcc6572d958e88c23718?s=96&d=mm&r=g","contentUrl":"https:\/\/secure.gravatar.com\/avatar\/6e09fbb2a176fcc6572d958e88c23718?s=96&d=mm&r=g","caption":"oddzialpila"}}]}},"_links":{"self":[{"href":"https:\/\/leaderschool.pl\/pila\/wp-json\/wp\/v2\/pages\/2889"}],"collection":[{"href":"https:\/\/leaderschool.pl\/pila\/wp-json\/wp\/v2\/pages"}],"about":[{"href":"https:\/\/leaderschool.pl\/pila\/wp-json\/wp\/v2\/types\/page"}],"author":[{"embeddable":true,"href":"https:\/\/leaderschool.pl\/pila\/wp-json\/wp\/v2\/users\/17"}],"replies":[{"embeddable":true,"href":"https:\/\/leaderschool.pl\/pila\/wp-json\/wp\/v2\/comments?post=2889"}],"version-history":[{"count":5,"href":"https:\/\/leaderschool.pl\/pila\/wp-json\/wp\/v2\/pages\/2889\/revisions"}],"predecessor-version":[{"id":2913,"href":"https:\/\/leaderschool.pl\/pila\/wp-json\/wp\/v2\/pages\/2889\/revisions\/2913"}],"up":[{"embeddable":true,"href":"https:\/\/leaderschool.pl\/pila\/wp-json\/wp\/v2\/pages\/1176"}],"wp:attachment":[{"href":"https:\/\/leaderschool.pl\/pila\/wp-json\/wp\/v2\/media?parent=2889"}],"curies":[{"name":"wp","href":"https:\/\/api.w.org\/{rel}","templated":true}]}}