{"id":2622,"date":"2022-07-23T15:36:20","date_gmt":"2022-07-23T13:36:20","guid":{"rendered":"https:\/\/leaderschool.sellision.dev\/pila\/?page_id=2622"},"modified":"2022-07-23T15:36:21","modified_gmt":"2022-07-23T13:36:21","slug":"wynajem-sal-szkoleniowych%ef%bf%bc","status":"publish","type":"page","link":"https:\/\/leaderschool.pl\/pila\/wynajem-sal-szkoleniowych%ef%bf%bc\/","title":{"rendered":"Wynajem sal szkoleniowych\ufffc"},"content":{"rendered":"\n<p>Istnieje mo\u017cliwo\u015b\u0107 wynajmu sal 7 dni w tygodniu, zar\u00f3wno w dni robocze jak i dni wolne od pracy, tak\u017ce w godzinach popo\u0142udniowych.<\/p>\n\n\n\n<p>Oferujemy :<br>&#8211; sale dydaktycznych\/szkoleniowych ( o pojemno\u015bci od 6 do 12 os\u00f3b ),<br>&#8211; wynajem sal na godziny,<br>&#8211; udost\u0119pnienie profesjonalnego sprz\u0119tu multimedialnego ( projektor, tablice interaktywne, komputery),<br>&#8211; udost\u0119pniania bezprzewodowej \u0142\u0105czno\u015bci z Internetem,<br>&#8211; korzystne ceny<\/p>\n\n\n\n<p>Zapraszamy do sta\u0142ej wsp\u00f3\u0142pracy przy wynajmie sal dla projekt\u00f3w szkoleniowych i innych dofinansowanych z funduszy Unii Europejskiej. W przypadku d\u0142ugofalowej wsp\u00f3\u0142pracy zapewniamy elastyczno\u015b\u0107 w dopasowaniu warunk\u00f3w finansowych.<\/p>\n\n\n\n<p>Dojazd i lokalizacja:<br>Leader School, ul. Sikorskiego 29, 64-920 Pi\u0142a<br>Centrum Pi\u0142y:<br>10 min. od Hotelu Gromada, 10 min. od Dworca PKS i PKP, 5 min. przystanek MZK.<br>Dojazd samochodem: wygodne parkowanie przed budynkiem szko\u0142y.<\/p>\n\n\n\n<p>Wyposa\u017cenie sal:<br>Tablica sucho\u015bcieralna\/tablica-flipchart, odtwarzacz CD, wygodne krzes\u0142a wraz ze stolikami, dost\u0119p do internetu, jedna z sal jest wyposa\u017cona w stanowiska komputerowe, sale s\u0105 wyposa\u017cone w zestaw multimedialny (tablica interaktywna i rzutnik multimedialny).<\/p>\n\n\n\n<p>Rezerwacja sal i informacje:<\/p>\n\n\n\n<p>Tel. 572 387 968<\/p>\n\n\n\n<p>e-mail: pila@leaderschool.com.pl<\/p>\n","protected":false},"excerpt":{"rendered":"<p>Istnieje mo\u017cliwo\u015b\u0107 wynajmu sal 7 dni w tygodniu, zar\u00f3wno w dni robocze jak i dni wolne od pracy, tak\u017ce w godzinach popo\u0142udniowych. Oferujemy :&#8211; sale dydaktycznych\/szkoleniowych ( o pojemno\u015bci od 6 do 12 os\u00f3b ),&#8211; wynajem sal na godziny,&#8211; udost\u0119pnienie profesjonalnego sprz\u0119tu multimedialnego ( projektor, tablice interaktywne, komputery),&#8211; udost\u0119pniania bezprzewodowej \u0142\u0105czno\u015bci z Internetem,&#8211; korzystne ceny [&hellip;]<\/p>\n","protected":false},"author":3,"featured_media":0,"parent":0,"menu_order":0,"comment_status":"closed","ping_status":"closed","template":"","meta":{"ngg_post_thumbnail":0},"acf":[],"yoast_head":"<!-- This site is optimized with the Yoast SEO plugin v18.9 - https:\/\/yoast.com\/wordpress\/plugins\/seo\/ -->\n<title>Wynajem sal szkoleniowych\ufffc w Pile - Leader School<\/title>\n<meta name=\"robots\" content=\"index, follow, max-snippet:-1, max-image-preview:large, max-video-preview:-1\" \/>\n<link rel=\"canonical\" href=\"https:\/\/leaderschool.pl\/pila\/wynajem-sal-szkoleniowych\ufffc\/\" \/>\n<meta property=\"og:locale\" content=\"pl_PL\" \/>\n<meta property=\"og:type\" content=\"article\" \/>\n<meta property=\"og:title\" content=\"Wynajem sal szkoleniowych\ufffc w Pile - Leader School\" \/>\n<meta property=\"og:description\" content=\"Istnieje mo\u017cliwo\u015b\u0107 wynajmu sal 7 dni w tygodniu, zar\u00f3wno w dni robocze jak i dni wolne od pracy, tak\u017ce w godzinach popo\u0142udniowych. Oferujemy :&#8211; sale dydaktycznych\/szkoleniowych ( o pojemno\u015bci od 6 do 12 os\u00f3b ),&#8211; wynajem sal na godziny,&#8211; udost\u0119pnienie profesjonalnego sprz\u0119tu multimedialnego ( projektor, tablice interaktywne, komputery),&#8211; udost\u0119pniania bezprzewodowej \u0142\u0105czno\u015bci z Internetem,&#8211; korzystne ceny [&hellip;]\" \/>\n<meta property=\"og:url\" content=\"https:\/\/leaderschool.pl\/pila\/wynajem-sal-szkoleniowych\ufffc\/\" \/>\n<meta property=\"og:site_name\" content=\"w Pile - Leader School\" \/>\n<meta property=\"article:modified_time\" content=\"2022-07-23T13:36:21+00:00\" \/>\n<meta name=\"twitter:card\" content=\"summary_large_image\" \/>\n<meta name=\"twitter:label1\" content=\"Szacowany czas czytania\" \/>\n\t<meta name=\"twitter:data1\" content=\"1 minuta\" \/>\n<script type=\"application\/ld+json\" class=\"yoast-schema-graph\">{\"@context\":\"https:\/\/schema.org\",\"@graph\":[{\"@type\":\"WebSite\",\"@id\":\"https:\/\/leaderschool.pl\/pila\/#website\",\"url\":\"https:\/\/leaderschool.pl\/pila\/\",\"name\":\"w Pile - Leader School\",\"description\":\"\",\"potentialAction\":[{\"@type\":\"SearchAction\",\"target\":{\"@type\":\"EntryPoint\",\"urlTemplate\":\"https:\/\/leaderschool.pl\/pila\/?s={search_term_string}\"},\"query-input\":\"required name=search_term_string\"}],\"inLanguage\":\"pl-PL\"},{\"@type\":\"WebPage\",\"@id\":\"https:\/\/leaderschool.pl\/pila\/wynajem-sal-szkoleniowych%ef%bf%bc\/#webpage\",\"url\":\"https:\/\/leaderschool.pl\/pila\/wynajem-sal-szkoleniowych%ef%bf%bc\/\",\"name\":\"Wynajem sal szkoleniowych\ufffc w Pile - Leader School\",\"isPartOf\":{\"@id\":\"https:\/\/leaderschool.pl\/pila\/#website\"},\"datePublished\":\"2022-07-23T13:36:20+00:00\",\"dateModified\":\"2022-07-23T13:36:21+00:00\",\"breadcrumb\":{\"@id\":\"https:\/\/leaderschool.pl\/pila\/wynajem-sal-szkoleniowych%ef%bf%bc\/#breadcrumb\"},\"inLanguage\":\"pl-PL\",\"potentialAction\":[{\"@type\":\"ReadAction\",\"target\":[\"https:\/\/leaderschool.pl\/pila\/wynajem-sal-szkoleniowych%ef%bf%bc\/\"]}]},{\"@type\":\"BreadcrumbList\",\"@id\":\"https:\/\/leaderschool.pl\/pila\/wynajem-sal-szkoleniowych%ef%bf%bc\/#breadcrumb\",\"itemListElement\":[{\"@type\":\"ListItem\",\"position\":1,\"name\":\"Home\",\"item\":\"https:\/\/leaderschool.pl\/pila\/\"},{\"@type\":\"ListItem\",\"position\":2,\"name\":\"Wynajem sal szkoleniowych\ufffc\"}]}]}<\/script>\n<!-- \/ Yoast SEO plugin. -->","yoast_head_json":{"title":"Wynajem sal szkoleniowych\ufffc w Pile - Leader School","robots":{"index":"index","follow":"follow","max-snippet":"max-snippet:-1","max-image-preview":"max-image-preview:large","max-video-preview":"max-video-preview:-1"},"canonical":"https:\/\/leaderschool.pl\/pila\/wynajem-sal-szkoleniowych\ufffc\/","og_locale":"pl_PL","og_type":"article","og_title":"Wynajem sal szkoleniowych\ufffc w Pile - Leader School","og_description":"Istnieje mo\u017cliwo\u015b\u0107 wynajmu sal 7 dni w tygodniu, zar\u00f3wno w dni robocze jak i dni wolne od pracy, tak\u017ce w godzinach popo\u0142udniowych. Oferujemy :&#8211; sale dydaktycznych\/szkoleniowych ( o pojemno\u015bci od 6 do 12 os\u00f3b ),&#8211; wynajem sal na godziny,&#8211; udost\u0119pnienie profesjonalnego sprz\u0119tu multimedialnego ( projektor, tablice interaktywne, komputery),&#8211; udost\u0119pniania bezprzewodowej \u0142\u0105czno\u015bci z Internetem,&#8211; korzystne ceny [&hellip;]","og_url":"https:\/\/leaderschool.pl\/pila\/wynajem-sal-szkoleniowych\ufffc\/","og_site_name":"w Pile - Leader School","article_modified_time":"2022-07-23T13:36:21+00:00","twitter_card":"summary_large_image","twitter_misc":{"Szacowany czas czytania":"1 minuta"},"schema":{"@context":"https:\/\/schema.org","@graph":[{"@type":"WebSite","@id":"https:\/\/leaderschool.pl\/pila\/#website","url":"https:\/\/leaderschool.pl\/pila\/","name":"w Pile - Leader School","description":"","potentialAction":[{"@type":"SearchAction","target":{"@type":"EntryPoint","urlTemplate":"https:\/\/leaderschool.pl\/pila\/?s={search_term_string}"},"query-input":"required name=search_term_string"}],"inLanguage":"pl-PL"},{"@type":"WebPage","@id":"https:\/\/leaderschool.pl\/pila\/wynajem-sal-szkoleniowych%ef%bf%bc\/#webpage","url":"https:\/\/leaderschool.pl\/pila\/wynajem-sal-szkoleniowych%ef%bf%bc\/","name":"Wynajem sal szkoleniowych\ufffc w Pile - Leader School","isPartOf":{"@id":"https:\/\/leaderschool.pl\/pila\/#website"},"datePublished":"2022-07-23T13:36:20+00:00","dateModified":"2022-07-23T13:36:21+00:00","breadcrumb":{"@id":"https:\/\/leaderschool.pl\/pila\/wynajem-sal-szkoleniowych%ef%bf%bc\/#breadcrumb"},"inLanguage":"pl-PL","potentialAction":[{"@type":"ReadAction","target":["https:\/\/leaderschool.pl\/pila\/wynajem-sal-szkoleniowych%ef%bf%bc\/"]}]},{"@type":"BreadcrumbList","@id":"https:\/\/leaderschool.pl\/pila\/wynajem-sal-szkoleniowych%ef%bf%bc\/#breadcrumb","itemListElement":[{"@type":"ListItem","position":1,"name":"Home","item":"https:\/\/leaderschool.pl\/pila\/"},{"@type":"ListItem","position":2,"name":"Wynajem sal szkoleniowych\ufffc"}]}]}},"_links":{"self":[{"href":"https:\/\/leaderschool.pl\/pila\/wp-json\/wp\/v2\/pages\/2622"}],"collection":[{"href":"https:\/\/leaderschool.pl\/pila\/wp-json\/wp\/v2\/pages"}],"about":[{"href":"https:\/\/leaderschool.pl\/pila\/wp-json\/wp\/v2\/types\/page"}],"author":[{"embeddable":true,"href":"https:\/\/leaderschool.pl\/pila\/wp-json\/wp\/v2\/users\/3"}],"replies":[{"embeddable":true,"href":"https:\/\/leaderschool.pl\/pila\/wp-json\/wp\/v2\/comments?post=2622"}],"version-history":[{"count":1,"href":"https:\/\/leaderschool.pl\/pila\/wp-json\/wp\/v2\/pages\/2622\/revisions"}],"predecessor-version":[{"id":2623,"href":"https:\/\/leaderschool.pl\/pila\/wp-json\/wp\/v2\/pages\/2622\/revisions\/2623"}],"wp:attachment":[{"href":"https:\/\/leaderschool.pl\/pila\/wp-json\/wp\/v2\/media?parent=2622"}],"curies":[{"name":"wp","href":"https:\/\/api.w.org\/{rel}","templated":true}]}}