{"id":2614,"date":"2022-07-23T15:34:00","date_gmt":"2022-07-23T13:34:00","guid":{"rendered":"https:\/\/leaderschool.sellision.dev\/pila\/?page_id=2614"},"modified":"2024-08-02T13:06:07","modified_gmt":"2024-08-02T11:06:07","slug":"oferta-dla-firm-i-instytucji","status":"publish","type":"page","link":"https:\/\/leaderschool.pl\/pila\/oferta-dla-firm-i-instytucji\/","title":{"rendered":"Oferta dla firm i instytucji"},"content":{"rendered":"\n<h2>Szanowni Pa\u0144stwo!<\/h2>\n\n\n\n<p>Jeste\u015bmy plac\u00f3wk\u0105 edukacyjn\u0105 oferuj\u0105c\u0105 nowoczesne podej\u015bcie do nauczania. Specjalizujemy si\u0119 w szkoleniach j\u0119zykowych dla firm, urz\u0119d\u00f3w oraz kursach j\u0119zykowych dla dzieci i doros\u0142ych. Dzia\u0142amy na rynku pilskim od 2007 roku.<\/p>\n\n\n\n<p>Organizujemy kursy j\u0119zykowe dla firm na r\u00f3\u017cnych poziomach zaawansowania. Zapewniamy kompleksow\u0105 obs\u0142ug\u0119 szkole\u0144 j\u0119zykowych pocz\u0105wszy od pierwszego spotkania<br>z przedstawicielem firmy po raport ko\u0144cowy oraz spotkanie podsumowuj\u0105ce zako\u0144czony okres szkolenia, na kt\u00f3rym przedstawiamy r\u00f3wnie\u017c propozycj\u0119 planu dalszego rozwoju j\u0119zykowego pracownik\u00f3w.<\/p>\n\n\n\n<h2>Jak uczymy?<\/h2>\n\n\n\n<p>W nauczaniu j\u0119zyka angielskiego i niemieckiego stosujemy metod\u0119 Blended Learning System Communication, kt\u00f3ra \u0142\u0105czy w sobie metod\u0119 bezpo\u015bredni\u0105, e-learning, metod\u0119 tradycyjn\u0105<br>i metod\u0119 komunikatywn\u0105. Co to oznacza?<\/p>\n\n\n\n<p>Metoda BLS skupia si\u0119 na najwa\u017cniejszych, praktycznych aspektach nauki j\u0119zyka. Od pierwszych zaj\u0119\u0107 jest to dynamiczna komunikacja wy\u0142\u0105cznie w danym j\u0119zyku utrzymana w naturalnym tempie m\u00f3wienia. Dzi\u0119ki temu od razu zaczyna si\u0119 m\u00f3wi\u0107 i rozumie\u0107 j\u0119zyk, kt\u00f3rego si\u0119 uczymy. Skuteczny system powtarzania i wykorzystanie efektywnych metod zapami\u0119tywania zapewnia sprawne i systematyczne utrwalanie materia\u0142u.<\/p>\n\n\n\n<p>Metoda BLS zak\u0142ada zar\u00f3wno prac\u0119 na zaj\u0119ciach z lektorem oraz mo\u017cliwo\u015b\u0107 korzystania z dodatkowych element\u00f3w metody. Do dyspozycji kursant\u00f3w s\u0105 zar\u00f3wno podr\u0119czniki drukowane jak i podr\u0119cznik multimedialny umieszczony na platformie e-learningowej, audiobooki oraz zestawy FLIPCARDS.<\/p>\n\n\n\n<p>Oferujemy r\u00f3wnie\u017c program zaj\u0119\u0107 wzbogacony s\u0142ownictwem bran\u017cowym i business english.<\/p>\n\n\n\n<h2>Projekty i osi\u0105gni\u0119cia<\/h2>\n\n\n\n<p>Wyr\u00f3\u017cnia nas do\u015bwiadczenie i innowacyjne metody nauczania. Przeprowadzamy zaj\u0119cia dla kadry menad\u017cerskiej i pracownik\u00f3w na r\u00f3\u017cnych stanowiskach, wymagaj\u0105cych znajomo\u015bci j\u0119zyka obcego. Dotychczas realizowali\u015bmy szkolenia j\u0119zykowe dla nast\u0119puj\u0105cych firm:<\/p>\n\n\n\n<ul><li>Quad Winkowski<\/li><li>Thule<\/li><li>PGNiG<\/li><li>PZZ WA\u0141CZ<\/li><li>PZZ Oddzia\u0142 w Pile <\/li><li>EURO CONSULTING<\/li><li>Henkel<\/li><li>Plastwil<\/li><li>ARDAGH GLASS<\/li><li>CERPLAST<\/li><li>P.R.E.S.C.O.<\/li><li>IVECO<\/li><li>Poszukiwania Nafty i Gazu NAFTA<\/li><li>BUTTER<\/li><li>BALTAZAR KOMPOZYTY<\/li><li>RANDSTAD<\/li><li>AGORA<\/li><li>COLOURS FACTORY<\/li><li>YARA POLAND<\/li><li>MOGUNTIA POLSKA<\/li><\/ul>\n\n\n\n<p>Dodatkowo w latach 2009-2014 zrealizowali\u015bmy szkolenia j\u0119zykowe w ramach 6 projekt\u00f3w unijnych dla 684 pracownik\u00f3w mikro, ma\u0142ych i \u015brednich przedsi\u0119biorstw oraz administracji publicznej. Ponadto ka\u017cdego roku szkolimy w swojej siedzibie ok. 500 os\u00f3b indywidualnych na kursach j\u0119zykowych (j\u0119zyk angielski, niemiecki, hiszpa\u0144ski, w\u0142oski, francuski, rosyjski, niderlandzki).<\/p>\n\n\n\n<h3>Oferta dla Firm<\/h3>\n\n\n\n<h4>Rozw\u00f3j J\u0119zykowy Pracownik\u00f3w<\/h4>\n\n\n\n<p>Chcesz podnie\u015b\u0107 kwalifikacje swoich pracownik\u00f3w i poprawi\u0107 ich umiej\u0119tno\u015bci j\u0119zykowe? W Leader School w Pile oferujemy kursy j\u0119zykowe dla firm, wykorzystuj\u0105c dwie skuteczne metody \u2013 komunikatywn\u0105 oraz BLS. Te sprawdzone metody nauczania pomagaj\u0105 uczestnikom swobodnie m\u00f3wi\u0107, prze\u0142amywa\u0107 bariery j\u0119zykowe i prowadzi\u0107 efektywne rozmowy, co jest szczeg\u00f3lnie przydatne w kontaktach z zagranicznymi klientami lub kontrahentami.<\/p>\n\n\n\n<h4>Kursy J\u0119zykowe dla Firm \u2013 Nasza Oferta<\/h4>\n\n\n\n<p>Poszukujesz kurs\u00f3w j\u0119zykowych dla firm? Nasza szko\u0142a oferuje zaj\u0119cia z:<\/p>\n\n\n\n<ul><li>angielskiego,<\/li><li>niemieckiego.<\/li><\/ul>\n\n\n\n<p>Jeste\u015bmy elastyczni w ustalaniu harmonogramu szkole\u0144, dzi\u0119ki czemu mo\u017cna je \u0142atwo dopasowa\u0107 do codziennych obowi\u0105zk\u00f3w pracownik\u00f3w. Mo\u017cesz wybra\u0107 lekcje w naszej siedzibie w Koninie lub w Twojej firmie \u2013 dostosujemy si\u0119 do Twoich preferencji, aby zaj\u0119cia nie wp\u0142ywa\u0142y negatywnie na efektywno\u015b\u0107 pracy.<\/p>\n\n\n\n<h4>Nauka Angielskiego i Niemieckiego Metod\u0105 BLS<\/h4>\n\n\n\n<p>Nasze kursy j\u0119zykowe dla firm prowadzone s\u0105 metod\u0105 BLS, kt\u00f3ra oferuje:<\/p>\n\n\n\n<ul><li>Osi\u0105gni\u0119cie swobody komunikacyjnej,<\/li><li>Prze\u0142amywanie bariery m\u00f3wienia,<\/li><li>Sta\u0142y kontakt z j\u0119zykiem \u2013 lektorzy biegle pos\u0142uguj\u0105 si\u0119 angielskim i niemieckim, co pomaga w nauce poprawnej wymowy i akcentu,<\/li><li>Uwzgl\u0119dnienie indywidualnych preferencji i styl\u00f3w uczenia si\u0119 uczestnik\u00f3w, co zwi\u0119ksza skuteczno\u015b\u0107 i skraca czas nauki.<\/li><\/ul>\n\n\n\n<h4>Dlaczego Wybra\u0107 Nasze Kursy J\u0119zykowe dla Firm?<\/h4>\n\n\n\n<p>Decyduj\u0105c si\u0119 na kursy j\u0119zykowe dla firm w naszej szkole w Pile, zyskujesz:<\/p>\n\n\n\n<ul><li>Elastyczne godziny zaj\u0119\u0107,<\/li><li>Wyb\u00f3r miejsca lekcji \u2013 w naszej siedzibie lub na terenie Twojej firmy,<\/li><li>Poziom nauczania dostosowany do umiej\u0119tno\u015bci uczestnik\u00f3w,<\/li><li>Tematyka kurs\u00f3w dopasowana do bran\u017cy i profilu Twojej dzia\u0142alno\u015bci,<\/li><li>Zaj\u0119cia skoncentrowane na praktycznym wykorzystaniu j\u0119zyka, co prowadzi do swobody komunikacyjnej i rozbudowy s\u0142ownictwa pracownik\u00f3w.<\/li><\/ul>\n\n\n\n<p><\/p>\n","protected":false},"excerpt":{"rendered":"<p>Szanowni Pa\u0144stwo! Jeste\u015bmy plac\u00f3wk\u0105 edukacyjn\u0105 oferuj\u0105c\u0105 nowoczesne podej\u015bcie do nauczania. Specjalizujemy si\u0119 w szkoleniach j\u0119zykowych dla firm, urz\u0119d\u00f3w oraz kursach j\u0119zykowych dla dzieci i doros\u0142ych. Dzia\u0142amy na rynku pilskim od 2007 roku. Organizujemy kursy j\u0119zykowe dla firm na r\u00f3\u017cnych poziomach zaawansowania. Zapewniamy kompleksow\u0105 obs\u0142ug\u0119 szkole\u0144 j\u0119zykowych pocz\u0105wszy od pierwszego spotkaniaz przedstawicielem firmy po raport ko\u0144cowy [&hellip;]<\/p>\n","protected":false},"author":3,"featured_media":0,"parent":0,"menu_order":0,"comment_status":"closed","ping_status":"closed","template":"","meta":{"ngg_post_thumbnail":0},"acf":[],"yoast_head":"<!-- This site is optimized with the Yoast SEO plugin v18.9 - https:\/\/yoast.com\/wordpress\/plugins\/seo\/ -->\n<title>Oferta dla firm i instytucji w Pile - Leader School<\/title>\n<meta name=\"robots\" content=\"index, follow, max-snippet:-1, max-image-preview:large, max-video-preview:-1\" \/>\n<link rel=\"canonical\" href=\"https:\/\/leaderschool.pl\/pila\/oferta-dla-firm-i-instytucji\/\" \/>\n<meta property=\"og:locale\" content=\"pl_PL\" \/>\n<meta property=\"og:type\" content=\"article\" \/>\n<meta property=\"og:title\" content=\"Oferta dla firm i instytucji w Pile - Leader School\" \/>\n<meta property=\"og:description\" content=\"Szanowni Pa\u0144stwo! Jeste\u015bmy plac\u00f3wk\u0105 edukacyjn\u0105 oferuj\u0105c\u0105 nowoczesne podej\u015bcie do nauczania. Specjalizujemy si\u0119 w szkoleniach j\u0119zykowych dla firm, urz\u0119d\u00f3w oraz kursach j\u0119zykowych dla dzieci i doros\u0142ych. Dzia\u0142amy na rynku pilskim od 2007 roku. Organizujemy kursy j\u0119zykowe dla firm na r\u00f3\u017cnych poziomach zaawansowania. Zapewniamy kompleksow\u0105 obs\u0142ug\u0119 szkole\u0144 j\u0119zykowych pocz\u0105wszy od pierwszego spotkaniaz przedstawicielem firmy po raport ko\u0144cowy [&hellip;]\" \/>\n<meta property=\"og:url\" content=\"https:\/\/leaderschool.pl\/pila\/oferta-dla-firm-i-instytucji\/\" \/>\n<meta property=\"og:site_name\" content=\"w Pile - Leader School\" \/>\n<meta property=\"article:modified_time\" content=\"2024-08-02T11:06:07+00:00\" \/>\n<meta name=\"twitter:card\" content=\"summary_large_image\" \/>\n<meta name=\"twitter:label1\" content=\"Szacowany czas czytania\" \/>\n\t<meta name=\"twitter:data1\" content=\"4 minuty\" \/>\n<script type=\"application\/ld+json\" class=\"yoast-schema-graph\">{\"@context\":\"https:\/\/schema.org\",\"@graph\":[{\"@type\":\"WebSite\",\"@id\":\"https:\/\/leaderschool.pl\/pila\/#website\",\"url\":\"https:\/\/leaderschool.pl\/pila\/\",\"name\":\"w Pile - Leader School\",\"description\":\"\",\"potentialAction\":[{\"@type\":\"SearchAction\",\"target\":{\"@type\":\"EntryPoint\",\"urlTemplate\":\"https:\/\/leaderschool.pl\/pila\/?s={search_term_string}\"},\"query-input\":\"required name=search_term_string\"}],\"inLanguage\":\"pl-PL\"},{\"@type\":\"WebPage\",\"@id\":\"https:\/\/leaderschool.pl\/pila\/oferta-dla-firm-i-instytucji\/#webpage\",\"url\":\"https:\/\/leaderschool.pl\/pila\/oferta-dla-firm-i-instytucji\/\",\"name\":\"Oferta dla firm i instytucji w Pile - Leader School\",\"isPartOf\":{\"@id\":\"https:\/\/leaderschool.pl\/pila\/#website\"},\"datePublished\":\"2022-07-23T13:34:00+00:00\",\"dateModified\":\"2024-08-02T11:06:07+00:00\",\"breadcrumb\":{\"@id\":\"https:\/\/leaderschool.pl\/pila\/oferta-dla-firm-i-instytucji\/#breadcrumb\"},\"inLanguage\":\"pl-PL\",\"potentialAction\":[{\"@type\":\"ReadAction\",\"target\":[\"https:\/\/leaderschool.pl\/pila\/oferta-dla-firm-i-instytucji\/\"]}]},{\"@type\":\"BreadcrumbList\",\"@id\":\"https:\/\/leaderschool.pl\/pila\/oferta-dla-firm-i-instytucji\/#breadcrumb\",\"itemListElement\":[{\"@type\":\"ListItem\",\"position\":1,\"name\":\"Home\",\"item\":\"https:\/\/leaderschool.pl\/pila\/\"},{\"@type\":\"ListItem\",\"position\":2,\"name\":\"Oferta dla firm i instytucji\"}]}]}<\/script>\n<!-- \/ Yoast SEO plugin. -->","yoast_head_json":{"title":"Oferta dla firm i instytucji w Pile - Leader School","robots":{"index":"index","follow":"follow","max-snippet":"max-snippet:-1","max-image-preview":"max-image-preview:large","max-video-preview":"max-video-preview:-1"},"canonical":"https:\/\/leaderschool.pl\/pila\/oferta-dla-firm-i-instytucji\/","og_locale":"pl_PL","og_type":"article","og_title":"Oferta dla firm i instytucji w Pile - Leader School","og_description":"Szanowni Pa\u0144stwo! Jeste\u015bmy plac\u00f3wk\u0105 edukacyjn\u0105 oferuj\u0105c\u0105 nowoczesne podej\u015bcie do nauczania. Specjalizujemy si\u0119 w szkoleniach j\u0119zykowych dla firm, urz\u0119d\u00f3w oraz kursach j\u0119zykowych dla dzieci i doros\u0142ych. Dzia\u0142amy na rynku pilskim od 2007 roku. Organizujemy kursy j\u0119zykowe dla firm na r\u00f3\u017cnych poziomach zaawansowania. Zapewniamy kompleksow\u0105 obs\u0142ug\u0119 szkole\u0144 j\u0119zykowych pocz\u0105wszy od pierwszego spotkaniaz przedstawicielem firmy po raport ko\u0144cowy [&hellip;]","og_url":"https:\/\/leaderschool.pl\/pila\/oferta-dla-firm-i-instytucji\/","og_site_name":"w Pile - Leader School","article_modified_time":"2024-08-02T11:06:07+00:00","twitter_card":"summary_large_image","twitter_misc":{"Szacowany czas czytania":"4 minuty"},"schema":{"@context":"https:\/\/schema.org","@graph":[{"@type":"WebSite","@id":"https:\/\/leaderschool.pl\/pila\/#website","url":"https:\/\/leaderschool.pl\/pila\/","name":"w Pile - Leader School","description":"","potentialAction":[{"@type":"SearchAction","target":{"@type":"EntryPoint","urlTemplate":"https:\/\/leaderschool.pl\/pila\/?s={search_term_string}"},"query-input":"required name=search_term_string"}],"inLanguage":"pl-PL"},{"@type":"WebPage","@id":"https:\/\/leaderschool.pl\/pila\/oferta-dla-firm-i-instytucji\/#webpage","url":"https:\/\/leaderschool.pl\/pila\/oferta-dla-firm-i-instytucji\/","name":"Oferta dla firm i instytucji w Pile - Leader School","isPartOf":{"@id":"https:\/\/leaderschool.pl\/pila\/#website"},"datePublished":"2022-07-23T13:34:00+00:00","dateModified":"2024-08-02T11:06:07+00:00","breadcrumb":{"@id":"https:\/\/leaderschool.pl\/pila\/oferta-dla-firm-i-instytucji\/#breadcrumb"},"inLanguage":"pl-PL","potentialAction":[{"@type":"ReadAction","target":["https:\/\/leaderschool.pl\/pila\/oferta-dla-firm-i-instytucji\/"]}]},{"@type":"BreadcrumbList","@id":"https:\/\/leaderschool.pl\/pila\/oferta-dla-firm-i-instytucji\/#breadcrumb","itemListElement":[{"@type":"ListItem","position":1,"name":"Home","item":"https:\/\/leaderschool.pl\/pila\/"},{"@type":"ListItem","position":2,"name":"Oferta dla firm i instytucji"}]}]}},"_links":{"self":[{"href":"https:\/\/leaderschool.pl\/pila\/wp-json\/wp\/v2\/pages\/2614"}],"collection":[{"href":"https:\/\/leaderschool.pl\/pila\/wp-json\/wp\/v2\/pages"}],"about":[{"href":"https:\/\/leaderschool.pl\/pila\/wp-json\/wp\/v2\/types\/page"}],"author":[{"embeddable":true,"href":"https:\/\/leaderschool.pl\/pila\/wp-json\/wp\/v2\/users\/3"}],"replies":[{"embeddable":true,"href":"https:\/\/leaderschool.pl\/pila\/wp-json\/wp\/v2\/comments?post=2614"}],"version-history":[{"count":3,"href":"https:\/\/leaderschool.pl\/pila\/wp-json\/wp\/v2\/pages\/2614\/revisions"}],"predecessor-version":[{"id":2982,"href":"https:\/\/leaderschool.pl\/pila\/wp-json\/wp\/v2\/pages\/2614\/revisions\/2982"}],"wp:attachment":[{"href":"https:\/\/leaderschool.pl\/pila\/wp-json\/wp\/v2\/media?parent=2614"}],"curies":[{"name":"wp","href":"https:\/\/api.w.org\/{rel}","templated":true}]}}