{"id":2609,"date":"2022-07-23T15:15:20","date_gmt":"2022-07-23T13:15:20","guid":{"rendered":"https:\/\/leaderschool.sellision.dev\/pila\/?page_id=2609"},"modified":"2024-08-01T14:27:33","modified_gmt":"2024-08-01T12:27:33","slug":"business-english","status":"publish","type":"page","link":"https:\/\/leaderschool.pl\/pila\/business-english\/","title":{"rendered":"Business English"},"content":{"rendered":"\n<h2>O kursie:<\/h2>\n\n\n\n<p>Business English to praktyczny kurs j\u0119zykowy, dzi\u0119ki kt\u00f3remu poszerzysz swoj\u0105 wiedz\u0119 zar\u00f3wno z zakresu specjalistycznego s\u0142ownictwa u\u017cywanego przez wi\u0119kszo\u015b\u0107 mi\u0119dzynarodowych firm, jak r\u00f3wnie\u017c od\u015bwie\u017cysz j\u0119zykowe zasady m\u00f3wienia i pisowni.<\/p>\n\n\n\n<p>Je\u017celi posiadasz w\u0142asn\u0105 dzia\u0142alno\u015b\u0107, prowadzisz interesy z zagranicznymi klientami lub Tw\u00f3j angielski \u201enieco si\u0119 zakurzy\u0142\u201d , a chcia\u0142by\u015b dla w\u0142asnej satysfakcji nauczy\u0107 si\u0119 wi\u0119cej, ten kurs jest dla Ciebie.<\/p>\n\n\n\n<p>Nasz kurs oferuje nauk\u0119 profesjonalnej komunikacji, zar\u00f3wno werbalnej jak i pisemnej. Znajomo\u015b\u0107 Business English to pomoc w poszukiwaniu pracy w Polsce jak i za granic\u0105; to szansa na rozw\u00f3j zawodowy oraz umocnienie swoich zdolno\u015bci komunikatywnych. Nale\u017cy pami\u0119ta\u0107, \u017ce biznesowy angielski to przysz\u0142o\u015b\u0107 dla komunikacji w wielu zawodach; je\u017celi nale\u017cysz do tych, kt\u00f3rych j\u0119zyk obcy to przypadkowa kombinacja s\u0142\u00f3w, kt\u00f3re kolejny raz wypowiadane s\u0105 z zak\u0142opotaniem i niepewno\u015bci\u0105, a zale\u017cy Ci aby to zmieni\u0107, z nami nabierzesz pewno\u015bci siebie i nauczysz si\u0119 o to zadba\u0107.<\/p>\n\n\n\n<h2>S\u0142ownictwo<\/h2>\n\n\n\n<h4>Business English to przede wszystkim zbi\u00f3r najistotniejszych i najpraktyczniejszych temat\u00f3w i s\u0142ownictwa u\u017cywanych w \u015brodowisku biznesowym, takich jak:<\/h4>\n\n\n\n<ul><li>J\u0119zyk u\u017cywany przez pracodawc\u00f3w podczas rekrutacji, rozm\u00f3w kwalifikacyjnych, negocjacji z klientami, prezentacji i spotka\u0144 konferencyjnych;<\/li><li>Budowa i struktura firmy, nazwy oraz obowi\u0105zki poszczeg\u00f3lnych dzia\u0142\u00f3w,<\/li><li>Wyra\u017cenia u\u017cywane przez zatrudnionych w sprzeda\u017cy i marketingu;<\/li><li>J\u0119zyk medi\u00f3w i reklamy;<\/li><li>Produkcja i kontrola jako\u015bci<\/li><li>S\u0142ownictwo dotycz\u0105ce bezpiecze\u0144stwa i etyki pracy;<\/li><\/ul>\n\n\n\n<h2>PISANIE<\/h2>\n\n\n\n<p>Nauka pisania e-maili, raport\u00f3w, list\u00f3w motywacyjnych, r\u00f3\u017cnych form aplikacji, CV i wielu innych dokument\u00f3w w stylu biznesowym.<\/p>\n\n\n\n<h2>GRAMATYKA<\/h2>\n\n\n\n<p>Powt\u00f3rzenie najwa\u017cniejszych struktur gramatycznych w zale\u017cno\u015bci od poziomu uczestnika kursu. Celem jest nabycie umiej\u0119tno\u015bci pos\u0142ugiwania si\u0119 kilkoma podstawowymi czasami gramatycznymi w celu profesjonalnego wyra\u017cenia si\u0119 po angielsku unikaj\u0105c nieporozumie\u0144 z partnerami i klientami.<\/p>\n\n\n\n<p>Czasy tera\u017aniejsze:<br>Present Simple, Present Continuous, (budowa, u\u017cycie, odmiana to be, struktury there is\/are), &#8211;&gt; opcjonalnie Present Perfect (dla bardziej zaawansowanych uczestnik\u00f3w)<br>Czasy przesz\u0142e: Past Simple (budowa, u\u017cycie, odmiana to be w czasie przesz\u0142ym), &#8211;&gt; opcjonalnie Past Continuous, Past Perfect (dla bardziej zaawansowanych uczestnik\u00f3w)<br>Wyra\u017canie przysz\u0142o\u015bci: Future Perfect, Present Continuous, struktura gramatyczna: be going to,<br>Czasowniki modalne: can, must, should&#8230;<\/p>\n\n\n\n<p>Dla bardziej zaawansowanych uczestnik\u00f3w: mowa zale\u017cna, strona bierna, zdania warunkowe.<\/p>\n\n\n\n<h2>CZAS TRWANIA KURSU : 60 godz.<\/h2>\n\n\n\n<p>Cz\u0119stotliwo\u015b\u0107 spotka\u0144: 1 x tyg. po 2 godz. lub 2 x tyg. po 2 godz.<\/p>\n","protected":false},"excerpt":{"rendered":"<p>O kursie: Business English to praktyczny kurs j\u0119zykowy, dzi\u0119ki kt\u00f3remu poszerzysz swoj\u0105 wiedz\u0119 zar\u00f3wno z zakresu specjalistycznego s\u0142ownictwa u\u017cywanego przez wi\u0119kszo\u015b\u0107 mi\u0119dzynarodowych firm, jak r\u00f3wnie\u017c od\u015bwie\u017cysz j\u0119zykowe zasady m\u00f3wienia i pisowni. Je\u017celi posiadasz w\u0142asn\u0105 dzia\u0142alno\u015b\u0107, prowadzisz interesy z zagranicznymi klientami lub Tw\u00f3j angielski \u201enieco si\u0119 zakurzy\u0142\u201d , a chcia\u0142by\u015b dla w\u0142asnej satysfakcji nauczy\u0107 si\u0119 wi\u0119cej, [&hellip;]<\/p>\n","protected":false},"author":3,"featured_media":0,"parent":0,"menu_order":0,"comment_status":"closed","ping_status":"closed","template":"","meta":{"ngg_post_thumbnail":0},"acf":[],"yoast_head":"<!-- This site is optimized with the Yoast SEO plugin v18.9 - https:\/\/yoast.com\/wordpress\/plugins\/seo\/ -->\n<title>Business English w Pile - Leader School<\/title>\n<meta name=\"robots\" content=\"index, follow, max-snippet:-1, max-image-preview:large, max-video-preview:-1\" \/>\n<link rel=\"canonical\" href=\"https:\/\/leaderschool.pl\/pila\/business-english\/\" \/>\n<meta property=\"og:locale\" content=\"pl_PL\" \/>\n<meta property=\"og:type\" content=\"article\" \/>\n<meta property=\"og:title\" content=\"Business English w Pile - Leader School\" \/>\n<meta property=\"og:description\" content=\"O kursie: Business English to praktyczny kurs j\u0119zykowy, dzi\u0119ki kt\u00f3remu poszerzysz swoj\u0105 wiedz\u0119 zar\u00f3wno z zakresu specjalistycznego s\u0142ownictwa u\u017cywanego przez wi\u0119kszo\u015b\u0107 mi\u0119dzynarodowych firm, jak r\u00f3wnie\u017c od\u015bwie\u017cysz j\u0119zykowe zasady m\u00f3wienia i pisowni. Je\u017celi posiadasz w\u0142asn\u0105 dzia\u0142alno\u015b\u0107, prowadzisz interesy z zagranicznymi klientami lub Tw\u00f3j angielski \u201enieco si\u0119 zakurzy\u0142\u201d , a chcia\u0142by\u015b dla w\u0142asnej satysfakcji nauczy\u0107 si\u0119 wi\u0119cej, [&hellip;]\" \/>\n<meta property=\"og:url\" content=\"https:\/\/leaderschool.pl\/pila\/business-english\/\" \/>\n<meta property=\"og:site_name\" content=\"w Pile - Leader School\" \/>\n<meta property=\"article:modified_time\" content=\"2024-08-01T12:27:33+00:00\" \/>\n<meta name=\"twitter:card\" content=\"summary_large_image\" \/>\n<meta name=\"twitter:label1\" content=\"Szacowany czas czytania\" \/>\n\t<meta name=\"twitter:data1\" content=\"3 minuty\" \/>\n<script type=\"application\/ld+json\" class=\"yoast-schema-graph\">{\"@context\":\"https:\/\/schema.org\",\"@graph\":[{\"@type\":\"WebSite\",\"@id\":\"https:\/\/leaderschool.pl\/pila\/#website\",\"url\":\"https:\/\/leaderschool.pl\/pila\/\",\"name\":\"w Pile - Leader School\",\"description\":\"\",\"potentialAction\":[{\"@type\":\"SearchAction\",\"target\":{\"@type\":\"EntryPoint\",\"urlTemplate\":\"https:\/\/leaderschool.pl\/pila\/?s={search_term_string}\"},\"query-input\":\"required name=search_term_string\"}],\"inLanguage\":\"pl-PL\"},{\"@type\":\"WebPage\",\"@id\":\"https:\/\/leaderschool.pl\/pila\/business-english\/#webpage\",\"url\":\"https:\/\/leaderschool.pl\/pila\/business-english\/\",\"name\":\"Business English w Pile - Leader School\",\"isPartOf\":{\"@id\":\"https:\/\/leaderschool.pl\/pila\/#website\"},\"datePublished\":\"2022-07-23T13:15:20+00:00\",\"dateModified\":\"2024-08-01T12:27:33+00:00\",\"breadcrumb\":{\"@id\":\"https:\/\/leaderschool.pl\/pila\/business-english\/#breadcrumb\"},\"inLanguage\":\"pl-PL\",\"potentialAction\":[{\"@type\":\"ReadAction\",\"target\":[\"https:\/\/leaderschool.pl\/pila\/business-english\/\"]}]},{\"@type\":\"BreadcrumbList\",\"@id\":\"https:\/\/leaderschool.pl\/pila\/business-english\/#breadcrumb\",\"itemListElement\":[{\"@type\":\"ListItem\",\"position\":1,\"name\":\"Home\",\"item\":\"https:\/\/leaderschool.pl\/pila\/\"},{\"@type\":\"ListItem\",\"position\":2,\"name\":\"Business English\"}]}]}<\/script>\n<!-- \/ Yoast SEO plugin. -->","yoast_head_json":{"title":"Business English w Pile - Leader School","robots":{"index":"index","follow":"follow","max-snippet":"max-snippet:-1","max-image-preview":"max-image-preview:large","max-video-preview":"max-video-preview:-1"},"canonical":"https:\/\/leaderschool.pl\/pila\/business-english\/","og_locale":"pl_PL","og_type":"article","og_title":"Business English w Pile - Leader School","og_description":"O kursie: Business English to praktyczny kurs j\u0119zykowy, dzi\u0119ki kt\u00f3remu poszerzysz swoj\u0105 wiedz\u0119 zar\u00f3wno z zakresu specjalistycznego s\u0142ownictwa u\u017cywanego przez wi\u0119kszo\u015b\u0107 mi\u0119dzynarodowych firm, jak r\u00f3wnie\u017c od\u015bwie\u017cysz j\u0119zykowe zasady m\u00f3wienia i pisowni. Je\u017celi posiadasz w\u0142asn\u0105 dzia\u0142alno\u015b\u0107, prowadzisz interesy z zagranicznymi klientami lub Tw\u00f3j angielski \u201enieco si\u0119 zakurzy\u0142\u201d , a chcia\u0142by\u015b dla w\u0142asnej satysfakcji nauczy\u0107 si\u0119 wi\u0119cej, [&hellip;]","og_url":"https:\/\/leaderschool.pl\/pila\/business-english\/","og_site_name":"w Pile - Leader School","article_modified_time":"2024-08-01T12:27:33+00:00","twitter_card":"summary_large_image","twitter_misc":{"Szacowany czas czytania":"3 minuty"},"schema":{"@context":"https:\/\/schema.org","@graph":[{"@type":"WebSite","@id":"https:\/\/leaderschool.pl\/pila\/#website","url":"https:\/\/leaderschool.pl\/pila\/","name":"w Pile - Leader School","description":"","potentialAction":[{"@type":"SearchAction","target":{"@type":"EntryPoint","urlTemplate":"https:\/\/leaderschool.pl\/pila\/?s={search_term_string}"},"query-input":"required name=search_term_string"}],"inLanguage":"pl-PL"},{"@type":"WebPage","@id":"https:\/\/leaderschool.pl\/pila\/business-english\/#webpage","url":"https:\/\/leaderschool.pl\/pila\/business-english\/","name":"Business English w Pile - Leader School","isPartOf":{"@id":"https:\/\/leaderschool.pl\/pila\/#website"},"datePublished":"2022-07-23T13:15:20+00:00","dateModified":"2024-08-01T12:27:33+00:00","breadcrumb":{"@id":"https:\/\/leaderschool.pl\/pila\/business-english\/#breadcrumb"},"inLanguage":"pl-PL","potentialAction":[{"@type":"ReadAction","target":["https:\/\/leaderschool.pl\/pila\/business-english\/"]}]},{"@type":"BreadcrumbList","@id":"https:\/\/leaderschool.pl\/pila\/business-english\/#breadcrumb","itemListElement":[{"@type":"ListItem","position":1,"name":"Home","item":"https:\/\/leaderschool.pl\/pila\/"},{"@type":"ListItem","position":2,"name":"Business English"}]}]}},"_links":{"self":[{"href":"https:\/\/leaderschool.pl\/pila\/wp-json\/wp\/v2\/pages\/2609"}],"collection":[{"href":"https:\/\/leaderschool.pl\/pila\/wp-json\/wp\/v2\/pages"}],"about":[{"href":"https:\/\/leaderschool.pl\/pila\/wp-json\/wp\/v2\/types\/page"}],"author":[{"embeddable":true,"href":"https:\/\/leaderschool.pl\/pila\/wp-json\/wp\/v2\/users\/3"}],"replies":[{"embeddable":true,"href":"https:\/\/leaderschool.pl\/pila\/wp-json\/wp\/v2\/comments?post=2609"}],"version-history":[{"count":2,"href":"https:\/\/leaderschool.pl\/pila\/wp-json\/wp\/v2\/pages\/2609\/revisions"}],"predecessor-version":[{"id":2912,"href":"https:\/\/leaderschool.pl\/pila\/wp-json\/wp\/v2\/pages\/2609\/revisions\/2912"}],"wp:attachment":[{"href":"https:\/\/leaderschool.pl\/pila\/wp-json\/wp\/v2\/media?parent=2609"}],"curies":[{"name":"wp","href":"https:\/\/api.w.org\/{rel}","templated":true}]}}