{"id":2606,"date":"2022-07-23T14:31:28","date_gmt":"2022-07-23T12:31:28","guid":{"rendered":"https:\/\/leaderschool.sellision.dev\/pila\/?page_id=2606"},"modified":"2022-07-28T21:05:19","modified_gmt":"2022-07-28T19:05:19","slug":"przygotowanie-do-certyfikatow-fce-cae-i-telc-osrodek-egzaminacyjny-telc%ef%bf%bc","status":"publish","type":"page","link":"https:\/\/leaderschool.pl\/pila\/przygotowanie-do-certyfikatow-fce-cae-i-telc-osrodek-egzaminacyjny-telc%ef%bf%bc\/","title":{"rendered":"Certyfikaty j\u0119zykowe"},"content":{"rendered":"\n<p>W Leader School Pi\u0142a przygotujesz si\u0119 do mi\u0119dzynarodowych egzamin\u00f3w, dzi\u0119ki kt\u00f3rym uzyskasz honorowane na ca\u0142ym \u015bwiecie certyfikaty. To najlepszy spos\u00f3b na potwierdzenie swoich kwalifikacji j\u0119zykowych \u2013 certyfikaty FCE, CAE oraz TELC s\u0105 uznawane przez uczelnie, pracodawc\u00f3w, a nawet organizacje rz\u0105dowe w Polsce i na ca\u0142ym \u015bwiecie. Certyfikat j\u0119zykowy otwiera drzwi do podj\u0119cia nowej pracy, uzyskania obywatelstwa i wielu innych przywilej\u00f3w, takich jak \u0142atwiejsza rekrutacja na zagraniczne uczelnie oraz mo\u017cliwo\u015b\u0107 zwolnienia z nauki j\u0119zyka obcego w czasie studi\u00f3w.<\/p>\n\n\n\n<h2>Egzamin FCE w Pile<\/h2>\n\n\n\n<p>First Certificate In English (FCE) to presti\u017cowy mi\u0119dzynarodowy egzamin na poziomie \u015brednio-zaawansowanym w Polsce. Posiadanie certyfikatu FCE \u015bwiadczy o tym, \u017ce znasz angielski w stopniu wystarczaj\u0105cym, aby praktycznie u\u017cywa\u0107 go w pracy i \u017cyciu codziennym. Znajomo\u015b\u0107 angielskiego udokumentowana certyfikatem FCE b\u0119dzie szczeg\u00f3lnie u\u017cyteczna, je\u017celi Twoja praca wymaga cz\u0119stych kontakt\u00f3w z obcokrajowcami. Ponadto osoby, kt\u00f3re zda\u0142y FCE poradz\u0105 sobie z prowadzeniem korespondencji biurowej, rozmowami telefonicznymi, b\u0119d\u0105 w stanie bra\u0107 udzia\u0142 w szkoleniach odbywaj\u0105cych si\u0119 w j\u0119zyku angielskim, korzysta\u0107 z angielskich podr\u0119cznik\u00f3w i czyta\u0107 artyku\u0142y po angielsku. Certyfikat jest wydawany bezterminowo przez University of Cambridge Local Examinations Syndicate. Renoma tej organizacji sprawia, \u017ce ten z\u0142o\u017cony z pi\u0119ciu cz\u0119\u015bci egzamin jest powszechnie uznawany za wiarygodne potwierdzenie kompetencji j\u0119zykowych.&nbsp;<\/p>\n\n\n\n<h3>Cz\u0119\u015bci egzaminu FCE:<\/h3>\n\n\n\n<p>&#8211; Reading (czytanie ze zrozumieniem)<\/p>\n\n\n\n<p>&#8211; Use of English (test znajomo\u015bci gramatyki)&nbsp;<\/p>\n\n\n\n<p>&#8211; Writing (praktyczny test pisemny)<\/p>\n\n\n\n<p>&#8211; Listening (rozumienie wypowiedzi ustnych)<\/p>\n\n\n\n<p>&#8211; Speaking (egzamin ustny w formie rozmowy z egzaminatorem)<\/p>\n\n\n\n<p>Pierwsze dwie cz\u0119\u015bci, czyli Reading i Use of English, s\u0105 od 2015 roku zdawane jednocze\u015bnie \u2013 na tym samym arkuszu egzaminacyjnym.<\/p>\n\n\n\n<h3>Egzamin CAE<\/h3>\n\n\n\n<p>Certificate in Advanced English jest wy\u017cszym stopniem certyfikatu FCE. Zdaj\u0105c egzamin CAE zyskujemy potwierdzenie, \u017ce w\u0142adamy j\u0119zykiem angielskim w stopniu zaawansowanym. Egzamin jest organizowany w trzech corocznych sesjach od roku 1991. Egzamin CAE r\u00f3wnie\u017c sk\u0142ada si\u0119 z pi\u0119ciu cz\u0119\u015bci.<\/p>\n\n\n\n<h3>O\u015brodek egzaminacyjny TELC\u00a0 w Pile<\/h3>\n\n\n\n<p>Szko\u0142a j\u0119zykowa Leader School jest jedynym certyfikowanym O\u015brodkiem Egzaminacyjnym TELC w Pile oraz w promieniu 100 km! Mo\u017cemy nie tylko przygotowa\u0107 Ci\u0119 do zdania egzaminu, ale r\u00f3wnie\u017c przeprowadzi\u0107 go na miejscu.<\/p>\n\n\n\n<p>Egzaminy TELC s\u0105 organizowane przez Rad\u0119 Europy we Frankfurcie sprawdzaj\u0105 znajomo\u015b\u0107 j\u0119zyka uwzgl\u0119dniaj\u0105c r\u00f3\u017cne poziomy bieg\u0142o\u015bci j\u0119zykowej uj\u0119te w Europejskim Systemie Opisu Kszta\u0142cenia J\u0119zykowego (Common European Framework) Rady Europy A1-B2.&nbsp;<\/p>\n\n\n\n<p>Podczas egzaminu szczeg\u00f3lny nacisk po\u0142o\u017cony jest na praktyczne umiej\u0119tno\u015bci komunikacyjne, a zakres egzaminacyjny zagadnie\u0144 obejmuje podstawowe dziedziny \u017cycia.<\/p>\n\n\n\n<h3>Dlaczego warto zdoby\u0107 certyfikat TELC ze szko\u0142\u0105 j\u0119zykow\u0105 w Pile?\u00a0<\/h3>\n\n\n\n<p>\u2022 Certyfikat TELC zwalnia z egzaminu ko\u0144cowego oraz lektorat\u00f3w na wielu polskich uczelniach.&nbsp;<\/p>\n\n\n\n<p>\u2022 Stanowi podstaw\u0119 do zwolnienia z egzaminu doktorskiego w zakresie nowo\u017cytnego j\u0119zyka obcego.<\/p>\n\n\n\n<p>\u2022 Zgodnie z Rozporz\u0105dzeniem Ministra Edukacji Narodowej certyfikaty <strong>TELC <\/strong>stanowi\u0105 potwierdzenie kwalifikacji do nauczania j\u0119zyk\u00f3w obcych.<\/p>\n\n\n\n<p>\u2022 Dzi\u0119ki posiadaniu certyfikatu <strong>TELC <\/strong>mo\u017cesz otrzyma\u0107 dodatkowe punkty podczas rekrutacji do programu Erasmus.<\/p>\n\n\n\n<p>\u2022 W Polsce egzaminy TELC s\u0105 uznawane za dow\u00f3d kompetencji j\u0119zykowych kandydat\u00f3w do s\u0142u\u017cby cywilnej przez Ministerstwo Spraw Wewn\u0119trznych i Administracji i administracj\u0119 Rzeczypospolitej Polskiej.&nbsp;<\/p>\n\n\n\n<p>\u2022 Jest wa\u017cnym certyfikatem dla przewodnik\u00f3w turystycznych i pilot\u00f3w wycieczek, a tak\u017ce&nbsp;<\/p>\n\n\n\n<p>\u2022 Jest uznawany przez Ministerstwo Edukacji Narodowej oraz Ministerstwo Nauki i Szkolnictwa Wy\u017cszego.&nbsp;<\/p>\n\n\n\n<p>Chcesz uzyska\u0107 certyfikat TELC? Zg\u0142o\u015b si\u0119 do nas, a ustalimy szczeg\u00f3\u0142y i pomo\u017cemy Ci przygotowa\u0107 si\u0119 do testu.<\/p>\n","protected":false},"excerpt":{"rendered":"<p>W Leader School Pi\u0142a przygotujesz si\u0119 do mi\u0119dzynarodowych egzamin\u00f3w, dzi\u0119ki kt\u00f3rym uzyskasz honorowane na ca\u0142ym \u015bwiecie certyfikaty. To najlepszy spos\u00f3b na potwierdzenie swoich kwalifikacji j\u0119zykowych \u2013 certyfikaty FCE, CAE oraz TELC s\u0105 uznawane przez uczelnie, pracodawc\u00f3w, a nawet organizacje rz\u0105dowe w Polsce i na ca\u0142ym \u015bwiecie. Certyfikat j\u0119zykowy otwiera drzwi do podj\u0119cia nowej pracy, uzyskania [&hellip;]<\/p>\n","protected":false},"author":3,"featured_media":0,"parent":0,"menu_order":0,"comment_status":"closed","ping_status":"closed","template":"","meta":{"ngg_post_thumbnail":0},"acf":[],"yoast_head":"<!-- This site is optimized with the Yoast SEO plugin v18.9 - https:\/\/yoast.com\/wordpress\/plugins\/seo\/ -->\n<title>Certyfikaty j\u0119zykowe w Pile - Leader School<\/title>\n<meta name=\"robots\" content=\"index, follow, max-snippet:-1, max-image-preview:large, max-video-preview:-1\" \/>\n<link rel=\"canonical\" href=\"https:\/\/leaderschool.pl\/pila\/przygotowanie-do-certyfikatow-fce-cae-i-telc-osrodek-egzaminacyjny-telc\ufffc\/\" \/>\n<meta property=\"og:locale\" content=\"pl_PL\" \/>\n<meta property=\"og:type\" content=\"article\" \/>\n<meta property=\"og:title\" content=\"Certyfikaty j\u0119zykowe w Pile - Leader School\" \/>\n<meta property=\"og:description\" content=\"W Leader School Pi\u0142a przygotujesz si\u0119 do mi\u0119dzynarodowych egzamin\u00f3w, dzi\u0119ki kt\u00f3rym uzyskasz honorowane na ca\u0142ym \u015bwiecie certyfikaty. To najlepszy spos\u00f3b na potwierdzenie swoich kwalifikacji j\u0119zykowych \u2013 certyfikaty FCE, CAE oraz TELC s\u0105 uznawane przez uczelnie, pracodawc\u00f3w, a nawet organizacje rz\u0105dowe w Polsce i na ca\u0142ym \u015bwiecie. Certyfikat j\u0119zykowy otwiera drzwi do podj\u0119cia nowej pracy, uzyskania [&hellip;]\" \/>\n<meta property=\"og:url\" content=\"https:\/\/leaderschool.pl\/pila\/przygotowanie-do-certyfikatow-fce-cae-i-telc-osrodek-egzaminacyjny-telc\ufffc\/\" \/>\n<meta property=\"og:site_name\" content=\"w Pile - Leader School\" \/>\n<meta property=\"article:modified_time\" content=\"2022-07-28T19:05:19+00:00\" \/>\n<meta name=\"twitter:card\" content=\"summary_large_image\" \/>\n<meta name=\"twitter:label1\" content=\"Szacowany czas czytania\" \/>\n\t<meta name=\"twitter:data1\" content=\"4 minuty\" \/>\n<script type=\"application\/ld+json\" class=\"yoast-schema-graph\">{\"@context\":\"https:\/\/schema.org\",\"@graph\":[{\"@type\":\"WebSite\",\"@id\":\"https:\/\/leaderschool.pl\/pila\/#website\",\"url\":\"https:\/\/leaderschool.pl\/pila\/\",\"name\":\"w Pile - Leader School\",\"description\":\"\",\"potentialAction\":[{\"@type\":\"SearchAction\",\"target\":{\"@type\":\"EntryPoint\",\"urlTemplate\":\"https:\/\/leaderschool.pl\/pila\/?s={search_term_string}\"},\"query-input\":\"required name=search_term_string\"}],\"inLanguage\":\"pl-PL\"},{\"@type\":\"WebPage\",\"@id\":\"https:\/\/leaderschool.pl\/pila\/przygotowanie-do-certyfikatow-fce-cae-i-telc-osrodek-egzaminacyjny-telc%ef%bf%bc\/#webpage\",\"url\":\"https:\/\/leaderschool.pl\/pila\/przygotowanie-do-certyfikatow-fce-cae-i-telc-osrodek-egzaminacyjny-telc%ef%bf%bc\/\",\"name\":\"Certyfikaty j\u0119zykowe w Pile - Leader School\",\"isPartOf\":{\"@id\":\"https:\/\/leaderschool.pl\/pila\/#website\"},\"datePublished\":\"2022-07-23T12:31:28+00:00\",\"dateModified\":\"2022-07-28T19:05:19+00:00\",\"breadcrumb\":{\"@id\":\"https:\/\/leaderschool.pl\/pila\/przygotowanie-do-certyfikatow-fce-cae-i-telc-osrodek-egzaminacyjny-telc%ef%bf%bc\/#breadcrumb\"},\"inLanguage\":\"pl-PL\",\"potentialAction\":[{\"@type\":\"ReadAction\",\"target\":[\"https:\/\/leaderschool.pl\/pila\/przygotowanie-do-certyfikatow-fce-cae-i-telc-osrodek-egzaminacyjny-telc%ef%bf%bc\/\"]}]},{\"@type\":\"BreadcrumbList\",\"@id\":\"https:\/\/leaderschool.pl\/pila\/przygotowanie-do-certyfikatow-fce-cae-i-telc-osrodek-egzaminacyjny-telc%ef%bf%bc\/#breadcrumb\",\"itemListElement\":[{\"@type\":\"ListItem\",\"position\":1,\"name\":\"Home\",\"item\":\"https:\/\/leaderschool.pl\/pila\/\"},{\"@type\":\"ListItem\",\"position\":2,\"name\":\"Certyfikaty j\u0119zykowe\"}]}]}<\/script>\n<!-- \/ Yoast SEO plugin. -->","yoast_head_json":{"title":"Certyfikaty j\u0119zykowe w Pile - Leader School","robots":{"index":"index","follow":"follow","max-snippet":"max-snippet:-1","max-image-preview":"max-image-preview:large","max-video-preview":"max-video-preview:-1"},"canonical":"https:\/\/leaderschool.pl\/pila\/przygotowanie-do-certyfikatow-fce-cae-i-telc-osrodek-egzaminacyjny-telc\ufffc\/","og_locale":"pl_PL","og_type":"article","og_title":"Certyfikaty j\u0119zykowe w Pile - Leader School","og_description":"W Leader School Pi\u0142a przygotujesz si\u0119 do mi\u0119dzynarodowych egzamin\u00f3w, dzi\u0119ki kt\u00f3rym uzyskasz honorowane na ca\u0142ym \u015bwiecie certyfikaty. To najlepszy spos\u00f3b na potwierdzenie swoich kwalifikacji j\u0119zykowych \u2013 certyfikaty FCE, CAE oraz TELC s\u0105 uznawane przez uczelnie, pracodawc\u00f3w, a nawet organizacje rz\u0105dowe w Polsce i na ca\u0142ym \u015bwiecie. Certyfikat j\u0119zykowy otwiera drzwi do podj\u0119cia nowej pracy, uzyskania [&hellip;]","og_url":"https:\/\/leaderschool.pl\/pila\/przygotowanie-do-certyfikatow-fce-cae-i-telc-osrodek-egzaminacyjny-telc\ufffc\/","og_site_name":"w Pile - Leader School","article_modified_time":"2022-07-28T19:05:19+00:00","twitter_card":"summary_large_image","twitter_misc":{"Szacowany czas czytania":"4 minuty"},"schema":{"@context":"https:\/\/schema.org","@graph":[{"@type":"WebSite","@id":"https:\/\/leaderschool.pl\/pila\/#website","url":"https:\/\/leaderschool.pl\/pila\/","name":"w Pile - Leader School","description":"","potentialAction":[{"@type":"SearchAction","target":{"@type":"EntryPoint","urlTemplate":"https:\/\/leaderschool.pl\/pila\/?s={search_term_string}"},"query-input":"required name=search_term_string"}],"inLanguage":"pl-PL"},{"@type":"WebPage","@id":"https:\/\/leaderschool.pl\/pila\/przygotowanie-do-certyfikatow-fce-cae-i-telc-osrodek-egzaminacyjny-telc%ef%bf%bc\/#webpage","url":"https:\/\/leaderschool.pl\/pila\/przygotowanie-do-certyfikatow-fce-cae-i-telc-osrodek-egzaminacyjny-telc%ef%bf%bc\/","name":"Certyfikaty j\u0119zykowe w Pile - Leader School","isPartOf":{"@id":"https:\/\/leaderschool.pl\/pila\/#website"},"datePublished":"2022-07-23T12:31:28+00:00","dateModified":"2022-07-28T19:05:19+00:00","breadcrumb":{"@id":"https:\/\/leaderschool.pl\/pila\/przygotowanie-do-certyfikatow-fce-cae-i-telc-osrodek-egzaminacyjny-telc%ef%bf%bc\/#breadcrumb"},"inLanguage":"pl-PL","potentialAction":[{"@type":"ReadAction","target":["https:\/\/leaderschool.pl\/pila\/przygotowanie-do-certyfikatow-fce-cae-i-telc-osrodek-egzaminacyjny-telc%ef%bf%bc\/"]}]},{"@type":"BreadcrumbList","@id":"https:\/\/leaderschool.pl\/pila\/przygotowanie-do-certyfikatow-fce-cae-i-telc-osrodek-egzaminacyjny-telc%ef%bf%bc\/#breadcrumb","itemListElement":[{"@type":"ListItem","position":1,"name":"Home","item":"https:\/\/leaderschool.pl\/pila\/"},{"@type":"ListItem","position":2,"name":"Certyfikaty j\u0119zykowe"}]}]}},"_links":{"self":[{"href":"https:\/\/leaderschool.pl\/pila\/wp-json\/wp\/v2\/pages\/2606"}],"collection":[{"href":"https:\/\/leaderschool.pl\/pila\/wp-json\/wp\/v2\/pages"}],"about":[{"href":"https:\/\/leaderschool.pl\/pila\/wp-json\/wp\/v2\/types\/page"}],"author":[{"embeddable":true,"href":"https:\/\/leaderschool.pl\/pila\/wp-json\/wp\/v2\/users\/3"}],"replies":[{"embeddable":true,"href":"https:\/\/leaderschool.pl\/pila\/wp-json\/wp\/v2\/comments?post=2606"}],"version-history":[{"count":3,"href":"https:\/\/leaderschool.pl\/pila\/wp-json\/wp\/v2\/pages\/2606\/revisions"}],"predecessor-version":[{"id":2666,"href":"https:\/\/leaderschool.pl\/pila\/wp-json\/wp\/v2\/pages\/2606\/revisions\/2666"}],"wp:attachment":[{"href":"https:\/\/leaderschool.pl\/pila\/wp-json\/wp\/v2\/media?parent=2606"}],"curies":[{"name":"wp","href":"https:\/\/api.w.org\/{rel}","templated":true}]}}