{"id":2604,"date":"2022-07-23T14:30:19","date_gmt":"2022-07-23T12:30:19","guid":{"rendered":"https:\/\/leaderschool.sellision.dev\/pila\/?page_id=2604"},"modified":"2024-08-02T12:51:51","modified_gmt":"2024-08-02T10:51:51","slug":"jezyki-swiata-dla-doroslych","status":"publish","type":"page","link":"https:\/\/leaderschool.pl\/pila\/jezyki-swiata-dla-doroslych\/","title":{"rendered":"J\u0119zyki \u015bwiata dla doros\u0142ych"},"content":{"rendered":"\n<p>Nigdy nie jest za p\u00f3\u017ano, by uczy\u0107 si\u0119 j\u0119zyk\u00f3w obcych! Niezale\u017cnie od tego, czy Twoj\u0105 motywacj\u0105 jest podniesienie kwalifikacji w pracy, czy po prostu fascynacja obcoj\u0119zyczn\u0105 kultur\u0105 \u2013 z nami jeste\u015b w stanie pozna\u0107 nowy j\u0119zyk w najkr\u00f3tszym mo\u017cliwym czasie. Dzi\u0119ki naszym sprawdzonym metodom nauka w szkole j\u0119zykowej w Pile b\u0119dzie efektywna, przyst\u0119pna i nie zabierze Ci zbyt du\u017co wolnego czasu.&nbsp;<\/p>\n\n\n\n<h3>Wiemy, ile mo\u017cliwo\u015bci daje umiej\u0119tno\u015b\u0107 komunikowania si\u0119 w wielu j\u0119zykach<\/h3>\n\n\n\n<p> To m.in. podr\u00f3\u017ce bez problem\u00f3w komunikacyjnych, mo\u017cliwo\u015b\u0107 pracy zagranic\u0105, czy chocia\u017cby . Dlatego w naszej ofercie poza najbardziej popularnymi kursami j\u0119zykowymi z j\u0119zyka angielskiego, niemieckiego, hiszpa\u0144skiego i rosyjskiego, proponujemy nauk\u0119 innych j\u0119zyk\u00f3w w formie zaj\u0119\u0107 indywidualnych lub grupowych. Naszym celem jest Twoje zadowolenie i osobisty rozw\u00f3j, dlatego dok\u0142adamy wszelkich stara\u0144, by sprosta\u0107 Twoim oczekiwaniom. W tworzenie oferty idealnej dla Ciebie zaanga\u017cowana jest wykwalifikowana kadra lektor\u00f3w, kt\u00f3rzy wprowadz\u0105 Ci\u0119 w \u015bwiat j\u0119zyk\u00f3w obcych.<\/p>\n\n\n\n<h3>Organizujemy indywidualne i grupowe zaj\u0119cia w Pile dla doros\u0142ych z nast\u0119puj\u0105cych j\u0119zyk\u00f3w:<\/h3>\n\n\n\n<h3>Zaj\u0119cia z angielskiego  <\/h3>\n\n\n\n<p>J\u0119zyk wsp\u00f3\u0142czesnego biznesu i kultury. Na przestrzeni ostatnich stuleci angielski sta\u0142 si\u0119 podstawowym j\u0119zykiem komunikacji na ca\u0142ym \u015bwiecie. Znaj\u0105c angielski poradzisz sobie podczas ka\u017cdej podr\u00f3\u017cy zagranicznej oraz podczas spotka\u0144 biznesowych na ka\u017cdym kra\u0144cu \u015bwiata. Przy okazji zaczniesz te\u017c lepiej rozumie\u0107 angloj\u0119zyczne media, strony internetowe, czy cho\u0107by teksty piosenek.&nbsp;<\/p>\n\n\n\n<h3>Zaj\u0119cia z niemieckiego<\/h3>\n\n\n\n<p>J\u0119zyk naszych zachodnich s\u0105siad\u00f3w potrafi przyda\u0107 si\u0119 nie tylko osobom pracuj\u0105cym w Niemczech lub Austrii. Jego u\u017cyteczno\u015b\u0107 potwierdzi ka\u017cdy, kto pracuje w bran\u017cy turystycznej lub ma s\u0142u\u017cbowy kontakt z klientami z zachodu. To jeden z najcz\u0119\u015bciej u\u017cywanych j\u0119zyk\u00f3w w Europie.<\/p>\n\n\n\n<h3> Zaj\u0119cia z hiszpa\u0144skiego<\/h3>\n\n\n\n<p>To, zaraz po chi\u0144skim, drugi najpopularniejszy j\u0119zyk \u015bwiata, kt\u00f3rym pos\u0142uguje si\u0119 ponad 600 tysi\u0119cy ludzi na ca\u0142ym \u015bwiecie! Hiszpa\u0144ski jest j\u0119zykiem urz\u0119dowym w 20 krajach \u015bwiata. To doskona\u0142y wyb\u00f3r dla mi\u0142o\u015bnik\u00f3w podr\u00f3\u017cy i nie tylko.<\/p>\n\n\n\n<h3>Zaj\u0119cia z francuskiego<\/h3>\n\n\n\n<p>Znajomo\u015b\u0107 tego pi\u0119knego j\u0119zyka by\u0142a niegdy\u015b obowi\u0105zkiem dla os\u00f3b z wy\u017cszych sfer. J\u0119zyk europejskiej kultury i sztuki mo\u017ce si\u0119 przyda\u0107 nie tylko podczas podr\u00f3\u017cy do Francji, ale tak\u017ce do Kanady, Belgii, Szwajcarii i licznych kraj\u00f3w afryka\u0144skich.&nbsp;<\/p>\n\n\n\n<h3>Zaj\u0119cia z w\u0142oskiego<\/h3>\n\n\n\n<p>To j\u0119zyk najbli\u017cej spokrewniony z \u0142acin\u0105. Jest niezwykle przyst\u0119pny w nauce i u\u0142atwia zrozumienie innych j\u0119zyk\u00f3w roma\u0144skich, jak np. francuski. Po w\u0142osku m\u00f3wi a\u017c 15% populacji Unii Europejskiej, co czyni ten j\u0119zyk drugim najpopularniejszym j\u0119zykiem w Unii. Mo\u017ce si\u0119 przyda\u0107 tak\u017ce w podr\u00f3\u017cach do Watykanu, San Marino, Chorwacji, S\u0142owenii i Czarnog\u00f3ry i wielu innych region\u00f3w, w kt\u00f3rych \u017cyj\u0105 w\u0142oskoj\u0119zyczne mniejszo\u015bci.\\<\/p>\n","protected":false},"excerpt":{"rendered":"<p>Nigdy nie jest za p\u00f3\u017ano, by uczy\u0107 si\u0119 j\u0119zyk\u00f3w obcych! Niezale\u017cnie od tego, czy Twoj\u0105 motywacj\u0105 jest podniesienie kwalifikacji w pracy, czy po prostu fascynacja obcoj\u0119zyczn\u0105 kultur\u0105 \u2013 z nami jeste\u015b w stanie pozna\u0107 nowy j\u0119zyk w najkr\u00f3tszym mo\u017cliwym czasie. Dzi\u0119ki naszym sprawdzonym metodom nauka w szkole j\u0119zykowej w Pile b\u0119dzie efektywna, przyst\u0119pna i nie [&hellip;]<\/p>\n","protected":false},"author":3,"featured_media":0,"parent":0,"menu_order":0,"comment_status":"closed","ping_status":"closed","template":"","meta":{"ngg_post_thumbnail":0},"acf":[],"yoast_head":"<!-- This site is optimized with the Yoast SEO plugin v18.9 - https:\/\/yoast.com\/wordpress\/plugins\/seo\/ -->\n<title>J\u0119zyki \u015bwiata dla doros\u0142ych w Pile - Leader School<\/title>\n<meta name=\"robots\" content=\"index, follow, max-snippet:-1, max-image-preview:large, max-video-preview:-1\" \/>\n<link rel=\"canonical\" href=\"https:\/\/leaderschool.pl\/pila\/jezyki-swiata-dla-doroslych\/\" \/>\n<meta property=\"og:locale\" content=\"pl_PL\" \/>\n<meta property=\"og:type\" content=\"article\" \/>\n<meta property=\"og:title\" content=\"J\u0119zyki \u015bwiata dla doros\u0142ych w Pile - Leader School\" \/>\n<meta property=\"og:description\" content=\"Nigdy nie jest za p\u00f3\u017ano, by uczy\u0107 si\u0119 j\u0119zyk\u00f3w obcych! Niezale\u017cnie od tego, czy Twoj\u0105 motywacj\u0105 jest podniesienie kwalifikacji w pracy, czy po prostu fascynacja obcoj\u0119zyczn\u0105 kultur\u0105 \u2013 z nami jeste\u015b w stanie pozna\u0107 nowy j\u0119zyk w najkr\u00f3tszym mo\u017cliwym czasie. Dzi\u0119ki naszym sprawdzonym metodom nauka w szkole j\u0119zykowej w Pile b\u0119dzie efektywna, przyst\u0119pna i nie [&hellip;]\" \/>\n<meta property=\"og:url\" content=\"https:\/\/leaderschool.pl\/pila\/jezyki-swiata-dla-doroslych\/\" \/>\n<meta property=\"og:site_name\" content=\"w Pile - Leader School\" \/>\n<meta property=\"article:modified_time\" content=\"2024-08-02T10:51:51+00:00\" \/>\n<meta name=\"twitter:card\" content=\"summary_large_image\" \/>\n<meta name=\"twitter:label1\" content=\"Szacowany czas czytania\" \/>\n\t<meta name=\"twitter:data1\" content=\"3 minuty\" \/>\n<script type=\"application\/ld+json\" class=\"yoast-schema-graph\">{\"@context\":\"https:\/\/schema.org\",\"@graph\":[{\"@type\":\"WebSite\",\"@id\":\"https:\/\/leaderschool.pl\/pila\/#website\",\"url\":\"https:\/\/leaderschool.pl\/pila\/\",\"name\":\"w Pile - Leader School\",\"description\":\"\",\"potentialAction\":[{\"@type\":\"SearchAction\",\"target\":{\"@type\":\"EntryPoint\",\"urlTemplate\":\"https:\/\/leaderschool.pl\/pila\/?s={search_term_string}\"},\"query-input\":\"required name=search_term_string\"}],\"inLanguage\":\"pl-PL\"},{\"@type\":\"WebPage\",\"@id\":\"https:\/\/leaderschool.pl\/pila\/jezyki-swiata-dla-doroslych\/#webpage\",\"url\":\"https:\/\/leaderschool.pl\/pila\/jezyki-swiata-dla-doroslych\/\",\"name\":\"J\u0119zyki \u015bwiata dla doros\u0142ych w Pile - Leader School\",\"isPartOf\":{\"@id\":\"https:\/\/leaderschool.pl\/pila\/#website\"},\"datePublished\":\"2022-07-23T12:30:19+00:00\",\"dateModified\":\"2024-08-02T10:51:51+00:00\",\"breadcrumb\":{\"@id\":\"https:\/\/leaderschool.pl\/pila\/jezyki-swiata-dla-doroslych\/#breadcrumb\"},\"inLanguage\":\"pl-PL\",\"potentialAction\":[{\"@type\":\"ReadAction\",\"target\":[\"https:\/\/leaderschool.pl\/pila\/jezyki-swiata-dla-doroslych\/\"]}]},{\"@type\":\"BreadcrumbList\",\"@id\":\"https:\/\/leaderschool.pl\/pila\/jezyki-swiata-dla-doroslych\/#breadcrumb\",\"itemListElement\":[{\"@type\":\"ListItem\",\"position\":1,\"name\":\"Home\",\"item\":\"https:\/\/leaderschool.pl\/pila\/\"},{\"@type\":\"ListItem\",\"position\":2,\"name\":\"J\u0119zyki \u015bwiata dla doros\u0142ych\"}]}]}<\/script>\n<!-- \/ Yoast SEO plugin. -->","yoast_head_json":{"title":"J\u0119zyki \u015bwiata dla doros\u0142ych w Pile - Leader School","robots":{"index":"index","follow":"follow","max-snippet":"max-snippet:-1","max-image-preview":"max-image-preview:large","max-video-preview":"max-video-preview:-1"},"canonical":"https:\/\/leaderschool.pl\/pila\/jezyki-swiata-dla-doroslych\/","og_locale":"pl_PL","og_type":"article","og_title":"J\u0119zyki \u015bwiata dla doros\u0142ych w Pile - Leader School","og_description":"Nigdy nie jest za p\u00f3\u017ano, by uczy\u0107 si\u0119 j\u0119zyk\u00f3w obcych! Niezale\u017cnie od tego, czy Twoj\u0105 motywacj\u0105 jest podniesienie kwalifikacji w pracy, czy po prostu fascynacja obcoj\u0119zyczn\u0105 kultur\u0105 \u2013 z nami jeste\u015b w stanie pozna\u0107 nowy j\u0119zyk w najkr\u00f3tszym mo\u017cliwym czasie. Dzi\u0119ki naszym sprawdzonym metodom nauka w szkole j\u0119zykowej w Pile b\u0119dzie efektywna, przyst\u0119pna i nie [&hellip;]","og_url":"https:\/\/leaderschool.pl\/pila\/jezyki-swiata-dla-doroslych\/","og_site_name":"w Pile - Leader School","article_modified_time":"2024-08-02T10:51:51+00:00","twitter_card":"summary_large_image","twitter_misc":{"Szacowany czas czytania":"3 minuty"},"schema":{"@context":"https:\/\/schema.org","@graph":[{"@type":"WebSite","@id":"https:\/\/leaderschool.pl\/pila\/#website","url":"https:\/\/leaderschool.pl\/pila\/","name":"w Pile - Leader School","description":"","potentialAction":[{"@type":"SearchAction","target":{"@type":"EntryPoint","urlTemplate":"https:\/\/leaderschool.pl\/pila\/?s={search_term_string}"},"query-input":"required name=search_term_string"}],"inLanguage":"pl-PL"},{"@type":"WebPage","@id":"https:\/\/leaderschool.pl\/pila\/jezyki-swiata-dla-doroslych\/#webpage","url":"https:\/\/leaderschool.pl\/pila\/jezyki-swiata-dla-doroslych\/","name":"J\u0119zyki \u015bwiata dla doros\u0142ych w Pile - Leader School","isPartOf":{"@id":"https:\/\/leaderschool.pl\/pila\/#website"},"datePublished":"2022-07-23T12:30:19+00:00","dateModified":"2024-08-02T10:51:51+00:00","breadcrumb":{"@id":"https:\/\/leaderschool.pl\/pila\/jezyki-swiata-dla-doroslych\/#breadcrumb"},"inLanguage":"pl-PL","potentialAction":[{"@type":"ReadAction","target":["https:\/\/leaderschool.pl\/pila\/jezyki-swiata-dla-doroslych\/"]}]},{"@type":"BreadcrumbList","@id":"https:\/\/leaderschool.pl\/pila\/jezyki-swiata-dla-doroslych\/#breadcrumb","itemListElement":[{"@type":"ListItem","position":1,"name":"Home","item":"https:\/\/leaderschool.pl\/pila\/"},{"@type":"ListItem","position":2,"name":"J\u0119zyki \u015bwiata dla doros\u0142ych"}]}]}},"_links":{"self":[{"href":"https:\/\/leaderschool.pl\/pila\/wp-json\/wp\/v2\/pages\/2604"}],"collection":[{"href":"https:\/\/leaderschool.pl\/pila\/wp-json\/wp\/v2\/pages"}],"about":[{"href":"https:\/\/leaderschool.pl\/pila\/wp-json\/wp\/v2\/types\/page"}],"author":[{"embeddable":true,"href":"https:\/\/leaderschool.pl\/pila\/wp-json\/wp\/v2\/users\/3"}],"replies":[{"embeddable":true,"href":"https:\/\/leaderschool.pl\/pila\/wp-json\/wp\/v2\/comments?post=2604"}],"version-history":[{"count":20,"href":"https:\/\/leaderschool.pl\/pila\/wp-json\/wp\/v2\/pages\/2604\/revisions"}],"predecessor-version":[{"id":2974,"href":"https:\/\/leaderschool.pl\/pila\/wp-json\/wp\/v2\/pages\/2604\/revisions\/2974"}],"wp:attachment":[{"href":"https:\/\/leaderschool.pl\/pila\/wp-json\/wp\/v2\/media?parent=2604"}],"curies":[{"name":"wp","href":"https:\/\/api.w.org\/{rel}","templated":true}]}}