{"id":2602,"date":"2022-07-23T14:29:41","date_gmt":"2022-07-23T12:29:41","guid":{"rendered":"https:\/\/leaderschool.sellision.dev\/pila\/?page_id=2602"},"modified":"2022-07-28T21:04:45","modified_gmt":"2022-07-28T19:04:45","slug":"angielski-dla-mlodziezy","status":"publish","type":"page","link":"https:\/\/leaderschool.pl\/pila\/angielski-dla-mlodziezy\/","title":{"rendered":"Angielski dla m\u0142odzie\u017cy"},"content":{"rendered":"\n<p>Wsp\u00f3\u0142cze\u015bni nastolatkowie cz\u0119sto poszukuj\u0105 dodatkowych zainteresowa\u0144, kt\u00f3re mog\u0105 zaowocowa\u0107 w doros\u0142ym \u017cyciu. Nauka kolejnego j\u0119zyka obcego mo\u017ce si\u0119 okaza\u0107 furtk\u0105 do ciekawej \u015bcie\u017cki kariery, w kt\u00f3rej konkurencja zawodowa b\u0119dzie znacznie mniejsza. Wielu m\u0142odych ludzi czuje niedosyt ucz\u0105c si\u0119 j\u0119zyka obcego w szkole \u2013 czasem warto doszlifowa\u0107 zdobyt\u0105 wcze\u015bniej wiedz\u0119, by mie\u0107 pewno\u015b\u0107, \u017ce poradzimy sobie podczas najwa\u017cniejszych egzamin\u00f3w lub wyjazd\u00f3w zagranicznych. Niezale\u017cnie od Twojej motywacji \u2013 mo\u017cemy Ci pom\u00f3c osi\u0105gn\u0105\u0107 cel!<\/p>\n\n\n\n<h2>Leader School w Pile udowadnia, \u017ce nauka j\u0119zyk\u00f3w obcych nie musi by\u0107 trudna i stresuj\u0105ca dla m\u0142odzie\u017cy<\/h2>\n\n\n\n<p> Nasze sprawdzone metody i dopracowane programy nauczania pozwol\u0105 Ci opanowa\u0107 dowolny j\u0119zyk w rekordowo kr\u00f3tkim czasie. Prowadzimy kursy ucz\u0105ce od podstaw, kursy dla bardziej zaawansowanych oraz kursy przygotowuj\u0105ce do egzamin\u00f3w szkolnych i certyfikacyjnych.<\/p>\n\n\n\n<h3>Przygotowanie do egzaminu \u00f3smoklasisty<\/h3>\n\n\n\n<p>Egzamin \u00f3smoklasisty, nazywany czasem \u201ema\u0142\u0105 matur\u0105\u201d, to pierwszy powa\u017cny test wiedzy, kt\u00f3ry czeka ka\u017cdego ucznia szko\u0142y podstawowej. Cho\u0107 teoretycznie nie da si\u0119 go nie zda\u0107, warto uzyska\u0107 jak najwy\u017cszy wynik \u2013 b\u0119dzie od niego zale\u017ca\u0142 przede wszystkim sukces rekrutacji do wymarzonej szko\u0142y \u015bredniej. Je\u015bli obawiasz si\u0119, \u017ce egzamin z j\u0119zyka obcego mo\u017ce nie p\u00f3j\u015b\u0107 po Twojej my\u015bli, skontaktuj si\u0119 z Leader School! Z nami osi\u0105gniesz sukces.<\/p>\n\n\n\n<p>W ramach kursu przygotowuj\u0105cego do egzaminu ko\u0144cz\u0105cego szko\u0142\u0119 podstawow\u0105 przyjd\u017a na zaj\u0119cia j\u0119zykowe lub przedmiotowe, kt\u00f3re odbywaj\u0105 si\u0119 w grupach prowadzonych przez do\u015bwiadczonych nauczycieli. Je\u015bli wolisz pracowa\u0107 samodzielnie, oferujemy Ci zaj\u0119cia indywidualne pod okiem specjalist\u00f3w. Program zaj\u0119\u0107 nastawiony jest na opanowanie przez s\u0142uchaczy zagadnie\u0144 zgodnych z wytycznymi Centralnej Komisji Egzaminacyjnej. W zale\u017cno\u015bci od poziomu kursanta istnieje mo\u017cliwo\u015b\u0107 zintensyfikowania nauki oraz korzystania z dodatkowych konsultacji z lektorem.<\/p>\n\n\n\n<h3>Zaj\u0119cia w Pile przygotowuj\u0105ce do matury<\/h3>\n\n\n\n<p>Obowi\u0105zkowy egzamin maturalny z j\u0119zyka obcego potrafi by\u0107 stresuj\u0105cy. Je\u015bli nie czujesz si\u0119 na si\u0142ach, by do niego przyst\u0105pi\u0107, mo\u017cesz skorzysta\u0107 z naszych kurs\u00f3w przygotowawczych do matury. Na zaj\u0119ciach b\u0119dziemy wsp\u00f3lnie pracowa\u0107 nad wszystkimi elementami egzaminu maturalnego \u2013 zar\u00f3wno w cz\u0119\u015bci pisemnej, jak i ustnej. Co roku dopasowujemy nasz program nauczania do aktualnych wytycznych Centralnej Komisji Egzaminacyjnej. Dzi\u0119ki temu 100% przygotowywanych przez nas uczni\u00f3w zdaje egzamin maturalny.\u00a0<\/p>\n\n\n\n<h3>Dopasowana oferta do Twoich potrzeb<\/h3>\n\n\n\n<p>Zaj\u0119cia odbywaj\u0105 si\u0119 przede wszystkim w grupach, ale istnieje te\u017c mo\u017cliwo\u015b\u0107 organizacji kursu indywidualnego lub uzupe\u0142niaj\u0105cych spotka\u0144 z lektorem, je\u015bli kt\u00f3re\u015b z zagadnie\u0144 wyda Ci si\u0119 szczeg\u00f3lnie trudne. Nie pozwolimy Ci podej\u015b\u0107 do matury bez 100% pewno\u015bci, \u017ce j\u0105 zdasz!<\/p>\n\n\n\n<p>Nasz kurs niesie ze sob\u0105 r\u00f3wnie\u017c inne korzy\u015bci. J\u0119zyk obcy przestanie by\u0107 Twoj\u0105 fobi\u0105, a stanie si\u0119 czym\u015b przyst\u0119pnym. W odr\u00f3\u017cnieniu od szk\u00f3\u0142 nauki jazdy \u2013 my nie uczymy tylko jak zda\u0107 egzamin. Twoje praktyczne umiej\u0119tno\u015bci j\u0119zykowe znacznie si\u0119 poprawi\u0105, co mo\u017ce przyda\u0107 si\u0119 na studiach, w pracy lub w \u017cyciu codziennym.<\/p>\n","protected":false},"excerpt":{"rendered":"<p>Wsp\u00f3\u0142cze\u015bni nastolatkowie cz\u0119sto poszukuj\u0105 dodatkowych zainteresowa\u0144, kt\u00f3re mog\u0105 zaowocowa\u0107 w doros\u0142ym \u017cyciu. Nauka kolejnego j\u0119zyka obcego mo\u017ce si\u0119 okaza\u0107 furtk\u0105 do ciekawej \u015bcie\u017cki kariery, w kt\u00f3rej konkurencja zawodowa b\u0119dzie znacznie mniejsza. Wielu m\u0142odych ludzi czuje niedosyt ucz\u0105c si\u0119 j\u0119zyka obcego w szkole \u2013 czasem warto doszlifowa\u0107 zdobyt\u0105 wcze\u015bniej wiedz\u0119, by mie\u0107 pewno\u015b\u0107, \u017ce poradzimy sobie [&hellip;]<\/p>\n","protected":false},"author":3,"featured_media":0,"parent":0,"menu_order":0,"comment_status":"closed","ping_status":"closed","template":"","meta":{"ngg_post_thumbnail":0},"acf":[],"yoast_head":"<!-- This site is optimized with the Yoast SEO plugin v18.9 - https:\/\/yoast.com\/wordpress\/plugins\/seo\/ -->\n<title>Angielski dla m\u0142odzie\u017cy w Pile - Leader School<\/title>\n<meta name=\"robots\" content=\"index, follow, max-snippet:-1, max-image-preview:large, max-video-preview:-1\" \/>\n<link rel=\"canonical\" href=\"https:\/\/leaderschool.pl\/pila\/angielski-dla-mlodziezy\/\" \/>\n<meta property=\"og:locale\" content=\"pl_PL\" \/>\n<meta property=\"og:type\" content=\"article\" \/>\n<meta property=\"og:title\" content=\"Angielski dla m\u0142odzie\u017cy w Pile - Leader School\" \/>\n<meta property=\"og:description\" content=\"Wsp\u00f3\u0142cze\u015bni nastolatkowie cz\u0119sto poszukuj\u0105 dodatkowych zainteresowa\u0144, kt\u00f3re mog\u0105 zaowocowa\u0107 w doros\u0142ym \u017cyciu. Nauka kolejnego j\u0119zyka obcego mo\u017ce si\u0119 okaza\u0107 furtk\u0105 do ciekawej \u015bcie\u017cki kariery, w kt\u00f3rej konkurencja zawodowa b\u0119dzie znacznie mniejsza. Wielu m\u0142odych ludzi czuje niedosyt ucz\u0105c si\u0119 j\u0119zyka obcego w szkole \u2013 czasem warto doszlifowa\u0107 zdobyt\u0105 wcze\u015bniej wiedz\u0119, by mie\u0107 pewno\u015b\u0107, \u017ce poradzimy sobie [&hellip;]\" \/>\n<meta property=\"og:url\" content=\"https:\/\/leaderschool.pl\/pila\/angielski-dla-mlodziezy\/\" \/>\n<meta property=\"og:site_name\" content=\"w Pile - Leader School\" \/>\n<meta property=\"article:modified_time\" content=\"2022-07-28T19:04:45+00:00\" \/>\n<meta name=\"twitter:card\" content=\"summary_large_image\" \/>\n<meta name=\"twitter:label1\" content=\"Szacowany czas czytania\" \/>\n\t<meta name=\"twitter:data1\" content=\"3 minuty\" \/>\n<script type=\"application\/ld+json\" class=\"yoast-schema-graph\">{\"@context\":\"https:\/\/schema.org\",\"@graph\":[{\"@type\":\"WebSite\",\"@id\":\"https:\/\/leaderschool.pl\/pila\/#website\",\"url\":\"https:\/\/leaderschool.pl\/pila\/\",\"name\":\"w Pile - Leader School\",\"description\":\"\",\"potentialAction\":[{\"@type\":\"SearchAction\",\"target\":{\"@type\":\"EntryPoint\",\"urlTemplate\":\"https:\/\/leaderschool.pl\/pila\/?s={search_term_string}\"},\"query-input\":\"required name=search_term_string\"}],\"inLanguage\":\"pl-PL\"},{\"@type\":\"WebPage\",\"@id\":\"https:\/\/leaderschool.pl\/pila\/angielski-dla-mlodziezy\/#webpage\",\"url\":\"https:\/\/leaderschool.pl\/pila\/angielski-dla-mlodziezy\/\",\"name\":\"Angielski dla m\u0142odzie\u017cy w Pile - Leader School\",\"isPartOf\":{\"@id\":\"https:\/\/leaderschool.pl\/pila\/#website\"},\"datePublished\":\"2022-07-23T12:29:41+00:00\",\"dateModified\":\"2022-07-28T19:04:45+00:00\",\"breadcrumb\":{\"@id\":\"https:\/\/leaderschool.pl\/pila\/angielski-dla-mlodziezy\/#breadcrumb\"},\"inLanguage\":\"pl-PL\",\"potentialAction\":[{\"@type\":\"ReadAction\",\"target\":[\"https:\/\/leaderschool.pl\/pila\/angielski-dla-mlodziezy\/\"]}]},{\"@type\":\"BreadcrumbList\",\"@id\":\"https:\/\/leaderschool.pl\/pila\/angielski-dla-mlodziezy\/#breadcrumb\",\"itemListElement\":[{\"@type\":\"ListItem\",\"position\":1,\"name\":\"Home\",\"item\":\"https:\/\/leaderschool.pl\/pila\/\"},{\"@type\":\"ListItem\",\"position\":2,\"name\":\"Angielski dla m\u0142odzie\u017cy\"}]}]}<\/script>\n<!-- \/ Yoast SEO plugin. -->","yoast_head_json":{"title":"Angielski dla m\u0142odzie\u017cy w Pile - Leader School","robots":{"index":"index","follow":"follow","max-snippet":"max-snippet:-1","max-image-preview":"max-image-preview:large","max-video-preview":"max-video-preview:-1"},"canonical":"https:\/\/leaderschool.pl\/pila\/angielski-dla-mlodziezy\/","og_locale":"pl_PL","og_type":"article","og_title":"Angielski dla m\u0142odzie\u017cy w Pile - Leader School","og_description":"Wsp\u00f3\u0142cze\u015bni nastolatkowie cz\u0119sto poszukuj\u0105 dodatkowych zainteresowa\u0144, kt\u00f3re mog\u0105 zaowocowa\u0107 w doros\u0142ym \u017cyciu. Nauka kolejnego j\u0119zyka obcego mo\u017ce si\u0119 okaza\u0107 furtk\u0105 do ciekawej \u015bcie\u017cki kariery, w kt\u00f3rej konkurencja zawodowa b\u0119dzie znacznie mniejsza. Wielu m\u0142odych ludzi czuje niedosyt ucz\u0105c si\u0119 j\u0119zyka obcego w szkole \u2013 czasem warto doszlifowa\u0107 zdobyt\u0105 wcze\u015bniej wiedz\u0119, by mie\u0107 pewno\u015b\u0107, \u017ce poradzimy sobie [&hellip;]","og_url":"https:\/\/leaderschool.pl\/pila\/angielski-dla-mlodziezy\/","og_site_name":"w Pile - Leader School","article_modified_time":"2022-07-28T19:04:45+00:00","twitter_card":"summary_large_image","twitter_misc":{"Szacowany czas czytania":"3 minuty"},"schema":{"@context":"https:\/\/schema.org","@graph":[{"@type":"WebSite","@id":"https:\/\/leaderschool.pl\/pila\/#website","url":"https:\/\/leaderschool.pl\/pila\/","name":"w Pile - Leader School","description":"","potentialAction":[{"@type":"SearchAction","target":{"@type":"EntryPoint","urlTemplate":"https:\/\/leaderschool.pl\/pila\/?s={search_term_string}"},"query-input":"required name=search_term_string"}],"inLanguage":"pl-PL"},{"@type":"WebPage","@id":"https:\/\/leaderschool.pl\/pila\/angielski-dla-mlodziezy\/#webpage","url":"https:\/\/leaderschool.pl\/pila\/angielski-dla-mlodziezy\/","name":"Angielski dla m\u0142odzie\u017cy w Pile - Leader School","isPartOf":{"@id":"https:\/\/leaderschool.pl\/pila\/#website"},"datePublished":"2022-07-23T12:29:41+00:00","dateModified":"2022-07-28T19:04:45+00:00","breadcrumb":{"@id":"https:\/\/leaderschool.pl\/pila\/angielski-dla-mlodziezy\/#breadcrumb"},"inLanguage":"pl-PL","potentialAction":[{"@type":"ReadAction","target":["https:\/\/leaderschool.pl\/pila\/angielski-dla-mlodziezy\/"]}]},{"@type":"BreadcrumbList","@id":"https:\/\/leaderschool.pl\/pila\/angielski-dla-mlodziezy\/#breadcrumb","itemListElement":[{"@type":"ListItem","position":1,"name":"Home","item":"https:\/\/leaderschool.pl\/pila\/"},{"@type":"ListItem","position":2,"name":"Angielski dla m\u0142odzie\u017cy"}]}]}},"_links":{"self":[{"href":"https:\/\/leaderschool.pl\/pila\/wp-json\/wp\/v2\/pages\/2602"}],"collection":[{"href":"https:\/\/leaderschool.pl\/pila\/wp-json\/wp\/v2\/pages"}],"about":[{"href":"https:\/\/leaderschool.pl\/pila\/wp-json\/wp\/v2\/types\/page"}],"author":[{"embeddable":true,"href":"https:\/\/leaderschool.pl\/pila\/wp-json\/wp\/v2\/users\/3"}],"replies":[{"embeddable":true,"href":"https:\/\/leaderschool.pl\/pila\/wp-json\/wp\/v2\/comments?post=2602"}],"version-history":[{"count":3,"href":"https:\/\/leaderschool.pl\/pila\/wp-json\/wp\/v2\/pages\/2602\/revisions"}],"predecessor-version":[{"id":2665,"href":"https:\/\/leaderschool.pl\/pila\/wp-json\/wp\/v2\/pages\/2602\/revisions\/2665"}],"wp:attachment":[{"href":"https:\/\/leaderschool.pl\/pila\/wp-json\/wp\/v2\/media?parent=2602"}],"curies":[{"name":"wp","href":"https:\/\/api.w.org\/{rel}","templated":true}]}}