{"id":2598,"date":"2022-07-23T14:28:28","date_gmt":"2022-07-23T12:28:28","guid":{"rendered":"https:\/\/leaderschool.sellision.dev\/pila\/?page_id=2598"},"modified":"2022-07-28T21:04:41","modified_gmt":"2022-07-28T19:04:41","slug":"jezyki-swiata-dla-dzieci","status":"publish","type":"page","link":"https:\/\/leaderschool.pl\/pila\/jezyki-swiata-dla-dzieci\/","title":{"rendered":"J\u0119zyki \u015bwiata dla dzieci"},"content":{"rendered":"\n<p>Jeste\u015b rodzicem i chcesz, aby Twoje dziecko ju\u017c od najm\u0142odszych lat rozwija\u0142o mi\u0142o\u015b\u0107 i pasj\u0119 do j\u0119zyk\u00f3w obcych? W naszej ofercie posiadamy m.in.: angielski, niemiecki, hiszpa\u0144ski i francuski, czyli jedne z najpopularniejszych j\u0119zyk\u00f3w \u015bwiata. Rozwijana od dziecka znajomo\u015b\u0107 j\u0119zyka b\u0119dzie mia\u0142a kolosalny wp\u0142yw na jego p\u00f3\u017aniejsz\u0105 edukacj\u0119 oraz karier\u0119 zawodow\u0105.&nbsp;<\/p>\n\n\n\n<p>Edukacja dzieci jest zadaniem niezwykle z\u0142o\u017conym i wymagaj\u0105cym. Nasi lektorzy posiadaj\u0105 predyspozycje do nauczania dzieci i potrafi\u0105 zmotywowa\u0107 nawet najbardziej opornego m\u0142odego cz\u0142owieka do nauki. W jaki spos\u00f3b?&nbsp;<\/p>\n\n\n\n<h2>Nauka w Leader School w Pile to przede wszystkim dobra zabawa i okazja to poznania nowych koleg\u00f3w i kole\u017canek<\/h2>\n\n\n\n<p>Zdobywanie wiedzy w grupie r\u00f3wie\u015bnik\u00f3w ma charakter wsp\u00f3lnej przygody, kt\u00f3ra motywuje ka\u017cdego z ma\u0142ych kursant\u00f3w do koncentracji i aktywnej nauki. Nasze starannie opracowane metody oraz programy nauczania sprawiaj\u0105, \u017ce ka\u017cda lekcja przypomina nowy odcinek ulubionej kresk\u00f3wki \u2013 coraz mocniej wci\u0105ga i ciekawi, daj\u0105c jednocze\u015bnie praktyczne zdolno\u015bci.\u00a0<\/p>\n\n\n\n<h3>Zaj\u0119cia dla m\u0142odszych dzieci w szkole j\u0119zykowej w Pile<\/h3>\n\n\n\n<p>Najm\u0142odsi kursanci Leader School ucz\u0105 si\u0119 j\u0119zyka poprzez wykorzystanie wszystkich zmys\u0142\u00f3w, dzi\u0119ki czemu \u0142atwiej im przyswoi\u0107 i zapami\u0119ta\u0107 now\u0105 wiedz\u0119. Nasze kursy j\u0119zykowe dla kilkulatk\u00f3w bawi\u0105 i ucz\u0105 na r\u00f3\u017cne sposoby \u2013 ka\u017cde dziecko znajdzie tu co\u015b, co trafia do niego szczeg\u00f3lnie dobrze. \u0141\u0105czymy przyjemne z po\u017cytecznym \u2013 zaj\u0119cia dla dzieci to \u015bwietny pomys\u0142 na sp\u0119dzenie wolnego czasu, a dodatkow\u0105 korzy\u015bci\u0105 jest oczywi\u015bcie skuteczna nauka.&nbsp;<\/p>\n\n\n\n<h3>W czasie zaj\u0119\u0107 dzieci m\u00f3wi\u0105 i \u015bpiewaj\u0105 w j\u0119zyku obcym podczas licznych gier i zabaw <\/h3>\n\n\n\n<p>P\u0142yn\u0105ca z tego rado\u015b\u0107 jest silnym bod\u017acem do zapami\u0119tywania zupe\u0142nie nowych rzeczy. Z czasem dzieci ucz\u0105 si\u0119 u\u017cywa\u0107 nowego j\u0119zyka w praktyce, co mo\u017ce przyda\u0107 si\u0119 nie tylko na p\u00f3\u017aniejszych etapach edukacji, ale tak\u017ce podczas podr\u00f3\u017cy zagranicznych. Po zako\u0144czonym kursie dzieci s\u0105 w stanie komunikowa\u0107 si\u0119 w j\u0119zyku obcym w jego podstawowym zakresie.\u00a0<\/p>\n\n\n\n<h3>Oferta dla starszych dzieci z Pi\u0142y i okolic<\/h3>\n\n\n\n<p>Na tym etapie nast\u0119puje przej\u015bcie z nauki przedszkolnej do szkolnej. Nieco starsi kursanci poznaj\u0105 powa\u017cniejsze zagadnienia j\u0119zykowe. S\u0105 stopniowo wprowadzani w gramatyk\u0119 oraz trudniejsze s\u0142ownictwo poprzez prezentacje, \u0107wiczenia i powtarzanie bie\u017c\u0105cego materia\u0142u. Jednocze\u015bnie dzieci poznaj\u0105 kultur\u0119 nowych kraj\u00f3w, co buduje ich to\u017csamo\u015b\u0107 z pa\u0144stwami, kt\u00f3rych j\u0119zyka si\u0119 ucz\u0105. Zaj\u0119cia same w sobie s\u0105 fascynuj\u0105c\u0105 podr\u00f3\u017c\u0105, kt\u00f3ra motywuje do dalszej nauki.&nbsp;<\/p>\n\n\n\n<h3>Podczas zaj\u0119\u0107 dla starszych dzieci r\u00f3wnie\u017c znajdzie si\u0119 czas na zabaw\u0119, ale ju\u017c nie tylko<\/h3>\n\n\n\n<p> Tutaj coraz wi\u0119kszy nacisk jest k\u0142adziony na pisanie, bardziej zaawansowane formy gramatyczne i poprawno\u015b\u0107 wypowiedzi. Powa\u017cniejsza nauka jest \u017ar\u00f3d\u0142em ogromnej satysfakcji zar\u00f3wno dla dzieci, jak i rodzic\u00f3w. Zdobyta podczas kursu wiedza pozwoli dzieciom zdoby\u0107 przewag\u0119 podczas lekcji j\u0119zyka obcego w szkole \u2013 opanowanie szkolnego materia\u0142u b\u0119dzie im przychodzi\u0142o du\u017co \u0142atwiej nawet na p\u00f3\u017aniejszych etapach edukacji. Nasze kursy to \u015bwietny wst\u0119p do \u015bwiata j\u0119zyk\u00f3w obcych, kt\u00f3re mog\u0105 sta\u0107 si\u0119 prawdziw\u0105 pasj\u0105 ka\u017cdego dziecka. Nic nie stoi na przeszkodzie, by j\u0119zyk poznawany na kursie by\u0142 drugim j\u0119zykiem obcym.\u00a0<\/p>\n","protected":false},"excerpt":{"rendered":"<p>Jeste\u015b rodzicem i chcesz, aby Twoje dziecko ju\u017c od najm\u0142odszych lat rozwija\u0142o mi\u0142o\u015b\u0107 i pasj\u0119 do j\u0119zyk\u00f3w obcych? W naszej ofercie posiadamy m.in.: angielski, niemiecki, hiszpa\u0144ski i francuski, czyli jedne z najpopularniejszych j\u0119zyk\u00f3w \u015bwiata. Rozwijana od dziecka znajomo\u015b\u0107 j\u0119zyka b\u0119dzie mia\u0142a kolosalny wp\u0142yw na jego p\u00f3\u017aniejsz\u0105 edukacj\u0119 oraz karier\u0119 zawodow\u0105.&nbsp; Edukacja dzieci jest zadaniem niezwykle [&hellip;]<\/p>\n","protected":false},"author":3,"featured_media":0,"parent":0,"menu_order":0,"comment_status":"closed","ping_status":"closed","template":"","meta":{"ngg_post_thumbnail":0},"acf":[],"yoast_head":"<!-- This site is optimized with the Yoast SEO plugin v18.9 - https:\/\/yoast.com\/wordpress\/plugins\/seo\/ -->\n<title>J\u0119zyki \u015bwiata dla dzieci w Pile - Leader School<\/title>\n<meta name=\"robots\" content=\"index, follow, max-snippet:-1, max-image-preview:large, max-video-preview:-1\" \/>\n<link rel=\"canonical\" href=\"https:\/\/leaderschool.pl\/pila\/jezyki-swiata-dla-dzieci\/\" \/>\n<meta property=\"og:locale\" content=\"pl_PL\" \/>\n<meta property=\"og:type\" content=\"article\" \/>\n<meta property=\"og:title\" content=\"J\u0119zyki \u015bwiata dla dzieci w Pile - Leader School\" \/>\n<meta property=\"og:description\" content=\"Jeste\u015b rodzicem i chcesz, aby Twoje dziecko ju\u017c od najm\u0142odszych lat rozwija\u0142o mi\u0142o\u015b\u0107 i pasj\u0119 do j\u0119zyk\u00f3w obcych? W naszej ofercie posiadamy m.in.: angielski, niemiecki, hiszpa\u0144ski i francuski, czyli jedne z najpopularniejszych j\u0119zyk\u00f3w \u015bwiata. Rozwijana od dziecka znajomo\u015b\u0107 j\u0119zyka b\u0119dzie mia\u0142a kolosalny wp\u0142yw na jego p\u00f3\u017aniejsz\u0105 edukacj\u0119 oraz karier\u0119 zawodow\u0105.&nbsp; Edukacja dzieci jest zadaniem niezwykle [&hellip;]\" \/>\n<meta property=\"og:url\" content=\"https:\/\/leaderschool.pl\/pila\/jezyki-swiata-dla-dzieci\/\" \/>\n<meta property=\"og:site_name\" content=\"w Pile - Leader School\" \/>\n<meta property=\"article:modified_time\" content=\"2022-07-28T19:04:41+00:00\" \/>\n<meta name=\"twitter:card\" content=\"summary_large_image\" \/>\n<meta name=\"twitter:label1\" content=\"Szacowany czas czytania\" \/>\n\t<meta name=\"twitter:data1\" content=\"3 minuty\" \/>\n<script type=\"application\/ld+json\" class=\"yoast-schema-graph\">{\"@context\":\"https:\/\/schema.org\",\"@graph\":[{\"@type\":\"WebSite\",\"@id\":\"https:\/\/leaderschool.pl\/pila\/#website\",\"url\":\"https:\/\/leaderschool.pl\/pila\/\",\"name\":\"w Pile - Leader School\",\"description\":\"\",\"potentialAction\":[{\"@type\":\"SearchAction\",\"target\":{\"@type\":\"EntryPoint\",\"urlTemplate\":\"https:\/\/leaderschool.pl\/pila\/?s={search_term_string}\"},\"query-input\":\"required name=search_term_string\"}],\"inLanguage\":\"pl-PL\"},{\"@type\":\"WebPage\",\"@id\":\"https:\/\/leaderschool.pl\/pila\/jezyki-swiata-dla-dzieci\/#webpage\",\"url\":\"https:\/\/leaderschool.pl\/pila\/jezyki-swiata-dla-dzieci\/\",\"name\":\"J\u0119zyki \u015bwiata dla dzieci w Pile - Leader School\",\"isPartOf\":{\"@id\":\"https:\/\/leaderschool.pl\/pila\/#website\"},\"datePublished\":\"2022-07-23T12:28:28+00:00\",\"dateModified\":\"2022-07-28T19:04:41+00:00\",\"breadcrumb\":{\"@id\":\"https:\/\/leaderschool.pl\/pila\/jezyki-swiata-dla-dzieci\/#breadcrumb\"},\"inLanguage\":\"pl-PL\",\"potentialAction\":[{\"@type\":\"ReadAction\",\"target\":[\"https:\/\/leaderschool.pl\/pila\/jezyki-swiata-dla-dzieci\/\"]}]},{\"@type\":\"BreadcrumbList\",\"@id\":\"https:\/\/leaderschool.pl\/pila\/jezyki-swiata-dla-dzieci\/#breadcrumb\",\"itemListElement\":[{\"@type\":\"ListItem\",\"position\":1,\"name\":\"Home\",\"item\":\"https:\/\/leaderschool.pl\/pila\/\"},{\"@type\":\"ListItem\",\"position\":2,\"name\":\"J\u0119zyki \u015bwiata dla dzieci\"}]}]}<\/script>\n<!-- \/ Yoast SEO plugin. -->","yoast_head_json":{"title":"J\u0119zyki \u015bwiata dla dzieci w Pile - Leader School","robots":{"index":"index","follow":"follow","max-snippet":"max-snippet:-1","max-image-preview":"max-image-preview:large","max-video-preview":"max-video-preview:-1"},"canonical":"https:\/\/leaderschool.pl\/pila\/jezyki-swiata-dla-dzieci\/","og_locale":"pl_PL","og_type":"article","og_title":"J\u0119zyki \u015bwiata dla dzieci w Pile - Leader School","og_description":"Jeste\u015b rodzicem i chcesz, aby Twoje dziecko ju\u017c od najm\u0142odszych lat rozwija\u0142o mi\u0142o\u015b\u0107 i pasj\u0119 do j\u0119zyk\u00f3w obcych? W naszej ofercie posiadamy m.in.: angielski, niemiecki, hiszpa\u0144ski i francuski, czyli jedne z najpopularniejszych j\u0119zyk\u00f3w \u015bwiata. Rozwijana od dziecka znajomo\u015b\u0107 j\u0119zyka b\u0119dzie mia\u0142a kolosalny wp\u0142yw na jego p\u00f3\u017aniejsz\u0105 edukacj\u0119 oraz karier\u0119 zawodow\u0105.&nbsp; Edukacja dzieci jest zadaniem niezwykle [&hellip;]","og_url":"https:\/\/leaderschool.pl\/pila\/jezyki-swiata-dla-dzieci\/","og_site_name":"w Pile - Leader School","article_modified_time":"2022-07-28T19:04:41+00:00","twitter_card":"summary_large_image","twitter_misc":{"Szacowany czas czytania":"3 minuty"},"schema":{"@context":"https:\/\/schema.org","@graph":[{"@type":"WebSite","@id":"https:\/\/leaderschool.pl\/pila\/#website","url":"https:\/\/leaderschool.pl\/pila\/","name":"w Pile - Leader School","description":"","potentialAction":[{"@type":"SearchAction","target":{"@type":"EntryPoint","urlTemplate":"https:\/\/leaderschool.pl\/pila\/?s={search_term_string}"},"query-input":"required name=search_term_string"}],"inLanguage":"pl-PL"},{"@type":"WebPage","@id":"https:\/\/leaderschool.pl\/pila\/jezyki-swiata-dla-dzieci\/#webpage","url":"https:\/\/leaderschool.pl\/pila\/jezyki-swiata-dla-dzieci\/","name":"J\u0119zyki \u015bwiata dla dzieci w Pile - Leader School","isPartOf":{"@id":"https:\/\/leaderschool.pl\/pila\/#website"},"datePublished":"2022-07-23T12:28:28+00:00","dateModified":"2022-07-28T19:04:41+00:00","breadcrumb":{"@id":"https:\/\/leaderschool.pl\/pila\/jezyki-swiata-dla-dzieci\/#breadcrumb"},"inLanguage":"pl-PL","potentialAction":[{"@type":"ReadAction","target":["https:\/\/leaderschool.pl\/pila\/jezyki-swiata-dla-dzieci\/"]}]},{"@type":"BreadcrumbList","@id":"https:\/\/leaderschool.pl\/pila\/jezyki-swiata-dla-dzieci\/#breadcrumb","itemListElement":[{"@type":"ListItem","position":1,"name":"Home","item":"https:\/\/leaderschool.pl\/pila\/"},{"@type":"ListItem","position":2,"name":"J\u0119zyki \u015bwiata dla dzieci"}]}]}},"_links":{"self":[{"href":"https:\/\/leaderschool.pl\/pila\/wp-json\/wp\/v2\/pages\/2598"}],"collection":[{"href":"https:\/\/leaderschool.pl\/pila\/wp-json\/wp\/v2\/pages"}],"about":[{"href":"https:\/\/leaderschool.pl\/pila\/wp-json\/wp\/v2\/types\/page"}],"author":[{"embeddable":true,"href":"https:\/\/leaderschool.pl\/pila\/wp-json\/wp\/v2\/users\/3"}],"replies":[{"embeddable":true,"href":"https:\/\/leaderschool.pl\/pila\/wp-json\/wp\/v2\/comments?post=2598"}],"version-history":[{"count":6,"href":"https:\/\/leaderschool.pl\/pila\/wp-json\/wp\/v2\/pages\/2598\/revisions"}],"predecessor-version":[{"id":2664,"href":"https:\/\/leaderschool.pl\/pila\/wp-json\/wp\/v2\/pages\/2598\/revisions\/2664"}],"wp:attachment":[{"href":"https:\/\/leaderschool.pl\/pila\/wp-json\/wp\/v2\/media?parent=2598"}],"curies":[{"name":"wp","href":"https:\/\/api.w.org\/{rel}","templated":true}]}}