{"id":2616,"date":"2022-07-24T15:27:25","date_gmt":"2022-07-24T13:27:25","guid":{"rendered":"https:\/\/leaderschool.sellision.dev\/piaseczno\/?page_id=2616"},"modified":"2022-07-29T17:54:00","modified_gmt":"2022-07-29T15:54:00","slug":"przygotowanie-do-egzaminu-fce","status":"publish","type":"page","link":"https:\/\/leaderschool.pl\/piaseczno\/przygotowanie-do-egzaminu-fce\/","title":{"rendered":"Egzamin FCE"},"content":{"rendered":"\n<p>First Certificate In English (FCE) to najpopularniejszy mi\u0119dzynarodowy egzamin na poziomie \u015brednio-zaawansowanym w Polsce. Uznawany jest on przez wiele uniwersytet\u00f3w oraz instytucji edukacyjnych jako potwierdzenie sprawdzonej znajomo\u015bci j\u0119zyka angielskiego.<\/p>\n\n\n\n<p>Kursy przygotowuj\u0105ce do FCE podzielone s\u0105 na 3 do 7 semestr\u00f3w w zale\u017cno\u015bci od poziomu zaawansowania os\u00f3b w nim uczestnicz\u0105cych.<\/p>\n\n\n\n<p>Poniewa\u017c kurs jest praktycznym przygotowaniem do egzaminu FCE, podczas zaj\u0119\u0107 skupiamy si\u0119 na kompetencjach niezb\u0119dnych do zdania tego egzaminu: umiej\u0119tno\u015bci rozwi\u0105zywania test\u00f3w, pisania tekst\u00f3w, formu\u0142owania wypowiedzi na okre\u015blony temat, a tak\u017ce rozumienia ze s\u0142uchu.<\/p>\n\n\n\n<p>Rozwi\u0105zywanie w czasie zaj\u0119\u0107 zada\u0144 typu egzaminacyjnego sprawia, \u017ce egzamin staje si\u0119 ju\u017c tylko formalno\u015bci\u0105.<\/p>\n\n\n\n<ul><li>FCE to najpopularniejszy mi\u0119dzynarodowy egzamin na poziomie \u015bredniozaawansowanym<\/li><li>FCE uznawany jest przez wiele uniwersytet\u00f3w oraz instytucji edukacyjnych jako spe\u0142nienie wymaga\u0144 znajomo\u015bci j\u0119zyka angielskiego przez kandydat\u00f3w na studia<\/li><li>FCE jest powszechnie uznawany w instytucjach handlowych i przemys\u0142owych na ca\u0142ym \u015bwiecie<\/li><li>FCE zast\u0105pi\u0142 dawny egzamin pa\u0144stwowy z j\u0119zyka angielskiego (wg zarz\u0105dzenia Ministerstwa Edukacji Narodowej)<\/li><li>FCE uznawany jest przez Ministerstwo Edukacji Narodowej jako potwierdzenie znajomo\u015bci j\u0119zyka angielskiego wymaganej od pilot\u00f3w wycieczek<\/li><li>FCE uznawany jest przez Urz\u0105d S\u0142u\u017cby Cywilnej jako potwierdzenie znajomo\u015bci j\u0119zyka angielskiego wymaganej od pracownik\u00f3w polskiej s\u0142u\u017cby cywilnej<\/li><\/ul>\n","protected":false},"excerpt":{"rendered":"<p>First Certificate In English (FCE) to najpopularniejszy mi\u0119dzynarodowy egzamin na poziomie \u015brednio-zaawansowanym w Polsce. Uznawany jest on przez wiele uniwersytet\u00f3w oraz instytucji edukacyjnych jako potwierdzenie sprawdzonej znajomo\u015bci j\u0119zyka angielskiego. Kursy przygotowuj\u0105ce do FCE podzielone s\u0105 na 3 do 7 semestr\u00f3w w zale\u017cno\u015bci od poziomu zaawansowania os\u00f3b w nim uczestnicz\u0105cych. Poniewa\u017c kurs jest praktycznym przygotowaniem do [&hellip;]<\/p>\n","protected":false},"author":3,"featured_media":0,"parent":0,"menu_order":0,"comment_status":"closed","ping_status":"closed","template":"","meta":{"ngg_post_thumbnail":0},"acf":[],"yoast_head":"<!-- This site is optimized with the Yoast SEO plugin v18.9 - https:\/\/yoast.com\/wordpress\/plugins\/seo\/ -->\n<title>Egzamin FCE w Piasecznie - Leader School<\/title>\n<meta name=\"robots\" content=\"index, follow, max-snippet:-1, max-image-preview:large, max-video-preview:-1\" \/>\n<link rel=\"canonical\" href=\"https:\/\/leaderschool.pl\/piaseczno\/przygotowanie-do-egzaminu-fce\/\" \/>\n<meta property=\"og:locale\" content=\"pl_PL\" \/>\n<meta property=\"og:type\" content=\"article\" \/>\n<meta property=\"og:title\" content=\"Egzamin FCE w Piasecznie - Leader School\" \/>\n<meta property=\"og:description\" content=\"First Certificate In English (FCE) to najpopularniejszy mi\u0119dzynarodowy egzamin na poziomie \u015brednio-zaawansowanym w Polsce. Uznawany jest on przez wiele uniwersytet\u00f3w oraz instytucji edukacyjnych jako potwierdzenie sprawdzonej znajomo\u015bci j\u0119zyka angielskiego. Kursy przygotowuj\u0105ce do FCE podzielone s\u0105 na 3 do 7 semestr\u00f3w w zale\u017cno\u015bci od poziomu zaawansowania os\u00f3b w nim uczestnicz\u0105cych. Poniewa\u017c kurs jest praktycznym przygotowaniem do [&hellip;]\" \/>\n<meta property=\"og:url\" content=\"https:\/\/leaderschool.pl\/piaseczno\/przygotowanie-do-egzaminu-fce\/\" \/>\n<meta property=\"og:site_name\" content=\"w Piasecznie - Leader School\" \/>\n<meta property=\"article:modified_time\" content=\"2022-07-29T15:54:00+00:00\" \/>\n<meta name=\"twitter:card\" content=\"summary_large_image\" \/>\n<meta name=\"twitter:label1\" content=\"Szacowany czas czytania\" \/>\n\t<meta name=\"twitter:data1\" content=\"2 minuty\" \/>\n<script type=\"application\/ld+json\" class=\"yoast-schema-graph\">{\"@context\":\"https:\/\/schema.org\",\"@graph\":[{\"@type\":\"WebSite\",\"@id\":\"https:\/\/leaderschool.pl\/piaseczno\/#website\",\"url\":\"https:\/\/leaderschool.pl\/piaseczno\/\",\"name\":\"w Piasecznie - Leader School\",\"description\":\"\",\"potentialAction\":[{\"@type\":\"SearchAction\",\"target\":{\"@type\":\"EntryPoint\",\"urlTemplate\":\"https:\/\/leaderschool.pl\/piaseczno\/?s={search_term_string}\"},\"query-input\":\"required name=search_term_string\"}],\"inLanguage\":\"pl-PL\"},{\"@type\":\"WebPage\",\"@id\":\"https:\/\/leaderschool.pl\/piaseczno\/przygotowanie-do-egzaminu-fce\/#webpage\",\"url\":\"https:\/\/leaderschool.pl\/piaseczno\/przygotowanie-do-egzaminu-fce\/\",\"name\":\"Egzamin FCE w Piasecznie - Leader School\",\"isPartOf\":{\"@id\":\"https:\/\/leaderschool.pl\/piaseczno\/#website\"},\"datePublished\":\"2022-07-24T13:27:25+00:00\",\"dateModified\":\"2022-07-29T15:54:00+00:00\",\"breadcrumb\":{\"@id\":\"https:\/\/leaderschool.pl\/piaseczno\/przygotowanie-do-egzaminu-fce\/#breadcrumb\"},\"inLanguage\":\"pl-PL\",\"potentialAction\":[{\"@type\":\"ReadAction\",\"target\":[\"https:\/\/leaderschool.pl\/piaseczno\/przygotowanie-do-egzaminu-fce\/\"]}]},{\"@type\":\"BreadcrumbList\",\"@id\":\"https:\/\/leaderschool.pl\/piaseczno\/przygotowanie-do-egzaminu-fce\/#breadcrumb\",\"itemListElement\":[{\"@type\":\"ListItem\",\"position\":1,\"name\":\"Home\",\"item\":\"https:\/\/leaderschool.pl\/piaseczno\/\"},{\"@type\":\"ListItem\",\"position\":2,\"name\":\"Egzamin FCE\"}]}]}<\/script>\n<!-- \/ Yoast SEO plugin. -->","yoast_head_json":{"title":"Egzamin FCE w Piasecznie - Leader School","robots":{"index":"index","follow":"follow","max-snippet":"max-snippet:-1","max-image-preview":"max-image-preview:large","max-video-preview":"max-video-preview:-1"},"canonical":"https:\/\/leaderschool.pl\/piaseczno\/przygotowanie-do-egzaminu-fce\/","og_locale":"pl_PL","og_type":"article","og_title":"Egzamin FCE w Piasecznie - Leader School","og_description":"First Certificate In English (FCE) to najpopularniejszy mi\u0119dzynarodowy egzamin na poziomie \u015brednio-zaawansowanym w Polsce. Uznawany jest on przez wiele uniwersytet\u00f3w oraz instytucji edukacyjnych jako potwierdzenie sprawdzonej znajomo\u015bci j\u0119zyka angielskiego. Kursy przygotowuj\u0105ce do FCE podzielone s\u0105 na 3 do 7 semestr\u00f3w w zale\u017cno\u015bci od poziomu zaawansowania os\u00f3b w nim uczestnicz\u0105cych. Poniewa\u017c kurs jest praktycznym przygotowaniem do [&hellip;]","og_url":"https:\/\/leaderschool.pl\/piaseczno\/przygotowanie-do-egzaminu-fce\/","og_site_name":"w Piasecznie - Leader School","article_modified_time":"2022-07-29T15:54:00+00:00","twitter_card":"summary_large_image","twitter_misc":{"Szacowany czas czytania":"2 minuty"},"schema":{"@context":"https:\/\/schema.org","@graph":[{"@type":"WebSite","@id":"https:\/\/leaderschool.pl\/piaseczno\/#website","url":"https:\/\/leaderschool.pl\/piaseczno\/","name":"w Piasecznie - Leader School","description":"","potentialAction":[{"@type":"SearchAction","target":{"@type":"EntryPoint","urlTemplate":"https:\/\/leaderschool.pl\/piaseczno\/?s={search_term_string}"},"query-input":"required name=search_term_string"}],"inLanguage":"pl-PL"},{"@type":"WebPage","@id":"https:\/\/leaderschool.pl\/piaseczno\/przygotowanie-do-egzaminu-fce\/#webpage","url":"https:\/\/leaderschool.pl\/piaseczno\/przygotowanie-do-egzaminu-fce\/","name":"Egzamin FCE w Piasecznie - Leader School","isPartOf":{"@id":"https:\/\/leaderschool.pl\/piaseczno\/#website"},"datePublished":"2022-07-24T13:27:25+00:00","dateModified":"2022-07-29T15:54:00+00:00","breadcrumb":{"@id":"https:\/\/leaderschool.pl\/piaseczno\/przygotowanie-do-egzaminu-fce\/#breadcrumb"},"inLanguage":"pl-PL","potentialAction":[{"@type":"ReadAction","target":["https:\/\/leaderschool.pl\/piaseczno\/przygotowanie-do-egzaminu-fce\/"]}]},{"@type":"BreadcrumbList","@id":"https:\/\/leaderschool.pl\/piaseczno\/przygotowanie-do-egzaminu-fce\/#breadcrumb","itemListElement":[{"@type":"ListItem","position":1,"name":"Home","item":"https:\/\/leaderschool.pl\/piaseczno\/"},{"@type":"ListItem","position":2,"name":"Egzamin FCE"}]}]}},"_links":{"self":[{"href":"https:\/\/leaderschool.pl\/piaseczno\/wp-json\/wp\/v2\/pages\/2616"}],"collection":[{"href":"https:\/\/leaderschool.pl\/piaseczno\/wp-json\/wp\/v2\/pages"}],"about":[{"href":"https:\/\/leaderschool.pl\/piaseczno\/wp-json\/wp\/v2\/types\/page"}],"author":[{"embeddable":true,"href":"https:\/\/leaderschool.pl\/piaseczno\/wp-json\/wp\/v2\/users\/3"}],"replies":[{"embeddable":true,"href":"https:\/\/leaderschool.pl\/piaseczno\/wp-json\/wp\/v2\/comments?post=2616"}],"version-history":[{"count":2,"href":"https:\/\/leaderschool.pl\/piaseczno\/wp-json\/wp\/v2\/pages\/2616\/revisions"}],"predecessor-version":[{"id":2641,"href":"https:\/\/leaderschool.pl\/piaseczno\/wp-json\/wp\/v2\/pages\/2616\/revisions\/2641"}],"wp:attachment":[{"href":"https:\/\/leaderschool.pl\/piaseczno\/wp-json\/wp\/v2\/media?parent=2616"}],"curies":[{"name":"wp","href":"https:\/\/api.w.org\/{rel}","templated":true}]}}