{"id":2614,"date":"2022-07-24T15:26:55","date_gmt":"2022-07-24T13:26:55","guid":{"rendered":"https:\/\/leaderschool.sellision.dev\/piaseczno\/?page_id=2614"},"modified":"2022-07-29T17:54:09","modified_gmt":"2022-07-29T15:54:09","slug":"przygotowanie-do-egzaminu-cpe","status":"publish","type":"page","link":"https:\/\/leaderschool.pl\/piaseczno\/przygotowanie-do-egzaminu-cpe\/","title":{"rendered":"Egzamin CPE"},"content":{"rendered":"\n<p>Certificate of Proficiency in English (CPE) \u2013 najwy\u017cszy stopniem spo\u015br\u00f3d angielskich certyfikat\u00f3w j\u0119zykowych, potwierdzaj\u0105cy znajomo\u015b\u0107 j\u0119zyka angielskiego na poziomie bieg\u0142ym, wydawany przez University of Cambridge Local Examinations Syndicate.<br>Kurs przeznaczony dla os\u00f3b biegle w\u0142adaj\u0105cych j\u0119zykiem angielskim, pragn\u0105cych zbli\u017cy\u0107 si\u0119 w swoich mo\u017cliwo\u015bciach do poziomu \u201enative speaker\u00f3w&#8221;. Uczestnik musi reprezentowa\u0107 bardzo dobre znajomo\u015bci j\u0119zyka w zakresie wszystkich umiej\u0119tno\u015bci. Kurs wymaga du\u017cego wk\u0142adu pracy w\u0142asnej, bezpo\u015brednio przygotowuje do egzaminu CPE.<br>Osoba pos\u0142uguj\u0105ca si\u0119 j\u0119zykiem na tym poziomie mo\u017ce z \u0142atwo\u015bci\u0105 zrozumie\u0107 praktycznie wszystko, co us\u0142yszy lub przeczyta. Potrafi streszcza\u0107 informacje z innych \u017ar\u00f3de\u0142, pisanych lub m\u00f3wionych w spos\u00f3b sp\u00f3jny odtwarzaj\u0105c zawarte w nich tezy i wyja\u015bnienia. Potrafi wyra\u017ca\u0107 swoje my\u015bli bardzo p\u0142ynnie, spontanicznie i precyzyjnie, subtelnie r\u00f3\u017cnicuj\u0105c odcienie znaczeniowe nawet w bardziej z\u0142o\u017conych wypowiedziach.<br>Posiadanie certyfikatu CPE pozwala na automatyczne zaliczenie lektoratu na studiach, umo\u017cliwia podj\u0119cie nauki za granic\u0105, a tak\u017ce znacznie u\u0142atatwia otwarcie w\u0142asnego biura t\u0142umacze\u0144.<br>Egzamin odbywa si\u0119 w formie testu z\u0142o\u017conego z czterech cz\u0119\u015bci:<br>-Reading and Use of English (1 godzina 30 minut) \u2013 czytanie ze zrozumieniem i test gramatyczno-leksykalny<br>-Writing (1 godzina 30 minut) \u2013 pisanie<br>-Listening (40 minut) \u2013 s\u0142uchanie<br>-Speaking (ok. 16 minut dla dw\u00f3ch kandydat\u00f3w) \u2013 m\u00f3wienie<br>Na podstawie wyniku testu wydawane s\u0105 oceny pozytywne A (Very Good), B (Good) i C (Pass), oraz oceny negatywne D i E. Aby zda\u0107 egzamin na ocen\u0119 C, kandydat musi zdoby\u0107 co najmniej 60% wszystkich punkt\u00f3w.<\/p>\n\n\n\n<p>Egzamin CPE &#8211; korzy\u015bci:<\/p>\n\n\n\n<ul><li>CPE to uznawany na ca\u0142ym \u015bwiecie certyfikat z j\u0119zyka angielskiego na poziomie bieg\u0142o\u015bci j\u0119zykowej<\/li><li>CPE nale\u017cy do grupy egzamin\u00f3w uznawanych przez MEN na prawach dawnego egzaminu pa\u0144stwowego z j\u0119zyka angielskiego<\/li><li>CPE jest honorowany przez Urz\u0105d S\u0142u\u017cby Cywilnej jako udokumentowanie kwalifikacji j\u0119zykowych wymaganych od pracownik\u00f3w polskiej s\u0142u\u017cby cywilnej<\/li><li>CPE jest uznawany przez MEN jako domument \u015bwiadcz\u0105cy o znajomo\u015bci j\u0119zyka angielskiego wymaganej od pracownik\u00f3w ministerstwa, udokumentowanie kwalifikacji j\u0119zykowych przewodnik\u00f3w turystycznych oraz pilot\u00f3w wycieczek, a tak\u017ce udokumentowanie kwalifikacji j\u0119zykowych przekwalifikuj\u0105cych si\u0119 nauczycieli<\/li><li>CPE jest szeroko uznawany w handlu i przemy\u015ble na ca\u0142ym \u015bwiecie<\/li><li>CPE spe\u0142nia wymagania j\u0119zykowe stawiane przez wiele angloj\u0119zycznych uniwersytet\u00f3w i instytucji edukacyjnych przy rekrutacji student\u00f3w<\/li><li>Certyfikat CPE jest wa\u017cny bezterminowo<\/li><\/ul>\n","protected":false},"excerpt":{"rendered":"<p>Certificate of Proficiency in English (CPE) \u2013 najwy\u017cszy stopniem spo\u015br\u00f3d angielskich certyfikat\u00f3w j\u0119zykowych, potwierdzaj\u0105cy znajomo\u015b\u0107 j\u0119zyka angielskiego na poziomie bieg\u0142ym, wydawany przez University of Cambridge Local Examinations Syndicate.Kurs przeznaczony dla os\u00f3b biegle w\u0142adaj\u0105cych j\u0119zykiem angielskim, pragn\u0105cych zbli\u017cy\u0107 si\u0119 w swoich mo\u017cliwo\u015bciach do poziomu \u201enative speaker\u00f3w&#8221;. Uczestnik musi reprezentowa\u0107 bardzo dobre znajomo\u015bci j\u0119zyka w zakresie wszystkich [&hellip;]<\/p>\n","protected":false},"author":3,"featured_media":0,"parent":0,"menu_order":0,"comment_status":"closed","ping_status":"closed","template":"","meta":{"ngg_post_thumbnail":0},"acf":[],"yoast_head":"<!-- This site is optimized with the Yoast SEO plugin v18.9 - https:\/\/yoast.com\/wordpress\/plugins\/seo\/ -->\n<title>Egzamin CPE w Piasecznie - Leader School<\/title>\n<meta name=\"robots\" content=\"index, follow, max-snippet:-1, max-image-preview:large, max-video-preview:-1\" \/>\n<link rel=\"canonical\" href=\"https:\/\/leaderschool.pl\/piaseczno\/przygotowanie-do-egzaminu-cpe\/\" \/>\n<meta property=\"og:locale\" content=\"pl_PL\" \/>\n<meta property=\"og:type\" content=\"article\" \/>\n<meta property=\"og:title\" content=\"Egzamin CPE w Piasecznie - Leader School\" \/>\n<meta property=\"og:description\" content=\"Certificate of Proficiency in English (CPE) \u2013 najwy\u017cszy stopniem spo\u015br\u00f3d angielskich certyfikat\u00f3w j\u0119zykowych, potwierdzaj\u0105cy znajomo\u015b\u0107 j\u0119zyka angielskiego na poziomie bieg\u0142ym, wydawany przez University of Cambridge Local Examinations Syndicate.Kurs przeznaczony dla os\u00f3b biegle w\u0142adaj\u0105cych j\u0119zykiem angielskim, pragn\u0105cych zbli\u017cy\u0107 si\u0119 w swoich mo\u017cliwo\u015bciach do poziomu \u201enative speaker\u00f3w&#8221;. Uczestnik musi reprezentowa\u0107 bardzo dobre znajomo\u015bci j\u0119zyka w zakresie wszystkich [&hellip;]\" \/>\n<meta property=\"og:url\" content=\"https:\/\/leaderschool.pl\/piaseczno\/przygotowanie-do-egzaminu-cpe\/\" \/>\n<meta property=\"og:site_name\" content=\"w Piasecznie - Leader School\" \/>\n<meta property=\"article:modified_time\" content=\"2022-07-29T15:54:09+00:00\" \/>\n<meta name=\"twitter:card\" content=\"summary_large_image\" \/>\n<meta name=\"twitter:label1\" content=\"Szacowany czas czytania\" \/>\n\t<meta name=\"twitter:data1\" content=\"3 minuty\" \/>\n<script type=\"application\/ld+json\" class=\"yoast-schema-graph\">{\"@context\":\"https:\/\/schema.org\",\"@graph\":[{\"@type\":\"WebSite\",\"@id\":\"https:\/\/leaderschool.pl\/piaseczno\/#website\",\"url\":\"https:\/\/leaderschool.pl\/piaseczno\/\",\"name\":\"w Piasecznie - Leader School\",\"description\":\"\",\"potentialAction\":[{\"@type\":\"SearchAction\",\"target\":{\"@type\":\"EntryPoint\",\"urlTemplate\":\"https:\/\/leaderschool.pl\/piaseczno\/?s={search_term_string}\"},\"query-input\":\"required name=search_term_string\"}],\"inLanguage\":\"pl-PL\"},{\"@type\":\"WebPage\",\"@id\":\"https:\/\/leaderschool.pl\/piaseczno\/przygotowanie-do-egzaminu-cpe\/#webpage\",\"url\":\"https:\/\/leaderschool.pl\/piaseczno\/przygotowanie-do-egzaminu-cpe\/\",\"name\":\"Egzamin CPE w Piasecznie - Leader School\",\"isPartOf\":{\"@id\":\"https:\/\/leaderschool.pl\/piaseczno\/#website\"},\"datePublished\":\"2022-07-24T13:26:55+00:00\",\"dateModified\":\"2022-07-29T15:54:09+00:00\",\"breadcrumb\":{\"@id\":\"https:\/\/leaderschool.pl\/piaseczno\/przygotowanie-do-egzaminu-cpe\/#breadcrumb\"},\"inLanguage\":\"pl-PL\",\"potentialAction\":[{\"@type\":\"ReadAction\",\"target\":[\"https:\/\/leaderschool.pl\/piaseczno\/przygotowanie-do-egzaminu-cpe\/\"]}]},{\"@type\":\"BreadcrumbList\",\"@id\":\"https:\/\/leaderschool.pl\/piaseczno\/przygotowanie-do-egzaminu-cpe\/#breadcrumb\",\"itemListElement\":[{\"@type\":\"ListItem\",\"position\":1,\"name\":\"Home\",\"item\":\"https:\/\/leaderschool.pl\/piaseczno\/\"},{\"@type\":\"ListItem\",\"position\":2,\"name\":\"Egzamin CPE\"}]}]}<\/script>\n<!-- \/ Yoast SEO plugin. -->","yoast_head_json":{"title":"Egzamin CPE w Piasecznie - Leader School","robots":{"index":"index","follow":"follow","max-snippet":"max-snippet:-1","max-image-preview":"max-image-preview:large","max-video-preview":"max-video-preview:-1"},"canonical":"https:\/\/leaderschool.pl\/piaseczno\/przygotowanie-do-egzaminu-cpe\/","og_locale":"pl_PL","og_type":"article","og_title":"Egzamin CPE w Piasecznie - Leader School","og_description":"Certificate of Proficiency in English (CPE) \u2013 najwy\u017cszy stopniem spo\u015br\u00f3d angielskich certyfikat\u00f3w j\u0119zykowych, potwierdzaj\u0105cy znajomo\u015b\u0107 j\u0119zyka angielskiego na poziomie bieg\u0142ym, wydawany przez University of Cambridge Local Examinations Syndicate.Kurs przeznaczony dla os\u00f3b biegle w\u0142adaj\u0105cych j\u0119zykiem angielskim, pragn\u0105cych zbli\u017cy\u0107 si\u0119 w swoich mo\u017cliwo\u015bciach do poziomu \u201enative speaker\u00f3w&#8221;. Uczestnik musi reprezentowa\u0107 bardzo dobre znajomo\u015bci j\u0119zyka w zakresie wszystkich [&hellip;]","og_url":"https:\/\/leaderschool.pl\/piaseczno\/przygotowanie-do-egzaminu-cpe\/","og_site_name":"w Piasecznie - Leader School","article_modified_time":"2022-07-29T15:54:09+00:00","twitter_card":"summary_large_image","twitter_misc":{"Szacowany czas czytania":"3 minuty"},"schema":{"@context":"https:\/\/schema.org","@graph":[{"@type":"WebSite","@id":"https:\/\/leaderschool.pl\/piaseczno\/#website","url":"https:\/\/leaderschool.pl\/piaseczno\/","name":"w Piasecznie - Leader School","description":"","potentialAction":[{"@type":"SearchAction","target":{"@type":"EntryPoint","urlTemplate":"https:\/\/leaderschool.pl\/piaseczno\/?s={search_term_string}"},"query-input":"required name=search_term_string"}],"inLanguage":"pl-PL"},{"@type":"WebPage","@id":"https:\/\/leaderschool.pl\/piaseczno\/przygotowanie-do-egzaminu-cpe\/#webpage","url":"https:\/\/leaderschool.pl\/piaseczno\/przygotowanie-do-egzaminu-cpe\/","name":"Egzamin CPE w Piasecznie - Leader School","isPartOf":{"@id":"https:\/\/leaderschool.pl\/piaseczno\/#website"},"datePublished":"2022-07-24T13:26:55+00:00","dateModified":"2022-07-29T15:54:09+00:00","breadcrumb":{"@id":"https:\/\/leaderschool.pl\/piaseczno\/przygotowanie-do-egzaminu-cpe\/#breadcrumb"},"inLanguage":"pl-PL","potentialAction":[{"@type":"ReadAction","target":["https:\/\/leaderschool.pl\/piaseczno\/przygotowanie-do-egzaminu-cpe\/"]}]},{"@type":"BreadcrumbList","@id":"https:\/\/leaderschool.pl\/piaseczno\/przygotowanie-do-egzaminu-cpe\/#breadcrumb","itemListElement":[{"@type":"ListItem","position":1,"name":"Home","item":"https:\/\/leaderschool.pl\/piaseczno\/"},{"@type":"ListItem","position":2,"name":"Egzamin CPE"}]}]}},"_links":{"self":[{"href":"https:\/\/leaderschool.pl\/piaseczno\/wp-json\/wp\/v2\/pages\/2614"}],"collection":[{"href":"https:\/\/leaderschool.pl\/piaseczno\/wp-json\/wp\/v2\/pages"}],"about":[{"href":"https:\/\/leaderschool.pl\/piaseczno\/wp-json\/wp\/v2\/types\/page"}],"author":[{"embeddable":true,"href":"https:\/\/leaderschool.pl\/piaseczno\/wp-json\/wp\/v2\/users\/3"}],"replies":[{"embeddable":true,"href":"https:\/\/leaderschool.pl\/piaseczno\/wp-json\/wp\/v2\/comments?post=2614"}],"version-history":[{"count":2,"href":"https:\/\/leaderschool.pl\/piaseczno\/wp-json\/wp\/v2\/pages\/2614\/revisions"}],"predecessor-version":[{"id":2642,"href":"https:\/\/leaderschool.pl\/piaseczno\/wp-json\/wp\/v2\/pages\/2614\/revisions\/2642"}],"wp:attachment":[{"href":"https:\/\/leaderschool.pl\/piaseczno\/wp-json\/wp\/v2\/media?parent=2614"}],"curies":[{"name":"wp","href":"https:\/\/api.w.org\/{rel}","templated":true}]}}