{"id":2612,"date":"2022-07-24T15:26:20","date_gmt":"2022-07-24T13:26:20","guid":{"rendered":"https:\/\/leaderschool.sellision.dev\/piaseczno\/?page_id=2612"},"modified":"2022-07-29T17:53:54","modified_gmt":"2022-07-29T15:53:54","slug":"przygotowanie-do-egzaminu-cae","status":"publish","type":"page","link":"https:\/\/leaderschool.pl\/piaseczno\/przygotowanie-do-egzaminu-cae\/","title":{"rendered":"Egzamin CAE"},"content":{"rendered":"\n<p>Certificate in Advanced English (CAE) \u2013 jeden z najpopularniejszych angielskich certyfikat\u00f3w j\u0119zykowych na poziomie zaawansowanym, z naciskiem na umiej\u0119tno\u015bci praktyczne, wydawanych przez University of Cambridge Local Examinations Syndicate na podstawie testu.<br>Od grudnia 2008 roku egzamin sk\u0142ada si\u0119 z nast\u0119puj\u0105cych cz\u0119\u015bci:<\/p>\n\n\n\n<ul><li>Reading \u2013 czytanie ze zrozumieniem, rodzaje tekst\u00f3w to: artyku\u0142y, narracja, raporty, wywiady. W sumie teksty maj\u0105 razem ok. 3 000 s\u0142\u00f3w. Trwa 1h 15 min<\/li><li>Writing \u2013 pisanie. W tej cz\u0119\u015bci nale\u017cy stworzy\u0107 w\u0142asne teksty w j\u0119zyku angielskim na zadane tematy. Typy wypracowa\u0144 do napisania to: notatka, list oficjalny, list nieoficjalny, praca na konkurs, raport, propozycja, rozprawka, artyku\u0142, opowiadanie, recenzja. Trwa 1 h 30 minut<\/li><li>Use of English \u2013 test gramatyczno-leksykalny. Testuje znajomo\u015b\u0107 kolokacji, s\u0142ownictwa i gramatyki. Trwa 1h<\/li><li>Listening \u2013 s\u0142uchanie. Sk\u0142ada si\u0119 z 4 nagra\u0144, ka\u017cde odtwarzane dwukrotnie. Zadanie polega na wype\u0142nieniu pustych miejsc lub przyporz\u0105dkowaniu postaci i ich opinii wypowiedziom us\u0142yszanym z ta\u015bmy, czy te\u017c wybraniu poprawnej odpowiedzi (z czterech mo\u017cliwych) na pytania zwi\u0105zane z us\u0142yszanym nagraniem. Trwa ok. 40 minut<\/li><li>Speaking \u2013 m\u00f3wienie. Dzieli si\u0119 na 4 cz\u0119\u015bci: kr\u00f3tka konwersacja z egzaminatorem, opis materia\u0142\u00f3w stymuluj\u0105cych, dialog pomi\u0119dzy zdaj\u0105cymi na podstawie materia\u0142u stymuluj\u0105cego, dyskusja na temat zwi\u0105zany z cz\u0119\u015bci\u0105 trzeci\u0105. Trwa ono ok. 14\u201315 minut, odbywa si\u0119 w parach, jako jedyna cz\u0119\u015b\u0107 egzaminu nie jest oceniana w Cambridge<\/li><\/ul>\n\n\n\n<p>Za ka\u017cd\u0105 cz\u0119\u015b\u0107 mo\u017cna uzyska\u0107 po tyle samo punkt\u00f3w. Punkty do zdobycia z ka\u017cdej cz\u0119\u015bci przelicza si\u0119 na 40 pkt., czyli maksymalnie mo\u017cna uzyska\u0107 200 pkt.<br>Na podstawie testu wydawane s\u0105 oceny pozytywne A, B i C, oraz oceny negatywne D i E. Aby zda\u0107 egzamin na ocen\u0119 C, kandydat musi zdoby\u0107 co najmniej 60% wszystkich punkt\u00f3w.<br>Egzamin jest organizowany w trzech sesjach: wiosennej (marzec), letniej (maj\u2013czerwiec) i zimowej (listopad\u2013grudzie\u0144).<br>Egzamin ten zosta\u0142 wprowadzony w 1991 roku.<br>W Polsce osoba, kt\u00f3ra uzyska\u0142a certyfikat CAE oraz legitymowa\u0142a si\u0119 dyplomem uko\u0144czenia studi\u00f3w II stopnia, wy\u017cszych zawodowych na dowolnym kierunku, a ponadto posiada\u0142a przygotowanie pedagogiczne, lub legitymowa\u0142a si\u0119 dyplomem uko\u0144czenia zak\u0142adu kszta\u0142cenia nauczycieli mog\u0142a zosta\u0107 zatrudniona na stanowisku nauczyciela j\u0119zyka angielskiego w polskich szko\u0142ach.<\/p>\n","protected":false},"excerpt":{"rendered":"<p>Certificate in Advanced English (CAE) \u2013 jeden z najpopularniejszych angielskich certyfikat\u00f3w j\u0119zykowych na poziomie zaawansowanym, z naciskiem na umiej\u0119tno\u015bci praktyczne, wydawanych przez University of Cambridge Local Examinations Syndicate na podstawie testu.Od grudnia 2008 roku egzamin sk\u0142ada si\u0119 z nast\u0119puj\u0105cych cz\u0119\u015bci: Reading \u2013 czytanie ze zrozumieniem, rodzaje tekst\u00f3w to: artyku\u0142y, narracja, raporty, wywiady. W sumie teksty [&hellip;]<\/p>\n","protected":false},"author":3,"featured_media":0,"parent":0,"menu_order":0,"comment_status":"closed","ping_status":"closed","template":"","meta":{"ngg_post_thumbnail":0},"acf":[],"yoast_head":"<!-- This site is optimized with the Yoast SEO plugin v18.9 - https:\/\/yoast.com\/wordpress\/plugins\/seo\/ -->\n<title>Egzamin CAE w Piasecznie - Leader School<\/title>\n<meta name=\"robots\" content=\"index, follow, max-snippet:-1, max-image-preview:large, max-video-preview:-1\" \/>\n<link rel=\"canonical\" href=\"https:\/\/leaderschool.pl\/piaseczno\/przygotowanie-do-egzaminu-cae\/\" \/>\n<meta property=\"og:locale\" content=\"pl_PL\" \/>\n<meta property=\"og:type\" content=\"article\" \/>\n<meta property=\"og:title\" content=\"Egzamin CAE w Piasecznie - Leader School\" \/>\n<meta property=\"og:description\" content=\"Certificate in Advanced English (CAE) \u2013 jeden z najpopularniejszych angielskich certyfikat\u00f3w j\u0119zykowych na poziomie zaawansowanym, z naciskiem na umiej\u0119tno\u015bci praktyczne, wydawanych przez University of Cambridge Local Examinations Syndicate na podstawie testu.Od grudnia 2008 roku egzamin sk\u0142ada si\u0119 z nast\u0119puj\u0105cych cz\u0119\u015bci: Reading \u2013 czytanie ze zrozumieniem, rodzaje tekst\u00f3w to: artyku\u0142y, narracja, raporty, wywiady. W sumie teksty [&hellip;]\" \/>\n<meta property=\"og:url\" content=\"https:\/\/leaderschool.pl\/piaseczno\/przygotowanie-do-egzaminu-cae\/\" \/>\n<meta property=\"og:site_name\" content=\"w Piasecznie - Leader School\" \/>\n<meta property=\"article:modified_time\" content=\"2022-07-29T15:53:54+00:00\" \/>\n<meta name=\"twitter:card\" content=\"summary_large_image\" \/>\n<meta name=\"twitter:label1\" content=\"Szacowany czas czytania\" \/>\n\t<meta name=\"twitter:data1\" content=\"2 minuty\" \/>\n<script type=\"application\/ld+json\" class=\"yoast-schema-graph\">{\"@context\":\"https:\/\/schema.org\",\"@graph\":[{\"@type\":\"WebSite\",\"@id\":\"https:\/\/leaderschool.pl\/piaseczno\/#website\",\"url\":\"https:\/\/leaderschool.pl\/piaseczno\/\",\"name\":\"w Piasecznie - Leader School\",\"description\":\"\",\"potentialAction\":[{\"@type\":\"SearchAction\",\"target\":{\"@type\":\"EntryPoint\",\"urlTemplate\":\"https:\/\/leaderschool.pl\/piaseczno\/?s={search_term_string}\"},\"query-input\":\"required name=search_term_string\"}],\"inLanguage\":\"pl-PL\"},{\"@type\":\"WebPage\",\"@id\":\"https:\/\/leaderschool.pl\/piaseczno\/przygotowanie-do-egzaminu-cae\/#webpage\",\"url\":\"https:\/\/leaderschool.pl\/piaseczno\/przygotowanie-do-egzaminu-cae\/\",\"name\":\"Egzamin CAE w Piasecznie - Leader School\",\"isPartOf\":{\"@id\":\"https:\/\/leaderschool.pl\/piaseczno\/#website\"},\"datePublished\":\"2022-07-24T13:26:20+00:00\",\"dateModified\":\"2022-07-29T15:53:54+00:00\",\"breadcrumb\":{\"@id\":\"https:\/\/leaderschool.pl\/piaseczno\/przygotowanie-do-egzaminu-cae\/#breadcrumb\"},\"inLanguage\":\"pl-PL\",\"potentialAction\":[{\"@type\":\"ReadAction\",\"target\":[\"https:\/\/leaderschool.pl\/piaseczno\/przygotowanie-do-egzaminu-cae\/\"]}]},{\"@type\":\"BreadcrumbList\",\"@id\":\"https:\/\/leaderschool.pl\/piaseczno\/przygotowanie-do-egzaminu-cae\/#breadcrumb\",\"itemListElement\":[{\"@type\":\"ListItem\",\"position\":1,\"name\":\"Home\",\"item\":\"https:\/\/leaderschool.pl\/piaseczno\/\"},{\"@type\":\"ListItem\",\"position\":2,\"name\":\"Egzamin CAE\"}]}]}<\/script>\n<!-- \/ Yoast SEO plugin. -->","yoast_head_json":{"title":"Egzamin CAE w Piasecznie - Leader School","robots":{"index":"index","follow":"follow","max-snippet":"max-snippet:-1","max-image-preview":"max-image-preview:large","max-video-preview":"max-video-preview:-1"},"canonical":"https:\/\/leaderschool.pl\/piaseczno\/przygotowanie-do-egzaminu-cae\/","og_locale":"pl_PL","og_type":"article","og_title":"Egzamin CAE w Piasecznie - Leader School","og_description":"Certificate in Advanced English (CAE) \u2013 jeden z najpopularniejszych angielskich certyfikat\u00f3w j\u0119zykowych na poziomie zaawansowanym, z naciskiem na umiej\u0119tno\u015bci praktyczne, wydawanych przez University of Cambridge Local Examinations Syndicate na podstawie testu.Od grudnia 2008 roku egzamin sk\u0142ada si\u0119 z nast\u0119puj\u0105cych cz\u0119\u015bci: Reading \u2013 czytanie ze zrozumieniem, rodzaje tekst\u00f3w to: artyku\u0142y, narracja, raporty, wywiady. W sumie teksty [&hellip;]","og_url":"https:\/\/leaderschool.pl\/piaseczno\/przygotowanie-do-egzaminu-cae\/","og_site_name":"w Piasecznie - Leader School","article_modified_time":"2022-07-29T15:53:54+00:00","twitter_card":"summary_large_image","twitter_misc":{"Szacowany czas czytania":"2 minuty"},"schema":{"@context":"https:\/\/schema.org","@graph":[{"@type":"WebSite","@id":"https:\/\/leaderschool.pl\/piaseczno\/#website","url":"https:\/\/leaderschool.pl\/piaseczno\/","name":"w Piasecznie - Leader School","description":"","potentialAction":[{"@type":"SearchAction","target":{"@type":"EntryPoint","urlTemplate":"https:\/\/leaderschool.pl\/piaseczno\/?s={search_term_string}"},"query-input":"required name=search_term_string"}],"inLanguage":"pl-PL"},{"@type":"WebPage","@id":"https:\/\/leaderschool.pl\/piaseczno\/przygotowanie-do-egzaminu-cae\/#webpage","url":"https:\/\/leaderschool.pl\/piaseczno\/przygotowanie-do-egzaminu-cae\/","name":"Egzamin CAE w Piasecznie - Leader School","isPartOf":{"@id":"https:\/\/leaderschool.pl\/piaseczno\/#website"},"datePublished":"2022-07-24T13:26:20+00:00","dateModified":"2022-07-29T15:53:54+00:00","breadcrumb":{"@id":"https:\/\/leaderschool.pl\/piaseczno\/przygotowanie-do-egzaminu-cae\/#breadcrumb"},"inLanguage":"pl-PL","potentialAction":[{"@type":"ReadAction","target":["https:\/\/leaderschool.pl\/piaseczno\/przygotowanie-do-egzaminu-cae\/"]}]},{"@type":"BreadcrumbList","@id":"https:\/\/leaderschool.pl\/piaseczno\/przygotowanie-do-egzaminu-cae\/#breadcrumb","itemListElement":[{"@type":"ListItem","position":1,"name":"Home","item":"https:\/\/leaderschool.pl\/piaseczno\/"},{"@type":"ListItem","position":2,"name":"Egzamin CAE"}]}]}},"_links":{"self":[{"href":"https:\/\/leaderschool.pl\/piaseczno\/wp-json\/wp\/v2\/pages\/2612"}],"collection":[{"href":"https:\/\/leaderschool.pl\/piaseczno\/wp-json\/wp\/v2\/pages"}],"about":[{"href":"https:\/\/leaderschool.pl\/piaseczno\/wp-json\/wp\/v2\/types\/page"}],"author":[{"embeddable":true,"href":"https:\/\/leaderschool.pl\/piaseczno\/wp-json\/wp\/v2\/users\/3"}],"replies":[{"embeddable":true,"href":"https:\/\/leaderschool.pl\/piaseczno\/wp-json\/wp\/v2\/comments?post=2612"}],"version-history":[{"count":2,"href":"https:\/\/leaderschool.pl\/piaseczno\/wp-json\/wp\/v2\/pages\/2612\/revisions"}],"predecessor-version":[{"id":2640,"href":"https:\/\/leaderschool.pl\/piaseczno\/wp-json\/wp\/v2\/pages\/2612\/revisions\/2640"}],"wp:attachment":[{"href":"https:\/\/leaderschool.pl\/piaseczno\/wp-json\/wp\/v2\/media?parent=2612"}],"curies":[{"name":"wp","href":"https:\/\/api.w.org\/{rel}","templated":true}]}}