{"id":2610,"date":"2022-07-24T15:25:49","date_gmt":"2022-07-24T13:25:49","guid":{"rendered":"https:\/\/leaderschool.sellision.dev\/piaseczno\/?page_id=2610"},"modified":"2022-07-29T17:53:22","modified_gmt":"2022-07-29T15:53:22","slug":"matura-jezyk-angielski","status":"publish","type":"page","link":"https:\/\/leaderschool.pl\/piaseczno\/matura-jezyk-angielski\/","title":{"rendered":"Kursy maturalne j. angielski"},"content":{"rendered":"\n<p>Leader School Piaseczno prowadzi kurs maturalny, na kt\u00f3rym przygotujesz si\u0119 solidnie do egzaminu maturalnego na poziomie podstawowym lub rozszerzonym z j\u0119zyka angielskiego.<br>Zaj\u0119cia prowadz\u0105 nauczyciele z co najmniej kilkuletnim do\u015bwiadczeniem w nauczaniu i przygotowaniu do egzaminu dojrza\u0142o\u015bci, posiadaj\u0105 uprawnienia egzaminator\u00f3w maturalnych.<\/p>\n\n\n\n<h2>J\u0118ZYK ANGIELSKI<\/h2>\n\n\n\n<ul><li>Przed rozpocz\u0119ciem kursu spotkasz si\u0119 z konsultantem j\u0119zykowym, kt\u00f3ry oceni Tw\u00f3j poziom wiedzy oraz dobierze najodpowiedniejsz\u0105 strategi\u0119 przygotowania do egzaminu<\/li><li>Na bie\u017c\u0105co b\u0119dziesz uzyskiwa\u0107 informacje o efektach swojej pracy<\/li><li>Masz mo\u017cliwo\u015b\u0107 skorzystania z dodatkowych, bezp\u0142atnych konsultacji z lektorem<\/li><li>Wyj\u0105tkowa organizacja kursu pozwoli Ci zintensyfikowa\u0107 nauk\u0119 przed egzaminem<\/li><\/ul>\n\n\n\n<h2>Program kursu maturalnego z j\u0119zyka angielskiego obejmuje powt\u00f3rzenie materia\u0142u obowi\u0105zuj\u0105cego na egzaminie. Z nami poznasz i powt\u00f3rzysz:<\/h2>\n\n\n\n<ul><li>s\u0142ownictwo zebrane w 15 dzia\u0142\u00f3w tematycznych<\/li><li>techniki usprawniaj\u0105ce rozumienie tekstu s\u0142uchanego i czytanego (rozwi\u0105zywanie zada\u0144 typu prawda\/fa\u0142sz, test\u00f3w wielokrotnego wyboru, dobieranie nag\u0142\u00f3wk\u00f3w lub os\u00f3b do wypowiedzi)<\/li><li>wszystkie formy pisemne wymagane na maturze (formy kr\u00f3tkie: poczt\u00f3wka, ankieta, wiadomo\u015b\u0107, instrukcja, og\u0142oszenie; formy d\u0142ugie: listy formalne i nieformalne oraz rozprawki, recenzje, opowiadania i opisy)<\/li><\/ul>\n\n\n\n<h2>Przestaniesz w ko\u0144cu ba\u0107 si\u0119 cz\u0119\u015bci ustnej, poniewa\u017c nauczymy Ci\u0119:<\/h2>\n\n\n\n<ul><li>panowa\u0107 nad sp\u00f3jno\u015bci\u0105 wypowiedzi<\/li><li>skupia\u0107 uwag\u0119 na najwa\u017cniejszych aspektach opisu zdj\u0119cia<\/li><li>reagowa\u0107 poprawnie na pytania<\/li><li>radzi\u0107 sobie z przekazem informacji w ka\u017cdym z trzech typ\u00f3w rozm\u00f3w sterowanych<\/li><\/ul>\n","protected":false},"excerpt":{"rendered":"<p>Leader School Piaseczno prowadzi kurs maturalny, na kt\u00f3rym przygotujesz si\u0119 solidnie do egzaminu maturalnego na poziomie podstawowym lub rozszerzonym z j\u0119zyka angielskiego.Zaj\u0119cia prowadz\u0105 nauczyciele z co najmniej kilkuletnim do\u015bwiadczeniem w nauczaniu i przygotowaniu do egzaminu dojrza\u0142o\u015bci, posiadaj\u0105 uprawnienia egzaminator\u00f3w maturalnych. J\u0118ZYK ANGIELSKI Przed rozpocz\u0119ciem kursu spotkasz si\u0119 z konsultantem j\u0119zykowym, kt\u00f3ry oceni Tw\u00f3j poziom wiedzy [&hellip;]<\/p>\n","protected":false},"author":3,"featured_media":0,"parent":0,"menu_order":0,"comment_status":"closed","ping_status":"closed","template":"","meta":{"ngg_post_thumbnail":0},"acf":[],"yoast_head":"<!-- This site is optimized with the Yoast SEO plugin v18.9 - https:\/\/yoast.com\/wordpress\/plugins\/seo\/ -->\n<title>Kursy maturalne j. angielski w Piasecznie - Leader School<\/title>\n<meta name=\"robots\" content=\"index, follow, max-snippet:-1, max-image-preview:large, max-video-preview:-1\" \/>\n<link rel=\"canonical\" href=\"https:\/\/leaderschool.pl\/piaseczno\/matura-jezyk-angielski\/\" \/>\n<meta property=\"og:locale\" content=\"pl_PL\" \/>\n<meta property=\"og:type\" content=\"article\" \/>\n<meta property=\"og:title\" content=\"Kursy maturalne j. angielski w Piasecznie - Leader School\" \/>\n<meta property=\"og:description\" content=\"Leader School Piaseczno prowadzi kurs maturalny, na kt\u00f3rym przygotujesz si\u0119 solidnie do egzaminu maturalnego na poziomie podstawowym lub rozszerzonym z j\u0119zyka angielskiego.Zaj\u0119cia prowadz\u0105 nauczyciele z co najmniej kilkuletnim do\u015bwiadczeniem w nauczaniu i przygotowaniu do egzaminu dojrza\u0142o\u015bci, posiadaj\u0105 uprawnienia egzaminator\u00f3w maturalnych. J\u0118ZYK ANGIELSKI Przed rozpocz\u0119ciem kursu spotkasz si\u0119 z konsultantem j\u0119zykowym, kt\u00f3ry oceni Tw\u00f3j poziom wiedzy [&hellip;]\" \/>\n<meta property=\"og:url\" content=\"https:\/\/leaderschool.pl\/piaseczno\/matura-jezyk-angielski\/\" \/>\n<meta property=\"og:site_name\" content=\"w Piasecznie - Leader School\" \/>\n<meta property=\"article:modified_time\" content=\"2022-07-29T15:53:22+00:00\" \/>\n<meta name=\"twitter:card\" content=\"summary_large_image\" \/>\n<meta name=\"twitter:label1\" content=\"Szacowany czas czytania\" \/>\n\t<meta name=\"twitter:data1\" content=\"2 minuty\" \/>\n<script type=\"application\/ld+json\" class=\"yoast-schema-graph\">{\"@context\":\"https:\/\/schema.org\",\"@graph\":[{\"@type\":\"WebSite\",\"@id\":\"https:\/\/leaderschool.pl\/piaseczno\/#website\",\"url\":\"https:\/\/leaderschool.pl\/piaseczno\/\",\"name\":\"w Piasecznie - Leader School\",\"description\":\"\",\"potentialAction\":[{\"@type\":\"SearchAction\",\"target\":{\"@type\":\"EntryPoint\",\"urlTemplate\":\"https:\/\/leaderschool.pl\/piaseczno\/?s={search_term_string}\"},\"query-input\":\"required name=search_term_string\"}],\"inLanguage\":\"pl-PL\"},{\"@type\":\"WebPage\",\"@id\":\"https:\/\/leaderschool.pl\/piaseczno\/matura-jezyk-angielski\/#webpage\",\"url\":\"https:\/\/leaderschool.pl\/piaseczno\/matura-jezyk-angielski\/\",\"name\":\"Kursy maturalne j. angielski w Piasecznie - Leader School\",\"isPartOf\":{\"@id\":\"https:\/\/leaderschool.pl\/piaseczno\/#website\"},\"datePublished\":\"2022-07-24T13:25:49+00:00\",\"dateModified\":\"2022-07-29T15:53:22+00:00\",\"breadcrumb\":{\"@id\":\"https:\/\/leaderschool.pl\/piaseczno\/matura-jezyk-angielski\/#breadcrumb\"},\"inLanguage\":\"pl-PL\",\"potentialAction\":[{\"@type\":\"ReadAction\",\"target\":[\"https:\/\/leaderschool.pl\/piaseczno\/matura-jezyk-angielski\/\"]}]},{\"@type\":\"BreadcrumbList\",\"@id\":\"https:\/\/leaderschool.pl\/piaseczno\/matura-jezyk-angielski\/#breadcrumb\",\"itemListElement\":[{\"@type\":\"ListItem\",\"position\":1,\"name\":\"Home\",\"item\":\"https:\/\/leaderschool.pl\/piaseczno\/\"},{\"@type\":\"ListItem\",\"position\":2,\"name\":\"Kursy maturalne j. angielski\"}]}]}<\/script>\n<!-- \/ Yoast SEO plugin. -->","yoast_head_json":{"title":"Kursy maturalne j. angielski w Piasecznie - Leader School","robots":{"index":"index","follow":"follow","max-snippet":"max-snippet:-1","max-image-preview":"max-image-preview:large","max-video-preview":"max-video-preview:-1"},"canonical":"https:\/\/leaderschool.pl\/piaseczno\/matura-jezyk-angielski\/","og_locale":"pl_PL","og_type":"article","og_title":"Kursy maturalne j. angielski w Piasecznie - Leader School","og_description":"Leader School Piaseczno prowadzi kurs maturalny, na kt\u00f3rym przygotujesz si\u0119 solidnie do egzaminu maturalnego na poziomie podstawowym lub rozszerzonym z j\u0119zyka angielskiego.Zaj\u0119cia prowadz\u0105 nauczyciele z co najmniej kilkuletnim do\u015bwiadczeniem w nauczaniu i przygotowaniu do egzaminu dojrza\u0142o\u015bci, posiadaj\u0105 uprawnienia egzaminator\u00f3w maturalnych. J\u0118ZYK ANGIELSKI Przed rozpocz\u0119ciem kursu spotkasz si\u0119 z konsultantem j\u0119zykowym, kt\u00f3ry oceni Tw\u00f3j poziom wiedzy [&hellip;]","og_url":"https:\/\/leaderschool.pl\/piaseczno\/matura-jezyk-angielski\/","og_site_name":"w Piasecznie - Leader School","article_modified_time":"2022-07-29T15:53:22+00:00","twitter_card":"summary_large_image","twitter_misc":{"Szacowany czas czytania":"2 minuty"},"schema":{"@context":"https:\/\/schema.org","@graph":[{"@type":"WebSite","@id":"https:\/\/leaderschool.pl\/piaseczno\/#website","url":"https:\/\/leaderschool.pl\/piaseczno\/","name":"w Piasecznie - Leader School","description":"","potentialAction":[{"@type":"SearchAction","target":{"@type":"EntryPoint","urlTemplate":"https:\/\/leaderschool.pl\/piaseczno\/?s={search_term_string}"},"query-input":"required name=search_term_string"}],"inLanguage":"pl-PL"},{"@type":"WebPage","@id":"https:\/\/leaderschool.pl\/piaseczno\/matura-jezyk-angielski\/#webpage","url":"https:\/\/leaderschool.pl\/piaseczno\/matura-jezyk-angielski\/","name":"Kursy maturalne j. angielski w Piasecznie - Leader School","isPartOf":{"@id":"https:\/\/leaderschool.pl\/piaseczno\/#website"},"datePublished":"2022-07-24T13:25:49+00:00","dateModified":"2022-07-29T15:53:22+00:00","breadcrumb":{"@id":"https:\/\/leaderschool.pl\/piaseczno\/matura-jezyk-angielski\/#breadcrumb"},"inLanguage":"pl-PL","potentialAction":[{"@type":"ReadAction","target":["https:\/\/leaderschool.pl\/piaseczno\/matura-jezyk-angielski\/"]}]},{"@type":"BreadcrumbList","@id":"https:\/\/leaderschool.pl\/piaseczno\/matura-jezyk-angielski\/#breadcrumb","itemListElement":[{"@type":"ListItem","position":1,"name":"Home","item":"https:\/\/leaderschool.pl\/piaseczno\/"},{"@type":"ListItem","position":2,"name":"Kursy maturalne j. angielski"}]}]}},"_links":{"self":[{"href":"https:\/\/leaderschool.pl\/piaseczno\/wp-json\/wp\/v2\/pages\/2610"}],"collection":[{"href":"https:\/\/leaderschool.pl\/piaseczno\/wp-json\/wp\/v2\/pages"}],"about":[{"href":"https:\/\/leaderschool.pl\/piaseczno\/wp-json\/wp\/v2\/types\/page"}],"author":[{"embeddable":true,"href":"https:\/\/leaderschool.pl\/piaseczno\/wp-json\/wp\/v2\/users\/3"}],"replies":[{"embeddable":true,"href":"https:\/\/leaderschool.pl\/piaseczno\/wp-json\/wp\/v2\/comments?post=2610"}],"version-history":[{"count":2,"href":"https:\/\/leaderschool.pl\/piaseczno\/wp-json\/wp\/v2\/pages\/2610\/revisions"}],"predecessor-version":[{"id":2638,"href":"https:\/\/leaderschool.pl\/piaseczno\/wp-json\/wp\/v2\/pages\/2610\/revisions\/2638"}],"wp:attachment":[{"href":"https:\/\/leaderschool.pl\/piaseczno\/wp-json\/wp\/v2\/media?parent=2610"}],"curies":[{"name":"wp","href":"https:\/\/api.w.org\/{rel}","templated":true}]}}