{"id":2608,"date":"2022-07-24T15:21:57","date_gmt":"2022-07-24T13:21:57","guid":{"rendered":"https:\/\/leaderschool.sellision.dev\/piaseczno\/?page_id=2608"},"modified":"2022-07-29T17:52:43","modified_gmt":"2022-07-29T15:52:43","slug":"indywidualne-kursy-jezykow-obcych","status":"publish","type":"page","link":"https:\/\/leaderschool.pl\/piaseczno\/indywidualne-kursy-jezykow-obcych\/","title":{"rendered":"Indywidualne kursy j\u0119zyk\u00f3w obcych"},"content":{"rendered":"\n<ul><li>Potrzebujesz programu skrojonego na miar\u0119 swoich potrzeb?<\/li><li>Chcia\u0142by\u015b na bie\u017c\u0105co modyfikowa\u0107 kierunek zaj\u0119\u0107?<\/li><li>Pracujesz w r\u00f3\u017cnych godzinach i nie mo\u017cesz ucz\u0119szcza\u0107 na zaj\u0119cia o sta\u0142ych porach?<\/li><li>Chcesz dostosowa\u0107 cz\u0119stotliwo\u015b\u0107 zaj\u0119\u0107 do swojej aktualnej sytuacji?<\/li><\/ul>\n\n\n\n<p>Je\u015bli na kt\u00f3re\u015b z pyta\u0144 odpowiedzia\u0142e\u015b twierdz\u0105co, skorzystaj z oferty kurs\u00f3w indywidualnych w Leader School Piaseczno.<br>Ofert\u0119 kierujemy r\u00f3wnie\u017c do tych, kt\u00f3rzy chcieliby uczy\u0107 si\u0119 w ma\u0142ych grupach \u2013 od 2 do 3 os\u00f3b.<br>Cennik zaj\u0119\u0107 jest dost\u0119pny w zak\u0142adce cennik oraz bezpo\u015brednio w sekretariacie szko\u0142y \u2013 nauka w ma\u0142ej grupie jest du\u017co ta\u0144sza ni\u017c solo!<\/p>\n\n\n\n<p>Zapraszamy na lekcje indywidualne z dowolnego j\u0119zyka:<br>-angielskiego,<br>-niemieckiego,<br>-francuskiego,<br>-w\u0142oskiego,<br>-hiszpa\u0144skiego,<br>-rosyjskiego.<\/p>\n\n\n\n<p>Zaj\u0119cia prowadzone s\u0105 przez wykwalifikowanych lektor\u00f3w, kt\u00f3rzy potrafi\u0105 stworzy\u0107 na zaj\u0119ciach mi\u0142\u0105, sprzyjaj\u0105c\u0105 nauce atmosfer\u0119.<br>Indywidualne kursy j\u0119zyk\u00f3w obcych Piaseczno.<\/p>\n\n\n\n<ul><li>Przyjd\u017a lub zadzwo\u0144 22 404 88 08 \u2013 podaj swoje preferencje a my skroimy zaj\u0119cia na Twoja miar\u0119.<\/li><\/ul>\n","protected":false},"excerpt":{"rendered":"<p>Potrzebujesz programu skrojonego na miar\u0119 swoich potrzeb? Chcia\u0142by\u015b na bie\u017c\u0105co modyfikowa\u0107 kierunek zaj\u0119\u0107? Pracujesz w r\u00f3\u017cnych godzinach i nie mo\u017cesz ucz\u0119szcza\u0107 na zaj\u0119cia o sta\u0142ych porach? Chcesz dostosowa\u0107 cz\u0119stotliwo\u015b\u0107 zaj\u0119\u0107 do swojej aktualnej sytuacji? Je\u015bli na kt\u00f3re\u015b z pyta\u0144 odpowiedzia\u0142e\u015b twierdz\u0105co, skorzystaj z oferty kurs\u00f3w indywidualnych w Leader School Piaseczno.Ofert\u0119 kierujemy r\u00f3wnie\u017c do tych, kt\u00f3rzy [&hellip;]<\/p>\n","protected":false},"author":3,"featured_media":0,"parent":0,"menu_order":0,"comment_status":"closed","ping_status":"closed","template":"","meta":{"ngg_post_thumbnail":0},"acf":[],"yoast_head":"<!-- This site is optimized with the Yoast SEO plugin v18.9 - https:\/\/yoast.com\/wordpress\/plugins\/seo\/ -->\n<title>Indywidualne kursy j\u0119zyk\u00f3w obcych w Piasecznie - Leader School<\/title>\n<meta name=\"robots\" content=\"index, follow, max-snippet:-1, max-image-preview:large, max-video-preview:-1\" \/>\n<link rel=\"canonical\" href=\"https:\/\/leaderschool.pl\/piaseczno\/indywidualne-kursy-jezykow-obcych\/\" \/>\n<meta property=\"og:locale\" content=\"pl_PL\" \/>\n<meta property=\"og:type\" content=\"article\" \/>\n<meta property=\"og:title\" content=\"Indywidualne kursy j\u0119zyk\u00f3w obcych w Piasecznie - Leader School\" \/>\n<meta property=\"og:description\" content=\"Potrzebujesz programu skrojonego na miar\u0119 swoich potrzeb? Chcia\u0142by\u015b na bie\u017c\u0105co modyfikowa\u0107 kierunek zaj\u0119\u0107? Pracujesz w r\u00f3\u017cnych godzinach i nie mo\u017cesz ucz\u0119szcza\u0107 na zaj\u0119cia o sta\u0142ych porach? Chcesz dostosowa\u0107 cz\u0119stotliwo\u015b\u0107 zaj\u0119\u0107 do swojej aktualnej sytuacji? Je\u015bli na kt\u00f3re\u015b z pyta\u0144 odpowiedzia\u0142e\u015b twierdz\u0105co, skorzystaj z oferty kurs\u00f3w indywidualnych w Leader School Piaseczno.Ofert\u0119 kierujemy r\u00f3wnie\u017c do tych, kt\u00f3rzy [&hellip;]\" \/>\n<meta property=\"og:url\" content=\"https:\/\/leaderschool.pl\/piaseczno\/indywidualne-kursy-jezykow-obcych\/\" \/>\n<meta property=\"og:site_name\" content=\"w Piasecznie - Leader School\" \/>\n<meta property=\"article:modified_time\" content=\"2022-07-29T15:52:43+00:00\" \/>\n<meta name=\"twitter:card\" content=\"summary_large_image\" \/>\n<meta name=\"twitter:label1\" content=\"Szacowany czas czytania\" \/>\n\t<meta name=\"twitter:data1\" content=\"1 minuta\" \/>\n<script type=\"application\/ld+json\" class=\"yoast-schema-graph\">{\"@context\":\"https:\/\/schema.org\",\"@graph\":[{\"@type\":\"WebSite\",\"@id\":\"https:\/\/leaderschool.pl\/piaseczno\/#website\",\"url\":\"https:\/\/leaderschool.pl\/piaseczno\/\",\"name\":\"w Piasecznie - Leader School\",\"description\":\"\",\"potentialAction\":[{\"@type\":\"SearchAction\",\"target\":{\"@type\":\"EntryPoint\",\"urlTemplate\":\"https:\/\/leaderschool.pl\/piaseczno\/?s={search_term_string}\"},\"query-input\":\"required name=search_term_string\"}],\"inLanguage\":\"pl-PL\"},{\"@type\":\"WebPage\",\"@id\":\"https:\/\/leaderschool.pl\/piaseczno\/indywidualne-kursy-jezykow-obcych\/#webpage\",\"url\":\"https:\/\/leaderschool.pl\/piaseczno\/indywidualne-kursy-jezykow-obcych\/\",\"name\":\"Indywidualne kursy j\u0119zyk\u00f3w obcych w Piasecznie - Leader School\",\"isPartOf\":{\"@id\":\"https:\/\/leaderschool.pl\/piaseczno\/#website\"},\"datePublished\":\"2022-07-24T13:21:57+00:00\",\"dateModified\":\"2022-07-29T15:52:43+00:00\",\"breadcrumb\":{\"@id\":\"https:\/\/leaderschool.pl\/piaseczno\/indywidualne-kursy-jezykow-obcych\/#breadcrumb\"},\"inLanguage\":\"pl-PL\",\"potentialAction\":[{\"@type\":\"ReadAction\",\"target\":[\"https:\/\/leaderschool.pl\/piaseczno\/indywidualne-kursy-jezykow-obcych\/\"]}]},{\"@type\":\"BreadcrumbList\",\"@id\":\"https:\/\/leaderschool.pl\/piaseczno\/indywidualne-kursy-jezykow-obcych\/#breadcrumb\",\"itemListElement\":[{\"@type\":\"ListItem\",\"position\":1,\"name\":\"Home\",\"item\":\"https:\/\/leaderschool.pl\/piaseczno\/\"},{\"@type\":\"ListItem\",\"position\":2,\"name\":\"Indywidualne kursy j\u0119zyk\u00f3w obcych\"}]}]}<\/script>\n<!-- \/ Yoast SEO plugin. -->","yoast_head_json":{"title":"Indywidualne kursy j\u0119zyk\u00f3w obcych w Piasecznie - Leader School","robots":{"index":"index","follow":"follow","max-snippet":"max-snippet:-1","max-image-preview":"max-image-preview:large","max-video-preview":"max-video-preview:-1"},"canonical":"https:\/\/leaderschool.pl\/piaseczno\/indywidualne-kursy-jezykow-obcych\/","og_locale":"pl_PL","og_type":"article","og_title":"Indywidualne kursy j\u0119zyk\u00f3w obcych w Piasecznie - Leader School","og_description":"Potrzebujesz programu skrojonego na miar\u0119 swoich potrzeb? Chcia\u0142by\u015b na bie\u017c\u0105co modyfikowa\u0107 kierunek zaj\u0119\u0107? Pracujesz w r\u00f3\u017cnych godzinach i nie mo\u017cesz ucz\u0119szcza\u0107 na zaj\u0119cia o sta\u0142ych porach? Chcesz dostosowa\u0107 cz\u0119stotliwo\u015b\u0107 zaj\u0119\u0107 do swojej aktualnej sytuacji? Je\u015bli na kt\u00f3re\u015b z pyta\u0144 odpowiedzia\u0142e\u015b twierdz\u0105co, skorzystaj z oferty kurs\u00f3w indywidualnych w Leader School Piaseczno.Ofert\u0119 kierujemy r\u00f3wnie\u017c do tych, kt\u00f3rzy [&hellip;]","og_url":"https:\/\/leaderschool.pl\/piaseczno\/indywidualne-kursy-jezykow-obcych\/","og_site_name":"w Piasecznie - Leader School","article_modified_time":"2022-07-29T15:52:43+00:00","twitter_card":"summary_large_image","twitter_misc":{"Szacowany czas czytania":"1 minuta"},"schema":{"@context":"https:\/\/schema.org","@graph":[{"@type":"WebSite","@id":"https:\/\/leaderschool.pl\/piaseczno\/#website","url":"https:\/\/leaderschool.pl\/piaseczno\/","name":"w Piasecznie - Leader School","description":"","potentialAction":[{"@type":"SearchAction","target":{"@type":"EntryPoint","urlTemplate":"https:\/\/leaderschool.pl\/piaseczno\/?s={search_term_string}"},"query-input":"required name=search_term_string"}],"inLanguage":"pl-PL"},{"@type":"WebPage","@id":"https:\/\/leaderschool.pl\/piaseczno\/indywidualne-kursy-jezykow-obcych\/#webpage","url":"https:\/\/leaderschool.pl\/piaseczno\/indywidualne-kursy-jezykow-obcych\/","name":"Indywidualne kursy j\u0119zyk\u00f3w obcych w Piasecznie - Leader School","isPartOf":{"@id":"https:\/\/leaderschool.pl\/piaseczno\/#website"},"datePublished":"2022-07-24T13:21:57+00:00","dateModified":"2022-07-29T15:52:43+00:00","breadcrumb":{"@id":"https:\/\/leaderschool.pl\/piaseczno\/indywidualne-kursy-jezykow-obcych\/#breadcrumb"},"inLanguage":"pl-PL","potentialAction":[{"@type":"ReadAction","target":["https:\/\/leaderschool.pl\/piaseczno\/indywidualne-kursy-jezykow-obcych\/"]}]},{"@type":"BreadcrumbList","@id":"https:\/\/leaderschool.pl\/piaseczno\/indywidualne-kursy-jezykow-obcych\/#breadcrumb","itemListElement":[{"@type":"ListItem","position":1,"name":"Home","item":"https:\/\/leaderschool.pl\/piaseczno\/"},{"@type":"ListItem","position":2,"name":"Indywidualne kursy j\u0119zyk\u00f3w obcych"}]}]}},"_links":{"self":[{"href":"https:\/\/leaderschool.pl\/piaseczno\/wp-json\/wp\/v2\/pages\/2608"}],"collection":[{"href":"https:\/\/leaderschool.pl\/piaseczno\/wp-json\/wp\/v2\/pages"}],"about":[{"href":"https:\/\/leaderschool.pl\/piaseczno\/wp-json\/wp\/v2\/types\/page"}],"author":[{"embeddable":true,"href":"https:\/\/leaderschool.pl\/piaseczno\/wp-json\/wp\/v2\/users\/3"}],"replies":[{"embeddable":true,"href":"https:\/\/leaderschool.pl\/piaseczno\/wp-json\/wp\/v2\/comments?post=2608"}],"version-history":[{"count":2,"href":"https:\/\/leaderschool.pl\/piaseczno\/wp-json\/wp\/v2\/pages\/2608\/revisions"}],"predecessor-version":[{"id":2634,"href":"https:\/\/leaderschool.pl\/piaseczno\/wp-json\/wp\/v2\/pages\/2608\/revisions\/2634"}],"wp:attachment":[{"href":"https:\/\/leaderschool.pl\/piaseczno\/wp-json\/wp\/v2\/media?parent=2608"}],"curies":[{"name":"wp","href":"https:\/\/api.w.org\/{rel}","templated":true}]}}